{"id":29880,"date":"2022-06-28T15:09:51","date_gmt":"2022-06-28T14:09:51","guid":{"rendered":"https:\/\/quadalkatreszek.com\/product\/kormanykapcsolo-7\/"},"modified":"2026-03-15T07:09:13","modified_gmt":"2026-03-15T06:09:13","slug":"robogo-kormanykapcsolo","status":"publish","type":"product","link":"http:\/\/quadalkatreszek.com\/en\/product\/robogo-kormanykapcsolo\/","title":{"rendered":"K\u00ednai robog\u00f3 korm\u00e1nykapcsol\u00f3"},"content":{"rendered":"<p>K\u00ednai robog\u00f3 korm\u00e1nykapcsol\u00f3.<\/p>\n<p>Robog\u00f3 korm\u00e1nykapcsol\u00f3, jobb oldali.<\/p>","protected":false},"excerpt":{"rendered":"<p>K\u00ednai robog\u00f3 korm\u00e1nykapcsol\u00f3.<\/p>\n<p>Robog\u00f3 korm\u00e1nykapcsol\u00f3, jobb oldali.<\/p>","protected":false},"featured_media":26556,"comment_status":"open","ping_status":"closed","template":"","meta":[],"product_brand":[],"product_cat":[127],"product_tag":[],"class_list":{"0":"post-29880","1":"product","2":"type-product","3":"status-publish","4":"has-post-thumbnail","6":"product_cat-robogo-alkatreszek","8":"first","9":"instock","10":"shipping-taxable","11":"purchasable","12":"product-type-simple"},"yoast_head":"<!-- This site is optimized with the Yoast SEO plugin v27.3 - https:\/\/yoast.com\/product\/yoast-seo-wordpress\/ -->\n<title>K\u00ednai robog\u00f3 korm\u00e1nykapcsol\u00f3 - quadalkatreszek.com<\/title>\n<meta name=\"description\" content=\"K\u00ednai robog\u00f3 korm\u00e1nykapcsol\u00f3. Robog\u00f3 korm\u00e1nykapcsol\u00f3, jobb oldali. Ak\u00e1r 24-48 \u00f3r\u00e1n bel\u00fcli h\u00e1zhoz sz\u00e1ll\u00edt\u00e1ssal.Meglep\u0151en alacsony \u00e1rak!\" \/>\n<meta name=\"robots\" content=\"index, follow, max-snippet:-1, max-image-preview:large, max-video-preview:-1\" \/>\n<link rel=\"canonical\" href=\"https:\/\/quadalkatreszek.com\/en\/product\/robogo-kormanykapcsolo\/\" \/>\n<meta property=\"og:locale\" content=\"en_US\" \/>\n<meta property=\"og:type\" content=\"article\" \/>\n<meta property=\"og:title\" content=\"K\u00ednai robog\u00f3 korm\u00e1nykapcsol\u00f3 - quadalkatreszek.com\" \/>\n<meta property=\"og:description\" content=\"K\u00ednai robog\u00f3 korm\u00e1nykapcsol\u00f3. Robog\u00f3 korm\u00e1nykapcsol\u00f3, jobb oldali. Ak\u00e1r 24-48 \u00f3r\u00e1n bel\u00fcli h\u00e1zhoz sz\u00e1ll\u00edt\u00e1ssal.Meglep\u0151en alacsony \u00e1rak!\" \/>\n<meta property=\"og:url\" content=\"https:\/\/quadalkatreszek.com\/en\/product\/robogo-kormanykapcsolo\/\" \/>\n<meta property=\"og:site_name\" content=\"quadalkatreszek.com\" \/>\n<meta property=\"article:modified_time\" content=\"2026-03-15T06:09:13+00:00\" \/>\n<meta property=\"og:image\" content=\"https:\/\/quadalkatreszek.com\/wp-content\/uploads\/2022\/06\/4035-kormanykapcsolo.jpg\" \/>\n\t<meta property=\"og:image:width\" content=\"500\" \/>\n\t<meta property=\"og:image:height\" content=\"375\" \/>\n\t<meta property=\"og:image:type\" content=\"image\/jpeg\" \/>\n<meta name=\"twitter:card\" content=\"summary_large_image\" \/>\n<script type=\"application\/ld+json\" class=\"yoast-schema-graph\">{\"@context\":\"https:\\\/\\\/schema.org\",\"@graph\":[{\"@type\":\"WebPage\",\"@id\":\"https:\\\/\\\/quadalkatreszek.com\\\/product\\\/robogo-kormanykapcsolo\\\/\",\"url\":\"https:\\\/\\\/quadalkatreszek.com\\\/product\\\/robogo-kormanykapcsolo\\\/\",\"name\":\"K\u00ednai robog\u00f3 korm\u00e1nykapcsol\u00f3 - quadalkatreszek.com\",\"isPartOf\":{\"@id\":\"https:\\\/\\\/quadalkatreszek.com\\\/#website\"},\"primaryImageOfPage\":{\"@id\":\"https:\\\/\\\/quadalkatreszek.com\\\/product\\\/robogo-kormanykapcsolo\\\/#primaryimage\"},\"image\":{\"@id\":\"https:\\\/\\\/quadalkatreszek.com\\\/product\\\/robogo-kormanykapcsolo\\\/#primaryimage\"},\"thumbnailUrl\":\"https:\\\/\\\/quadalkatreszek.com\\\/wp-content\\\/uploads\\\/2022\\\/06\\\/4035-kormanykapcsolo.jpg\",\"datePublished\":\"2022-06-28T14:09:51+00:00\",\"dateModified\":\"2026-03-15T06:09:13+00:00\",\"description\":\"K\u00ednai robog\u00f3 korm\u00e1nykapcsol\u00f3. Robog\u00f3 korm\u00e1nykapcsol\u00f3, jobb oldali. Ak\u00e1r 24-48 \u00f3r\u00e1n bel\u00fcli h\u00e1zhoz sz\u00e1ll\u00edt\u00e1ssal.Meglep\u0151en alacsony \u00e1rak!\",\"breadcrumb\":{\"@id\":\"https:\\\/\\\/quadalkatreszek.com\\\/product\\\/robogo-kormanykapcsolo\\\/#breadcrumb\"},\"inLanguage\":\"en-US\",\"potentialAction\":[{\"@type\":\"ReadAction\",\"target\":[\"https:\\\/\\\/quadalkatreszek.com\\\/product\\\/robogo-kormanykapcsolo\\\/\"]}]},{\"@type\":\"ImageObject\",\"inLanguage\":\"en-US\",\"@id\":\"https:\\\/\\\/quadalkatreszek.com\\\/product\\\/robogo-kormanykapcsolo\\\/#primaryimage\",\"url\":\"https:\\\/\\\/quadalkatreszek.com\\\/wp-content\\\/uploads\\\/2022\\\/06\\\/4035-kormanykapcsolo.jpg\",\"contentUrl\":\"https:\\\/\\\/quadalkatreszek.com\\\/wp-content\\\/uploads\\\/2022\\\/06\\\/4035-kormanykapcsolo.jpg\",\"width\":500,\"height\":375,\"caption\":\"Robog\u00f3 korm\u00e1nykapcsol\u00f3\"},{\"@type\":\"BreadcrumbList\",\"@id\":\"https:\\\/\\\/quadalkatreszek.com\\\/product\\\/robogo-kormanykapcsolo\\\/#breadcrumb\",\"itemListElement\":[{\"@type\":\"ListItem\",\"position\":1,\"name\":\"Kezd\u0151lap\",\"item\":\"https:\\\/\\\/quadalkatreszek.com\\\/\"},{\"@type\":\"ListItem\",\"position\":2,\"name\":\"Shop\",\"item\":\"https:\\\/\\\/quadalkatreszek.com\\\/shop\\\/\"},{\"@type\":\"ListItem\",\"position\":3,\"name\":\"K\u00ednai robog\u00f3 korm\u00e1nykapcsol\u00f3\"}]},{\"@type\":\"WebSite\",\"@id\":\"https:\\\/\\\/quadalkatreszek.com\\\/#website\",\"url\":\"https:\\\/\\\/quadalkatreszek.com\\\/\",\"name\":\"quadalkatreszek.com\",\"description\":\"alkatr\u00e9szek - azonnal - rakt\u00e1rr\u00f3l\",\"publisher\":{\"@id\":\"https:\\\/\\\/quadalkatreszek.com\\\/#organization\"},\"potentialAction\":[{\"@type\":\"SearchAction\",\"target\":{\"@type\":\"EntryPoint\",\"urlTemplate\":\"https:\\\/\\\/quadalkatreszek.com\\\/?s={search_term_string}\"},\"query-input\":{\"@type\":\"PropertyValueSpecification\",\"valueRequired\":true,\"valueName\":\"search_term_string\"}}],\"inLanguage\":\"en-US\"},{\"@type\":\"Organization\",\"@id\":\"https:\\\/\\\/quadalkatreszek.com\\\/#organization\",\"name\":\"quadalkatreszek.com\",\"url\":\"https:\\\/\\\/quadalkatreszek.com\\\/\",\"logo\":{\"@type\":\"ImageObject\",\"inLanguage\":\"en-US\",\"@id\":\"https:\\\/\\\/quadalkatreszek.com\\\/#\\\/schema\\\/logo\\\/image\\\/\",\"url\":\"https:\\\/\\\/quadalkatreszek.com\\\/wp-content\\\/uploads\\\/2023\\\/01\\\/korlogo-2.png\",\"contentUrl\":\"https:\\\/\\\/quadalkatreszek.com\\\/wp-content\\\/uploads\\\/2023\\\/01\\\/korlogo-2.png\",\"width\":866,\"height\":866,\"caption\":\"quadalkatreszek.com\"},\"image\":{\"@id\":\"https:\\\/\\\/quadalkatreszek.com\\\/#\\\/schema\\\/logo\\\/image\\\/\"}}]}<\/script>\n<!-- \/ Yoast SEO plugin. -->","yoast_head_json":{"title":"K\u00ednai robog\u00f3 korm\u00e1nykapcsol\u00f3 - quadalkatreszek.com","description":"K\u00ednai robog\u00f3 korm\u00e1nykapcsol\u00f3. Robog\u00f3 korm\u00e1nykapcsol\u00f3, jobb oldali. Ak\u00e1r 24-48 \u00f3r\u00e1n bel\u00fcli h\u00e1zhoz sz\u00e1ll\u00edt\u00e1ssal.Meglep\u0151en alacsony \u00e1rak!","robots":{"index":"index","follow":"follow","max-snippet":"max-snippet:-1","max-image-preview":"max-image-preview:large","max-video-preview":"max-video-preview:-1"},"canonical":"https:\/\/quadalkatreszek.com\/en\/product\/robogo-kormanykapcsolo\/","og_locale":"en_US","og_type":"article","og_title":"K\u00ednai robog\u00f3 korm\u00e1nykapcsol\u00f3 - quadalkatreszek.com","og_description":"K\u00ednai robog\u00f3 korm\u00e1nykapcsol\u00f3. Robog\u00f3 korm\u00e1nykapcsol\u00f3, jobb oldali. Ak\u00e1r 24-48 \u00f3r\u00e1n bel\u00fcli h\u00e1zhoz sz\u00e1ll\u00edt\u00e1ssal.Meglep\u0151en alacsony \u00e1rak!","og_url":"https:\/\/quadalkatreszek.com\/en\/product\/robogo-kormanykapcsolo\/","og_site_name":"quadalkatreszek.com","article_modified_time":"2026-03-15T06:09:13+00:00","og_image":[{"width":500,"height":375,"url":"https:\/\/quadalkatreszek.com\/wp-content\/uploads\/2022\/06\/4035-kormanykapcsolo.jpg","type":"image\/jpeg"}],"twitter_card":"summary_large_image","schema":{"@context":"https:\/\/schema.org","@graph":[{"@type":"WebPage","@id":"https:\/\/quadalkatreszek.com\/product\/robogo-kormanykapcsolo\/","url":"https:\/\/quadalkatreszek.com\/product\/robogo-kormanykapcsolo\/","name":"K\u00ednai robog\u00f3 korm\u00e1nykapcsol\u00f3 - quadalkatreszek.com","isPartOf":{"@id":"https:\/\/quadalkatreszek.com\/#website"},"primaryImageOfPage":{"@id":"https:\/\/quadalkatreszek.com\/product\/robogo-kormanykapcsolo\/#primaryimage"},"image":{"@id":"https:\/\/quadalkatreszek.com\/product\/robogo-kormanykapcsolo\/#primaryimage"},"thumbnailUrl":"https:\/\/quadalkatreszek.com\/wp-content\/uploads\/2022\/06\/4035-kormanykapcsolo.jpg","datePublished":"2022-06-28T14:09:51+00:00","dateModified":"2026-03-15T06:09:13+00:00","description":"K\u00ednai robog\u00f3 korm\u00e1nykapcsol\u00f3. Robog\u00f3 korm\u00e1nykapcsol\u00f3, jobb oldali. Ak\u00e1r 24-48 \u00f3r\u00e1n bel\u00fcli h\u00e1zhoz sz\u00e1ll\u00edt\u00e1ssal.Meglep\u0151en alacsony \u00e1rak!","breadcrumb":{"@id":"https:\/\/quadalkatreszek.com\/product\/robogo-kormanykapcsolo\/#breadcrumb"},"inLanguage":"en-US","potentialAction":[{"@type":"ReadAction","target":["https:\/\/quadalkatreszek.com\/product\/robogo-kormanykapcsolo\/"]}]},{"@type":"ImageObject","inLanguage":"en-US","@id":"https:\/\/quadalkatreszek.com\/product\/robogo-kormanykapcsolo\/#primaryimage","url":"https:\/\/quadalkatreszek.com\/wp-content\/uploads\/2022\/06\/4035-kormanykapcsolo.jpg","contentUrl":"https:\/\/quadalkatreszek.com\/wp-content\/uploads\/2022\/06\/4035-kormanykapcsolo.jpg","width":500,"height":375,"caption":"Robog\u00f3 korm\u00e1nykapcsol\u00f3"},{"@type":"BreadcrumbList","@id":"https:\/\/quadalkatreszek.com\/product\/robogo-kormanykapcsolo\/#breadcrumb","itemListElement":[{"@type":"ListItem","position":1,"name":"Kezd\u0151lap","item":"https:\/\/quadalkatreszek.com\/"},{"@type":"ListItem","position":2,"name":"Shop","item":"https:\/\/quadalkatreszek.com\/shop\/"},{"@type":"ListItem","position":3,"name":"K\u00ednai robog\u00f3 korm\u00e1nykapcsol\u00f3"}]},{"@type":"WebSite","@id":"https:\/\/quadalkatreszek.com\/#website","url":"https:\/\/quadalkatreszek.com\/","name":"quadalkatreszek.com","description":"alkatr\u00e9szek - azonnal - rakt\u00e1rr\u00f3l","publisher":{"@id":"https:\/\/quadalkatreszek.com\/#organization"},"potentialAction":[{"@type":"SearchAction","target":{"@type":"EntryPoint","urlTemplate":"https:\/\/quadalkatreszek.com\/?s={search_term_string}"},"query-input":{"@type":"PropertyValueSpecification","valueRequired":true,"valueName":"search_term_string"}}],"inLanguage":"en-US"},{"@type":"Organization","@id":"https:\/\/quadalkatreszek.com\/#organization","name":"quadalkatreszek.com","url":"https:\/\/quadalkatreszek.com\/","logo":{"@type":"ImageObject","inLanguage":"en-US","@id":"https:\/\/quadalkatreszek.com\/#\/schema\/logo\/image\/","url":"https:\/\/quadalkatreszek.com\/wp-content\/uploads\/2023\/01\/korlogo-2.png","contentUrl":"https:\/\/quadalkatreszek.com\/wp-content\/uploads\/2023\/01\/korlogo-2.png","width":866,"height":866,"caption":"quadalkatreszek.com"},"image":{"@id":"https:\/\/quadalkatreszek.com\/#\/schema\/logo\/image\/"}}]}},"_links":{"self":[{"href":"http:\/\/quadalkatreszek.com\/en\/wp-json\/wp\/v2\/product\/29880","targetHints":{"allow":["GET"]}}],"collection":[{"href":"http:\/\/quadalkatreszek.com\/en\/wp-json\/wp\/v2\/product"}],"about":[{"href":"http:\/\/quadalkatreszek.com\/en\/wp-json\/wp\/v2\/types\/product"}],"replies":[{"embeddable":true,"href":"http:\/\/quadalkatreszek.com\/en\/wp-json\/wp\/v2\/comments?post=29880"}],"wp:featuredmedia":[{"embeddable":true,"href":"http:\/\/quadalkatreszek.com\/en\/wp-json\/wp\/v2\/media\/26556"}],"wp:attachment":[{"href":"http:\/\/quadalkatreszek.com\/en\/wp-json\/wp\/v2\/media?parent=29880"}],"wp:term":[{"taxonomy":"product_brand","embeddable":true,"href":"http:\/\/quadalkatreszek.com\/en\/wp-json\/wp\/v2\/product_brand?post=29880"},{"taxonomy":"product_cat","embeddable":true,"href":"http:\/\/quadalkatreszek.com\/en\/wp-json\/wp\/v2\/product_cat?post=29880"},{"taxonomy":"product_tag","embeddable":true,"href":"http:\/\/quadalkatreszek.com\/en\/wp-json\/wp\/v2\/product_tag?post=29880"}],"curies":[{"name":"wp","href":"https:\/\/api.w.org\/{rel}","templated":true}]}}