{"id":47,"date":"2022-07-08T11:40:19","date_gmt":"2022-07-08T10:40:19","guid":{"rendered":"https:\/\/www.quaddepo.com\/?page_id=47"},"modified":"2024-03-21T16:16:20","modified_gmt":"2024-03-21T15:16:20","slug":"informaciok-uzletszabalyzat-2","status":"publish","type":"page","link":"https:\/\/quadalkatreszek.com\/en\/informaciok-uzletszabalyzat-2\/","title":{"rendered":"Inform\u00e1ci\u00f3k &#8211; \u00fczletszab\u00e1lyzat"},"content":{"rendered":"<div class=\"boldgrid-section\">\n<div class=\"container\">\n<div class=\"row\">\n<div class=\"col-md-12 col-xs-12 col-sm-12\">\n<h1>Inform\u00e1ci\u00f3k &#8211; \u00fczletszab\u00e1lyzat<\/h1>\n<p><strong>\u00c1ruh\u00e1zunkban \u00e9rv\u00e9nyes v\u00e1s\u00e1rl\u00e1si szab\u00e1lyzatok<\/strong><\/p>\n<p>Term\u00e9keinket kateg\u00f3ri\u00e1kba soroltuk, melyeket a lap\u00a0bal oldal\u00e1n l\u00e9v\u0151 men\u00fcben \u00e9s\/vagy a &#8222;Term\u00e9kek&#8221; gombra kattintva tud megn\u00e9zni. A kateg\u00f3ri\u00e1k kiv\u00e1laszt\u00e1sa ut\u00e1n megtekintheti a kateg\u00f3ri\u00e1ban l\u00e9v\u0151 term\u00e9kek list\u00e1j\u00e1t. Az egyes term\u00e9kekr\u0151l ezut\u00e1n r\u00e9szletes inform\u00e1ci\u00f3kat, illetve tov\u00e1bbi k\u00e9peket kaphat, ha r\u00e1kattint az adott term\u00e9kre. Amennyiben egy term\u00e9k megnyerte tetsz\u00e9s\u00e9t, azt megrendelheti. V\u00e1s\u00e1rolni csak regisztr\u00e1l\u00e1s ut\u00e1n tud, de regisztr\u00e1l\u00e1s n\u00e9lk\u00fcl is megtekintheti az \u00f6sszes term\u00e9ket.<br \/>\nA regisztr\u00e1ci\u00f3 sz\u00e1mos el\u0151nnyel j\u00e1r: \u00d6nnek nem kell minden alkalommal megadnia szem\u00e9lyes adatait, sz\u00e1ll\u00edt\u00e1si c\u00edm\u00e9t, stb., hanem el\u00e9g, ha bejelentkezik rendszer\u00fcnkbe a felhaszn\u00e1l\u00f3nev\u00e9vel \u00e9s jelszav\u00e1val \u00e9s rendszer\u00fcnk megismeri \u00d6nt. Ezen k\u00edv\u00fcl feliratkozhat h\u00edrlevel\u00fcnkre, amelyben akci\u00f3kr\u00f3l illetve \u00faj term\u00e9kek \u00e9rkez\u00e9s\u00e9r\u0151l \u00e9rtes\u00edtj\u00fck. A k\u00e9s\u0151bbi v\u00e1s\u00e1rl\u00e1sokn\u00e1l m\u00e1r csak a felhaszn\u00e1l\u00f3nev\u00e9t \u00e9s jelszav\u00e1t kell megadnia.<br \/>\nA term\u00e9kek mellett a kedvezm\u00e9ny n\u00e9lk\u00fcli brutt\u00f3 fogyaszt\u00f3i \u00e1rak vannak felt\u00fcntetve, a sz\u00e1ll\u00edt\u00e1si k\u00f6lts\u00e9g csak a rendel\u00e9s folyamat\u00e1nak v\u00e9g\u00e9n ker\u00fcl hozz\u00e1ad\u00e1sra.<br \/>\nA kiv\u00e1lasztott term\u00e9keket megrendelheti a honlapon &#8211; regisztr\u00e1ci\u00f3 ut\u00e1n &#8211; emailben vagy telefonon.<\/p>\n<p><strong>Fizet\u00e9si felt\u00e9telek<\/strong><\/p>\n<p>Az egyes term\u00e9kek \u00e1rai forintban \u00e9rtend\u0151ek de nem tartalmazz\u00e1k a sz\u00e1ll\u00edt\u00e1si k\u00f6lts\u00e9get. A sz\u00e1ll\u00edt\u00e1si k\u00f6lts\u00e9g a kiv\u00e1lasztott sz\u00e1ll\u00edt\u00e1si m\u00f3dozatt\u00f3l f\u00fcgg\u0151en v\u00e1ltozik \u00e9s a rendel\u00e9s v\u00e9g\u00e9n ker\u00fcl felsz\u00e1m\u00edt\u00e1sra.<br \/>\nFizet\u00e9si m\u00f3dszerek : Jelenleg a megrendelt term\u00e9kek ellen\u00e9rt\u00e9k\u00e9nek megfizet\u00e9se postai ut\u00e1nv\u00e9ttel vagy k\u00e9szp\u00e9nzzel lehets\u00e9ges.<\/p>\n<p><strong>Sz\u00e1ll\u00edt\u00e1s<\/strong><\/p>\n<p>Sz\u00e1ll\u00edt\u00e1si m\u00f3dszerek :\u00a0<strong>postai ut\u00e1nv\u00e9t<\/strong>\u00a0vagy\u00a0<strong>szem\u00e9lyes \u00e1tv\u00e9tel<\/strong>. A kisz\u00e1ll\u00edt\u00e1s arra a c\u00edmre t\u00f6rt\u00e9nik, amit a megrendel\u00e9skor &#8211; a regisztr\u00e1ci\u00f3 folyam\u00e1n -megadott. A honlapon megadott sz\u00e1ll\u00edt\u00e1si hat\u00e1rid\u0151k csak t\u00e1j\u00e9koztat\u00f3 jelleg\u0171ek, \u00edgy ezek esetlegesen v\u00e1ltozhatnak. A h\u00e9tk\u00f6znap 12 \u00f3r\u00e1ig leadott rendel\u00e9seket m\u00e1snap, de legk\u00e9s\u0151bb 2-3 munkanapon bel\u00fcl megkapj\u00e1k. A postak\u00f6lts\u00e9g 30 kilogrammig 1790Ft. Quadok \u00e9s motorok eset\u00e9ben a sz\u00e1ll\u00edt\u00e1si d\u00edj gyerek quadok eset\u00e9ben 20 ezer forint feln\u0151tt quadok eset\u00e9ben viszont keress minket mert az t\u00e1vols\u00e1g f\u00fcgg\u0151 \u00e9s kilom\u00e9ter d\u00edjas<\/p>\n<p>A sz\u00e1ll\u00edt\u00e1s sor\u00e1n t\u00f6rt\u00e9n\u0151 sz\u00e1ll\u00edt\u00f3 \u00e1ltal okozott k\u00e9sedelem\u00e9rt, illetve a csomag elveszt\u00e9s\u00e9rt semminem\u0171 felel\u0151ss\u00e9get nem v\u00e1llalunk. Ha a csomag nem \u00e9rkezik meg a megadott id\u0151n bel\u00fcl, akkor ennek vizsg\u00e1lata t\u00f6bb napot is ig\u00e9nybe vehet. (21 nap a posta eset\u00e9ben). Ez id\u0151 alatt semminem\u0171 visszat\u00e9r\u00edt\u00e9s, illetve visszak\u00fcld\u00e9s nem lehets\u00e9ges.<\/p>\n<p><strong>Rendel\u00e9s lemond\u00e1sa<\/strong><\/p>\n<p>Felhaszn\u00e1l\u00f3 a megrendel\u00e9s\u00e9t a term\u00e9k megrendel\u00e9s\u00e9nek id\u0151pontj\u00e1t k\u00f6vet\u0151 8 \u00f3r\u00e1n bel\u00fcl a szolg\u00e1ltat\u00f3nak k\u00fcld\u00f6tt e-mail form\u00e1j\u00e1ban elk\u00fcld\u00f6tt \u00fczenet\u00e9vel indokol\u00e1s n\u00e9lk\u00fcl lemondhatja. Az e-mailnek tartalmaznia kell a v\u00e1s\u00e1rl\u00f3 megadott adatait, a term\u00e9k megnevez\u00e9s\u00e9t, a v\u00e1s\u00e1rolt\/ig\u00e9nyelt mennyis\u00e9get, sz\u00ednt \u00e9s egy\u00e9b l\u00e9nyeges inform\u00e1ci\u00f3t amely a term\u00e9k azonos\u00edt\u00e1s\u00e1hoz sz\u00fcks\u00e9ges. Lemond\u00e1snak csak a be\u00e9rkezett e-mail tekinthet\u0151. Ha az e-mail nem vagy nem a megadott hat\u00e1rid\u0151n bel\u00fcl \u00e9rkezik meg, a lemond\u00e1s nem hat\u00e1lyos. Ha Felhaszn\u00e1l\u00f3 nem a megadott hat\u00e1rid\u0151n bel\u00fcl vagy m\u00f3don mondja le a megrendel\u00e9st, akkor minden, a rendel\u00e9ssel kapcsolatos k\u00f6lts\u00e9get k\u00f6teles megt\u00e9r\u00edteni.<\/p>\n<p><strong>Garancia<\/strong><\/p>\n<p>K\u00e9rj\u00fck \u00e1tv\u00e9telkor ellen\u0151rizze a term\u00e9ket \u00e9s j\u00f3l \u0151rizze meg az \u00e1tv\u00e9telkor kapott k\u00eds\u00e9r\u0151 okm\u00e1nyt, mert a garanci\u00e1hoz \u00e9s a j\u00f3t\u00e1ll\u00e1shoz sz\u00fcks\u00e9ges. S\u00e9r\u00fclt, t\u00f6r\u00f6tt, szakadt term\u00e9kekre, nem megfelel\u0151 haszn\u00e1latb\u00f3l eredend\u0151 meghib\u00e1sod\u00e1sra a garancia nem \u00e9rv\u00e9nyes\u00edthet\u0151! A garancia \u00e9rv\u00e9nyes\u00edt\u00e9s\u00e9hez a v\u00e1s\u00e1rl\u00e1st igazol\u00f3 okm\u00e1ny vagy annak m\u00e1solata sz\u00fcks\u00e9ges. A hib\u00e1s term\u00e9keket aj\u00e1nlott k\u00fcldem\u00e9nyk\u00e9nt kell postac\u00edm\u00fcnkre elk\u00fcldeni. A hibajelens\u00e9g meg\u00e1llap\u00edt\u00e1sa ut\u00e1n a term\u00e9ket cser\u00e9lj\u00fck \u00e9s d\u00edjmentesen post\u00e1zzuk a megadott c\u00edmre.<\/p>\n<p><strong>El\u00e1ll\u00e1si jog<\/strong><\/p>\n<p>Megrendel\u00e9se sor\u00e1n \u00d6n \u00e9lhet a 17\/1999. Korm\u00e1nyrendeletben r\u00e9szletesen r\u00f6gz\u00edtett felt\u00e9tel n\u00e9lk\u00fcli el\u00e1ll\u00e1si jog\u00e1val.\u00a0<strong><a href=\"https:\/\/net.jogtar.hu\/jogszabaly?docid=a1400045.kor\" target=\"_blank\" rel=\"noopener\">A t\u00f6rv\u00e9ny sz\u00f6vege itt olvashat\u00f3<\/a><\/strong>. \u00d6n a szerz\u0151d\u00e9st\u0151l az \u00e1ru \u00e1tv\u00e9tel\u00e9t k\u00f6vet\u0151 15 munkanapon bel\u00fcl indokl\u00e1s n\u00e9lk\u00fcl el\u00e1llhat. Ebben az esetben az Elad\u00f3 k\u00f6teles a Vev\u0151 \u00e1ltal kifizetett \u00f6sszeget halad\u00e9ktalanul, de legk\u00e9s\u0151bb az el\u00e1ll\u00e1st \u00e9s az \u00e1ru visszaszolg\u00e1ltat\u00e1s\u00e1t k\u00f6vet\u0151 harminc napon bel\u00fcl visszat\u00e9r\u00edteni. Figyelem! A Vev\u0151 viseli el\u00e1ll\u00e1si jog gyakorl\u00e1sa miatt az \u00e1ru visszaszolg\u00e1ltat\u00e1s\u00e1val kapcsolatban felmer\u00fclt k\u00f6lts\u00e9geket. Az Elad\u00f3 k\u00f6vetelheti az \u00e1ru nem rendeltet\u00e9sszer\u0171 haszn\u00e1lat\u00e1b\u00f3l ered\u0151 k\u00e1r\u00e1nak megt\u00e9r\u00edt\u00e9s\u00e9t. A V\u00e1s\u00e1rl\u00f3 nem jogosult el\u00e1ll\u00e1si jog\u00e1t gyakorolni, ha a csomagol\u00e1st felbontotta.<\/p>\n<p><strong>V\u00e1s\u00e1rl\u00f3i v\u00e9lem\u00e9nyek, \u00e9rt\u00e9kel\u00e9sek<\/strong><\/p>\n<p>Az \u00f6sszes v\u00e9lem\u00e9nyt figyelemmel k\u00f6vetj\u00fck. Amennyiben egy v\u00e9lem\u00e9ny, \u00e9rt\u00e9kel\u00e9s vagy annak egy r\u00e9sze jogi vagy etikai el\u0151\u00edr\u00e1sokat s\u00e9rt (rekl\u00e1m, inzult\u00e1ci\u00f3, nem odaill\u0151 megjegyz\u00e9s&#8230;) visszautas\u00edthatjuk vagy megv\u00e1ltoztathatjuk annak sz\u00f6veg\u00e9t.<\/p>\n<p><strong>Adatv\u00e9delem \u00e9s Biztons\u00e1g<\/strong><\/p>\n<p>A szem\u00e9lyes adatait a szerz\u0151d\u00e9s teljes\u00edt\u00e9se, \u00e9s a szerz\u0151d\u00e9s felt\u00e9teleinek k\u00e9s\u0151bbi bizony\u00edt\u00e1sa \u00e9rdek\u00e9ben t\u00e1roljuk, azt harmadik f\u00e9lnek semmilyen esetben nem adjuk \u00e1t, kiv\u00e9ve, ha a rendel\u00e9sek teljes\u00edt\u00e9s\u00e9hez elengedhetetlen az inform\u00e1ci\u00f3k megoszt\u00e1sa partnereinkkel (pl. sz\u00e1ll\u00edt\u00e1si c\u00e9gek).\u00a0<strong><a href=\"https:\/\/quadalkatreszek.com\/adatkezelesi-szabalyzat\/\">Tov\u00e1bbi r\u00e9szletek<\/a><\/strong><\/p>\n<p><strong>Egy\u00e9b felt\u00e9telek<\/strong><\/p>\n<p>B\u00e1rmikor k\u00e9rheti elt\u00e1vol\u00edt\u00e1s\u00e1t a levelez\u0151list\u00e1r\u00f3l. Ezt k\u00f6nnyed\u00e9n \u00d6n is elv\u00e9gezheti a bal oldali men\u00fcbe, vagy \u00edrjon egy levelet.<br \/>\nAmennyiben k\u00e9rd\u00e9se van ak\u00e1r az \u00e1ruh\u00e1zzal, ak\u00e1r term\u00e9keinkkel kapcsolatban, k\u00e9rj\u00fck forduljon \u00fcgyf\u00e9lszolg\u00e1latunkhoz.<br \/>\n\u00c9szrev\u00e9tel\u00e9vel, panasz\u00e1val k\u00e9rj\u00fck forduljon a vezet\u0151s\u00e9ghez az iroda [kukac]quadalkatreszek.hu e-mail c\u00edmen.<br \/>\n\u00dcgyf\u00e9lszolg\u00e1latunkat a iroda[kukac]quadalkatreszek.hu e-mail c\u00edmen \u00e9rheti el.<\/p>\n<\/div>\n<\/div>\n<\/div>\n<\/div>\n","protected":false},"excerpt":{"rendered":"<p>Inform\u00e1ci\u00f3k &#8211; \u00fczletszab\u00e1lyzat \u00c1ruh\u00e1zunkban \u00e9rv\u00e9nyes v\u00e1s\u00e1rl\u00e1si szab\u00e1lyzatok Term\u00e9keinket kateg\u00f3ri\u00e1kba soroltuk, melyeket a lap\u00a0bal oldal\u00e1n l\u00e9v\u0151 men\u00fcben \u00e9s\/vagy a &#8222;Term\u00e9kek&#8221; gombra&#8230;<\/p>","protected":false},"author":1,"featured_media":0,"parent":0,"menu_order":0,"comment_status":"closed","ping_status":"closed","template":"","meta":{"footnotes":""},"class_list":["post-47","page","type-page","status-publish","hentry"],"yoast_head":"<!-- This site is optimized with the Yoast SEO plugin v27.5 - https:\/\/yoast.com\/product\/yoast-seo-wordpress\/ -->\n<title>Inform\u00e1ci\u00f3k - \u00fczletszab\u00e1lyzat - quadalkatreszek.com<\/title>\n<meta name=\"robots\" content=\"index, follow, max-snippet:-1, max-image-preview:large, max-video-preview:-1\" \/>\n<link rel=\"canonical\" href=\"https:\/\/quadalkatreszek.com\/en\/informaciok-uzletszabalyzat-2\/\" \/>\n<meta property=\"og:locale\" content=\"en_US\" \/>\n<meta property=\"og:type\" content=\"article\" \/>\n<meta property=\"og:title\" content=\"Inform\u00e1ci\u00f3k - \u00fczletszab\u00e1lyzat - quadalkatreszek.com\" \/>\n<meta property=\"og:description\" content=\"Inform\u00e1ci\u00f3k &#8211; \u00fczletszab\u00e1lyzat \u00c1ruh\u00e1zunkban \u00e9rv\u00e9nyes v\u00e1s\u00e1rl\u00e1si szab\u00e1lyzatok Term\u00e9keinket kateg\u00f3ri\u00e1kba soroltuk, melyeket a lap\u00a0bal oldal\u00e1n l\u00e9v\u0151 men\u00fcben \u00e9s\/vagy a &#8222;Term\u00e9kek&#8221; gombra...\" \/>\n<meta property=\"og:url\" content=\"https:\/\/quadalkatreszek.com\/en\/informaciok-uzletszabalyzat-2\/\" \/>\n<meta property=\"og:site_name\" content=\"quadalkatreszek.com\" \/>\n<meta property=\"article:modified_time\" content=\"2024-03-21T15:16:20+00:00\" \/>\n<meta name=\"twitter:card\" content=\"summary_large_image\" \/>\n<meta name=\"twitter:label1\" content=\"Est. reading time\" \/>\n\t<meta name=\"twitter:data1\" content=\"4 minutes\" \/>\n<script type=\"application\/ld+json\" class=\"yoast-schema-graph\">{\"@context\":\"https:\\\/\\\/schema.org\",\"@graph\":[{\"@type\":\"WebPage\",\"@id\":\"https:\\\/\\\/quadalkatreszek.com\\\/informaciok-uzletszabalyzat-2\\\/\",\"url\":\"https:\\\/\\\/quadalkatreszek.com\\\/informaciok-uzletszabalyzat-2\\\/\",\"name\":\"Inform\u00e1ci\u00f3k - \u00fczletszab\u00e1lyzat - quadalkatreszek.com\",\"isPartOf\":{\"@id\":\"https:\\\/\\\/quadalkatreszek.com\\\/#website\"},\"datePublished\":\"2022-07-08T10:40:19+00:00\",\"dateModified\":\"2024-03-21T15:16:20+00:00\",\"breadcrumb\":{\"@id\":\"https:\\\/\\\/quadalkatreszek.com\\\/informaciok-uzletszabalyzat-2\\\/#breadcrumb\"},\"inLanguage\":\"en-US\",\"potentialAction\":[{\"@type\":\"ReadAction\",\"target\":[\"https:\\\/\\\/quadalkatreszek.com\\\/informaciok-uzletszabalyzat-2\\\/\"]}]},{\"@type\":\"BreadcrumbList\",\"@id\":\"https:\\\/\\\/quadalkatreszek.com\\\/informaciok-uzletszabalyzat-2\\\/#breadcrumb\",\"itemListElement\":[{\"@type\":\"ListItem\",\"position\":1,\"name\":\"Kezd\u0151lap\",\"item\":\"https:\\\/\\\/quadalkatreszek.com\\\/\"},{\"@type\":\"ListItem\",\"position\":2,\"name\":\"Inform\u00e1ci\u00f3k &#8211; \u00fczletszab\u00e1lyzat\"}]},{\"@type\":\"WebSite\",\"@id\":\"https:\\\/\\\/quadalkatreszek.com\\\/#website\",\"url\":\"https:\\\/\\\/quadalkatreszek.com\\\/\",\"name\":\"quadalkatreszek.com\",\"description\":\"alkatr\u00e9szek - azonnal - rakt\u00e1rr\u00f3l\",\"publisher\":{\"@id\":\"https:\\\/\\\/quadalkatreszek.com\\\/#organization\"},\"potentialAction\":[{\"@type\":\"SearchAction\",\"target\":{\"@type\":\"EntryPoint\",\"urlTemplate\":\"https:\\\/\\\/quadalkatreszek.com\\\/?s={search_term_string}\"},\"query-input\":{\"@type\":\"PropertyValueSpecification\",\"valueRequired\":true,\"valueName\":\"search_term_string\"}}],\"inLanguage\":\"en-US\"},{\"@type\":\"Organization\",\"@id\":\"https:\\\/\\\/quadalkatreszek.com\\\/#organization\",\"name\":\"quadalkatreszek.com\",\"url\":\"https:\\\/\\\/quadalkatreszek.com\\\/\",\"logo\":{\"@type\":\"ImageObject\",\"inLanguage\":\"en-US\",\"@id\":\"https:\\\/\\\/quadalkatreszek.com\\\/#\\\/schema\\\/logo\\\/image\\\/\",\"url\":\"https:\\\/\\\/quadalkatreszek.com\\\/wp-content\\\/uploads\\\/2023\\\/01\\\/korlogo-2.png\",\"contentUrl\":\"https:\\\/\\\/quadalkatreszek.com\\\/wp-content\\\/uploads\\\/2023\\\/01\\\/korlogo-2.png\",\"width\":866,\"height\":866,\"caption\":\"quadalkatreszek.com\"},\"image\":{\"@id\":\"https:\\\/\\\/quadalkatreszek.com\\\/#\\\/schema\\\/logo\\\/image\\\/\"}}]}<\/script>\n<!-- \/ Yoast SEO plugin. -->","yoast_head_json":{"title":"Inform\u00e1ci\u00f3k - \u00fczletszab\u00e1lyzat - quadalkatreszek.com","robots":{"index":"index","follow":"follow","max-snippet":"max-snippet:-1","max-image-preview":"max-image-preview:large","max-video-preview":"max-video-preview:-1"},"canonical":"https:\/\/quadalkatreszek.com\/en\/informaciok-uzletszabalyzat-2\/","og_locale":"en_US","og_type":"article","og_title":"Inform\u00e1ci\u00f3k - \u00fczletszab\u00e1lyzat - quadalkatreszek.com","og_description":"Inform\u00e1ci\u00f3k &#8211; \u00fczletszab\u00e1lyzat \u00c1ruh\u00e1zunkban \u00e9rv\u00e9nyes v\u00e1s\u00e1rl\u00e1si szab\u00e1lyzatok Term\u00e9keinket kateg\u00f3ri\u00e1kba soroltuk, melyeket a lap\u00a0bal oldal\u00e1n l\u00e9v\u0151 men\u00fcben \u00e9s\/vagy a &#8222;Term\u00e9kek&#8221; gombra...","og_url":"https:\/\/quadalkatreszek.com\/en\/informaciok-uzletszabalyzat-2\/","og_site_name":"quadalkatreszek.com","article_modified_time":"2024-03-21T15:16:20+00:00","twitter_card":"summary_large_image","twitter_misc":{"Est. reading time":"4 minutes"},"schema":{"@context":"https:\/\/schema.org","@graph":[{"@type":"WebPage","@id":"https:\/\/quadalkatreszek.com\/informaciok-uzletszabalyzat-2\/","url":"https:\/\/quadalkatreszek.com\/informaciok-uzletszabalyzat-2\/","name":"Inform\u00e1ci\u00f3k - \u00fczletszab\u00e1lyzat - quadalkatreszek.com","isPartOf":{"@id":"https:\/\/quadalkatreszek.com\/#website"},"datePublished":"2022-07-08T10:40:19+00:00","dateModified":"2024-03-21T15:16:20+00:00","breadcrumb":{"@id":"https:\/\/quadalkatreszek.com\/informaciok-uzletszabalyzat-2\/#breadcrumb"},"inLanguage":"en-US","potentialAction":[{"@type":"ReadAction","target":["https:\/\/quadalkatreszek.com\/informaciok-uzletszabalyzat-2\/"]}]},{"@type":"BreadcrumbList","@id":"https:\/\/quadalkatreszek.com\/informaciok-uzletszabalyzat-2\/#breadcrumb","itemListElement":[{"@type":"ListItem","position":1,"name":"Kezd\u0151lap","item":"https:\/\/quadalkatreszek.com\/"},{"@type":"ListItem","position":2,"name":"Inform\u00e1ci\u00f3k &#8211; \u00fczletszab\u00e1lyzat"}]},{"@type":"WebSite","@id":"https:\/\/quadalkatreszek.com\/#website","url":"https:\/\/quadalkatreszek.com\/","name":"quadalkatreszek.com","description":"alkatr\u00e9szek - azonnal - rakt\u00e1rr\u00f3l","publisher":{"@id":"https:\/\/quadalkatreszek.com\/#organization"},"potentialAction":[{"@type":"SearchAction","target":{"@type":"EntryPoint","urlTemplate":"https:\/\/quadalkatreszek.com\/?s={search_term_string}"},"query-input":{"@type":"PropertyValueSpecification","valueRequired":true,"valueName":"search_term_string"}}],"inLanguage":"en-US"},{"@type":"Organization","@id":"https:\/\/quadalkatreszek.com\/#organization","name":"quadalkatreszek.com","url":"https:\/\/quadalkatreszek.com\/","logo":{"@type":"ImageObject","inLanguage":"en-US","@id":"https:\/\/quadalkatreszek.com\/#\/schema\/logo\/image\/","url":"https:\/\/quadalkatreszek.com\/wp-content\/uploads\/2023\/01\/korlogo-2.png","contentUrl":"https:\/\/quadalkatreszek.com\/wp-content\/uploads\/2023\/01\/korlogo-2.png","width":866,"height":866,"caption":"quadalkatreszek.com"},"image":{"@id":"https:\/\/quadalkatreszek.com\/#\/schema\/logo\/image\/"}}]}},"_links":{"self":[{"href":"https:\/\/quadalkatreszek.com\/en\/wp-json\/wp\/v2\/pages\/47","targetHints":{"allow":["GET"]}}],"collection":[{"href":"https:\/\/quadalkatreszek.com\/en\/wp-json\/wp\/v2\/pages"}],"about":[{"href":"https:\/\/quadalkatreszek.com\/en\/wp-json\/wp\/v2\/types\/page"}],"author":[{"embeddable":true,"href":"https:\/\/quadalkatreszek.com\/en\/wp-json\/wp\/v2\/users\/1"}],"replies":[{"embeddable":true,"href":"https:\/\/quadalkatreszek.com\/en\/wp-json\/wp\/v2\/comments?post=47"}],"version-history":[{"count":0,"href":"https:\/\/quadalkatreszek.com\/en\/wp-json\/wp\/v2\/pages\/47\/revisions"}],"wp:attachment":[{"href":"https:\/\/quadalkatreszek.com\/en\/wp-json\/wp\/v2\/media?parent=47"}],"curies":[{"name":"wp","href":"https:\/\/api.w.org\/{rel}","templated":true}]}}