{"id":55,"date":"2021-06-16T14:47:50","date_gmt":"2021-06-16T13:47:50","guid":{"rendered":"https:\/\/www.quaddepo.com\/?page_id=55"},"modified":"2023-03-05T10:07:28","modified_gmt":"2023-03-05T09:07:28","slug":"rolunk","status":"publish","type":"page","link":"https:\/\/quadalkatreszek.com\/en\/rolunk\/","title":{"rendered":"R\u00f3lunk"},"content":{"rendered":"<p>Az els\u0151 sz\u00e1m\u00fa k\u00ednai quad alkatr\u00e9sz import\u0151r Magyarorsz\u00e1gon!<\/p>\n<p>A quad alkatr\u00e9sz keresked\u00e9s\u00fcnk m\u00e1r t\u00f6bb mint 15 \u00e9ve\u00a0 nyitotta ki ajtaj\u00e1t a quadozni szeret\u0151 \u00e9s v\u00e1gy\u00f3 v\u00e1s\u00e1rl\u00f3k el\u0151tt.<\/p>\n<p>Kezdetben csak kiz\u00e1r\u00f3lag quadok \u00e9s ezen j\u00e1rm\u0171vek alkatr\u00e9szeinek forgalmaz\u00e1s\u00e1val foglalkoztunk. A megn\u00f6vekedett v\u00e1s\u00e1rl\u00f3i ig\u00e9ny kiel\u00e9g\u00edt\u00e9s\u00e9re nyitottuk meg els\u0151 \u00fczlet\u00fcnket,melyben nagy hangs\u00falyt fektett\u00fcnk a j\u00f3 min\u0151s\u00e9g\u0171 alkatr\u00e9szek forgalmaz\u00e1s\u00e1ra ut\u00e1np\u00f3tl\u00e1s\u00e1ra \u00e9s a j\u00e1rm\u0171vek szervizel\u00e9s\u00e9re.<\/p>\n<p>2007-re\u00a0 m\u00e1r ki\u00e9p\u00edtett\u00fck\u00a0 saj\u00e1t beszerz\u00e9si h\u00e1l\u00f3zat rendszer\u00fcnket, \u00edgy rendk\u00edv\u00fcl sz\u00e9les palett\u00e1t t\u00e1rhatunk az olcs\u00f3, viszont m\u00e9gis kiv\u00e1l\u00f3 min\u0151s\u00e9g\u0171 k\u00ednai quad \u00e9s dirt bike motor alkatr\u00e9szt\u00a0 keres\u0151k r\u00e9sz\u00e9re, ami az orsz\u00e1gban egyed\u00fcl\u00e1ll\u00f3 volt.<\/p>\n<p>Az \u00e9vek folyam\u00e1n \u00fczlet\u00fcnket hamar kin\u0151tt\u00fck, \u00edgy 2010-es \u00e9vekt\u0151l\u00a0 megnyitottuk a magas \u00e9s ig\u00e9nyes szolg\u00e1ltat\u00e1st ny\u00fajt\u00f3 <a href=\"https:\/\/quadalkatreszek.com\/en\/shop\/\">alkatr\u00e9sz web\u00e1ruh\u00e1zunkat<\/a>.<\/p>\n<p>A folyamatos fejleszt\u00e9sek hat\u00e1s\u00e1ra \u00e9vr\u0151l \u00e9vre egyre t\u00f6bb \u00e9s t\u00f6bb\u00a0 jelenleg\u00a0 t\u00f6bb mint n\u00e9gyezer fajta alkatr\u00e9szt biztos\u00edtunk\u00a0 rakt\u00e1rr\u00f3l a quadozni \u00e9s motorozni szeret\u0151 vev\u0151ink r\u00e9sz\u00e9re.<\/p>\n<p>Tov\u00e1bb\u00e1 j\u00f3 min\u0151s\u00e9g\u0171 Zongshen,\u00a0 Loncin,Bashan, Yakimoto, keeway,\u00a0 KXD, Wexxtor, Tao hunter \u00e9s Tao Coyote, k\u00e9t\u00fctem\u0171 pocket quadok,\u00a0 elektromos\u00a0 <a href=\"https:\/\/quaddepo.com\/shop\/\">gyermek \u00e9s feln\u0151tt quadok, cross motorok<\/a> sz\u00e9les v\u00e1laszt\u00e9k\u00e1t megtal\u00e1lhatod \u00fczlet\u00fcnkben.<\/p>\n<p>N\u00e1lunk nem csak k\u00e9peken l\u00e1thatod a quadokat motorokat, hanem val\u00f3s \u00e1r\u00fa k\u00e9szletb\u0151l, t\u00f6bb mint 200 j\u00e1rm\u0171b\u0151l v\u00e1logathatsz, j\u00e1rm\u0171veinket ingyen kipr\u00f3b\u00e1lhatod \u00e9s a garancia id\u0151n t\u00fal is biztos\u00edtjuk hozz\u00e1juk a megfelel\u0151\u00a0 alkatr\u00e9szeket.<\/p>\n<p>Keress fel minket bizalommal e-mailben vagy telefonon \u00e9s megmondjuk neked melyik viszontelad\u00f3 partner\u00fcnk van a legk\u00f6zelebb hozz\u00e1d! \u00cdgy nem kell felt\u00e9tlen\u00fcl Budapestre utaznod, ha gyerek quad feln\u0151tt quad vagy dirt bike motort v\u00e1s\u00e1rl\u00e1sa el\u0151tt \u00e1llsz.<\/p>\n<p>Koll\u00e9g\u00e1ink k\u00e9szs\u00e9ggel seg\u00edtenek neked a megfelel\u0151 \u00e9s hozz\u00e1d legink\u00e1bb ill\u0151 j\u00e1rm\u0171 kiv\u00e1laszt\u00e1s\u00e1ban.<\/p>","protected":false},"excerpt":{"rendered":"<p>Az els\u0151 sz\u00e1m\u00fa k\u00ednai quad alkatr\u00e9sz import\u0151r Magyarorsz\u00e1gon! A quad alkatr\u00e9sz keresked\u00e9s\u00fcnk m\u00e1r t\u00f6bb mint 15 \u00e9ve\u00a0 nyitotta ki ajtaj\u00e1t&#8230;<\/p>","protected":false},"author":1,"featured_media":0,"parent":0,"menu_order":0,"comment_status":"closed","ping_status":"closed","template":"","meta":{"footnotes":""},"class_list":["post-55","page","type-page","status-publish","hentry"],"yoast_head":"<!-- This site is optimized with the Yoast SEO plugin v27.5 - https:\/\/yoast.com\/product\/yoast-seo-wordpress\/ -->\n<title>Az els\u0151 sz\u00e1m\u00fa k\u00ednai quad alkatr\u00e9sz import\u0151r - quadalkatreszek.com<\/title>\n<meta name=\"description\" content=\"A kereskedelem el\u0151sz\u00f6r 2005-ben nyitotta ki ajtaj\u00e1t a quadozni szeret\u0151 k\u00f6z\u00f6ss\u00e9g el\u0151tt, Az\u00f3ta az orsz\u00e1g els\u0151 sz\u00e1m\u00fa quad \u00e9s dirtbike alkatr\u00e9sz import\u0151rei lett\u00fcnk, n\u00e1lunk mindent megtal\u00e1lsz\" \/>\n<meta name=\"robots\" content=\"index, follow, max-snippet:-1, max-image-preview:large, max-video-preview:-1\" \/>\n<link rel=\"canonical\" href=\"https:\/\/quadalkatreszek.com\/en\/rolunk\/\" \/>\n<meta property=\"og:locale\" content=\"en_US\" \/>\n<meta property=\"og:type\" content=\"article\" \/>\n<meta property=\"og:title\" content=\"Az els\u0151 sz\u00e1m\u00fa k\u00ednai quad alkatr\u00e9sz import\u0151r - quadalkatreszek.com\" \/>\n<meta property=\"og:description\" content=\"A kereskedelem el\u0151sz\u00f6r 2005-ben nyitotta ki ajtaj\u00e1t a quadozni szeret\u0151 k\u00f6z\u00f6ss\u00e9g el\u0151tt, Az\u00f3ta az orsz\u00e1g els\u0151 sz\u00e1m\u00fa quad \u00e9s dirtbike alkatr\u00e9sz import\u0151rei lett\u00fcnk, n\u00e1lunk mindent megtal\u00e1lsz\" \/>\n<meta property=\"og:url\" content=\"https:\/\/quadalkatreszek.com\/en\/rolunk\/\" \/>\n<meta property=\"og:site_name\" content=\"quadalkatreszek.com\" \/>\n<meta property=\"article:modified_time\" content=\"2023-03-05T09:07:28+00:00\" \/>\n<meta name=\"twitter:card\" content=\"summary_large_image\" \/>\n<meta name=\"twitter:label1\" content=\"Est. reading time\" \/>\n\t<meta name=\"twitter:data1\" content=\"2 minutes\" \/>\n<script type=\"application\/ld+json\" class=\"yoast-schema-graph\">{\"@context\":\"https:\\\/\\\/schema.org\",\"@graph\":[{\"@type\":\"WebPage\",\"@id\":\"https:\\\/\\\/quadalkatreszek.com\\\/rolunk\\\/\",\"url\":\"https:\\\/\\\/quadalkatreszek.com\\\/rolunk\\\/\",\"name\":\"Az els\u0151 sz\u00e1m\u00fa k\u00ednai quad alkatr\u00e9sz import\u0151r - quadalkatreszek.com\",\"isPartOf\":{\"@id\":\"https:\\\/\\\/quadalkatreszek.com\\\/#website\"},\"datePublished\":\"2021-06-16T13:47:50+00:00\",\"dateModified\":\"2023-03-05T09:07:28+00:00\",\"description\":\"A kereskedelem el\u0151sz\u00f6r 2005-ben nyitotta ki ajtaj\u00e1t a quadozni szeret\u0151 k\u00f6z\u00f6ss\u00e9g el\u0151tt, Az\u00f3ta az orsz\u00e1g els\u0151 sz\u00e1m\u00fa quad \u00e9s dirtbike alkatr\u00e9sz import\u0151rei lett\u00fcnk, n\u00e1lunk mindent megtal\u00e1lsz\",\"breadcrumb\":{\"@id\":\"https:\\\/\\\/quadalkatreszek.com\\\/rolunk\\\/#breadcrumb\"},\"inLanguage\":\"en-US\",\"potentialAction\":[{\"@type\":\"ReadAction\",\"target\":[\"https:\\\/\\\/quadalkatreszek.com\\\/rolunk\\\/\"]}]},{\"@type\":\"BreadcrumbList\",\"@id\":\"https:\\\/\\\/quadalkatreszek.com\\\/rolunk\\\/#breadcrumb\",\"itemListElement\":[{\"@type\":\"ListItem\",\"position\":1,\"name\":\"Kezd\u0151lap\",\"item\":\"https:\\\/\\\/quadalkatreszek.com\\\/\"},{\"@type\":\"ListItem\",\"position\":2,\"name\":\"R\u00f3lunk\"}]},{\"@type\":\"WebSite\",\"@id\":\"https:\\\/\\\/quadalkatreszek.com\\\/#website\",\"url\":\"https:\\\/\\\/quadalkatreszek.com\\\/\",\"name\":\"quadalkatreszek.com\",\"description\":\"alkatr\u00e9szek - azonnal - rakt\u00e1rr\u00f3l\",\"publisher\":{\"@id\":\"https:\\\/\\\/quadalkatreszek.com\\\/#organization\"},\"potentialAction\":[{\"@type\":\"SearchAction\",\"target\":{\"@type\":\"EntryPoint\",\"urlTemplate\":\"https:\\\/\\\/quadalkatreszek.com\\\/?s={search_term_string}\"},\"query-input\":{\"@type\":\"PropertyValueSpecification\",\"valueRequired\":true,\"valueName\":\"search_term_string\"}}],\"inLanguage\":\"en-US\"},{\"@type\":\"Organization\",\"@id\":\"https:\\\/\\\/quadalkatreszek.com\\\/#organization\",\"name\":\"quadalkatreszek.com\",\"url\":\"https:\\\/\\\/quadalkatreszek.com\\\/\",\"logo\":{\"@type\":\"ImageObject\",\"inLanguage\":\"en-US\",\"@id\":\"https:\\\/\\\/quadalkatreszek.com\\\/#\\\/schema\\\/logo\\\/image\\\/\",\"url\":\"https:\\\/\\\/quadalkatreszek.com\\\/wp-content\\\/uploads\\\/2023\\\/01\\\/korlogo-2.png\",\"contentUrl\":\"https:\\\/\\\/quadalkatreszek.com\\\/wp-content\\\/uploads\\\/2023\\\/01\\\/korlogo-2.png\",\"width\":866,\"height\":866,\"caption\":\"quadalkatreszek.com\"},\"image\":{\"@id\":\"https:\\\/\\\/quadalkatreszek.com\\\/#\\\/schema\\\/logo\\\/image\\\/\"}}]}<\/script>\n<!-- \/ Yoast SEO plugin. -->","yoast_head_json":{"title":"Az els\u0151 sz\u00e1m\u00fa k\u00ednai quad alkatr\u00e9sz import\u0151r - quadalkatreszek.com","description":"A kereskedelem el\u0151sz\u00f6r 2005-ben nyitotta ki ajtaj\u00e1t a quadozni szeret\u0151 k\u00f6z\u00f6ss\u00e9g el\u0151tt, Az\u00f3ta az orsz\u00e1g els\u0151 sz\u00e1m\u00fa quad \u00e9s dirtbike alkatr\u00e9sz import\u0151rei lett\u00fcnk, n\u00e1lunk mindent megtal\u00e1lsz","robots":{"index":"index","follow":"follow","max-snippet":"max-snippet:-1","max-image-preview":"max-image-preview:large","max-video-preview":"max-video-preview:-1"},"canonical":"https:\/\/quadalkatreszek.com\/en\/rolunk\/","og_locale":"en_US","og_type":"article","og_title":"Az els\u0151 sz\u00e1m\u00fa k\u00ednai quad alkatr\u00e9sz import\u0151r - quadalkatreszek.com","og_description":"A kereskedelem el\u0151sz\u00f6r 2005-ben nyitotta ki ajtaj\u00e1t a quadozni szeret\u0151 k\u00f6z\u00f6ss\u00e9g el\u0151tt, Az\u00f3ta az orsz\u00e1g els\u0151 sz\u00e1m\u00fa quad \u00e9s dirtbike alkatr\u00e9sz import\u0151rei lett\u00fcnk, n\u00e1lunk mindent megtal\u00e1lsz","og_url":"https:\/\/quadalkatreszek.com\/en\/rolunk\/","og_site_name":"quadalkatreszek.com","article_modified_time":"2023-03-05T09:07:28+00:00","twitter_card":"summary_large_image","twitter_misc":{"Est. reading time":"2 minutes"},"schema":{"@context":"https:\/\/schema.org","@graph":[{"@type":"WebPage","@id":"https:\/\/quadalkatreszek.com\/rolunk\/","url":"https:\/\/quadalkatreszek.com\/rolunk\/","name":"Az els\u0151 sz\u00e1m\u00fa k\u00ednai quad alkatr\u00e9sz import\u0151r - quadalkatreszek.com","isPartOf":{"@id":"https:\/\/quadalkatreszek.com\/#website"},"datePublished":"2021-06-16T13:47:50+00:00","dateModified":"2023-03-05T09:07:28+00:00","description":"A kereskedelem el\u0151sz\u00f6r 2005-ben nyitotta ki ajtaj\u00e1t a quadozni szeret\u0151 k\u00f6z\u00f6ss\u00e9g el\u0151tt, Az\u00f3ta az orsz\u00e1g els\u0151 sz\u00e1m\u00fa quad \u00e9s dirtbike alkatr\u00e9sz import\u0151rei lett\u00fcnk, n\u00e1lunk mindent megtal\u00e1lsz","breadcrumb":{"@id":"https:\/\/quadalkatreszek.com\/rolunk\/#breadcrumb"},"inLanguage":"en-US","potentialAction":[{"@type":"ReadAction","target":["https:\/\/quadalkatreszek.com\/rolunk\/"]}]},{"@type":"BreadcrumbList","@id":"https:\/\/quadalkatreszek.com\/rolunk\/#breadcrumb","itemListElement":[{"@type":"ListItem","position":1,"name":"Kezd\u0151lap","item":"https:\/\/quadalkatreszek.com\/"},{"@type":"ListItem","position":2,"name":"R\u00f3lunk"}]},{"@type":"WebSite","@id":"https:\/\/quadalkatreszek.com\/#website","url":"https:\/\/quadalkatreszek.com\/","name":"quadalkatreszek.com","description":"alkatr\u00e9szek - azonnal - rakt\u00e1rr\u00f3l","publisher":{"@id":"https:\/\/quadalkatreszek.com\/#organization"},"potentialAction":[{"@type":"SearchAction","target":{"@type":"EntryPoint","urlTemplate":"https:\/\/quadalkatreszek.com\/?s={search_term_string}"},"query-input":{"@type":"PropertyValueSpecification","valueRequired":true,"valueName":"search_term_string"}}],"inLanguage":"en-US"},{"@type":"Organization","@id":"https:\/\/quadalkatreszek.com\/#organization","name":"quadalkatreszek.com","url":"https:\/\/quadalkatreszek.com\/","logo":{"@type":"ImageObject","inLanguage":"en-US","@id":"https:\/\/quadalkatreszek.com\/#\/schema\/logo\/image\/","url":"https:\/\/quadalkatreszek.com\/wp-content\/uploads\/2023\/01\/korlogo-2.png","contentUrl":"https:\/\/quadalkatreszek.com\/wp-content\/uploads\/2023\/01\/korlogo-2.png","width":866,"height":866,"caption":"quadalkatreszek.com"},"image":{"@id":"https:\/\/quadalkatreszek.com\/#\/schema\/logo\/image\/"}}]}},"_links":{"self":[{"href":"https:\/\/quadalkatreszek.com\/en\/wp-json\/wp\/v2\/pages\/55","targetHints":{"allow":["GET"]}}],"collection":[{"href":"https:\/\/quadalkatreszek.com\/en\/wp-json\/wp\/v2\/pages"}],"about":[{"href":"https:\/\/quadalkatreszek.com\/en\/wp-json\/wp\/v2\/types\/page"}],"author":[{"embeddable":true,"href":"https:\/\/quadalkatreszek.com\/en\/wp-json\/wp\/v2\/users\/1"}],"replies":[{"embeddable":true,"href":"https:\/\/quadalkatreszek.com\/en\/wp-json\/wp\/v2\/comments?post=55"}],"version-history":[{"count":0,"href":"https:\/\/quadalkatreszek.com\/en\/wp-json\/wp\/v2\/pages\/55\/revisions"}],"wp:attachment":[{"href":"https:\/\/quadalkatreszek.com\/en\/wp-json\/wp\/v2\/media?parent=55"}],"curies":[{"name":"wp","href":"https:\/\/api.w.org\/{rel}","templated":true}]}}