{"id":61,"date":"2021-06-16T15:07:36","date_gmt":"2021-06-16T14:07:36","guid":{"rendered":"https:\/\/www.quaddepo.com\/?page_id=61"},"modified":"2026-01-08T15:44:05","modified_gmt":"2026-01-08T14:44:05","slug":"kapcsolat","status":"publish","type":"page","link":"https:\/\/quadalkatreszek.com\/en\/kapcsolat\/","title":{"rendered":"Kapcsolat"},"content":{"rendered":"<table class=\"contentpaneopen\">\n<tbody>\n<tr>\n<td valign=\"top\">\n<h3>Figyelem a szomsz\u00e9dos telephelyre k\u00f6lt\u00f6zt\u00fcnk!<\/h3>\n<\/td>\n<\/tr>\n<\/tbody>\n<\/table>\n<p><img loading=\"lazy\" decoding=\"async\" class=\"alignnone wp-image-48824 size-full\" src=\"https:\/\/quadalkatreszek.com\/wp-content\/uploads\/2025\/06\/kapcsolat.png\" alt=\"\" width=\"671\" height=\"255\" srcset=\"https:\/\/quadalkatreszek.com\/wp-content\/uploads\/2025\/06\/kapcsolat.png 671w, https:\/\/quadalkatreszek.com\/wp-content\/uploads\/2025\/06\/kapcsolat-300x114.png 300w, https:\/\/quadalkatreszek.com\/wp-content\/uploads\/2025\/06\/kapcsolat-18x7.png 18w, https:\/\/quadalkatreszek.com\/wp-content\/uploads\/2025\/06\/kapcsolat-600x228.png 600w\" sizes=\"auto, (max-width: 671px) 100vw, 671px\" \/><\/p>\n<ul>\n<li>\n<p><span style=\"color: #ff0000\">2026.01.10 \u00c9N \u00dcZLET\u00dcNK Z\u00c1RVA TART!<\/span><\/p>\n<\/li>\n<li>Email: <a href=\"mailto:raktar@quadalkatreszek.hu\">iroda[kukac]quadalkatreszek.hu<\/a><\/li>\n<li>+36-20-432-7386<\/li>\n<li>CQPARTS Kft<\/li>\n<li>Szem\u00e9lyesen: XVI ker\u00fclet\u00a0 1165 Budapest \u00dajsz\u00e1sz utca <strong>47\/C<\/strong><\/li>\n<li><a href=\"https:\/\/maps.app.goo.gl\/ekU5KjRWfEzctLSC9\">\u00datvonaltervez\u00e9s<\/a><\/li>\n<\/ul>\n<p style=\"text-align: left;padding-left: 120px\">Nyitvatart\u00e1s : H\u00e9tk\u00f6znap H\u00e9tf\u0151t\u0151l P\u00e9ntekig 9 \u00f3r\u00e1t\u00f3l -17 \u00f3r\u00e1ig.<\/p>\n<p>\u00a0 \u00a0 \u00a0 \u00a0 \u00a0 \u00a0 \u00a0 \u00a0 \u00a0 \u00a0 \u00a0 \u00a0 \u00a0 \u00a0 \u00a0 \u00a0 \u00a0 \u00a0 \u00a0 \u00a0 \u00a0 \u00a0\u00a0<\/p>\n\n\n<p><\/p>\n","protected":false},"excerpt":{"rendered":"<p>Figyelem a szomsz\u00e9dos telephelyre k\u00f6lt\u00f6zt\u00fcnk! 2026.01.10 \u00c9N \u00dcZLET\u00dcNK Z\u00c1RVA TART! Email: iroda[kukac]quadalkatreszek.hu +36-20-432-7386 CQPARTS Kft Szem\u00e9lyesen: XVI ker\u00fclet\u00a0 1165 Budapest&#8230;<\/p>\n","protected":false},"author":1,"featured_media":0,"parent":0,"menu_order":0,"comment_status":"closed","ping_status":"closed","template":"","meta":{"footnotes":""},"class_list":["post-61","page","type-page","status-publish","hentry"],"yoast_head":"<!-- This site is optimized with the Yoast SEO plugin v27.5 - https:\/\/yoast.com\/product\/yoast-seo-wordpress\/ -->\n<title>Kapcsolat - quadalkatreszek.com<\/title>\n<meta name=\"robots\" content=\"index, follow, max-snippet:-1, max-image-preview:large, max-video-preview:-1\" \/>\n<link rel=\"canonical\" href=\"https:\/\/quadalkatreszek.com\/en\/kapcsolat\/\" \/>\n<meta property=\"og:locale\" content=\"en_US\" \/>\n<meta property=\"og:type\" content=\"article\" \/>\n<meta property=\"og:title\" content=\"Kapcsolat - quadalkatreszek.com\" \/>\n<meta property=\"og:description\" content=\"Figyelem a szomsz\u00e9dos telephelyre k\u00f6lt\u00f6zt\u00fcnk! 2026.01.10 \u00c9N \u00dcZLET\u00dcNK Z\u00c1RVA TART! Email: iroda[kukac]quadalkatreszek.hu +36-20-432-7386 CQPARTS Kft Szem\u00e9lyesen: XVI ker\u00fclet\u00a0 1165 Budapest...\" \/>\n<meta property=\"og:url\" content=\"https:\/\/quadalkatreszek.com\/en\/kapcsolat\/\" \/>\n<meta property=\"og:site_name\" content=\"quadalkatreszek.com\" \/>\n<meta property=\"article:modified_time\" content=\"2026-01-08T14:44:05+00:00\" \/>\n<meta property=\"og:image\" content=\"https:\/\/quadalkatreszek.com\/wp-content\/uploads\/2025\/06\/kapcsolat.png\" \/>\n\t<meta property=\"og:image:width\" content=\"671\" \/>\n\t<meta property=\"og:image:height\" content=\"255\" \/>\n\t<meta property=\"og:image:type\" content=\"image\/png\" \/>\n<meta name=\"twitter:card\" content=\"summary_large_image\" \/>\n<meta name=\"twitter:label1\" content=\"Est. reading time\" \/>\n\t<meta name=\"twitter:data1\" content=\"1 minute\" \/>\n<script type=\"application\/ld+json\" class=\"yoast-schema-graph\">{\"@context\":\"https:\\\/\\\/schema.org\",\"@graph\":[{\"@type\":\"WebPage\",\"@id\":\"https:\\\/\\\/quadalkatreszek.com\\\/kapcsolat\\\/\",\"url\":\"https:\\\/\\\/quadalkatreszek.com\\\/kapcsolat\\\/\",\"name\":\"Kapcsolat - quadalkatreszek.com\",\"isPartOf\":{\"@id\":\"https:\\\/\\\/quadalkatreszek.com\\\/#website\"},\"primaryImageOfPage\":{\"@id\":\"https:\\\/\\\/quadalkatreszek.com\\\/kapcsolat\\\/#primaryimage\"},\"image\":{\"@id\":\"https:\\\/\\\/quadalkatreszek.com\\\/kapcsolat\\\/#primaryimage\"},\"thumbnailUrl\":\"https:\\\/\\\/quadalkatreszek.com\\\/wp-content\\\/uploads\\\/2025\\\/06\\\/kapcsolat.png\",\"datePublished\":\"2021-06-16T14:07:36+00:00\",\"dateModified\":\"2026-01-08T14:44:05+00:00\",\"breadcrumb\":{\"@id\":\"https:\\\/\\\/quadalkatreszek.com\\\/kapcsolat\\\/#breadcrumb\"},\"inLanguage\":\"en-US\",\"potentialAction\":[{\"@type\":\"ReadAction\",\"target\":[\"https:\\\/\\\/quadalkatreszek.com\\\/kapcsolat\\\/\"]}]},{\"@type\":\"ImageObject\",\"inLanguage\":\"en-US\",\"@id\":\"https:\\\/\\\/quadalkatreszek.com\\\/kapcsolat\\\/#primaryimage\",\"url\":\"https:\\\/\\\/quadalkatreszek.com\\\/wp-content\\\/uploads\\\/2025\\\/06\\\/kapcsolat.png\",\"contentUrl\":\"https:\\\/\\\/quadalkatreszek.com\\\/wp-content\\\/uploads\\\/2025\\\/06\\\/kapcsolat.png\"},{\"@type\":\"BreadcrumbList\",\"@id\":\"https:\\\/\\\/quadalkatreszek.com\\\/kapcsolat\\\/#breadcrumb\",\"itemListElement\":[{\"@type\":\"ListItem\",\"position\":1,\"name\":\"Kezd\u0151lap\",\"item\":\"https:\\\/\\\/quadalkatreszek.com\\\/\"},{\"@type\":\"ListItem\",\"position\":2,\"name\":\"Kapcsolat\"}]},{\"@type\":\"WebSite\",\"@id\":\"https:\\\/\\\/quadalkatreszek.com\\\/#website\",\"url\":\"https:\\\/\\\/quadalkatreszek.com\\\/\",\"name\":\"quadalkatreszek.com\",\"description\":\"alkatr\u00e9szek - azonnal - rakt\u00e1rr\u00f3l\",\"publisher\":{\"@id\":\"https:\\\/\\\/quadalkatreszek.com\\\/#organization\"},\"potentialAction\":[{\"@type\":\"SearchAction\",\"target\":{\"@type\":\"EntryPoint\",\"urlTemplate\":\"https:\\\/\\\/quadalkatreszek.com\\\/?s={search_term_string}\"},\"query-input\":{\"@type\":\"PropertyValueSpecification\",\"valueRequired\":true,\"valueName\":\"search_term_string\"}}],\"inLanguage\":\"en-US\"},{\"@type\":\"Organization\",\"@id\":\"https:\\\/\\\/quadalkatreszek.com\\\/#organization\",\"name\":\"quadalkatreszek.com\",\"url\":\"https:\\\/\\\/quadalkatreszek.com\\\/\",\"logo\":{\"@type\":\"ImageObject\",\"inLanguage\":\"en-US\",\"@id\":\"https:\\\/\\\/quadalkatreszek.com\\\/#\\\/schema\\\/logo\\\/image\\\/\",\"url\":\"https:\\\/\\\/quadalkatreszek.com\\\/wp-content\\\/uploads\\\/2023\\\/01\\\/korlogo-2.png\",\"contentUrl\":\"https:\\\/\\\/quadalkatreszek.com\\\/wp-content\\\/uploads\\\/2023\\\/01\\\/korlogo-2.png\",\"width\":866,\"height\":866,\"caption\":\"quadalkatreszek.com\"},\"image\":{\"@id\":\"https:\\\/\\\/quadalkatreszek.com\\\/#\\\/schema\\\/logo\\\/image\\\/\"}}]}<\/script>\n<!-- \/ Yoast SEO plugin. -->","yoast_head_json":{"title":"Kapcsolat - quadalkatreszek.com","robots":{"index":"index","follow":"follow","max-snippet":"max-snippet:-1","max-image-preview":"max-image-preview:large","max-video-preview":"max-video-preview:-1"},"canonical":"https:\/\/quadalkatreszek.com\/en\/kapcsolat\/","og_locale":"en_US","og_type":"article","og_title":"Kapcsolat - quadalkatreszek.com","og_description":"Figyelem a szomsz\u00e9dos telephelyre k\u00f6lt\u00f6zt\u00fcnk! 2026.01.10 \u00c9N \u00dcZLET\u00dcNK Z\u00c1RVA TART! Email: iroda[kukac]quadalkatreszek.hu +36-20-432-7386 CQPARTS Kft Szem\u00e9lyesen: XVI ker\u00fclet\u00a0 1165 Budapest...","og_url":"https:\/\/quadalkatreszek.com\/en\/kapcsolat\/","og_site_name":"quadalkatreszek.com","article_modified_time":"2026-01-08T14:44:05+00:00","og_image":[{"width":671,"height":255,"url":"https:\/\/quadalkatreszek.com\/wp-content\/uploads\/2025\/06\/kapcsolat.png","type":"image\/png"}],"twitter_card":"summary_large_image","twitter_misc":{"Est. reading time":"1 minute"},"schema":{"@context":"https:\/\/schema.org","@graph":[{"@type":"WebPage","@id":"https:\/\/quadalkatreszek.com\/kapcsolat\/","url":"https:\/\/quadalkatreszek.com\/kapcsolat\/","name":"Kapcsolat - quadalkatreszek.com","isPartOf":{"@id":"https:\/\/quadalkatreszek.com\/#website"},"primaryImageOfPage":{"@id":"https:\/\/quadalkatreszek.com\/kapcsolat\/#primaryimage"},"image":{"@id":"https:\/\/quadalkatreszek.com\/kapcsolat\/#primaryimage"},"thumbnailUrl":"https:\/\/quadalkatreszek.com\/wp-content\/uploads\/2025\/06\/kapcsolat.png","datePublished":"2021-06-16T14:07:36+00:00","dateModified":"2026-01-08T14:44:05+00:00","breadcrumb":{"@id":"https:\/\/quadalkatreszek.com\/kapcsolat\/#breadcrumb"},"inLanguage":"en-US","potentialAction":[{"@type":"ReadAction","target":["https:\/\/quadalkatreszek.com\/kapcsolat\/"]}]},{"@type":"ImageObject","inLanguage":"en-US","@id":"https:\/\/quadalkatreszek.com\/kapcsolat\/#primaryimage","url":"https:\/\/quadalkatreszek.com\/wp-content\/uploads\/2025\/06\/kapcsolat.png","contentUrl":"https:\/\/quadalkatreszek.com\/wp-content\/uploads\/2025\/06\/kapcsolat.png"},{"@type":"BreadcrumbList","@id":"https:\/\/quadalkatreszek.com\/kapcsolat\/#breadcrumb","itemListElement":[{"@type":"ListItem","position":1,"name":"Kezd\u0151lap","item":"https:\/\/quadalkatreszek.com\/"},{"@type":"ListItem","position":2,"name":"Kapcsolat"}]},{"@type":"WebSite","@id":"https:\/\/quadalkatreszek.com\/#website","url":"https:\/\/quadalkatreszek.com\/","name":"quadalkatreszek.com","description":"alkatr\u00e9szek - azonnal - rakt\u00e1rr\u00f3l","publisher":{"@id":"https:\/\/quadalkatreszek.com\/#organization"},"potentialAction":[{"@type":"SearchAction","target":{"@type":"EntryPoint","urlTemplate":"https:\/\/quadalkatreszek.com\/?s={search_term_string}"},"query-input":{"@type":"PropertyValueSpecification","valueRequired":true,"valueName":"search_term_string"}}],"inLanguage":"en-US"},{"@type":"Organization","@id":"https:\/\/quadalkatreszek.com\/#organization","name":"quadalkatreszek.com","url":"https:\/\/quadalkatreszek.com\/","logo":{"@type":"ImageObject","inLanguage":"en-US","@id":"https:\/\/quadalkatreszek.com\/#\/schema\/logo\/image\/","url":"https:\/\/quadalkatreszek.com\/wp-content\/uploads\/2023\/01\/korlogo-2.png","contentUrl":"https:\/\/quadalkatreszek.com\/wp-content\/uploads\/2023\/01\/korlogo-2.png","width":866,"height":866,"caption":"quadalkatreszek.com"},"image":{"@id":"https:\/\/quadalkatreszek.com\/#\/schema\/logo\/image\/"}}]}},"_links":{"self":[{"href":"https:\/\/quadalkatreszek.com\/en\/wp-json\/wp\/v2\/pages\/61","targetHints":{"allow":["GET"]}}],"collection":[{"href":"https:\/\/quadalkatreszek.com\/en\/wp-json\/wp\/v2\/pages"}],"about":[{"href":"https:\/\/quadalkatreszek.com\/en\/wp-json\/wp\/v2\/types\/page"}],"author":[{"embeddable":true,"href":"https:\/\/quadalkatreszek.com\/en\/wp-json\/wp\/v2\/users\/1"}],"replies":[{"embeddable":true,"href":"https:\/\/quadalkatreszek.com\/en\/wp-json\/wp\/v2\/comments?post=61"}],"version-history":[{"count":14,"href":"https:\/\/quadalkatreszek.com\/en\/wp-json\/wp\/v2\/pages\/61\/revisions"}],"predecessor-version":[{"id":53229,"href":"https:\/\/quadalkatreszek.com\/en\/wp-json\/wp\/v2\/pages\/61\/revisions\/53229"}],"wp:attachment":[{"href":"https:\/\/quadalkatreszek.com\/en\/wp-json\/wp\/v2\/media?parent=61"}],"curies":[{"name":"wp","href":"https:\/\/api.w.org\/{rel}","templated":true}]}}