{"id":28415,"date":"2022-06-28T15:05:53","date_gmt":"2022-06-28T14:05:53","guid":{"rendered":"https:\/\/quadalkatreszek.com\/product\/atv175-felnott-quad\/"},"modified":"2026-04-17T07:59:12","modified_gmt":"2026-04-17T06:59:12","slug":"atv175-felnott-quad","status":"publish","type":"product","link":"https:\/\/quadalkatreszek.com\/en\/product\/atv175-felnott-quad\/","title":{"rendered":"Atv175 feln\u0151tt quad"},"content":{"rendered":"<p>Feln\u0151tt quad<\/p>\n<p>Ez a term\u00e9k k\u00f6z\u00fati forgalomban nem vehet r\u00e9szt!!!<\/p>\n<p>Amerikai piacra k\u00e9sz\u00fclt magas min\u0151s\u00e9g\u0171, pr\u00e9mium kateg\u00f3ri\u00e1s k\u00ednai j\u00e1rm\u0171 nagyon kedvez\u0151 \u00e1ron!<\/p>\n<p>Ez a modell m\u00e1r egy komolyabb min\u0151s\u00e9g\u0171 \u00e9s modern formatervez\u00e9s\u0171 , de m\u00e9gis megfizethet\u0151 \u00e1r\u00fa quad.<\/p>\n<p>Ezeket a modelleket Magyarorsz\u00e1gon csak n\u00e1lunk, vagy viszontelad\u00f3inkn\u00e1l kapod meg. P\u00e9cs, Gy\u0151r, Szombathely, Kecskem\u00e9t, Miskolc, Szeged, Kiskunhalas, stb\u2026<\/p>\n<p>175ccm automata v\u00e1lt\u00f3s feln\u0151tt m\u00e9ret\u0171 t\u00fara quad (nagyobb 13-14 \u00e9ves gyerekek is k\u00f6nnyen elvezetik)<\/p>\n<p>Nagym\u00e9ret\u0171 10 colos kerekekkel rendelkezik, hossz\u00fat\u00e1von is nagyon k\u00e9nyelmes vele a quadoz\u00e1s.<\/p>\n<p>El\u0151l h\u00e1tul t\u00e1rcsaf\u00e9kkel rendelkezik melyek t\u00f6k\u00e9letesen biztos\u00edtj\u00e1k a j\u00e1rm\u0171 biztons\u00e1gos meg\u00e1ll\u00e1s\u00e1t.<\/p>\n<p>L\u00e9gh\u0171t\u00e9ses automata v\u00e1lt\u00f3s motor minden terepen kiv\u00e1l\u00f3an meg\u00e1llja a hely\u00e9t \u00e9s nagyon egyszer\u0171 a vezet\u00e9se.<\/p>\n<p>Aj\u00e1nljuk vad\u0151r\u00f6knek, vad\u00e1szoknak, erd\u00e9szeknek, mez\u0151\u0151r\u00f6knek is ezt a quadot, mely igen strapab\u00edr\u00f3 \u00e9s megb\u00edzhat\u00f3 modell.<\/p>\n<p>Von\u00f3horog : szabv\u00e1ny m\u00e9ret\u0171<\/p>\n<p>Motor: 1 hengeres,N\u00e9gy\u00fctem\u0171<br \/>\nH\u0171t\u00e9s: L\u00e9gh\u0171t\u00e9s<br \/>\nL\u00f6kett\u00e9rfogat: 175ccm<br \/>\nMax. nyomat\u00e9k: 9.8Nm\/5500r\/min<br \/>\nMax. teljes\u00edtm\u00e9ny: 8.5kW(11LE)\/8500r\/min<br \/>\nMax. sebess\u00e9g: 65km\/h<br \/>\nGy\u00fajt\u00e1s: CDI<br \/>\nInd\u00edt\u00e1s: \u00d6nind\u00edt\u00f3,Ber\u00fag\u00f3<br \/>\nSebess\u00e9gv\u00e1lt\u00f3: Fokozatmentes automata v\u00e1lt\u00f3+h\u00e1tramenet<br \/>\nKer\u00e9k: Ac\u00e9lfelni<br \/>\nEls\u0151 f\u00e9k: 2\u00d7t\u00e1rcsaf\u00e9k<br \/>\nH\u00e1ts\u00f3 f\u00e9k: 1\u00d7T\u00e1rcsaf\u00e9k<br \/>\nGumim\u00e9ret el\u00f6l: 21\u00d77\/10<br \/>\nGumim\u00e9ret h\u00e1tul: 20\u00d710\/10<br \/>\nLeng\u00e9scsillap\u00edt\u00f3 el\u00f6l: 2db Hidraulikus<br \/>\nLeng\u00e9scsillap\u00edt\u00f3 h\u00e1tul: 1db Hidraulikus<br \/>\nKer\u00e9k meghajt\u00e1s: L\u00e1nc<br \/>\n\u00dczemanyag: 95 okt.,Benzin<br \/>\nTank: 5 Liter<br \/>\nNett\u00f3 t\u00f6meg: 154kg<br \/>\nMax. terhel\u00e9s: 120kg<br \/>\nHossz\u00fas\u00e1g: 186cm<br \/>\nSz\u00e9less\u00e9g: 105cm<br \/>\nMagass\u00e1g: 110cm<br \/>\n\u00dcl\u00e9s magass\u00e1g: 82cm<br \/>\nAkkumul\u00e1tor: 12V\/9Ah<br \/>\nUtcai v\u00e1ltozat: Nem<br \/>\nSz\u00e1ll\u00edthat\u00f3 szem\u00e9ly: 1<\/p>\n<p>c17c<\/p>\n<p>&#8211; &#8211; &#8211;<br \/>\n<!--kkod_start--><\/p>\n<div class=\"kkod-visible\">kkod:93<\/div>\n<p><!--kkod_end--><\/p>","protected":false},"excerpt":{"rendered":"<p>Bull 200 AUTOMATA QUAD<\/p>\n<p>Ez a term\u00e9k k\u00f6z\u00fati forgalomban nem vehet r\u00e9szt!!!<\/p>","protected":false},"featured_media":27684,"comment_status":"open","ping_status":"closed","template":"","meta":[],"product_brand":[],"product_cat":[92],"product_tag":[],"class_list":{"0":"post-28415","1":"product","2":"type-product","3":"status-publish","4":"has-post-thumbnail","6":"product_cat-felnott-quadok","7":"product_shipping_class-tulmeret-1","9":"first","10":"instock","11":"shipping-taxable","12":"purchasable","13":"product-type-simple"},"yoast_head":"<!-- This site is optimized with the Yoast SEO plugin v27.5 - https:\/\/yoast.com\/product\/yoast-seo-wordpress\/ -->\n<title>Feln\u0151tt quad bull 200 - quadalkatreszek.com<\/title>\n<meta name=\"description\" content=\"Feln\u0151tt quad Amerikai piacra k\u00e9sz\u00fclt magas min\u0151s\u00e9g\u0171, pr\u00e9mium kateg\u00f3ri\u00e1s k\u00ednai j\u00e1rm\u0171 nagyon kedvez\u0151 \u00e1ron! omolyabb min\u0151s\u00e9g\u0171 \u00e9s modern formatervez\u00e9s\u0171 ,\" \/>\n<meta name=\"robots\" content=\"index, follow, max-snippet:-1, max-image-preview:large, max-video-preview:-1\" \/>\n<link rel=\"canonical\" href=\"https:\/\/quadalkatreszek.com\/en\/product\/atv175-felnott-quad\/\" \/>\n<meta property=\"og:locale\" content=\"en_US\" \/>\n<meta property=\"og:type\" content=\"article\" \/>\n<meta property=\"og:title\" content=\"Feln\u0151tt quad bull 200 - quadalkatreszek.com\" \/>\n<meta property=\"og:description\" content=\"Feln\u0151tt quad Amerikai piacra k\u00e9sz\u00fclt magas min\u0151s\u00e9g\u0171, pr\u00e9mium kateg\u00f3ri\u00e1s k\u00ednai j\u00e1rm\u0171 nagyon kedvez\u0151 \u00e1ron! omolyabb min\u0151s\u00e9g\u0171 \u00e9s modern formatervez\u00e9s\u0171 ,\" \/>\n<meta property=\"og:url\" content=\"https:\/\/quadalkatreszek.com\/en\/product\/atv175-felnott-quad\/\" \/>\n<meta property=\"og:site_name\" content=\"quadalkatreszek.com\" \/>\n<meta property=\"article:modified_time\" content=\"2026-04-17T06:59:12+00:00\" \/>\n<meta property=\"og:image\" content=\"https:\/\/quadalkatreszek.com\/wp-content\/uploads\/2022\/06\/23d.jpg\" \/>\n\t<meta property=\"og:image:width\" content=\"500\" \/>\n\t<meta property=\"og:image:height\" content=\"375\" \/>\n\t<meta property=\"og:image:type\" content=\"image\/jpeg\" \/>\n<meta name=\"twitter:card\" content=\"summary_large_image\" \/>\n<meta name=\"twitter:label1\" content=\"Est. reading time\" \/>\n\t<meta name=\"twitter:data1\" content=\"1 minute\" \/>\n<script type=\"application\/ld+json\" class=\"yoast-schema-graph\">{\"@context\":\"https:\\\/\\\/schema.org\",\"@graph\":[{\"@type\":\"WebPage\",\"@id\":\"https:\\\/\\\/quadalkatreszek.com\\\/product\\\/atv175-felnott-quad\\\/\",\"url\":\"https:\\\/\\\/quadalkatreszek.com\\\/product\\\/atv175-felnott-quad\\\/\",\"name\":\"Feln\u0151tt quad bull 200 - quadalkatreszek.com\",\"isPartOf\":{\"@id\":\"https:\\\/\\\/quadalkatreszek.com\\\/#website\"},\"primaryImageOfPage\":{\"@id\":\"https:\\\/\\\/quadalkatreszek.com\\\/product\\\/atv175-felnott-quad\\\/#primaryimage\"},\"image\":{\"@id\":\"https:\\\/\\\/quadalkatreszek.com\\\/product\\\/atv175-felnott-quad\\\/#primaryimage\"},\"thumbnailUrl\":\"https:\\\/\\\/quadalkatreszek.com\\\/wp-content\\\/uploads\\\/2022\\\/06\\\/23d.jpg\",\"datePublished\":\"2022-06-28T14:05:53+00:00\",\"dateModified\":\"2026-04-17T06:59:12+00:00\",\"description\":\"Feln\u0151tt quad Amerikai piacra k\u00e9sz\u00fclt magas min\u0151s\u00e9g\u0171, pr\u00e9mium kateg\u00f3ri\u00e1s k\u00ednai j\u00e1rm\u0171 nagyon kedvez\u0151 \u00e1ron! omolyabb min\u0151s\u00e9g\u0171 \u00e9s modern formatervez\u00e9s\u0171 ,\",\"breadcrumb\":{\"@id\":\"https:\\\/\\\/quadalkatreszek.com\\\/product\\\/atv175-felnott-quad\\\/#breadcrumb\"},\"inLanguage\":\"en-US\",\"potentialAction\":[{\"@type\":\"ReadAction\",\"target\":[\"https:\\\/\\\/quadalkatreszek.com\\\/product\\\/atv175-felnott-quad\\\/\"]}]},{\"@type\":\"ImageObject\",\"inLanguage\":\"en-US\",\"@id\":\"https:\\\/\\\/quadalkatreszek.com\\\/product\\\/atv175-felnott-quad\\\/#primaryimage\",\"url\":\"https:\\\/\\\/quadalkatreszek.com\\\/wp-content\\\/uploads\\\/2022\\\/06\\\/23d.jpg\",\"contentUrl\":\"https:\\\/\\\/quadalkatreszek.com\\\/wp-content\\\/uploads\\\/2022\\\/06\\\/23d.jpg\",\"width\":500,\"height\":375,\"caption\":\"Feln\u0151tt quad\"},{\"@type\":\"BreadcrumbList\",\"@id\":\"https:\\\/\\\/quadalkatreszek.com\\\/product\\\/atv175-felnott-quad\\\/#breadcrumb\",\"itemListElement\":[{\"@type\":\"ListItem\",\"position\":1,\"name\":\"Kezd\u0151lap\",\"item\":\"https:\\\/\\\/quadalkatreszek.com\\\/\"},{\"@type\":\"ListItem\",\"position\":2,\"name\":\"Shop\",\"item\":\"https:\\\/\\\/quadalkatreszek.com\\\/shop\\\/\"},{\"@type\":\"ListItem\",\"position\":3,\"name\":\"Atv175 feln\u0151tt quad\"}]},{\"@type\":\"WebSite\",\"@id\":\"https:\\\/\\\/quadalkatreszek.com\\\/#website\",\"url\":\"https:\\\/\\\/quadalkatreszek.com\\\/\",\"name\":\"quadalkatreszek.com\",\"description\":\"alkatr\u00e9szek - azonnal - rakt\u00e1rr\u00f3l\",\"publisher\":{\"@id\":\"https:\\\/\\\/quadalkatreszek.com\\\/#organization\"},\"potentialAction\":[{\"@type\":\"SearchAction\",\"target\":{\"@type\":\"EntryPoint\",\"urlTemplate\":\"https:\\\/\\\/quadalkatreszek.com\\\/?s={search_term_string}\"},\"query-input\":{\"@type\":\"PropertyValueSpecification\",\"valueRequired\":true,\"valueName\":\"search_term_string\"}}],\"inLanguage\":\"en-US\"},{\"@type\":\"Organization\",\"@id\":\"https:\\\/\\\/quadalkatreszek.com\\\/#organization\",\"name\":\"quadalkatreszek.com\",\"url\":\"https:\\\/\\\/quadalkatreszek.com\\\/\",\"logo\":{\"@type\":\"ImageObject\",\"inLanguage\":\"en-US\",\"@id\":\"https:\\\/\\\/quadalkatreszek.com\\\/#\\\/schema\\\/logo\\\/image\\\/\",\"url\":\"https:\\\/\\\/quadalkatreszek.com\\\/wp-content\\\/uploads\\\/2023\\\/01\\\/korlogo-2.png\",\"contentUrl\":\"https:\\\/\\\/quadalkatreszek.com\\\/wp-content\\\/uploads\\\/2023\\\/01\\\/korlogo-2.png\",\"width\":866,\"height\":866,\"caption\":\"quadalkatreszek.com\"},\"image\":{\"@id\":\"https:\\\/\\\/quadalkatreszek.com\\\/#\\\/schema\\\/logo\\\/image\\\/\"}}]}<\/script>\n<!-- \/ Yoast SEO plugin. -->","yoast_head_json":{"title":"Feln\u0151tt quad bull 200 - quadalkatreszek.com","description":"Feln\u0151tt quad Amerikai piacra k\u00e9sz\u00fclt magas min\u0151s\u00e9g\u0171, pr\u00e9mium kateg\u00f3ri\u00e1s k\u00ednai j\u00e1rm\u0171 nagyon kedvez\u0151 \u00e1ron! omolyabb min\u0151s\u00e9g\u0171 \u00e9s modern formatervez\u00e9s\u0171 ,","robots":{"index":"index","follow":"follow","max-snippet":"max-snippet:-1","max-image-preview":"max-image-preview:large","max-video-preview":"max-video-preview:-1"},"canonical":"https:\/\/quadalkatreszek.com\/en\/product\/atv175-felnott-quad\/","og_locale":"en_US","og_type":"article","og_title":"Feln\u0151tt quad bull 200 - quadalkatreszek.com","og_description":"Feln\u0151tt quad Amerikai piacra k\u00e9sz\u00fclt magas min\u0151s\u00e9g\u0171, pr\u00e9mium kateg\u00f3ri\u00e1s k\u00ednai j\u00e1rm\u0171 nagyon kedvez\u0151 \u00e1ron! omolyabb min\u0151s\u00e9g\u0171 \u00e9s modern formatervez\u00e9s\u0171 ,","og_url":"https:\/\/quadalkatreszek.com\/en\/product\/atv175-felnott-quad\/","og_site_name":"quadalkatreszek.com","article_modified_time":"2026-04-17T06:59:12+00:00","og_image":[{"width":500,"height":375,"url":"https:\/\/quadalkatreszek.com\/wp-content\/uploads\/2022\/06\/23d.jpg","type":"image\/jpeg"}],"twitter_card":"summary_large_image","twitter_misc":{"Est. reading time":"1 minute"},"schema":{"@context":"https:\/\/schema.org","@graph":[{"@type":"WebPage","@id":"https:\/\/quadalkatreszek.com\/product\/atv175-felnott-quad\/","url":"https:\/\/quadalkatreszek.com\/product\/atv175-felnott-quad\/","name":"Feln\u0151tt quad bull 200 - quadalkatreszek.com","isPartOf":{"@id":"https:\/\/quadalkatreszek.com\/#website"},"primaryImageOfPage":{"@id":"https:\/\/quadalkatreszek.com\/product\/atv175-felnott-quad\/#primaryimage"},"image":{"@id":"https:\/\/quadalkatreszek.com\/product\/atv175-felnott-quad\/#primaryimage"},"thumbnailUrl":"https:\/\/quadalkatreszek.com\/wp-content\/uploads\/2022\/06\/23d.jpg","datePublished":"2022-06-28T14:05:53+00:00","dateModified":"2026-04-17T06:59:12+00:00","description":"Feln\u0151tt quad Amerikai piacra k\u00e9sz\u00fclt magas min\u0151s\u00e9g\u0171, pr\u00e9mium kateg\u00f3ri\u00e1s k\u00ednai j\u00e1rm\u0171 nagyon kedvez\u0151 \u00e1ron! omolyabb min\u0151s\u00e9g\u0171 \u00e9s modern formatervez\u00e9s\u0171 ,","breadcrumb":{"@id":"https:\/\/quadalkatreszek.com\/product\/atv175-felnott-quad\/#breadcrumb"},"inLanguage":"en-US","potentialAction":[{"@type":"ReadAction","target":["https:\/\/quadalkatreszek.com\/product\/atv175-felnott-quad\/"]}]},{"@type":"ImageObject","inLanguage":"en-US","@id":"https:\/\/quadalkatreszek.com\/product\/atv175-felnott-quad\/#primaryimage","url":"https:\/\/quadalkatreszek.com\/wp-content\/uploads\/2022\/06\/23d.jpg","contentUrl":"https:\/\/quadalkatreszek.com\/wp-content\/uploads\/2022\/06\/23d.jpg","width":500,"height":375,"caption":"Feln\u0151tt quad"},{"@type":"BreadcrumbList","@id":"https:\/\/quadalkatreszek.com\/product\/atv175-felnott-quad\/#breadcrumb","itemListElement":[{"@type":"ListItem","position":1,"name":"Kezd\u0151lap","item":"https:\/\/quadalkatreszek.com\/"},{"@type":"ListItem","position":2,"name":"Shop","item":"https:\/\/quadalkatreszek.com\/shop\/"},{"@type":"ListItem","position":3,"name":"Atv175 feln\u0151tt quad"}]},{"@type":"WebSite","@id":"https:\/\/quadalkatreszek.com\/#website","url":"https:\/\/quadalkatreszek.com\/","name":"quadalkatreszek.com","description":"alkatr\u00e9szek - azonnal - rakt\u00e1rr\u00f3l","publisher":{"@id":"https:\/\/quadalkatreszek.com\/#organization"},"potentialAction":[{"@type":"SearchAction","target":{"@type":"EntryPoint","urlTemplate":"https:\/\/quadalkatreszek.com\/?s={search_term_string}"},"query-input":{"@type":"PropertyValueSpecification","valueRequired":true,"valueName":"search_term_string"}}],"inLanguage":"en-US"},{"@type":"Organization","@id":"https:\/\/quadalkatreszek.com\/#organization","name":"quadalkatreszek.com","url":"https:\/\/quadalkatreszek.com\/","logo":{"@type":"ImageObject","inLanguage":"en-US","@id":"https:\/\/quadalkatreszek.com\/#\/schema\/logo\/image\/","url":"https:\/\/quadalkatreszek.com\/wp-content\/uploads\/2023\/01\/korlogo-2.png","contentUrl":"https:\/\/quadalkatreszek.com\/wp-content\/uploads\/2023\/01\/korlogo-2.png","width":866,"height":866,"caption":"quadalkatreszek.com"},"image":{"@id":"https:\/\/quadalkatreszek.com\/#\/schema\/logo\/image\/"}}]}},"_links":{"self":[{"href":"https:\/\/quadalkatreszek.com\/en\/wp-json\/wp\/v2\/product\/28415","targetHints":{"allow":["GET"]}}],"collection":[{"href":"https:\/\/quadalkatreszek.com\/en\/wp-json\/wp\/v2\/product"}],"about":[{"href":"https:\/\/quadalkatreszek.com\/en\/wp-json\/wp\/v2\/types\/product"}],"replies":[{"embeddable":true,"href":"https:\/\/quadalkatreszek.com\/en\/wp-json\/wp\/v2\/comments?post=28415"}],"wp:featuredmedia":[{"embeddable":true,"href":"https:\/\/quadalkatreszek.com\/en\/wp-json\/wp\/v2\/media\/27684"}],"wp:attachment":[{"href":"https:\/\/quadalkatreszek.com\/en\/wp-json\/wp\/v2\/media?parent=28415"}],"wp:term":[{"taxonomy":"product_brand","embeddable":true,"href":"https:\/\/quadalkatreszek.com\/en\/wp-json\/wp\/v2\/product_brand?post=28415"},{"taxonomy":"product_cat","embeddable":true,"href":"https:\/\/quadalkatreszek.com\/en\/wp-json\/wp\/v2\/product_cat?post=28415"},{"taxonomy":"product_tag","embeddable":true,"href":"https:\/\/quadalkatreszek.com\/en\/wp-json\/wp\/v2\/product_tag?post=28415"}],"curies":[{"name":"wp","href":"https:\/\/api.w.org\/{rel}","templated":true}]}}