{"id":28504,"date":"2022-06-28T15:06:07","date_gmt":"2022-06-28T14:06:07","guid":{"rendered":"https:\/\/quadalkatreszek.com\/product\/elso-felni-2\/"},"modified":"2025-11-18T13:56:56","modified_gmt":"2025-11-18T12:56:56","slug":"8-colos-elso-quad-felni-2","status":"publish","type":"product","link":"https:\/\/quadalkatreszek.com\/en\/product\/8-colos-elso-quad-felni-2\/","title":{"rendered":"8 colos els\u0151 quad felni"},"content":{"rendered":"<p>8 colos els\u0151 quad felni<\/p>\n<p>.Els\u0151 t\u00e1rcsaf\u00e9kes quadhoz 8-as m\u00e9retben.<\/p>\n<p>Csavart\u00e1vols\u00e1g: 11cm.<\/p>\n<p>K\u00f6z\u00e9pfurat:9cm.<\/p>\n<p>c128c<\/p>\n<p>&#8211; &#8211; &#8211;<br \/>\n<!--kkod_start--><\/p>\n<div class=\"kkod-visible\">kkod:146<\/div>\n<p><!--kkod_end--><\/p>","protected":false},"excerpt":{"rendered":"<p>8 colos els\u0151 quad felni<\/p>\n<p>Els\u0151 t\u00e1rcsaf\u00e9kes quadhoz 8-as m\u00e9retben. Csavart\u00e1vols\u00e1g: 11cm.<br \/>\nK\u00f6z\u00e9pfurat:9cm.<\/p>","protected":false},"featured_media":24035,"comment_status":"open","ping_status":"closed","template":"","meta":[],"product_brand":[],"product_cat":[67],"product_tag":[],"class_list":{"0":"post-28504","1":"product","2":"type-product","3":"status-publish","4":"has-post-thumbnail","6":"product_cat-atv-quad-felnik","8":"first","9":"instock","10":"shipping-taxable","11":"purchasable","12":"product-type-simple"},"yoast_head":"<!-- This site is optimized with the Yoast SEO plugin v27.5 - https:\/\/yoast.com\/product\/yoast-seo-wordpress\/ -->\n<title>8 colos els\u0151 quad felni- quadalkatreszek.com<\/title>\n<meta name=\"description\" content=\"8 colos els\u0151 quad felni .Els\u0151 t\u00e1rcsaf\u00e9kes quadhoz 8-as m\u00e9retben. Csavart\u00e1vols\u00e1g: 11cm. K\u00f6z\u00e9pfurat:9cm.T\u00f6bb ezer k\u00ednai quad \u00e9s dirt bike alkatr\u00e9sz azonnal\" \/>\n<meta name=\"robots\" content=\"index, follow, max-snippet:-1, max-image-preview:large, max-video-preview:-1\" \/>\n<link rel=\"canonical\" href=\"https:\/\/quadalkatreszek.com\/en\/product\/8-colos-elso-quad-felni-2\/\" \/>\n<meta property=\"og:locale\" content=\"en_US\" \/>\n<meta property=\"og:type\" content=\"article\" \/>\n<meta property=\"og:title\" content=\"8 colos els\u0151 quad felni- quadalkatreszek.com\" \/>\n<meta property=\"og:description\" content=\"8 colos els\u0151 quad felni .Els\u0151 t\u00e1rcsaf\u00e9kes quadhoz 8-as m\u00e9retben. Csavart\u00e1vols\u00e1g: 11cm. K\u00f6z\u00e9pfurat:9cm.T\u00f6bb ezer k\u00ednai quad \u00e9s dirt bike alkatr\u00e9sz azonnal\" \/>\n<meta property=\"og:url\" content=\"https:\/\/quadalkatreszek.com\/en\/product\/8-colos-elso-quad-felni-2\/\" \/>\n<meta property=\"og:site_name\" content=\"quadalkatreszek.com\" \/>\n<meta property=\"article:modified_time\" content=\"2025-11-18T12:56:56+00:00\" \/>\n<meta property=\"og:image\" content=\"https:\/\/quadalkatreszek.com\/wp-content\/uploads\/2022\/06\/128-elso-felni.jpg\" \/>\n\t<meta property=\"og:image:width\" content=\"400\" \/>\n\t<meta property=\"og:image:height\" content=\"300\" \/>\n\t<meta property=\"og:image:type\" content=\"image\/jpeg\" \/>\n<meta name=\"twitter:card\" content=\"summary_large_image\" \/>\n<meta name=\"twitter:label1\" content=\"Est. reading time\" \/>\n\t<meta name=\"twitter:data1\" content=\"1 minute\" \/>\n<script type=\"application\/ld+json\" class=\"yoast-schema-graph\">{\"@context\":\"https:\\\/\\\/schema.org\",\"@graph\":[{\"@type\":\"WebPage\",\"@id\":\"https:\\\/\\\/quadalkatreszek.com\\\/product\\\/8-colos-elso-quad-felni-2\\\/\",\"url\":\"https:\\\/\\\/quadalkatreszek.com\\\/product\\\/8-colos-elso-quad-felni-2\\\/\",\"name\":\"8 colos els\u0151 quad felni- quadalkatreszek.com\",\"isPartOf\":{\"@id\":\"https:\\\/\\\/quadalkatreszek.com\\\/#website\"},\"primaryImageOfPage\":{\"@id\":\"https:\\\/\\\/quadalkatreszek.com\\\/product\\\/8-colos-elso-quad-felni-2\\\/#primaryimage\"},\"image\":{\"@id\":\"https:\\\/\\\/quadalkatreszek.com\\\/product\\\/8-colos-elso-quad-felni-2\\\/#primaryimage\"},\"thumbnailUrl\":\"https:\\\/\\\/quadalkatreszek.com\\\/wp-content\\\/uploads\\\/2022\\\/06\\\/128-elso-felni.jpg\",\"datePublished\":\"2022-06-28T14:06:07+00:00\",\"dateModified\":\"2025-11-18T12:56:56+00:00\",\"description\":\"8 colos els\u0151 quad felni .Els\u0151 t\u00e1rcsaf\u00e9kes quadhoz 8-as m\u00e9retben. Csavart\u00e1vols\u00e1g: 11cm. K\u00f6z\u00e9pfurat:9cm.T\u00f6bb ezer k\u00ednai quad \u00e9s dirt bike alkatr\u00e9sz azonnal\",\"breadcrumb\":{\"@id\":\"https:\\\/\\\/quadalkatreszek.com\\\/product\\\/8-colos-elso-quad-felni-2\\\/#breadcrumb\"},\"inLanguage\":\"en-US\",\"potentialAction\":[{\"@type\":\"ReadAction\",\"target\":[\"https:\\\/\\\/quadalkatreszek.com\\\/product\\\/8-colos-elso-quad-felni-2\\\/\"]}]},{\"@type\":\"ImageObject\",\"inLanguage\":\"en-US\",\"@id\":\"https:\\\/\\\/quadalkatreszek.com\\\/product\\\/8-colos-elso-quad-felni-2\\\/#primaryimage\",\"url\":\"https:\\\/\\\/quadalkatreszek.com\\\/wp-content\\\/uploads\\\/2022\\\/06\\\/128-elso-felni.jpg\",\"contentUrl\":\"https:\\\/\\\/quadalkatreszek.com\\\/wp-content\\\/uploads\\\/2022\\\/06\\\/128-elso-felni.jpg\",\"width\":400,\"height\":300,\"caption\":\"8 colos els\u0151 quad felni\"},{\"@type\":\"BreadcrumbList\",\"@id\":\"https:\\\/\\\/quadalkatreszek.com\\\/product\\\/8-colos-elso-quad-felni-2\\\/#breadcrumb\",\"itemListElement\":[{\"@type\":\"ListItem\",\"position\":1,\"name\":\"Kezd\u0151lap\",\"item\":\"https:\\\/\\\/quadalkatreszek.com\\\/\"},{\"@type\":\"ListItem\",\"position\":2,\"name\":\"Shop\",\"item\":\"https:\\\/\\\/quadalkatreszek.com\\\/shop\\\/\"},{\"@type\":\"ListItem\",\"position\":3,\"name\":\"8 colos els\u0151 quad felni\"}]},{\"@type\":\"WebSite\",\"@id\":\"https:\\\/\\\/quadalkatreszek.com\\\/#website\",\"url\":\"https:\\\/\\\/quadalkatreszek.com\\\/\",\"name\":\"quadalkatreszek.com\",\"description\":\"alkatr\u00e9szek - azonnal - rakt\u00e1rr\u00f3l\",\"publisher\":{\"@id\":\"https:\\\/\\\/quadalkatreszek.com\\\/#organization\"},\"potentialAction\":[{\"@type\":\"SearchAction\",\"target\":{\"@type\":\"EntryPoint\",\"urlTemplate\":\"https:\\\/\\\/quadalkatreszek.com\\\/?s={search_term_string}\"},\"query-input\":{\"@type\":\"PropertyValueSpecification\",\"valueRequired\":true,\"valueName\":\"search_term_string\"}}],\"inLanguage\":\"en-US\"},{\"@type\":\"Organization\",\"@id\":\"https:\\\/\\\/quadalkatreszek.com\\\/#organization\",\"name\":\"quadalkatreszek.com\",\"url\":\"https:\\\/\\\/quadalkatreszek.com\\\/\",\"logo\":{\"@type\":\"ImageObject\",\"inLanguage\":\"en-US\",\"@id\":\"https:\\\/\\\/quadalkatreszek.com\\\/#\\\/schema\\\/logo\\\/image\\\/\",\"url\":\"https:\\\/\\\/quadalkatreszek.com\\\/wp-content\\\/uploads\\\/2023\\\/01\\\/korlogo-2.png\",\"contentUrl\":\"https:\\\/\\\/quadalkatreszek.com\\\/wp-content\\\/uploads\\\/2023\\\/01\\\/korlogo-2.png\",\"width\":866,\"height\":866,\"caption\":\"quadalkatreszek.com\"},\"image\":{\"@id\":\"https:\\\/\\\/quadalkatreszek.com\\\/#\\\/schema\\\/logo\\\/image\\\/\"}}]}<\/script>\n<!-- \/ Yoast SEO plugin. -->","yoast_head_json":{"title":"8 colos els\u0151 quad felni- quadalkatreszek.com","description":"8 colos els\u0151 quad felni .Els\u0151 t\u00e1rcsaf\u00e9kes quadhoz 8-as m\u00e9retben. Csavart\u00e1vols\u00e1g: 11cm. K\u00f6z\u00e9pfurat:9cm.T\u00f6bb ezer k\u00ednai quad \u00e9s dirt bike alkatr\u00e9sz azonnal","robots":{"index":"index","follow":"follow","max-snippet":"max-snippet:-1","max-image-preview":"max-image-preview:large","max-video-preview":"max-video-preview:-1"},"canonical":"https:\/\/quadalkatreszek.com\/en\/product\/8-colos-elso-quad-felni-2\/","og_locale":"en_US","og_type":"article","og_title":"8 colos els\u0151 quad felni- quadalkatreszek.com","og_description":"8 colos els\u0151 quad felni .Els\u0151 t\u00e1rcsaf\u00e9kes quadhoz 8-as m\u00e9retben. Csavart\u00e1vols\u00e1g: 11cm. K\u00f6z\u00e9pfurat:9cm.T\u00f6bb ezer k\u00ednai quad \u00e9s dirt bike alkatr\u00e9sz azonnal","og_url":"https:\/\/quadalkatreszek.com\/en\/product\/8-colos-elso-quad-felni-2\/","og_site_name":"quadalkatreszek.com","article_modified_time":"2025-11-18T12:56:56+00:00","og_image":[{"width":400,"height":300,"url":"https:\/\/quadalkatreszek.com\/wp-content\/uploads\/2022\/06\/128-elso-felni.jpg","type":"image\/jpeg"}],"twitter_card":"summary_large_image","twitter_misc":{"Est. reading time":"1 minute"},"schema":{"@context":"https:\/\/schema.org","@graph":[{"@type":"WebPage","@id":"https:\/\/quadalkatreszek.com\/product\/8-colos-elso-quad-felni-2\/","url":"https:\/\/quadalkatreszek.com\/product\/8-colos-elso-quad-felni-2\/","name":"8 colos els\u0151 quad felni- quadalkatreszek.com","isPartOf":{"@id":"https:\/\/quadalkatreszek.com\/#website"},"primaryImageOfPage":{"@id":"https:\/\/quadalkatreszek.com\/product\/8-colos-elso-quad-felni-2\/#primaryimage"},"image":{"@id":"https:\/\/quadalkatreszek.com\/product\/8-colos-elso-quad-felni-2\/#primaryimage"},"thumbnailUrl":"https:\/\/quadalkatreszek.com\/wp-content\/uploads\/2022\/06\/128-elso-felni.jpg","datePublished":"2022-06-28T14:06:07+00:00","dateModified":"2025-11-18T12:56:56+00:00","description":"8 colos els\u0151 quad felni .Els\u0151 t\u00e1rcsaf\u00e9kes quadhoz 8-as m\u00e9retben. Csavart\u00e1vols\u00e1g: 11cm. K\u00f6z\u00e9pfurat:9cm.T\u00f6bb ezer k\u00ednai quad \u00e9s dirt bike alkatr\u00e9sz azonnal","breadcrumb":{"@id":"https:\/\/quadalkatreszek.com\/product\/8-colos-elso-quad-felni-2\/#breadcrumb"},"inLanguage":"en-US","potentialAction":[{"@type":"ReadAction","target":["https:\/\/quadalkatreszek.com\/product\/8-colos-elso-quad-felni-2\/"]}]},{"@type":"ImageObject","inLanguage":"en-US","@id":"https:\/\/quadalkatreszek.com\/product\/8-colos-elso-quad-felni-2\/#primaryimage","url":"https:\/\/quadalkatreszek.com\/wp-content\/uploads\/2022\/06\/128-elso-felni.jpg","contentUrl":"https:\/\/quadalkatreszek.com\/wp-content\/uploads\/2022\/06\/128-elso-felni.jpg","width":400,"height":300,"caption":"8 colos els\u0151 quad felni"},{"@type":"BreadcrumbList","@id":"https:\/\/quadalkatreszek.com\/product\/8-colos-elso-quad-felni-2\/#breadcrumb","itemListElement":[{"@type":"ListItem","position":1,"name":"Kezd\u0151lap","item":"https:\/\/quadalkatreszek.com\/"},{"@type":"ListItem","position":2,"name":"Shop","item":"https:\/\/quadalkatreszek.com\/shop\/"},{"@type":"ListItem","position":3,"name":"8 colos els\u0151 quad felni"}]},{"@type":"WebSite","@id":"https:\/\/quadalkatreszek.com\/#website","url":"https:\/\/quadalkatreszek.com\/","name":"quadalkatreszek.com","description":"alkatr\u00e9szek - azonnal - rakt\u00e1rr\u00f3l","publisher":{"@id":"https:\/\/quadalkatreszek.com\/#organization"},"potentialAction":[{"@type":"SearchAction","target":{"@type":"EntryPoint","urlTemplate":"https:\/\/quadalkatreszek.com\/?s={search_term_string}"},"query-input":{"@type":"PropertyValueSpecification","valueRequired":true,"valueName":"search_term_string"}}],"inLanguage":"en-US"},{"@type":"Organization","@id":"https:\/\/quadalkatreszek.com\/#organization","name":"quadalkatreszek.com","url":"https:\/\/quadalkatreszek.com\/","logo":{"@type":"ImageObject","inLanguage":"en-US","@id":"https:\/\/quadalkatreszek.com\/#\/schema\/logo\/image\/","url":"https:\/\/quadalkatreszek.com\/wp-content\/uploads\/2023\/01\/korlogo-2.png","contentUrl":"https:\/\/quadalkatreszek.com\/wp-content\/uploads\/2023\/01\/korlogo-2.png","width":866,"height":866,"caption":"quadalkatreszek.com"},"image":{"@id":"https:\/\/quadalkatreszek.com\/#\/schema\/logo\/image\/"}}]}},"_links":{"self":[{"href":"https:\/\/quadalkatreszek.com\/en\/wp-json\/wp\/v2\/product\/28504","targetHints":{"allow":["GET"]}}],"collection":[{"href":"https:\/\/quadalkatreszek.com\/en\/wp-json\/wp\/v2\/product"}],"about":[{"href":"https:\/\/quadalkatreszek.com\/en\/wp-json\/wp\/v2\/types\/product"}],"replies":[{"embeddable":true,"href":"https:\/\/quadalkatreszek.com\/en\/wp-json\/wp\/v2\/comments?post=28504"}],"wp:featuredmedia":[{"embeddable":true,"href":"https:\/\/quadalkatreszek.com\/en\/wp-json\/wp\/v2\/media\/24035"}],"wp:attachment":[{"href":"https:\/\/quadalkatreszek.com\/en\/wp-json\/wp\/v2\/media?parent=28504"}],"wp:term":[{"taxonomy":"product_brand","embeddable":true,"href":"https:\/\/quadalkatreszek.com\/en\/wp-json\/wp\/v2\/product_brand?post=28504"},{"taxonomy":"product_cat","embeddable":true,"href":"https:\/\/quadalkatreszek.com\/en\/wp-json\/wp\/v2\/product_cat?post=28504"},{"taxonomy":"product_tag","embeddable":true,"href":"https:\/\/quadalkatreszek.com\/en\/wp-json\/wp\/v2\/product_tag?post=28504"}],"curies":[{"name":"wp","href":"https:\/\/api.w.org\/{rel}","templated":true}]}}