{"id":28520,"date":"2022-06-28T15:06:10","date_gmt":"2022-06-28T14:06:10","guid":{"rendered":"https:\/\/quadalkatreszek.com\/product\/18x9-5-8-quad-gumi\/"},"modified":"2026-03-28T07:51:56","modified_gmt":"2026-03-28T06:51:56","slug":"18x9-5-8-quad-hatso-gumi","status":"publish","type":"product","link":"https:\/\/quadalkatreszek.com\/en\/product\/18x9-5-8-quad-hatso-gumi\/","title":{"rendered":"18X9.5-8 quad h\u00e1ts\u00f3 gumi"},"content":{"rendered":"<p>18X9.50-8 quad h\u00e1ts\u00f3 gumi<\/p>\n<p>Wanda Tyre h\u00e1ts\u00f3 quad gumi 18X9.5-8 (P311)<\/p>\n<p>18X9.50-8 quad h\u00e1ts\u00f3 gumi<\/p>\n<p>c144c<\/p>\n<p>, 96, 96<br \/>\n&#8211; &#8211; &#8211;<br \/>\n<!--kkod_start--><\/p>\n<div class=\"kkod-visible\">kkod:96<\/div>\n<p><!--kkod_end--><\/p>","protected":false},"excerpt":{"rendered":"<p>18X9.50-8 quad h\u00e1ts\u00f3 gumi\u00a0 Wanda Tyre (P311)<\/p>","protected":false},"featured_media":24061,"comment_status":"open","ping_status":"closed","template":"","meta":[],"product_brand":[],"product_cat":[95,171,84],"product_tag":[],"class_list":{"0":"post-28520","1":"product","2":"type-product","3":"status-publish","4":"has-post-thumbnail","6":"product_cat-akcios-termekek","7":"product_cat-osszes-gumi","8":"product_cat-quad-atv-gumik","10":"first","11":"instock","12":"shipping-taxable","13":"purchasable","14":"product-type-simple"},"yoast_head":"<!-- This site is optimized with the Yoast SEO plugin v27.4 - https:\/\/yoast.com\/product\/yoast-seo-wordpress\/ -->\n<title>18X9.50-8 quad h\u00e1ts\u00f3 gumi - quadalkatreszek.com<\/title>\n<meta name=\"description\" content=\"18X9.50-8 quad h\u00e1ts\u00f3 gumi Quad gumik minden m\u00e9retben k\u00ednai quadokhoz \u00e9s motorokhoz, egyenesen az import\u0151rt\u0151l a legjobb \u00e1ron! Ak\u00e1r 24-48 \u00f3r\u00e1n bel\u00fcli sz\u00e1ll\u00edt\u00e1s\" \/>\n<meta name=\"robots\" content=\"index, follow, max-snippet:-1, max-image-preview:large, max-video-preview:-1\" \/>\n<link rel=\"canonical\" href=\"https:\/\/quadalkatreszek.com\/en\/product\/18x9-5-8-quad-hatso-gumi\/\" \/>\n<meta property=\"og:locale\" content=\"en_US\" \/>\n<meta property=\"og:type\" content=\"article\" \/>\n<meta property=\"og:title\" content=\"18X9.50-8 quad h\u00e1ts\u00f3 gumi - quadalkatreszek.com\" \/>\n<meta property=\"og:description\" content=\"18X9.50-8 quad h\u00e1ts\u00f3 gumi Quad gumik minden m\u00e9retben k\u00ednai quadokhoz \u00e9s motorokhoz, egyenesen az import\u0151rt\u0151l a legjobb \u00e1ron! Ak\u00e1r 24-48 \u00f3r\u00e1n bel\u00fcli sz\u00e1ll\u00edt\u00e1s\" \/>\n<meta property=\"og:url\" content=\"https:\/\/quadalkatreszek.com\/en\/product\/18x9-5-8-quad-hatso-gumi\/\" \/>\n<meta property=\"og:site_name\" content=\"quadalkatreszek.com\" \/>\n<meta property=\"article:modified_time\" content=\"2026-03-28T06:51:56+00:00\" \/>\n<meta property=\"og:image\" content=\"https:\/\/quadalkatreszek.com\/wp-content\/uploads\/2022\/06\/144-18x9.5-8-quad-gumi.jpg\" \/>\n\t<meta property=\"og:image:width\" content=\"474\" \/>\n\t<meta property=\"og:image:height\" content=\"426\" \/>\n\t<meta property=\"og:image:type\" content=\"image\/jpeg\" \/>\n<meta name=\"twitter:card\" content=\"summary_large_image\" \/>\n<meta name=\"twitter:label1\" content=\"Est. reading time\" \/>\n\t<meta name=\"twitter:data1\" content=\"1 minute\" \/>\n<script type=\"application\/ld+json\" class=\"yoast-schema-graph\">{\"@context\":\"https:\\\/\\\/schema.org\",\"@graph\":[{\"@type\":\"WebPage\",\"@id\":\"https:\\\/\\\/quadalkatreszek.com\\\/product\\\/18x9-5-8-quad-hatso-gumi\\\/\",\"url\":\"https:\\\/\\\/quadalkatreszek.com\\\/product\\\/18x9-5-8-quad-hatso-gumi\\\/\",\"name\":\"18X9.50-8 quad h\u00e1ts\u00f3 gumi - quadalkatreszek.com\",\"isPartOf\":{\"@id\":\"https:\\\/\\\/quadalkatreszek.com\\\/#website\"},\"primaryImageOfPage\":{\"@id\":\"https:\\\/\\\/quadalkatreszek.com\\\/product\\\/18x9-5-8-quad-hatso-gumi\\\/#primaryimage\"},\"image\":{\"@id\":\"https:\\\/\\\/quadalkatreszek.com\\\/product\\\/18x9-5-8-quad-hatso-gumi\\\/#primaryimage\"},\"thumbnailUrl\":\"https:\\\/\\\/quadalkatreszek.com\\\/wp-content\\\/uploads\\\/2022\\\/06\\\/144-18x9.5-8-quad-gumi.jpg\",\"datePublished\":\"2022-06-28T14:06:10+00:00\",\"dateModified\":\"2026-03-28T06:51:56+00:00\",\"description\":\"18X9.50-8 quad h\u00e1ts\u00f3 gumi Quad gumik minden m\u00e9retben k\u00ednai quadokhoz \u00e9s motorokhoz, egyenesen az import\u0151rt\u0151l a legjobb \u00e1ron! Ak\u00e1r 24-48 \u00f3r\u00e1n bel\u00fcli sz\u00e1ll\u00edt\u00e1s\",\"breadcrumb\":{\"@id\":\"https:\\\/\\\/quadalkatreszek.com\\\/product\\\/18x9-5-8-quad-hatso-gumi\\\/#breadcrumb\"},\"inLanguage\":\"en-US\",\"potentialAction\":[{\"@type\":\"ReadAction\",\"target\":[\"https:\\\/\\\/quadalkatreszek.com\\\/product\\\/18x9-5-8-quad-hatso-gumi\\\/\"]}]},{\"@type\":\"ImageObject\",\"inLanguage\":\"en-US\",\"@id\":\"https:\\\/\\\/quadalkatreszek.com\\\/product\\\/18x9-5-8-quad-hatso-gumi\\\/#primaryimage\",\"url\":\"https:\\\/\\\/quadalkatreszek.com\\\/wp-content\\\/uploads\\\/2022\\\/06\\\/144-18x9.5-8-quad-gumi.jpg\",\"contentUrl\":\"https:\\\/\\\/quadalkatreszek.com\\\/wp-content\\\/uploads\\\/2022\\\/06\\\/144-18x9.5-8-quad-gumi.jpg\",\"width\":474,\"height\":426,\"caption\":\"18X9.5-8 quad h\u00e1ts\u00f3 gumi\"},{\"@type\":\"BreadcrumbList\",\"@id\":\"https:\\\/\\\/quadalkatreszek.com\\\/product\\\/18x9-5-8-quad-hatso-gumi\\\/#breadcrumb\",\"itemListElement\":[{\"@type\":\"ListItem\",\"position\":1,\"name\":\"Kezd\u0151lap\",\"item\":\"https:\\\/\\\/quadalkatreszek.com\\\/\"},{\"@type\":\"ListItem\",\"position\":2,\"name\":\"Shop\",\"item\":\"https:\\\/\\\/quadalkatreszek.com\\\/shop\\\/\"},{\"@type\":\"ListItem\",\"position\":3,\"name\":\"18X9.5-8 quad h\u00e1ts\u00f3 gumi\"}]},{\"@type\":\"WebSite\",\"@id\":\"https:\\\/\\\/quadalkatreszek.com\\\/#website\",\"url\":\"https:\\\/\\\/quadalkatreszek.com\\\/\",\"name\":\"quadalkatreszek.com\",\"description\":\"alkatr\u00e9szek - azonnal - rakt\u00e1rr\u00f3l\",\"publisher\":{\"@id\":\"https:\\\/\\\/quadalkatreszek.com\\\/#organization\"},\"potentialAction\":[{\"@type\":\"SearchAction\",\"target\":{\"@type\":\"EntryPoint\",\"urlTemplate\":\"https:\\\/\\\/quadalkatreszek.com\\\/?s={search_term_string}\"},\"query-input\":{\"@type\":\"PropertyValueSpecification\",\"valueRequired\":true,\"valueName\":\"search_term_string\"}}],\"inLanguage\":\"en-US\"},{\"@type\":\"Organization\",\"@id\":\"https:\\\/\\\/quadalkatreszek.com\\\/#organization\",\"name\":\"quadalkatreszek.com\",\"url\":\"https:\\\/\\\/quadalkatreszek.com\\\/\",\"logo\":{\"@type\":\"ImageObject\",\"inLanguage\":\"en-US\",\"@id\":\"https:\\\/\\\/quadalkatreszek.com\\\/#\\\/schema\\\/logo\\\/image\\\/\",\"url\":\"https:\\\/\\\/quadalkatreszek.com\\\/wp-content\\\/uploads\\\/2023\\\/01\\\/korlogo-2.png\",\"contentUrl\":\"https:\\\/\\\/quadalkatreszek.com\\\/wp-content\\\/uploads\\\/2023\\\/01\\\/korlogo-2.png\",\"width\":866,\"height\":866,\"caption\":\"quadalkatreszek.com\"},\"image\":{\"@id\":\"https:\\\/\\\/quadalkatreszek.com\\\/#\\\/schema\\\/logo\\\/image\\\/\"}}]}<\/script>\n<!-- \/ Yoast SEO plugin. -->","yoast_head_json":{"title":"18X9.50-8 quad h\u00e1ts\u00f3 gumi - quadalkatreszek.com","description":"18X9.50-8 quad h\u00e1ts\u00f3 gumi Quad gumik minden m\u00e9retben k\u00ednai quadokhoz \u00e9s motorokhoz, egyenesen az import\u0151rt\u0151l a legjobb \u00e1ron! Ak\u00e1r 24-48 \u00f3r\u00e1n bel\u00fcli sz\u00e1ll\u00edt\u00e1s","robots":{"index":"index","follow":"follow","max-snippet":"max-snippet:-1","max-image-preview":"max-image-preview:large","max-video-preview":"max-video-preview:-1"},"canonical":"https:\/\/quadalkatreszek.com\/en\/product\/18x9-5-8-quad-hatso-gumi\/","og_locale":"en_US","og_type":"article","og_title":"18X9.50-8 quad h\u00e1ts\u00f3 gumi - quadalkatreszek.com","og_description":"18X9.50-8 quad h\u00e1ts\u00f3 gumi Quad gumik minden m\u00e9retben k\u00ednai quadokhoz \u00e9s motorokhoz, egyenesen az import\u0151rt\u0151l a legjobb \u00e1ron! Ak\u00e1r 24-48 \u00f3r\u00e1n bel\u00fcli sz\u00e1ll\u00edt\u00e1s","og_url":"https:\/\/quadalkatreszek.com\/en\/product\/18x9-5-8-quad-hatso-gumi\/","og_site_name":"quadalkatreszek.com","article_modified_time":"2026-03-28T06:51:56+00:00","og_image":[{"width":474,"height":426,"url":"https:\/\/quadalkatreszek.com\/wp-content\/uploads\/2022\/06\/144-18x9.5-8-quad-gumi.jpg","type":"image\/jpeg"}],"twitter_card":"summary_large_image","twitter_misc":{"Est. reading time":"1 minute"},"schema":{"@context":"https:\/\/schema.org","@graph":[{"@type":"WebPage","@id":"https:\/\/quadalkatreszek.com\/product\/18x9-5-8-quad-hatso-gumi\/","url":"https:\/\/quadalkatreszek.com\/product\/18x9-5-8-quad-hatso-gumi\/","name":"18X9.50-8 quad h\u00e1ts\u00f3 gumi - quadalkatreszek.com","isPartOf":{"@id":"https:\/\/quadalkatreszek.com\/#website"},"primaryImageOfPage":{"@id":"https:\/\/quadalkatreszek.com\/product\/18x9-5-8-quad-hatso-gumi\/#primaryimage"},"image":{"@id":"https:\/\/quadalkatreszek.com\/product\/18x9-5-8-quad-hatso-gumi\/#primaryimage"},"thumbnailUrl":"https:\/\/quadalkatreszek.com\/wp-content\/uploads\/2022\/06\/144-18x9.5-8-quad-gumi.jpg","datePublished":"2022-06-28T14:06:10+00:00","dateModified":"2026-03-28T06:51:56+00:00","description":"18X9.50-8 quad h\u00e1ts\u00f3 gumi Quad gumik minden m\u00e9retben k\u00ednai quadokhoz \u00e9s motorokhoz, egyenesen az import\u0151rt\u0151l a legjobb \u00e1ron! Ak\u00e1r 24-48 \u00f3r\u00e1n bel\u00fcli sz\u00e1ll\u00edt\u00e1s","breadcrumb":{"@id":"https:\/\/quadalkatreszek.com\/product\/18x9-5-8-quad-hatso-gumi\/#breadcrumb"},"inLanguage":"en-US","potentialAction":[{"@type":"ReadAction","target":["https:\/\/quadalkatreszek.com\/product\/18x9-5-8-quad-hatso-gumi\/"]}]},{"@type":"ImageObject","inLanguage":"en-US","@id":"https:\/\/quadalkatreszek.com\/product\/18x9-5-8-quad-hatso-gumi\/#primaryimage","url":"https:\/\/quadalkatreszek.com\/wp-content\/uploads\/2022\/06\/144-18x9.5-8-quad-gumi.jpg","contentUrl":"https:\/\/quadalkatreszek.com\/wp-content\/uploads\/2022\/06\/144-18x9.5-8-quad-gumi.jpg","width":474,"height":426,"caption":"18X9.5-8 quad h\u00e1ts\u00f3 gumi"},{"@type":"BreadcrumbList","@id":"https:\/\/quadalkatreszek.com\/product\/18x9-5-8-quad-hatso-gumi\/#breadcrumb","itemListElement":[{"@type":"ListItem","position":1,"name":"Kezd\u0151lap","item":"https:\/\/quadalkatreszek.com\/"},{"@type":"ListItem","position":2,"name":"Shop","item":"https:\/\/quadalkatreszek.com\/shop\/"},{"@type":"ListItem","position":3,"name":"18X9.5-8 quad h\u00e1ts\u00f3 gumi"}]},{"@type":"WebSite","@id":"https:\/\/quadalkatreszek.com\/#website","url":"https:\/\/quadalkatreszek.com\/","name":"quadalkatreszek.com","description":"alkatr\u00e9szek - azonnal - rakt\u00e1rr\u00f3l","publisher":{"@id":"https:\/\/quadalkatreszek.com\/#organization"},"potentialAction":[{"@type":"SearchAction","target":{"@type":"EntryPoint","urlTemplate":"https:\/\/quadalkatreszek.com\/?s={search_term_string}"},"query-input":{"@type":"PropertyValueSpecification","valueRequired":true,"valueName":"search_term_string"}}],"inLanguage":"en-US"},{"@type":"Organization","@id":"https:\/\/quadalkatreszek.com\/#organization","name":"quadalkatreszek.com","url":"https:\/\/quadalkatreszek.com\/","logo":{"@type":"ImageObject","inLanguage":"en-US","@id":"https:\/\/quadalkatreszek.com\/#\/schema\/logo\/image\/","url":"https:\/\/quadalkatreszek.com\/wp-content\/uploads\/2023\/01\/korlogo-2.png","contentUrl":"https:\/\/quadalkatreszek.com\/wp-content\/uploads\/2023\/01\/korlogo-2.png","width":866,"height":866,"caption":"quadalkatreszek.com"},"image":{"@id":"https:\/\/quadalkatreszek.com\/#\/schema\/logo\/image\/"}}]}},"_links":{"self":[{"href":"https:\/\/quadalkatreszek.com\/en\/wp-json\/wp\/v2\/product\/28520","targetHints":{"allow":["GET"]}}],"collection":[{"href":"https:\/\/quadalkatreszek.com\/en\/wp-json\/wp\/v2\/product"}],"about":[{"href":"https:\/\/quadalkatreszek.com\/en\/wp-json\/wp\/v2\/types\/product"}],"replies":[{"embeddable":true,"href":"https:\/\/quadalkatreszek.com\/en\/wp-json\/wp\/v2\/comments?post=28520"}],"wp:featuredmedia":[{"embeddable":true,"href":"https:\/\/quadalkatreszek.com\/en\/wp-json\/wp\/v2\/media\/24061"}],"wp:attachment":[{"href":"https:\/\/quadalkatreszek.com\/en\/wp-json\/wp\/v2\/media?parent=28520"}],"wp:term":[{"taxonomy":"product_brand","embeddable":true,"href":"https:\/\/quadalkatreszek.com\/en\/wp-json\/wp\/v2\/product_brand?post=28520"},{"taxonomy":"product_cat","embeddable":true,"href":"https:\/\/quadalkatreszek.com\/en\/wp-json\/wp\/v2\/product_cat?post=28520"},{"taxonomy":"product_tag","embeddable":true,"href":"https:\/\/quadalkatreszek.com\/en\/wp-json\/wp\/v2\/product_tag?post=28520"}],"curies":[{"name":"wp","href":"https:\/\/api.w.org\/{rel}","templated":true}]}}