{"id":28637,"date":"2022-06-28T15:06:24","date_gmt":"2022-06-28T14:06:24","guid":{"rendered":"https:\/\/quadalkatreszek.com\/product\/pocket-beranto-korom\/"},"modified":"2025-12-26T19:50:30","modified_gmt":"2025-12-26T18:50:30","slug":"pocket-quad-bike-beranto-korom","status":"publish","type":"product","link":"https:\/\/quadalkatreszek.com\/en\/product\/pocket-quad-bike-beranto-korom\/","title":{"rendered":"Pocket quad \/bike  ber\u00e1nt\u00f3 k\u00f6r\u00f6m"},"content":{"rendered":"<p>Pocket quad ber\u00e1nt\u00f3 k\u00f6r\u00f6m\u00a0 \/bike ber\u00e1nt\u00f3 k\u00f6r\u00f6m<\/p>\n<p>K\u00fcl\u00f6n cser\u00e9lhet\u0151 pocket bike\/ quad\u00a0 ber\u00e1nt\u00f3 k\u00f6r\u00f6m.<\/p>\n<p>Ha nem tal\u00e1lod a keresett <a href=\"https:\/\/quadalkatreszek.com\/en\/product-category\/kinai-quad-motorblokk-alkatresz\/berantok\/\">k\u00ednai quad ber\u00e1nt\u00f3<\/a>t , akkor haszn\u00e1ld a keres\u0151t vagy kattints a linkre.<\/p>\n<p>c341c<\/p>\n<p>, 0<br \/>\n&#8211; &#8211; &#8211;<br \/>\n<!--kkod_start--><\/p>\n<div class=\"kkod-visible\">kkod:120<\/div>\n<p><!--kkod_end--><\/p>","protected":false},"excerpt":{"rendered":"<p>K\u00fcl\u00f6n cser\u00e9lhet\u0151 pocket bike \/quad ber\u00e1nt\u00f3 k\u00f6r\u00f6m.<\/p>","protected":false},"featured_media":24265,"comment_status":"open","ping_status":"closed","template":"","meta":[],"product_brand":[],"product_cat":[95,165],"product_tag":[],"class_list":{"0":"post-28637","1":"product","2":"type-product","3":"status-publish","4":"has-post-thumbnail","6":"product_cat-akcios-termekek","7":"product_cat-berantok","9":"first","10":"instock","11":"sale","12":"shipping-taxable","13":"purchasable","14":"product-type-simple"},"yoast_head":"<!-- This site is optimized with the Yoast SEO plugin v27.5 - https:\/\/yoast.com\/product\/yoast-seo-wordpress\/ -->\n<title>Pocket quad ber\u00e1nt\u00f3 k\u00f6r\u00f6m \/ bike ber\u00e1nt\u00f3 k\u00f6r\u00f6m<\/title>\n<meta name=\"description\" content=\"Pocket quad ber\u00e1nt\u00f3 k\u00f6r\u00f6m \/ bike ber\u00e1nt\u00f3 k\u00f6r\u00f6m T\u00f6bb ezer k\u00ednai quad , dirt bike, alkatr\u00e9sz azonnal rakt\u00e1rr\u00f3l, ak\u00e1r 24-48 \u00f3r\u00e1n bel\u00fcli kisz\u00e1ll\u00edt\u00e1ssal\" \/>\n<meta name=\"robots\" content=\"index, follow, max-snippet:-1, max-image-preview:large, max-video-preview:-1\" \/>\n<link rel=\"canonical\" href=\"https:\/\/quadalkatreszek.com\/en\/product\/pocket-quad-bike-beranto-korom\/\" \/>\n<meta property=\"og:locale\" content=\"en_US\" \/>\n<meta property=\"og:type\" content=\"article\" \/>\n<meta property=\"og:title\" content=\"Pocket quad ber\u00e1nt\u00f3 k\u00f6r\u00f6m \/ bike ber\u00e1nt\u00f3 k\u00f6r\u00f6m\" \/>\n<meta property=\"og:description\" content=\"Pocket quad ber\u00e1nt\u00f3 k\u00f6r\u00f6m \/ bike ber\u00e1nt\u00f3 k\u00f6r\u00f6m T\u00f6bb ezer k\u00ednai quad , dirt bike, alkatr\u00e9sz azonnal rakt\u00e1rr\u00f3l, ak\u00e1r 24-48 \u00f3r\u00e1n bel\u00fcli kisz\u00e1ll\u00edt\u00e1ssal\" \/>\n<meta property=\"og:url\" content=\"https:\/\/quadalkatreszek.com\/en\/product\/pocket-quad-bike-beranto-korom\/\" \/>\n<meta property=\"og:site_name\" content=\"quadalkatreszek.com\" \/>\n<meta property=\"article:modified_time\" content=\"2025-12-26T18:50:30+00:00\" \/>\n<meta property=\"og:image\" content=\"https:\/\/quadalkatreszek.com\/wp-content\/uploads\/2022\/06\/341-pocket-beranto-korom.jpg\" \/>\n\t<meta property=\"og:image:width\" content=\"400\" \/>\n\t<meta property=\"og:image:height\" content=\"300\" \/>\n\t<meta property=\"og:image:type\" content=\"image\/jpeg\" \/>\n<meta name=\"twitter:card\" content=\"summary_large_image\" \/>\n<script type=\"application\/ld+json\" class=\"yoast-schema-graph\">{\"@context\":\"https:\\\/\\\/schema.org\",\"@graph\":[{\"@type\":\"WebPage\",\"@id\":\"https:\\\/\\\/quadalkatreszek.com\\\/product\\\/pocket-quad-bike-beranto-korom\\\/\",\"url\":\"https:\\\/\\\/quadalkatreszek.com\\\/product\\\/pocket-quad-bike-beranto-korom\\\/\",\"name\":\"Pocket quad ber\u00e1nt\u00f3 k\u00f6r\u00f6m \\\/ bike ber\u00e1nt\u00f3 k\u00f6r\u00f6m\",\"isPartOf\":{\"@id\":\"https:\\\/\\\/quadalkatreszek.com\\\/#website\"},\"primaryImageOfPage\":{\"@id\":\"https:\\\/\\\/quadalkatreszek.com\\\/product\\\/pocket-quad-bike-beranto-korom\\\/#primaryimage\"},\"image\":{\"@id\":\"https:\\\/\\\/quadalkatreszek.com\\\/product\\\/pocket-quad-bike-beranto-korom\\\/#primaryimage\"},\"thumbnailUrl\":\"https:\\\/\\\/quadalkatreszek.com\\\/wp-content\\\/uploads\\\/2022\\\/06\\\/341-pocket-beranto-korom.jpg\",\"datePublished\":\"2022-06-28T14:06:24+00:00\",\"dateModified\":\"2025-12-26T18:50:30+00:00\",\"description\":\"Pocket quad ber\u00e1nt\u00f3 k\u00f6r\u00f6m \\\/ bike ber\u00e1nt\u00f3 k\u00f6r\u00f6m T\u00f6bb ezer k\u00ednai quad , dirt bike, alkatr\u00e9sz azonnal rakt\u00e1rr\u00f3l, ak\u00e1r 24-48 \u00f3r\u00e1n bel\u00fcli kisz\u00e1ll\u00edt\u00e1ssal\",\"breadcrumb\":{\"@id\":\"https:\\\/\\\/quadalkatreszek.com\\\/product\\\/pocket-quad-bike-beranto-korom\\\/#breadcrumb\"},\"inLanguage\":\"en-US\",\"potentialAction\":[{\"@type\":\"ReadAction\",\"target\":[\"https:\\\/\\\/quadalkatreszek.com\\\/product\\\/pocket-quad-bike-beranto-korom\\\/\"]}]},{\"@type\":\"ImageObject\",\"inLanguage\":\"en-US\",\"@id\":\"https:\\\/\\\/quadalkatreszek.com\\\/product\\\/pocket-quad-bike-beranto-korom\\\/#primaryimage\",\"url\":\"https:\\\/\\\/quadalkatreszek.com\\\/wp-content\\\/uploads\\\/2022\\\/06\\\/341-pocket-beranto-korom.jpg\",\"contentUrl\":\"https:\\\/\\\/quadalkatreszek.com\\\/wp-content\\\/uploads\\\/2022\\\/06\\\/341-pocket-beranto-korom.jpg\",\"width\":400,\"height\":300,\"caption\":\"Pocket quad ber\u00e1nt\u00f3 k\u00f6r\u00f6m\"},{\"@type\":\"BreadcrumbList\",\"@id\":\"https:\\\/\\\/quadalkatreszek.com\\\/product\\\/pocket-quad-bike-beranto-korom\\\/#breadcrumb\",\"itemListElement\":[{\"@type\":\"ListItem\",\"position\":1,\"name\":\"Kezd\u0151lap\",\"item\":\"https:\\\/\\\/quadalkatreszek.com\\\/\"},{\"@type\":\"ListItem\",\"position\":2,\"name\":\"Shop\",\"item\":\"https:\\\/\\\/quadalkatreszek.com\\\/shop\\\/\"},{\"@type\":\"ListItem\",\"position\":3,\"name\":\"Pocket quad \\\/bike ber\u00e1nt\u00f3 k\u00f6r\u00f6m\"}]},{\"@type\":\"WebSite\",\"@id\":\"https:\\\/\\\/quadalkatreszek.com\\\/#website\",\"url\":\"https:\\\/\\\/quadalkatreszek.com\\\/\",\"name\":\"quadalkatreszek.com\",\"description\":\"alkatr\u00e9szek - azonnal - rakt\u00e1rr\u00f3l\",\"publisher\":{\"@id\":\"https:\\\/\\\/quadalkatreszek.com\\\/#organization\"},\"potentialAction\":[{\"@type\":\"SearchAction\",\"target\":{\"@type\":\"EntryPoint\",\"urlTemplate\":\"https:\\\/\\\/quadalkatreszek.com\\\/?s={search_term_string}\"},\"query-input\":{\"@type\":\"PropertyValueSpecification\",\"valueRequired\":true,\"valueName\":\"search_term_string\"}}],\"inLanguage\":\"en-US\"},{\"@type\":\"Organization\",\"@id\":\"https:\\\/\\\/quadalkatreszek.com\\\/#organization\",\"name\":\"quadalkatreszek.com\",\"url\":\"https:\\\/\\\/quadalkatreszek.com\\\/\",\"logo\":{\"@type\":\"ImageObject\",\"inLanguage\":\"en-US\",\"@id\":\"https:\\\/\\\/quadalkatreszek.com\\\/#\\\/schema\\\/logo\\\/image\\\/\",\"url\":\"https:\\\/\\\/quadalkatreszek.com\\\/wp-content\\\/uploads\\\/2023\\\/01\\\/korlogo-2.png\",\"contentUrl\":\"https:\\\/\\\/quadalkatreszek.com\\\/wp-content\\\/uploads\\\/2023\\\/01\\\/korlogo-2.png\",\"width\":866,\"height\":866,\"caption\":\"quadalkatreszek.com\"},\"image\":{\"@id\":\"https:\\\/\\\/quadalkatreszek.com\\\/#\\\/schema\\\/logo\\\/image\\\/\"}}]}<\/script>\n<!-- \/ Yoast SEO plugin. -->","yoast_head_json":{"title":"Pocket quad ber\u00e1nt\u00f3 k\u00f6r\u00f6m \/ bike ber\u00e1nt\u00f3 k\u00f6r\u00f6m","description":"Pocket quad ber\u00e1nt\u00f3 k\u00f6r\u00f6m \/ bike ber\u00e1nt\u00f3 k\u00f6r\u00f6m T\u00f6bb ezer k\u00ednai quad , dirt bike, alkatr\u00e9sz azonnal rakt\u00e1rr\u00f3l, ak\u00e1r 24-48 \u00f3r\u00e1n bel\u00fcli kisz\u00e1ll\u00edt\u00e1ssal","robots":{"index":"index","follow":"follow","max-snippet":"max-snippet:-1","max-image-preview":"max-image-preview:large","max-video-preview":"max-video-preview:-1"},"canonical":"https:\/\/quadalkatreszek.com\/en\/product\/pocket-quad-bike-beranto-korom\/","og_locale":"en_US","og_type":"article","og_title":"Pocket quad ber\u00e1nt\u00f3 k\u00f6r\u00f6m \/ bike ber\u00e1nt\u00f3 k\u00f6r\u00f6m","og_description":"Pocket quad ber\u00e1nt\u00f3 k\u00f6r\u00f6m \/ bike ber\u00e1nt\u00f3 k\u00f6r\u00f6m T\u00f6bb ezer k\u00ednai quad , dirt bike, alkatr\u00e9sz azonnal rakt\u00e1rr\u00f3l, ak\u00e1r 24-48 \u00f3r\u00e1n bel\u00fcli kisz\u00e1ll\u00edt\u00e1ssal","og_url":"https:\/\/quadalkatreszek.com\/en\/product\/pocket-quad-bike-beranto-korom\/","og_site_name":"quadalkatreszek.com","article_modified_time":"2025-12-26T18:50:30+00:00","og_image":[{"width":400,"height":300,"url":"https:\/\/quadalkatreszek.com\/wp-content\/uploads\/2022\/06\/341-pocket-beranto-korom.jpg","type":"image\/jpeg"}],"twitter_card":"summary_large_image","schema":{"@context":"https:\/\/schema.org","@graph":[{"@type":"WebPage","@id":"https:\/\/quadalkatreszek.com\/product\/pocket-quad-bike-beranto-korom\/","url":"https:\/\/quadalkatreszek.com\/product\/pocket-quad-bike-beranto-korom\/","name":"Pocket quad ber\u00e1nt\u00f3 k\u00f6r\u00f6m \/ bike ber\u00e1nt\u00f3 k\u00f6r\u00f6m","isPartOf":{"@id":"https:\/\/quadalkatreszek.com\/#website"},"primaryImageOfPage":{"@id":"https:\/\/quadalkatreszek.com\/product\/pocket-quad-bike-beranto-korom\/#primaryimage"},"image":{"@id":"https:\/\/quadalkatreszek.com\/product\/pocket-quad-bike-beranto-korom\/#primaryimage"},"thumbnailUrl":"https:\/\/quadalkatreszek.com\/wp-content\/uploads\/2022\/06\/341-pocket-beranto-korom.jpg","datePublished":"2022-06-28T14:06:24+00:00","dateModified":"2025-12-26T18:50:30+00:00","description":"Pocket quad ber\u00e1nt\u00f3 k\u00f6r\u00f6m \/ bike ber\u00e1nt\u00f3 k\u00f6r\u00f6m T\u00f6bb ezer k\u00ednai quad , dirt bike, alkatr\u00e9sz azonnal rakt\u00e1rr\u00f3l, ak\u00e1r 24-48 \u00f3r\u00e1n bel\u00fcli kisz\u00e1ll\u00edt\u00e1ssal","breadcrumb":{"@id":"https:\/\/quadalkatreszek.com\/product\/pocket-quad-bike-beranto-korom\/#breadcrumb"},"inLanguage":"en-US","potentialAction":[{"@type":"ReadAction","target":["https:\/\/quadalkatreszek.com\/product\/pocket-quad-bike-beranto-korom\/"]}]},{"@type":"ImageObject","inLanguage":"en-US","@id":"https:\/\/quadalkatreszek.com\/product\/pocket-quad-bike-beranto-korom\/#primaryimage","url":"https:\/\/quadalkatreszek.com\/wp-content\/uploads\/2022\/06\/341-pocket-beranto-korom.jpg","contentUrl":"https:\/\/quadalkatreszek.com\/wp-content\/uploads\/2022\/06\/341-pocket-beranto-korom.jpg","width":400,"height":300,"caption":"Pocket quad ber\u00e1nt\u00f3 k\u00f6r\u00f6m"},{"@type":"BreadcrumbList","@id":"https:\/\/quadalkatreszek.com\/product\/pocket-quad-bike-beranto-korom\/#breadcrumb","itemListElement":[{"@type":"ListItem","position":1,"name":"Kezd\u0151lap","item":"https:\/\/quadalkatreszek.com\/"},{"@type":"ListItem","position":2,"name":"Shop","item":"https:\/\/quadalkatreszek.com\/shop\/"},{"@type":"ListItem","position":3,"name":"Pocket quad \/bike ber\u00e1nt\u00f3 k\u00f6r\u00f6m"}]},{"@type":"WebSite","@id":"https:\/\/quadalkatreszek.com\/#website","url":"https:\/\/quadalkatreszek.com\/","name":"quadalkatreszek.com","description":"alkatr\u00e9szek - azonnal - rakt\u00e1rr\u00f3l","publisher":{"@id":"https:\/\/quadalkatreszek.com\/#organization"},"potentialAction":[{"@type":"SearchAction","target":{"@type":"EntryPoint","urlTemplate":"https:\/\/quadalkatreszek.com\/?s={search_term_string}"},"query-input":{"@type":"PropertyValueSpecification","valueRequired":true,"valueName":"search_term_string"}}],"inLanguage":"en-US"},{"@type":"Organization","@id":"https:\/\/quadalkatreszek.com\/#organization","name":"quadalkatreszek.com","url":"https:\/\/quadalkatreszek.com\/","logo":{"@type":"ImageObject","inLanguage":"en-US","@id":"https:\/\/quadalkatreszek.com\/#\/schema\/logo\/image\/","url":"https:\/\/quadalkatreszek.com\/wp-content\/uploads\/2023\/01\/korlogo-2.png","contentUrl":"https:\/\/quadalkatreszek.com\/wp-content\/uploads\/2023\/01\/korlogo-2.png","width":866,"height":866,"caption":"quadalkatreszek.com"},"image":{"@id":"https:\/\/quadalkatreszek.com\/#\/schema\/logo\/image\/"}}]}},"_links":{"self":[{"href":"https:\/\/quadalkatreszek.com\/en\/wp-json\/wp\/v2\/product\/28637","targetHints":{"allow":["GET"]}}],"collection":[{"href":"https:\/\/quadalkatreszek.com\/en\/wp-json\/wp\/v2\/product"}],"about":[{"href":"https:\/\/quadalkatreszek.com\/en\/wp-json\/wp\/v2\/types\/product"}],"replies":[{"embeddable":true,"href":"https:\/\/quadalkatreszek.com\/en\/wp-json\/wp\/v2\/comments?post=28637"}],"wp:featuredmedia":[{"embeddable":true,"href":"https:\/\/quadalkatreszek.com\/en\/wp-json\/wp\/v2\/media\/24265"}],"wp:attachment":[{"href":"https:\/\/quadalkatreszek.com\/en\/wp-json\/wp\/v2\/media?parent=28637"}],"wp:term":[{"taxonomy":"product_brand","embeddable":true,"href":"https:\/\/quadalkatreszek.com\/en\/wp-json\/wp\/v2\/product_brand?post=28637"},{"taxonomy":"product_cat","embeddable":true,"href":"https:\/\/quadalkatreszek.com\/en\/wp-json\/wp\/v2\/product_cat?post=28637"},{"taxonomy":"product_tag","embeddable":true,"href":"https:\/\/quadalkatreszek.com\/en\/wp-json\/wp\/v2\/product_tag?post=28637"}],"curies":[{"name":"wp","href":"https:\/\/api.w.org\/{rel}","templated":true}]}}