{"id":28686,"date":"2022-06-28T15:06:30","date_gmt":"2022-06-28T14:06:30","guid":{"rendered":"https:\/\/quadalkatreszek.com\/product\/gyujtaselektronika-4\/"},"modified":"2026-05-11T11:06:21","modified_gmt":"2026-05-11T10:06:21","slug":"110-125cc-quad-tuning-gyujtas-elektronika-cdi-quad-alkatresz","status":"publish","type":"product","link":"https:\/\/quadalkatreszek.com\/en\/product\/110-125cc-quad-tuning-gyujtas-elektronika-cdi-quad-alkatresz\/","title":{"rendered":"110-125cc quad  tuning gy\u00fajt\u00e1s elektronika cdi  \/quad alkatr\u00e9sz"},"content":{"rendered":"<p>110-125cc quad tuning gy\u00fajt\u00e1s elektronika cdi<\/p>\n<p>tuning elektronika (CDI) 110, 125ccm k\u00ednai quadokba \u00e9s dirt bike motorokba.<\/p>\n<p>c406c<\/p>\n<p>, 0<br \/>\n&#8211; &#8211; &#8211;<br \/>\n<!--kkod_start--><\/p>\n<div class=\"kkod-visible\">kkod:98<\/div>\n<p><!--kkod_end--><\/p>","protected":false},"excerpt":{"rendered":"<p>Univerz\u00e1lis tuning elektronika (CDI) 110, 125ccm.<\/p>","protected":false},"featured_media":24335,"comment_status":"open","ping_status":"closed","template":"","meta":[],"product_brand":[],"product_cat":[95,57],"product_tag":[],"class_list":{"0":"post-28686","1":"product","2":"type-product","3":"status-publish","4":"has-post-thumbnail","6":"product_cat-akcios-termekek","7":"product_cat-gyujtaselektronika","9":"first","10":"instock","11":"sale","12":"shipping-taxable","13":"purchasable","14":"product-type-simple"},"yoast_head":"<!-- This site is optimized with the Yoast SEO plugin v27.5 - https:\/\/yoast.com\/product\/yoast-seo-wordpress\/ -->\n<title>110-125cc quad tuning gy\u00fajt\u00e1s elektronika cdi k\u00ednai quadokba<\/title>\n<meta name=\"description\" content=\"110-125cc quad tuning gy\u00fajt\u00e1s elektronika cdi k\u00ednai quadokba. T\u00f6bb ezer gy\u00e1ri k\u00ednai quad \u00e9s dirt bike elektromos \u00e9s egy\u00e9b alkatr\u00e9sz azonnal rakt\u00e1rr\u00f3l,\" \/>\n<meta name=\"robots\" content=\"index, follow, max-snippet:-1, max-image-preview:large, max-video-preview:-1\" \/>\n<link rel=\"canonical\" href=\"https:\/\/quadalkatreszek.com\/en\/product\/110-125cc-quad-tuning-gyujtas-elektronika-cdi-quad-alkatresz\/\" \/>\n<meta property=\"og:locale\" content=\"en_US\" \/>\n<meta property=\"og:type\" content=\"article\" \/>\n<meta property=\"og:title\" content=\"110-125cc quad tuning gy\u00fajt\u00e1s elektronika cdi k\u00ednai quadokba\" \/>\n<meta property=\"og:description\" content=\"110-125cc quad tuning gy\u00fajt\u00e1s elektronika cdi k\u00ednai quadokba. T\u00f6bb ezer gy\u00e1ri k\u00ednai quad \u00e9s dirt bike elektromos \u00e9s egy\u00e9b alkatr\u00e9sz azonnal rakt\u00e1rr\u00f3l,\" \/>\n<meta property=\"og:url\" content=\"https:\/\/quadalkatreszek.com\/en\/product\/110-125cc-quad-tuning-gyujtas-elektronika-cdi-quad-alkatresz\/\" \/>\n<meta property=\"og:site_name\" content=\"quadalkatreszek.com\" \/>\n<meta property=\"article:modified_time\" content=\"2026-05-11T10:06:21+00:00\" \/>\n<meta property=\"og:image\" content=\"https:\/\/quadalkatreszek.com\/wp-content\/uploads\/2022\/06\/406-gyujtaselektronika.jpg\" \/>\n\t<meta property=\"og:image:width\" content=\"500\" \/>\n\t<meta property=\"og:image:height\" content=\"375\" \/>\n\t<meta property=\"og:image:type\" content=\"image\/jpeg\" \/>\n<meta name=\"twitter:card\" content=\"summary_large_image\" \/>\n<script type=\"application\/ld+json\" class=\"yoast-schema-graph\">{\"@context\":\"https:\\\/\\\/schema.org\",\"@graph\":[{\"@type\":\"WebPage\",\"@id\":\"https:\\\/\\\/quadalkatreszek.com\\\/product\\\/110-125cc-quad-tuning-gyujtas-elektronika-cdi-quad-alkatresz\\\/\",\"url\":\"https:\\\/\\\/quadalkatreszek.com\\\/product\\\/110-125cc-quad-tuning-gyujtas-elektronika-cdi-quad-alkatresz\\\/\",\"name\":\"110-125cc quad tuning gy\u00fajt\u00e1s elektronika cdi k\u00ednai quadokba\",\"isPartOf\":{\"@id\":\"https:\\\/\\\/quadalkatreszek.com\\\/#website\"},\"primaryImageOfPage\":{\"@id\":\"https:\\\/\\\/quadalkatreszek.com\\\/product\\\/110-125cc-quad-tuning-gyujtas-elektronika-cdi-quad-alkatresz\\\/#primaryimage\"},\"image\":{\"@id\":\"https:\\\/\\\/quadalkatreszek.com\\\/product\\\/110-125cc-quad-tuning-gyujtas-elektronika-cdi-quad-alkatresz\\\/#primaryimage\"},\"thumbnailUrl\":\"https:\\\/\\\/quadalkatreszek.com\\\/wp-content\\\/uploads\\\/2022\\\/06\\\/406-gyujtaselektronika.jpg\",\"datePublished\":\"2022-06-28T14:06:30+00:00\",\"dateModified\":\"2026-05-11T10:06:21+00:00\",\"description\":\"110-125cc quad tuning gy\u00fajt\u00e1s elektronika cdi k\u00ednai quadokba. T\u00f6bb ezer gy\u00e1ri k\u00ednai quad \u00e9s dirt bike elektromos \u00e9s egy\u00e9b alkatr\u00e9sz azonnal rakt\u00e1rr\u00f3l,\",\"breadcrumb\":{\"@id\":\"https:\\\/\\\/quadalkatreszek.com\\\/product\\\/110-125cc-quad-tuning-gyujtas-elektronika-cdi-quad-alkatresz\\\/#breadcrumb\"},\"inLanguage\":\"en-US\",\"potentialAction\":[{\"@type\":\"ReadAction\",\"target\":[\"https:\\\/\\\/quadalkatreszek.com\\\/product\\\/110-125cc-quad-tuning-gyujtas-elektronika-cdi-quad-alkatresz\\\/\"]}]},{\"@type\":\"ImageObject\",\"inLanguage\":\"en-US\",\"@id\":\"https:\\\/\\\/quadalkatreszek.com\\\/product\\\/110-125cc-quad-tuning-gyujtas-elektronika-cdi-quad-alkatresz\\\/#primaryimage\",\"url\":\"https:\\\/\\\/quadalkatreszek.com\\\/wp-content\\\/uploads\\\/2022\\\/06\\\/406-gyujtaselektronika.jpg\",\"contentUrl\":\"https:\\\/\\\/quadalkatreszek.com\\\/wp-content\\\/uploads\\\/2022\\\/06\\\/406-gyujtaselektronika.jpg\",\"width\":500,\"height\":375,\"caption\":\"quad tuning gy\u00fajt\u00e1s elektronika\"},{\"@type\":\"BreadcrumbList\",\"@id\":\"https:\\\/\\\/quadalkatreszek.com\\\/product\\\/110-125cc-quad-tuning-gyujtas-elektronika-cdi-quad-alkatresz\\\/#breadcrumb\",\"itemListElement\":[{\"@type\":\"ListItem\",\"position\":1,\"name\":\"Kezd\u0151lap\",\"item\":\"https:\\\/\\\/quadalkatreszek.com\\\/\"},{\"@type\":\"ListItem\",\"position\":2,\"name\":\"Shop\",\"item\":\"https:\\\/\\\/quadalkatreszek.com\\\/shop\\\/\"},{\"@type\":\"ListItem\",\"position\":3,\"name\":\"110-125cc quad tuning gy\u00fajt\u00e1s elektronika cdi \\\/quad alkatr\u00e9sz\"}]},{\"@type\":\"WebSite\",\"@id\":\"https:\\\/\\\/quadalkatreszek.com\\\/#website\",\"url\":\"https:\\\/\\\/quadalkatreszek.com\\\/\",\"name\":\"quadalkatreszek.com\",\"description\":\"alkatr\u00e9szek - azonnal - rakt\u00e1rr\u00f3l\",\"publisher\":{\"@id\":\"https:\\\/\\\/quadalkatreszek.com\\\/#organization\"},\"potentialAction\":[{\"@type\":\"SearchAction\",\"target\":{\"@type\":\"EntryPoint\",\"urlTemplate\":\"https:\\\/\\\/quadalkatreszek.com\\\/?s={search_term_string}\"},\"query-input\":{\"@type\":\"PropertyValueSpecification\",\"valueRequired\":true,\"valueName\":\"search_term_string\"}}],\"inLanguage\":\"en-US\"},{\"@type\":\"Organization\",\"@id\":\"https:\\\/\\\/quadalkatreszek.com\\\/#organization\",\"name\":\"quadalkatreszek.com\",\"url\":\"https:\\\/\\\/quadalkatreszek.com\\\/\",\"logo\":{\"@type\":\"ImageObject\",\"inLanguage\":\"en-US\",\"@id\":\"https:\\\/\\\/quadalkatreszek.com\\\/#\\\/schema\\\/logo\\\/image\\\/\",\"url\":\"https:\\\/\\\/quadalkatreszek.com\\\/wp-content\\\/uploads\\\/2023\\\/01\\\/korlogo-2.png\",\"contentUrl\":\"https:\\\/\\\/quadalkatreszek.com\\\/wp-content\\\/uploads\\\/2023\\\/01\\\/korlogo-2.png\",\"width\":866,\"height\":866,\"caption\":\"quadalkatreszek.com\"},\"image\":{\"@id\":\"https:\\\/\\\/quadalkatreszek.com\\\/#\\\/schema\\\/logo\\\/image\\\/\"}}]}<\/script>\n<!-- \/ Yoast SEO plugin. -->","yoast_head_json":{"title":"110-125cc quad tuning gy\u00fajt\u00e1s elektronika cdi k\u00ednai quadokba","description":"110-125cc quad tuning gy\u00fajt\u00e1s elektronika cdi k\u00ednai quadokba. T\u00f6bb ezer gy\u00e1ri k\u00ednai quad \u00e9s dirt bike elektromos \u00e9s egy\u00e9b alkatr\u00e9sz azonnal rakt\u00e1rr\u00f3l,","robots":{"index":"index","follow":"follow","max-snippet":"max-snippet:-1","max-image-preview":"max-image-preview:large","max-video-preview":"max-video-preview:-1"},"canonical":"https:\/\/quadalkatreszek.com\/en\/product\/110-125cc-quad-tuning-gyujtas-elektronika-cdi-quad-alkatresz\/","og_locale":"en_US","og_type":"article","og_title":"110-125cc quad tuning gy\u00fajt\u00e1s elektronika cdi k\u00ednai quadokba","og_description":"110-125cc quad tuning gy\u00fajt\u00e1s elektronika cdi k\u00ednai quadokba. T\u00f6bb ezer gy\u00e1ri k\u00ednai quad \u00e9s dirt bike elektromos \u00e9s egy\u00e9b alkatr\u00e9sz azonnal rakt\u00e1rr\u00f3l,","og_url":"https:\/\/quadalkatreszek.com\/en\/product\/110-125cc-quad-tuning-gyujtas-elektronika-cdi-quad-alkatresz\/","og_site_name":"quadalkatreszek.com","article_modified_time":"2026-05-11T10:06:21+00:00","og_image":[{"width":500,"height":375,"url":"https:\/\/quadalkatreszek.com\/wp-content\/uploads\/2022\/06\/406-gyujtaselektronika.jpg","type":"image\/jpeg"}],"twitter_card":"summary_large_image","schema":{"@context":"https:\/\/schema.org","@graph":[{"@type":"WebPage","@id":"https:\/\/quadalkatreszek.com\/product\/110-125cc-quad-tuning-gyujtas-elektronika-cdi-quad-alkatresz\/","url":"https:\/\/quadalkatreszek.com\/product\/110-125cc-quad-tuning-gyujtas-elektronika-cdi-quad-alkatresz\/","name":"110-125cc quad tuning gy\u00fajt\u00e1s elektronika cdi k\u00ednai quadokba","isPartOf":{"@id":"https:\/\/quadalkatreszek.com\/#website"},"primaryImageOfPage":{"@id":"https:\/\/quadalkatreszek.com\/product\/110-125cc-quad-tuning-gyujtas-elektronika-cdi-quad-alkatresz\/#primaryimage"},"image":{"@id":"https:\/\/quadalkatreszek.com\/product\/110-125cc-quad-tuning-gyujtas-elektronika-cdi-quad-alkatresz\/#primaryimage"},"thumbnailUrl":"https:\/\/quadalkatreszek.com\/wp-content\/uploads\/2022\/06\/406-gyujtaselektronika.jpg","datePublished":"2022-06-28T14:06:30+00:00","dateModified":"2026-05-11T10:06:21+00:00","description":"110-125cc quad tuning gy\u00fajt\u00e1s elektronika cdi k\u00ednai quadokba. T\u00f6bb ezer gy\u00e1ri k\u00ednai quad \u00e9s dirt bike elektromos \u00e9s egy\u00e9b alkatr\u00e9sz azonnal rakt\u00e1rr\u00f3l,","breadcrumb":{"@id":"https:\/\/quadalkatreszek.com\/product\/110-125cc-quad-tuning-gyujtas-elektronika-cdi-quad-alkatresz\/#breadcrumb"},"inLanguage":"en-US","potentialAction":[{"@type":"ReadAction","target":["https:\/\/quadalkatreszek.com\/product\/110-125cc-quad-tuning-gyujtas-elektronika-cdi-quad-alkatresz\/"]}]},{"@type":"ImageObject","inLanguage":"en-US","@id":"https:\/\/quadalkatreszek.com\/product\/110-125cc-quad-tuning-gyujtas-elektronika-cdi-quad-alkatresz\/#primaryimage","url":"https:\/\/quadalkatreszek.com\/wp-content\/uploads\/2022\/06\/406-gyujtaselektronika.jpg","contentUrl":"https:\/\/quadalkatreszek.com\/wp-content\/uploads\/2022\/06\/406-gyujtaselektronika.jpg","width":500,"height":375,"caption":"quad tuning gy\u00fajt\u00e1s elektronika"},{"@type":"BreadcrumbList","@id":"https:\/\/quadalkatreszek.com\/product\/110-125cc-quad-tuning-gyujtas-elektronika-cdi-quad-alkatresz\/#breadcrumb","itemListElement":[{"@type":"ListItem","position":1,"name":"Kezd\u0151lap","item":"https:\/\/quadalkatreszek.com\/"},{"@type":"ListItem","position":2,"name":"Shop","item":"https:\/\/quadalkatreszek.com\/shop\/"},{"@type":"ListItem","position":3,"name":"110-125cc quad tuning gy\u00fajt\u00e1s elektronika cdi \/quad alkatr\u00e9sz"}]},{"@type":"WebSite","@id":"https:\/\/quadalkatreszek.com\/#website","url":"https:\/\/quadalkatreszek.com\/","name":"quadalkatreszek.com","description":"alkatr\u00e9szek - azonnal - rakt\u00e1rr\u00f3l","publisher":{"@id":"https:\/\/quadalkatreszek.com\/#organization"},"potentialAction":[{"@type":"SearchAction","target":{"@type":"EntryPoint","urlTemplate":"https:\/\/quadalkatreszek.com\/?s={search_term_string}"},"query-input":{"@type":"PropertyValueSpecification","valueRequired":true,"valueName":"search_term_string"}}],"inLanguage":"en-US"},{"@type":"Organization","@id":"https:\/\/quadalkatreszek.com\/#organization","name":"quadalkatreszek.com","url":"https:\/\/quadalkatreszek.com\/","logo":{"@type":"ImageObject","inLanguage":"en-US","@id":"https:\/\/quadalkatreszek.com\/#\/schema\/logo\/image\/","url":"https:\/\/quadalkatreszek.com\/wp-content\/uploads\/2023\/01\/korlogo-2.png","contentUrl":"https:\/\/quadalkatreszek.com\/wp-content\/uploads\/2023\/01\/korlogo-2.png","width":866,"height":866,"caption":"quadalkatreszek.com"},"image":{"@id":"https:\/\/quadalkatreszek.com\/#\/schema\/logo\/image\/"}}]}},"_links":{"self":[{"href":"https:\/\/quadalkatreszek.com\/en\/wp-json\/wp\/v2\/product\/28686","targetHints":{"allow":["GET"]}}],"collection":[{"href":"https:\/\/quadalkatreszek.com\/en\/wp-json\/wp\/v2\/product"}],"about":[{"href":"https:\/\/quadalkatreszek.com\/en\/wp-json\/wp\/v2\/types\/product"}],"replies":[{"embeddable":true,"href":"https:\/\/quadalkatreszek.com\/en\/wp-json\/wp\/v2\/comments?post=28686"}],"wp:featuredmedia":[{"embeddable":true,"href":"https:\/\/quadalkatreszek.com\/en\/wp-json\/wp\/v2\/media\/24335"}],"wp:attachment":[{"href":"https:\/\/quadalkatreszek.com\/en\/wp-json\/wp\/v2\/media?parent=28686"}],"wp:term":[{"taxonomy":"product_brand","embeddable":true,"href":"https:\/\/quadalkatreszek.com\/en\/wp-json\/wp\/v2\/product_brand?post=28686"},{"taxonomy":"product_cat","embeddable":true,"href":"https:\/\/quadalkatreszek.com\/en\/wp-json\/wp\/v2\/product_cat?post=28686"},{"taxonomy":"product_tag","embeddable":true,"href":"https:\/\/quadalkatreszek.com\/en\/wp-json\/wp\/v2\/product_tag?post=28686"}],"curies":[{"name":"wp","href":"https:\/\/api.w.org\/{rel}","templated":true}]}}