{"id":28793,"date":"2022-06-28T15:06:44","date_gmt":"2022-06-28T14:06:44","guid":{"rendered":"https:\/\/quadalkatreszek.com\/product\/benzincsap-2\/"},"modified":"2026-04-20T07:15:09","modified_gmt":"2026-04-20T06:15:09","slug":"kinai-kxd-quad-benzincsap-quad-alkatresz","status":"publish","type":"product","link":"https:\/\/quadalkatreszek.com\/en\/product\/kinai-kxd-quad-benzincsap-quad-alkatresz\/","title":{"rendered":"K\u00ednai Kxd quad benzincsap  \/quad alkatr\u00e9sz"},"content":{"rendered":"<p>K\u00ednai Kxd quad benzincsap<\/p>\n<p>Benzincs\u0151 k\u00f6z\u00e9 szerelhet\u0151 \u00e1tfoly\u00f3s benzincsap. \u00dczemanyag csap.<\/p>\n<p>Kxd 001, Kxd 004, Kxd 006, Kxd 008, barton, apoll\u00f3, highper gyerek quadokhoz motorokhoz is KOMPATIBILIS ezekbe is be\u00e9p\u00edthet\u0151, beszerelhet\u0151 k\u00ednai alkatr\u00e9sz! \u00c9s egy\u00e9b k\u00ednai m\u00e1rk\u00e1kba is beszerelhet\u0151<\/p>\n<p>c838c<\/p>\n<p>&#8211; &#8211; &#8211;<br \/>\n<!--kkod_start--><\/p>\n<div class=\"kkod-visible\">kkod:120<\/div>\n<p><!--kkod_end--><\/p>","protected":false},"excerpt":{"rendered":"<p>K\u00ednai Kxd quad benzincsap<\/p>\n<p>Benzincs\u0151 k\u00f6z\u00e9 szerelhet\u0151 \u00e1tfoly\u00f3s benzincsap. \u00dczemanyag csap.<\/p>\n<p>Kxd 001, Kxd 004, Kxd 006, Kxd 008, barton, apoll\u00f3, highper gyerek quadokhoz motorokhoz is KOMPATIBILIS ezekbe is be\u00e9p\u00edthet\u0151, beszerelhet\u0151 k\u00ednai alkatr\u00e9sz! \u00c9s egy\u00e9b k\u00ednai m\u00e1rk\u00e1kba is beszerelhet\u0151<\/p>","protected":false},"featured_media":24495,"comment_status":"open","ping_status":"closed","template":"","meta":[],"product_brand":[],"product_cat":[95,75],"product_tag":[],"class_list":{"0":"post-28793","1":"product","2":"type-product","3":"status-publish","4":"has-post-thumbnail","6":"product_cat-akcios-termekek","7":"product_cat-uzemanyag-rendszer","9":"first","10":"instock","11":"sale","12":"shipping-taxable","13":"purchasable","14":"product-type-simple"},"yoast_head":"<!-- This site is optimized with the Yoast SEO plugin v27.4 - https:\/\/yoast.com\/product\/yoast-seo-wordpress\/ -->\n<title>K\u00ednai Kxd quad benzincsap \/quad alkatr\u00e9sz - quadalkatreszek.com<\/title>\n<meta name=\"description\" content=\"K\u00ednai Kxd quad benzincsap. Kxd 001, Kxd 004, Kxd 006, Kxd 008, barton, apoll\u00f3, highper \u00e9s egy\u00e9b k\u00ednai gyerek quadokhoz, motorokhoz\" \/>\n<meta name=\"robots\" content=\"index, follow, max-snippet:-1, max-image-preview:large, max-video-preview:-1\" \/>\n<link rel=\"canonical\" href=\"https:\/\/quadalkatreszek.com\/en\/product\/kinai-kxd-quad-benzincsap-quad-alkatresz\/\" \/>\n<meta property=\"og:locale\" content=\"en_US\" \/>\n<meta property=\"og:type\" content=\"article\" \/>\n<meta property=\"og:title\" content=\"K\u00ednai Kxd quad benzincsap \/quad alkatr\u00e9sz - quadalkatreszek.com\" \/>\n<meta property=\"og:description\" content=\"K\u00ednai Kxd quad benzincsap. Kxd 001, Kxd 004, Kxd 006, Kxd 008, barton, apoll\u00f3, highper \u00e9s egy\u00e9b k\u00ednai gyerek quadokhoz, motorokhoz\" \/>\n<meta property=\"og:url\" content=\"https:\/\/quadalkatreszek.com\/en\/product\/kinai-kxd-quad-benzincsap-quad-alkatresz\/\" \/>\n<meta property=\"og:site_name\" content=\"quadalkatreszek.com\" \/>\n<meta property=\"article:modified_time\" content=\"2026-04-20T06:15:09+00:00\" \/>\n<meta property=\"og:image\" content=\"https:\/\/quadalkatreszek.com\/wp-content\/uploads\/2022\/06\/838-benzincsap.jpg\" \/>\n\t<meta property=\"og:image:width\" content=\"500\" \/>\n\t<meta property=\"og:image:height\" content=\"375\" \/>\n\t<meta property=\"og:image:type\" content=\"image\/jpeg\" \/>\n<meta name=\"twitter:card\" content=\"summary_large_image\" \/>\n<script type=\"application\/ld+json\" class=\"yoast-schema-graph\">{\"@context\":\"https:\\\/\\\/schema.org\",\"@graph\":[{\"@type\":\"WebPage\",\"@id\":\"https:\\\/\\\/quadalkatreszek.com\\\/product\\\/kinai-kxd-quad-benzincsap-quad-alkatresz\\\/\",\"url\":\"https:\\\/\\\/quadalkatreszek.com\\\/product\\\/kinai-kxd-quad-benzincsap-quad-alkatresz\\\/\",\"name\":\"K\u00ednai Kxd quad benzincsap \\\/quad alkatr\u00e9sz - quadalkatreszek.com\",\"isPartOf\":{\"@id\":\"https:\\\/\\\/quadalkatreszek.com\\\/#website\"},\"primaryImageOfPage\":{\"@id\":\"https:\\\/\\\/quadalkatreszek.com\\\/product\\\/kinai-kxd-quad-benzincsap-quad-alkatresz\\\/#primaryimage\"},\"image\":{\"@id\":\"https:\\\/\\\/quadalkatreszek.com\\\/product\\\/kinai-kxd-quad-benzincsap-quad-alkatresz\\\/#primaryimage\"},\"thumbnailUrl\":\"https:\\\/\\\/quadalkatreszek.com\\\/wp-content\\\/uploads\\\/2022\\\/06\\\/838-benzincsap.jpg\",\"datePublished\":\"2022-06-28T14:06:44+00:00\",\"dateModified\":\"2026-04-20T06:15:09+00:00\",\"description\":\"K\u00ednai Kxd quad benzincsap. Kxd 001, Kxd 004, Kxd 006, Kxd 008, barton, apoll\u00f3, highper \u00e9s egy\u00e9b k\u00ednai gyerek quadokhoz, motorokhoz\",\"breadcrumb\":{\"@id\":\"https:\\\/\\\/quadalkatreszek.com\\\/product\\\/kinai-kxd-quad-benzincsap-quad-alkatresz\\\/#breadcrumb\"},\"inLanguage\":\"en-US\",\"potentialAction\":[{\"@type\":\"ReadAction\",\"target\":[\"https:\\\/\\\/quadalkatreszek.com\\\/product\\\/kinai-kxd-quad-benzincsap-quad-alkatresz\\\/\"]}]},{\"@type\":\"ImageObject\",\"inLanguage\":\"en-US\",\"@id\":\"https:\\\/\\\/quadalkatreszek.com\\\/product\\\/kinai-kxd-quad-benzincsap-quad-alkatresz\\\/#primaryimage\",\"url\":\"https:\\\/\\\/quadalkatreszek.com\\\/wp-content\\\/uploads\\\/2022\\\/06\\\/838-benzincsap.jpg\",\"contentUrl\":\"https:\\\/\\\/quadalkatreszek.com\\\/wp-content\\\/uploads\\\/2022\\\/06\\\/838-benzincsap.jpg\",\"width\":500,\"height\":375,\"caption\":\"Quad \\\/ dirt bike benzincsap\"},{\"@type\":\"BreadcrumbList\",\"@id\":\"https:\\\/\\\/quadalkatreszek.com\\\/product\\\/kinai-kxd-quad-benzincsap-quad-alkatresz\\\/#breadcrumb\",\"itemListElement\":[{\"@type\":\"ListItem\",\"position\":1,\"name\":\"Kezd\u0151lap\",\"item\":\"https:\\\/\\\/quadalkatreszek.com\\\/\"},{\"@type\":\"ListItem\",\"position\":2,\"name\":\"Shop\",\"item\":\"https:\\\/\\\/quadalkatreszek.com\\\/shop\\\/\"},{\"@type\":\"ListItem\",\"position\":3,\"name\":\"K\u00ednai Kxd quad benzincsap \\\/quad alkatr\u00e9sz\"}]},{\"@type\":\"WebSite\",\"@id\":\"https:\\\/\\\/quadalkatreszek.com\\\/#website\",\"url\":\"https:\\\/\\\/quadalkatreszek.com\\\/\",\"name\":\"quadalkatreszek.com\",\"description\":\"alkatr\u00e9szek - azonnal - rakt\u00e1rr\u00f3l\",\"publisher\":{\"@id\":\"https:\\\/\\\/quadalkatreszek.com\\\/#organization\"},\"potentialAction\":[{\"@type\":\"SearchAction\",\"target\":{\"@type\":\"EntryPoint\",\"urlTemplate\":\"https:\\\/\\\/quadalkatreszek.com\\\/?s={search_term_string}\"},\"query-input\":{\"@type\":\"PropertyValueSpecification\",\"valueRequired\":true,\"valueName\":\"search_term_string\"}}],\"inLanguage\":\"en-US\"},{\"@type\":\"Organization\",\"@id\":\"https:\\\/\\\/quadalkatreszek.com\\\/#organization\",\"name\":\"quadalkatreszek.com\",\"url\":\"https:\\\/\\\/quadalkatreszek.com\\\/\",\"logo\":{\"@type\":\"ImageObject\",\"inLanguage\":\"en-US\",\"@id\":\"https:\\\/\\\/quadalkatreszek.com\\\/#\\\/schema\\\/logo\\\/image\\\/\",\"url\":\"https:\\\/\\\/quadalkatreszek.com\\\/wp-content\\\/uploads\\\/2023\\\/01\\\/korlogo-2.png\",\"contentUrl\":\"https:\\\/\\\/quadalkatreszek.com\\\/wp-content\\\/uploads\\\/2023\\\/01\\\/korlogo-2.png\",\"width\":866,\"height\":866,\"caption\":\"quadalkatreszek.com\"},\"image\":{\"@id\":\"https:\\\/\\\/quadalkatreszek.com\\\/#\\\/schema\\\/logo\\\/image\\\/\"}}]}<\/script>\n<!-- \/ Yoast SEO plugin. -->","yoast_head_json":{"title":"K\u00ednai Kxd quad benzincsap \/quad alkatr\u00e9sz - quadalkatreszek.com","description":"K\u00ednai Kxd quad benzincsap. Kxd 001, Kxd 004, Kxd 006, Kxd 008, barton, apoll\u00f3, highper \u00e9s egy\u00e9b k\u00ednai gyerek quadokhoz, motorokhoz","robots":{"index":"index","follow":"follow","max-snippet":"max-snippet:-1","max-image-preview":"max-image-preview:large","max-video-preview":"max-video-preview:-1"},"canonical":"https:\/\/quadalkatreszek.com\/en\/product\/kinai-kxd-quad-benzincsap-quad-alkatresz\/","og_locale":"en_US","og_type":"article","og_title":"K\u00ednai Kxd quad benzincsap \/quad alkatr\u00e9sz - quadalkatreszek.com","og_description":"K\u00ednai Kxd quad benzincsap. Kxd 001, Kxd 004, Kxd 006, Kxd 008, barton, apoll\u00f3, highper \u00e9s egy\u00e9b k\u00ednai gyerek quadokhoz, motorokhoz","og_url":"https:\/\/quadalkatreszek.com\/en\/product\/kinai-kxd-quad-benzincsap-quad-alkatresz\/","og_site_name":"quadalkatreszek.com","article_modified_time":"2026-04-20T06:15:09+00:00","og_image":[{"width":500,"height":375,"url":"https:\/\/quadalkatreszek.com\/wp-content\/uploads\/2022\/06\/838-benzincsap.jpg","type":"image\/jpeg"}],"twitter_card":"summary_large_image","schema":{"@context":"https:\/\/schema.org","@graph":[{"@type":"WebPage","@id":"https:\/\/quadalkatreszek.com\/product\/kinai-kxd-quad-benzincsap-quad-alkatresz\/","url":"https:\/\/quadalkatreszek.com\/product\/kinai-kxd-quad-benzincsap-quad-alkatresz\/","name":"K\u00ednai Kxd quad benzincsap \/quad alkatr\u00e9sz - quadalkatreszek.com","isPartOf":{"@id":"https:\/\/quadalkatreszek.com\/#website"},"primaryImageOfPage":{"@id":"https:\/\/quadalkatreszek.com\/product\/kinai-kxd-quad-benzincsap-quad-alkatresz\/#primaryimage"},"image":{"@id":"https:\/\/quadalkatreszek.com\/product\/kinai-kxd-quad-benzincsap-quad-alkatresz\/#primaryimage"},"thumbnailUrl":"https:\/\/quadalkatreszek.com\/wp-content\/uploads\/2022\/06\/838-benzincsap.jpg","datePublished":"2022-06-28T14:06:44+00:00","dateModified":"2026-04-20T06:15:09+00:00","description":"K\u00ednai Kxd quad benzincsap. Kxd 001, Kxd 004, Kxd 006, Kxd 008, barton, apoll\u00f3, highper \u00e9s egy\u00e9b k\u00ednai gyerek quadokhoz, motorokhoz","breadcrumb":{"@id":"https:\/\/quadalkatreszek.com\/product\/kinai-kxd-quad-benzincsap-quad-alkatresz\/#breadcrumb"},"inLanguage":"en-US","potentialAction":[{"@type":"ReadAction","target":["https:\/\/quadalkatreszek.com\/product\/kinai-kxd-quad-benzincsap-quad-alkatresz\/"]}]},{"@type":"ImageObject","inLanguage":"en-US","@id":"https:\/\/quadalkatreszek.com\/product\/kinai-kxd-quad-benzincsap-quad-alkatresz\/#primaryimage","url":"https:\/\/quadalkatreszek.com\/wp-content\/uploads\/2022\/06\/838-benzincsap.jpg","contentUrl":"https:\/\/quadalkatreszek.com\/wp-content\/uploads\/2022\/06\/838-benzincsap.jpg","width":500,"height":375,"caption":"Quad \/ dirt bike benzincsap"},{"@type":"BreadcrumbList","@id":"https:\/\/quadalkatreszek.com\/product\/kinai-kxd-quad-benzincsap-quad-alkatresz\/#breadcrumb","itemListElement":[{"@type":"ListItem","position":1,"name":"Kezd\u0151lap","item":"https:\/\/quadalkatreszek.com\/"},{"@type":"ListItem","position":2,"name":"Shop","item":"https:\/\/quadalkatreszek.com\/shop\/"},{"@type":"ListItem","position":3,"name":"K\u00ednai Kxd quad benzincsap \/quad alkatr\u00e9sz"}]},{"@type":"WebSite","@id":"https:\/\/quadalkatreszek.com\/#website","url":"https:\/\/quadalkatreszek.com\/","name":"quadalkatreszek.com","description":"alkatr\u00e9szek - azonnal - rakt\u00e1rr\u00f3l","publisher":{"@id":"https:\/\/quadalkatreszek.com\/#organization"},"potentialAction":[{"@type":"SearchAction","target":{"@type":"EntryPoint","urlTemplate":"https:\/\/quadalkatreszek.com\/?s={search_term_string}"},"query-input":{"@type":"PropertyValueSpecification","valueRequired":true,"valueName":"search_term_string"}}],"inLanguage":"en-US"},{"@type":"Organization","@id":"https:\/\/quadalkatreszek.com\/#organization","name":"quadalkatreszek.com","url":"https:\/\/quadalkatreszek.com\/","logo":{"@type":"ImageObject","inLanguage":"en-US","@id":"https:\/\/quadalkatreszek.com\/#\/schema\/logo\/image\/","url":"https:\/\/quadalkatreszek.com\/wp-content\/uploads\/2023\/01\/korlogo-2.png","contentUrl":"https:\/\/quadalkatreszek.com\/wp-content\/uploads\/2023\/01\/korlogo-2.png","width":866,"height":866,"caption":"quadalkatreszek.com"},"image":{"@id":"https:\/\/quadalkatreszek.com\/#\/schema\/logo\/image\/"}}]}},"_links":{"self":[{"href":"https:\/\/quadalkatreszek.com\/en\/wp-json\/wp\/v2\/product\/28793","targetHints":{"allow":["GET"]}}],"collection":[{"href":"https:\/\/quadalkatreszek.com\/en\/wp-json\/wp\/v2\/product"}],"about":[{"href":"https:\/\/quadalkatreszek.com\/en\/wp-json\/wp\/v2\/types\/product"}],"replies":[{"embeddable":true,"href":"https:\/\/quadalkatreszek.com\/en\/wp-json\/wp\/v2\/comments?post=28793"}],"wp:featuredmedia":[{"embeddable":true,"href":"https:\/\/quadalkatreszek.com\/en\/wp-json\/wp\/v2\/media\/24495"}],"wp:attachment":[{"href":"https:\/\/quadalkatreszek.com\/en\/wp-json\/wp\/v2\/media?parent=28793"}],"wp:term":[{"taxonomy":"product_brand","embeddable":true,"href":"https:\/\/quadalkatreszek.com\/en\/wp-json\/wp\/v2\/product_brand?post=28793"},{"taxonomy":"product_cat","embeddable":true,"href":"https:\/\/quadalkatreszek.com\/en\/wp-json\/wp\/v2\/product_cat?post=28793"},{"taxonomy":"product_tag","embeddable":true,"href":"https:\/\/quadalkatreszek.com\/en\/wp-json\/wp\/v2\/product_tag?post=28793"}],"curies":[{"name":"wp","href":"https:\/\/api.w.org\/{rel}","templated":true}]}}