{"id":28819,"date":"2022-06-28T15:06:47","date_gmt":"2022-06-28T14:06:47","guid":{"rendered":"https:\/\/quadalkatreszek.com\/product\/rugo-3\/"},"modified":"2026-02-02T17:13:31","modified_gmt":"2026-02-02T16:13:31","slug":"quad-atv-feklampakapcsolo-rugo","status":"publish","type":"product","link":"https:\/\/quadalkatreszek.com\/en\/product\/quad-atv-feklampakapcsolo-rugo\/","title":{"rendered":"Quad \/ATV f\u00e9kl\u00e1mpakapcsol\u00f3 rug\u00f3"},"content":{"rendered":"<p>K\u00ednai Quad f\u00e9kl\u00e1mpakapcsol\u00f3 rug\u00f3<\/p>\n<p>F\u00e9kl\u00e1mpakapcsol\u00f3 rug\u00f3.<\/p>\n<p>c870c<\/p>","protected":false},"excerpt":{"rendered":"<p>K\u00ednai Quad f\u00e9kl\u00e1mpakapcsol\u00f3 rug\u00f3<\/p>\n<p>F\u00e9kl\u00e1mpakapcsol\u00f3 rug\u00f3.<\/p>","protected":false},"featured_media":24545,"comment_status":"open","ping_status":"closed","template":"","meta":[],"product_brand":[],"product_cat":[95],"product_tag":[],"class_list":{"0":"post-28819","1":"product","2":"type-product","3":"status-publish","4":"has-post-thumbnail","6":"product_cat-akcios-termekek","8":"first","9":"instock","10":"sale","11":"shipping-taxable","12":"purchasable","13":"product-type-simple"},"yoast_head":"<!-- This site is optimized with the Yoast SEO plugin v27.4 - https:\/\/yoast.com\/product\/yoast-seo-wordpress\/ -->\n<title>Quad \/ATV f\u00e9kl\u00e1mpakapcsol\u00f3 rug\u00f3 - quadalkatreszek.com<\/title>\n<meta name=\"description\" content=\"K\u00ednai Quad f\u00e9kl\u00e1mpakapcsol\u00f3 rug\u00f3. F\u00e9kl\u00e1mpakapcsol\u00f3 rug\u00f3. V\u00e1s\u00e1rolj a NAGYKERB\u0150L a legjobb \u00e1ron, MAG\u00c1NSZEM\u00c9LYEKET is kiszolg\u00e1lunk! T\u00f6bb ezer alkatr\u00e9sz azonnal rakt\u00e1rr\u00f3l.\" \/>\n<meta name=\"robots\" content=\"index, follow, max-snippet:-1, max-image-preview:large, max-video-preview:-1\" \/>\n<link rel=\"canonical\" href=\"https:\/\/quadalkatreszek.com\/en\/product\/quad-atv-feklampakapcsolo-rugo\/\" \/>\n<meta property=\"og:locale\" content=\"en_US\" \/>\n<meta property=\"og:type\" content=\"article\" \/>\n<meta property=\"og:title\" content=\"Quad \/ATV f\u00e9kl\u00e1mpakapcsol\u00f3 rug\u00f3 - quadalkatreszek.com\" \/>\n<meta property=\"og:description\" content=\"K\u00ednai Quad f\u00e9kl\u00e1mpakapcsol\u00f3 rug\u00f3. F\u00e9kl\u00e1mpakapcsol\u00f3 rug\u00f3. V\u00e1s\u00e1rolj a NAGYKERB\u0150L a legjobb \u00e1ron, MAG\u00c1NSZEM\u00c9LYEKET is kiszolg\u00e1lunk! T\u00f6bb ezer alkatr\u00e9sz azonnal rakt\u00e1rr\u00f3l.\" \/>\n<meta property=\"og:url\" content=\"https:\/\/quadalkatreszek.com\/en\/product\/quad-atv-feklampakapcsolo-rugo\/\" \/>\n<meta property=\"og:site_name\" content=\"quadalkatreszek.com\" \/>\n<meta property=\"article:modified_time\" content=\"2026-02-02T16:13:31+00:00\" \/>\n<meta property=\"og:image\" content=\"https:\/\/quadalkatreszek.com\/wp-content\/uploads\/2022\/06\/870-rugo.jpg\" \/>\n\t<meta property=\"og:image:width\" content=\"500\" \/>\n\t<meta property=\"og:image:height\" content=\"375\" \/>\n\t<meta property=\"og:image:type\" content=\"image\/jpeg\" \/>\n<meta name=\"twitter:card\" content=\"summary_large_image\" \/>\n<script type=\"application\/ld+json\" class=\"yoast-schema-graph\">{\"@context\":\"https:\\\/\\\/schema.org\",\"@graph\":[{\"@type\":\"WebPage\",\"@id\":\"https:\\\/\\\/quadalkatreszek.com\\\/product\\\/quad-atv-feklampakapcsolo-rugo\\\/\",\"url\":\"https:\\\/\\\/quadalkatreszek.com\\\/product\\\/quad-atv-feklampakapcsolo-rugo\\\/\",\"name\":\"Quad \\\/ATV f\u00e9kl\u00e1mpakapcsol\u00f3 rug\u00f3 - quadalkatreszek.com\",\"isPartOf\":{\"@id\":\"https:\\\/\\\/quadalkatreszek.com\\\/#website\"},\"primaryImageOfPage\":{\"@id\":\"https:\\\/\\\/quadalkatreszek.com\\\/product\\\/quad-atv-feklampakapcsolo-rugo\\\/#primaryimage\"},\"image\":{\"@id\":\"https:\\\/\\\/quadalkatreszek.com\\\/product\\\/quad-atv-feklampakapcsolo-rugo\\\/#primaryimage\"},\"thumbnailUrl\":\"https:\\\/\\\/quadalkatreszek.com\\\/wp-content\\\/uploads\\\/2022\\\/06\\\/870-rugo.jpg\",\"datePublished\":\"2022-06-28T14:06:47+00:00\",\"dateModified\":\"2026-02-02T16:13:31+00:00\",\"description\":\"K\u00ednai Quad f\u00e9kl\u00e1mpakapcsol\u00f3 rug\u00f3. F\u00e9kl\u00e1mpakapcsol\u00f3 rug\u00f3. V\u00e1s\u00e1rolj a NAGYKERB\u0150L a legjobb \u00e1ron, MAG\u00c1NSZEM\u00c9LYEKET is kiszolg\u00e1lunk! T\u00f6bb ezer alkatr\u00e9sz azonnal rakt\u00e1rr\u00f3l.\",\"breadcrumb\":{\"@id\":\"https:\\\/\\\/quadalkatreszek.com\\\/product\\\/quad-atv-feklampakapcsolo-rugo\\\/#breadcrumb\"},\"inLanguage\":\"en-US\",\"potentialAction\":[{\"@type\":\"ReadAction\",\"target\":[\"https:\\\/\\\/quadalkatreszek.com\\\/product\\\/quad-atv-feklampakapcsolo-rugo\\\/\"]}]},{\"@type\":\"ImageObject\",\"inLanguage\":\"en-US\",\"@id\":\"https:\\\/\\\/quadalkatreszek.com\\\/product\\\/quad-atv-feklampakapcsolo-rugo\\\/#primaryimage\",\"url\":\"https:\\\/\\\/quadalkatreszek.com\\\/wp-content\\\/uploads\\\/2022\\\/06\\\/870-rugo.jpg\",\"contentUrl\":\"https:\\\/\\\/quadalkatreszek.com\\\/wp-content\\\/uploads\\\/2022\\\/06\\\/870-rugo.jpg\",\"width\":500,\"height\":375,\"caption\":\"Quad \\\/ATV f\u00e9kl\u00e1mpakapcsol\u00f3 rug\u00f3\"},{\"@type\":\"BreadcrumbList\",\"@id\":\"https:\\\/\\\/quadalkatreszek.com\\\/product\\\/quad-atv-feklampakapcsolo-rugo\\\/#breadcrumb\",\"itemListElement\":[{\"@type\":\"ListItem\",\"position\":1,\"name\":\"Kezd\u0151lap\",\"item\":\"https:\\\/\\\/quadalkatreszek.com\\\/\"},{\"@type\":\"ListItem\",\"position\":2,\"name\":\"Shop\",\"item\":\"https:\\\/\\\/quadalkatreszek.com\\\/shop\\\/\"},{\"@type\":\"ListItem\",\"position\":3,\"name\":\"Quad \\\/ATV f\u00e9kl\u00e1mpakapcsol\u00f3 rug\u00f3\"}]},{\"@type\":\"WebSite\",\"@id\":\"https:\\\/\\\/quadalkatreszek.com\\\/#website\",\"url\":\"https:\\\/\\\/quadalkatreszek.com\\\/\",\"name\":\"quadalkatreszek.com\",\"description\":\"alkatr\u00e9szek - azonnal - rakt\u00e1rr\u00f3l\",\"publisher\":{\"@id\":\"https:\\\/\\\/quadalkatreszek.com\\\/#organization\"},\"potentialAction\":[{\"@type\":\"SearchAction\",\"target\":{\"@type\":\"EntryPoint\",\"urlTemplate\":\"https:\\\/\\\/quadalkatreszek.com\\\/?s={search_term_string}\"},\"query-input\":{\"@type\":\"PropertyValueSpecification\",\"valueRequired\":true,\"valueName\":\"search_term_string\"}}],\"inLanguage\":\"en-US\"},{\"@type\":\"Organization\",\"@id\":\"https:\\\/\\\/quadalkatreszek.com\\\/#organization\",\"name\":\"quadalkatreszek.com\",\"url\":\"https:\\\/\\\/quadalkatreszek.com\\\/\",\"logo\":{\"@type\":\"ImageObject\",\"inLanguage\":\"en-US\",\"@id\":\"https:\\\/\\\/quadalkatreszek.com\\\/#\\\/schema\\\/logo\\\/image\\\/\",\"url\":\"https:\\\/\\\/quadalkatreszek.com\\\/wp-content\\\/uploads\\\/2023\\\/01\\\/korlogo-2.png\",\"contentUrl\":\"https:\\\/\\\/quadalkatreszek.com\\\/wp-content\\\/uploads\\\/2023\\\/01\\\/korlogo-2.png\",\"width\":866,\"height\":866,\"caption\":\"quadalkatreszek.com\"},\"image\":{\"@id\":\"https:\\\/\\\/quadalkatreszek.com\\\/#\\\/schema\\\/logo\\\/image\\\/\"}}]}<\/script>\n<!-- \/ Yoast SEO plugin. -->","yoast_head_json":{"title":"Quad \/ATV f\u00e9kl\u00e1mpakapcsol\u00f3 rug\u00f3 - quadalkatreszek.com","description":"K\u00ednai Quad f\u00e9kl\u00e1mpakapcsol\u00f3 rug\u00f3. F\u00e9kl\u00e1mpakapcsol\u00f3 rug\u00f3. V\u00e1s\u00e1rolj a NAGYKERB\u0150L a legjobb \u00e1ron, MAG\u00c1NSZEM\u00c9LYEKET is kiszolg\u00e1lunk! T\u00f6bb ezer alkatr\u00e9sz azonnal rakt\u00e1rr\u00f3l.","robots":{"index":"index","follow":"follow","max-snippet":"max-snippet:-1","max-image-preview":"max-image-preview:large","max-video-preview":"max-video-preview:-1"},"canonical":"https:\/\/quadalkatreszek.com\/en\/product\/quad-atv-feklampakapcsolo-rugo\/","og_locale":"en_US","og_type":"article","og_title":"Quad \/ATV f\u00e9kl\u00e1mpakapcsol\u00f3 rug\u00f3 - quadalkatreszek.com","og_description":"K\u00ednai Quad f\u00e9kl\u00e1mpakapcsol\u00f3 rug\u00f3. F\u00e9kl\u00e1mpakapcsol\u00f3 rug\u00f3. V\u00e1s\u00e1rolj a NAGYKERB\u0150L a legjobb \u00e1ron, MAG\u00c1NSZEM\u00c9LYEKET is kiszolg\u00e1lunk! T\u00f6bb ezer alkatr\u00e9sz azonnal rakt\u00e1rr\u00f3l.","og_url":"https:\/\/quadalkatreszek.com\/en\/product\/quad-atv-feklampakapcsolo-rugo\/","og_site_name":"quadalkatreszek.com","article_modified_time":"2026-02-02T16:13:31+00:00","og_image":[{"width":500,"height":375,"url":"https:\/\/quadalkatreszek.com\/wp-content\/uploads\/2022\/06\/870-rugo.jpg","type":"image\/jpeg"}],"twitter_card":"summary_large_image","schema":{"@context":"https:\/\/schema.org","@graph":[{"@type":"WebPage","@id":"https:\/\/quadalkatreszek.com\/product\/quad-atv-feklampakapcsolo-rugo\/","url":"https:\/\/quadalkatreszek.com\/product\/quad-atv-feklampakapcsolo-rugo\/","name":"Quad \/ATV f\u00e9kl\u00e1mpakapcsol\u00f3 rug\u00f3 - quadalkatreszek.com","isPartOf":{"@id":"https:\/\/quadalkatreszek.com\/#website"},"primaryImageOfPage":{"@id":"https:\/\/quadalkatreszek.com\/product\/quad-atv-feklampakapcsolo-rugo\/#primaryimage"},"image":{"@id":"https:\/\/quadalkatreszek.com\/product\/quad-atv-feklampakapcsolo-rugo\/#primaryimage"},"thumbnailUrl":"https:\/\/quadalkatreszek.com\/wp-content\/uploads\/2022\/06\/870-rugo.jpg","datePublished":"2022-06-28T14:06:47+00:00","dateModified":"2026-02-02T16:13:31+00:00","description":"K\u00ednai Quad f\u00e9kl\u00e1mpakapcsol\u00f3 rug\u00f3. F\u00e9kl\u00e1mpakapcsol\u00f3 rug\u00f3. V\u00e1s\u00e1rolj a NAGYKERB\u0150L a legjobb \u00e1ron, MAG\u00c1NSZEM\u00c9LYEKET is kiszolg\u00e1lunk! T\u00f6bb ezer alkatr\u00e9sz azonnal rakt\u00e1rr\u00f3l.","breadcrumb":{"@id":"https:\/\/quadalkatreszek.com\/product\/quad-atv-feklampakapcsolo-rugo\/#breadcrumb"},"inLanguage":"en-US","potentialAction":[{"@type":"ReadAction","target":["https:\/\/quadalkatreszek.com\/product\/quad-atv-feklampakapcsolo-rugo\/"]}]},{"@type":"ImageObject","inLanguage":"en-US","@id":"https:\/\/quadalkatreszek.com\/product\/quad-atv-feklampakapcsolo-rugo\/#primaryimage","url":"https:\/\/quadalkatreszek.com\/wp-content\/uploads\/2022\/06\/870-rugo.jpg","contentUrl":"https:\/\/quadalkatreszek.com\/wp-content\/uploads\/2022\/06\/870-rugo.jpg","width":500,"height":375,"caption":"Quad \/ATV f\u00e9kl\u00e1mpakapcsol\u00f3 rug\u00f3"},{"@type":"BreadcrumbList","@id":"https:\/\/quadalkatreszek.com\/product\/quad-atv-feklampakapcsolo-rugo\/#breadcrumb","itemListElement":[{"@type":"ListItem","position":1,"name":"Kezd\u0151lap","item":"https:\/\/quadalkatreszek.com\/"},{"@type":"ListItem","position":2,"name":"Shop","item":"https:\/\/quadalkatreszek.com\/shop\/"},{"@type":"ListItem","position":3,"name":"Quad \/ATV f\u00e9kl\u00e1mpakapcsol\u00f3 rug\u00f3"}]},{"@type":"WebSite","@id":"https:\/\/quadalkatreszek.com\/#website","url":"https:\/\/quadalkatreszek.com\/","name":"quadalkatreszek.com","description":"alkatr\u00e9szek - azonnal - rakt\u00e1rr\u00f3l","publisher":{"@id":"https:\/\/quadalkatreszek.com\/#organization"},"potentialAction":[{"@type":"SearchAction","target":{"@type":"EntryPoint","urlTemplate":"https:\/\/quadalkatreszek.com\/?s={search_term_string}"},"query-input":{"@type":"PropertyValueSpecification","valueRequired":true,"valueName":"search_term_string"}}],"inLanguage":"en-US"},{"@type":"Organization","@id":"https:\/\/quadalkatreszek.com\/#organization","name":"quadalkatreszek.com","url":"https:\/\/quadalkatreszek.com\/","logo":{"@type":"ImageObject","inLanguage":"en-US","@id":"https:\/\/quadalkatreszek.com\/#\/schema\/logo\/image\/","url":"https:\/\/quadalkatreszek.com\/wp-content\/uploads\/2023\/01\/korlogo-2.png","contentUrl":"https:\/\/quadalkatreszek.com\/wp-content\/uploads\/2023\/01\/korlogo-2.png","width":866,"height":866,"caption":"quadalkatreszek.com"},"image":{"@id":"https:\/\/quadalkatreszek.com\/#\/schema\/logo\/image\/"}}]}},"_links":{"self":[{"href":"https:\/\/quadalkatreszek.com\/en\/wp-json\/wp\/v2\/product\/28819","targetHints":{"allow":["GET"]}}],"collection":[{"href":"https:\/\/quadalkatreszek.com\/en\/wp-json\/wp\/v2\/product"}],"about":[{"href":"https:\/\/quadalkatreszek.com\/en\/wp-json\/wp\/v2\/types\/product"}],"replies":[{"embeddable":true,"href":"https:\/\/quadalkatreszek.com\/en\/wp-json\/wp\/v2\/comments?post=28819"}],"wp:featuredmedia":[{"embeddable":true,"href":"https:\/\/quadalkatreszek.com\/en\/wp-json\/wp\/v2\/media\/24545"}],"wp:attachment":[{"href":"https:\/\/quadalkatreszek.com\/en\/wp-json\/wp\/v2\/media?parent=28819"}],"wp:term":[{"taxonomy":"product_brand","embeddable":true,"href":"https:\/\/quadalkatreszek.com\/en\/wp-json\/wp\/v2\/product_brand?post=28819"},{"taxonomy":"product_cat","embeddable":true,"href":"https:\/\/quadalkatreszek.com\/en\/wp-json\/wp\/v2\/product_cat?post=28819"},{"taxonomy":"product_tag","embeddable":true,"href":"https:\/\/quadalkatreszek.com\/en\/wp-json\/wp\/v2\/product_tag?post=28819"}],"curies":[{"name":"wp","href":"https:\/\/api.w.org\/{rel}","templated":true}]}}