{"id":28827,"date":"2022-06-28T15:06:48","date_gmt":"2022-06-28T14:06:48","guid":{"rendered":"https:\/\/quadalkatreszek.com\/product\/beranto-2\/"},"modified":"2026-05-11T17:25:34","modified_gmt":"2026-05-11T16:25:34","slug":"pocket-quad-bike-beranto-quad-alkatresz-3","status":"publish","type":"product","link":"https:\/\/quadalkatreszek.com\/en\/product\/pocket-quad-bike-beranto-quad-alkatresz-3\/","title":{"rendered":"Pocket quad \/bike  ber\u00e1nt\u00f3 \/quad alkatr\u00e9sz"},"content":{"rendered":"<p>Pocket quad ber\u00e1nt\u00f3 \/bike ber\u00e1nt\u00f3<\/p>\n<p>Pocket mini atv, quad, motor m\u0171anyag ber\u00e1nt\u00f3.<\/p>\n<p>Ha nem tal\u00e1lod a keresett <a href=\"https:\/\/quadalkatreszek.com\/en\/product-category\/kinai-quad-motorblokk-alkatresz\/berantok\/\">k\u00ednai quad ber\u00e1nt\u00f3<\/a>t , akkor haszn\u00e1ld a keres\u0151t vagy kattints a linkre.<\/p>\n<p>c878c<\/p>\n<p>&#8211; &#8211; &#8211;<br \/>\n<!--kkod_start--><\/p>\n<div class=\"kkod-visible\">kkod:120<\/div>\n<p><!--kkod_end--><\/p>","protected":false},"excerpt":{"rendered":"<p>Pocket quad ber\u00e1nt\u00f3 \/bike ber\u00e1nt\u00f3<\/p>\n<p>Pocket mini atv, quad, motor m\u0171anyag ber\u00e1nt\u00f3.<\/p>\n<p>A gy\u00e1ri k\u00ednai quad alkatr\u00e9sz nagyon tart\u00f3sak \u00e9s kiv\u00e1l\u00f3 min\u0151s\u00e9g\u0171ek.<\/p>","protected":false},"featured_media":24561,"comment_status":"open","ping_status":"closed","template":"","meta":[],"product_brand":[],"product_cat":[95,165],"product_tag":[],"class_list":{"0":"post-28827","1":"product","2":"type-product","3":"status-publish","4":"has-post-thumbnail","6":"product_cat-akcios-termekek","7":"product_cat-berantok","9":"first","10":"instock","11":"sale","12":"shipping-taxable","13":"purchasable","14":"product-type-simple"},"yoast_head":"<!-- This site is optimized with the Yoast SEO plugin v27.5 - https:\/\/yoast.com\/product\/yoast-seo-wordpress\/ -->\n<title>Pocket quad ber\u00e1nt\u00f3 \/bike ber\u00e1nt\u00f3 Pocket mini atv, quad,<\/title>\n<meta name=\"description\" content=\"Pocket quad ber\u00e1nt\u00f3 \/bike ber\u00e1nt\u00f3 Pocket mini atv, quad, motor m\u0171anyag ber\u00e1nt\u00f3. gy\u00e1ri k\u00ednai quad alkatr\u00e9szek! k\u00ednai dirt bike \/ quad alkatr\u00e9szek a legjobb \u00e1ron azonnal rakt\u00e1rr\u00f3l\" \/>\n<meta name=\"robots\" content=\"index, follow, max-snippet:-1, max-image-preview:large, max-video-preview:-1\" \/>\n<link rel=\"canonical\" href=\"https:\/\/quadalkatreszek.com\/en\/product\/pocket-quad-bike-beranto-quad-alkatresz-3\/\" \/>\n<meta property=\"og:locale\" content=\"en_US\" \/>\n<meta property=\"og:type\" content=\"article\" \/>\n<meta property=\"og:title\" content=\"Pocket quad ber\u00e1nt\u00f3 \/bike ber\u00e1nt\u00f3 Pocket mini atv, quad,\" \/>\n<meta property=\"og:description\" content=\"Pocket quad ber\u00e1nt\u00f3 \/bike ber\u00e1nt\u00f3 Pocket mini atv, quad, motor m\u0171anyag ber\u00e1nt\u00f3. gy\u00e1ri k\u00ednai quad alkatr\u00e9szek! k\u00ednai dirt bike \/ quad alkatr\u00e9szek a legjobb \u00e1ron azonnal rakt\u00e1rr\u00f3l\" \/>\n<meta property=\"og:url\" content=\"https:\/\/quadalkatreszek.com\/en\/product\/pocket-quad-bike-beranto-quad-alkatresz-3\/\" \/>\n<meta property=\"og:site_name\" content=\"quadalkatreszek.com\" \/>\n<meta property=\"article:modified_time\" content=\"2026-05-11T16:25:34+00:00\" \/>\n<meta property=\"og:image\" content=\"https:\/\/quadalkatreszek.com\/wp-content\/uploads\/2022\/06\/878-beranto.jpg\" \/>\n\t<meta property=\"og:image:width\" content=\"500\" \/>\n\t<meta property=\"og:image:height\" content=\"375\" \/>\n\t<meta property=\"og:image:type\" content=\"image\/jpeg\" \/>\n<meta name=\"twitter:card\" content=\"summary_large_image\" \/>\n<script type=\"application\/ld+json\" class=\"yoast-schema-graph\">{\"@context\":\"https:\\\/\\\/schema.org\",\"@graph\":[{\"@type\":\"WebPage\",\"@id\":\"https:\\\/\\\/quadalkatreszek.com\\\/product\\\/pocket-quad-bike-beranto-quad-alkatresz-3\\\/\",\"url\":\"https:\\\/\\\/quadalkatreszek.com\\\/product\\\/pocket-quad-bike-beranto-quad-alkatresz-3\\\/\",\"name\":\"Pocket quad ber\u00e1nt\u00f3 \\\/bike ber\u00e1nt\u00f3 Pocket mini atv, quad,\",\"isPartOf\":{\"@id\":\"https:\\\/\\\/quadalkatreszek.com\\\/#website\"},\"primaryImageOfPage\":{\"@id\":\"https:\\\/\\\/quadalkatreszek.com\\\/product\\\/pocket-quad-bike-beranto-quad-alkatresz-3\\\/#primaryimage\"},\"image\":{\"@id\":\"https:\\\/\\\/quadalkatreszek.com\\\/product\\\/pocket-quad-bike-beranto-quad-alkatresz-3\\\/#primaryimage\"},\"thumbnailUrl\":\"https:\\\/\\\/quadalkatreszek.com\\\/wp-content\\\/uploads\\\/2022\\\/06\\\/878-beranto.jpg\",\"datePublished\":\"2022-06-28T14:06:48+00:00\",\"dateModified\":\"2026-05-11T16:25:34+00:00\",\"description\":\"Pocket quad ber\u00e1nt\u00f3 \\\/bike ber\u00e1nt\u00f3 Pocket mini atv, quad, motor m\u0171anyag ber\u00e1nt\u00f3. gy\u00e1ri k\u00ednai quad alkatr\u00e9szek! k\u00ednai dirt bike \\\/ quad alkatr\u00e9szek a legjobb \u00e1ron azonnal rakt\u00e1rr\u00f3l\",\"breadcrumb\":{\"@id\":\"https:\\\/\\\/quadalkatreszek.com\\\/product\\\/pocket-quad-bike-beranto-quad-alkatresz-3\\\/#breadcrumb\"},\"inLanguage\":\"en-US\",\"potentialAction\":[{\"@type\":\"ReadAction\",\"target\":[\"https:\\\/\\\/quadalkatreszek.com\\\/product\\\/pocket-quad-bike-beranto-quad-alkatresz-3\\\/\"]}]},{\"@type\":\"ImageObject\",\"inLanguage\":\"en-US\",\"@id\":\"https:\\\/\\\/quadalkatreszek.com\\\/product\\\/pocket-quad-bike-beranto-quad-alkatresz-3\\\/#primaryimage\",\"url\":\"https:\\\/\\\/quadalkatreszek.com\\\/wp-content\\\/uploads\\\/2022\\\/06\\\/878-beranto.jpg\",\"contentUrl\":\"https:\\\/\\\/quadalkatreszek.com\\\/wp-content\\\/uploads\\\/2022\\\/06\\\/878-beranto.jpg\",\"width\":500,\"height\":375,\"caption\":\"Pocket quad ber\u00e1nt\u00f3\"},{\"@type\":\"BreadcrumbList\",\"@id\":\"https:\\\/\\\/quadalkatreszek.com\\\/product\\\/pocket-quad-bike-beranto-quad-alkatresz-3\\\/#breadcrumb\",\"itemListElement\":[{\"@type\":\"ListItem\",\"position\":1,\"name\":\"Kezd\u0151lap\",\"item\":\"https:\\\/\\\/quadalkatreszek.com\\\/\"},{\"@type\":\"ListItem\",\"position\":2,\"name\":\"Shop\",\"item\":\"https:\\\/\\\/quadalkatreszek.com\\\/shop\\\/\"},{\"@type\":\"ListItem\",\"position\":3,\"name\":\"Pocket quad \\\/bike ber\u00e1nt\u00f3 \\\/quad alkatr\u00e9sz\"}]},{\"@type\":\"WebSite\",\"@id\":\"https:\\\/\\\/quadalkatreszek.com\\\/#website\",\"url\":\"https:\\\/\\\/quadalkatreszek.com\\\/\",\"name\":\"quadalkatreszek.com\",\"description\":\"alkatr\u00e9szek - azonnal - rakt\u00e1rr\u00f3l\",\"publisher\":{\"@id\":\"https:\\\/\\\/quadalkatreszek.com\\\/#organization\"},\"potentialAction\":[{\"@type\":\"SearchAction\",\"target\":{\"@type\":\"EntryPoint\",\"urlTemplate\":\"https:\\\/\\\/quadalkatreszek.com\\\/?s={search_term_string}\"},\"query-input\":{\"@type\":\"PropertyValueSpecification\",\"valueRequired\":true,\"valueName\":\"search_term_string\"}}],\"inLanguage\":\"en-US\"},{\"@type\":\"Organization\",\"@id\":\"https:\\\/\\\/quadalkatreszek.com\\\/#organization\",\"name\":\"quadalkatreszek.com\",\"url\":\"https:\\\/\\\/quadalkatreszek.com\\\/\",\"logo\":{\"@type\":\"ImageObject\",\"inLanguage\":\"en-US\",\"@id\":\"https:\\\/\\\/quadalkatreszek.com\\\/#\\\/schema\\\/logo\\\/image\\\/\",\"url\":\"https:\\\/\\\/quadalkatreszek.com\\\/wp-content\\\/uploads\\\/2023\\\/01\\\/korlogo-2.png\",\"contentUrl\":\"https:\\\/\\\/quadalkatreszek.com\\\/wp-content\\\/uploads\\\/2023\\\/01\\\/korlogo-2.png\",\"width\":866,\"height\":866,\"caption\":\"quadalkatreszek.com\"},\"image\":{\"@id\":\"https:\\\/\\\/quadalkatreszek.com\\\/#\\\/schema\\\/logo\\\/image\\\/\"}}]}<\/script>\n<!-- \/ Yoast SEO plugin. -->","yoast_head_json":{"title":"Pocket quad ber\u00e1nt\u00f3 \/bike ber\u00e1nt\u00f3 Pocket mini atv, quad,","description":"Pocket quad ber\u00e1nt\u00f3 \/bike ber\u00e1nt\u00f3 Pocket mini atv, quad, motor m\u0171anyag ber\u00e1nt\u00f3. gy\u00e1ri k\u00ednai quad alkatr\u00e9szek! k\u00ednai dirt bike \/ quad alkatr\u00e9szek a legjobb \u00e1ron azonnal rakt\u00e1rr\u00f3l","robots":{"index":"index","follow":"follow","max-snippet":"max-snippet:-1","max-image-preview":"max-image-preview:large","max-video-preview":"max-video-preview:-1"},"canonical":"https:\/\/quadalkatreszek.com\/en\/product\/pocket-quad-bike-beranto-quad-alkatresz-3\/","og_locale":"en_US","og_type":"article","og_title":"Pocket quad ber\u00e1nt\u00f3 \/bike ber\u00e1nt\u00f3 Pocket mini atv, quad,","og_description":"Pocket quad ber\u00e1nt\u00f3 \/bike ber\u00e1nt\u00f3 Pocket mini atv, quad, motor m\u0171anyag ber\u00e1nt\u00f3. gy\u00e1ri k\u00ednai quad alkatr\u00e9szek! k\u00ednai dirt bike \/ quad alkatr\u00e9szek a legjobb \u00e1ron azonnal rakt\u00e1rr\u00f3l","og_url":"https:\/\/quadalkatreszek.com\/en\/product\/pocket-quad-bike-beranto-quad-alkatresz-3\/","og_site_name":"quadalkatreszek.com","article_modified_time":"2026-05-11T16:25:34+00:00","og_image":[{"width":500,"height":375,"url":"https:\/\/quadalkatreszek.com\/wp-content\/uploads\/2022\/06\/878-beranto.jpg","type":"image\/jpeg"}],"twitter_card":"summary_large_image","schema":{"@context":"https:\/\/schema.org","@graph":[{"@type":"WebPage","@id":"https:\/\/quadalkatreszek.com\/product\/pocket-quad-bike-beranto-quad-alkatresz-3\/","url":"https:\/\/quadalkatreszek.com\/product\/pocket-quad-bike-beranto-quad-alkatresz-3\/","name":"Pocket quad ber\u00e1nt\u00f3 \/bike ber\u00e1nt\u00f3 Pocket mini atv, quad,","isPartOf":{"@id":"https:\/\/quadalkatreszek.com\/#website"},"primaryImageOfPage":{"@id":"https:\/\/quadalkatreszek.com\/product\/pocket-quad-bike-beranto-quad-alkatresz-3\/#primaryimage"},"image":{"@id":"https:\/\/quadalkatreszek.com\/product\/pocket-quad-bike-beranto-quad-alkatresz-3\/#primaryimage"},"thumbnailUrl":"https:\/\/quadalkatreszek.com\/wp-content\/uploads\/2022\/06\/878-beranto.jpg","datePublished":"2022-06-28T14:06:48+00:00","dateModified":"2026-05-11T16:25:34+00:00","description":"Pocket quad ber\u00e1nt\u00f3 \/bike ber\u00e1nt\u00f3 Pocket mini atv, quad, motor m\u0171anyag ber\u00e1nt\u00f3. gy\u00e1ri k\u00ednai quad alkatr\u00e9szek! k\u00ednai dirt bike \/ quad alkatr\u00e9szek a legjobb \u00e1ron azonnal rakt\u00e1rr\u00f3l","breadcrumb":{"@id":"https:\/\/quadalkatreszek.com\/product\/pocket-quad-bike-beranto-quad-alkatresz-3\/#breadcrumb"},"inLanguage":"en-US","potentialAction":[{"@type":"ReadAction","target":["https:\/\/quadalkatreszek.com\/product\/pocket-quad-bike-beranto-quad-alkatresz-3\/"]}]},{"@type":"ImageObject","inLanguage":"en-US","@id":"https:\/\/quadalkatreszek.com\/product\/pocket-quad-bike-beranto-quad-alkatresz-3\/#primaryimage","url":"https:\/\/quadalkatreszek.com\/wp-content\/uploads\/2022\/06\/878-beranto.jpg","contentUrl":"https:\/\/quadalkatreszek.com\/wp-content\/uploads\/2022\/06\/878-beranto.jpg","width":500,"height":375,"caption":"Pocket quad ber\u00e1nt\u00f3"},{"@type":"BreadcrumbList","@id":"https:\/\/quadalkatreszek.com\/product\/pocket-quad-bike-beranto-quad-alkatresz-3\/#breadcrumb","itemListElement":[{"@type":"ListItem","position":1,"name":"Kezd\u0151lap","item":"https:\/\/quadalkatreszek.com\/"},{"@type":"ListItem","position":2,"name":"Shop","item":"https:\/\/quadalkatreszek.com\/shop\/"},{"@type":"ListItem","position":3,"name":"Pocket quad \/bike ber\u00e1nt\u00f3 \/quad alkatr\u00e9sz"}]},{"@type":"WebSite","@id":"https:\/\/quadalkatreszek.com\/#website","url":"https:\/\/quadalkatreszek.com\/","name":"quadalkatreszek.com","description":"alkatr\u00e9szek - azonnal - rakt\u00e1rr\u00f3l","publisher":{"@id":"https:\/\/quadalkatreszek.com\/#organization"},"potentialAction":[{"@type":"SearchAction","target":{"@type":"EntryPoint","urlTemplate":"https:\/\/quadalkatreszek.com\/?s={search_term_string}"},"query-input":{"@type":"PropertyValueSpecification","valueRequired":true,"valueName":"search_term_string"}}],"inLanguage":"en-US"},{"@type":"Organization","@id":"https:\/\/quadalkatreszek.com\/#organization","name":"quadalkatreszek.com","url":"https:\/\/quadalkatreszek.com\/","logo":{"@type":"ImageObject","inLanguage":"en-US","@id":"https:\/\/quadalkatreszek.com\/#\/schema\/logo\/image\/","url":"https:\/\/quadalkatreszek.com\/wp-content\/uploads\/2023\/01\/korlogo-2.png","contentUrl":"https:\/\/quadalkatreszek.com\/wp-content\/uploads\/2023\/01\/korlogo-2.png","width":866,"height":866,"caption":"quadalkatreszek.com"},"image":{"@id":"https:\/\/quadalkatreszek.com\/#\/schema\/logo\/image\/"}}]}},"_links":{"self":[{"href":"https:\/\/quadalkatreszek.com\/en\/wp-json\/wp\/v2\/product\/28827","targetHints":{"allow":["GET"]}}],"collection":[{"href":"https:\/\/quadalkatreszek.com\/en\/wp-json\/wp\/v2\/product"}],"about":[{"href":"https:\/\/quadalkatreszek.com\/en\/wp-json\/wp\/v2\/types\/product"}],"replies":[{"embeddable":true,"href":"https:\/\/quadalkatreszek.com\/en\/wp-json\/wp\/v2\/comments?post=28827"}],"wp:featuredmedia":[{"embeddable":true,"href":"https:\/\/quadalkatreszek.com\/en\/wp-json\/wp\/v2\/media\/24561"}],"wp:attachment":[{"href":"https:\/\/quadalkatreszek.com\/en\/wp-json\/wp\/v2\/media?parent=28827"}],"wp:term":[{"taxonomy":"product_brand","embeddable":true,"href":"https:\/\/quadalkatreszek.com\/en\/wp-json\/wp\/v2\/product_brand?post=28827"},{"taxonomy":"product_cat","embeddable":true,"href":"https:\/\/quadalkatreszek.com\/en\/wp-json\/wp\/v2\/product_cat?post=28827"},{"taxonomy":"product_tag","embeddable":true,"href":"https:\/\/quadalkatreszek.com\/en\/wp-json\/wp\/v2\/product_tag?post=28827"}],"curies":[{"name":"wp","href":"https:\/\/api.w.org\/{rel}","templated":true}]}}