{"id":28831,"date":"2022-06-28T15:06:48","date_gmt":"2022-06-28T14:06:48","guid":{"rendered":"https:\/\/quadalkatreszek.com\/product\/125-ccm-motorblokk\/"},"modified":"2026-03-20T20:45:21","modified_gmt":"2026-03-20T19:45:21","slug":"125-ccm-quad-motorblokk-kinai-quad-alkatresz","status":"publish","type":"product","link":"https:\/\/quadalkatreszek.com\/en\/product\/125-ccm-quad-motorblokk-kinai-quad-alkatresz\/","title":{"rendered":"125cc Kxd gyerek  quad motorblokk"},"content":{"rendered":"<p>125cc Kxd gyerek quad motorblokk<\/p>\n<p>125 ccm quad motorblokk<\/p>\n<p>Quad,atv 125ccm (124ccm) komplett motorblokk, f\u00e9lautomata v\u00e1lt\u00f3, 3+1 sebess\u00e9g, 3 sebess\u00e9g el\u0151re 1 sebess\u00e9g h\u00e1tra! A henger a\u00a0 hengerfej \u00e9s\u00a0 az oldaldekni le van h\u00fazva a blokkr\u00f3l. Az \u00e1r nem tartalmazza az \u00fczembehelyez\u00e9st(+5000Ft).<br \/>\n<strong>Fontos!!<\/strong> Minden motorblokk bej\u00e1ratos. 10 \u00fczem\u00f3ra ut\u00e1n k\u00f6telez\u0151 az olajcsere. Rendszer karbantart\u00e1s 50 \u00fczem\u00f3r\u00e1nk\u00e9nt.<br \/>\nEnged\u00e9lyezett: 10W-40 <strong>4T <\/strong>motorker\u00e9kp\u00e1r olaj.<\/p>\n<p><strong>Garancia: <\/strong>A motorblokkra 1 \u00e9v garanci\u00e1t v\u00e1llalunk, ennek a felt\u00e9tele, hogy szakszervizi sz\u00e1ml\u00e1val kell igazolni az els\u0151 10 \u00fczem\u00f3ra, de legk\u00e9s\u0151bb a v\u00e1s\u00e1rl\u00e1st\u00f3l sz\u00e1m\u00edtott 2 h\u00f3nap ut\u00e1ni \u00e9s a tov\u00e1bbiakban az egy \u00e9ven bel\u00fcli m\u00e9g egy olajcser\u00e9t.<\/p>\n<p>125 ccm quad motorblokk<\/p>\n<p>C880<\/p>\n<p><strong>\u00a0<\/strong><\/p>","protected":false},"excerpt":{"rendered":"<p>125cc Kxd gyerek quad motorblokk<\/p>\n<p>Quad,atv 125ccm (124ccm) komplett motorblokk. 3+1 sebess\u00e9g.<\/p>","protected":false},"featured_media":24565,"comment_status":"open","ping_status":"closed","template":"","meta":[],"product_brand":[],"product_cat":[132],"product_tag":[],"class_list":{"0":"post-28831","1":"product","2":"type-product","3":"status-publish","4":"has-post-thumbnail","6":"product_cat-komplett-motorblokk","8":"first","9":"instock","10":"shipping-taxable","11":"purchasable","12":"product-type-simple"},"yoast_head":"<!-- This site is optimized with the Yoast SEO plugin v27.4 - https:\/\/yoast.com\/product\/yoast-seo-wordpress\/ -->\n<title>125cc Kxd gyerek quad motorblokk - quadalkatreszek.com<\/title>\n<meta name=\"description\" content=\"125cc Kxd gyerek quad motorblokk. komplett motorblokk, f\u00e9lautomata v\u00e1lt\u00f3, 3+1 sebess\u00e9g, 3 sebess\u00e9g el\u0151re 1 sebess\u00e9g h\u00e1tra! A legjobb \u00e1ron n\u00e1lunk!\" \/>\n<meta name=\"robots\" content=\"index, follow, max-snippet:-1, max-image-preview:large, max-video-preview:-1\" \/>\n<link rel=\"canonical\" href=\"https:\/\/quadalkatreszek.com\/en\/product\/125-ccm-quad-motorblokk-kinai-quad-alkatresz\/\" \/>\n<meta property=\"og:locale\" content=\"en_US\" \/>\n<meta property=\"og:type\" content=\"article\" \/>\n<meta property=\"og:title\" content=\"125cc Kxd gyerek quad motorblokk - quadalkatreszek.com\" \/>\n<meta property=\"og:description\" content=\"125cc Kxd gyerek quad motorblokk. komplett motorblokk, f\u00e9lautomata v\u00e1lt\u00f3, 3+1 sebess\u00e9g, 3 sebess\u00e9g el\u0151re 1 sebess\u00e9g h\u00e1tra! A legjobb \u00e1ron n\u00e1lunk!\" \/>\n<meta property=\"og:url\" content=\"https:\/\/quadalkatreszek.com\/en\/product\/125-ccm-quad-motorblokk-kinai-quad-alkatresz\/\" \/>\n<meta property=\"og:site_name\" content=\"quadalkatreszek.com\" \/>\n<meta property=\"article:modified_time\" content=\"2026-03-20T19:45:21+00:00\" \/>\n<meta property=\"og:image\" content=\"https:\/\/quadalkatreszek.com\/wp-content\/uploads\/2022\/06\/880-125-ccm-motorblokk.jpg\" \/>\n\t<meta property=\"og:image:width\" content=\"500\" \/>\n\t<meta property=\"og:image:height\" content=\"375\" \/>\n\t<meta property=\"og:image:type\" content=\"image\/jpeg\" \/>\n<meta name=\"twitter:card\" content=\"summary_large_image\" \/>\n<meta name=\"twitter:label1\" content=\"Est. reading time\" \/>\n\t<meta name=\"twitter:data1\" content=\"1 minute\" \/>\n<script type=\"application\/ld+json\" class=\"yoast-schema-graph\">{\"@context\":\"https:\\\/\\\/schema.org\",\"@graph\":[{\"@type\":\"WebPage\",\"@id\":\"https:\\\/\\\/quadalkatreszek.com\\\/product\\\/125-ccm-quad-motorblokk-kinai-quad-alkatresz\\\/\",\"url\":\"https:\\\/\\\/quadalkatreszek.com\\\/product\\\/125-ccm-quad-motorblokk-kinai-quad-alkatresz\\\/\",\"name\":\"125cc Kxd gyerek quad motorblokk - quadalkatreszek.com\",\"isPartOf\":{\"@id\":\"https:\\\/\\\/quadalkatreszek.com\\\/#website\"},\"primaryImageOfPage\":{\"@id\":\"https:\\\/\\\/quadalkatreszek.com\\\/product\\\/125-ccm-quad-motorblokk-kinai-quad-alkatresz\\\/#primaryimage\"},\"image\":{\"@id\":\"https:\\\/\\\/quadalkatreszek.com\\\/product\\\/125-ccm-quad-motorblokk-kinai-quad-alkatresz\\\/#primaryimage\"},\"thumbnailUrl\":\"https:\\\/\\\/quadalkatreszek.com\\\/wp-content\\\/uploads\\\/2022\\\/06\\\/880-125-ccm-motorblokk.jpg\",\"datePublished\":\"2022-06-28T14:06:48+00:00\",\"dateModified\":\"2026-03-20T19:45:21+00:00\",\"description\":\"125cc Kxd gyerek quad motorblokk. komplett motorblokk, f\u00e9lautomata v\u00e1lt\u00f3, 3+1 sebess\u00e9g, 3 sebess\u00e9g el\u0151re 1 sebess\u00e9g h\u00e1tra! A legjobb \u00e1ron n\u00e1lunk!\",\"breadcrumb\":{\"@id\":\"https:\\\/\\\/quadalkatreszek.com\\\/product\\\/125-ccm-quad-motorblokk-kinai-quad-alkatresz\\\/#breadcrumb\"},\"inLanguage\":\"en-US\",\"potentialAction\":[{\"@type\":\"ReadAction\",\"target\":[\"https:\\\/\\\/quadalkatreszek.com\\\/product\\\/125-ccm-quad-motorblokk-kinai-quad-alkatresz\\\/\"]}]},{\"@type\":\"ImageObject\",\"inLanguage\":\"en-US\",\"@id\":\"https:\\\/\\\/quadalkatreszek.com\\\/product\\\/125-ccm-quad-motorblokk-kinai-quad-alkatresz\\\/#primaryimage\",\"url\":\"https:\\\/\\\/quadalkatreszek.com\\\/wp-content\\\/uploads\\\/2022\\\/06\\\/880-125-ccm-motorblokk.jpg\",\"contentUrl\":\"https:\\\/\\\/quadalkatreszek.com\\\/wp-content\\\/uploads\\\/2022\\\/06\\\/880-125-ccm-motorblokk.jpg\",\"width\":500,\"height\":375,\"caption\":\"125 ccm quad motorblokk\"},{\"@type\":\"BreadcrumbList\",\"@id\":\"https:\\\/\\\/quadalkatreszek.com\\\/product\\\/125-ccm-quad-motorblokk-kinai-quad-alkatresz\\\/#breadcrumb\",\"itemListElement\":[{\"@type\":\"ListItem\",\"position\":1,\"name\":\"Kezd\u0151lap\",\"item\":\"https:\\\/\\\/quadalkatreszek.com\\\/\"},{\"@type\":\"ListItem\",\"position\":2,\"name\":\"Shop\",\"item\":\"https:\\\/\\\/quadalkatreszek.com\\\/shop\\\/\"},{\"@type\":\"ListItem\",\"position\":3,\"name\":\"125cc Kxd gyerek quad motorblokk\"}]},{\"@type\":\"WebSite\",\"@id\":\"https:\\\/\\\/quadalkatreszek.com\\\/#website\",\"url\":\"https:\\\/\\\/quadalkatreszek.com\\\/\",\"name\":\"quadalkatreszek.com\",\"description\":\"alkatr\u00e9szek - azonnal - rakt\u00e1rr\u00f3l\",\"publisher\":{\"@id\":\"https:\\\/\\\/quadalkatreszek.com\\\/#organization\"},\"potentialAction\":[{\"@type\":\"SearchAction\",\"target\":{\"@type\":\"EntryPoint\",\"urlTemplate\":\"https:\\\/\\\/quadalkatreszek.com\\\/?s={search_term_string}\"},\"query-input\":{\"@type\":\"PropertyValueSpecification\",\"valueRequired\":true,\"valueName\":\"search_term_string\"}}],\"inLanguage\":\"en-US\"},{\"@type\":\"Organization\",\"@id\":\"https:\\\/\\\/quadalkatreszek.com\\\/#organization\",\"name\":\"quadalkatreszek.com\",\"url\":\"https:\\\/\\\/quadalkatreszek.com\\\/\",\"logo\":{\"@type\":\"ImageObject\",\"inLanguage\":\"en-US\",\"@id\":\"https:\\\/\\\/quadalkatreszek.com\\\/#\\\/schema\\\/logo\\\/image\\\/\",\"url\":\"https:\\\/\\\/quadalkatreszek.com\\\/wp-content\\\/uploads\\\/2023\\\/01\\\/korlogo-2.png\",\"contentUrl\":\"https:\\\/\\\/quadalkatreszek.com\\\/wp-content\\\/uploads\\\/2023\\\/01\\\/korlogo-2.png\",\"width\":866,\"height\":866,\"caption\":\"quadalkatreszek.com\"},\"image\":{\"@id\":\"https:\\\/\\\/quadalkatreszek.com\\\/#\\\/schema\\\/logo\\\/image\\\/\"}}]}<\/script>\n<!-- \/ Yoast SEO plugin. -->","yoast_head_json":{"title":"125cc Kxd gyerek quad motorblokk - quadalkatreszek.com","description":"125cc Kxd gyerek quad motorblokk. komplett motorblokk, f\u00e9lautomata v\u00e1lt\u00f3, 3+1 sebess\u00e9g, 3 sebess\u00e9g el\u0151re 1 sebess\u00e9g h\u00e1tra! A legjobb \u00e1ron n\u00e1lunk!","robots":{"index":"index","follow":"follow","max-snippet":"max-snippet:-1","max-image-preview":"max-image-preview:large","max-video-preview":"max-video-preview:-1"},"canonical":"https:\/\/quadalkatreszek.com\/en\/product\/125-ccm-quad-motorblokk-kinai-quad-alkatresz\/","og_locale":"en_US","og_type":"article","og_title":"125cc Kxd gyerek quad motorblokk - quadalkatreszek.com","og_description":"125cc Kxd gyerek quad motorblokk. komplett motorblokk, f\u00e9lautomata v\u00e1lt\u00f3, 3+1 sebess\u00e9g, 3 sebess\u00e9g el\u0151re 1 sebess\u00e9g h\u00e1tra! A legjobb \u00e1ron n\u00e1lunk!","og_url":"https:\/\/quadalkatreszek.com\/en\/product\/125-ccm-quad-motorblokk-kinai-quad-alkatresz\/","og_site_name":"quadalkatreszek.com","article_modified_time":"2026-03-20T19:45:21+00:00","og_image":[{"width":500,"height":375,"url":"https:\/\/quadalkatreszek.com\/wp-content\/uploads\/2022\/06\/880-125-ccm-motorblokk.jpg","type":"image\/jpeg"}],"twitter_card":"summary_large_image","twitter_misc":{"Est. reading time":"1 minute"},"schema":{"@context":"https:\/\/schema.org","@graph":[{"@type":"WebPage","@id":"https:\/\/quadalkatreszek.com\/product\/125-ccm-quad-motorblokk-kinai-quad-alkatresz\/","url":"https:\/\/quadalkatreszek.com\/product\/125-ccm-quad-motorblokk-kinai-quad-alkatresz\/","name":"125cc Kxd gyerek quad motorblokk - quadalkatreszek.com","isPartOf":{"@id":"https:\/\/quadalkatreszek.com\/#website"},"primaryImageOfPage":{"@id":"https:\/\/quadalkatreszek.com\/product\/125-ccm-quad-motorblokk-kinai-quad-alkatresz\/#primaryimage"},"image":{"@id":"https:\/\/quadalkatreszek.com\/product\/125-ccm-quad-motorblokk-kinai-quad-alkatresz\/#primaryimage"},"thumbnailUrl":"https:\/\/quadalkatreszek.com\/wp-content\/uploads\/2022\/06\/880-125-ccm-motorblokk.jpg","datePublished":"2022-06-28T14:06:48+00:00","dateModified":"2026-03-20T19:45:21+00:00","description":"125cc Kxd gyerek quad motorblokk. komplett motorblokk, f\u00e9lautomata v\u00e1lt\u00f3, 3+1 sebess\u00e9g, 3 sebess\u00e9g el\u0151re 1 sebess\u00e9g h\u00e1tra! A legjobb \u00e1ron n\u00e1lunk!","breadcrumb":{"@id":"https:\/\/quadalkatreszek.com\/product\/125-ccm-quad-motorblokk-kinai-quad-alkatresz\/#breadcrumb"},"inLanguage":"en-US","potentialAction":[{"@type":"ReadAction","target":["https:\/\/quadalkatreszek.com\/product\/125-ccm-quad-motorblokk-kinai-quad-alkatresz\/"]}]},{"@type":"ImageObject","inLanguage":"en-US","@id":"https:\/\/quadalkatreszek.com\/product\/125-ccm-quad-motorblokk-kinai-quad-alkatresz\/#primaryimage","url":"https:\/\/quadalkatreszek.com\/wp-content\/uploads\/2022\/06\/880-125-ccm-motorblokk.jpg","contentUrl":"https:\/\/quadalkatreszek.com\/wp-content\/uploads\/2022\/06\/880-125-ccm-motorblokk.jpg","width":500,"height":375,"caption":"125 ccm quad motorblokk"},{"@type":"BreadcrumbList","@id":"https:\/\/quadalkatreszek.com\/product\/125-ccm-quad-motorblokk-kinai-quad-alkatresz\/#breadcrumb","itemListElement":[{"@type":"ListItem","position":1,"name":"Kezd\u0151lap","item":"https:\/\/quadalkatreszek.com\/"},{"@type":"ListItem","position":2,"name":"Shop","item":"https:\/\/quadalkatreszek.com\/shop\/"},{"@type":"ListItem","position":3,"name":"125cc Kxd gyerek quad motorblokk"}]},{"@type":"WebSite","@id":"https:\/\/quadalkatreszek.com\/#website","url":"https:\/\/quadalkatreszek.com\/","name":"quadalkatreszek.com","description":"alkatr\u00e9szek - azonnal - rakt\u00e1rr\u00f3l","publisher":{"@id":"https:\/\/quadalkatreszek.com\/#organization"},"potentialAction":[{"@type":"SearchAction","target":{"@type":"EntryPoint","urlTemplate":"https:\/\/quadalkatreszek.com\/?s={search_term_string}"},"query-input":{"@type":"PropertyValueSpecification","valueRequired":true,"valueName":"search_term_string"}}],"inLanguage":"en-US"},{"@type":"Organization","@id":"https:\/\/quadalkatreszek.com\/#organization","name":"quadalkatreszek.com","url":"https:\/\/quadalkatreszek.com\/","logo":{"@type":"ImageObject","inLanguage":"en-US","@id":"https:\/\/quadalkatreszek.com\/#\/schema\/logo\/image\/","url":"https:\/\/quadalkatreszek.com\/wp-content\/uploads\/2023\/01\/korlogo-2.png","contentUrl":"https:\/\/quadalkatreszek.com\/wp-content\/uploads\/2023\/01\/korlogo-2.png","width":866,"height":866,"caption":"quadalkatreszek.com"},"image":{"@id":"https:\/\/quadalkatreszek.com\/#\/schema\/logo\/image\/"}}]}},"_links":{"self":[{"href":"https:\/\/quadalkatreszek.com\/en\/wp-json\/wp\/v2\/product\/28831","targetHints":{"allow":["GET"]}}],"collection":[{"href":"https:\/\/quadalkatreszek.com\/en\/wp-json\/wp\/v2\/product"}],"about":[{"href":"https:\/\/quadalkatreszek.com\/en\/wp-json\/wp\/v2\/types\/product"}],"replies":[{"embeddable":true,"href":"https:\/\/quadalkatreszek.com\/en\/wp-json\/wp\/v2\/comments?post=28831"}],"wp:featuredmedia":[{"embeddable":true,"href":"https:\/\/quadalkatreszek.com\/en\/wp-json\/wp\/v2\/media\/24565"}],"wp:attachment":[{"href":"https:\/\/quadalkatreszek.com\/en\/wp-json\/wp\/v2\/media?parent=28831"}],"wp:term":[{"taxonomy":"product_brand","embeddable":true,"href":"https:\/\/quadalkatreszek.com\/en\/wp-json\/wp\/v2\/product_brand?post=28831"},{"taxonomy":"product_cat","embeddable":true,"href":"https:\/\/quadalkatreszek.com\/en\/wp-json\/wp\/v2\/product_cat?post=28831"},{"taxonomy":"product_tag","embeddable":true,"href":"https:\/\/quadalkatreszek.com\/en\/wp-json\/wp\/v2\/product_tag?post=28831"}],"curies":[{"name":"wp","href":"https:\/\/api.w.org\/{rel}","templated":true}]}}