{"id":28928,"date":"2022-06-28T15:07:02","date_gmt":"2022-06-28T14:07:02","guid":{"rendered":"https:\/\/quadalkatreszek.com\/product\/akkumulator-5\/"},"modified":"2023-10-18T14:15:36","modified_gmt":"2023-10-18T13:15:36","slug":"quad-akkumulator-yb7l-b-12v-7ah","status":"publish","type":"product","link":"https:\/\/quadalkatreszek.com\/en\/product\/quad-akkumulator-yb7l-b-12v-7ah\/","title":{"rendered":"Quad akkumul\u00e1tor YB7L-B 12v\/7Ah"},"content":{"rendered":"<p>Quad akkumul\u00e1tor YB7L-B<\/p>\n<p>150-200ccm quadokba motorokba, Loncin, Lifan, Yakimoto, Bashan, Zongshen \u00e9s egy\u00e9b quadokba!<\/p>\n<p>Quad, atv Moto Start akkumul\u00e1tor, akuml\u00e1tor (YB7L-B) 12v\/7Ah. m\u00e9ret:137x75x134.<\/p>\n<p><span style=\"color: #ff0000;\">(Sav n\u00e9lk\u00fcl)<\/span><\/p>\n<p>Az Eur\u00f3pai parlament \u00e9s tan\u00e1cs 2019\/1148 rendelete miatt az akuml\u00e1torokat 2021.02.01 ut\u00e1n<\/p>\n<p>csak sav n\u00e9lk\u00fcl tudjuk postai \u00faton k\u00fcldeni!<\/p>\n<p>Szem\u00e9lyes v\u00e1s\u00e1rl\u00e1s eset\u00e9n term\u00e9szetesen fel tudjuk savazni!!!<\/p>\n<p><span style=\"color: #ff0000;\">\u00a0<\/span><\/p>\n<p>&#8211; &#8211; &#8211;<br \/>\n<!--kkod_start--><\/p>\n<div class=\"kkod-visible\">kkod:98<\/div>\n<p><!--kkod_end--><\/p>","protected":false},"excerpt":{"rendered":"<p>Quad akkumul\u00e1tor YB7L-B<\/p>\n<p>Quad, atv Moto Start akkumul\u00e1tor (YB7L-B) 12v\/7Ah. m\u00e9ret: 137x75x134.<\/p>","protected":false},"featured_media":24761,"comment_status":"open","ping_status":"closed","template":"","meta":[],"product_brand":[],"product_cat":[100],"product_tag":[],"class_list":{"0":"post-28928","1":"product","2":"type-product","3":"status-publish","4":"has-post-thumbnail","6":"product_cat-akkumulator","8":"first","9":"outofstock","10":"shipping-taxable","11":"purchasable","12":"product-type-simple"},"yoast_head":"<!-- This site is optimized with the Yoast SEO plugin v27.4 - https:\/\/yoast.com\/product\/yoast-seo-wordpress\/ -->\n<title>Quad akkumul\u00e1tor YB7L-B 12v\/7Ah - quadalkatreszek.com<\/title>\n<meta name=\"description\" content=\"Quad akkumul\u00e1tor YB7L-B. V\u00e1s\u00e1rolj a NAGYKERB\u0150L a legjobb \u00e1ron, MAG\u00c1NSZEM\u00c9LYEKET is kiszolg\u00e1lunk! T\u00f6bb ezer alkatr\u00e9sz azonnal rakt\u00e1rr\u00f3l.\" \/>\n<meta name=\"robots\" content=\"index, follow, max-snippet:-1, max-image-preview:large, max-video-preview:-1\" \/>\n<link rel=\"canonical\" href=\"https:\/\/quadalkatreszek.com\/en\/product\/quad-akkumulator-yb7l-b-12v-7ah\/\" \/>\n<meta property=\"og:locale\" content=\"en_US\" \/>\n<meta property=\"og:type\" content=\"article\" \/>\n<meta property=\"og:title\" content=\"Quad akkumul\u00e1tor YB7L-B 12v\/7Ah - quadalkatreszek.com\" \/>\n<meta property=\"og:description\" content=\"Quad akkumul\u00e1tor YB7L-B. V\u00e1s\u00e1rolj a NAGYKERB\u0150L a legjobb \u00e1ron, MAG\u00c1NSZEM\u00c9LYEKET is kiszolg\u00e1lunk! T\u00f6bb ezer alkatr\u00e9sz azonnal rakt\u00e1rr\u00f3l.\" \/>\n<meta property=\"og:url\" content=\"https:\/\/quadalkatreszek.com\/en\/product\/quad-akkumulator-yb7l-b-12v-7ah\/\" \/>\n<meta property=\"og:site_name\" content=\"quadalkatreszek.com\" \/>\n<meta property=\"article:modified_time\" content=\"2023-10-18T13:15:36+00:00\" \/>\n<meta property=\"og:image\" content=\"https:\/\/quadalkatreszek.com\/wp-content\/uploads\/2022\/06\/P1012144.jpg\" \/>\n\t<meta property=\"og:image:width\" content=\"500\" \/>\n\t<meta property=\"og:image:height\" content=\"375\" \/>\n\t<meta property=\"og:image:type\" content=\"image\/jpeg\" \/>\n<meta name=\"twitter:card\" content=\"summary_large_image\" \/>\n<script type=\"application\/ld+json\" class=\"yoast-schema-graph\">{\"@context\":\"https:\\\/\\\/schema.org\",\"@graph\":[{\"@type\":\"WebPage\",\"@id\":\"https:\\\/\\\/quadalkatreszek.com\\\/product\\\/quad-akkumulator-yb7l-b-12v-7ah\\\/\",\"url\":\"https:\\\/\\\/quadalkatreszek.com\\\/product\\\/quad-akkumulator-yb7l-b-12v-7ah\\\/\",\"name\":\"Quad akkumul\u00e1tor YB7L-B 12v\\\/7Ah - quadalkatreszek.com\",\"isPartOf\":{\"@id\":\"https:\\\/\\\/quadalkatreszek.com\\\/#website\"},\"primaryImageOfPage\":{\"@id\":\"https:\\\/\\\/quadalkatreszek.com\\\/product\\\/quad-akkumulator-yb7l-b-12v-7ah\\\/#primaryimage\"},\"image\":{\"@id\":\"https:\\\/\\\/quadalkatreszek.com\\\/product\\\/quad-akkumulator-yb7l-b-12v-7ah\\\/#primaryimage\"},\"thumbnailUrl\":\"https:\\\/\\\/quadalkatreszek.com\\\/wp-content\\\/uploads\\\/2022\\\/06\\\/P1012144.jpg\",\"datePublished\":\"2022-06-28T14:07:02+00:00\",\"dateModified\":\"2023-10-18T13:15:36+00:00\",\"description\":\"Quad akkumul\u00e1tor YB7L-B. V\u00e1s\u00e1rolj a NAGYKERB\u0150L a legjobb \u00e1ron, MAG\u00c1NSZEM\u00c9LYEKET is kiszolg\u00e1lunk! T\u00f6bb ezer alkatr\u00e9sz azonnal rakt\u00e1rr\u00f3l.\",\"breadcrumb\":{\"@id\":\"https:\\\/\\\/quadalkatreszek.com\\\/product\\\/quad-akkumulator-yb7l-b-12v-7ah\\\/#breadcrumb\"},\"inLanguage\":\"en-US\",\"potentialAction\":[{\"@type\":\"ReadAction\",\"target\":[\"https:\\\/\\\/quadalkatreszek.com\\\/product\\\/quad-akkumulator-yb7l-b-12v-7ah\\\/\"]}]},{\"@type\":\"ImageObject\",\"inLanguage\":\"en-US\",\"@id\":\"https:\\\/\\\/quadalkatreszek.com\\\/product\\\/quad-akkumulator-yb7l-b-12v-7ah\\\/#primaryimage\",\"url\":\"https:\\\/\\\/quadalkatreszek.com\\\/wp-content\\\/uploads\\\/2022\\\/06\\\/P1012144.jpg\",\"contentUrl\":\"https:\\\/\\\/quadalkatreszek.com\\\/wp-content\\\/uploads\\\/2022\\\/06\\\/P1012144.jpg\",\"width\":500,\"height\":375},{\"@type\":\"BreadcrumbList\",\"@id\":\"https:\\\/\\\/quadalkatreszek.com\\\/product\\\/quad-akkumulator-yb7l-b-12v-7ah\\\/#breadcrumb\",\"itemListElement\":[{\"@type\":\"ListItem\",\"position\":1,\"name\":\"Kezd\u0151lap\",\"item\":\"https:\\\/\\\/quadalkatreszek.com\\\/\"},{\"@type\":\"ListItem\",\"position\":2,\"name\":\"Shop\",\"item\":\"https:\\\/\\\/quadalkatreszek.com\\\/shop\\\/\"},{\"@type\":\"ListItem\",\"position\":3,\"name\":\"Quad akkumul\u00e1tor YB7L-B 12v\\\/7Ah\"}]},{\"@type\":\"WebSite\",\"@id\":\"https:\\\/\\\/quadalkatreszek.com\\\/#website\",\"url\":\"https:\\\/\\\/quadalkatreszek.com\\\/\",\"name\":\"quadalkatreszek.com\",\"description\":\"alkatr\u00e9szek - azonnal - rakt\u00e1rr\u00f3l\",\"publisher\":{\"@id\":\"https:\\\/\\\/quadalkatreszek.com\\\/#organization\"},\"potentialAction\":[{\"@type\":\"SearchAction\",\"target\":{\"@type\":\"EntryPoint\",\"urlTemplate\":\"https:\\\/\\\/quadalkatreszek.com\\\/?s={search_term_string}\"},\"query-input\":{\"@type\":\"PropertyValueSpecification\",\"valueRequired\":true,\"valueName\":\"search_term_string\"}}],\"inLanguage\":\"en-US\"},{\"@type\":\"Organization\",\"@id\":\"https:\\\/\\\/quadalkatreszek.com\\\/#organization\",\"name\":\"quadalkatreszek.com\",\"url\":\"https:\\\/\\\/quadalkatreszek.com\\\/\",\"logo\":{\"@type\":\"ImageObject\",\"inLanguage\":\"en-US\",\"@id\":\"https:\\\/\\\/quadalkatreszek.com\\\/#\\\/schema\\\/logo\\\/image\\\/\",\"url\":\"https:\\\/\\\/quadalkatreszek.com\\\/wp-content\\\/uploads\\\/2023\\\/01\\\/korlogo-2.png\",\"contentUrl\":\"https:\\\/\\\/quadalkatreszek.com\\\/wp-content\\\/uploads\\\/2023\\\/01\\\/korlogo-2.png\",\"width\":866,\"height\":866,\"caption\":\"quadalkatreszek.com\"},\"image\":{\"@id\":\"https:\\\/\\\/quadalkatreszek.com\\\/#\\\/schema\\\/logo\\\/image\\\/\"}}]}<\/script>\n<!-- \/ Yoast SEO plugin. -->","yoast_head_json":{"title":"Quad akkumul\u00e1tor YB7L-B 12v\/7Ah - quadalkatreszek.com","description":"Quad akkumul\u00e1tor YB7L-B. V\u00e1s\u00e1rolj a NAGYKERB\u0150L a legjobb \u00e1ron, MAG\u00c1NSZEM\u00c9LYEKET is kiszolg\u00e1lunk! T\u00f6bb ezer alkatr\u00e9sz azonnal rakt\u00e1rr\u00f3l.","robots":{"index":"index","follow":"follow","max-snippet":"max-snippet:-1","max-image-preview":"max-image-preview:large","max-video-preview":"max-video-preview:-1"},"canonical":"https:\/\/quadalkatreszek.com\/en\/product\/quad-akkumulator-yb7l-b-12v-7ah\/","og_locale":"en_US","og_type":"article","og_title":"Quad akkumul\u00e1tor YB7L-B 12v\/7Ah - quadalkatreszek.com","og_description":"Quad akkumul\u00e1tor YB7L-B. V\u00e1s\u00e1rolj a NAGYKERB\u0150L a legjobb \u00e1ron, MAG\u00c1NSZEM\u00c9LYEKET is kiszolg\u00e1lunk! T\u00f6bb ezer alkatr\u00e9sz azonnal rakt\u00e1rr\u00f3l.","og_url":"https:\/\/quadalkatreszek.com\/en\/product\/quad-akkumulator-yb7l-b-12v-7ah\/","og_site_name":"quadalkatreszek.com","article_modified_time":"2023-10-18T13:15:36+00:00","og_image":[{"width":500,"height":375,"url":"https:\/\/quadalkatreszek.com\/wp-content\/uploads\/2022\/06\/P1012144.jpg","type":"image\/jpeg"}],"twitter_card":"summary_large_image","schema":{"@context":"https:\/\/schema.org","@graph":[{"@type":"WebPage","@id":"https:\/\/quadalkatreszek.com\/product\/quad-akkumulator-yb7l-b-12v-7ah\/","url":"https:\/\/quadalkatreszek.com\/product\/quad-akkumulator-yb7l-b-12v-7ah\/","name":"Quad akkumul\u00e1tor YB7L-B 12v\/7Ah - quadalkatreszek.com","isPartOf":{"@id":"https:\/\/quadalkatreszek.com\/#website"},"primaryImageOfPage":{"@id":"https:\/\/quadalkatreszek.com\/product\/quad-akkumulator-yb7l-b-12v-7ah\/#primaryimage"},"image":{"@id":"https:\/\/quadalkatreszek.com\/product\/quad-akkumulator-yb7l-b-12v-7ah\/#primaryimage"},"thumbnailUrl":"https:\/\/quadalkatreszek.com\/wp-content\/uploads\/2022\/06\/P1012144.jpg","datePublished":"2022-06-28T14:07:02+00:00","dateModified":"2023-10-18T13:15:36+00:00","description":"Quad akkumul\u00e1tor YB7L-B. V\u00e1s\u00e1rolj a NAGYKERB\u0150L a legjobb \u00e1ron, MAG\u00c1NSZEM\u00c9LYEKET is kiszolg\u00e1lunk! T\u00f6bb ezer alkatr\u00e9sz azonnal rakt\u00e1rr\u00f3l.","breadcrumb":{"@id":"https:\/\/quadalkatreszek.com\/product\/quad-akkumulator-yb7l-b-12v-7ah\/#breadcrumb"},"inLanguage":"en-US","potentialAction":[{"@type":"ReadAction","target":["https:\/\/quadalkatreszek.com\/product\/quad-akkumulator-yb7l-b-12v-7ah\/"]}]},{"@type":"ImageObject","inLanguage":"en-US","@id":"https:\/\/quadalkatreszek.com\/product\/quad-akkumulator-yb7l-b-12v-7ah\/#primaryimage","url":"https:\/\/quadalkatreszek.com\/wp-content\/uploads\/2022\/06\/P1012144.jpg","contentUrl":"https:\/\/quadalkatreszek.com\/wp-content\/uploads\/2022\/06\/P1012144.jpg","width":500,"height":375},{"@type":"BreadcrumbList","@id":"https:\/\/quadalkatreszek.com\/product\/quad-akkumulator-yb7l-b-12v-7ah\/#breadcrumb","itemListElement":[{"@type":"ListItem","position":1,"name":"Kezd\u0151lap","item":"https:\/\/quadalkatreszek.com\/"},{"@type":"ListItem","position":2,"name":"Shop","item":"https:\/\/quadalkatreszek.com\/shop\/"},{"@type":"ListItem","position":3,"name":"Quad akkumul\u00e1tor YB7L-B 12v\/7Ah"}]},{"@type":"WebSite","@id":"https:\/\/quadalkatreszek.com\/#website","url":"https:\/\/quadalkatreszek.com\/","name":"quadalkatreszek.com","description":"alkatr\u00e9szek - azonnal - rakt\u00e1rr\u00f3l","publisher":{"@id":"https:\/\/quadalkatreszek.com\/#organization"},"potentialAction":[{"@type":"SearchAction","target":{"@type":"EntryPoint","urlTemplate":"https:\/\/quadalkatreszek.com\/?s={search_term_string}"},"query-input":{"@type":"PropertyValueSpecification","valueRequired":true,"valueName":"search_term_string"}}],"inLanguage":"en-US"},{"@type":"Organization","@id":"https:\/\/quadalkatreszek.com\/#organization","name":"quadalkatreszek.com","url":"https:\/\/quadalkatreszek.com\/","logo":{"@type":"ImageObject","inLanguage":"en-US","@id":"https:\/\/quadalkatreszek.com\/#\/schema\/logo\/image\/","url":"https:\/\/quadalkatreszek.com\/wp-content\/uploads\/2023\/01\/korlogo-2.png","contentUrl":"https:\/\/quadalkatreszek.com\/wp-content\/uploads\/2023\/01\/korlogo-2.png","width":866,"height":866,"caption":"quadalkatreszek.com"},"image":{"@id":"https:\/\/quadalkatreszek.com\/#\/schema\/logo\/image\/"}}]}},"_links":{"self":[{"href":"https:\/\/quadalkatreszek.com\/en\/wp-json\/wp\/v2\/product\/28928","targetHints":{"allow":["GET"]}}],"collection":[{"href":"https:\/\/quadalkatreszek.com\/en\/wp-json\/wp\/v2\/product"}],"about":[{"href":"https:\/\/quadalkatreszek.com\/en\/wp-json\/wp\/v2\/types\/product"}],"replies":[{"embeddable":true,"href":"https:\/\/quadalkatreszek.com\/en\/wp-json\/wp\/v2\/comments?post=28928"}],"wp:featuredmedia":[{"embeddable":true,"href":"https:\/\/quadalkatreszek.com\/en\/wp-json\/wp\/v2\/media\/24761"}],"wp:attachment":[{"href":"https:\/\/quadalkatreszek.com\/en\/wp-json\/wp\/v2\/media?parent=28928"}],"wp:term":[{"taxonomy":"product_brand","embeddable":true,"href":"https:\/\/quadalkatreszek.com\/en\/wp-json\/wp\/v2\/product_brand?post=28928"},{"taxonomy":"product_cat","embeddable":true,"href":"https:\/\/quadalkatreszek.com\/en\/wp-json\/wp\/v2\/product_cat?post=28928"},{"taxonomy":"product_tag","embeddable":true,"href":"https:\/\/quadalkatreszek.com\/en\/wp-json\/wp\/v2\/product_tag?post=28928"}],"curies":[{"name":"wp","href":"https:\/\/api.w.org\/{rel}","templated":true}]}}