{"id":28960,"date":"2022-06-28T15:07:07","date_gmt":"2022-06-28T14:07:07","guid":{"rendered":"https:\/\/quadalkatreszek.com\/product\/akkumulator-6\/"},"modified":"2026-04-07T07:19:27","modified_gmt":"2026-04-07T06:19:27","slug":"quad-akkumulator-yb9l-b-12v-9ah","status":"publish","type":"product","link":"https:\/\/quadalkatreszek.com\/en\/product\/quad-akkumulator-yb9l-b-12v-9ah\/","title":{"rendered":"quad akkumul\u00e1tor  (YB9L-B)  12v\/9Ah"},"content":{"rendered":"<p>quad akkumul\u00e1tor<\/p>\n<p>200-250ccm quadokba motorokba, Loncin, Lifan, Yakimoto, Bashan, Zongshen \u00e9s egy\u00e9b quadokba!<\/p>\n<p>Landport (AGM) Felitatott akkumul\u00e1tor Motorker\u00e9kp\u00e1r, Robog\u00f3, Jetski akkumul\u00e1tor<\/p>\n<p>Fesz\u00fclts\u00e9g: 12V<br \/>\nKapacit\u00e1s: 9 Ah<br \/>\nInd\u00edt\u00f3\u00e1ram: 140A<br \/>\nM\u00e9ret: 134x74x137<br \/>\nPolarit\u00e1s: Bal pozit\u00edv<br \/>\nYTX9A-BS<\/p>\n<p><span style=\"color: #ff0000;\">\u00a0<\/span><\/p>\n<p>&#8211; &#8211; &#8211;<br \/>\n<!--kkod_start--><\/p>\n<div class=\"kkod-visible\">kkod:98<\/div>\n<p><!--kkod_end--><\/p>","protected":false},"excerpt":{"rendered":"<p>quad akkumul\u00e1tor<\/p>\n<p>200-250ccm quadokba motorokba, Loncin, Lifan, Yakimoto, Bashan, Zongshen \u00e9s egy\u00e9b quadokba!<\/p>\n<p>Landport (AGM) Felitatott akkumul\u00e1tor Motorker\u00e9kp\u00e1r, Robog\u00f3, Jetski akkumul\u00e1tor<\/p>","protected":false},"featured_media":35355,"comment_status":"open","ping_status":"closed","template":"","meta":[],"product_brand":[],"product_cat":[100],"product_tag":[],"class_list":{"0":"post-28960","1":"product","2":"type-product","3":"status-publish","4":"has-post-thumbnail","6":"product_cat-akkumulator","8":"first","9":"instock","10":"shipping-taxable","11":"purchasable","12":"product-type-simple"},"yoast_head":"<!-- This site is optimized with the Yoast SEO plugin v27.4 - https:\/\/yoast.com\/product\/yoast-seo-wordpress\/ -->\n<title>quad akkumul\u00e1tor (YB9L-B) 12v\/9Ah - quadalkatreszek.com<\/title>\n<meta name=\"description\" content=\"Quad akkumul\u00e1tor. 200-250ccm quadokba motorokba, Loncin, Lifan, Yakimoto, Bashan, Zongshen \u00e9s egy\u00e9b quadokba! Azonnali sz\u00e1ll\u00edt\u00e1s\" \/>\n<meta name=\"robots\" content=\"index, follow, max-snippet:-1, max-image-preview:large, max-video-preview:-1\" \/>\n<link rel=\"canonical\" href=\"https:\/\/quadalkatreszek.com\/en\/product\/quad-akkumulator-yb9l-b-12v-9ah\/\" \/>\n<meta property=\"og:locale\" content=\"en_US\" \/>\n<meta property=\"og:type\" content=\"article\" \/>\n<meta property=\"og:title\" content=\"quad akkumul\u00e1tor (YB9L-B) 12v\/9Ah - quadalkatreszek.com\" \/>\n<meta property=\"og:description\" content=\"Quad akkumul\u00e1tor. 200-250ccm quadokba motorokba, Loncin, Lifan, Yakimoto, Bashan, Zongshen \u00e9s egy\u00e9b quadokba! Azonnali sz\u00e1ll\u00edt\u00e1s\" \/>\n<meta property=\"og:url\" content=\"https:\/\/quadalkatreszek.com\/en\/product\/quad-akkumulator-yb9l-b-12v-9ah\/\" \/>\n<meta property=\"og:site_name\" content=\"quadalkatreszek.com\" \/>\n<meta property=\"article:modified_time\" content=\"2026-04-07T06:19:27+00:00\" \/>\n<meta property=\"og:image\" content=\"https:\/\/quadalkatreszek.com\/wp-content\/uploads\/2022\/06\/quad-akkumulator.jpg\" \/>\n\t<meta property=\"og:image:width\" content=\"853\" \/>\n\t<meta property=\"og:image:height\" content=\"824\" \/>\n\t<meta property=\"og:image:type\" content=\"image\/jpeg\" \/>\n<meta name=\"twitter:card\" content=\"summary_large_image\" \/>\n<script type=\"application\/ld+json\" class=\"yoast-schema-graph\">{\"@context\":\"https:\\\/\\\/schema.org\",\"@graph\":[{\"@type\":\"WebPage\",\"@id\":\"https:\\\/\\\/quadalkatreszek.com\\\/product\\\/quad-akkumulator-yb9l-b-12v-9ah\\\/\",\"url\":\"https:\\\/\\\/quadalkatreszek.com\\\/product\\\/quad-akkumulator-yb9l-b-12v-9ah\\\/\",\"name\":\"quad akkumul\u00e1tor (YB9L-B) 12v\\\/9Ah - quadalkatreszek.com\",\"isPartOf\":{\"@id\":\"https:\\\/\\\/quadalkatreszek.com\\\/#website\"},\"primaryImageOfPage\":{\"@id\":\"https:\\\/\\\/quadalkatreszek.com\\\/product\\\/quad-akkumulator-yb9l-b-12v-9ah\\\/#primaryimage\"},\"image\":{\"@id\":\"https:\\\/\\\/quadalkatreszek.com\\\/product\\\/quad-akkumulator-yb9l-b-12v-9ah\\\/#primaryimage\"},\"thumbnailUrl\":\"https:\\\/\\\/quadalkatreszek.com\\\/wp-content\\\/uploads\\\/2022\\\/06\\\/quad-akkumulator.jpg\",\"datePublished\":\"2022-06-28T14:07:07+00:00\",\"dateModified\":\"2026-04-07T06:19:27+00:00\",\"description\":\"Quad akkumul\u00e1tor. 200-250ccm quadokba motorokba, Loncin, Lifan, Yakimoto, Bashan, Zongshen \u00e9s egy\u00e9b quadokba! Azonnali sz\u00e1ll\u00edt\u00e1s\",\"breadcrumb\":{\"@id\":\"https:\\\/\\\/quadalkatreszek.com\\\/product\\\/quad-akkumulator-yb9l-b-12v-9ah\\\/#breadcrumb\"},\"inLanguage\":\"en-US\",\"potentialAction\":[{\"@type\":\"ReadAction\",\"target\":[\"https:\\\/\\\/quadalkatreszek.com\\\/product\\\/quad-akkumulator-yb9l-b-12v-9ah\\\/\"]}]},{\"@type\":\"ImageObject\",\"inLanguage\":\"en-US\",\"@id\":\"https:\\\/\\\/quadalkatreszek.com\\\/product\\\/quad-akkumulator-yb9l-b-12v-9ah\\\/#primaryimage\",\"url\":\"https:\\\/\\\/quadalkatreszek.com\\\/wp-content\\\/uploads\\\/2022\\\/06\\\/quad-akkumulator.jpg\",\"contentUrl\":\"https:\\\/\\\/quadalkatreszek.com\\\/wp-content\\\/uploads\\\/2022\\\/06\\\/quad-akkumulator.jpg\",\"width\":853,\"height\":824,\"caption\":\"quad akkumul\u00e1tor\"},{\"@type\":\"BreadcrumbList\",\"@id\":\"https:\\\/\\\/quadalkatreszek.com\\\/product\\\/quad-akkumulator-yb9l-b-12v-9ah\\\/#breadcrumb\",\"itemListElement\":[{\"@type\":\"ListItem\",\"position\":1,\"name\":\"Kezd\u0151lap\",\"item\":\"https:\\\/\\\/quadalkatreszek.com\\\/\"},{\"@type\":\"ListItem\",\"position\":2,\"name\":\"Shop\",\"item\":\"https:\\\/\\\/quadalkatreszek.com\\\/shop\\\/\"},{\"@type\":\"ListItem\",\"position\":3,\"name\":\"quad akkumul\u00e1tor (YB9L-B) 12v\\\/9Ah\"}]},{\"@type\":\"WebSite\",\"@id\":\"https:\\\/\\\/quadalkatreszek.com\\\/#website\",\"url\":\"https:\\\/\\\/quadalkatreszek.com\\\/\",\"name\":\"quadalkatreszek.com\",\"description\":\"alkatr\u00e9szek - azonnal - rakt\u00e1rr\u00f3l\",\"publisher\":{\"@id\":\"https:\\\/\\\/quadalkatreszek.com\\\/#organization\"},\"potentialAction\":[{\"@type\":\"SearchAction\",\"target\":{\"@type\":\"EntryPoint\",\"urlTemplate\":\"https:\\\/\\\/quadalkatreszek.com\\\/?s={search_term_string}\"},\"query-input\":{\"@type\":\"PropertyValueSpecification\",\"valueRequired\":true,\"valueName\":\"search_term_string\"}}],\"inLanguage\":\"en-US\"},{\"@type\":\"Organization\",\"@id\":\"https:\\\/\\\/quadalkatreszek.com\\\/#organization\",\"name\":\"quadalkatreszek.com\",\"url\":\"https:\\\/\\\/quadalkatreszek.com\\\/\",\"logo\":{\"@type\":\"ImageObject\",\"inLanguage\":\"en-US\",\"@id\":\"https:\\\/\\\/quadalkatreszek.com\\\/#\\\/schema\\\/logo\\\/image\\\/\",\"url\":\"https:\\\/\\\/quadalkatreszek.com\\\/wp-content\\\/uploads\\\/2023\\\/01\\\/korlogo-2.png\",\"contentUrl\":\"https:\\\/\\\/quadalkatreszek.com\\\/wp-content\\\/uploads\\\/2023\\\/01\\\/korlogo-2.png\",\"width\":866,\"height\":866,\"caption\":\"quadalkatreszek.com\"},\"image\":{\"@id\":\"https:\\\/\\\/quadalkatreszek.com\\\/#\\\/schema\\\/logo\\\/image\\\/\"}}]}<\/script>\n<!-- \/ Yoast SEO plugin. -->","yoast_head_json":{"title":"quad akkumul\u00e1tor (YB9L-B) 12v\/9Ah - quadalkatreszek.com","description":"Quad akkumul\u00e1tor. 200-250ccm quadokba motorokba, Loncin, Lifan, Yakimoto, Bashan, Zongshen \u00e9s egy\u00e9b quadokba! Azonnali sz\u00e1ll\u00edt\u00e1s","robots":{"index":"index","follow":"follow","max-snippet":"max-snippet:-1","max-image-preview":"max-image-preview:large","max-video-preview":"max-video-preview:-1"},"canonical":"https:\/\/quadalkatreszek.com\/en\/product\/quad-akkumulator-yb9l-b-12v-9ah\/","og_locale":"en_US","og_type":"article","og_title":"quad akkumul\u00e1tor (YB9L-B) 12v\/9Ah - quadalkatreszek.com","og_description":"Quad akkumul\u00e1tor. 200-250ccm quadokba motorokba, Loncin, Lifan, Yakimoto, Bashan, Zongshen \u00e9s egy\u00e9b quadokba! Azonnali sz\u00e1ll\u00edt\u00e1s","og_url":"https:\/\/quadalkatreszek.com\/en\/product\/quad-akkumulator-yb9l-b-12v-9ah\/","og_site_name":"quadalkatreszek.com","article_modified_time":"2026-04-07T06:19:27+00:00","og_image":[{"width":853,"height":824,"url":"https:\/\/quadalkatreszek.com\/wp-content\/uploads\/2022\/06\/quad-akkumulator.jpg","type":"image\/jpeg"}],"twitter_card":"summary_large_image","schema":{"@context":"https:\/\/schema.org","@graph":[{"@type":"WebPage","@id":"https:\/\/quadalkatreszek.com\/product\/quad-akkumulator-yb9l-b-12v-9ah\/","url":"https:\/\/quadalkatreszek.com\/product\/quad-akkumulator-yb9l-b-12v-9ah\/","name":"quad akkumul\u00e1tor (YB9L-B) 12v\/9Ah - quadalkatreszek.com","isPartOf":{"@id":"https:\/\/quadalkatreszek.com\/#website"},"primaryImageOfPage":{"@id":"https:\/\/quadalkatreszek.com\/product\/quad-akkumulator-yb9l-b-12v-9ah\/#primaryimage"},"image":{"@id":"https:\/\/quadalkatreszek.com\/product\/quad-akkumulator-yb9l-b-12v-9ah\/#primaryimage"},"thumbnailUrl":"https:\/\/quadalkatreszek.com\/wp-content\/uploads\/2022\/06\/quad-akkumulator.jpg","datePublished":"2022-06-28T14:07:07+00:00","dateModified":"2026-04-07T06:19:27+00:00","description":"Quad akkumul\u00e1tor. 200-250ccm quadokba motorokba, Loncin, Lifan, Yakimoto, Bashan, Zongshen \u00e9s egy\u00e9b quadokba! Azonnali sz\u00e1ll\u00edt\u00e1s","breadcrumb":{"@id":"https:\/\/quadalkatreszek.com\/product\/quad-akkumulator-yb9l-b-12v-9ah\/#breadcrumb"},"inLanguage":"en-US","potentialAction":[{"@type":"ReadAction","target":["https:\/\/quadalkatreszek.com\/product\/quad-akkumulator-yb9l-b-12v-9ah\/"]}]},{"@type":"ImageObject","inLanguage":"en-US","@id":"https:\/\/quadalkatreszek.com\/product\/quad-akkumulator-yb9l-b-12v-9ah\/#primaryimage","url":"https:\/\/quadalkatreszek.com\/wp-content\/uploads\/2022\/06\/quad-akkumulator.jpg","contentUrl":"https:\/\/quadalkatreszek.com\/wp-content\/uploads\/2022\/06\/quad-akkumulator.jpg","width":853,"height":824,"caption":"quad akkumul\u00e1tor"},{"@type":"BreadcrumbList","@id":"https:\/\/quadalkatreszek.com\/product\/quad-akkumulator-yb9l-b-12v-9ah\/#breadcrumb","itemListElement":[{"@type":"ListItem","position":1,"name":"Kezd\u0151lap","item":"https:\/\/quadalkatreszek.com\/"},{"@type":"ListItem","position":2,"name":"Shop","item":"https:\/\/quadalkatreszek.com\/shop\/"},{"@type":"ListItem","position":3,"name":"quad akkumul\u00e1tor (YB9L-B) 12v\/9Ah"}]},{"@type":"WebSite","@id":"https:\/\/quadalkatreszek.com\/#website","url":"https:\/\/quadalkatreszek.com\/","name":"quadalkatreszek.com","description":"alkatr\u00e9szek - azonnal - rakt\u00e1rr\u00f3l","publisher":{"@id":"https:\/\/quadalkatreszek.com\/#organization"},"potentialAction":[{"@type":"SearchAction","target":{"@type":"EntryPoint","urlTemplate":"https:\/\/quadalkatreszek.com\/?s={search_term_string}"},"query-input":{"@type":"PropertyValueSpecification","valueRequired":true,"valueName":"search_term_string"}}],"inLanguage":"en-US"},{"@type":"Organization","@id":"https:\/\/quadalkatreszek.com\/#organization","name":"quadalkatreszek.com","url":"https:\/\/quadalkatreszek.com\/","logo":{"@type":"ImageObject","inLanguage":"en-US","@id":"https:\/\/quadalkatreszek.com\/#\/schema\/logo\/image\/","url":"https:\/\/quadalkatreszek.com\/wp-content\/uploads\/2023\/01\/korlogo-2.png","contentUrl":"https:\/\/quadalkatreszek.com\/wp-content\/uploads\/2023\/01\/korlogo-2.png","width":866,"height":866,"caption":"quadalkatreszek.com"},"image":{"@id":"https:\/\/quadalkatreszek.com\/#\/schema\/logo\/image\/"}}]}},"_links":{"self":[{"href":"https:\/\/quadalkatreszek.com\/en\/wp-json\/wp\/v2\/product\/28960","targetHints":{"allow":["GET"]}}],"collection":[{"href":"https:\/\/quadalkatreszek.com\/en\/wp-json\/wp\/v2\/product"}],"about":[{"href":"https:\/\/quadalkatreszek.com\/en\/wp-json\/wp\/v2\/types\/product"}],"replies":[{"embeddable":true,"href":"https:\/\/quadalkatreszek.com\/en\/wp-json\/wp\/v2\/comments?post=28960"}],"wp:featuredmedia":[{"embeddable":true,"href":"https:\/\/quadalkatreszek.com\/en\/wp-json\/wp\/v2\/media\/35355"}],"wp:attachment":[{"href":"https:\/\/quadalkatreszek.com\/en\/wp-json\/wp\/v2\/media?parent=28960"}],"wp:term":[{"taxonomy":"product_brand","embeddable":true,"href":"https:\/\/quadalkatreszek.com\/en\/wp-json\/wp\/v2\/product_brand?post=28960"},{"taxonomy":"product_cat","embeddable":true,"href":"https:\/\/quadalkatreszek.com\/en\/wp-json\/wp\/v2\/product_cat?post=28960"},{"taxonomy":"product_tag","embeddable":true,"href":"https:\/\/quadalkatreszek.com\/en\/wp-json\/wp\/v2\/product_tag?post=28960"}],"curies":[{"name":"wp","href":"https:\/\/api.w.org\/{rel}","templated":true}]}}