{"id":29086,"date":"2022-06-28T15:07:25","date_gmt":"2022-06-28T14:07:25","guid":{"rendered":"https:\/\/quadalkatreszek.com\/product\/elso-lanckerek-16\/"},"modified":"2026-01-01T09:51:17","modified_gmt":"2026-01-01T08:51:17","slug":"quad-dirt-bike-elso-lanckerek-428-as-16-fog","status":"publish","type":"product","link":"https:\/\/quadalkatreszek.com\/en\/product\/quad-dirt-bike-elso-lanckerek-428-as-16-fog\/","title":{"rendered":"Quad , dirt bike els\u0151 l\u00e1ncker\u00e9k 428-as 16 fog"},"content":{"rendered":"<p>428-as quad els\u0151 l\u00e1ncker\u00e9k<\/p>\n<p>Quad els\u0151 l\u00e1ncker\u00e9k. 428 \/ 16fog. tengely m\u00e9ret: 17mm.<\/p>\n<p>&#8211; &#8211; &#8211;<br \/>\n<!--kkod_start--><\/p>\n<div class=\"kkod-visible\">kkod:120<\/div>\n<p><!--kkod_end--><\/p>","protected":false},"excerpt":{"rendered":"<p>428-as quad els\u0151 l\u00e1ncker\u00e9k<\/p>\n<p>Els\u0151 l\u00e1ncker\u00e9k. 428 \/ 16fog. tengely m\u00e9ret: 17mm.<\/p>","protected":false},"featured_media":25055,"comment_status":"open","ping_status":"closed","template":"","meta":[],"product_brand":[],"product_cat":[95,63],"product_tag":[],"class_list":{"0":"post-29086","1":"product","2":"type-product","3":"status-publish","4":"has-post-thumbnail","6":"product_cat-akcios-termekek","7":"product_cat-meghajtas","9":"first","10":"instock","11":"sale","12":"shipping-taxable","13":"purchasable","14":"product-type-simple"},"yoast_head":"<!-- This site is optimized with the Yoast SEO plugin v27.4 - https:\/\/yoast.com\/product\/yoast-seo-wordpress\/ -->\n<title>428-as quad els\u0151 l\u00e1ncker\u00e9k- quadalkatreszek.com<\/title>\n<meta name=\"description\" content=\"428-as quad els\u0151 l\u00e1ncker\u00e9k  Quad els\u0151 l\u00e1ncker\u00e9k. 428 \/ 16fog. tengely m\u00e9ret: 17mm.  - - - kkod:120 Quad alkatr\u00e9szek a legjobb \u00e1ron egyenesen a k\u00f6zponti rakt\u00e1rb\u00f3l.\" \/>\n<meta name=\"robots\" content=\"index, follow, max-snippet:-1, max-image-preview:large, max-video-preview:-1\" \/>\n<link rel=\"canonical\" href=\"https:\/\/quadalkatreszek.com\/en\/product\/quad-dirt-bike-elso-lanckerek-428-as-16-fog\/\" \/>\n<meta property=\"og:locale\" content=\"en_US\" \/>\n<meta property=\"og:type\" content=\"article\" \/>\n<meta property=\"og:title\" content=\"428-as quad els\u0151 l\u00e1ncker\u00e9k- quadalkatreszek.com\" \/>\n<meta property=\"og:description\" content=\"428-as quad els\u0151 l\u00e1ncker\u00e9k  Quad els\u0151 l\u00e1ncker\u00e9k. 428 \/ 16fog. tengely m\u00e9ret: 17mm.  - - - kkod:120 Quad alkatr\u00e9szek a legjobb \u00e1ron egyenesen a k\u00f6zponti rakt\u00e1rb\u00f3l.\" \/>\n<meta property=\"og:url\" content=\"https:\/\/quadalkatreszek.com\/en\/product\/quad-dirt-bike-elso-lanckerek-428-as-16-fog\/\" \/>\n<meta property=\"og:site_name\" content=\"quadalkatreszek.com\" \/>\n<meta property=\"article:modified_time\" content=\"2026-01-01T08:51:17+00:00\" \/>\n<meta property=\"og:image\" content=\"https:\/\/quadalkatreszek.com\/wp-content\/uploads\/2022\/06\/1308-elso-lanckerek.jpg\" \/>\n\t<meta property=\"og:image:width\" content=\"500\" \/>\n\t<meta property=\"og:image:height\" content=\"375\" \/>\n\t<meta property=\"og:image:type\" content=\"image\/jpeg\" \/>\n<meta name=\"twitter:card\" content=\"summary_large_image\" \/>\n<script type=\"application\/ld+json\" class=\"yoast-schema-graph\">{\"@context\":\"https:\\\/\\\/schema.org\",\"@graph\":[{\"@type\":\"WebPage\",\"@id\":\"https:\\\/\\\/quadalkatreszek.com\\\/product\\\/quad-dirt-bike-elso-lanckerek-428-as-16-fog\\\/\",\"url\":\"https:\\\/\\\/quadalkatreszek.com\\\/product\\\/quad-dirt-bike-elso-lanckerek-428-as-16-fog\\\/\",\"name\":\"428-as quad els\u0151 l\u00e1ncker\u00e9k- quadalkatreszek.com\",\"isPartOf\":{\"@id\":\"https:\\\/\\\/quadalkatreszek.com\\\/#website\"},\"primaryImageOfPage\":{\"@id\":\"https:\\\/\\\/quadalkatreszek.com\\\/product\\\/quad-dirt-bike-elso-lanckerek-428-as-16-fog\\\/#primaryimage\"},\"image\":{\"@id\":\"https:\\\/\\\/quadalkatreszek.com\\\/product\\\/quad-dirt-bike-elso-lanckerek-428-as-16-fog\\\/#primaryimage\"},\"thumbnailUrl\":\"https:\\\/\\\/quadalkatreszek.com\\\/wp-content\\\/uploads\\\/2022\\\/06\\\/1308-elso-lanckerek.jpg\",\"datePublished\":\"2022-06-28T14:07:25+00:00\",\"dateModified\":\"2026-01-01T08:51:17+00:00\",\"description\":\"428-as quad els\u0151 l\u00e1ncker\u00e9k Quad els\u0151 l\u00e1ncker\u00e9k. 428 \\\/ 16fog. tengely m\u00e9ret: 17mm. - - - kkod:120 Quad alkatr\u00e9szek a legjobb \u00e1ron egyenesen a k\u00f6zponti rakt\u00e1rb\u00f3l.\",\"breadcrumb\":{\"@id\":\"https:\\\/\\\/quadalkatreszek.com\\\/product\\\/quad-dirt-bike-elso-lanckerek-428-as-16-fog\\\/#breadcrumb\"},\"inLanguage\":\"en-US\",\"potentialAction\":[{\"@type\":\"ReadAction\",\"target\":[\"https:\\\/\\\/quadalkatreszek.com\\\/product\\\/quad-dirt-bike-elso-lanckerek-428-as-16-fog\\\/\"]}]},{\"@type\":\"ImageObject\",\"inLanguage\":\"en-US\",\"@id\":\"https:\\\/\\\/quadalkatreszek.com\\\/product\\\/quad-dirt-bike-elso-lanckerek-428-as-16-fog\\\/#primaryimage\",\"url\":\"https:\\\/\\\/quadalkatreszek.com\\\/wp-content\\\/uploads\\\/2022\\\/06\\\/1308-elso-lanckerek.jpg\",\"contentUrl\":\"https:\\\/\\\/quadalkatreszek.com\\\/wp-content\\\/uploads\\\/2022\\\/06\\\/1308-elso-lanckerek.jpg\",\"width\":500,\"height\":375,\"caption\":\"428-as quad els\u0151 l\u00e1ncker\u00e9k\"},{\"@type\":\"BreadcrumbList\",\"@id\":\"https:\\\/\\\/quadalkatreszek.com\\\/product\\\/quad-dirt-bike-elso-lanckerek-428-as-16-fog\\\/#breadcrumb\",\"itemListElement\":[{\"@type\":\"ListItem\",\"position\":1,\"name\":\"Kezd\u0151lap\",\"item\":\"https:\\\/\\\/quadalkatreszek.com\\\/\"},{\"@type\":\"ListItem\",\"position\":2,\"name\":\"Shop\",\"item\":\"https:\\\/\\\/quadalkatreszek.com\\\/shop\\\/\"},{\"@type\":\"ListItem\",\"position\":3,\"name\":\"Quad , dirt bike els\u0151 l\u00e1ncker\u00e9k 428-as 16 fog\"}]},{\"@type\":\"WebSite\",\"@id\":\"https:\\\/\\\/quadalkatreszek.com\\\/#website\",\"url\":\"https:\\\/\\\/quadalkatreszek.com\\\/\",\"name\":\"quadalkatreszek.com\",\"description\":\"alkatr\u00e9szek - azonnal - rakt\u00e1rr\u00f3l\",\"publisher\":{\"@id\":\"https:\\\/\\\/quadalkatreszek.com\\\/#organization\"},\"potentialAction\":[{\"@type\":\"SearchAction\",\"target\":{\"@type\":\"EntryPoint\",\"urlTemplate\":\"https:\\\/\\\/quadalkatreszek.com\\\/?s={search_term_string}\"},\"query-input\":{\"@type\":\"PropertyValueSpecification\",\"valueRequired\":true,\"valueName\":\"search_term_string\"}}],\"inLanguage\":\"en-US\"},{\"@type\":\"Organization\",\"@id\":\"https:\\\/\\\/quadalkatreszek.com\\\/#organization\",\"name\":\"quadalkatreszek.com\",\"url\":\"https:\\\/\\\/quadalkatreszek.com\\\/\",\"logo\":{\"@type\":\"ImageObject\",\"inLanguage\":\"en-US\",\"@id\":\"https:\\\/\\\/quadalkatreszek.com\\\/#\\\/schema\\\/logo\\\/image\\\/\",\"url\":\"https:\\\/\\\/quadalkatreszek.com\\\/wp-content\\\/uploads\\\/2023\\\/01\\\/korlogo-2.png\",\"contentUrl\":\"https:\\\/\\\/quadalkatreszek.com\\\/wp-content\\\/uploads\\\/2023\\\/01\\\/korlogo-2.png\",\"width\":866,\"height\":866,\"caption\":\"quadalkatreszek.com\"},\"image\":{\"@id\":\"https:\\\/\\\/quadalkatreszek.com\\\/#\\\/schema\\\/logo\\\/image\\\/\"}}]}<\/script>\n<!-- \/ Yoast SEO plugin. -->","yoast_head_json":{"title":"428-as quad els\u0151 l\u00e1ncker\u00e9k- quadalkatreszek.com","description":"428-as quad els\u0151 l\u00e1ncker\u00e9k  Quad els\u0151 l\u00e1ncker\u00e9k. 428 \/ 16fog. tengely m\u00e9ret: 17mm.  - - - kkod:120 Quad alkatr\u00e9szek a legjobb \u00e1ron egyenesen a k\u00f6zponti rakt\u00e1rb\u00f3l.","robots":{"index":"index","follow":"follow","max-snippet":"max-snippet:-1","max-image-preview":"max-image-preview:large","max-video-preview":"max-video-preview:-1"},"canonical":"https:\/\/quadalkatreszek.com\/en\/product\/quad-dirt-bike-elso-lanckerek-428-as-16-fog\/","og_locale":"en_US","og_type":"article","og_title":"428-as quad els\u0151 l\u00e1ncker\u00e9k- quadalkatreszek.com","og_description":"428-as quad els\u0151 l\u00e1ncker\u00e9k  Quad els\u0151 l\u00e1ncker\u00e9k. 428 \/ 16fog. tengely m\u00e9ret: 17mm.  - - - kkod:120 Quad alkatr\u00e9szek a legjobb \u00e1ron egyenesen a k\u00f6zponti rakt\u00e1rb\u00f3l.","og_url":"https:\/\/quadalkatreszek.com\/en\/product\/quad-dirt-bike-elso-lanckerek-428-as-16-fog\/","og_site_name":"quadalkatreszek.com","article_modified_time":"2026-01-01T08:51:17+00:00","og_image":[{"width":500,"height":375,"url":"https:\/\/quadalkatreszek.com\/wp-content\/uploads\/2022\/06\/1308-elso-lanckerek.jpg","type":"image\/jpeg"}],"twitter_card":"summary_large_image","schema":{"@context":"https:\/\/schema.org","@graph":[{"@type":"WebPage","@id":"https:\/\/quadalkatreszek.com\/product\/quad-dirt-bike-elso-lanckerek-428-as-16-fog\/","url":"https:\/\/quadalkatreszek.com\/product\/quad-dirt-bike-elso-lanckerek-428-as-16-fog\/","name":"428-as quad els\u0151 l\u00e1ncker\u00e9k- quadalkatreszek.com","isPartOf":{"@id":"https:\/\/quadalkatreszek.com\/#website"},"primaryImageOfPage":{"@id":"https:\/\/quadalkatreszek.com\/product\/quad-dirt-bike-elso-lanckerek-428-as-16-fog\/#primaryimage"},"image":{"@id":"https:\/\/quadalkatreszek.com\/product\/quad-dirt-bike-elso-lanckerek-428-as-16-fog\/#primaryimage"},"thumbnailUrl":"https:\/\/quadalkatreszek.com\/wp-content\/uploads\/2022\/06\/1308-elso-lanckerek.jpg","datePublished":"2022-06-28T14:07:25+00:00","dateModified":"2026-01-01T08:51:17+00:00","description":"428-as quad els\u0151 l\u00e1ncker\u00e9k Quad els\u0151 l\u00e1ncker\u00e9k. 428 \/ 16fog. tengely m\u00e9ret: 17mm. - - - kkod:120 Quad alkatr\u00e9szek a legjobb \u00e1ron egyenesen a k\u00f6zponti rakt\u00e1rb\u00f3l.","breadcrumb":{"@id":"https:\/\/quadalkatreszek.com\/product\/quad-dirt-bike-elso-lanckerek-428-as-16-fog\/#breadcrumb"},"inLanguage":"en-US","potentialAction":[{"@type":"ReadAction","target":["https:\/\/quadalkatreszek.com\/product\/quad-dirt-bike-elso-lanckerek-428-as-16-fog\/"]}]},{"@type":"ImageObject","inLanguage":"en-US","@id":"https:\/\/quadalkatreszek.com\/product\/quad-dirt-bike-elso-lanckerek-428-as-16-fog\/#primaryimage","url":"https:\/\/quadalkatreszek.com\/wp-content\/uploads\/2022\/06\/1308-elso-lanckerek.jpg","contentUrl":"https:\/\/quadalkatreszek.com\/wp-content\/uploads\/2022\/06\/1308-elso-lanckerek.jpg","width":500,"height":375,"caption":"428-as quad els\u0151 l\u00e1ncker\u00e9k"},{"@type":"BreadcrumbList","@id":"https:\/\/quadalkatreszek.com\/product\/quad-dirt-bike-elso-lanckerek-428-as-16-fog\/#breadcrumb","itemListElement":[{"@type":"ListItem","position":1,"name":"Kezd\u0151lap","item":"https:\/\/quadalkatreszek.com\/"},{"@type":"ListItem","position":2,"name":"Shop","item":"https:\/\/quadalkatreszek.com\/shop\/"},{"@type":"ListItem","position":3,"name":"Quad , dirt bike els\u0151 l\u00e1ncker\u00e9k 428-as 16 fog"}]},{"@type":"WebSite","@id":"https:\/\/quadalkatreszek.com\/#website","url":"https:\/\/quadalkatreszek.com\/","name":"quadalkatreszek.com","description":"alkatr\u00e9szek - azonnal - rakt\u00e1rr\u00f3l","publisher":{"@id":"https:\/\/quadalkatreszek.com\/#organization"},"potentialAction":[{"@type":"SearchAction","target":{"@type":"EntryPoint","urlTemplate":"https:\/\/quadalkatreszek.com\/?s={search_term_string}"},"query-input":{"@type":"PropertyValueSpecification","valueRequired":true,"valueName":"search_term_string"}}],"inLanguage":"en-US"},{"@type":"Organization","@id":"https:\/\/quadalkatreszek.com\/#organization","name":"quadalkatreszek.com","url":"https:\/\/quadalkatreszek.com\/","logo":{"@type":"ImageObject","inLanguage":"en-US","@id":"https:\/\/quadalkatreszek.com\/#\/schema\/logo\/image\/","url":"https:\/\/quadalkatreszek.com\/wp-content\/uploads\/2023\/01\/korlogo-2.png","contentUrl":"https:\/\/quadalkatreszek.com\/wp-content\/uploads\/2023\/01\/korlogo-2.png","width":866,"height":866,"caption":"quadalkatreszek.com"},"image":{"@id":"https:\/\/quadalkatreszek.com\/#\/schema\/logo\/image\/"}}]}},"_links":{"self":[{"href":"https:\/\/quadalkatreszek.com\/en\/wp-json\/wp\/v2\/product\/29086","targetHints":{"allow":["GET"]}}],"collection":[{"href":"https:\/\/quadalkatreszek.com\/en\/wp-json\/wp\/v2\/product"}],"about":[{"href":"https:\/\/quadalkatreszek.com\/en\/wp-json\/wp\/v2\/types\/product"}],"replies":[{"embeddable":true,"href":"https:\/\/quadalkatreszek.com\/en\/wp-json\/wp\/v2\/comments?post=29086"}],"wp:featuredmedia":[{"embeddable":true,"href":"https:\/\/quadalkatreszek.com\/en\/wp-json\/wp\/v2\/media\/25055"}],"wp:attachment":[{"href":"https:\/\/quadalkatreszek.com\/en\/wp-json\/wp\/v2\/media?parent=29086"}],"wp:term":[{"taxonomy":"product_brand","embeddable":true,"href":"https:\/\/quadalkatreszek.com\/en\/wp-json\/wp\/v2\/product_brand?post=29086"},{"taxonomy":"product_cat","embeddable":true,"href":"https:\/\/quadalkatreszek.com\/en\/wp-json\/wp\/v2\/product_cat?post=29086"},{"taxonomy":"product_tag","embeddable":true,"href":"https:\/\/quadalkatreszek.com\/en\/wp-json\/wp\/v2\/product_tag?post=29086"}],"curies":[{"name":"wp","href":"https:\/\/api.w.org\/{rel}","templated":true}]}}