{"id":29143,"date":"2022-06-28T15:07:34","date_gmt":"2022-06-28T14:07:34","guid":{"rendered":"https:\/\/quadalkatreszek.com\/product\/tao-db17-dirt-bike-2\/"},"modified":"2025-07-28T19:39:56","modified_gmt":"2025-07-28T18:39:56","slug":"tao-db17-dirt-bike-17-14-kerekmeret-bordo","status":"publish","type":"product","link":"https:\/\/quadalkatreszek.com\/en\/product\/tao-db17-dirt-bike-17-14-kerekmeret-bordo\/","title":{"rendered":"Tao DB17 Dirt Bike 17\/14  ker\u00e9km\u00e9ret, bord\u00f3"},"content":{"rendered":"<p>125 dirt bike<\/p>\n<p>Ez a term\u00e9k k\u00f6z\u00fati forgalomban nem vehet r\u00e9szt!!!<\/p>\n<p>PR\u00c9MIUM MIN\u0150S\u00c9G\u0170 CROSS MOTOR<\/p>\n<p><span lang=\"hu\">motor: 125 cm3, egyhengeres, l\u00e9gh\u0171t\u00e9ses<\/span><\/p>\n<p>Ind\u00edt\u00e1si rendszer: berug\u00f3s<\/p>\n<p>V\u00e1lt\u00f3: 1-N-2-3-4<\/p>\n<p>L\u00e1nchajt\u00e1s<\/p>\n<p>Els\u0151 f\u00e9k:\u00a0 Hidraulikus t\u00e1rcsaf\u00e9k<\/p>\n<p>H\u00e1ts\u00f3 f\u00e9k: Hidraulikus t\u00e1rcsaf\u00e9k<\/p>\n<p>Els\u0151 felf\u00fcggeszt\u00e9s: F\u00fcggetlen dupla leng\u00e9scsillap\u00edt\u00f3<\/p>\n<p>H\u00e1ts\u00f3 felf\u00fcggeszt\u00e9s: K\u00f6zponti leng\u00e9scsillap\u00edt\u00f3<\/p>\n<p>Gumiabroncs: el\u00f6l 70\/100-17\u00a0 h\u00e1tul: 90 \/ 100-14<\/p>\n<p>Max. Sebess\u00e9g: 70 km \/ h<\/p>\n<p>125 dirt bike<\/p>\n<p><span style=\"color: #ff0000\">A quadok \u00e9s motorok sz\u00e1ll\u00edt\u00e1sa egyedi d\u00edjaz\u00e1ssal t\u00f6rt\u00e9nik!<\/span><\/p>\n<p>Ennek \u00f6sszeg\u00e9r\u0151l k\u00e9rem telefonon vagy e-mailben \u00e9rdekl\u0151dj\u00f6n<\/p>\n<p>&#8211; &#8211; &#8211;<br \/>\n<!--kkod_start--><\/p>\n<div class=\"kkod-visible\">kkod:93<\/div>\n<p><!--kkod_end--><\/p>","protected":false},"excerpt":{"rendered":"<p>Tao DB17 Dirt Bike, cross motor 125ccm<\/p>\n<p>Ez a term\u00e9k k\u00f6z\u00fati forgalomban nem vehet r\u00e9szt!!!<\/p>","protected":false},"featured_media":28062,"comment_status":"open","ping_status":"closed","template":"","meta":[],"product_brand":[],"product_cat":[136],"product_tag":[],"class_list":{"0":"post-29143","1":"product","2":"type-product","3":"status-publish","4":"has-post-thumbnail","6":"product_cat-cross-motorok-dirt-bike-ok","7":"product_shipping_class-tulmeret-1","9":"first","10":"outofstock","11":"sale","12":"shipping-taxable","13":"purchasable","14":"product-type-simple"},"yoast_head":"<!-- This site is optimized with the Yoast SEO plugin v27.5 - https:\/\/yoast.com\/product\/yoast-seo-wordpress\/ -->\n<title>125 dirt bike - Tao DB17 Dirt Bike 17\/14 ker\u00e9km\u00e9ret, bord\u00f3<\/title>\n<meta name=\"description\" content=\"125 dirt bike . PR\u00c9MIUM MIN\u0150S\u00c9G\u0170 CROSS MOTOR ,motor: 125 cm3, egyhengeres, l\u00e9gh\u0171t\u00e9ses ,Ind\u00edt\u00e1si rendszer: berug\u00f3s V\u00e1lt\u00f3: 1-N-2-3-4\" \/>\n<meta name=\"robots\" content=\"index, follow, max-snippet:-1, max-image-preview:large, max-video-preview:-1\" \/>\n<link rel=\"canonical\" href=\"https:\/\/quadalkatreszek.com\/en\/product\/tao-db17-dirt-bike-17-14-kerekmeret-bordo\/\" \/>\n<meta property=\"og:locale\" content=\"en_US\" \/>\n<meta property=\"og:type\" content=\"article\" \/>\n<meta property=\"og:title\" content=\"125 dirt bike - Tao DB17 Dirt Bike 17\/14 ker\u00e9km\u00e9ret, bord\u00f3\" \/>\n<meta property=\"og:description\" content=\"125 dirt bike . PR\u00c9MIUM MIN\u0150S\u00c9G\u0170 CROSS MOTOR ,motor: 125 cm3, egyhengeres, l\u00e9gh\u0171t\u00e9ses ,Ind\u00edt\u00e1si rendszer: berug\u00f3s V\u00e1lt\u00f3: 1-N-2-3-4\" \/>\n<meta property=\"og:url\" content=\"https:\/\/quadalkatreszek.com\/en\/product\/tao-db17-dirt-bike-17-14-kerekmeret-bordo\/\" \/>\n<meta property=\"og:site_name\" content=\"quadalkatreszek.com\" \/>\n<meta property=\"article:modified_time\" content=\"2025-07-28T18:39:56+00:00\" \/>\n<meta property=\"og:image\" content=\"https:\/\/quadalkatreszek.com\/wp-content\/uploads\/2022\/06\/5339l.jpg\" \/>\n\t<meta property=\"og:image:width\" content=\"500\" \/>\n\t<meta property=\"og:image:height\" content=\"361\" \/>\n\t<meta property=\"og:image:type\" content=\"image\/jpeg\" \/>\n<meta name=\"twitter:card\" content=\"summary_large_image\" \/>\n<meta name=\"twitter:label1\" content=\"Est. reading time\" \/>\n\t<meta name=\"twitter:data1\" content=\"1 minute\" \/>\n<script type=\"application\/ld+json\" class=\"yoast-schema-graph\">{\"@context\":\"https:\\\/\\\/schema.org\",\"@graph\":[{\"@type\":\"WebPage\",\"@id\":\"https:\\\/\\\/quadalkatreszek.com\\\/product\\\/tao-db17-dirt-bike-17-14-kerekmeret-bordo\\\/\",\"url\":\"https:\\\/\\\/quadalkatreszek.com\\\/product\\\/tao-db17-dirt-bike-17-14-kerekmeret-bordo\\\/\",\"name\":\"125 dirt bike - Tao DB17 Dirt Bike 17\\\/14 ker\u00e9km\u00e9ret, bord\u00f3\",\"isPartOf\":{\"@id\":\"https:\\\/\\\/quadalkatreszek.com\\\/#website\"},\"primaryImageOfPage\":{\"@id\":\"https:\\\/\\\/quadalkatreszek.com\\\/product\\\/tao-db17-dirt-bike-17-14-kerekmeret-bordo\\\/#primaryimage\"},\"image\":{\"@id\":\"https:\\\/\\\/quadalkatreszek.com\\\/product\\\/tao-db17-dirt-bike-17-14-kerekmeret-bordo\\\/#primaryimage\"},\"thumbnailUrl\":\"https:\\\/\\\/quadalkatreszek.com\\\/wp-content\\\/uploads\\\/2022\\\/06\\\/5339l.jpg\",\"datePublished\":\"2022-06-28T14:07:34+00:00\",\"dateModified\":\"2025-07-28T18:39:56+00:00\",\"description\":\"125 dirt bike . PR\u00c9MIUM MIN\u0150S\u00c9G\u0170 CROSS MOTOR ,motor: 125 cm3, egyhengeres, l\u00e9gh\u0171t\u00e9ses ,Ind\u00edt\u00e1si rendszer: berug\u00f3s V\u00e1lt\u00f3: 1-N-2-3-4\",\"breadcrumb\":{\"@id\":\"https:\\\/\\\/quadalkatreszek.com\\\/product\\\/tao-db17-dirt-bike-17-14-kerekmeret-bordo\\\/#breadcrumb\"},\"inLanguage\":\"en-US\",\"potentialAction\":[{\"@type\":\"ReadAction\",\"target\":[\"https:\\\/\\\/quadalkatreszek.com\\\/product\\\/tao-db17-dirt-bike-17-14-kerekmeret-bordo\\\/\"]}]},{\"@type\":\"ImageObject\",\"inLanguage\":\"en-US\",\"@id\":\"https:\\\/\\\/quadalkatreszek.com\\\/product\\\/tao-db17-dirt-bike-17-14-kerekmeret-bordo\\\/#primaryimage\",\"url\":\"https:\\\/\\\/quadalkatreszek.com\\\/wp-content\\\/uploads\\\/2022\\\/06\\\/5339l.jpg\",\"contentUrl\":\"https:\\\/\\\/quadalkatreszek.com\\\/wp-content\\\/uploads\\\/2022\\\/06\\\/5339l.jpg\",\"width\":500,\"height\":361,\"caption\":\"Tao DB17 Dirt Bike\"},{\"@type\":\"BreadcrumbList\",\"@id\":\"https:\\\/\\\/quadalkatreszek.com\\\/product\\\/tao-db17-dirt-bike-17-14-kerekmeret-bordo\\\/#breadcrumb\",\"itemListElement\":[{\"@type\":\"ListItem\",\"position\":1,\"name\":\"Kezd\u0151lap\",\"item\":\"https:\\\/\\\/quadalkatreszek.com\\\/\"},{\"@type\":\"ListItem\",\"position\":2,\"name\":\"Shop\",\"item\":\"https:\\\/\\\/quadalkatreszek.com\\\/shop\\\/\"},{\"@type\":\"ListItem\",\"position\":3,\"name\":\"Tao DB17 Dirt Bike 17\\\/14 ker\u00e9km\u00e9ret, bord\u00f3\"}]},{\"@type\":\"WebSite\",\"@id\":\"https:\\\/\\\/quadalkatreszek.com\\\/#website\",\"url\":\"https:\\\/\\\/quadalkatreszek.com\\\/\",\"name\":\"quadalkatreszek.com\",\"description\":\"alkatr\u00e9szek - azonnal - rakt\u00e1rr\u00f3l\",\"publisher\":{\"@id\":\"https:\\\/\\\/quadalkatreszek.com\\\/#organization\"},\"potentialAction\":[{\"@type\":\"SearchAction\",\"target\":{\"@type\":\"EntryPoint\",\"urlTemplate\":\"https:\\\/\\\/quadalkatreszek.com\\\/?s={search_term_string}\"},\"query-input\":{\"@type\":\"PropertyValueSpecification\",\"valueRequired\":true,\"valueName\":\"search_term_string\"}}],\"inLanguage\":\"en-US\"},{\"@type\":\"Organization\",\"@id\":\"https:\\\/\\\/quadalkatreszek.com\\\/#organization\",\"name\":\"quadalkatreszek.com\",\"url\":\"https:\\\/\\\/quadalkatreszek.com\\\/\",\"logo\":{\"@type\":\"ImageObject\",\"inLanguage\":\"en-US\",\"@id\":\"https:\\\/\\\/quadalkatreszek.com\\\/#\\\/schema\\\/logo\\\/image\\\/\",\"url\":\"https:\\\/\\\/quadalkatreszek.com\\\/wp-content\\\/uploads\\\/2023\\\/01\\\/korlogo-2.png\",\"contentUrl\":\"https:\\\/\\\/quadalkatreszek.com\\\/wp-content\\\/uploads\\\/2023\\\/01\\\/korlogo-2.png\",\"width\":866,\"height\":866,\"caption\":\"quadalkatreszek.com\"},\"image\":{\"@id\":\"https:\\\/\\\/quadalkatreszek.com\\\/#\\\/schema\\\/logo\\\/image\\\/\"}}]}<\/script>\n<!-- \/ Yoast SEO plugin. -->","yoast_head_json":{"title":"125 dirt bike - Tao DB17 Dirt Bike 17\/14 ker\u00e9km\u00e9ret, bord\u00f3","description":"125 dirt bike . PR\u00c9MIUM MIN\u0150S\u00c9G\u0170 CROSS MOTOR ,motor: 125 cm3, egyhengeres, l\u00e9gh\u0171t\u00e9ses ,Ind\u00edt\u00e1si rendszer: berug\u00f3s V\u00e1lt\u00f3: 1-N-2-3-4","robots":{"index":"index","follow":"follow","max-snippet":"max-snippet:-1","max-image-preview":"max-image-preview:large","max-video-preview":"max-video-preview:-1"},"canonical":"https:\/\/quadalkatreszek.com\/en\/product\/tao-db17-dirt-bike-17-14-kerekmeret-bordo\/","og_locale":"en_US","og_type":"article","og_title":"125 dirt bike - Tao DB17 Dirt Bike 17\/14 ker\u00e9km\u00e9ret, bord\u00f3","og_description":"125 dirt bike . PR\u00c9MIUM MIN\u0150S\u00c9G\u0170 CROSS MOTOR ,motor: 125 cm3, egyhengeres, l\u00e9gh\u0171t\u00e9ses ,Ind\u00edt\u00e1si rendszer: berug\u00f3s V\u00e1lt\u00f3: 1-N-2-3-4","og_url":"https:\/\/quadalkatreszek.com\/en\/product\/tao-db17-dirt-bike-17-14-kerekmeret-bordo\/","og_site_name":"quadalkatreszek.com","article_modified_time":"2025-07-28T18:39:56+00:00","og_image":[{"width":500,"height":361,"url":"https:\/\/quadalkatreszek.com\/wp-content\/uploads\/2022\/06\/5339l.jpg","type":"image\/jpeg"}],"twitter_card":"summary_large_image","twitter_misc":{"Est. reading time":"1 minute"},"schema":{"@context":"https:\/\/schema.org","@graph":[{"@type":"WebPage","@id":"https:\/\/quadalkatreszek.com\/product\/tao-db17-dirt-bike-17-14-kerekmeret-bordo\/","url":"https:\/\/quadalkatreszek.com\/product\/tao-db17-dirt-bike-17-14-kerekmeret-bordo\/","name":"125 dirt bike - Tao DB17 Dirt Bike 17\/14 ker\u00e9km\u00e9ret, bord\u00f3","isPartOf":{"@id":"https:\/\/quadalkatreszek.com\/#website"},"primaryImageOfPage":{"@id":"https:\/\/quadalkatreszek.com\/product\/tao-db17-dirt-bike-17-14-kerekmeret-bordo\/#primaryimage"},"image":{"@id":"https:\/\/quadalkatreszek.com\/product\/tao-db17-dirt-bike-17-14-kerekmeret-bordo\/#primaryimage"},"thumbnailUrl":"https:\/\/quadalkatreszek.com\/wp-content\/uploads\/2022\/06\/5339l.jpg","datePublished":"2022-06-28T14:07:34+00:00","dateModified":"2025-07-28T18:39:56+00:00","description":"125 dirt bike . PR\u00c9MIUM MIN\u0150S\u00c9G\u0170 CROSS MOTOR ,motor: 125 cm3, egyhengeres, l\u00e9gh\u0171t\u00e9ses ,Ind\u00edt\u00e1si rendszer: berug\u00f3s V\u00e1lt\u00f3: 1-N-2-3-4","breadcrumb":{"@id":"https:\/\/quadalkatreszek.com\/product\/tao-db17-dirt-bike-17-14-kerekmeret-bordo\/#breadcrumb"},"inLanguage":"en-US","potentialAction":[{"@type":"ReadAction","target":["https:\/\/quadalkatreszek.com\/product\/tao-db17-dirt-bike-17-14-kerekmeret-bordo\/"]}]},{"@type":"ImageObject","inLanguage":"en-US","@id":"https:\/\/quadalkatreszek.com\/product\/tao-db17-dirt-bike-17-14-kerekmeret-bordo\/#primaryimage","url":"https:\/\/quadalkatreszek.com\/wp-content\/uploads\/2022\/06\/5339l.jpg","contentUrl":"https:\/\/quadalkatreszek.com\/wp-content\/uploads\/2022\/06\/5339l.jpg","width":500,"height":361,"caption":"Tao DB17 Dirt Bike"},{"@type":"BreadcrumbList","@id":"https:\/\/quadalkatreszek.com\/product\/tao-db17-dirt-bike-17-14-kerekmeret-bordo\/#breadcrumb","itemListElement":[{"@type":"ListItem","position":1,"name":"Kezd\u0151lap","item":"https:\/\/quadalkatreszek.com\/"},{"@type":"ListItem","position":2,"name":"Shop","item":"https:\/\/quadalkatreszek.com\/shop\/"},{"@type":"ListItem","position":3,"name":"Tao DB17 Dirt Bike 17\/14 ker\u00e9km\u00e9ret, bord\u00f3"}]},{"@type":"WebSite","@id":"https:\/\/quadalkatreszek.com\/#website","url":"https:\/\/quadalkatreszek.com\/","name":"quadalkatreszek.com","description":"alkatr\u00e9szek - azonnal - rakt\u00e1rr\u00f3l","publisher":{"@id":"https:\/\/quadalkatreszek.com\/#organization"},"potentialAction":[{"@type":"SearchAction","target":{"@type":"EntryPoint","urlTemplate":"https:\/\/quadalkatreszek.com\/?s={search_term_string}"},"query-input":{"@type":"PropertyValueSpecification","valueRequired":true,"valueName":"search_term_string"}}],"inLanguage":"en-US"},{"@type":"Organization","@id":"https:\/\/quadalkatreszek.com\/#organization","name":"quadalkatreszek.com","url":"https:\/\/quadalkatreszek.com\/","logo":{"@type":"ImageObject","inLanguage":"en-US","@id":"https:\/\/quadalkatreszek.com\/#\/schema\/logo\/image\/","url":"https:\/\/quadalkatreszek.com\/wp-content\/uploads\/2023\/01\/korlogo-2.png","contentUrl":"https:\/\/quadalkatreszek.com\/wp-content\/uploads\/2023\/01\/korlogo-2.png","width":866,"height":866,"caption":"quadalkatreszek.com"},"image":{"@id":"https:\/\/quadalkatreszek.com\/#\/schema\/logo\/image\/"}}]}},"_links":{"self":[{"href":"https:\/\/quadalkatreszek.com\/en\/wp-json\/wp\/v2\/product\/29143","targetHints":{"allow":["GET"]}}],"collection":[{"href":"https:\/\/quadalkatreszek.com\/en\/wp-json\/wp\/v2\/product"}],"about":[{"href":"https:\/\/quadalkatreszek.com\/en\/wp-json\/wp\/v2\/types\/product"}],"replies":[{"embeddable":true,"href":"https:\/\/quadalkatreszek.com\/en\/wp-json\/wp\/v2\/comments?post=29143"}],"wp:featuredmedia":[{"embeddable":true,"href":"https:\/\/quadalkatreszek.com\/en\/wp-json\/wp\/v2\/media\/28062"}],"wp:attachment":[{"href":"https:\/\/quadalkatreszek.com\/en\/wp-json\/wp\/v2\/media?parent=29143"}],"wp:term":[{"taxonomy":"product_brand","embeddable":true,"href":"https:\/\/quadalkatreszek.com\/en\/wp-json\/wp\/v2\/product_brand?post=29143"},{"taxonomy":"product_cat","embeddable":true,"href":"https:\/\/quadalkatreszek.com\/en\/wp-json\/wp\/v2\/product_cat?post=29143"},{"taxonomy":"product_tag","embeddable":true,"href":"https:\/\/quadalkatreszek.com\/en\/wp-json\/wp\/v2\/product_tag?post=29143"}],"curies":[{"name":"wp","href":"https:\/\/api.w.org\/{rel}","templated":true}]}}