{"id":29174,"date":"2022-06-28T15:07:40","date_gmt":"2022-06-28T14:07:40","guid":{"rendered":"https:\/\/quadalkatreszek.com\/product\/kuplungbowden\/"},"modified":"2026-03-15T21:08:16","modified_gmt":"2026-03-15T20:08:16","slug":"quad-kuplungbowden","status":"publish","type":"product","link":"https:\/\/quadalkatreszek.com\/en\/product\/quad-kuplungbowden\/","title":{"rendered":"k\u00ednai quad kuplungbowden"},"content":{"rendered":"<p>k\u00ednai quad kuplungbowden120cm. Wexxtor,Bashan, Zongshen, Yakimoto, Loncin,stb&#8230; quadokhoz<\/p>\n<p>&#8211; &#8211; &#8211;<br \/>\n<!--kkod_start--><\/p>\n<div class=\"kkod-visible\">kkod:120<\/div>\n<p><!--kkod_end--><\/p>","protected":false},"excerpt":{"rendered":"<p>k\u00ednai quad kuplungbowden120cm. Wexxtor,Bashan, Zongshen, Yakimoto, Loncin,stb&#8230; quadokhoz<\/p>","protected":false},"featured_media":25197,"comment_status":"open","ping_status":"closed","template":"","meta":[],"product_brand":[],"product_cat":[70],"product_tag":[],"class_list":{"0":"post-29174","1":"product","2":"type-product","3":"status-publish","4":"has-post-thumbnail","6":"product_cat-gaz-kuplung-bowden","8":"first","9":"instock","10":"shipping-taxable","11":"purchasable","12":"product-type-simple"},"yoast_head":"<!-- This site is optimized with the Yoast SEO plugin v27.3 - https:\/\/yoast.com\/product\/yoast-seo-wordpress\/ -->\n<title>k\u00ednai quad kuplungbowden - quadalkatreszek.com<\/title>\n<meta name=\"description\" content=\"k\u00ednai quad kuplungbowden120cm. Wexxtor,Bashan, Zongshen, Yakimoto, Loncin,stb... quadokhoz. V\u00e1s\u00e1rolj a NAGYKERB\u0150L a legjobb \u00e1ron, MAG\u00c1NSZEM\u00c9LYEKET is kiszolg\u00e1lunk! T\u00f6bb ezer alkatr\u00e9sz azonnal rakt\u00e1rr\u00f3l.\" \/>\n<meta name=\"robots\" content=\"index, follow, max-snippet:-1, max-image-preview:large, max-video-preview:-1\" \/>\n<link rel=\"canonical\" href=\"https:\/\/quadalkatreszek.com\/en\/product\/quad-kuplungbowden\/\" \/>\n<meta property=\"og:locale\" content=\"en_US\" \/>\n<meta property=\"og:type\" content=\"article\" \/>\n<meta property=\"og:title\" content=\"k\u00ednai quad kuplungbowden - quadalkatreszek.com\" \/>\n<meta property=\"og:description\" content=\"k\u00ednai quad kuplungbowden120cm. Wexxtor,Bashan, Zongshen, Yakimoto, Loncin,stb... quadokhoz. V\u00e1s\u00e1rolj a NAGYKERB\u0150L a legjobb \u00e1ron, MAG\u00c1NSZEM\u00c9LYEKET is kiszolg\u00e1lunk! T\u00f6bb ezer alkatr\u00e9sz azonnal rakt\u00e1rr\u00f3l.\" \/>\n<meta property=\"og:url\" content=\"https:\/\/quadalkatreszek.com\/en\/product\/quad-kuplungbowden\/\" \/>\n<meta property=\"og:site_name\" content=\"quadalkatreszek.com\" \/>\n<meta property=\"article:modified_time\" content=\"2026-03-15T20:08:16+00:00\" \/>\n<meta property=\"og:image\" content=\"https:\/\/quadalkatreszek.com\/wp-content\/uploads\/2022\/06\/1394-kuplungbowden.jpg\" \/>\n\t<meta property=\"og:image:width\" content=\"500\" \/>\n\t<meta property=\"og:image:height\" content=\"375\" \/>\n\t<meta property=\"og:image:type\" content=\"image\/jpeg\" \/>\n<meta name=\"twitter:card\" content=\"summary_large_image\" \/>\n<script type=\"application\/ld+json\" class=\"yoast-schema-graph\">{\"@context\":\"https:\\\/\\\/schema.org\",\"@graph\":[{\"@type\":\"WebPage\",\"@id\":\"https:\\\/\\\/quadalkatreszek.com\\\/product\\\/quad-kuplungbowden\\\/\",\"url\":\"https:\\\/\\\/quadalkatreszek.com\\\/product\\\/quad-kuplungbowden\\\/\",\"name\":\"k\u00ednai quad kuplungbowden - quadalkatreszek.com\",\"isPartOf\":{\"@id\":\"https:\\\/\\\/quadalkatreszek.com\\\/#website\"},\"primaryImageOfPage\":{\"@id\":\"https:\\\/\\\/quadalkatreszek.com\\\/product\\\/quad-kuplungbowden\\\/#primaryimage\"},\"image\":{\"@id\":\"https:\\\/\\\/quadalkatreszek.com\\\/product\\\/quad-kuplungbowden\\\/#primaryimage\"},\"thumbnailUrl\":\"https:\\\/\\\/quadalkatreszek.com\\\/wp-content\\\/uploads\\\/2022\\\/06\\\/1394-kuplungbowden.jpg\",\"datePublished\":\"2022-06-28T14:07:40+00:00\",\"dateModified\":\"2026-03-15T20:08:16+00:00\",\"description\":\"k\u00ednai quad kuplungbowden120cm. Wexxtor,Bashan, Zongshen, Yakimoto, Loncin,stb... quadokhoz. V\u00e1s\u00e1rolj a NAGYKERB\u0150L a legjobb \u00e1ron, MAG\u00c1NSZEM\u00c9LYEKET is kiszolg\u00e1lunk! T\u00f6bb ezer alkatr\u00e9sz azonnal rakt\u00e1rr\u00f3l.\",\"breadcrumb\":{\"@id\":\"https:\\\/\\\/quadalkatreszek.com\\\/product\\\/quad-kuplungbowden\\\/#breadcrumb\"},\"inLanguage\":\"en-US\",\"potentialAction\":[{\"@type\":\"ReadAction\",\"target\":[\"https:\\\/\\\/quadalkatreszek.com\\\/product\\\/quad-kuplungbowden\\\/\"]}]},{\"@type\":\"ImageObject\",\"inLanguage\":\"en-US\",\"@id\":\"https:\\\/\\\/quadalkatreszek.com\\\/product\\\/quad-kuplungbowden\\\/#primaryimage\",\"url\":\"https:\\\/\\\/quadalkatreszek.com\\\/wp-content\\\/uploads\\\/2022\\\/06\\\/1394-kuplungbowden.jpg\",\"contentUrl\":\"https:\\\/\\\/quadalkatreszek.com\\\/wp-content\\\/uploads\\\/2022\\\/06\\\/1394-kuplungbowden.jpg\",\"width\":500,\"height\":375,\"caption\":\"Quad kuplungbowden\"},{\"@type\":\"BreadcrumbList\",\"@id\":\"https:\\\/\\\/quadalkatreszek.com\\\/product\\\/quad-kuplungbowden\\\/#breadcrumb\",\"itemListElement\":[{\"@type\":\"ListItem\",\"position\":1,\"name\":\"Kezd\u0151lap\",\"item\":\"https:\\\/\\\/quadalkatreszek.com\\\/\"},{\"@type\":\"ListItem\",\"position\":2,\"name\":\"Shop\",\"item\":\"https:\\\/\\\/quadalkatreszek.com\\\/shop\\\/\"},{\"@type\":\"ListItem\",\"position\":3,\"name\":\"k\u00ednai quad kuplungbowden\"}]},{\"@type\":\"WebSite\",\"@id\":\"https:\\\/\\\/quadalkatreszek.com\\\/#website\",\"url\":\"https:\\\/\\\/quadalkatreszek.com\\\/\",\"name\":\"quadalkatreszek.com\",\"description\":\"alkatr\u00e9szek - azonnal - rakt\u00e1rr\u00f3l\",\"publisher\":{\"@id\":\"https:\\\/\\\/quadalkatreszek.com\\\/#organization\"},\"potentialAction\":[{\"@type\":\"SearchAction\",\"target\":{\"@type\":\"EntryPoint\",\"urlTemplate\":\"https:\\\/\\\/quadalkatreszek.com\\\/?s={search_term_string}\"},\"query-input\":{\"@type\":\"PropertyValueSpecification\",\"valueRequired\":true,\"valueName\":\"search_term_string\"}}],\"inLanguage\":\"en-US\"},{\"@type\":\"Organization\",\"@id\":\"https:\\\/\\\/quadalkatreszek.com\\\/#organization\",\"name\":\"quadalkatreszek.com\",\"url\":\"https:\\\/\\\/quadalkatreszek.com\\\/\",\"logo\":{\"@type\":\"ImageObject\",\"inLanguage\":\"en-US\",\"@id\":\"https:\\\/\\\/quadalkatreszek.com\\\/#\\\/schema\\\/logo\\\/image\\\/\",\"url\":\"https:\\\/\\\/quadalkatreszek.com\\\/wp-content\\\/uploads\\\/2023\\\/01\\\/korlogo-2.png\",\"contentUrl\":\"https:\\\/\\\/quadalkatreszek.com\\\/wp-content\\\/uploads\\\/2023\\\/01\\\/korlogo-2.png\",\"width\":866,\"height\":866,\"caption\":\"quadalkatreszek.com\"},\"image\":{\"@id\":\"https:\\\/\\\/quadalkatreszek.com\\\/#\\\/schema\\\/logo\\\/image\\\/\"}}]}<\/script>\n<!-- \/ Yoast SEO plugin. -->","yoast_head_json":{"title":"k\u00ednai quad kuplungbowden - quadalkatreszek.com","description":"k\u00ednai quad kuplungbowden120cm. Wexxtor,Bashan, Zongshen, Yakimoto, Loncin,stb... quadokhoz. V\u00e1s\u00e1rolj a NAGYKERB\u0150L a legjobb \u00e1ron, MAG\u00c1NSZEM\u00c9LYEKET is kiszolg\u00e1lunk! T\u00f6bb ezer alkatr\u00e9sz azonnal rakt\u00e1rr\u00f3l.","robots":{"index":"index","follow":"follow","max-snippet":"max-snippet:-1","max-image-preview":"max-image-preview:large","max-video-preview":"max-video-preview:-1"},"canonical":"https:\/\/quadalkatreszek.com\/en\/product\/quad-kuplungbowden\/","og_locale":"en_US","og_type":"article","og_title":"k\u00ednai quad kuplungbowden - quadalkatreszek.com","og_description":"k\u00ednai quad kuplungbowden120cm. Wexxtor,Bashan, Zongshen, Yakimoto, Loncin,stb... quadokhoz. V\u00e1s\u00e1rolj a NAGYKERB\u0150L a legjobb \u00e1ron, MAG\u00c1NSZEM\u00c9LYEKET is kiszolg\u00e1lunk! T\u00f6bb ezer alkatr\u00e9sz azonnal rakt\u00e1rr\u00f3l.","og_url":"https:\/\/quadalkatreszek.com\/en\/product\/quad-kuplungbowden\/","og_site_name":"quadalkatreszek.com","article_modified_time":"2026-03-15T20:08:16+00:00","og_image":[{"width":500,"height":375,"url":"https:\/\/quadalkatreszek.com\/wp-content\/uploads\/2022\/06\/1394-kuplungbowden.jpg","type":"image\/jpeg"}],"twitter_card":"summary_large_image","schema":{"@context":"https:\/\/schema.org","@graph":[{"@type":"WebPage","@id":"https:\/\/quadalkatreszek.com\/product\/quad-kuplungbowden\/","url":"https:\/\/quadalkatreszek.com\/product\/quad-kuplungbowden\/","name":"k\u00ednai quad kuplungbowden - quadalkatreszek.com","isPartOf":{"@id":"https:\/\/quadalkatreszek.com\/#website"},"primaryImageOfPage":{"@id":"https:\/\/quadalkatreszek.com\/product\/quad-kuplungbowden\/#primaryimage"},"image":{"@id":"https:\/\/quadalkatreszek.com\/product\/quad-kuplungbowden\/#primaryimage"},"thumbnailUrl":"https:\/\/quadalkatreszek.com\/wp-content\/uploads\/2022\/06\/1394-kuplungbowden.jpg","datePublished":"2022-06-28T14:07:40+00:00","dateModified":"2026-03-15T20:08:16+00:00","description":"k\u00ednai quad kuplungbowden120cm. Wexxtor,Bashan, Zongshen, Yakimoto, Loncin,stb... quadokhoz. V\u00e1s\u00e1rolj a NAGYKERB\u0150L a legjobb \u00e1ron, MAG\u00c1NSZEM\u00c9LYEKET is kiszolg\u00e1lunk! T\u00f6bb ezer alkatr\u00e9sz azonnal rakt\u00e1rr\u00f3l.","breadcrumb":{"@id":"https:\/\/quadalkatreszek.com\/product\/quad-kuplungbowden\/#breadcrumb"},"inLanguage":"en-US","potentialAction":[{"@type":"ReadAction","target":["https:\/\/quadalkatreszek.com\/product\/quad-kuplungbowden\/"]}]},{"@type":"ImageObject","inLanguage":"en-US","@id":"https:\/\/quadalkatreszek.com\/product\/quad-kuplungbowden\/#primaryimage","url":"https:\/\/quadalkatreszek.com\/wp-content\/uploads\/2022\/06\/1394-kuplungbowden.jpg","contentUrl":"https:\/\/quadalkatreszek.com\/wp-content\/uploads\/2022\/06\/1394-kuplungbowden.jpg","width":500,"height":375,"caption":"Quad kuplungbowden"},{"@type":"BreadcrumbList","@id":"https:\/\/quadalkatreszek.com\/product\/quad-kuplungbowden\/#breadcrumb","itemListElement":[{"@type":"ListItem","position":1,"name":"Kezd\u0151lap","item":"https:\/\/quadalkatreszek.com\/"},{"@type":"ListItem","position":2,"name":"Shop","item":"https:\/\/quadalkatreszek.com\/shop\/"},{"@type":"ListItem","position":3,"name":"k\u00ednai quad kuplungbowden"}]},{"@type":"WebSite","@id":"https:\/\/quadalkatreszek.com\/#website","url":"https:\/\/quadalkatreszek.com\/","name":"quadalkatreszek.com","description":"alkatr\u00e9szek - azonnal - rakt\u00e1rr\u00f3l","publisher":{"@id":"https:\/\/quadalkatreszek.com\/#organization"},"potentialAction":[{"@type":"SearchAction","target":{"@type":"EntryPoint","urlTemplate":"https:\/\/quadalkatreszek.com\/?s={search_term_string}"},"query-input":{"@type":"PropertyValueSpecification","valueRequired":true,"valueName":"search_term_string"}}],"inLanguage":"en-US"},{"@type":"Organization","@id":"https:\/\/quadalkatreszek.com\/#organization","name":"quadalkatreszek.com","url":"https:\/\/quadalkatreszek.com\/","logo":{"@type":"ImageObject","inLanguage":"en-US","@id":"https:\/\/quadalkatreszek.com\/#\/schema\/logo\/image\/","url":"https:\/\/quadalkatreszek.com\/wp-content\/uploads\/2023\/01\/korlogo-2.png","contentUrl":"https:\/\/quadalkatreszek.com\/wp-content\/uploads\/2023\/01\/korlogo-2.png","width":866,"height":866,"caption":"quadalkatreszek.com"},"image":{"@id":"https:\/\/quadalkatreszek.com\/#\/schema\/logo\/image\/"}}]}},"_links":{"self":[{"href":"https:\/\/quadalkatreszek.com\/en\/wp-json\/wp\/v2\/product\/29174","targetHints":{"allow":["GET"]}}],"collection":[{"href":"https:\/\/quadalkatreszek.com\/en\/wp-json\/wp\/v2\/product"}],"about":[{"href":"https:\/\/quadalkatreszek.com\/en\/wp-json\/wp\/v2\/types\/product"}],"replies":[{"embeddable":true,"href":"https:\/\/quadalkatreszek.com\/en\/wp-json\/wp\/v2\/comments?post=29174"}],"wp:featuredmedia":[{"embeddable":true,"href":"https:\/\/quadalkatreszek.com\/en\/wp-json\/wp\/v2\/media\/25197"}],"wp:attachment":[{"href":"https:\/\/quadalkatreszek.com\/en\/wp-json\/wp\/v2\/media?parent=29174"}],"wp:term":[{"taxonomy":"product_brand","embeddable":true,"href":"https:\/\/quadalkatreszek.com\/en\/wp-json\/wp\/v2\/product_brand?post=29174"},{"taxonomy":"product_cat","embeddable":true,"href":"https:\/\/quadalkatreszek.com\/en\/wp-json\/wp\/v2\/product_cat?post=29174"},{"taxonomy":"product_tag","embeddable":true,"href":"https:\/\/quadalkatreszek.com\/en\/wp-json\/wp\/v2\/product_tag?post=29174"}],"curies":[{"name":"wp","href":"https:\/\/api.w.org\/{rel}","templated":true}]}}