{"id":29197,"date":"2022-06-28T15:07:43","date_gmt":"2022-06-28T14:07:43","guid":{"rendered":"https:\/\/quadalkatreszek.com\/product\/gombcsuklo-9\/"},"modified":"2026-02-28T16:20:23","modified_gmt":"2026-02-28T15:20:23","slug":"quad-felso-lengokarba-valo-kerek-dolesszog-allitos-gomfej-3","status":"publish","type":"product","link":"https:\/\/quadalkatreszek.com\/en\/product\/quad-felso-lengokarba-valo-kerek-dolesszog-allitos-gomfej-3\/","title":{"rendered":"Quad fels\u0151 leng\u0151kar g\u00f6mbfej, ker\u00e9k d\u0151l\u00e9ssz\u00f6g \u00e1ll\u00edt\u00f3s g\u00f6mbfej"},"content":{"rendered":"<p>quad leng\u0151kar g\u00f6mbfej<\/p>\n<p>K\u00ednai quadokhoz fels\u0151 leng\u0151karba val\u00f3 ker\u00e9kd\u0151l\u00e9ssz\u00f6g \u00e1ll\u00edt\u00f3s g\u00f6mbfej. Menet: M14 \u00e9s M16<\/p>\n<p>&#8211; &#8211; &#8211;<br \/>\n<!--kkod_start--><\/p>\n<div class=\"kkod-visible\">kkod:146<\/div>\n<p><!--kkod_end--><\/p>","protected":false},"excerpt":{"rendered":"<p>quad leng\u0151kar g\u00f6mbfej<\/p>\n<p>K\u00ednai quadokhoz fels\u0151 leng\u0151karba val\u00f3 ker\u00e9kd\u0151l\u00e9ssz\u00f6g \u00e1ll\u00edt\u00f3s g\u00f6mbfej. Menet: M14 \u00e9s M16<\/p>","protected":false},"featured_media":25253,"comment_status":"open","ping_status":"closed","template":"","meta":[],"product_brand":[],"product_cat":[79],"product_tag":[],"class_list":{"0":"post-29197","1":"product","2":"type-product","3":"status-publish","4":"has-post-thumbnail","6":"product_cat-gombcsuklo","8":"first","9":"instock","10":"shipping-taxable","11":"purchasable","12":"product-type-simple"},"yoast_head":"<!-- This site is optimized with the Yoast SEO plugin v27.4 - https:\/\/yoast.com\/product\/yoast-seo-wordpress\/ -->\n<title>K\u00ednai quad fels\u0151 g\u00f6mbfej ker\u00e9k d\u0151l\u00e9ssz\u00f6g \u00e1ll\u00edt\u00f3s g\u00f6mbfej<\/title>\n<meta name=\"description\" content=\"quad leng\u0151kar g\u00f6mbfej K\u00ednai quadokhoz fels\u0151 leng\u0151karba val\u00f3 ker\u00e9kd\u0151l\u00e9ssz\u00f6g \u00e1ll\u00edt\u00f3s g\u00f6mbfej. Menet: M14 \u00e9s M16. Ak\u00e1r 24-48 \u00f3r\u00e1n bel\u00fcli h\u00e1zhoz sz\u00e1ll\u00edt\u00e1ssal.\" \/>\n<meta name=\"robots\" content=\"index, follow, max-snippet:-1, max-image-preview:large, max-video-preview:-1\" \/>\n<link rel=\"canonical\" href=\"https:\/\/quadalkatreszek.com\/en\/product\/quad-felso-lengokarba-valo-kerek-dolesszog-allitos-gomfej-3\/\" \/>\n<meta property=\"og:locale\" content=\"en_US\" \/>\n<meta property=\"og:type\" content=\"article\" \/>\n<meta property=\"og:title\" content=\"K\u00ednai quad fels\u0151 g\u00f6mbfej ker\u00e9k d\u0151l\u00e9ssz\u00f6g \u00e1ll\u00edt\u00f3s g\u00f6mbfej\" \/>\n<meta property=\"og:description\" content=\"quad leng\u0151kar g\u00f6mbfej K\u00ednai quadokhoz fels\u0151 leng\u0151karba val\u00f3 ker\u00e9kd\u0151l\u00e9ssz\u00f6g \u00e1ll\u00edt\u00f3s g\u00f6mbfej. Menet: M14 \u00e9s M16. Ak\u00e1r 24-48 \u00f3r\u00e1n bel\u00fcli h\u00e1zhoz sz\u00e1ll\u00edt\u00e1ssal.\" \/>\n<meta property=\"og:url\" content=\"https:\/\/quadalkatreszek.com\/en\/product\/quad-felso-lengokarba-valo-kerek-dolesszog-allitos-gomfej-3\/\" \/>\n<meta property=\"og:site_name\" content=\"quadalkatreszek.com\" \/>\n<meta property=\"article:modified_time\" content=\"2026-02-28T15:20:23+00:00\" \/>\n<meta property=\"og:image\" content=\"https:\/\/quadalkatreszek.com\/wp-content\/uploads\/2022\/06\/1433-gombcsuklo.jpg\" \/>\n\t<meta property=\"og:image:width\" content=\"500\" \/>\n\t<meta property=\"og:image:height\" content=\"375\" \/>\n\t<meta property=\"og:image:type\" content=\"image\/jpeg\" \/>\n<meta name=\"twitter:card\" content=\"summary_large_image\" \/>\n<script type=\"application\/ld+json\" class=\"yoast-schema-graph\">{\"@context\":\"https:\\\/\\\/schema.org\",\"@graph\":[{\"@type\":\"WebPage\",\"@id\":\"https:\\\/\\\/quadalkatreszek.com\\\/product\\\/quad-felso-lengokarba-valo-kerek-dolesszog-allitos-gomfej-3\\\/\",\"url\":\"https:\\\/\\\/quadalkatreszek.com\\\/product\\\/quad-felso-lengokarba-valo-kerek-dolesszog-allitos-gomfej-3\\\/\",\"name\":\"K\u00ednai quad fels\u0151 g\u00f6mbfej ker\u00e9k d\u0151l\u00e9ssz\u00f6g \u00e1ll\u00edt\u00f3s g\u00f6mbfej\",\"isPartOf\":{\"@id\":\"https:\\\/\\\/quadalkatreszek.com\\\/#website\"},\"primaryImageOfPage\":{\"@id\":\"https:\\\/\\\/quadalkatreszek.com\\\/product\\\/quad-felso-lengokarba-valo-kerek-dolesszog-allitos-gomfej-3\\\/#primaryimage\"},\"image\":{\"@id\":\"https:\\\/\\\/quadalkatreszek.com\\\/product\\\/quad-felso-lengokarba-valo-kerek-dolesszog-allitos-gomfej-3\\\/#primaryimage\"},\"thumbnailUrl\":\"https:\\\/\\\/quadalkatreszek.com\\\/wp-content\\\/uploads\\\/2022\\\/06\\\/1433-gombcsuklo.jpg\",\"datePublished\":\"2022-06-28T14:07:43+00:00\",\"dateModified\":\"2026-02-28T15:20:23+00:00\",\"description\":\"quad leng\u0151kar g\u00f6mbfej K\u00ednai quadokhoz fels\u0151 leng\u0151karba val\u00f3 ker\u00e9kd\u0151l\u00e9ssz\u00f6g \u00e1ll\u00edt\u00f3s g\u00f6mbfej. Menet: M14 \u00e9s M16. Ak\u00e1r 24-48 \u00f3r\u00e1n bel\u00fcli h\u00e1zhoz sz\u00e1ll\u00edt\u00e1ssal.\",\"breadcrumb\":{\"@id\":\"https:\\\/\\\/quadalkatreszek.com\\\/product\\\/quad-felso-lengokarba-valo-kerek-dolesszog-allitos-gomfej-3\\\/#breadcrumb\"},\"inLanguage\":\"en-US\",\"potentialAction\":[{\"@type\":\"ReadAction\",\"target\":[\"https:\\\/\\\/quadalkatreszek.com\\\/product\\\/quad-felso-lengokarba-valo-kerek-dolesszog-allitos-gomfej-3\\\/\"]}]},{\"@type\":\"ImageObject\",\"inLanguage\":\"en-US\",\"@id\":\"https:\\\/\\\/quadalkatreszek.com\\\/product\\\/quad-felso-lengokarba-valo-kerek-dolesszog-allitos-gomfej-3\\\/#primaryimage\",\"url\":\"https:\\\/\\\/quadalkatreszek.com\\\/wp-content\\\/uploads\\\/2022\\\/06\\\/1433-gombcsuklo.jpg\",\"contentUrl\":\"https:\\\/\\\/quadalkatreszek.com\\\/wp-content\\\/uploads\\\/2022\\\/06\\\/1433-gombcsuklo.jpg\",\"width\":500,\"height\":375,\"caption\":\"K\u00ednai quad fels\u0151 g\u00f6mbfej\"},{\"@type\":\"BreadcrumbList\",\"@id\":\"https:\\\/\\\/quadalkatreszek.com\\\/product\\\/quad-felso-lengokarba-valo-kerek-dolesszog-allitos-gomfej-3\\\/#breadcrumb\",\"itemListElement\":[{\"@type\":\"ListItem\",\"position\":1,\"name\":\"Kezd\u0151lap\",\"item\":\"https:\\\/\\\/quadalkatreszek.com\\\/\"},{\"@type\":\"ListItem\",\"position\":2,\"name\":\"Shop\",\"item\":\"https:\\\/\\\/quadalkatreszek.com\\\/shop\\\/\"},{\"@type\":\"ListItem\",\"position\":3,\"name\":\"Quad fels\u0151 leng\u0151kar g\u00f6mbfej, ker\u00e9k d\u0151l\u00e9ssz\u00f6g \u00e1ll\u00edt\u00f3s g\u00f6mbfej\"}]},{\"@type\":\"WebSite\",\"@id\":\"https:\\\/\\\/quadalkatreszek.com\\\/#website\",\"url\":\"https:\\\/\\\/quadalkatreszek.com\\\/\",\"name\":\"quadalkatreszek.com\",\"description\":\"alkatr\u00e9szek - azonnal - rakt\u00e1rr\u00f3l\",\"publisher\":{\"@id\":\"https:\\\/\\\/quadalkatreszek.com\\\/#organization\"},\"potentialAction\":[{\"@type\":\"SearchAction\",\"target\":{\"@type\":\"EntryPoint\",\"urlTemplate\":\"https:\\\/\\\/quadalkatreszek.com\\\/?s={search_term_string}\"},\"query-input\":{\"@type\":\"PropertyValueSpecification\",\"valueRequired\":true,\"valueName\":\"search_term_string\"}}],\"inLanguage\":\"en-US\"},{\"@type\":\"Organization\",\"@id\":\"https:\\\/\\\/quadalkatreszek.com\\\/#organization\",\"name\":\"quadalkatreszek.com\",\"url\":\"https:\\\/\\\/quadalkatreszek.com\\\/\",\"logo\":{\"@type\":\"ImageObject\",\"inLanguage\":\"en-US\",\"@id\":\"https:\\\/\\\/quadalkatreszek.com\\\/#\\\/schema\\\/logo\\\/image\\\/\",\"url\":\"https:\\\/\\\/quadalkatreszek.com\\\/wp-content\\\/uploads\\\/2023\\\/01\\\/korlogo-2.png\",\"contentUrl\":\"https:\\\/\\\/quadalkatreszek.com\\\/wp-content\\\/uploads\\\/2023\\\/01\\\/korlogo-2.png\",\"width\":866,\"height\":866,\"caption\":\"quadalkatreszek.com\"},\"image\":{\"@id\":\"https:\\\/\\\/quadalkatreszek.com\\\/#\\\/schema\\\/logo\\\/image\\\/\"}}]}<\/script>\n<!-- \/ Yoast SEO plugin. -->","yoast_head_json":{"title":"K\u00ednai quad fels\u0151 g\u00f6mbfej ker\u00e9k d\u0151l\u00e9ssz\u00f6g \u00e1ll\u00edt\u00f3s g\u00f6mbfej","description":"quad leng\u0151kar g\u00f6mbfej K\u00ednai quadokhoz fels\u0151 leng\u0151karba val\u00f3 ker\u00e9kd\u0151l\u00e9ssz\u00f6g \u00e1ll\u00edt\u00f3s g\u00f6mbfej. Menet: M14 \u00e9s M16. Ak\u00e1r 24-48 \u00f3r\u00e1n bel\u00fcli h\u00e1zhoz sz\u00e1ll\u00edt\u00e1ssal.","robots":{"index":"index","follow":"follow","max-snippet":"max-snippet:-1","max-image-preview":"max-image-preview:large","max-video-preview":"max-video-preview:-1"},"canonical":"https:\/\/quadalkatreszek.com\/en\/product\/quad-felso-lengokarba-valo-kerek-dolesszog-allitos-gomfej-3\/","og_locale":"en_US","og_type":"article","og_title":"K\u00ednai quad fels\u0151 g\u00f6mbfej ker\u00e9k d\u0151l\u00e9ssz\u00f6g \u00e1ll\u00edt\u00f3s g\u00f6mbfej","og_description":"quad leng\u0151kar g\u00f6mbfej K\u00ednai quadokhoz fels\u0151 leng\u0151karba val\u00f3 ker\u00e9kd\u0151l\u00e9ssz\u00f6g \u00e1ll\u00edt\u00f3s g\u00f6mbfej. Menet: M14 \u00e9s M16. Ak\u00e1r 24-48 \u00f3r\u00e1n bel\u00fcli h\u00e1zhoz sz\u00e1ll\u00edt\u00e1ssal.","og_url":"https:\/\/quadalkatreszek.com\/en\/product\/quad-felso-lengokarba-valo-kerek-dolesszog-allitos-gomfej-3\/","og_site_name":"quadalkatreszek.com","article_modified_time":"2026-02-28T15:20:23+00:00","og_image":[{"width":500,"height":375,"url":"https:\/\/quadalkatreszek.com\/wp-content\/uploads\/2022\/06\/1433-gombcsuklo.jpg","type":"image\/jpeg"}],"twitter_card":"summary_large_image","schema":{"@context":"https:\/\/schema.org","@graph":[{"@type":"WebPage","@id":"https:\/\/quadalkatreszek.com\/product\/quad-felso-lengokarba-valo-kerek-dolesszog-allitos-gomfej-3\/","url":"https:\/\/quadalkatreszek.com\/product\/quad-felso-lengokarba-valo-kerek-dolesszog-allitos-gomfej-3\/","name":"K\u00ednai quad fels\u0151 g\u00f6mbfej ker\u00e9k d\u0151l\u00e9ssz\u00f6g \u00e1ll\u00edt\u00f3s g\u00f6mbfej","isPartOf":{"@id":"https:\/\/quadalkatreszek.com\/#website"},"primaryImageOfPage":{"@id":"https:\/\/quadalkatreszek.com\/product\/quad-felso-lengokarba-valo-kerek-dolesszog-allitos-gomfej-3\/#primaryimage"},"image":{"@id":"https:\/\/quadalkatreszek.com\/product\/quad-felso-lengokarba-valo-kerek-dolesszog-allitos-gomfej-3\/#primaryimage"},"thumbnailUrl":"https:\/\/quadalkatreszek.com\/wp-content\/uploads\/2022\/06\/1433-gombcsuklo.jpg","datePublished":"2022-06-28T14:07:43+00:00","dateModified":"2026-02-28T15:20:23+00:00","description":"quad leng\u0151kar g\u00f6mbfej K\u00ednai quadokhoz fels\u0151 leng\u0151karba val\u00f3 ker\u00e9kd\u0151l\u00e9ssz\u00f6g \u00e1ll\u00edt\u00f3s g\u00f6mbfej. Menet: M14 \u00e9s M16. Ak\u00e1r 24-48 \u00f3r\u00e1n bel\u00fcli h\u00e1zhoz sz\u00e1ll\u00edt\u00e1ssal.","breadcrumb":{"@id":"https:\/\/quadalkatreszek.com\/product\/quad-felso-lengokarba-valo-kerek-dolesszog-allitos-gomfej-3\/#breadcrumb"},"inLanguage":"en-US","potentialAction":[{"@type":"ReadAction","target":["https:\/\/quadalkatreszek.com\/product\/quad-felso-lengokarba-valo-kerek-dolesszog-allitos-gomfej-3\/"]}]},{"@type":"ImageObject","inLanguage":"en-US","@id":"https:\/\/quadalkatreszek.com\/product\/quad-felso-lengokarba-valo-kerek-dolesszog-allitos-gomfej-3\/#primaryimage","url":"https:\/\/quadalkatreszek.com\/wp-content\/uploads\/2022\/06\/1433-gombcsuklo.jpg","contentUrl":"https:\/\/quadalkatreszek.com\/wp-content\/uploads\/2022\/06\/1433-gombcsuklo.jpg","width":500,"height":375,"caption":"K\u00ednai quad fels\u0151 g\u00f6mbfej"},{"@type":"BreadcrumbList","@id":"https:\/\/quadalkatreszek.com\/product\/quad-felso-lengokarba-valo-kerek-dolesszog-allitos-gomfej-3\/#breadcrumb","itemListElement":[{"@type":"ListItem","position":1,"name":"Kezd\u0151lap","item":"https:\/\/quadalkatreszek.com\/"},{"@type":"ListItem","position":2,"name":"Shop","item":"https:\/\/quadalkatreszek.com\/shop\/"},{"@type":"ListItem","position":3,"name":"Quad fels\u0151 leng\u0151kar g\u00f6mbfej, ker\u00e9k d\u0151l\u00e9ssz\u00f6g \u00e1ll\u00edt\u00f3s g\u00f6mbfej"}]},{"@type":"WebSite","@id":"https:\/\/quadalkatreszek.com\/#website","url":"https:\/\/quadalkatreszek.com\/","name":"quadalkatreszek.com","description":"alkatr\u00e9szek - azonnal - rakt\u00e1rr\u00f3l","publisher":{"@id":"https:\/\/quadalkatreszek.com\/#organization"},"potentialAction":[{"@type":"SearchAction","target":{"@type":"EntryPoint","urlTemplate":"https:\/\/quadalkatreszek.com\/?s={search_term_string}"},"query-input":{"@type":"PropertyValueSpecification","valueRequired":true,"valueName":"search_term_string"}}],"inLanguage":"en-US"},{"@type":"Organization","@id":"https:\/\/quadalkatreszek.com\/#organization","name":"quadalkatreszek.com","url":"https:\/\/quadalkatreszek.com\/","logo":{"@type":"ImageObject","inLanguage":"en-US","@id":"https:\/\/quadalkatreszek.com\/#\/schema\/logo\/image\/","url":"https:\/\/quadalkatreszek.com\/wp-content\/uploads\/2023\/01\/korlogo-2.png","contentUrl":"https:\/\/quadalkatreszek.com\/wp-content\/uploads\/2023\/01\/korlogo-2.png","width":866,"height":866,"caption":"quadalkatreszek.com"},"image":{"@id":"https:\/\/quadalkatreszek.com\/#\/schema\/logo\/image\/"}}]}},"_links":{"self":[{"href":"https:\/\/quadalkatreszek.com\/en\/wp-json\/wp\/v2\/product\/29197","targetHints":{"allow":["GET"]}}],"collection":[{"href":"https:\/\/quadalkatreszek.com\/en\/wp-json\/wp\/v2\/product"}],"about":[{"href":"https:\/\/quadalkatreszek.com\/en\/wp-json\/wp\/v2\/types\/product"}],"replies":[{"embeddable":true,"href":"https:\/\/quadalkatreszek.com\/en\/wp-json\/wp\/v2\/comments?post=29197"}],"wp:featuredmedia":[{"embeddable":true,"href":"https:\/\/quadalkatreszek.com\/en\/wp-json\/wp\/v2\/media\/25253"}],"wp:attachment":[{"href":"https:\/\/quadalkatreszek.com\/en\/wp-json\/wp\/v2\/media?parent=29197"}],"wp:term":[{"taxonomy":"product_brand","embeddable":true,"href":"https:\/\/quadalkatreszek.com\/en\/wp-json\/wp\/v2\/product_brand?post=29197"},{"taxonomy":"product_cat","embeddable":true,"href":"https:\/\/quadalkatreszek.com\/en\/wp-json\/wp\/v2\/product_cat?post=29197"},{"taxonomy":"product_tag","embeddable":true,"href":"https:\/\/quadalkatreszek.com\/en\/wp-json\/wp\/v2\/product_tag?post=29197"}],"curies":[{"name":"wp","href":"https:\/\/api.w.org\/{rel}","templated":true}]}}