{"id":29233,"date":"2022-06-28T15:07:48","date_gmt":"2022-06-28T14:07:48","guid":{"rendered":"https:\/\/quadalkatreszek.com\/product\/lanc-5\/"},"modified":"2026-05-08T15:22:51","modified_gmt":"2026-05-08T14:22:51","slug":"428-as-univerzalis-quad-dirt-bike-lanc","status":"publish","type":"product","link":"https:\/\/quadalkatreszek.com\/en\/product\/428-as-univerzalis-quad-dirt-bike-lanc\/","title":{"rendered":"428-as univerz\u00e1lis quad \/dirt bike l\u00e1nc"},"content":{"rendered":"<p>428-as quad l\u00e1nc \/ 428-as dirt bike l\u00e1nc, gy\u00e1ri k\u00ednai quad alkatr\u00e9sz<\/p>\n<p>A l\u00e1nc gy\u00e1rilag patentszemmel ell\u00e1tott \u00edgy b\u00e1rmilyen m\u00e9ret\u0171re r\u00f6vid\u00edthet\u0151!!!<\/p>\n<p>m\u00e9ret: 428, 58 szem (116 Csap)<\/p>\n<p>&#8211; &#8211; &#8211;<br \/>\n<!--kkod_start--><\/p>\n<div class=\"kkod-visible\">kkod:120<\/div>\n<p><!--kkod_end--><\/p>","protected":false},"excerpt":{"rendered":"<p>Univerz\u00e1lis l\u00e1nc. m\u00e9ret: 428, 58 szem (116 Csap)<\/p>\n<p>A l\u00e1nc gy\u00e1rilag patentszemmel ell\u00e1tott \u00edgy b\u00e1rmilyen m\u00e9ret\u0171re r\u00f6vid\u00edthet\u0151!!!<\/p>","protected":false},"featured_media":25318,"comment_status":"open","ping_status":"closed","template":"","meta":[],"product_brand":[],"product_cat":[110],"product_tag":[],"class_list":{"0":"post-29233","1":"product","2":"type-product","3":"status-publish","4":"has-post-thumbnail","6":"product_cat-lanc","8":"first","9":"instock","10":"shipping-taxable","11":"purchasable","12":"product-type-simple"},"yoast_head":"<!-- This site is optimized with the Yoast SEO plugin v27.5 - https:\/\/yoast.com\/product\/yoast-seo-wordpress\/ -->\n<title>428-as quad l\u00e1nc \/ 428-as dirt bike l\u00e1nc k\u00ednai quad alkatr\u00e9sz<\/title>\n<meta name=\"description\" content=\"428-as quad l\u00e1nc. K\u00ednai quad \u00e9s dirt bike l\u00e1ncok patentszemek \u00e9s egy\u00e9b fut\u00f3m\u0171 \u00e9s motor alkatr\u00e9szek sz\u00e9les v\u00e1laszt\u00e9ka, egyenesen a k\u00f6zponti quad rakt\u00e1rb\u00f3l.\" \/>\n<meta name=\"robots\" content=\"index, follow, max-snippet:-1, max-image-preview:large, max-video-preview:-1\" \/>\n<link rel=\"canonical\" href=\"https:\/\/quadalkatreszek.com\/en\/product\/428-as-univerzalis-quad-dirt-bike-lanc\/\" \/>\n<meta property=\"og:locale\" content=\"en_US\" \/>\n<meta property=\"og:type\" content=\"article\" \/>\n<meta property=\"og:title\" content=\"428-as quad l\u00e1nc \/ 428-as dirt bike l\u00e1nc k\u00ednai quad alkatr\u00e9sz\" \/>\n<meta property=\"og:description\" content=\"428-as quad l\u00e1nc. K\u00ednai quad \u00e9s dirt bike l\u00e1ncok patentszemek \u00e9s egy\u00e9b fut\u00f3m\u0171 \u00e9s motor alkatr\u00e9szek sz\u00e9les v\u00e1laszt\u00e9ka, egyenesen a k\u00f6zponti quad rakt\u00e1rb\u00f3l.\" \/>\n<meta property=\"og:url\" content=\"https:\/\/quadalkatreszek.com\/en\/product\/428-as-univerzalis-quad-dirt-bike-lanc\/\" \/>\n<meta property=\"og:site_name\" content=\"quadalkatreszek.com\" \/>\n<meta property=\"article:modified_time\" content=\"2026-05-08T14:22:51+00:00\" \/>\n<meta property=\"og:image\" content=\"https:\/\/quadalkatreszek.com\/wp-content\/uploads\/2022\/06\/1492-lanc.jpg\" \/>\n\t<meta property=\"og:image:width\" content=\"500\" \/>\n\t<meta property=\"og:image:height\" content=\"375\" \/>\n\t<meta property=\"og:image:type\" content=\"image\/jpeg\" \/>\n<meta name=\"twitter:card\" content=\"summary_large_image\" \/>\n<script type=\"application\/ld+json\" class=\"yoast-schema-graph\">{\"@context\":\"https:\\\/\\\/schema.org\",\"@graph\":[{\"@type\":\"WebPage\",\"@id\":\"https:\\\/\\\/quadalkatreszek.com\\\/product\\\/428-as-univerzalis-quad-dirt-bike-lanc\\\/\",\"url\":\"https:\\\/\\\/quadalkatreszek.com\\\/product\\\/428-as-univerzalis-quad-dirt-bike-lanc\\\/\",\"name\":\"428-as quad l\u00e1nc \\\/ 428-as dirt bike l\u00e1nc k\u00ednai quad alkatr\u00e9sz\",\"isPartOf\":{\"@id\":\"https:\\\/\\\/quadalkatreszek.com\\\/#website\"},\"primaryImageOfPage\":{\"@id\":\"https:\\\/\\\/quadalkatreszek.com\\\/product\\\/428-as-univerzalis-quad-dirt-bike-lanc\\\/#primaryimage\"},\"image\":{\"@id\":\"https:\\\/\\\/quadalkatreszek.com\\\/product\\\/428-as-univerzalis-quad-dirt-bike-lanc\\\/#primaryimage\"},\"thumbnailUrl\":\"https:\\\/\\\/quadalkatreszek.com\\\/wp-content\\\/uploads\\\/2022\\\/06\\\/1492-lanc.jpg\",\"datePublished\":\"2022-06-28T14:07:48+00:00\",\"dateModified\":\"2026-05-08T14:22:51+00:00\",\"description\":\"428-as quad l\u00e1nc. K\u00ednai quad \u00e9s dirt bike l\u00e1ncok patentszemek \u00e9s egy\u00e9b fut\u00f3m\u0171 \u00e9s motor alkatr\u00e9szek sz\u00e9les v\u00e1laszt\u00e9ka, egyenesen a k\u00f6zponti quad rakt\u00e1rb\u00f3l.\",\"breadcrumb\":{\"@id\":\"https:\\\/\\\/quadalkatreszek.com\\\/product\\\/428-as-univerzalis-quad-dirt-bike-lanc\\\/#breadcrumb\"},\"inLanguage\":\"en-US\",\"potentialAction\":[{\"@type\":\"ReadAction\",\"target\":[\"https:\\\/\\\/quadalkatreszek.com\\\/product\\\/428-as-univerzalis-quad-dirt-bike-lanc\\\/\"]}]},{\"@type\":\"ImageObject\",\"inLanguage\":\"en-US\",\"@id\":\"https:\\\/\\\/quadalkatreszek.com\\\/product\\\/428-as-univerzalis-quad-dirt-bike-lanc\\\/#primaryimage\",\"url\":\"https:\\\/\\\/quadalkatreszek.com\\\/wp-content\\\/uploads\\\/2022\\\/06\\\/1492-lanc.jpg\",\"contentUrl\":\"https:\\\/\\\/quadalkatreszek.com\\\/wp-content\\\/uploads\\\/2022\\\/06\\\/1492-lanc.jpg\",\"width\":500,\"height\":375,\"caption\":\"428-as quad l\u00e1nc\"},{\"@type\":\"BreadcrumbList\",\"@id\":\"https:\\\/\\\/quadalkatreszek.com\\\/product\\\/428-as-univerzalis-quad-dirt-bike-lanc\\\/#breadcrumb\",\"itemListElement\":[{\"@type\":\"ListItem\",\"position\":1,\"name\":\"Kezd\u0151lap\",\"item\":\"https:\\\/\\\/quadalkatreszek.com\\\/\"},{\"@type\":\"ListItem\",\"position\":2,\"name\":\"Shop\",\"item\":\"https:\\\/\\\/quadalkatreszek.com\\\/shop\\\/\"},{\"@type\":\"ListItem\",\"position\":3,\"name\":\"428-as univerz\u00e1lis quad \\\/dirt bike l\u00e1nc\"}]},{\"@type\":\"WebSite\",\"@id\":\"https:\\\/\\\/quadalkatreszek.com\\\/#website\",\"url\":\"https:\\\/\\\/quadalkatreszek.com\\\/\",\"name\":\"quadalkatreszek.com\",\"description\":\"alkatr\u00e9szek - azonnal - rakt\u00e1rr\u00f3l\",\"publisher\":{\"@id\":\"https:\\\/\\\/quadalkatreszek.com\\\/#organization\"},\"potentialAction\":[{\"@type\":\"SearchAction\",\"target\":{\"@type\":\"EntryPoint\",\"urlTemplate\":\"https:\\\/\\\/quadalkatreszek.com\\\/?s={search_term_string}\"},\"query-input\":{\"@type\":\"PropertyValueSpecification\",\"valueRequired\":true,\"valueName\":\"search_term_string\"}}],\"inLanguage\":\"en-US\"},{\"@type\":\"Organization\",\"@id\":\"https:\\\/\\\/quadalkatreszek.com\\\/#organization\",\"name\":\"quadalkatreszek.com\",\"url\":\"https:\\\/\\\/quadalkatreszek.com\\\/\",\"logo\":{\"@type\":\"ImageObject\",\"inLanguage\":\"en-US\",\"@id\":\"https:\\\/\\\/quadalkatreszek.com\\\/#\\\/schema\\\/logo\\\/image\\\/\",\"url\":\"https:\\\/\\\/quadalkatreszek.com\\\/wp-content\\\/uploads\\\/2023\\\/01\\\/korlogo-2.png\",\"contentUrl\":\"https:\\\/\\\/quadalkatreszek.com\\\/wp-content\\\/uploads\\\/2023\\\/01\\\/korlogo-2.png\",\"width\":866,\"height\":866,\"caption\":\"quadalkatreszek.com\"},\"image\":{\"@id\":\"https:\\\/\\\/quadalkatreszek.com\\\/#\\\/schema\\\/logo\\\/image\\\/\"}}]}<\/script>\n<!-- \/ Yoast SEO plugin. -->","yoast_head_json":{"title":"428-as quad l\u00e1nc \/ 428-as dirt bike l\u00e1nc k\u00ednai quad alkatr\u00e9sz","description":"428-as quad l\u00e1nc. K\u00ednai quad \u00e9s dirt bike l\u00e1ncok patentszemek \u00e9s egy\u00e9b fut\u00f3m\u0171 \u00e9s motor alkatr\u00e9szek sz\u00e9les v\u00e1laszt\u00e9ka, egyenesen a k\u00f6zponti quad rakt\u00e1rb\u00f3l.","robots":{"index":"index","follow":"follow","max-snippet":"max-snippet:-1","max-image-preview":"max-image-preview:large","max-video-preview":"max-video-preview:-1"},"canonical":"https:\/\/quadalkatreszek.com\/en\/product\/428-as-univerzalis-quad-dirt-bike-lanc\/","og_locale":"en_US","og_type":"article","og_title":"428-as quad l\u00e1nc \/ 428-as dirt bike l\u00e1nc k\u00ednai quad alkatr\u00e9sz","og_description":"428-as quad l\u00e1nc. K\u00ednai quad \u00e9s dirt bike l\u00e1ncok patentszemek \u00e9s egy\u00e9b fut\u00f3m\u0171 \u00e9s motor alkatr\u00e9szek sz\u00e9les v\u00e1laszt\u00e9ka, egyenesen a k\u00f6zponti quad rakt\u00e1rb\u00f3l.","og_url":"https:\/\/quadalkatreszek.com\/en\/product\/428-as-univerzalis-quad-dirt-bike-lanc\/","og_site_name":"quadalkatreszek.com","article_modified_time":"2026-05-08T14:22:51+00:00","og_image":[{"width":500,"height":375,"url":"https:\/\/quadalkatreszek.com\/wp-content\/uploads\/2022\/06\/1492-lanc.jpg","type":"image\/jpeg"}],"twitter_card":"summary_large_image","schema":{"@context":"https:\/\/schema.org","@graph":[{"@type":"WebPage","@id":"https:\/\/quadalkatreszek.com\/product\/428-as-univerzalis-quad-dirt-bike-lanc\/","url":"https:\/\/quadalkatreszek.com\/product\/428-as-univerzalis-quad-dirt-bike-lanc\/","name":"428-as quad l\u00e1nc \/ 428-as dirt bike l\u00e1nc k\u00ednai quad alkatr\u00e9sz","isPartOf":{"@id":"https:\/\/quadalkatreszek.com\/#website"},"primaryImageOfPage":{"@id":"https:\/\/quadalkatreszek.com\/product\/428-as-univerzalis-quad-dirt-bike-lanc\/#primaryimage"},"image":{"@id":"https:\/\/quadalkatreszek.com\/product\/428-as-univerzalis-quad-dirt-bike-lanc\/#primaryimage"},"thumbnailUrl":"https:\/\/quadalkatreszek.com\/wp-content\/uploads\/2022\/06\/1492-lanc.jpg","datePublished":"2022-06-28T14:07:48+00:00","dateModified":"2026-05-08T14:22:51+00:00","description":"428-as quad l\u00e1nc. K\u00ednai quad \u00e9s dirt bike l\u00e1ncok patentszemek \u00e9s egy\u00e9b fut\u00f3m\u0171 \u00e9s motor alkatr\u00e9szek sz\u00e9les v\u00e1laszt\u00e9ka, egyenesen a k\u00f6zponti quad rakt\u00e1rb\u00f3l.","breadcrumb":{"@id":"https:\/\/quadalkatreszek.com\/product\/428-as-univerzalis-quad-dirt-bike-lanc\/#breadcrumb"},"inLanguage":"en-US","potentialAction":[{"@type":"ReadAction","target":["https:\/\/quadalkatreszek.com\/product\/428-as-univerzalis-quad-dirt-bike-lanc\/"]}]},{"@type":"ImageObject","inLanguage":"en-US","@id":"https:\/\/quadalkatreszek.com\/product\/428-as-univerzalis-quad-dirt-bike-lanc\/#primaryimage","url":"https:\/\/quadalkatreszek.com\/wp-content\/uploads\/2022\/06\/1492-lanc.jpg","contentUrl":"https:\/\/quadalkatreszek.com\/wp-content\/uploads\/2022\/06\/1492-lanc.jpg","width":500,"height":375,"caption":"428-as quad l\u00e1nc"},{"@type":"BreadcrumbList","@id":"https:\/\/quadalkatreszek.com\/product\/428-as-univerzalis-quad-dirt-bike-lanc\/#breadcrumb","itemListElement":[{"@type":"ListItem","position":1,"name":"Kezd\u0151lap","item":"https:\/\/quadalkatreszek.com\/"},{"@type":"ListItem","position":2,"name":"Shop","item":"https:\/\/quadalkatreszek.com\/shop\/"},{"@type":"ListItem","position":3,"name":"428-as univerz\u00e1lis quad \/dirt bike l\u00e1nc"}]},{"@type":"WebSite","@id":"https:\/\/quadalkatreszek.com\/#website","url":"https:\/\/quadalkatreszek.com\/","name":"quadalkatreszek.com","description":"alkatr\u00e9szek - azonnal - rakt\u00e1rr\u00f3l","publisher":{"@id":"https:\/\/quadalkatreszek.com\/#organization"},"potentialAction":[{"@type":"SearchAction","target":{"@type":"EntryPoint","urlTemplate":"https:\/\/quadalkatreszek.com\/?s={search_term_string}"},"query-input":{"@type":"PropertyValueSpecification","valueRequired":true,"valueName":"search_term_string"}}],"inLanguage":"en-US"},{"@type":"Organization","@id":"https:\/\/quadalkatreszek.com\/#organization","name":"quadalkatreszek.com","url":"https:\/\/quadalkatreszek.com\/","logo":{"@type":"ImageObject","inLanguage":"en-US","@id":"https:\/\/quadalkatreszek.com\/#\/schema\/logo\/image\/","url":"https:\/\/quadalkatreszek.com\/wp-content\/uploads\/2023\/01\/korlogo-2.png","contentUrl":"https:\/\/quadalkatreszek.com\/wp-content\/uploads\/2023\/01\/korlogo-2.png","width":866,"height":866,"caption":"quadalkatreszek.com"},"image":{"@id":"https:\/\/quadalkatreszek.com\/#\/schema\/logo\/image\/"}}]}},"_links":{"self":[{"href":"https:\/\/quadalkatreszek.com\/en\/wp-json\/wp\/v2\/product\/29233","targetHints":{"allow":["GET"]}}],"collection":[{"href":"https:\/\/quadalkatreszek.com\/en\/wp-json\/wp\/v2\/product"}],"about":[{"href":"https:\/\/quadalkatreszek.com\/en\/wp-json\/wp\/v2\/types\/product"}],"replies":[{"embeddable":true,"href":"https:\/\/quadalkatreszek.com\/en\/wp-json\/wp\/v2\/comments?post=29233"}],"wp:featuredmedia":[{"embeddable":true,"href":"https:\/\/quadalkatreszek.com\/en\/wp-json\/wp\/v2\/media\/25318"}],"wp:attachment":[{"href":"https:\/\/quadalkatreszek.com\/en\/wp-json\/wp\/v2\/media?parent=29233"}],"wp:term":[{"taxonomy":"product_brand","embeddable":true,"href":"https:\/\/quadalkatreszek.com\/en\/wp-json\/wp\/v2\/product_brand?post=29233"},{"taxonomy":"product_cat","embeddable":true,"href":"https:\/\/quadalkatreszek.com\/en\/wp-json\/wp\/v2\/product_cat?post=29233"},{"taxonomy":"product_tag","embeddable":true,"href":"https:\/\/quadalkatreszek.com\/en\/wp-json\/wp\/v2\/product_tag?post=29233"}],"curies":[{"name":"wp","href":"https:\/\/api.w.org\/{rel}","templated":true}]}}