{"id":29559,"date":"2022-06-28T15:08:44","date_gmt":"2022-06-28T14:08:44","guid":{"rendered":"https:\/\/quadalkatreszek.com\/product\/16x8-00-7-quad-gumi-2\/"},"modified":"2026-05-04T19:58:18","modified_gmt":"2026-05-04T18:58:18","slug":"16x8-00-7-quad-gumi-16x8-7-2","status":"publish","type":"product","link":"https:\/\/quadalkatreszek.com\/en\/product\/16x8-00-7-quad-gumi-16x8-7-2\/","title":{"rendered":"16&#215;8.00-7 quad gumi (16&#215;8-7)"},"content":{"rendered":"<p>Quad, atv gumi m\u00e9ret: 16&#215;8. 00-7 (200\/55-7)<\/p>\n<p>KXD gyerek quadokra is!<\/p>\n<p>16&#215;8-7<\/p>\n<p>, 0, 96<br \/>\n&#8211; &#8211; &#8211;<br \/>\n<!--kkod_start--><\/p>\n<div class=\"kkod-visible\">kkod:96<\/div>\n<p><!--kkod_end--><\/p>","protected":false},"excerpt":{"rendered":"<p>Quad, atv gumi m\u00e9ret: 16&#215;8.00-7<\/p>","protected":false},"featured_media":25890,"comment_status":"open","ping_status":"closed","template":"","meta":[],"product_brand":[],"product_cat":[95,171,84],"product_tag":[],"class_list":{"0":"post-29559","1":"product","2":"type-product","3":"status-publish","4":"has-post-thumbnail","6":"product_cat-akcios-termekek","7":"product_cat-osszes-gumi","8":"product_cat-quad-atv-gumik","10":"first","11":"instock","12":"sale","13":"shipping-taxable","14":"purchasable","15":"product-type-simple"},"yoast_head":"<!-- This site is optimized with the Yoast SEO plugin v27.5 - https:\/\/yoast.com\/product\/yoast-seo-wordpress\/ -->\n<title>16x8.00-7 quad gumi (16x8-7) - quadalkatreszek.com<\/title>\n<meta name=\"description\" content=\"16x8.00-7 quad gumi. Quad, atv gumi m\u00e9ret: 16x8. 00-7 (200\/55-7) KXD gyerek quadokra is! T\u00f6bb sz\u00e1t quad gumi egy helyen azonnali sz\u00e1ll\u00edt\u00e1ssal.\" \/>\n<meta name=\"robots\" content=\"index, follow, max-snippet:-1, max-image-preview:large, max-video-preview:-1\" \/>\n<link rel=\"canonical\" href=\"https:\/\/quadalkatreszek.com\/en\/product\/16x8-00-7-quad-gumi-16x8-7-2\/\" \/>\n<meta property=\"og:locale\" content=\"en_US\" \/>\n<meta property=\"og:type\" content=\"article\" \/>\n<meta property=\"og:title\" content=\"16x8.00-7 quad gumi (16x8-7) - quadalkatreszek.com\" \/>\n<meta property=\"og:description\" content=\"16x8.00-7 quad gumi. Quad, atv gumi m\u00e9ret: 16x8. 00-7 (200\/55-7) KXD gyerek quadokra is! T\u00f6bb sz\u00e1t quad gumi egy helyen azonnali sz\u00e1ll\u00edt\u00e1ssal.\" \/>\n<meta property=\"og:url\" content=\"https:\/\/quadalkatreszek.com\/en\/product\/16x8-00-7-quad-gumi-16x8-7-2\/\" \/>\n<meta property=\"og:site_name\" content=\"quadalkatreszek.com\" \/>\n<meta property=\"article:modified_time\" content=\"2026-05-04T18:58:18+00:00\" \/>\n<meta property=\"og:image\" content=\"https:\/\/quadalkatreszek.com\/wp-content\/uploads\/2022\/06\/3114-16x8.00-7-quad-gumi.jpg\" \/>\n\t<meta property=\"og:image:width\" content=\"445\" \/>\n\t<meta property=\"og:image:height\" content=\"400\" \/>\n\t<meta property=\"og:image:type\" content=\"image\/jpeg\" \/>\n<meta name=\"twitter:card\" content=\"summary_large_image\" \/>\n<script type=\"application\/ld+json\" class=\"yoast-schema-graph\">{\"@context\":\"https:\\\/\\\/schema.org\",\"@graph\":[{\"@type\":\"WebPage\",\"@id\":\"https:\\\/\\\/quadalkatreszek.com\\\/product\\\/16x8-00-7-quad-gumi-16x8-7-2\\\/\",\"url\":\"https:\\\/\\\/quadalkatreszek.com\\\/product\\\/16x8-00-7-quad-gumi-16x8-7-2\\\/\",\"name\":\"16x8.00-7 quad gumi (16x8-7) - quadalkatreszek.com\",\"isPartOf\":{\"@id\":\"https:\\\/\\\/quadalkatreszek.com\\\/#website\"},\"primaryImageOfPage\":{\"@id\":\"https:\\\/\\\/quadalkatreszek.com\\\/product\\\/16x8-00-7-quad-gumi-16x8-7-2\\\/#primaryimage\"},\"image\":{\"@id\":\"https:\\\/\\\/quadalkatreszek.com\\\/product\\\/16x8-00-7-quad-gumi-16x8-7-2\\\/#primaryimage\"},\"thumbnailUrl\":\"https:\\\/\\\/quadalkatreszek.com\\\/wp-content\\\/uploads\\\/2022\\\/06\\\/3114-16x8.00-7-quad-gumi.jpg\",\"datePublished\":\"2022-06-28T14:08:44+00:00\",\"dateModified\":\"2026-05-04T18:58:18+00:00\",\"description\":\"16x8.00-7 quad gumi. Quad, atv gumi m\u00e9ret: 16x8. 00-7 (200\\\/55-7) KXD gyerek quadokra is! T\u00f6bb sz\u00e1t quad gumi egy helyen azonnali sz\u00e1ll\u00edt\u00e1ssal.\",\"breadcrumb\":{\"@id\":\"https:\\\/\\\/quadalkatreszek.com\\\/product\\\/16x8-00-7-quad-gumi-16x8-7-2\\\/#breadcrumb\"},\"inLanguage\":\"en-US\",\"potentialAction\":[{\"@type\":\"ReadAction\",\"target\":[\"https:\\\/\\\/quadalkatreszek.com\\\/product\\\/16x8-00-7-quad-gumi-16x8-7-2\\\/\"]}]},{\"@type\":\"ImageObject\",\"inLanguage\":\"en-US\",\"@id\":\"https:\\\/\\\/quadalkatreszek.com\\\/product\\\/16x8-00-7-quad-gumi-16x8-7-2\\\/#primaryimage\",\"url\":\"https:\\\/\\\/quadalkatreszek.com\\\/wp-content\\\/uploads\\\/2022\\\/06\\\/3114-16x8.00-7-quad-gumi.jpg\",\"contentUrl\":\"https:\\\/\\\/quadalkatreszek.com\\\/wp-content\\\/uploads\\\/2022\\\/06\\\/3114-16x8.00-7-quad-gumi.jpg\",\"width\":445,\"height\":400},{\"@type\":\"BreadcrumbList\",\"@id\":\"https:\\\/\\\/quadalkatreszek.com\\\/product\\\/16x8-00-7-quad-gumi-16x8-7-2\\\/#breadcrumb\",\"itemListElement\":[{\"@type\":\"ListItem\",\"position\":1,\"name\":\"Kezd\u0151lap\",\"item\":\"https:\\\/\\\/quadalkatreszek.com\\\/\"},{\"@type\":\"ListItem\",\"position\":2,\"name\":\"Shop\",\"item\":\"https:\\\/\\\/quadalkatreszek.com\\\/shop\\\/\"},{\"@type\":\"ListItem\",\"position\":3,\"name\":\"16&#215;8.00-7 quad gumi (16&#215;8-7)\"}]},{\"@type\":\"WebSite\",\"@id\":\"https:\\\/\\\/quadalkatreszek.com\\\/#website\",\"url\":\"https:\\\/\\\/quadalkatreszek.com\\\/\",\"name\":\"quadalkatreszek.com\",\"description\":\"alkatr\u00e9szek - azonnal - rakt\u00e1rr\u00f3l\",\"publisher\":{\"@id\":\"https:\\\/\\\/quadalkatreszek.com\\\/#organization\"},\"potentialAction\":[{\"@type\":\"SearchAction\",\"target\":{\"@type\":\"EntryPoint\",\"urlTemplate\":\"https:\\\/\\\/quadalkatreszek.com\\\/?s={search_term_string}\"},\"query-input\":{\"@type\":\"PropertyValueSpecification\",\"valueRequired\":true,\"valueName\":\"search_term_string\"}}],\"inLanguage\":\"en-US\"},{\"@type\":\"Organization\",\"@id\":\"https:\\\/\\\/quadalkatreszek.com\\\/#organization\",\"name\":\"quadalkatreszek.com\",\"url\":\"https:\\\/\\\/quadalkatreszek.com\\\/\",\"logo\":{\"@type\":\"ImageObject\",\"inLanguage\":\"en-US\",\"@id\":\"https:\\\/\\\/quadalkatreszek.com\\\/#\\\/schema\\\/logo\\\/image\\\/\",\"url\":\"https:\\\/\\\/quadalkatreszek.com\\\/wp-content\\\/uploads\\\/2023\\\/01\\\/korlogo-2.png\",\"contentUrl\":\"https:\\\/\\\/quadalkatreszek.com\\\/wp-content\\\/uploads\\\/2023\\\/01\\\/korlogo-2.png\",\"width\":866,\"height\":866,\"caption\":\"quadalkatreszek.com\"},\"image\":{\"@id\":\"https:\\\/\\\/quadalkatreszek.com\\\/#\\\/schema\\\/logo\\\/image\\\/\"}}]}<\/script>\n<!-- \/ Yoast SEO plugin. -->","yoast_head_json":{"title":"16x8.00-7 quad gumi (16x8-7) - quadalkatreszek.com","description":"16x8.00-7 quad gumi. Quad, atv gumi m\u00e9ret: 16x8. 00-7 (200\/55-7) KXD gyerek quadokra is! T\u00f6bb sz\u00e1t quad gumi egy helyen azonnali sz\u00e1ll\u00edt\u00e1ssal.","robots":{"index":"index","follow":"follow","max-snippet":"max-snippet:-1","max-image-preview":"max-image-preview:large","max-video-preview":"max-video-preview:-1"},"canonical":"https:\/\/quadalkatreszek.com\/en\/product\/16x8-00-7-quad-gumi-16x8-7-2\/","og_locale":"en_US","og_type":"article","og_title":"16x8.00-7 quad gumi (16x8-7) - quadalkatreszek.com","og_description":"16x8.00-7 quad gumi. Quad, atv gumi m\u00e9ret: 16x8. 00-7 (200\/55-7) KXD gyerek quadokra is! T\u00f6bb sz\u00e1t quad gumi egy helyen azonnali sz\u00e1ll\u00edt\u00e1ssal.","og_url":"https:\/\/quadalkatreszek.com\/en\/product\/16x8-00-7-quad-gumi-16x8-7-2\/","og_site_name":"quadalkatreszek.com","article_modified_time":"2026-05-04T18:58:18+00:00","og_image":[{"width":445,"height":400,"url":"https:\/\/quadalkatreszek.com\/wp-content\/uploads\/2022\/06\/3114-16x8.00-7-quad-gumi.jpg","type":"image\/jpeg"}],"twitter_card":"summary_large_image","schema":{"@context":"https:\/\/schema.org","@graph":[{"@type":"WebPage","@id":"https:\/\/quadalkatreszek.com\/product\/16x8-00-7-quad-gumi-16x8-7-2\/","url":"https:\/\/quadalkatreszek.com\/product\/16x8-00-7-quad-gumi-16x8-7-2\/","name":"16x8.00-7 quad gumi (16x8-7) - quadalkatreszek.com","isPartOf":{"@id":"https:\/\/quadalkatreszek.com\/#website"},"primaryImageOfPage":{"@id":"https:\/\/quadalkatreszek.com\/product\/16x8-00-7-quad-gumi-16x8-7-2\/#primaryimage"},"image":{"@id":"https:\/\/quadalkatreszek.com\/product\/16x8-00-7-quad-gumi-16x8-7-2\/#primaryimage"},"thumbnailUrl":"https:\/\/quadalkatreszek.com\/wp-content\/uploads\/2022\/06\/3114-16x8.00-7-quad-gumi.jpg","datePublished":"2022-06-28T14:08:44+00:00","dateModified":"2026-05-04T18:58:18+00:00","description":"16x8.00-7 quad gumi. Quad, atv gumi m\u00e9ret: 16x8. 00-7 (200\/55-7) KXD gyerek quadokra is! T\u00f6bb sz\u00e1t quad gumi egy helyen azonnali sz\u00e1ll\u00edt\u00e1ssal.","breadcrumb":{"@id":"https:\/\/quadalkatreszek.com\/product\/16x8-00-7-quad-gumi-16x8-7-2\/#breadcrumb"},"inLanguage":"en-US","potentialAction":[{"@type":"ReadAction","target":["https:\/\/quadalkatreszek.com\/product\/16x8-00-7-quad-gumi-16x8-7-2\/"]}]},{"@type":"ImageObject","inLanguage":"en-US","@id":"https:\/\/quadalkatreszek.com\/product\/16x8-00-7-quad-gumi-16x8-7-2\/#primaryimage","url":"https:\/\/quadalkatreszek.com\/wp-content\/uploads\/2022\/06\/3114-16x8.00-7-quad-gumi.jpg","contentUrl":"https:\/\/quadalkatreszek.com\/wp-content\/uploads\/2022\/06\/3114-16x8.00-7-quad-gumi.jpg","width":445,"height":400},{"@type":"BreadcrumbList","@id":"https:\/\/quadalkatreszek.com\/product\/16x8-00-7-quad-gumi-16x8-7-2\/#breadcrumb","itemListElement":[{"@type":"ListItem","position":1,"name":"Kezd\u0151lap","item":"https:\/\/quadalkatreszek.com\/"},{"@type":"ListItem","position":2,"name":"Shop","item":"https:\/\/quadalkatreszek.com\/shop\/"},{"@type":"ListItem","position":3,"name":"16&#215;8.00-7 quad gumi (16&#215;8-7)"}]},{"@type":"WebSite","@id":"https:\/\/quadalkatreszek.com\/#website","url":"https:\/\/quadalkatreszek.com\/","name":"quadalkatreszek.com","description":"alkatr\u00e9szek - azonnal - rakt\u00e1rr\u00f3l","publisher":{"@id":"https:\/\/quadalkatreszek.com\/#organization"},"potentialAction":[{"@type":"SearchAction","target":{"@type":"EntryPoint","urlTemplate":"https:\/\/quadalkatreszek.com\/?s={search_term_string}"},"query-input":{"@type":"PropertyValueSpecification","valueRequired":true,"valueName":"search_term_string"}}],"inLanguage":"en-US"},{"@type":"Organization","@id":"https:\/\/quadalkatreszek.com\/#organization","name":"quadalkatreszek.com","url":"https:\/\/quadalkatreszek.com\/","logo":{"@type":"ImageObject","inLanguage":"en-US","@id":"https:\/\/quadalkatreszek.com\/#\/schema\/logo\/image\/","url":"https:\/\/quadalkatreszek.com\/wp-content\/uploads\/2023\/01\/korlogo-2.png","contentUrl":"https:\/\/quadalkatreszek.com\/wp-content\/uploads\/2023\/01\/korlogo-2.png","width":866,"height":866,"caption":"quadalkatreszek.com"},"image":{"@id":"https:\/\/quadalkatreszek.com\/#\/schema\/logo\/image\/"}}]}},"_links":{"self":[{"href":"https:\/\/quadalkatreszek.com\/en\/wp-json\/wp\/v2\/product\/29559","targetHints":{"allow":["GET"]}}],"collection":[{"href":"https:\/\/quadalkatreszek.com\/en\/wp-json\/wp\/v2\/product"}],"about":[{"href":"https:\/\/quadalkatreszek.com\/en\/wp-json\/wp\/v2\/types\/product"}],"replies":[{"embeddable":true,"href":"https:\/\/quadalkatreszek.com\/en\/wp-json\/wp\/v2\/comments?post=29559"}],"wp:featuredmedia":[{"embeddable":true,"href":"https:\/\/quadalkatreszek.com\/en\/wp-json\/wp\/v2\/media\/25890"}],"wp:attachment":[{"href":"https:\/\/quadalkatreszek.com\/en\/wp-json\/wp\/v2\/media?parent=29559"}],"wp:term":[{"taxonomy":"product_brand","embeddable":true,"href":"https:\/\/quadalkatreszek.com\/en\/wp-json\/wp\/v2\/product_brand?post=29559"},{"taxonomy":"product_cat","embeddable":true,"href":"https:\/\/quadalkatreszek.com\/en\/wp-json\/wp\/v2\/product_cat?post=29559"},{"taxonomy":"product_tag","embeddable":true,"href":"https:\/\/quadalkatreszek.com\/en\/wp-json\/wp\/v2\/product_tag?post=29559"}],"curies":[{"name":"wp","href":"https:\/\/api.w.org\/{rel}","templated":true}]}}