{"id":29597,"date":"2022-06-28T15:08:59","date_gmt":"2022-06-28T14:08:59","guid":{"rendered":"https:\/\/quadalkatreszek.com\/product\/loctite-243-csavar-rogzito\/"},"modified":"2025-05-28T10:58:11","modified_gmt":"2025-05-28T09:58:11","slug":"loctite-243-csavar-rogzito","status":"publish","type":"product","link":"https:\/\/quadalkatreszek.com\/en\/product\/loctite-243-csavar-rogzito\/","title":{"rendered":"Mannol menetr\u00f6gz\u00edt\u0151 paszta k\u00f6zepes es\u0151ss\u00e9g\u0171 (nagy 50ml)"},"content":{"rendered":"<p>Mannol menetr\u00f6gz\u00edt\u0151 paszta 9925 k\u00f6zepes es\u0151ss\u00e9g\u0171 (nagy 50ml)<\/p>","protected":false},"excerpt":{"rendered":"<p>Mannol menetr\u00f6gz\u00edt\u0151 paszta 9925 k\u00f6zepes es\u0151ss\u00e9g\u0171 (nagy 50ml)<\/p>","protected":false},"featured_media":45687,"comment_status":"open","ping_status":"closed","template":"","meta":[],"product_brand":[],"product_cat":[139],"product_tag":[],"class_list":{"0":"post-29597","1":"product","2":"type-product","3":"status-publish","4":"has-post-thumbnail","6":"product_cat-extrak","8":"first","9":"instock","10":"shipping-taxable","11":"purchasable","12":"product-type-simple"},"yoast_head":"<!-- This site is optimized with the Yoast SEO plugin v27.5 - https:\/\/yoast.com\/product\/yoast-seo-wordpress\/ -->\n<title>Mannol menetr\u00f6gz\u00edt\u0151 paszta k\u00f6zepes es\u0151ss\u00e9g\u0171 (nagy 50ml) - quadalkatreszek.com<\/title>\n<meta name=\"description\" content=\"Mannol menetr\u00f6gz\u00edt\u0151 paszta 9925 k\u00f6zepes er\u0151ss\u00e9g\u0171. k\u00ednai quad \/ ATV korm\u00e1ny alkatr\u00e9szek sz\u00e9les v\u00e1laszt\u00e9ka, Wexxtor Bashan, Zongshen, Yakimoto, Loncin, kazuma, stb..quadokhoz\" \/>\n<meta name=\"robots\" content=\"index, follow, max-snippet:-1, max-image-preview:large, max-video-preview:-1\" \/>\n<link rel=\"canonical\" href=\"https:\/\/quadalkatreszek.com\/en\/product\/loctite-243-csavar-rogzito\/\" \/>\n<meta property=\"og:locale\" content=\"en_US\" \/>\n<meta property=\"og:type\" content=\"article\" \/>\n<meta property=\"og:title\" content=\"Mannol menetr\u00f6gz\u00edt\u0151 paszta k\u00f6zepes es\u0151ss\u00e9g\u0171 (nagy 50ml) - quadalkatreszek.com\" \/>\n<meta property=\"og:description\" content=\"Mannol menetr\u00f6gz\u00edt\u0151 paszta 9925 k\u00f6zepes er\u0151ss\u00e9g\u0171. k\u00ednai quad \/ ATV korm\u00e1ny alkatr\u00e9szek sz\u00e9les v\u00e1laszt\u00e9ka, Wexxtor Bashan, Zongshen, Yakimoto, Loncin, kazuma, stb..quadokhoz\" \/>\n<meta property=\"og:url\" content=\"https:\/\/quadalkatreszek.com\/en\/product\/loctite-243-csavar-rogzito\/\" \/>\n<meta property=\"og:site_name\" content=\"quadalkatreszek.com\" \/>\n<meta property=\"article:modified_time\" content=\"2025-05-28T09:58:11+00:00\" \/>\n<meta property=\"og:image\" content=\"https:\/\/quadalkatreszek.com\/wp-content\/uploads\/2022\/06\/9925-MANNOL.jpg\" \/>\n\t<meta property=\"og:image:width\" content=\"628\" \/>\n\t<meta property=\"og:image:height\" content=\"524\" \/>\n\t<meta property=\"og:image:type\" content=\"image\/jpeg\" \/>\n<meta name=\"twitter:card\" content=\"summary_large_image\" \/>\n<script type=\"application\/ld+json\" class=\"yoast-schema-graph\">{\"@context\":\"https:\\\/\\\/schema.org\",\"@graph\":[{\"@type\":\"WebPage\",\"@id\":\"https:\\\/\\\/quadalkatreszek.com\\\/product\\\/loctite-243-csavar-rogzito\\\/\",\"url\":\"https:\\\/\\\/quadalkatreszek.com\\\/product\\\/loctite-243-csavar-rogzito\\\/\",\"name\":\"Mannol menetr\u00f6gz\u00edt\u0151 paszta k\u00f6zepes es\u0151ss\u00e9g\u0171 (nagy 50ml) - quadalkatreszek.com\",\"isPartOf\":{\"@id\":\"https:\\\/\\\/quadalkatreszek.com\\\/#website\"},\"primaryImageOfPage\":{\"@id\":\"https:\\\/\\\/quadalkatreszek.com\\\/product\\\/loctite-243-csavar-rogzito\\\/#primaryimage\"},\"image\":{\"@id\":\"https:\\\/\\\/quadalkatreszek.com\\\/product\\\/loctite-243-csavar-rogzito\\\/#primaryimage\"},\"thumbnailUrl\":\"https:\\\/\\\/quadalkatreszek.com\\\/wp-content\\\/uploads\\\/2022\\\/06\\\/9925-MANNOL.jpg\",\"datePublished\":\"2022-06-28T14:08:59+00:00\",\"dateModified\":\"2025-05-28T09:58:11+00:00\",\"description\":\"Mannol menetr\u00f6gz\u00edt\u0151 paszta 9925 k\u00f6zepes er\u0151ss\u00e9g\u0171. k\u00ednai quad \\\/ ATV korm\u00e1ny alkatr\u00e9szek sz\u00e9les v\u00e1laszt\u00e9ka, Wexxtor Bashan, Zongshen, Yakimoto, Loncin, kazuma, stb..quadokhoz\",\"breadcrumb\":{\"@id\":\"https:\\\/\\\/quadalkatreszek.com\\\/product\\\/loctite-243-csavar-rogzito\\\/#breadcrumb\"},\"inLanguage\":\"en-US\",\"potentialAction\":[{\"@type\":\"ReadAction\",\"target\":[\"https:\\\/\\\/quadalkatreszek.com\\\/product\\\/loctite-243-csavar-rogzito\\\/\"]}]},{\"@type\":\"ImageObject\",\"inLanguage\":\"en-US\",\"@id\":\"https:\\\/\\\/quadalkatreszek.com\\\/product\\\/loctite-243-csavar-rogzito\\\/#primaryimage\",\"url\":\"https:\\\/\\\/quadalkatreszek.com\\\/wp-content\\\/uploads\\\/2022\\\/06\\\/9925-MANNOL.jpg\",\"contentUrl\":\"https:\\\/\\\/quadalkatreszek.com\\\/wp-content\\\/uploads\\\/2022\\\/06\\\/9925-MANNOL.jpg\",\"width\":628,\"height\":524,\"caption\":\"9925 MANNOL\"},{\"@type\":\"BreadcrumbList\",\"@id\":\"https:\\\/\\\/quadalkatreszek.com\\\/product\\\/loctite-243-csavar-rogzito\\\/#breadcrumb\",\"itemListElement\":[{\"@type\":\"ListItem\",\"position\":1,\"name\":\"Kezd\u0151lap\",\"item\":\"https:\\\/\\\/quadalkatreszek.com\\\/\"},{\"@type\":\"ListItem\",\"position\":2,\"name\":\"Shop\",\"item\":\"https:\\\/\\\/quadalkatreszek.com\\\/shop\\\/\"},{\"@type\":\"ListItem\",\"position\":3,\"name\":\"Mannol menetr\u00f6gz\u00edt\u0151 paszta k\u00f6zepes es\u0151ss\u00e9g\u0171 (nagy 50ml)\"}]},{\"@type\":\"WebSite\",\"@id\":\"https:\\\/\\\/quadalkatreszek.com\\\/#website\",\"url\":\"https:\\\/\\\/quadalkatreszek.com\\\/\",\"name\":\"quadalkatreszek.com\",\"description\":\"alkatr\u00e9szek - azonnal - rakt\u00e1rr\u00f3l\",\"publisher\":{\"@id\":\"https:\\\/\\\/quadalkatreszek.com\\\/#organization\"},\"potentialAction\":[{\"@type\":\"SearchAction\",\"target\":{\"@type\":\"EntryPoint\",\"urlTemplate\":\"https:\\\/\\\/quadalkatreszek.com\\\/?s={search_term_string}\"},\"query-input\":{\"@type\":\"PropertyValueSpecification\",\"valueRequired\":true,\"valueName\":\"search_term_string\"}}],\"inLanguage\":\"en-US\"},{\"@type\":\"Organization\",\"@id\":\"https:\\\/\\\/quadalkatreszek.com\\\/#organization\",\"name\":\"quadalkatreszek.com\",\"url\":\"https:\\\/\\\/quadalkatreszek.com\\\/\",\"logo\":{\"@type\":\"ImageObject\",\"inLanguage\":\"en-US\",\"@id\":\"https:\\\/\\\/quadalkatreszek.com\\\/#\\\/schema\\\/logo\\\/image\\\/\",\"url\":\"https:\\\/\\\/quadalkatreszek.com\\\/wp-content\\\/uploads\\\/2023\\\/01\\\/korlogo-2.png\",\"contentUrl\":\"https:\\\/\\\/quadalkatreszek.com\\\/wp-content\\\/uploads\\\/2023\\\/01\\\/korlogo-2.png\",\"width\":866,\"height\":866,\"caption\":\"quadalkatreszek.com\"},\"image\":{\"@id\":\"https:\\\/\\\/quadalkatreszek.com\\\/#\\\/schema\\\/logo\\\/image\\\/\"}}]}<\/script>\n<!-- \/ Yoast SEO plugin. -->","yoast_head_json":{"title":"Mannol menetr\u00f6gz\u00edt\u0151 paszta k\u00f6zepes es\u0151ss\u00e9g\u0171 (nagy 50ml) - quadalkatreszek.com","description":"Mannol menetr\u00f6gz\u00edt\u0151 paszta 9925 k\u00f6zepes er\u0151ss\u00e9g\u0171. k\u00ednai quad \/ ATV korm\u00e1ny alkatr\u00e9szek sz\u00e9les v\u00e1laszt\u00e9ka, Wexxtor Bashan, Zongshen, Yakimoto, Loncin, kazuma, stb..quadokhoz","robots":{"index":"index","follow":"follow","max-snippet":"max-snippet:-1","max-image-preview":"max-image-preview:large","max-video-preview":"max-video-preview:-1"},"canonical":"https:\/\/quadalkatreszek.com\/en\/product\/loctite-243-csavar-rogzito\/","og_locale":"en_US","og_type":"article","og_title":"Mannol menetr\u00f6gz\u00edt\u0151 paszta k\u00f6zepes es\u0151ss\u00e9g\u0171 (nagy 50ml) - quadalkatreszek.com","og_description":"Mannol menetr\u00f6gz\u00edt\u0151 paszta 9925 k\u00f6zepes er\u0151ss\u00e9g\u0171. k\u00ednai quad \/ ATV korm\u00e1ny alkatr\u00e9szek sz\u00e9les v\u00e1laszt\u00e9ka, Wexxtor Bashan, Zongshen, Yakimoto, Loncin, kazuma, stb..quadokhoz","og_url":"https:\/\/quadalkatreszek.com\/en\/product\/loctite-243-csavar-rogzito\/","og_site_name":"quadalkatreszek.com","article_modified_time":"2025-05-28T09:58:11+00:00","og_image":[{"width":628,"height":524,"url":"https:\/\/quadalkatreszek.com\/wp-content\/uploads\/2022\/06\/9925-MANNOL.jpg","type":"image\/jpeg"}],"twitter_card":"summary_large_image","schema":{"@context":"https:\/\/schema.org","@graph":[{"@type":"WebPage","@id":"https:\/\/quadalkatreszek.com\/product\/loctite-243-csavar-rogzito\/","url":"https:\/\/quadalkatreszek.com\/product\/loctite-243-csavar-rogzito\/","name":"Mannol menetr\u00f6gz\u00edt\u0151 paszta k\u00f6zepes es\u0151ss\u00e9g\u0171 (nagy 50ml) - quadalkatreszek.com","isPartOf":{"@id":"https:\/\/quadalkatreszek.com\/#website"},"primaryImageOfPage":{"@id":"https:\/\/quadalkatreszek.com\/product\/loctite-243-csavar-rogzito\/#primaryimage"},"image":{"@id":"https:\/\/quadalkatreszek.com\/product\/loctite-243-csavar-rogzito\/#primaryimage"},"thumbnailUrl":"https:\/\/quadalkatreszek.com\/wp-content\/uploads\/2022\/06\/9925-MANNOL.jpg","datePublished":"2022-06-28T14:08:59+00:00","dateModified":"2025-05-28T09:58:11+00:00","description":"Mannol menetr\u00f6gz\u00edt\u0151 paszta 9925 k\u00f6zepes er\u0151ss\u00e9g\u0171. k\u00ednai quad \/ ATV korm\u00e1ny alkatr\u00e9szek sz\u00e9les v\u00e1laszt\u00e9ka, Wexxtor Bashan, Zongshen, Yakimoto, Loncin, kazuma, stb..quadokhoz","breadcrumb":{"@id":"https:\/\/quadalkatreszek.com\/product\/loctite-243-csavar-rogzito\/#breadcrumb"},"inLanguage":"en-US","potentialAction":[{"@type":"ReadAction","target":["https:\/\/quadalkatreszek.com\/product\/loctite-243-csavar-rogzito\/"]}]},{"@type":"ImageObject","inLanguage":"en-US","@id":"https:\/\/quadalkatreszek.com\/product\/loctite-243-csavar-rogzito\/#primaryimage","url":"https:\/\/quadalkatreszek.com\/wp-content\/uploads\/2022\/06\/9925-MANNOL.jpg","contentUrl":"https:\/\/quadalkatreszek.com\/wp-content\/uploads\/2022\/06\/9925-MANNOL.jpg","width":628,"height":524,"caption":"9925 MANNOL"},{"@type":"BreadcrumbList","@id":"https:\/\/quadalkatreszek.com\/product\/loctite-243-csavar-rogzito\/#breadcrumb","itemListElement":[{"@type":"ListItem","position":1,"name":"Kezd\u0151lap","item":"https:\/\/quadalkatreszek.com\/"},{"@type":"ListItem","position":2,"name":"Shop","item":"https:\/\/quadalkatreszek.com\/shop\/"},{"@type":"ListItem","position":3,"name":"Mannol menetr\u00f6gz\u00edt\u0151 paszta k\u00f6zepes es\u0151ss\u00e9g\u0171 (nagy 50ml)"}]},{"@type":"WebSite","@id":"https:\/\/quadalkatreszek.com\/#website","url":"https:\/\/quadalkatreszek.com\/","name":"quadalkatreszek.com","description":"alkatr\u00e9szek - azonnal - rakt\u00e1rr\u00f3l","publisher":{"@id":"https:\/\/quadalkatreszek.com\/#organization"},"potentialAction":[{"@type":"SearchAction","target":{"@type":"EntryPoint","urlTemplate":"https:\/\/quadalkatreszek.com\/?s={search_term_string}"},"query-input":{"@type":"PropertyValueSpecification","valueRequired":true,"valueName":"search_term_string"}}],"inLanguage":"en-US"},{"@type":"Organization","@id":"https:\/\/quadalkatreszek.com\/#organization","name":"quadalkatreszek.com","url":"https:\/\/quadalkatreszek.com\/","logo":{"@type":"ImageObject","inLanguage":"en-US","@id":"https:\/\/quadalkatreszek.com\/#\/schema\/logo\/image\/","url":"https:\/\/quadalkatreszek.com\/wp-content\/uploads\/2023\/01\/korlogo-2.png","contentUrl":"https:\/\/quadalkatreszek.com\/wp-content\/uploads\/2023\/01\/korlogo-2.png","width":866,"height":866,"caption":"quadalkatreszek.com"},"image":{"@id":"https:\/\/quadalkatreszek.com\/#\/schema\/logo\/image\/"}}]}},"_links":{"self":[{"href":"https:\/\/quadalkatreszek.com\/en\/wp-json\/wp\/v2\/product\/29597","targetHints":{"allow":["GET"]}}],"collection":[{"href":"https:\/\/quadalkatreszek.com\/en\/wp-json\/wp\/v2\/product"}],"about":[{"href":"https:\/\/quadalkatreszek.com\/en\/wp-json\/wp\/v2\/types\/product"}],"replies":[{"embeddable":true,"href":"https:\/\/quadalkatreszek.com\/en\/wp-json\/wp\/v2\/comments?post=29597"}],"wp:featuredmedia":[{"embeddable":true,"href":"https:\/\/quadalkatreszek.com\/en\/wp-json\/wp\/v2\/media\/45687"}],"wp:attachment":[{"href":"https:\/\/quadalkatreszek.com\/en\/wp-json\/wp\/v2\/media?parent=29597"}],"wp:term":[{"taxonomy":"product_brand","embeddable":true,"href":"https:\/\/quadalkatreszek.com\/en\/wp-json\/wp\/v2\/product_brand?post=29597"},{"taxonomy":"product_cat","embeddable":true,"href":"https:\/\/quadalkatreszek.com\/en\/wp-json\/wp\/v2\/product_cat?post=29597"},{"taxonomy":"product_tag","embeddable":true,"href":"https:\/\/quadalkatreszek.com\/en\/wp-json\/wp\/v2\/product_tag?post=29597"}],"curies":[{"name":"wp","href":"https:\/\/api.w.org\/{rel}","templated":true}]}}