{"id":29612,"date":"2022-06-28T15:09:02","date_gmt":"2022-06-28T14:09:02","guid":{"rendered":"https:\/\/quadalkatreszek.com\/product\/vezermulanc-feszito-patron-2\/"},"modified":"2023-09-28T13:47:25","modified_gmt":"2023-09-28T12:47:25","slug":"kinai-robogo-vezermulanc-feszito-patron","status":"publish","type":"product","link":"https:\/\/quadalkatreszek.com\/en\/product\/kinai-robogo-vezermulanc-feszito-patron\/","title":{"rendered":"K\u00ednai robog\u00f3 vez\u00e9rm\u0171l\u00e1nc fesz\u00edt\u0151 patron"},"content":{"rendered":"<p>K\u00ednai robog\u00f3 vez\u00e9rm\u0171l\u00e1nc fesz\u00edt\u0151 patron<\/p>\n<p>Vez\u00e9rm\u0171l\u00e1nc fesz\u00edt\u0151 patron 50ccm GY6 (139QMB) motor blokkhoz.<\/p>\n<p>&#8211; &#8211; &#8211;<br \/>\n<!--kkod_start--><\/p>\n<div class=\"kkod-visible\">kkod:120<\/div>\n<p><!--kkod_end--><\/p>","protected":false},"excerpt":{"rendered":"<p>K\u00ednai robog\u00f3 vez\u00e9rm\u0171l\u00e1nc fesz\u00edt\u0151 patron<\/p>\n<p>Vez\u00e9rm\u0171l\u00e1nc fesz\u00edt\u0151 patron 50ccm GY6 (139QMB) motor blokkhoz.<\/p>","protected":false},"featured_media":25986,"comment_status":"open","ping_status":"closed","template":"","meta":[],"product_brand":[],"product_cat":[112],"product_tag":[],"class_list":{"0":"post-29612","1":"product","2":"type-product","3":"status-publish","4":"has-post-thumbnail","6":"product_cat-egyeb-motor-alkatresz","8":"first","9":"instock","10":"shipping-taxable","11":"purchasable","12":"product-type-simple"},"yoast_head":"<!-- This site is optimized with the Yoast SEO plugin v27.4 - https:\/\/yoast.com\/product\/yoast-seo-wordpress\/ -->\n<title>K\u00ednai robog\u00f3 vez\u00e9rm\u0171l\u00e1nc fesz\u00edt\u0151 patron - quadalkatreszek.com<\/title>\n<meta name=\"description\" content=\"K\u00ednai robog\u00f3 vez\u00e9rm\u0171l\u00e1nc fesz\u00edt\u0151 patron. Ak\u00e1r 24-48 \u00f3r\u00e1n bel\u00fcli h\u00e1zhoz sz\u00e1ll\u00edt\u00e1ssal.Meglep\u0151en alacsony \u00e1rak! Meglep\u0151en alacsony \u00e1rak!\" \/>\n<meta name=\"robots\" content=\"index, follow, max-snippet:-1, max-image-preview:large, max-video-preview:-1\" \/>\n<link rel=\"canonical\" href=\"https:\/\/quadalkatreszek.com\/en\/product\/kinai-robogo-vezermulanc-feszito-patron\/\" \/>\n<meta property=\"og:locale\" content=\"en_US\" \/>\n<meta property=\"og:type\" content=\"article\" \/>\n<meta property=\"og:title\" content=\"K\u00ednai robog\u00f3 vez\u00e9rm\u0171l\u00e1nc fesz\u00edt\u0151 patron - quadalkatreszek.com\" \/>\n<meta property=\"og:description\" content=\"K\u00ednai robog\u00f3 vez\u00e9rm\u0171l\u00e1nc fesz\u00edt\u0151 patron. Ak\u00e1r 24-48 \u00f3r\u00e1n bel\u00fcli h\u00e1zhoz sz\u00e1ll\u00edt\u00e1ssal.Meglep\u0151en alacsony \u00e1rak! Meglep\u0151en alacsony \u00e1rak!\" \/>\n<meta property=\"og:url\" content=\"https:\/\/quadalkatreszek.com\/en\/product\/kinai-robogo-vezermulanc-feszito-patron\/\" \/>\n<meta property=\"og:site_name\" content=\"quadalkatreszek.com\" \/>\n<meta property=\"article:modified_time\" content=\"2023-09-28T12:47:25+00:00\" \/>\n<meta property=\"og:image\" content=\"https:\/\/quadalkatreszek.com\/wp-content\/uploads\/2022\/06\/3238-vezermulanc-feszito-patron.jpg\" \/>\n\t<meta property=\"og:image:width\" content=\"500\" \/>\n\t<meta property=\"og:image:height\" content=\"375\" \/>\n\t<meta property=\"og:image:type\" content=\"image\/jpeg\" \/>\n<meta name=\"twitter:card\" content=\"summary_large_image\" \/>\n<script type=\"application\/ld+json\" class=\"yoast-schema-graph\">{\"@context\":\"https:\\\/\\\/schema.org\",\"@graph\":[{\"@type\":\"WebPage\",\"@id\":\"https:\\\/\\\/quadalkatreszek.com\\\/product\\\/kinai-robogo-vezermulanc-feszito-patron\\\/\",\"url\":\"https:\\\/\\\/quadalkatreszek.com\\\/product\\\/kinai-robogo-vezermulanc-feszito-patron\\\/\",\"name\":\"K\u00ednai robog\u00f3 vez\u00e9rm\u0171l\u00e1nc fesz\u00edt\u0151 patron - quadalkatreszek.com\",\"isPartOf\":{\"@id\":\"https:\\\/\\\/quadalkatreszek.com\\\/#website\"},\"primaryImageOfPage\":{\"@id\":\"https:\\\/\\\/quadalkatreszek.com\\\/product\\\/kinai-robogo-vezermulanc-feszito-patron\\\/#primaryimage\"},\"image\":{\"@id\":\"https:\\\/\\\/quadalkatreszek.com\\\/product\\\/kinai-robogo-vezermulanc-feszito-patron\\\/#primaryimage\"},\"thumbnailUrl\":\"https:\\\/\\\/quadalkatreszek.com\\\/wp-content\\\/uploads\\\/2022\\\/06\\\/3238-vezermulanc-feszito-patron.jpg\",\"datePublished\":\"2022-06-28T14:09:02+00:00\",\"dateModified\":\"2023-09-28T12:47:25+00:00\",\"description\":\"K\u00ednai robog\u00f3 vez\u00e9rm\u0171l\u00e1nc fesz\u00edt\u0151 patron. Ak\u00e1r 24-48 \u00f3r\u00e1n bel\u00fcli h\u00e1zhoz sz\u00e1ll\u00edt\u00e1ssal.Meglep\u0151en alacsony \u00e1rak! Meglep\u0151en alacsony \u00e1rak!\",\"breadcrumb\":{\"@id\":\"https:\\\/\\\/quadalkatreszek.com\\\/product\\\/kinai-robogo-vezermulanc-feszito-patron\\\/#breadcrumb\"},\"inLanguage\":\"en-US\",\"potentialAction\":[{\"@type\":\"ReadAction\",\"target\":[\"https:\\\/\\\/quadalkatreszek.com\\\/product\\\/kinai-robogo-vezermulanc-feszito-patron\\\/\"]}]},{\"@type\":\"ImageObject\",\"inLanguage\":\"en-US\",\"@id\":\"https:\\\/\\\/quadalkatreszek.com\\\/product\\\/kinai-robogo-vezermulanc-feszito-patron\\\/#primaryimage\",\"url\":\"https:\\\/\\\/quadalkatreszek.com\\\/wp-content\\\/uploads\\\/2022\\\/06\\\/3238-vezermulanc-feszito-patron.jpg\",\"contentUrl\":\"https:\\\/\\\/quadalkatreszek.com\\\/wp-content\\\/uploads\\\/2022\\\/06\\\/3238-vezermulanc-feszito-patron.jpg\",\"width\":500,\"height\":375,\"caption\":\"vez\u00e9rm\u0171l\u00e1nc fesz\u00edt\u0151 patron\"},{\"@type\":\"BreadcrumbList\",\"@id\":\"https:\\\/\\\/quadalkatreszek.com\\\/product\\\/kinai-robogo-vezermulanc-feszito-patron\\\/#breadcrumb\",\"itemListElement\":[{\"@type\":\"ListItem\",\"position\":1,\"name\":\"Kezd\u0151lap\",\"item\":\"https:\\\/\\\/quadalkatreszek.com\\\/\"},{\"@type\":\"ListItem\",\"position\":2,\"name\":\"Shop\",\"item\":\"https:\\\/\\\/quadalkatreszek.com\\\/shop\\\/\"},{\"@type\":\"ListItem\",\"position\":3,\"name\":\"K\u00ednai robog\u00f3 vez\u00e9rm\u0171l\u00e1nc fesz\u00edt\u0151 patron\"}]},{\"@type\":\"WebSite\",\"@id\":\"https:\\\/\\\/quadalkatreszek.com\\\/#website\",\"url\":\"https:\\\/\\\/quadalkatreszek.com\\\/\",\"name\":\"quadalkatreszek.com\",\"description\":\"alkatr\u00e9szek - azonnal - rakt\u00e1rr\u00f3l\",\"publisher\":{\"@id\":\"https:\\\/\\\/quadalkatreszek.com\\\/#organization\"},\"potentialAction\":[{\"@type\":\"SearchAction\",\"target\":{\"@type\":\"EntryPoint\",\"urlTemplate\":\"https:\\\/\\\/quadalkatreszek.com\\\/?s={search_term_string}\"},\"query-input\":{\"@type\":\"PropertyValueSpecification\",\"valueRequired\":true,\"valueName\":\"search_term_string\"}}],\"inLanguage\":\"en-US\"},{\"@type\":\"Organization\",\"@id\":\"https:\\\/\\\/quadalkatreszek.com\\\/#organization\",\"name\":\"quadalkatreszek.com\",\"url\":\"https:\\\/\\\/quadalkatreszek.com\\\/\",\"logo\":{\"@type\":\"ImageObject\",\"inLanguage\":\"en-US\",\"@id\":\"https:\\\/\\\/quadalkatreszek.com\\\/#\\\/schema\\\/logo\\\/image\\\/\",\"url\":\"https:\\\/\\\/quadalkatreszek.com\\\/wp-content\\\/uploads\\\/2023\\\/01\\\/korlogo-2.png\",\"contentUrl\":\"https:\\\/\\\/quadalkatreszek.com\\\/wp-content\\\/uploads\\\/2023\\\/01\\\/korlogo-2.png\",\"width\":866,\"height\":866,\"caption\":\"quadalkatreszek.com\"},\"image\":{\"@id\":\"https:\\\/\\\/quadalkatreszek.com\\\/#\\\/schema\\\/logo\\\/image\\\/\"}}]}<\/script>\n<!-- \/ Yoast SEO plugin. -->","yoast_head_json":{"title":"K\u00ednai robog\u00f3 vez\u00e9rm\u0171l\u00e1nc fesz\u00edt\u0151 patron - quadalkatreszek.com","description":"K\u00ednai robog\u00f3 vez\u00e9rm\u0171l\u00e1nc fesz\u00edt\u0151 patron. Ak\u00e1r 24-48 \u00f3r\u00e1n bel\u00fcli h\u00e1zhoz sz\u00e1ll\u00edt\u00e1ssal.Meglep\u0151en alacsony \u00e1rak! Meglep\u0151en alacsony \u00e1rak!","robots":{"index":"index","follow":"follow","max-snippet":"max-snippet:-1","max-image-preview":"max-image-preview:large","max-video-preview":"max-video-preview:-1"},"canonical":"https:\/\/quadalkatreszek.com\/en\/product\/kinai-robogo-vezermulanc-feszito-patron\/","og_locale":"en_US","og_type":"article","og_title":"K\u00ednai robog\u00f3 vez\u00e9rm\u0171l\u00e1nc fesz\u00edt\u0151 patron - quadalkatreszek.com","og_description":"K\u00ednai robog\u00f3 vez\u00e9rm\u0171l\u00e1nc fesz\u00edt\u0151 patron. Ak\u00e1r 24-48 \u00f3r\u00e1n bel\u00fcli h\u00e1zhoz sz\u00e1ll\u00edt\u00e1ssal.Meglep\u0151en alacsony \u00e1rak! Meglep\u0151en alacsony \u00e1rak!","og_url":"https:\/\/quadalkatreszek.com\/en\/product\/kinai-robogo-vezermulanc-feszito-patron\/","og_site_name":"quadalkatreszek.com","article_modified_time":"2023-09-28T12:47:25+00:00","og_image":[{"width":500,"height":375,"url":"https:\/\/quadalkatreszek.com\/wp-content\/uploads\/2022\/06\/3238-vezermulanc-feszito-patron.jpg","type":"image\/jpeg"}],"twitter_card":"summary_large_image","schema":{"@context":"https:\/\/schema.org","@graph":[{"@type":"WebPage","@id":"https:\/\/quadalkatreszek.com\/product\/kinai-robogo-vezermulanc-feszito-patron\/","url":"https:\/\/quadalkatreszek.com\/product\/kinai-robogo-vezermulanc-feszito-patron\/","name":"K\u00ednai robog\u00f3 vez\u00e9rm\u0171l\u00e1nc fesz\u00edt\u0151 patron - quadalkatreszek.com","isPartOf":{"@id":"https:\/\/quadalkatreszek.com\/#website"},"primaryImageOfPage":{"@id":"https:\/\/quadalkatreszek.com\/product\/kinai-robogo-vezermulanc-feszito-patron\/#primaryimage"},"image":{"@id":"https:\/\/quadalkatreszek.com\/product\/kinai-robogo-vezermulanc-feszito-patron\/#primaryimage"},"thumbnailUrl":"https:\/\/quadalkatreszek.com\/wp-content\/uploads\/2022\/06\/3238-vezermulanc-feszito-patron.jpg","datePublished":"2022-06-28T14:09:02+00:00","dateModified":"2023-09-28T12:47:25+00:00","description":"K\u00ednai robog\u00f3 vez\u00e9rm\u0171l\u00e1nc fesz\u00edt\u0151 patron. Ak\u00e1r 24-48 \u00f3r\u00e1n bel\u00fcli h\u00e1zhoz sz\u00e1ll\u00edt\u00e1ssal.Meglep\u0151en alacsony \u00e1rak! Meglep\u0151en alacsony \u00e1rak!","breadcrumb":{"@id":"https:\/\/quadalkatreszek.com\/product\/kinai-robogo-vezermulanc-feszito-patron\/#breadcrumb"},"inLanguage":"en-US","potentialAction":[{"@type":"ReadAction","target":["https:\/\/quadalkatreszek.com\/product\/kinai-robogo-vezermulanc-feszito-patron\/"]}]},{"@type":"ImageObject","inLanguage":"en-US","@id":"https:\/\/quadalkatreszek.com\/product\/kinai-robogo-vezermulanc-feszito-patron\/#primaryimage","url":"https:\/\/quadalkatreszek.com\/wp-content\/uploads\/2022\/06\/3238-vezermulanc-feszito-patron.jpg","contentUrl":"https:\/\/quadalkatreszek.com\/wp-content\/uploads\/2022\/06\/3238-vezermulanc-feszito-patron.jpg","width":500,"height":375,"caption":"vez\u00e9rm\u0171l\u00e1nc fesz\u00edt\u0151 patron"},{"@type":"BreadcrumbList","@id":"https:\/\/quadalkatreszek.com\/product\/kinai-robogo-vezermulanc-feszito-patron\/#breadcrumb","itemListElement":[{"@type":"ListItem","position":1,"name":"Kezd\u0151lap","item":"https:\/\/quadalkatreszek.com\/"},{"@type":"ListItem","position":2,"name":"Shop","item":"https:\/\/quadalkatreszek.com\/shop\/"},{"@type":"ListItem","position":3,"name":"K\u00ednai robog\u00f3 vez\u00e9rm\u0171l\u00e1nc fesz\u00edt\u0151 patron"}]},{"@type":"WebSite","@id":"https:\/\/quadalkatreszek.com\/#website","url":"https:\/\/quadalkatreszek.com\/","name":"quadalkatreszek.com","description":"alkatr\u00e9szek - azonnal - rakt\u00e1rr\u00f3l","publisher":{"@id":"https:\/\/quadalkatreszek.com\/#organization"},"potentialAction":[{"@type":"SearchAction","target":{"@type":"EntryPoint","urlTemplate":"https:\/\/quadalkatreszek.com\/?s={search_term_string}"},"query-input":{"@type":"PropertyValueSpecification","valueRequired":true,"valueName":"search_term_string"}}],"inLanguage":"en-US"},{"@type":"Organization","@id":"https:\/\/quadalkatreszek.com\/#organization","name":"quadalkatreszek.com","url":"https:\/\/quadalkatreszek.com\/","logo":{"@type":"ImageObject","inLanguage":"en-US","@id":"https:\/\/quadalkatreszek.com\/#\/schema\/logo\/image\/","url":"https:\/\/quadalkatreszek.com\/wp-content\/uploads\/2023\/01\/korlogo-2.png","contentUrl":"https:\/\/quadalkatreszek.com\/wp-content\/uploads\/2023\/01\/korlogo-2.png","width":866,"height":866,"caption":"quadalkatreszek.com"},"image":{"@id":"https:\/\/quadalkatreszek.com\/#\/schema\/logo\/image\/"}}]}},"_links":{"self":[{"href":"https:\/\/quadalkatreszek.com\/en\/wp-json\/wp\/v2\/product\/29612","targetHints":{"allow":["GET"]}}],"collection":[{"href":"https:\/\/quadalkatreszek.com\/en\/wp-json\/wp\/v2\/product"}],"about":[{"href":"https:\/\/quadalkatreszek.com\/en\/wp-json\/wp\/v2\/types\/product"}],"replies":[{"embeddable":true,"href":"https:\/\/quadalkatreszek.com\/en\/wp-json\/wp\/v2\/comments?post=29612"}],"wp:featuredmedia":[{"embeddable":true,"href":"https:\/\/quadalkatreszek.com\/en\/wp-json\/wp\/v2\/media\/25986"}],"wp:attachment":[{"href":"https:\/\/quadalkatreszek.com\/en\/wp-json\/wp\/v2\/media?parent=29612"}],"wp:term":[{"taxonomy":"product_brand","embeddable":true,"href":"https:\/\/quadalkatreszek.com\/en\/wp-json\/wp\/v2\/product_brand?post=29612"},{"taxonomy":"product_cat","embeddable":true,"href":"https:\/\/quadalkatreszek.com\/en\/wp-json\/wp\/v2\/product_cat?post=29612"},{"taxonomy":"product_tag","embeddable":true,"href":"https:\/\/quadalkatreszek.com\/en\/wp-json\/wp\/v2\/product_tag?post=29612"}],"curies":[{"name":"wp","href":"https:\/\/api.w.org\/{rel}","templated":true}]}}