{"id":29669,"date":"2022-06-28T15:09:13","date_gmt":"2022-06-28T14:09:13","guid":{"rendered":"https:\/\/quadalkatreszek.com\/product\/motorgumi-80-100-12\/"},"modified":"2026-04-11T17:52:39","modified_gmt":"2026-04-11T16:52:39","slug":"dirt-bike-motorgumi-80-100-12","status":"publish","type":"product","link":"https:\/\/quadalkatreszek.com\/en\/product\/dirt-bike-motorgumi-80-100-12\/","title":{"rendered":"Dirt bike motorgumi 80\/100-12"},"content":{"rendered":"<p>80\/100-12 dirt bike gumi (P2006) cross \/ enduro. Wanda gumik\u00f6peny.<\/p>\n<p>, 0, 96<br \/>\n&#8211; &#8211; &#8211;<br \/>\n<!--kkod_start--><\/p>\n<div class=\"kkod-visible\">kkod:96<\/div>\n<p><!--kkod_end--><\/p>","protected":false},"excerpt":{"rendered":"<p>80\/100-12 dirt bike gumi\u00a0 (P2006) cross \/ enduro. Wanda gumik\u00f6peny.<\/p>","protected":false},"featured_media":38586,"comment_status":"open","ping_status":"closed","template":"","meta":[],"product_brand":[],"product_cat":[95,135,171],"product_tag":[],"class_list":{"0":"post-29669","1":"product","2":"type-product","3":"status-publish","4":"has-post-thumbnail","6":"product_cat-akcios-termekek","7":"product_cat-cross-dirt-bike-gumik","8":"product_cat-osszes-gumi","10":"first","11":"instock","12":"sale","13":"shipping-taxable","14":"purchasable","15":"product-type-simple"},"yoast_head":"<!-- This site is optimized with the Yoast SEO plugin v27.4 - https:\/\/yoast.com\/product\/yoast-seo-wordpress\/ -->\n<title>Dirt bike motorgumi 80\/100-12 - quadalkatreszek.com<\/title>\n<meta name=\"description\" content=\"80\/100-12 dirt bike gumi.T\u00f6bb sz\u00e1z quad \u00e9s motor gumi a legjobb \u00e1ron, egyenesen az import\u0151rt\u0151l. 24-48 \u00f3r\u00e1n bel\u00fcli kisz\u00e1ll\u00edt\u00e1ssal\" \/>\n<meta name=\"robots\" content=\"index, follow, max-snippet:-1, max-image-preview:large, max-video-preview:-1\" \/>\n<link rel=\"canonical\" href=\"https:\/\/quadalkatreszek.com\/en\/product\/dirt-bike-motorgumi-80-100-12\/\" \/>\n<meta property=\"og:locale\" content=\"en_US\" \/>\n<meta property=\"og:type\" content=\"article\" \/>\n<meta property=\"og:title\" content=\"Dirt bike motorgumi 80\/100-12 - quadalkatreszek.com\" \/>\n<meta property=\"og:description\" content=\"80\/100-12 dirt bike gumi.T\u00f6bb sz\u00e1z quad \u00e9s motor gumi a legjobb \u00e1ron, egyenesen az import\u0151rt\u0151l. 24-48 \u00f3r\u00e1n bel\u00fcli kisz\u00e1ll\u00edt\u00e1ssal\" \/>\n<meta property=\"og:url\" content=\"https:\/\/quadalkatreszek.com\/en\/product\/dirt-bike-motorgumi-80-100-12\/\" \/>\n<meta property=\"og:site_name\" content=\"quadalkatreszek.com\" \/>\n<meta property=\"article:modified_time\" content=\"2026-04-11T16:52:39+00:00\" \/>\n<meta property=\"og:image\" content=\"https:\/\/quadalkatreszek.com\/wp-content\/uploads\/2023\/11\/5703a.jpg\" \/>\n\t<meta property=\"og:image:width\" content=\"828\" \/>\n\t<meta property=\"og:image:height\" content=\"576\" \/>\n\t<meta property=\"og:image:type\" content=\"image\/jpeg\" \/>\n<meta name=\"twitter:card\" content=\"summary_large_image\" \/>\n<script type=\"application\/ld+json\" class=\"yoast-schema-graph\">{\"@context\":\"https:\\\/\\\/schema.org\",\"@graph\":[{\"@type\":\"WebPage\",\"@id\":\"https:\\\/\\\/quadalkatreszek.com\\\/product\\\/dirt-bike-motorgumi-80-100-12\\\/\",\"url\":\"https:\\\/\\\/quadalkatreszek.com\\\/product\\\/dirt-bike-motorgumi-80-100-12\\\/\",\"name\":\"Dirt bike motorgumi 80\\\/100-12 - quadalkatreszek.com\",\"isPartOf\":{\"@id\":\"https:\\\/\\\/quadalkatreszek.com\\\/#website\"},\"primaryImageOfPage\":{\"@id\":\"https:\\\/\\\/quadalkatreszek.com\\\/product\\\/dirt-bike-motorgumi-80-100-12\\\/#primaryimage\"},\"image\":{\"@id\":\"https:\\\/\\\/quadalkatreszek.com\\\/product\\\/dirt-bike-motorgumi-80-100-12\\\/#primaryimage\"},\"thumbnailUrl\":\"https:\\\/\\\/quadalkatreszek.com\\\/wp-content\\\/uploads\\\/2023\\\/11\\\/5703a.jpg\",\"datePublished\":\"2022-06-28T14:09:13+00:00\",\"dateModified\":\"2026-04-11T16:52:39+00:00\",\"description\":\"80\\\/100-12 dirt bike gumi.T\u00f6bb sz\u00e1z quad \u00e9s motor gumi a legjobb \u00e1ron, egyenesen az import\u0151rt\u0151l. 24-48 \u00f3r\u00e1n bel\u00fcli kisz\u00e1ll\u00edt\u00e1ssal\",\"breadcrumb\":{\"@id\":\"https:\\\/\\\/quadalkatreszek.com\\\/product\\\/dirt-bike-motorgumi-80-100-12\\\/#breadcrumb\"},\"inLanguage\":\"en-US\",\"potentialAction\":[{\"@type\":\"ReadAction\",\"target\":[\"https:\\\/\\\/quadalkatreszek.com\\\/product\\\/dirt-bike-motorgumi-80-100-12\\\/\"]}]},{\"@type\":\"ImageObject\",\"inLanguage\":\"en-US\",\"@id\":\"https:\\\/\\\/quadalkatreszek.com\\\/product\\\/dirt-bike-motorgumi-80-100-12\\\/#primaryimage\",\"url\":\"https:\\\/\\\/quadalkatreszek.com\\\/wp-content\\\/uploads\\\/2023\\\/11\\\/5703a.jpg\",\"contentUrl\":\"https:\\\/\\\/quadalkatreszek.com\\\/wp-content\\\/uploads\\\/2023\\\/11\\\/5703a.jpg\",\"width\":828,\"height\":576,\"caption\":\"110\\\/90-18 cross gumi \\\/ dirt bike gumi.\"},{\"@type\":\"BreadcrumbList\",\"@id\":\"https:\\\/\\\/quadalkatreszek.com\\\/product\\\/dirt-bike-motorgumi-80-100-12\\\/#breadcrumb\",\"itemListElement\":[{\"@type\":\"ListItem\",\"position\":1,\"name\":\"Kezd\u0151lap\",\"item\":\"https:\\\/\\\/quadalkatreszek.com\\\/\"},{\"@type\":\"ListItem\",\"position\":2,\"name\":\"Shop\",\"item\":\"https:\\\/\\\/quadalkatreszek.com\\\/shop\\\/\"},{\"@type\":\"ListItem\",\"position\":3,\"name\":\"Dirt bike motorgumi 80\\\/100-12\"}]},{\"@type\":\"WebSite\",\"@id\":\"https:\\\/\\\/quadalkatreszek.com\\\/#website\",\"url\":\"https:\\\/\\\/quadalkatreszek.com\\\/\",\"name\":\"quadalkatreszek.com\",\"description\":\"alkatr\u00e9szek - azonnal - rakt\u00e1rr\u00f3l\",\"publisher\":{\"@id\":\"https:\\\/\\\/quadalkatreszek.com\\\/#organization\"},\"potentialAction\":[{\"@type\":\"SearchAction\",\"target\":{\"@type\":\"EntryPoint\",\"urlTemplate\":\"https:\\\/\\\/quadalkatreszek.com\\\/?s={search_term_string}\"},\"query-input\":{\"@type\":\"PropertyValueSpecification\",\"valueRequired\":true,\"valueName\":\"search_term_string\"}}],\"inLanguage\":\"en-US\"},{\"@type\":\"Organization\",\"@id\":\"https:\\\/\\\/quadalkatreszek.com\\\/#organization\",\"name\":\"quadalkatreszek.com\",\"url\":\"https:\\\/\\\/quadalkatreszek.com\\\/\",\"logo\":{\"@type\":\"ImageObject\",\"inLanguage\":\"en-US\",\"@id\":\"https:\\\/\\\/quadalkatreszek.com\\\/#\\\/schema\\\/logo\\\/image\\\/\",\"url\":\"https:\\\/\\\/quadalkatreszek.com\\\/wp-content\\\/uploads\\\/2023\\\/01\\\/korlogo-2.png\",\"contentUrl\":\"https:\\\/\\\/quadalkatreszek.com\\\/wp-content\\\/uploads\\\/2023\\\/01\\\/korlogo-2.png\",\"width\":866,\"height\":866,\"caption\":\"quadalkatreszek.com\"},\"image\":{\"@id\":\"https:\\\/\\\/quadalkatreszek.com\\\/#\\\/schema\\\/logo\\\/image\\\/\"}}]}<\/script>\n<!-- \/ Yoast SEO plugin. -->","yoast_head_json":{"title":"Dirt bike motorgumi 80\/100-12 - quadalkatreszek.com","description":"80\/100-12 dirt bike gumi.T\u00f6bb sz\u00e1z quad \u00e9s motor gumi a legjobb \u00e1ron, egyenesen az import\u0151rt\u0151l. 24-48 \u00f3r\u00e1n bel\u00fcli kisz\u00e1ll\u00edt\u00e1ssal","robots":{"index":"index","follow":"follow","max-snippet":"max-snippet:-1","max-image-preview":"max-image-preview:large","max-video-preview":"max-video-preview:-1"},"canonical":"https:\/\/quadalkatreszek.com\/en\/product\/dirt-bike-motorgumi-80-100-12\/","og_locale":"en_US","og_type":"article","og_title":"Dirt bike motorgumi 80\/100-12 - quadalkatreszek.com","og_description":"80\/100-12 dirt bike gumi.T\u00f6bb sz\u00e1z quad \u00e9s motor gumi a legjobb \u00e1ron, egyenesen az import\u0151rt\u0151l. 24-48 \u00f3r\u00e1n bel\u00fcli kisz\u00e1ll\u00edt\u00e1ssal","og_url":"https:\/\/quadalkatreszek.com\/en\/product\/dirt-bike-motorgumi-80-100-12\/","og_site_name":"quadalkatreszek.com","article_modified_time":"2026-04-11T16:52:39+00:00","og_image":[{"width":828,"height":576,"url":"https:\/\/quadalkatreszek.com\/wp-content\/uploads\/2023\/11\/5703a.jpg","type":"image\/jpeg"}],"twitter_card":"summary_large_image","schema":{"@context":"https:\/\/schema.org","@graph":[{"@type":"WebPage","@id":"https:\/\/quadalkatreszek.com\/product\/dirt-bike-motorgumi-80-100-12\/","url":"https:\/\/quadalkatreszek.com\/product\/dirt-bike-motorgumi-80-100-12\/","name":"Dirt bike motorgumi 80\/100-12 - quadalkatreszek.com","isPartOf":{"@id":"https:\/\/quadalkatreszek.com\/#website"},"primaryImageOfPage":{"@id":"https:\/\/quadalkatreszek.com\/product\/dirt-bike-motorgumi-80-100-12\/#primaryimage"},"image":{"@id":"https:\/\/quadalkatreszek.com\/product\/dirt-bike-motorgumi-80-100-12\/#primaryimage"},"thumbnailUrl":"https:\/\/quadalkatreszek.com\/wp-content\/uploads\/2023\/11\/5703a.jpg","datePublished":"2022-06-28T14:09:13+00:00","dateModified":"2026-04-11T16:52:39+00:00","description":"80\/100-12 dirt bike gumi.T\u00f6bb sz\u00e1z quad \u00e9s motor gumi a legjobb \u00e1ron, egyenesen az import\u0151rt\u0151l. 24-48 \u00f3r\u00e1n bel\u00fcli kisz\u00e1ll\u00edt\u00e1ssal","breadcrumb":{"@id":"https:\/\/quadalkatreszek.com\/product\/dirt-bike-motorgumi-80-100-12\/#breadcrumb"},"inLanguage":"en-US","potentialAction":[{"@type":"ReadAction","target":["https:\/\/quadalkatreszek.com\/product\/dirt-bike-motorgumi-80-100-12\/"]}]},{"@type":"ImageObject","inLanguage":"en-US","@id":"https:\/\/quadalkatreszek.com\/product\/dirt-bike-motorgumi-80-100-12\/#primaryimage","url":"https:\/\/quadalkatreszek.com\/wp-content\/uploads\/2023\/11\/5703a.jpg","contentUrl":"https:\/\/quadalkatreszek.com\/wp-content\/uploads\/2023\/11\/5703a.jpg","width":828,"height":576,"caption":"110\/90-18 cross gumi \/ dirt bike gumi."},{"@type":"BreadcrumbList","@id":"https:\/\/quadalkatreszek.com\/product\/dirt-bike-motorgumi-80-100-12\/#breadcrumb","itemListElement":[{"@type":"ListItem","position":1,"name":"Kezd\u0151lap","item":"https:\/\/quadalkatreszek.com\/"},{"@type":"ListItem","position":2,"name":"Shop","item":"https:\/\/quadalkatreszek.com\/shop\/"},{"@type":"ListItem","position":3,"name":"Dirt bike motorgumi 80\/100-12"}]},{"@type":"WebSite","@id":"https:\/\/quadalkatreszek.com\/#website","url":"https:\/\/quadalkatreszek.com\/","name":"quadalkatreszek.com","description":"alkatr\u00e9szek - azonnal - rakt\u00e1rr\u00f3l","publisher":{"@id":"https:\/\/quadalkatreszek.com\/#organization"},"potentialAction":[{"@type":"SearchAction","target":{"@type":"EntryPoint","urlTemplate":"https:\/\/quadalkatreszek.com\/?s={search_term_string}"},"query-input":{"@type":"PropertyValueSpecification","valueRequired":true,"valueName":"search_term_string"}}],"inLanguage":"en-US"},{"@type":"Organization","@id":"https:\/\/quadalkatreszek.com\/#organization","name":"quadalkatreszek.com","url":"https:\/\/quadalkatreszek.com\/","logo":{"@type":"ImageObject","inLanguage":"en-US","@id":"https:\/\/quadalkatreszek.com\/#\/schema\/logo\/image\/","url":"https:\/\/quadalkatreszek.com\/wp-content\/uploads\/2023\/01\/korlogo-2.png","contentUrl":"https:\/\/quadalkatreszek.com\/wp-content\/uploads\/2023\/01\/korlogo-2.png","width":866,"height":866,"caption":"quadalkatreszek.com"},"image":{"@id":"https:\/\/quadalkatreszek.com\/#\/schema\/logo\/image\/"}}]}},"_links":{"self":[{"href":"https:\/\/quadalkatreszek.com\/en\/wp-json\/wp\/v2\/product\/29669","targetHints":{"allow":["GET"]}}],"collection":[{"href":"https:\/\/quadalkatreszek.com\/en\/wp-json\/wp\/v2\/product"}],"about":[{"href":"https:\/\/quadalkatreszek.com\/en\/wp-json\/wp\/v2\/types\/product"}],"replies":[{"embeddable":true,"href":"https:\/\/quadalkatreszek.com\/en\/wp-json\/wp\/v2\/comments?post=29669"}],"wp:featuredmedia":[{"embeddable":true,"href":"https:\/\/quadalkatreszek.com\/en\/wp-json\/wp\/v2\/media\/38586"}],"wp:attachment":[{"href":"https:\/\/quadalkatreszek.com\/en\/wp-json\/wp\/v2\/media?parent=29669"}],"wp:term":[{"taxonomy":"product_brand","embeddable":true,"href":"https:\/\/quadalkatreszek.com\/en\/wp-json\/wp\/v2\/product_brand?post=29669"},{"taxonomy":"product_cat","embeddable":true,"href":"https:\/\/quadalkatreszek.com\/en\/wp-json\/wp\/v2\/product_cat?post=29669"},{"taxonomy":"product_tag","embeddable":true,"href":"https:\/\/quadalkatreszek.com\/en\/wp-json\/wp\/v2\/product_tag?post=29669"}],"curies":[{"name":"wp","href":"https:\/\/api.w.org\/{rel}","templated":true}]}}