{"id":30017,"date":"2022-06-28T15:10:15","date_gmt":"2022-06-28T14:10:15","guid":{"rendered":"https:\/\/quadalkatreszek.com\/product\/tanksapka-9\/"},"modified":"2024-04-07T19:51:25","modified_gmt":"2024-04-07T18:51:25","slug":"fem-tanksapka-quad-dirt-bike-4","status":"publish","type":"product","link":"https:\/\/quadalkatreszek.com\/en\/product\/fem-tanksapka-quad-dirt-bike-4\/","title":{"rendered":"F\u00e9m  tanksapka, Quad \/ Dirt Bike"},"content":{"rendered":"<p>Quad f\u00e9m tanksapka \/ Dirt Bike f\u00e9m tanksapka<\/p>\n<p>&#8211; &#8211; &#8211;<br \/>\n<!--kkod_start--><\/p>\n<div class=\"kkod-visible\">kkod:120<\/div>\n<p><!--kkod_end--><\/p>","protected":false},"excerpt":{"rendered":"<p>Quad f\u00e9m tanksapka \/ Dirt Bike f\u00e9m tanksapka<\/p>\n<p>Wexxtor Bashan, Zongshen, Yakimoto, Loncin, kazuma, \u00e9s egy\u00e9b k\u00ednai j\u00e1rm\u0171vekhez<\/p>","protected":false},"featured_media":26808,"comment_status":"open","ping_status":"closed","template":"","meta":[],"product_brand":[],"product_cat":[139,75],"product_tag":[],"class_list":{"0":"post-30017","1":"product","2":"type-product","3":"status-publish","4":"has-post-thumbnail","6":"product_cat-extrak","7":"product_cat-uzemanyag-rendszer","9":"first","10":"instock","11":"shipping-taxable","12":"purchasable","13":"product-type-simple"},"yoast_head":"<!-- This site is optimized with the Yoast SEO plugin v27.4 - https:\/\/yoast.com\/product\/yoast-seo-wordpress\/ -->\n<title>F\u00e9m tanksapka, Quad \/ Dirt Bike - quadalkatreszek.com<\/title>\n<meta name=\"description\" content=\"Quad f\u00e9m tanksapka \/ Dirt Bike f\u00e9m tanksapka. T\u00f6bb ezer k\u00ednai quad alkatr\u00e9sz azonnal rakt\u00e1rr\u00f3l.Ak\u00e1r 24-48 \u00f3r\u00e1n bel\u00fcli h\u00e1zhoz sz\u00e1ll\u00edt\u00e1ssal.\" \/>\n<meta name=\"robots\" content=\"index, follow, max-snippet:-1, max-image-preview:large, max-video-preview:-1\" \/>\n<link rel=\"canonical\" href=\"https:\/\/quadalkatreszek.com\/en\/product\/fem-tanksapka-quad-dirt-bike-4\/\" \/>\n<meta property=\"og:locale\" content=\"en_US\" \/>\n<meta property=\"og:type\" content=\"article\" \/>\n<meta property=\"og:title\" content=\"F\u00e9m tanksapka, Quad \/ Dirt Bike - quadalkatreszek.com\" \/>\n<meta property=\"og:description\" content=\"Quad f\u00e9m tanksapka \/ Dirt Bike f\u00e9m tanksapka. T\u00f6bb ezer k\u00ednai quad alkatr\u00e9sz azonnal rakt\u00e1rr\u00f3l.Ak\u00e1r 24-48 \u00f3r\u00e1n bel\u00fcli h\u00e1zhoz sz\u00e1ll\u00edt\u00e1ssal.\" \/>\n<meta property=\"og:url\" content=\"https:\/\/quadalkatreszek.com\/en\/product\/fem-tanksapka-quad-dirt-bike-4\/\" \/>\n<meta property=\"og:site_name\" content=\"quadalkatreszek.com\" \/>\n<meta property=\"article:modified_time\" content=\"2024-04-07T18:51:25+00:00\" \/>\n<meta property=\"og:image\" content=\"https:\/\/quadalkatreszek.com\/wp-content\/uploads\/2022\/06\/4221-tanksapka.jpg\" \/>\n\t<meta property=\"og:image:width\" content=\"500\" \/>\n\t<meta property=\"og:image:height\" content=\"375\" \/>\n\t<meta property=\"og:image:type\" content=\"image\/jpeg\" \/>\n<meta name=\"twitter:card\" content=\"summary_large_image\" \/>\n<script type=\"application\/ld+json\" class=\"yoast-schema-graph\">{\"@context\":\"https:\\\/\\\/schema.org\",\"@graph\":[{\"@type\":\"WebPage\",\"@id\":\"https:\\\/\\\/quadalkatreszek.com\\\/product\\\/fem-tanksapka-quad-dirt-bike-4\\\/\",\"url\":\"https:\\\/\\\/quadalkatreszek.com\\\/product\\\/fem-tanksapka-quad-dirt-bike-4\\\/\",\"name\":\"F\u00e9m tanksapka, Quad \\\/ Dirt Bike - quadalkatreszek.com\",\"isPartOf\":{\"@id\":\"https:\\\/\\\/quadalkatreszek.com\\\/#website\"},\"primaryImageOfPage\":{\"@id\":\"https:\\\/\\\/quadalkatreszek.com\\\/product\\\/fem-tanksapka-quad-dirt-bike-4\\\/#primaryimage\"},\"image\":{\"@id\":\"https:\\\/\\\/quadalkatreszek.com\\\/product\\\/fem-tanksapka-quad-dirt-bike-4\\\/#primaryimage\"},\"thumbnailUrl\":\"https:\\\/\\\/quadalkatreszek.com\\\/wp-content\\\/uploads\\\/2022\\\/06\\\/4221-tanksapka.jpg\",\"datePublished\":\"2022-06-28T14:10:15+00:00\",\"dateModified\":\"2024-04-07T18:51:25+00:00\",\"description\":\"Quad f\u00e9m tanksapka \\\/ Dirt Bike f\u00e9m tanksapka. T\u00f6bb ezer k\u00ednai quad alkatr\u00e9sz azonnal rakt\u00e1rr\u00f3l.Ak\u00e1r 24-48 \u00f3r\u00e1n bel\u00fcli h\u00e1zhoz sz\u00e1ll\u00edt\u00e1ssal.\",\"breadcrumb\":{\"@id\":\"https:\\\/\\\/quadalkatreszek.com\\\/product\\\/fem-tanksapka-quad-dirt-bike-4\\\/#breadcrumb\"},\"inLanguage\":\"en-US\",\"potentialAction\":[{\"@type\":\"ReadAction\",\"target\":[\"https:\\\/\\\/quadalkatreszek.com\\\/product\\\/fem-tanksapka-quad-dirt-bike-4\\\/\"]}]},{\"@type\":\"ImageObject\",\"inLanguage\":\"en-US\",\"@id\":\"https:\\\/\\\/quadalkatreszek.com\\\/product\\\/fem-tanksapka-quad-dirt-bike-4\\\/#primaryimage\",\"url\":\"https:\\\/\\\/quadalkatreszek.com\\\/wp-content\\\/uploads\\\/2022\\\/06\\\/4221-tanksapka.jpg\",\"contentUrl\":\"https:\\\/\\\/quadalkatreszek.com\\\/wp-content\\\/uploads\\\/2022\\\/06\\\/4221-tanksapka.jpg\",\"width\":500,\"height\":375,\"caption\":\"F\u00e9m tanksapka, Quad, Dirt Bike\"},{\"@type\":\"BreadcrumbList\",\"@id\":\"https:\\\/\\\/quadalkatreszek.com\\\/product\\\/fem-tanksapka-quad-dirt-bike-4\\\/#breadcrumb\",\"itemListElement\":[{\"@type\":\"ListItem\",\"position\":1,\"name\":\"Kezd\u0151lap\",\"item\":\"https:\\\/\\\/quadalkatreszek.com\\\/\"},{\"@type\":\"ListItem\",\"position\":2,\"name\":\"Shop\",\"item\":\"https:\\\/\\\/quadalkatreszek.com\\\/shop\\\/\"},{\"@type\":\"ListItem\",\"position\":3,\"name\":\"F\u00e9m tanksapka, Quad \\\/ Dirt Bike\"}]},{\"@type\":\"WebSite\",\"@id\":\"https:\\\/\\\/quadalkatreszek.com\\\/#website\",\"url\":\"https:\\\/\\\/quadalkatreszek.com\\\/\",\"name\":\"quadalkatreszek.com\",\"description\":\"alkatr\u00e9szek - azonnal - rakt\u00e1rr\u00f3l\",\"publisher\":{\"@id\":\"https:\\\/\\\/quadalkatreszek.com\\\/#organization\"},\"potentialAction\":[{\"@type\":\"SearchAction\",\"target\":{\"@type\":\"EntryPoint\",\"urlTemplate\":\"https:\\\/\\\/quadalkatreszek.com\\\/?s={search_term_string}\"},\"query-input\":{\"@type\":\"PropertyValueSpecification\",\"valueRequired\":true,\"valueName\":\"search_term_string\"}}],\"inLanguage\":\"en-US\"},{\"@type\":\"Organization\",\"@id\":\"https:\\\/\\\/quadalkatreszek.com\\\/#organization\",\"name\":\"quadalkatreszek.com\",\"url\":\"https:\\\/\\\/quadalkatreszek.com\\\/\",\"logo\":{\"@type\":\"ImageObject\",\"inLanguage\":\"en-US\",\"@id\":\"https:\\\/\\\/quadalkatreszek.com\\\/#\\\/schema\\\/logo\\\/image\\\/\",\"url\":\"https:\\\/\\\/quadalkatreszek.com\\\/wp-content\\\/uploads\\\/2023\\\/01\\\/korlogo-2.png\",\"contentUrl\":\"https:\\\/\\\/quadalkatreszek.com\\\/wp-content\\\/uploads\\\/2023\\\/01\\\/korlogo-2.png\",\"width\":866,\"height\":866,\"caption\":\"quadalkatreszek.com\"},\"image\":{\"@id\":\"https:\\\/\\\/quadalkatreszek.com\\\/#\\\/schema\\\/logo\\\/image\\\/\"}}]}<\/script>\n<!-- \/ Yoast SEO plugin. -->","yoast_head_json":{"title":"F\u00e9m tanksapka, Quad \/ Dirt Bike - quadalkatreszek.com","description":"Quad f\u00e9m tanksapka \/ Dirt Bike f\u00e9m tanksapka. T\u00f6bb ezer k\u00ednai quad alkatr\u00e9sz azonnal rakt\u00e1rr\u00f3l.Ak\u00e1r 24-48 \u00f3r\u00e1n bel\u00fcli h\u00e1zhoz sz\u00e1ll\u00edt\u00e1ssal.","robots":{"index":"index","follow":"follow","max-snippet":"max-snippet:-1","max-image-preview":"max-image-preview:large","max-video-preview":"max-video-preview:-1"},"canonical":"https:\/\/quadalkatreszek.com\/en\/product\/fem-tanksapka-quad-dirt-bike-4\/","og_locale":"en_US","og_type":"article","og_title":"F\u00e9m tanksapka, Quad \/ Dirt Bike - quadalkatreszek.com","og_description":"Quad f\u00e9m tanksapka \/ Dirt Bike f\u00e9m tanksapka. T\u00f6bb ezer k\u00ednai quad alkatr\u00e9sz azonnal rakt\u00e1rr\u00f3l.Ak\u00e1r 24-48 \u00f3r\u00e1n bel\u00fcli h\u00e1zhoz sz\u00e1ll\u00edt\u00e1ssal.","og_url":"https:\/\/quadalkatreszek.com\/en\/product\/fem-tanksapka-quad-dirt-bike-4\/","og_site_name":"quadalkatreszek.com","article_modified_time":"2024-04-07T18:51:25+00:00","og_image":[{"width":500,"height":375,"url":"https:\/\/quadalkatreszek.com\/wp-content\/uploads\/2022\/06\/4221-tanksapka.jpg","type":"image\/jpeg"}],"twitter_card":"summary_large_image","schema":{"@context":"https:\/\/schema.org","@graph":[{"@type":"WebPage","@id":"https:\/\/quadalkatreszek.com\/product\/fem-tanksapka-quad-dirt-bike-4\/","url":"https:\/\/quadalkatreszek.com\/product\/fem-tanksapka-quad-dirt-bike-4\/","name":"F\u00e9m tanksapka, Quad \/ Dirt Bike - quadalkatreszek.com","isPartOf":{"@id":"https:\/\/quadalkatreszek.com\/#website"},"primaryImageOfPage":{"@id":"https:\/\/quadalkatreszek.com\/product\/fem-tanksapka-quad-dirt-bike-4\/#primaryimage"},"image":{"@id":"https:\/\/quadalkatreszek.com\/product\/fem-tanksapka-quad-dirt-bike-4\/#primaryimage"},"thumbnailUrl":"https:\/\/quadalkatreszek.com\/wp-content\/uploads\/2022\/06\/4221-tanksapka.jpg","datePublished":"2022-06-28T14:10:15+00:00","dateModified":"2024-04-07T18:51:25+00:00","description":"Quad f\u00e9m tanksapka \/ Dirt Bike f\u00e9m tanksapka. T\u00f6bb ezer k\u00ednai quad alkatr\u00e9sz azonnal rakt\u00e1rr\u00f3l.Ak\u00e1r 24-48 \u00f3r\u00e1n bel\u00fcli h\u00e1zhoz sz\u00e1ll\u00edt\u00e1ssal.","breadcrumb":{"@id":"https:\/\/quadalkatreszek.com\/product\/fem-tanksapka-quad-dirt-bike-4\/#breadcrumb"},"inLanguage":"en-US","potentialAction":[{"@type":"ReadAction","target":["https:\/\/quadalkatreszek.com\/product\/fem-tanksapka-quad-dirt-bike-4\/"]}]},{"@type":"ImageObject","inLanguage":"en-US","@id":"https:\/\/quadalkatreszek.com\/product\/fem-tanksapka-quad-dirt-bike-4\/#primaryimage","url":"https:\/\/quadalkatreszek.com\/wp-content\/uploads\/2022\/06\/4221-tanksapka.jpg","contentUrl":"https:\/\/quadalkatreszek.com\/wp-content\/uploads\/2022\/06\/4221-tanksapka.jpg","width":500,"height":375,"caption":"F\u00e9m tanksapka, Quad, Dirt Bike"},{"@type":"BreadcrumbList","@id":"https:\/\/quadalkatreszek.com\/product\/fem-tanksapka-quad-dirt-bike-4\/#breadcrumb","itemListElement":[{"@type":"ListItem","position":1,"name":"Kezd\u0151lap","item":"https:\/\/quadalkatreszek.com\/"},{"@type":"ListItem","position":2,"name":"Shop","item":"https:\/\/quadalkatreszek.com\/shop\/"},{"@type":"ListItem","position":3,"name":"F\u00e9m tanksapka, Quad \/ Dirt Bike"}]},{"@type":"WebSite","@id":"https:\/\/quadalkatreszek.com\/#website","url":"https:\/\/quadalkatreszek.com\/","name":"quadalkatreszek.com","description":"alkatr\u00e9szek - azonnal - rakt\u00e1rr\u00f3l","publisher":{"@id":"https:\/\/quadalkatreszek.com\/#organization"},"potentialAction":[{"@type":"SearchAction","target":{"@type":"EntryPoint","urlTemplate":"https:\/\/quadalkatreszek.com\/?s={search_term_string}"},"query-input":{"@type":"PropertyValueSpecification","valueRequired":true,"valueName":"search_term_string"}}],"inLanguage":"en-US"},{"@type":"Organization","@id":"https:\/\/quadalkatreszek.com\/#organization","name":"quadalkatreszek.com","url":"https:\/\/quadalkatreszek.com\/","logo":{"@type":"ImageObject","inLanguage":"en-US","@id":"https:\/\/quadalkatreszek.com\/#\/schema\/logo\/image\/","url":"https:\/\/quadalkatreszek.com\/wp-content\/uploads\/2023\/01\/korlogo-2.png","contentUrl":"https:\/\/quadalkatreszek.com\/wp-content\/uploads\/2023\/01\/korlogo-2.png","width":866,"height":866,"caption":"quadalkatreszek.com"},"image":{"@id":"https:\/\/quadalkatreszek.com\/#\/schema\/logo\/image\/"}}]}},"_links":{"self":[{"href":"https:\/\/quadalkatreszek.com\/en\/wp-json\/wp\/v2\/product\/30017","targetHints":{"allow":["GET"]}}],"collection":[{"href":"https:\/\/quadalkatreszek.com\/en\/wp-json\/wp\/v2\/product"}],"about":[{"href":"https:\/\/quadalkatreszek.com\/en\/wp-json\/wp\/v2\/types\/product"}],"replies":[{"embeddable":true,"href":"https:\/\/quadalkatreszek.com\/en\/wp-json\/wp\/v2\/comments?post=30017"}],"wp:featuredmedia":[{"embeddable":true,"href":"https:\/\/quadalkatreszek.com\/en\/wp-json\/wp\/v2\/media\/26808"}],"wp:attachment":[{"href":"https:\/\/quadalkatreszek.com\/en\/wp-json\/wp\/v2\/media?parent=30017"}],"wp:term":[{"taxonomy":"product_brand","embeddable":true,"href":"https:\/\/quadalkatreszek.com\/en\/wp-json\/wp\/v2\/product_brand?post=30017"},{"taxonomy":"product_cat","embeddable":true,"href":"https:\/\/quadalkatreszek.com\/en\/wp-json\/wp\/v2\/product_cat?post=30017"},{"taxonomy":"product_tag","embeddable":true,"href":"https:\/\/quadalkatreszek.com\/en\/wp-json\/wp\/v2\/product_tag?post=30017"}],"curies":[{"name":"wp","href":"https:\/\/api.w.org\/{rel}","templated":true}]}}