{"id":30037,"date":"2022-06-28T15:10:18","date_gmt":"2022-06-28T14:10:18","guid":{"rendered":"https:\/\/quadalkatreszek.com\/product\/markolat-7\/"},"modified":"2026-03-25T01:15:23","modified_gmt":"2026-03-25T00:15:23","slug":"dirt-bike-cross-motor-kormanymarkolat-24-22mm-piros","status":"publish","type":"product","link":"https:\/\/quadalkatreszek.com\/en\/product\/dirt-bike-cross-motor-kormanymarkolat-24-22mm-piros\/","title":{"rendered":"Dirt bike \/ cross motor korm\u00e1nymarkolat 24\/22mm piros"},"content":{"rendered":"<p>Dirt bike korm\u00e1nymarkolat \/ cross motor korm\u00e1nymarkolat 24\/22mm piros.<\/p>\n<p>Amennyiben nem vagy biztos, hogy a j\u00e1rm\u0171vedbe melyik k\u00ednai quad alkatr\u00e9sz vagy dirt bike alkatr\u00e9sz val\u00f3 keressen minket telefonon vagy e-mailben.<\/p>\n<p>&nbsp;<\/p>\n<p>, 146<br \/>\n&#8211; &#8211; &#8211;<br \/>\n<!--kkod_start--><\/p>\n<div class=\"kkod-visible\">kkod:146<\/div>\n<p><!--kkod_end--><\/p>","protected":false},"excerpt":{"rendered":"<p>Dirt bike korm\u00e1nymarkolat 24\/22mm.<\/p>","protected":false},"featured_media":26778,"comment_status":"open","ping_status":"closed","template":"","meta":[],"product_brand":[],"product_cat":[139,51],"product_tag":[],"class_list":{"0":"post-30037","1":"product","2":"type-product","3":"status-publish","4":"has-post-thumbnail","6":"product_cat-extrak","7":"product_cat-kormany","9":"first","10":"instock","11":"shipping-taxable","12":"purchasable","13":"product-type-simple"},"yoast_head":"<!-- This site is optimized with the Yoast SEO plugin v27.4 - https:\/\/yoast.com\/product\/yoast-seo-wordpress\/ -->\n<title>Dirt bike \/ cross motor korm\u00e1nymarkolat 24\/22mm piros -<\/title>\n<meta name=\"description\" content=\"Dirt bike korm\u00e1nymarkolat. Wexxtor Bashan, Zongshen, Yakimoto, Loncin, kazuma, \u00e9s egy\u00e9b k\u00ednai quadokhoz.T\u00f6bb ezer k\u00ednai quad alkatr\u00e9sz azonnal rakt\u00e1rr\u00f3l.\" \/>\n<meta name=\"robots\" content=\"index, follow, max-snippet:-1, max-image-preview:large, max-video-preview:-1\" \/>\n<link rel=\"canonical\" href=\"https:\/\/quadalkatreszek.com\/en\/product\/dirt-bike-cross-motor-kormanymarkolat-24-22mm-piros\/\" \/>\n<meta property=\"og:locale\" content=\"en_US\" \/>\n<meta property=\"og:type\" content=\"article\" \/>\n<meta property=\"og:title\" content=\"Dirt bike \/ cross motor korm\u00e1nymarkolat 24\/22mm piros -\" \/>\n<meta property=\"og:description\" content=\"Dirt bike korm\u00e1nymarkolat. Wexxtor Bashan, Zongshen, Yakimoto, Loncin, kazuma, \u00e9s egy\u00e9b k\u00ednai quadokhoz.T\u00f6bb ezer k\u00ednai quad alkatr\u00e9sz azonnal rakt\u00e1rr\u00f3l.\" \/>\n<meta property=\"og:url\" content=\"https:\/\/quadalkatreszek.com\/en\/product\/dirt-bike-cross-motor-kormanymarkolat-24-22mm-piros\/\" \/>\n<meta property=\"og:site_name\" content=\"quadalkatreszek.com\" \/>\n<meta property=\"article:modified_time\" content=\"2026-03-25T00:15:23+00:00\" \/>\n<meta property=\"og:image\" content=\"https:\/\/quadalkatreszek.com\/wp-content\/uploads\/2022\/06\/4198-markolat.jpg\" \/>\n\t<meta property=\"og:image:width\" content=\"500\" \/>\n\t<meta property=\"og:image:height\" content=\"375\" \/>\n\t<meta property=\"og:image:type\" content=\"image\/jpeg\" \/>\n<meta name=\"twitter:card\" content=\"summary_large_image\" \/>\n<script type=\"application\/ld+json\" class=\"yoast-schema-graph\">{\"@context\":\"https:\\\/\\\/schema.org\",\"@graph\":[{\"@type\":\"WebPage\",\"@id\":\"https:\\\/\\\/quadalkatreszek.com\\\/product\\\/dirt-bike-cross-motor-kormanymarkolat-24-22mm-piros\\\/\",\"url\":\"https:\\\/\\\/quadalkatreszek.com\\\/product\\\/dirt-bike-cross-motor-kormanymarkolat-24-22mm-piros\\\/\",\"name\":\"Dirt bike \\\/ cross motor korm\u00e1nymarkolat 24\\\/22mm piros -\",\"isPartOf\":{\"@id\":\"https:\\\/\\\/quadalkatreszek.com\\\/#website\"},\"primaryImageOfPage\":{\"@id\":\"https:\\\/\\\/quadalkatreszek.com\\\/product\\\/dirt-bike-cross-motor-kormanymarkolat-24-22mm-piros\\\/#primaryimage\"},\"image\":{\"@id\":\"https:\\\/\\\/quadalkatreszek.com\\\/product\\\/dirt-bike-cross-motor-kormanymarkolat-24-22mm-piros\\\/#primaryimage\"},\"thumbnailUrl\":\"https:\\\/\\\/quadalkatreszek.com\\\/wp-content\\\/uploads\\\/2022\\\/06\\\/4198-markolat.jpg\",\"datePublished\":\"2022-06-28T14:10:18+00:00\",\"dateModified\":\"2026-03-25T00:15:23+00:00\",\"description\":\"Dirt bike korm\u00e1nymarkolat. Wexxtor Bashan, Zongshen, Yakimoto, Loncin, kazuma, \u00e9s egy\u00e9b k\u00ednai quadokhoz.T\u00f6bb ezer k\u00ednai quad alkatr\u00e9sz azonnal rakt\u00e1rr\u00f3l.\",\"breadcrumb\":{\"@id\":\"https:\\\/\\\/quadalkatreszek.com\\\/product\\\/dirt-bike-cross-motor-kormanymarkolat-24-22mm-piros\\\/#breadcrumb\"},\"inLanguage\":\"en-US\",\"potentialAction\":[{\"@type\":\"ReadAction\",\"target\":[\"https:\\\/\\\/quadalkatreszek.com\\\/product\\\/dirt-bike-cross-motor-kormanymarkolat-24-22mm-piros\\\/\"]}]},{\"@type\":\"ImageObject\",\"inLanguage\":\"en-US\",\"@id\":\"https:\\\/\\\/quadalkatreszek.com\\\/product\\\/dirt-bike-cross-motor-kormanymarkolat-24-22mm-piros\\\/#primaryimage\",\"url\":\"https:\\\/\\\/quadalkatreszek.com\\\/wp-content\\\/uploads\\\/2022\\\/06\\\/4198-markolat.jpg\",\"contentUrl\":\"https:\\\/\\\/quadalkatreszek.com\\\/wp-content\\\/uploads\\\/2022\\\/06\\\/4198-markolat.jpg\",\"width\":500,\"height\":375,\"caption\":\"Dirt bike \\\/ cross motor korm\u00e1nymarkolat\"},{\"@type\":\"BreadcrumbList\",\"@id\":\"https:\\\/\\\/quadalkatreszek.com\\\/product\\\/dirt-bike-cross-motor-kormanymarkolat-24-22mm-piros\\\/#breadcrumb\",\"itemListElement\":[{\"@type\":\"ListItem\",\"position\":1,\"name\":\"Kezd\u0151lap\",\"item\":\"https:\\\/\\\/quadalkatreszek.com\\\/\"},{\"@type\":\"ListItem\",\"position\":2,\"name\":\"Shop\",\"item\":\"https:\\\/\\\/quadalkatreszek.com\\\/shop\\\/\"},{\"@type\":\"ListItem\",\"position\":3,\"name\":\"Dirt bike \\\/ cross motor korm\u00e1nymarkolat 24\\\/22mm piros\"}]},{\"@type\":\"WebSite\",\"@id\":\"https:\\\/\\\/quadalkatreszek.com\\\/#website\",\"url\":\"https:\\\/\\\/quadalkatreszek.com\\\/\",\"name\":\"quadalkatreszek.com\",\"description\":\"alkatr\u00e9szek - azonnal - rakt\u00e1rr\u00f3l\",\"publisher\":{\"@id\":\"https:\\\/\\\/quadalkatreszek.com\\\/#organization\"},\"potentialAction\":[{\"@type\":\"SearchAction\",\"target\":{\"@type\":\"EntryPoint\",\"urlTemplate\":\"https:\\\/\\\/quadalkatreszek.com\\\/?s={search_term_string}\"},\"query-input\":{\"@type\":\"PropertyValueSpecification\",\"valueRequired\":true,\"valueName\":\"search_term_string\"}}],\"inLanguage\":\"en-US\"},{\"@type\":\"Organization\",\"@id\":\"https:\\\/\\\/quadalkatreszek.com\\\/#organization\",\"name\":\"quadalkatreszek.com\",\"url\":\"https:\\\/\\\/quadalkatreszek.com\\\/\",\"logo\":{\"@type\":\"ImageObject\",\"inLanguage\":\"en-US\",\"@id\":\"https:\\\/\\\/quadalkatreszek.com\\\/#\\\/schema\\\/logo\\\/image\\\/\",\"url\":\"https:\\\/\\\/quadalkatreszek.com\\\/wp-content\\\/uploads\\\/2023\\\/01\\\/korlogo-2.png\",\"contentUrl\":\"https:\\\/\\\/quadalkatreszek.com\\\/wp-content\\\/uploads\\\/2023\\\/01\\\/korlogo-2.png\",\"width\":866,\"height\":866,\"caption\":\"quadalkatreszek.com\"},\"image\":{\"@id\":\"https:\\\/\\\/quadalkatreszek.com\\\/#\\\/schema\\\/logo\\\/image\\\/\"}}]}<\/script>\n<!-- \/ Yoast SEO plugin. -->","yoast_head_json":{"title":"Dirt bike \/ cross motor korm\u00e1nymarkolat 24\/22mm piros -","description":"Dirt bike korm\u00e1nymarkolat. Wexxtor Bashan, Zongshen, Yakimoto, Loncin, kazuma, \u00e9s egy\u00e9b k\u00ednai quadokhoz.T\u00f6bb ezer k\u00ednai quad alkatr\u00e9sz azonnal rakt\u00e1rr\u00f3l.","robots":{"index":"index","follow":"follow","max-snippet":"max-snippet:-1","max-image-preview":"max-image-preview:large","max-video-preview":"max-video-preview:-1"},"canonical":"https:\/\/quadalkatreszek.com\/en\/product\/dirt-bike-cross-motor-kormanymarkolat-24-22mm-piros\/","og_locale":"en_US","og_type":"article","og_title":"Dirt bike \/ cross motor korm\u00e1nymarkolat 24\/22mm piros -","og_description":"Dirt bike korm\u00e1nymarkolat. Wexxtor Bashan, Zongshen, Yakimoto, Loncin, kazuma, \u00e9s egy\u00e9b k\u00ednai quadokhoz.T\u00f6bb ezer k\u00ednai quad alkatr\u00e9sz azonnal rakt\u00e1rr\u00f3l.","og_url":"https:\/\/quadalkatreszek.com\/en\/product\/dirt-bike-cross-motor-kormanymarkolat-24-22mm-piros\/","og_site_name":"quadalkatreszek.com","article_modified_time":"2026-03-25T00:15:23+00:00","og_image":[{"width":500,"height":375,"url":"https:\/\/quadalkatreszek.com\/wp-content\/uploads\/2022\/06\/4198-markolat.jpg","type":"image\/jpeg"}],"twitter_card":"summary_large_image","schema":{"@context":"https:\/\/schema.org","@graph":[{"@type":"WebPage","@id":"https:\/\/quadalkatreszek.com\/product\/dirt-bike-cross-motor-kormanymarkolat-24-22mm-piros\/","url":"https:\/\/quadalkatreszek.com\/product\/dirt-bike-cross-motor-kormanymarkolat-24-22mm-piros\/","name":"Dirt bike \/ cross motor korm\u00e1nymarkolat 24\/22mm piros -","isPartOf":{"@id":"https:\/\/quadalkatreszek.com\/#website"},"primaryImageOfPage":{"@id":"https:\/\/quadalkatreszek.com\/product\/dirt-bike-cross-motor-kormanymarkolat-24-22mm-piros\/#primaryimage"},"image":{"@id":"https:\/\/quadalkatreszek.com\/product\/dirt-bike-cross-motor-kormanymarkolat-24-22mm-piros\/#primaryimage"},"thumbnailUrl":"https:\/\/quadalkatreszek.com\/wp-content\/uploads\/2022\/06\/4198-markolat.jpg","datePublished":"2022-06-28T14:10:18+00:00","dateModified":"2026-03-25T00:15:23+00:00","description":"Dirt bike korm\u00e1nymarkolat. Wexxtor Bashan, Zongshen, Yakimoto, Loncin, kazuma, \u00e9s egy\u00e9b k\u00ednai quadokhoz.T\u00f6bb ezer k\u00ednai quad alkatr\u00e9sz azonnal rakt\u00e1rr\u00f3l.","breadcrumb":{"@id":"https:\/\/quadalkatreszek.com\/product\/dirt-bike-cross-motor-kormanymarkolat-24-22mm-piros\/#breadcrumb"},"inLanguage":"en-US","potentialAction":[{"@type":"ReadAction","target":["https:\/\/quadalkatreszek.com\/product\/dirt-bike-cross-motor-kormanymarkolat-24-22mm-piros\/"]}]},{"@type":"ImageObject","inLanguage":"en-US","@id":"https:\/\/quadalkatreszek.com\/product\/dirt-bike-cross-motor-kormanymarkolat-24-22mm-piros\/#primaryimage","url":"https:\/\/quadalkatreszek.com\/wp-content\/uploads\/2022\/06\/4198-markolat.jpg","contentUrl":"https:\/\/quadalkatreszek.com\/wp-content\/uploads\/2022\/06\/4198-markolat.jpg","width":500,"height":375,"caption":"Dirt bike \/ cross motor korm\u00e1nymarkolat"},{"@type":"BreadcrumbList","@id":"https:\/\/quadalkatreszek.com\/product\/dirt-bike-cross-motor-kormanymarkolat-24-22mm-piros\/#breadcrumb","itemListElement":[{"@type":"ListItem","position":1,"name":"Kezd\u0151lap","item":"https:\/\/quadalkatreszek.com\/"},{"@type":"ListItem","position":2,"name":"Shop","item":"https:\/\/quadalkatreszek.com\/shop\/"},{"@type":"ListItem","position":3,"name":"Dirt bike \/ cross motor korm\u00e1nymarkolat 24\/22mm piros"}]},{"@type":"WebSite","@id":"https:\/\/quadalkatreszek.com\/#website","url":"https:\/\/quadalkatreszek.com\/","name":"quadalkatreszek.com","description":"alkatr\u00e9szek - azonnal - rakt\u00e1rr\u00f3l","publisher":{"@id":"https:\/\/quadalkatreszek.com\/#organization"},"potentialAction":[{"@type":"SearchAction","target":{"@type":"EntryPoint","urlTemplate":"https:\/\/quadalkatreszek.com\/?s={search_term_string}"},"query-input":{"@type":"PropertyValueSpecification","valueRequired":true,"valueName":"search_term_string"}}],"inLanguage":"en-US"},{"@type":"Organization","@id":"https:\/\/quadalkatreszek.com\/#organization","name":"quadalkatreszek.com","url":"https:\/\/quadalkatreszek.com\/","logo":{"@type":"ImageObject","inLanguage":"en-US","@id":"https:\/\/quadalkatreszek.com\/#\/schema\/logo\/image\/","url":"https:\/\/quadalkatreszek.com\/wp-content\/uploads\/2023\/01\/korlogo-2.png","contentUrl":"https:\/\/quadalkatreszek.com\/wp-content\/uploads\/2023\/01\/korlogo-2.png","width":866,"height":866,"caption":"quadalkatreszek.com"},"image":{"@id":"https:\/\/quadalkatreszek.com\/#\/schema\/logo\/image\/"}}]}},"_links":{"self":[{"href":"https:\/\/quadalkatreszek.com\/en\/wp-json\/wp\/v2\/product\/30037","targetHints":{"allow":["GET"]}}],"collection":[{"href":"https:\/\/quadalkatreszek.com\/en\/wp-json\/wp\/v2\/product"}],"about":[{"href":"https:\/\/quadalkatreszek.com\/en\/wp-json\/wp\/v2\/types\/product"}],"replies":[{"embeddable":true,"href":"https:\/\/quadalkatreszek.com\/en\/wp-json\/wp\/v2\/comments?post=30037"}],"wp:featuredmedia":[{"embeddable":true,"href":"https:\/\/quadalkatreszek.com\/en\/wp-json\/wp\/v2\/media\/26778"}],"wp:attachment":[{"href":"https:\/\/quadalkatreszek.com\/en\/wp-json\/wp\/v2\/media?parent=30037"}],"wp:term":[{"taxonomy":"product_brand","embeddable":true,"href":"https:\/\/quadalkatreszek.com\/en\/wp-json\/wp\/v2\/product_brand?post=30037"},{"taxonomy":"product_cat","embeddable":true,"href":"https:\/\/quadalkatreszek.com\/en\/wp-json\/wp\/v2\/product_cat?post=30037"},{"taxonomy":"product_tag","embeddable":true,"href":"https:\/\/quadalkatreszek.com\/en\/wp-json\/wp\/v2\/product_tag?post=30037"}],"curies":[{"name":"wp","href":"https:\/\/api.w.org\/{rel}","templated":true}]}}