{"id":30048,"date":"2022-06-28T15:10:21","date_gmt":"2022-06-28T14:10:21","guid":{"rendered":"https:\/\/quadalkatreszek.com\/product\/erositett-kormany-2\/"},"modified":"2023-09-25T12:26:48","modified_gmt":"2023-09-25T11:26:48","slug":"erositett-quad-dirt-bike-kormany-4","status":"publish","type":"product","link":"https:\/\/quadalkatreszek.com\/en\/product\/erositett-quad-dirt-bike-kormany-4\/","title":{"rendered":"Er\u0151s\u00edtett quad \/ dirt bike korm\u00e1ny"},"content":{"rendered":"<p>Er\u0151s\u00edtett cross motor korm\u00e1ny, Quad \u00e9s Dirt Bike korm\u00e1ny<\/p>\n<p>Amennyiben nem vagy biztos, hogy a j\u00e1rm\u0171vedbe melyik k\u00ednai quad alkatr\u00e9sz vagy dirt bike alkatr\u00e9sz val\u00f3 keressen minket telefonon vagy e-mailben.<\/p>\n<p>&#8211; &#8211; &#8211;<br \/>\n<!--kkod_start--><\/p>\n<div class=\"kkod-visible\">kkod:146<\/div>\n<p><!--kkod_end--><\/p>","protected":false},"excerpt":{"rendered":"<p>Er\u0151s\u00edtett cross korm\u00e1ny, Quad, Dirt Bike.<\/p>","protected":false},"featured_media":26840,"comment_status":"open","ping_status":"closed","template":"","meta":[],"product_brand":[],"product_cat":[51],"product_tag":[],"class_list":{"0":"post-30048","1":"product","2":"type-product","3":"status-publish","4":"has-post-thumbnail","6":"product_cat-kormany","8":"first","9":"instock","10":"shipping-taxable","11":"purchasable","12":"product-type-simple"},"yoast_head":"<!-- This site is optimized with the Yoast SEO plugin v27.5 - https:\/\/yoast.com\/product\/yoast-seo-wordpress\/ -->\n<title>Er\u0151s\u00edtett quad \/ dirt bike korm\u00e1ny - quadalkatreszek.com<\/title>\n<meta name=\"description\" content=\"Dirt Bike korm\u00e1ny. k\u00ednai quad \/ ATV fut\u00f3m\u0171 alkatr\u00e9szek sz\u00e9les v\u00e1laszt\u00e9ka, Wexxtor Bashan, Zongshen, Yakimoto, Loncin, kazuma, \u00e9s egy\u00e9b k\u00ednai quadokhoz.\" \/>\n<meta name=\"robots\" content=\"index, follow, max-snippet:-1, max-image-preview:large, max-video-preview:-1\" \/>\n<link rel=\"canonical\" href=\"https:\/\/quadalkatreszek.com\/en\/product\/erositett-quad-dirt-bike-kormany-4\/\" \/>\n<meta property=\"og:locale\" content=\"en_US\" \/>\n<meta property=\"og:type\" content=\"article\" \/>\n<meta property=\"og:title\" content=\"Er\u0151s\u00edtett quad \/ dirt bike korm\u00e1ny - quadalkatreszek.com\" \/>\n<meta property=\"og:description\" content=\"Dirt Bike korm\u00e1ny. k\u00ednai quad \/ ATV fut\u00f3m\u0171 alkatr\u00e9szek sz\u00e9les v\u00e1laszt\u00e9ka, Wexxtor Bashan, Zongshen, Yakimoto, Loncin, kazuma, \u00e9s egy\u00e9b k\u00ednai quadokhoz.\" \/>\n<meta property=\"og:url\" content=\"https:\/\/quadalkatreszek.com\/en\/product\/erositett-quad-dirt-bike-kormany-4\/\" \/>\n<meta property=\"og:site_name\" content=\"quadalkatreszek.com\" \/>\n<meta property=\"article:modified_time\" content=\"2023-09-25T11:26:48+00:00\" \/>\n<meta property=\"og:image\" content=\"https:\/\/quadalkatreszek.com\/wp-content\/uploads\/2022\/06\/4239-erositett-kormany.jpg\" \/>\n\t<meta property=\"og:image:width\" content=\"500\" \/>\n\t<meta property=\"og:image:height\" content=\"360\" \/>\n\t<meta property=\"og:image:type\" content=\"image\/jpeg\" \/>\n<meta name=\"twitter:card\" content=\"summary_large_image\" \/>\n<script type=\"application\/ld+json\" class=\"yoast-schema-graph\">{\"@context\":\"https:\\\/\\\/schema.org\",\"@graph\":[{\"@type\":\"WebPage\",\"@id\":\"https:\\\/\\\/quadalkatreszek.com\\\/product\\\/erositett-quad-dirt-bike-kormany-4\\\/\",\"url\":\"https:\\\/\\\/quadalkatreszek.com\\\/product\\\/erositett-quad-dirt-bike-kormany-4\\\/\",\"name\":\"Er\u0151s\u00edtett quad \\\/ dirt bike korm\u00e1ny - quadalkatreszek.com\",\"isPartOf\":{\"@id\":\"https:\\\/\\\/quadalkatreszek.com\\\/#website\"},\"primaryImageOfPage\":{\"@id\":\"https:\\\/\\\/quadalkatreszek.com\\\/product\\\/erositett-quad-dirt-bike-kormany-4\\\/#primaryimage\"},\"image\":{\"@id\":\"https:\\\/\\\/quadalkatreszek.com\\\/product\\\/erositett-quad-dirt-bike-kormany-4\\\/#primaryimage\"},\"thumbnailUrl\":\"https:\\\/\\\/quadalkatreszek.com\\\/wp-content\\\/uploads\\\/2022\\\/06\\\/4239-erositett-kormany.jpg\",\"datePublished\":\"2022-06-28T14:10:21+00:00\",\"dateModified\":\"2023-09-25T11:26:48+00:00\",\"description\":\"Dirt Bike korm\u00e1ny. k\u00ednai quad \\\/ ATV fut\u00f3m\u0171 alkatr\u00e9szek sz\u00e9les v\u00e1laszt\u00e9ka, Wexxtor Bashan, Zongshen, Yakimoto, Loncin, kazuma, \u00e9s egy\u00e9b k\u00ednai quadokhoz.\",\"breadcrumb\":{\"@id\":\"https:\\\/\\\/quadalkatreszek.com\\\/product\\\/erositett-quad-dirt-bike-kormany-4\\\/#breadcrumb\"},\"inLanguage\":\"en-US\",\"potentialAction\":[{\"@type\":\"ReadAction\",\"target\":[\"https:\\\/\\\/quadalkatreszek.com\\\/product\\\/erositett-quad-dirt-bike-kormany-4\\\/\"]}]},{\"@type\":\"ImageObject\",\"inLanguage\":\"en-US\",\"@id\":\"https:\\\/\\\/quadalkatreszek.com\\\/product\\\/erositett-quad-dirt-bike-kormany-4\\\/#primaryimage\",\"url\":\"https:\\\/\\\/quadalkatreszek.com\\\/wp-content\\\/uploads\\\/2022\\\/06\\\/4239-erositett-kormany.jpg\",\"contentUrl\":\"https:\\\/\\\/quadalkatreszek.com\\\/wp-content\\\/uploads\\\/2022\\\/06\\\/4239-erositett-kormany.jpg\",\"width\":500,\"height\":360,\"caption\":\"Er\u0151s\u00edtett quad \\\/ dirt bike korm\u00e1ny\"},{\"@type\":\"BreadcrumbList\",\"@id\":\"https:\\\/\\\/quadalkatreszek.com\\\/product\\\/erositett-quad-dirt-bike-kormany-4\\\/#breadcrumb\",\"itemListElement\":[{\"@type\":\"ListItem\",\"position\":1,\"name\":\"Kezd\u0151lap\",\"item\":\"https:\\\/\\\/quadalkatreszek.com\\\/\"},{\"@type\":\"ListItem\",\"position\":2,\"name\":\"Shop\",\"item\":\"https:\\\/\\\/quadalkatreszek.com\\\/shop\\\/\"},{\"@type\":\"ListItem\",\"position\":3,\"name\":\"Er\u0151s\u00edtett quad \\\/ dirt bike korm\u00e1ny\"}]},{\"@type\":\"WebSite\",\"@id\":\"https:\\\/\\\/quadalkatreszek.com\\\/#website\",\"url\":\"https:\\\/\\\/quadalkatreszek.com\\\/\",\"name\":\"quadalkatreszek.com\",\"description\":\"alkatr\u00e9szek - azonnal - rakt\u00e1rr\u00f3l\",\"publisher\":{\"@id\":\"https:\\\/\\\/quadalkatreszek.com\\\/#organization\"},\"potentialAction\":[{\"@type\":\"SearchAction\",\"target\":{\"@type\":\"EntryPoint\",\"urlTemplate\":\"https:\\\/\\\/quadalkatreszek.com\\\/?s={search_term_string}\"},\"query-input\":{\"@type\":\"PropertyValueSpecification\",\"valueRequired\":true,\"valueName\":\"search_term_string\"}}],\"inLanguage\":\"en-US\"},{\"@type\":\"Organization\",\"@id\":\"https:\\\/\\\/quadalkatreszek.com\\\/#organization\",\"name\":\"quadalkatreszek.com\",\"url\":\"https:\\\/\\\/quadalkatreszek.com\\\/\",\"logo\":{\"@type\":\"ImageObject\",\"inLanguage\":\"en-US\",\"@id\":\"https:\\\/\\\/quadalkatreszek.com\\\/#\\\/schema\\\/logo\\\/image\\\/\",\"url\":\"https:\\\/\\\/quadalkatreszek.com\\\/wp-content\\\/uploads\\\/2023\\\/01\\\/korlogo-2.png\",\"contentUrl\":\"https:\\\/\\\/quadalkatreszek.com\\\/wp-content\\\/uploads\\\/2023\\\/01\\\/korlogo-2.png\",\"width\":866,\"height\":866,\"caption\":\"quadalkatreszek.com\"},\"image\":{\"@id\":\"https:\\\/\\\/quadalkatreszek.com\\\/#\\\/schema\\\/logo\\\/image\\\/\"}}]}<\/script>\n<!-- \/ Yoast SEO plugin. -->","yoast_head_json":{"title":"Er\u0151s\u00edtett quad \/ dirt bike korm\u00e1ny - quadalkatreszek.com","description":"Dirt Bike korm\u00e1ny. k\u00ednai quad \/ ATV fut\u00f3m\u0171 alkatr\u00e9szek sz\u00e9les v\u00e1laszt\u00e9ka, Wexxtor Bashan, Zongshen, Yakimoto, Loncin, kazuma, \u00e9s egy\u00e9b k\u00ednai quadokhoz.","robots":{"index":"index","follow":"follow","max-snippet":"max-snippet:-1","max-image-preview":"max-image-preview:large","max-video-preview":"max-video-preview:-1"},"canonical":"https:\/\/quadalkatreszek.com\/en\/product\/erositett-quad-dirt-bike-kormany-4\/","og_locale":"en_US","og_type":"article","og_title":"Er\u0151s\u00edtett quad \/ dirt bike korm\u00e1ny - quadalkatreszek.com","og_description":"Dirt Bike korm\u00e1ny. k\u00ednai quad \/ ATV fut\u00f3m\u0171 alkatr\u00e9szek sz\u00e9les v\u00e1laszt\u00e9ka, Wexxtor Bashan, Zongshen, Yakimoto, Loncin, kazuma, \u00e9s egy\u00e9b k\u00ednai quadokhoz.","og_url":"https:\/\/quadalkatreszek.com\/en\/product\/erositett-quad-dirt-bike-kormany-4\/","og_site_name":"quadalkatreszek.com","article_modified_time":"2023-09-25T11:26:48+00:00","og_image":[{"width":500,"height":360,"url":"https:\/\/quadalkatreszek.com\/wp-content\/uploads\/2022\/06\/4239-erositett-kormany.jpg","type":"image\/jpeg"}],"twitter_card":"summary_large_image","schema":{"@context":"https:\/\/schema.org","@graph":[{"@type":"WebPage","@id":"https:\/\/quadalkatreszek.com\/product\/erositett-quad-dirt-bike-kormany-4\/","url":"https:\/\/quadalkatreszek.com\/product\/erositett-quad-dirt-bike-kormany-4\/","name":"Er\u0151s\u00edtett quad \/ dirt bike korm\u00e1ny - quadalkatreszek.com","isPartOf":{"@id":"https:\/\/quadalkatreszek.com\/#website"},"primaryImageOfPage":{"@id":"https:\/\/quadalkatreszek.com\/product\/erositett-quad-dirt-bike-kormany-4\/#primaryimage"},"image":{"@id":"https:\/\/quadalkatreszek.com\/product\/erositett-quad-dirt-bike-kormany-4\/#primaryimage"},"thumbnailUrl":"https:\/\/quadalkatreszek.com\/wp-content\/uploads\/2022\/06\/4239-erositett-kormany.jpg","datePublished":"2022-06-28T14:10:21+00:00","dateModified":"2023-09-25T11:26:48+00:00","description":"Dirt Bike korm\u00e1ny. k\u00ednai quad \/ ATV fut\u00f3m\u0171 alkatr\u00e9szek sz\u00e9les v\u00e1laszt\u00e9ka, Wexxtor Bashan, Zongshen, Yakimoto, Loncin, kazuma, \u00e9s egy\u00e9b k\u00ednai quadokhoz.","breadcrumb":{"@id":"https:\/\/quadalkatreszek.com\/product\/erositett-quad-dirt-bike-kormany-4\/#breadcrumb"},"inLanguage":"en-US","potentialAction":[{"@type":"ReadAction","target":["https:\/\/quadalkatreszek.com\/product\/erositett-quad-dirt-bike-kormany-4\/"]}]},{"@type":"ImageObject","inLanguage":"en-US","@id":"https:\/\/quadalkatreszek.com\/product\/erositett-quad-dirt-bike-kormany-4\/#primaryimage","url":"https:\/\/quadalkatreszek.com\/wp-content\/uploads\/2022\/06\/4239-erositett-kormany.jpg","contentUrl":"https:\/\/quadalkatreszek.com\/wp-content\/uploads\/2022\/06\/4239-erositett-kormany.jpg","width":500,"height":360,"caption":"Er\u0151s\u00edtett quad \/ dirt bike korm\u00e1ny"},{"@type":"BreadcrumbList","@id":"https:\/\/quadalkatreszek.com\/product\/erositett-quad-dirt-bike-kormany-4\/#breadcrumb","itemListElement":[{"@type":"ListItem","position":1,"name":"Kezd\u0151lap","item":"https:\/\/quadalkatreszek.com\/"},{"@type":"ListItem","position":2,"name":"Shop","item":"https:\/\/quadalkatreszek.com\/shop\/"},{"@type":"ListItem","position":3,"name":"Er\u0151s\u00edtett quad \/ dirt bike korm\u00e1ny"}]},{"@type":"WebSite","@id":"https:\/\/quadalkatreszek.com\/#website","url":"https:\/\/quadalkatreszek.com\/","name":"quadalkatreszek.com","description":"alkatr\u00e9szek - azonnal - rakt\u00e1rr\u00f3l","publisher":{"@id":"https:\/\/quadalkatreszek.com\/#organization"},"potentialAction":[{"@type":"SearchAction","target":{"@type":"EntryPoint","urlTemplate":"https:\/\/quadalkatreszek.com\/?s={search_term_string}"},"query-input":{"@type":"PropertyValueSpecification","valueRequired":true,"valueName":"search_term_string"}}],"inLanguage":"en-US"},{"@type":"Organization","@id":"https:\/\/quadalkatreszek.com\/#organization","name":"quadalkatreszek.com","url":"https:\/\/quadalkatreszek.com\/","logo":{"@type":"ImageObject","inLanguage":"en-US","@id":"https:\/\/quadalkatreszek.com\/#\/schema\/logo\/image\/","url":"https:\/\/quadalkatreszek.com\/wp-content\/uploads\/2023\/01\/korlogo-2.png","contentUrl":"https:\/\/quadalkatreszek.com\/wp-content\/uploads\/2023\/01\/korlogo-2.png","width":866,"height":866,"caption":"quadalkatreszek.com"},"image":{"@id":"https:\/\/quadalkatreszek.com\/#\/schema\/logo\/image\/"}}]}},"_links":{"self":[{"href":"https:\/\/quadalkatreszek.com\/en\/wp-json\/wp\/v2\/product\/30048","targetHints":{"allow":["GET"]}}],"collection":[{"href":"https:\/\/quadalkatreszek.com\/en\/wp-json\/wp\/v2\/product"}],"about":[{"href":"https:\/\/quadalkatreszek.com\/en\/wp-json\/wp\/v2\/types\/product"}],"replies":[{"embeddable":true,"href":"https:\/\/quadalkatreszek.com\/en\/wp-json\/wp\/v2\/comments?post=30048"}],"wp:featuredmedia":[{"embeddable":true,"href":"https:\/\/quadalkatreszek.com\/en\/wp-json\/wp\/v2\/media\/26840"}],"wp:attachment":[{"href":"https:\/\/quadalkatreszek.com\/en\/wp-json\/wp\/v2\/media?parent=30048"}],"wp:term":[{"taxonomy":"product_brand","embeddable":true,"href":"https:\/\/quadalkatreszek.com\/en\/wp-json\/wp\/v2\/product_brand?post=30048"},{"taxonomy":"product_cat","embeddable":true,"href":"https:\/\/quadalkatreszek.com\/en\/wp-json\/wp\/v2\/product_cat?post=30048"},{"taxonomy":"product_tag","embeddable":true,"href":"https:\/\/quadalkatreszek.com\/en\/wp-json\/wp\/v2\/product_tag?post=30048"}],"curies":[{"name":"wp","href":"https:\/\/api.w.org\/{rel}","templated":true}]}}