{"id":30104,"date":"2022-06-28T15:10:32","date_gmt":"2022-06-28T14:10:32","guid":{"rendered":"https:\/\/quadalkatreszek.com\/product\/kxd-008-gyerek-quad\/"},"modified":"2025-06-26T08:32:00","modified_gmt":"2025-06-26T07:32:00","slug":"kxd-008-gyerek-quad-narancssarga-125cc","status":"publish","type":"product","link":"https:\/\/quadalkatreszek.com\/en\/product\/kxd-008-gyerek-quad-narancssarga-125cc\/","title":{"rendered":"KXD Ranger 008 125cc gyerek quad s\u00e1rga"},"content":{"rendered":"<p>F\u00e9lautomata gyerek quad.<\/p>\n<p>Ez a term\u00e9k k\u00f6z\u00fati forgalomban nem vehet r\u00e9szt!!!<\/p>\n<p>F\u00e9lautomata, teh\u00e1t h\u00e1rom sebess\u00e9g el\u0151re \u00e9s egy sebess\u00e9g h\u00e1tra, viszont nincs kuplung csak a sebess\u00e9geket kell kapcsolni egy l\u00e1bv\u00e1lt\u00f3 kar seg\u00edts\u00e9g\u00e9vel.<br \/>\nA gyermek quad vezet\u00e9s\u00e9t nagyon k\u00f6nnyen p\u00e1r perc alatt el lehet saj\u00e1t\u00edtani.<\/p>\n<p>Tov\u00e1bb\u00e1 a sebess\u00e9g\u00fck a g\u00e1zkar \u00e1ll\u00edt\u00e1s\u00e1val szab\u00e1lyozhat\u00f3, \u00edgy a gyermek kezdetben nem tud t\u00fal gyorsan menni a quaddal.<br \/>\n8-9 \u00e9ves kort\u00f3l aj\u00e1nljuk ezt a modellt, max. terhelhet\u0151s\u00e9ge 75 kil\u00f3, nagy 8 colos kerekekkel rendelkezik, teh\u00e1t kisebb feln\u0151ttek is haszn\u00e1lhatj\u00e1k<br \/>\nA KXD 008-as quadra term\u00e9szetesen garanci\u00e1t v\u00e1llalunk \u00e9s teljes alkatr\u00e9sz ut\u00e1np\u00f3tl\u00e1st biztos\u00edtunk.<br \/>\nTov\u00e1bb\u00e1 ingyenes telefonos szerviz seg\u00edts\u00e9get ny\u00fajtunk a n\u00e1lunk v\u00e1s\u00e1rolt quadok, cross motorok, dirt bike-ok, Pit bike-ok ,karbantart\u00e1s\u00e1hoz, szerel\u00e9s\u00e9hez.<br \/>\nKisz\u00e1ll\u00edt\u00e1st v\u00e1llalunk az orsz\u00e1g teljes ter\u00fclet\u00e9re.<\/p>\n<p><strong>Quadok, Dirt Bike-ok kisz\u00e1ll\u00edt\u00e1s\u00e1t egyedi d\u00edjjal tudjuk v\u00e1llalni. Pontos \u00e1r\u00e9rt \u00e9rdekl\u0151dj\u00f6n telefonon vagy e-mailben. <\/strong><\/p>\n<p><strong>A j\u00e1rm\u0171 k\u00f6z\u00fati forgalomban nem, vehet r\u00e9szt!<\/strong><\/p>\n<p>Az \u00e1r doboz \u00e1r!<\/p>\n<p>Motor: 125ccm, 1 henger, 4 \u00fctem\u0171<br \/>\nH\u0171t\u00e9s: L\u00e9gh\u0171t\u00e9s<br \/>\nSebess\u00e9g: 45-50 km\/h<br \/>\nGy\u00fajt\u00e1s: Elektromos \/ CDI<br \/>\nV\u00e1lt\u00f3: F\u00e9lautomata v\u00e1lt\u00f3 + tolat\u00e1s(3+1)<br \/>\nMeghajt\u00e1s: L\u00e1nc<br \/>\nEls\u0151 f\u00e9k: hidraulikus<br \/>\nH\u00e1ts\u00f3 f\u00e9k: Hidraulikus t\u00e1rcsaf\u00e9k<br \/>\nM\u00e9retek (H x Sz x M): 1400 mm x 820 mm x 900 mm<br \/>\n\u00dcl\u00e9smagass\u00e1g: 700 mm<br \/>\nS\u00faly: 96 kg<br \/>\nMax \u00f6sszt\u00f6meg: 75kg<br \/>\nKerekek h\u00e1tul: 18X9,5-8<br \/>\nH\u00e1ts\u00f3 gumik: 19&#215;7-8<\/p>\n<p>F\u00e9lautomata gyerek quad<\/p>\n<p>&#8211; &#8211; &#8211;<br \/>\n<!--kkod_start--><\/p>\n<div class=\"kkod-visible\">kkod:93<\/div>\n<p><!--kkod_end--><\/p>","protected":false},"excerpt":{"rendered":"<p>KXD 008 gyerek quad 125 ccm-es f\u00e9lautomata v\u00e1lt\u00f3<\/p>\n<p>Ez a term\u00e9k k\u00f6z\u00fati forgalomban nem vehet r\u00e9szt!!!<\/p>","protected":false},"featured_media":38980,"comment_status":"open","ping_status":"closed","template":"","meta":[],"product_brand":[],"product_cat":[103],"product_tag":[],"class_list":{"0":"post-30104","1":"product","2":"type-product","3":"status-publish","4":"has-post-thumbnail","6":"product_cat-gyerek-quadok","7":"product_shipping_class-tulmeret-1","9":"first","10":"instock","11":"shipping-taxable","12":"purchasable","13":"product-type-simple"},"yoast_head":"<!-- This site is optimized with the Yoast SEO plugin v27.5 - https:\/\/yoast.com\/product\/yoast-seo-wordpress\/ -->\n<title>F\u00e9lautomata gyerek quad 125cc - quadalkatreszek.com<\/title>\n<meta name=\"description\" content=\"F\u00e9lautomata gyerek quad, teh\u00e1t h\u00e1rom sebess\u00e9g el\u0151re \u00e9s egy sebess\u00e9g h\u00e1tra, viszont nincs kuplung csak a sebess\u00e9geket kell kapcsolni a l\u00e1bv\u00e1lt\u00f3 seg\u00edts\u00e9g\u00e9vel.\" \/>\n<meta name=\"robots\" content=\"index, follow, max-snippet:-1, max-image-preview:large, max-video-preview:-1\" \/>\n<link rel=\"canonical\" href=\"https:\/\/quadalkatreszek.com\/en\/product\/kxd-008-gyerek-quad-narancssarga-125cc\/\" \/>\n<meta property=\"og:locale\" content=\"en_US\" \/>\n<meta property=\"og:type\" content=\"article\" \/>\n<meta property=\"og:title\" content=\"F\u00e9lautomata gyerek quad 125cc - quadalkatreszek.com\" \/>\n<meta property=\"og:description\" content=\"F\u00e9lautomata gyerek quad, teh\u00e1t h\u00e1rom sebess\u00e9g el\u0151re \u00e9s egy sebess\u00e9g h\u00e1tra, viszont nincs kuplung csak a sebess\u00e9geket kell kapcsolni a l\u00e1bv\u00e1lt\u00f3 seg\u00edts\u00e9g\u00e9vel.\" \/>\n<meta property=\"og:url\" content=\"https:\/\/quadalkatreszek.com\/en\/product\/kxd-008-gyerek-quad-narancssarga-125cc\/\" \/>\n<meta property=\"og:site_name\" content=\"quadalkatreszek.com\" \/>\n<meta property=\"article:modified_time\" content=\"2025-06-26T07:32:00+00:00\" \/>\n<meta property=\"og:image\" content=\"https:\/\/quadalkatreszek.com\/wp-content\/uploads\/2022\/06\/387476784_2589367747885644_5392724846264431572_n.jpg\" \/>\n\t<meta property=\"og:image:width\" content=\"1748\" \/>\n\t<meta property=\"og:image:height\" content=\"1152\" \/>\n\t<meta property=\"og:image:type\" content=\"image\/jpeg\" \/>\n<meta name=\"twitter:card\" content=\"summary_large_image\" \/>\n<meta name=\"twitter:label1\" content=\"Est. reading time\" \/>\n\t<meta name=\"twitter:data1\" content=\"2 minutes\" \/>\n<script type=\"application\/ld+json\" class=\"yoast-schema-graph\">{\"@context\":\"https:\\\/\\\/schema.org\",\"@graph\":[{\"@type\":\"WebPage\",\"@id\":\"https:\\\/\\\/quadalkatreszek.com\\\/product\\\/kxd-008-gyerek-quad-narancssarga-125cc\\\/\",\"url\":\"https:\\\/\\\/quadalkatreszek.com\\\/product\\\/kxd-008-gyerek-quad-narancssarga-125cc\\\/\",\"name\":\"F\u00e9lautomata gyerek quad 125cc - quadalkatreszek.com\",\"isPartOf\":{\"@id\":\"https:\\\/\\\/quadalkatreszek.com\\\/#website\"},\"primaryImageOfPage\":{\"@id\":\"https:\\\/\\\/quadalkatreszek.com\\\/product\\\/kxd-008-gyerek-quad-narancssarga-125cc\\\/#primaryimage\"},\"image\":{\"@id\":\"https:\\\/\\\/quadalkatreszek.com\\\/product\\\/kxd-008-gyerek-quad-narancssarga-125cc\\\/#primaryimage\"},\"thumbnailUrl\":\"https:\\\/\\\/quadalkatreszek.com\\\/wp-content\\\/uploads\\\/2022\\\/06\\\/387476784_2589367747885644_5392724846264431572_n.jpg\",\"datePublished\":\"2022-06-28T14:10:32+00:00\",\"dateModified\":\"2025-06-26T07:32:00+00:00\",\"description\":\"F\u00e9lautomata gyerek quad, teh\u00e1t h\u00e1rom sebess\u00e9g el\u0151re \u00e9s egy sebess\u00e9g h\u00e1tra, viszont nincs kuplung csak a sebess\u00e9geket kell kapcsolni a l\u00e1bv\u00e1lt\u00f3 seg\u00edts\u00e9g\u00e9vel.\",\"breadcrumb\":{\"@id\":\"https:\\\/\\\/quadalkatreszek.com\\\/product\\\/kxd-008-gyerek-quad-narancssarga-125cc\\\/#breadcrumb\"},\"inLanguage\":\"en-US\",\"potentialAction\":[{\"@type\":\"ReadAction\",\"target\":[\"https:\\\/\\\/quadalkatreszek.com\\\/product\\\/kxd-008-gyerek-quad-narancssarga-125cc\\\/\"]}]},{\"@type\":\"ImageObject\",\"inLanguage\":\"en-US\",\"@id\":\"https:\\\/\\\/quadalkatreszek.com\\\/product\\\/kxd-008-gyerek-quad-narancssarga-125cc\\\/#primaryimage\",\"url\":\"https:\\\/\\\/quadalkatreszek.com\\\/wp-content\\\/uploads\\\/2022\\\/06\\\/387476784_2589367747885644_5392724846264431572_n.jpg\",\"contentUrl\":\"https:\\\/\\\/quadalkatreszek.com\\\/wp-content\\\/uploads\\\/2022\\\/06\\\/387476784_2589367747885644_5392724846264431572_n.jpg\",\"width\":1748,\"height\":1152,\"caption\":\"125cc ranger quad. A kxd , barton , apollo, highper \u00e9s egy\u00e9b k\u00ednai m\u00e1rk\u00e1khoz hasonl\u00edt\u00f3 quad\"},{\"@type\":\"BreadcrumbList\",\"@id\":\"https:\\\/\\\/quadalkatreszek.com\\\/product\\\/kxd-008-gyerek-quad-narancssarga-125cc\\\/#breadcrumb\",\"itemListElement\":[{\"@type\":\"ListItem\",\"position\":1,\"name\":\"Kezd\u0151lap\",\"item\":\"https:\\\/\\\/quadalkatreszek.com\\\/\"},{\"@type\":\"ListItem\",\"position\":2,\"name\":\"Shop\",\"item\":\"https:\\\/\\\/quadalkatreszek.com\\\/shop\\\/\"},{\"@type\":\"ListItem\",\"position\":3,\"name\":\"KXD Ranger 008 125cc gyerek quad s\u00e1rga\"}]},{\"@type\":\"WebSite\",\"@id\":\"https:\\\/\\\/quadalkatreszek.com\\\/#website\",\"url\":\"https:\\\/\\\/quadalkatreszek.com\\\/\",\"name\":\"quadalkatreszek.com\",\"description\":\"alkatr\u00e9szek - azonnal - rakt\u00e1rr\u00f3l\",\"publisher\":{\"@id\":\"https:\\\/\\\/quadalkatreszek.com\\\/#organization\"},\"potentialAction\":[{\"@type\":\"SearchAction\",\"target\":{\"@type\":\"EntryPoint\",\"urlTemplate\":\"https:\\\/\\\/quadalkatreszek.com\\\/?s={search_term_string}\"},\"query-input\":{\"@type\":\"PropertyValueSpecification\",\"valueRequired\":true,\"valueName\":\"search_term_string\"}}],\"inLanguage\":\"en-US\"},{\"@type\":\"Organization\",\"@id\":\"https:\\\/\\\/quadalkatreszek.com\\\/#organization\",\"name\":\"quadalkatreszek.com\",\"url\":\"https:\\\/\\\/quadalkatreszek.com\\\/\",\"logo\":{\"@type\":\"ImageObject\",\"inLanguage\":\"en-US\",\"@id\":\"https:\\\/\\\/quadalkatreszek.com\\\/#\\\/schema\\\/logo\\\/image\\\/\",\"url\":\"https:\\\/\\\/quadalkatreszek.com\\\/wp-content\\\/uploads\\\/2023\\\/01\\\/korlogo-2.png\",\"contentUrl\":\"https:\\\/\\\/quadalkatreszek.com\\\/wp-content\\\/uploads\\\/2023\\\/01\\\/korlogo-2.png\",\"width\":866,\"height\":866,\"caption\":\"quadalkatreszek.com\"},\"image\":{\"@id\":\"https:\\\/\\\/quadalkatreszek.com\\\/#\\\/schema\\\/logo\\\/image\\\/\"}}]}<\/script>\n<!-- \/ Yoast SEO plugin. -->","yoast_head_json":{"title":"F\u00e9lautomata gyerek quad 125cc - quadalkatreszek.com","description":"F\u00e9lautomata gyerek quad, teh\u00e1t h\u00e1rom sebess\u00e9g el\u0151re \u00e9s egy sebess\u00e9g h\u00e1tra, viszont nincs kuplung csak a sebess\u00e9geket kell kapcsolni a l\u00e1bv\u00e1lt\u00f3 seg\u00edts\u00e9g\u00e9vel.","robots":{"index":"index","follow":"follow","max-snippet":"max-snippet:-1","max-image-preview":"max-image-preview:large","max-video-preview":"max-video-preview:-1"},"canonical":"https:\/\/quadalkatreszek.com\/en\/product\/kxd-008-gyerek-quad-narancssarga-125cc\/","og_locale":"en_US","og_type":"article","og_title":"F\u00e9lautomata gyerek quad 125cc - quadalkatreszek.com","og_description":"F\u00e9lautomata gyerek quad, teh\u00e1t h\u00e1rom sebess\u00e9g el\u0151re \u00e9s egy sebess\u00e9g h\u00e1tra, viszont nincs kuplung csak a sebess\u00e9geket kell kapcsolni a l\u00e1bv\u00e1lt\u00f3 seg\u00edts\u00e9g\u00e9vel.","og_url":"https:\/\/quadalkatreszek.com\/en\/product\/kxd-008-gyerek-quad-narancssarga-125cc\/","og_site_name":"quadalkatreszek.com","article_modified_time":"2025-06-26T07:32:00+00:00","og_image":[{"width":1748,"height":1152,"url":"https:\/\/quadalkatreszek.com\/wp-content\/uploads\/2022\/06\/387476784_2589367747885644_5392724846264431572_n.jpg","type":"image\/jpeg"}],"twitter_card":"summary_large_image","twitter_misc":{"Est. reading time":"2 minutes"},"schema":{"@context":"https:\/\/schema.org","@graph":[{"@type":"WebPage","@id":"https:\/\/quadalkatreszek.com\/product\/kxd-008-gyerek-quad-narancssarga-125cc\/","url":"https:\/\/quadalkatreszek.com\/product\/kxd-008-gyerek-quad-narancssarga-125cc\/","name":"F\u00e9lautomata gyerek quad 125cc - quadalkatreszek.com","isPartOf":{"@id":"https:\/\/quadalkatreszek.com\/#website"},"primaryImageOfPage":{"@id":"https:\/\/quadalkatreszek.com\/product\/kxd-008-gyerek-quad-narancssarga-125cc\/#primaryimage"},"image":{"@id":"https:\/\/quadalkatreszek.com\/product\/kxd-008-gyerek-quad-narancssarga-125cc\/#primaryimage"},"thumbnailUrl":"https:\/\/quadalkatreszek.com\/wp-content\/uploads\/2022\/06\/387476784_2589367747885644_5392724846264431572_n.jpg","datePublished":"2022-06-28T14:10:32+00:00","dateModified":"2025-06-26T07:32:00+00:00","description":"F\u00e9lautomata gyerek quad, teh\u00e1t h\u00e1rom sebess\u00e9g el\u0151re \u00e9s egy sebess\u00e9g h\u00e1tra, viszont nincs kuplung csak a sebess\u00e9geket kell kapcsolni a l\u00e1bv\u00e1lt\u00f3 seg\u00edts\u00e9g\u00e9vel.","breadcrumb":{"@id":"https:\/\/quadalkatreszek.com\/product\/kxd-008-gyerek-quad-narancssarga-125cc\/#breadcrumb"},"inLanguage":"en-US","potentialAction":[{"@type":"ReadAction","target":["https:\/\/quadalkatreszek.com\/product\/kxd-008-gyerek-quad-narancssarga-125cc\/"]}]},{"@type":"ImageObject","inLanguage":"en-US","@id":"https:\/\/quadalkatreszek.com\/product\/kxd-008-gyerek-quad-narancssarga-125cc\/#primaryimage","url":"https:\/\/quadalkatreszek.com\/wp-content\/uploads\/2022\/06\/387476784_2589367747885644_5392724846264431572_n.jpg","contentUrl":"https:\/\/quadalkatreszek.com\/wp-content\/uploads\/2022\/06\/387476784_2589367747885644_5392724846264431572_n.jpg","width":1748,"height":1152,"caption":"125cc ranger quad. A kxd , barton , apollo, highper \u00e9s egy\u00e9b k\u00ednai m\u00e1rk\u00e1khoz hasonl\u00edt\u00f3 quad"},{"@type":"BreadcrumbList","@id":"https:\/\/quadalkatreszek.com\/product\/kxd-008-gyerek-quad-narancssarga-125cc\/#breadcrumb","itemListElement":[{"@type":"ListItem","position":1,"name":"Kezd\u0151lap","item":"https:\/\/quadalkatreszek.com\/"},{"@type":"ListItem","position":2,"name":"Shop","item":"https:\/\/quadalkatreszek.com\/shop\/"},{"@type":"ListItem","position":3,"name":"KXD Ranger 008 125cc gyerek quad s\u00e1rga"}]},{"@type":"WebSite","@id":"https:\/\/quadalkatreszek.com\/#website","url":"https:\/\/quadalkatreszek.com\/","name":"quadalkatreszek.com","description":"alkatr\u00e9szek - azonnal - rakt\u00e1rr\u00f3l","publisher":{"@id":"https:\/\/quadalkatreszek.com\/#organization"},"potentialAction":[{"@type":"SearchAction","target":{"@type":"EntryPoint","urlTemplate":"https:\/\/quadalkatreszek.com\/?s={search_term_string}"},"query-input":{"@type":"PropertyValueSpecification","valueRequired":true,"valueName":"search_term_string"}}],"inLanguage":"en-US"},{"@type":"Organization","@id":"https:\/\/quadalkatreszek.com\/#organization","name":"quadalkatreszek.com","url":"https:\/\/quadalkatreszek.com\/","logo":{"@type":"ImageObject","inLanguage":"en-US","@id":"https:\/\/quadalkatreszek.com\/#\/schema\/logo\/image\/","url":"https:\/\/quadalkatreszek.com\/wp-content\/uploads\/2023\/01\/korlogo-2.png","contentUrl":"https:\/\/quadalkatreszek.com\/wp-content\/uploads\/2023\/01\/korlogo-2.png","width":866,"height":866,"caption":"quadalkatreszek.com"},"image":{"@id":"https:\/\/quadalkatreszek.com\/#\/schema\/logo\/image\/"}}]}},"_links":{"self":[{"href":"https:\/\/quadalkatreszek.com\/en\/wp-json\/wp\/v2\/product\/30104","targetHints":{"allow":["GET"]}}],"collection":[{"href":"https:\/\/quadalkatreszek.com\/en\/wp-json\/wp\/v2\/product"}],"about":[{"href":"https:\/\/quadalkatreszek.com\/en\/wp-json\/wp\/v2\/types\/product"}],"replies":[{"embeddable":true,"href":"https:\/\/quadalkatreszek.com\/en\/wp-json\/wp\/v2\/comments?post=30104"}],"wp:featuredmedia":[{"embeddable":true,"href":"https:\/\/quadalkatreszek.com\/en\/wp-json\/wp\/v2\/media\/38980"}],"wp:attachment":[{"href":"https:\/\/quadalkatreszek.com\/en\/wp-json\/wp\/v2\/media?parent=30104"}],"wp:term":[{"taxonomy":"product_brand","embeddable":true,"href":"https:\/\/quadalkatreszek.com\/en\/wp-json\/wp\/v2\/product_brand?post=30104"},{"taxonomy":"product_cat","embeddable":true,"href":"https:\/\/quadalkatreszek.com\/en\/wp-json\/wp\/v2\/product_cat?post=30104"},{"taxonomy":"product_tag","embeddable":true,"href":"https:\/\/quadalkatreszek.com\/en\/wp-json\/wp\/v2\/product_tag?post=30104"}],"curies":[{"name":"wp","href":"https:\/\/api.w.org\/{rel}","templated":true}]}}