{"id":30131,"date":"2022-06-28T15:10:37","date_gmt":"2022-06-28T14:10:37","guid":{"rendered":"https:\/\/quadalkatreszek.com\/product\/upbeat-125cc-dirt-bike-4\/"},"modified":"2025-07-28T19:44:43","modified_gmt":"2025-07-28T18:44:43","slug":"upbeat-125cc-dirt-bike-17-14-kerekmeret-narancs","status":"publish","type":"product","link":"https:\/\/quadalkatreszek.com\/en\/product\/upbeat-125cc-dirt-bike-17-14-kerekmeret-narancs\/","title":{"rendered":"UPBEAT 125CC Dirt Bike 17\/14  ker\u00e9km\u00e9ret, narancs"},"content":{"rendered":"<p>125cc Dirt Bike<\/p>\n<p>Ez a term\u00e9k k\u00f6z\u00fati forgalomban nem vehet r\u00e9szt!!!<\/p>\n<p>Pro Upbeat Dirt bike \/Pitbike 125cc k\u00e9k sz\u00ednben.<\/p>\n<p>Er\u0151s\u00edtett Pro modell sok \u00faj\u00edt\u00e1ssal! Sz\u00ednre f\u00fajt v\u00e1z , \u00e1ll\u00edthat\u00f3 els\u0151 teleszk\u00f3p\u00f3k, automata l\u00e1ncfesz\u00edt\u0151 stb..<\/p>\n<p>125 k\u00f6bcentis 4 sebess\u00e9ges, 1 hengeres l\u00e9gh\u0171t\u00e9ses, manu\u00e1lis v\u00e1lt\u00f3s Cross motor 17\/14 ker\u00e9k m\u00e9rettel.<\/p>\n<p>10-12 \u00e9ves kort\u00f3l aj\u00e1nljuk ezt a modellt, maximum terhelhet\u0151s\u00e9ge 75-80 kil\u00f3 nagy, 17\/14 colos kerekekkel rendelkezik,<\/p>\n<p>ez\u00e9rt kisebb termet\u0171 feln\u0151ttek is haszn\u00e1lhatj\u00e1k.<\/p>\n<p>Kit\u0171n\u0151 v\u00e1laszt\u00e1s hobbi motoroz\u00e1s c\u00e9lj\u00e1ra, illetve els\u0151 motornak, tanul\u00f3 motornak is megfelel.<\/p>\n<p>A term\u00e9kre garanci\u00e1t v\u00e1llalunk \u00e9s teljes alkatr\u00e9sz ut\u00e1np\u00f3tl\u00e1st biztos\u00edtunk.<\/p>\n<p>Tov\u00e1bb\u00e1 ingyenes telefonos szerviz seg\u00edts\u00e9get ny\u00fajtunk a n\u00e1lunk v\u00e1s\u00e1rolt motorok karbantart\u00e1s\u00e1hoz, szerel\u00e9s\u00e9hez.<\/p>\n<p>Az \u00e1r doboz \u00e1r!<\/p>\n<p><strong>Quadok, Dirt Bike-ok kisz\u00e1ll\u00edt\u00e1s\u00e1t egyedi d\u00edjjal tudjuk v\u00e1llalni. Pontos \u00e1r\u00e9rt \u00e9rdekl\u0151dj\u00f6n telefonon vagy e-mailben. <\/strong><\/p>\n<p>Motort\u00edpus: egyhengeres,4-\u00fctem\u0171,l\u00e9gh\u0171t\u00e9ses<br \/>\nHenger\u00fbrtartalom: 124 ml<br \/>\nFurat \u00d7 l\u00f6ket: 53 mm \u00d7 50,4 mm<br \/>\nInd\u00edt\u00f3rendszer: Berug\u00f3kar<br \/>\nKer\u00e9k meghajt\u00e1s: l\u00e1nc<br \/>\nEls\u00f5 f\u00e9k t\u00edpusa: t\u00e1rcsa<br \/>\nH\u00e1ts\u00f3 f\u00e9k t\u00edpusa: t\u00e1rcsa<br \/>\nSebess\u00e9gv\u00e1lt\u00f3: 4 sebess\u00e9g(manu\u00e1lis v\u00e1lt\u00f3)<br \/>\nHossz: 1600 mm<br \/>\n\u00dcl\u00e9smagass\u00e1g: 840 mm<br \/>\nHasmagass\u00e1g: 300 mm<br \/>\nEls\u00f5 gumim\u00e9ret: 70x100x17<br \/>\nH\u00e1ts\u00f3 gumim\u00e9ret: 90x100x14<br \/>\nV\u00e9gsebess\u00e9g:60- 80 km\/h<br \/>\nNett\u00f3 t\u00f6meg: 80 kg<\/p>\n<p>&#8211; &#8211; &#8211;<br \/>\n<!--kkod_start--><\/p>\n<div class=\"kkod-visible\">kkod:93<\/div>\n<p><!--kkod_end--><\/p>","protected":false},"excerpt":{"rendered":"<p>125ccm 4 sebess\u00e9ges, manu\u00e1lis v\u00e1lt\u00f3. 17\/14 ker\u00e9k (narancs).<\/p>\n<p>Ez a term\u00e9k k\u00f6z\u00fati forgalomban nem vehet r\u00e9szt!!!<\/p>","protected":false},"featured_media":41219,"comment_status":"open","ping_status":"closed","template":"","meta":[],"product_brand":[],"product_cat":[136],"product_tag":[],"class_list":{"0":"post-30131","1":"product","2":"type-product","3":"status-publish","4":"has-post-thumbnail","6":"product_cat-cross-motorok-dirt-bike-ok","7":"product_shipping_class-tulmeret-1","9":"first","10":"instock","11":"shipping-taxable","12":"purchasable","13":"product-type-simple"},"yoast_head":"<!-- This site is optimized with the Yoast SEO plugin v27.4 - https:\/\/yoast.com\/product\/yoast-seo-wordpress\/ -->\n<title>UPBEAT 125CC Dirt Bike 17\/14 ker\u00e9km\u00e9ret, narancs -<\/title>\n<meta name=\"description\" content=\"125cc Dirt Bike 4 sebess\u00e9ges, 1 hengeres l\u00e9gh\u0171t\u00e9ses, manu\u00e1lis v\u00e1lt\u00f3s Cross motor 17\/14 ker\u00e9k m\u00e9rettel. 10 \u00e9ves kort\u00f3l aj\u00e1nljuk ezt a modellt\" \/>\n<meta name=\"robots\" content=\"index, follow, max-snippet:-1, max-image-preview:large, max-video-preview:-1\" \/>\n<link rel=\"canonical\" href=\"https:\/\/quadalkatreszek.com\/en\/product\/upbeat-125cc-dirt-bike-17-14-kerekmeret-narancs\/\" \/>\n<meta property=\"og:locale\" content=\"en_US\" \/>\n<meta property=\"og:type\" content=\"article\" \/>\n<meta property=\"og:title\" content=\"UPBEAT 125CC Dirt Bike 17\/14 ker\u00e9km\u00e9ret, narancs -\" \/>\n<meta property=\"og:description\" content=\"125cc Dirt Bike 4 sebess\u00e9ges, 1 hengeres l\u00e9gh\u0171t\u00e9ses, manu\u00e1lis v\u00e1lt\u00f3s Cross motor 17\/14 ker\u00e9k m\u00e9rettel. 10 \u00e9ves kort\u00f3l aj\u00e1nljuk ezt a modellt\" \/>\n<meta property=\"og:url\" content=\"https:\/\/quadalkatreszek.com\/en\/product\/upbeat-125cc-dirt-bike-17-14-kerekmeret-narancs\/\" \/>\n<meta property=\"og:site_name\" content=\"quadalkatreszek.com\" \/>\n<meta property=\"article:modified_time\" content=\"2025-07-28T18:44:43+00:00\" \/>\n<meta property=\"og:image\" content=\"https:\/\/quadalkatreszek.com\/wp-content\/uploads\/2024\/04\/Dirt-bike-pitbike-125cc-orange.jpg\" \/>\n\t<meta property=\"og:image:width\" content=\"1020\" \/>\n\t<meta property=\"og:image:height\" content=\"765\" \/>\n\t<meta property=\"og:image:type\" content=\"image\/jpeg\" \/>\n<meta name=\"twitter:card\" content=\"summary_large_image\" \/>\n<meta name=\"twitter:label1\" content=\"Est. reading time\" \/>\n\t<meta name=\"twitter:data1\" content=\"1 minute\" \/>\n<script type=\"application\/ld+json\" class=\"yoast-schema-graph\">{\"@context\":\"https:\\\/\\\/schema.org\",\"@graph\":[{\"@type\":\"WebPage\",\"@id\":\"https:\\\/\\\/quadalkatreszek.com\\\/product\\\/upbeat-125cc-dirt-bike-17-14-kerekmeret-narancs\\\/\",\"url\":\"https:\\\/\\\/quadalkatreszek.com\\\/product\\\/upbeat-125cc-dirt-bike-17-14-kerekmeret-narancs\\\/\",\"name\":\"UPBEAT 125CC Dirt Bike 17\\\/14 ker\u00e9km\u00e9ret, narancs -\",\"isPartOf\":{\"@id\":\"https:\\\/\\\/quadalkatreszek.com\\\/#website\"},\"primaryImageOfPage\":{\"@id\":\"https:\\\/\\\/quadalkatreszek.com\\\/product\\\/upbeat-125cc-dirt-bike-17-14-kerekmeret-narancs\\\/#primaryimage\"},\"image\":{\"@id\":\"https:\\\/\\\/quadalkatreszek.com\\\/product\\\/upbeat-125cc-dirt-bike-17-14-kerekmeret-narancs\\\/#primaryimage\"},\"thumbnailUrl\":\"https:\\\/\\\/quadalkatreszek.com\\\/wp-content\\\/uploads\\\/2024\\\/04\\\/Dirt-bike-pitbike-125cc-orange.jpg\",\"datePublished\":\"2022-06-28T14:10:37+00:00\",\"dateModified\":\"2025-07-28T18:44:43+00:00\",\"description\":\"125cc Dirt Bike 4 sebess\u00e9ges, 1 hengeres l\u00e9gh\u0171t\u00e9ses, manu\u00e1lis v\u00e1lt\u00f3s Cross motor 17\\\/14 ker\u00e9k m\u00e9rettel. 10 \u00e9ves kort\u00f3l aj\u00e1nljuk ezt a modellt\",\"breadcrumb\":{\"@id\":\"https:\\\/\\\/quadalkatreszek.com\\\/product\\\/upbeat-125cc-dirt-bike-17-14-kerekmeret-narancs\\\/#breadcrumb\"},\"inLanguage\":\"en-US\",\"potentialAction\":[{\"@type\":\"ReadAction\",\"target\":[\"https:\\\/\\\/quadalkatreszek.com\\\/product\\\/upbeat-125cc-dirt-bike-17-14-kerekmeret-narancs\\\/\"]}]},{\"@type\":\"ImageObject\",\"inLanguage\":\"en-US\",\"@id\":\"https:\\\/\\\/quadalkatreszek.com\\\/product\\\/upbeat-125cc-dirt-bike-17-14-kerekmeret-narancs\\\/#primaryimage\",\"url\":\"https:\\\/\\\/quadalkatreszek.com\\\/wp-content\\\/uploads\\\/2024\\\/04\\\/Dirt-bike-pitbike-125cc-orange.jpg\",\"contentUrl\":\"https:\\\/\\\/quadalkatreszek.com\\\/wp-content\\\/uploads\\\/2024\\\/04\\\/Dirt-bike-pitbike-125cc-orange.jpg\",\"width\":1020,\"height\":765,\"caption\":\"Pitbike \\\/ dirt bike 125cc\"},{\"@type\":\"BreadcrumbList\",\"@id\":\"https:\\\/\\\/quadalkatreszek.com\\\/product\\\/upbeat-125cc-dirt-bike-17-14-kerekmeret-narancs\\\/#breadcrumb\",\"itemListElement\":[{\"@type\":\"ListItem\",\"position\":1,\"name\":\"Kezd\u0151lap\",\"item\":\"https:\\\/\\\/quadalkatreszek.com\\\/\"},{\"@type\":\"ListItem\",\"position\":2,\"name\":\"Shop\",\"item\":\"https:\\\/\\\/quadalkatreszek.com\\\/shop\\\/\"},{\"@type\":\"ListItem\",\"position\":3,\"name\":\"UPBEAT 125CC Dirt Bike 17\\\/14 ker\u00e9km\u00e9ret, narancs\"}]},{\"@type\":\"WebSite\",\"@id\":\"https:\\\/\\\/quadalkatreszek.com\\\/#website\",\"url\":\"https:\\\/\\\/quadalkatreszek.com\\\/\",\"name\":\"quadalkatreszek.com\",\"description\":\"alkatr\u00e9szek - azonnal - rakt\u00e1rr\u00f3l\",\"publisher\":{\"@id\":\"https:\\\/\\\/quadalkatreszek.com\\\/#organization\"},\"potentialAction\":[{\"@type\":\"SearchAction\",\"target\":{\"@type\":\"EntryPoint\",\"urlTemplate\":\"https:\\\/\\\/quadalkatreszek.com\\\/?s={search_term_string}\"},\"query-input\":{\"@type\":\"PropertyValueSpecification\",\"valueRequired\":true,\"valueName\":\"search_term_string\"}}],\"inLanguage\":\"en-US\"},{\"@type\":\"Organization\",\"@id\":\"https:\\\/\\\/quadalkatreszek.com\\\/#organization\",\"name\":\"quadalkatreszek.com\",\"url\":\"https:\\\/\\\/quadalkatreszek.com\\\/\",\"logo\":{\"@type\":\"ImageObject\",\"inLanguage\":\"en-US\",\"@id\":\"https:\\\/\\\/quadalkatreszek.com\\\/#\\\/schema\\\/logo\\\/image\\\/\",\"url\":\"https:\\\/\\\/quadalkatreszek.com\\\/wp-content\\\/uploads\\\/2023\\\/01\\\/korlogo-2.png\",\"contentUrl\":\"https:\\\/\\\/quadalkatreszek.com\\\/wp-content\\\/uploads\\\/2023\\\/01\\\/korlogo-2.png\",\"width\":866,\"height\":866,\"caption\":\"quadalkatreszek.com\"},\"image\":{\"@id\":\"https:\\\/\\\/quadalkatreszek.com\\\/#\\\/schema\\\/logo\\\/image\\\/\"}}]}<\/script>\n<!-- \/ Yoast SEO plugin. -->","yoast_head_json":{"title":"UPBEAT 125CC Dirt Bike 17\/14 ker\u00e9km\u00e9ret, narancs -","description":"125cc Dirt Bike 4 sebess\u00e9ges, 1 hengeres l\u00e9gh\u0171t\u00e9ses, manu\u00e1lis v\u00e1lt\u00f3s Cross motor 17\/14 ker\u00e9k m\u00e9rettel. 10 \u00e9ves kort\u00f3l aj\u00e1nljuk ezt a modellt","robots":{"index":"index","follow":"follow","max-snippet":"max-snippet:-1","max-image-preview":"max-image-preview:large","max-video-preview":"max-video-preview:-1"},"canonical":"https:\/\/quadalkatreszek.com\/en\/product\/upbeat-125cc-dirt-bike-17-14-kerekmeret-narancs\/","og_locale":"en_US","og_type":"article","og_title":"UPBEAT 125CC Dirt Bike 17\/14 ker\u00e9km\u00e9ret, narancs -","og_description":"125cc Dirt Bike 4 sebess\u00e9ges, 1 hengeres l\u00e9gh\u0171t\u00e9ses, manu\u00e1lis v\u00e1lt\u00f3s Cross motor 17\/14 ker\u00e9k m\u00e9rettel. 10 \u00e9ves kort\u00f3l aj\u00e1nljuk ezt a modellt","og_url":"https:\/\/quadalkatreszek.com\/en\/product\/upbeat-125cc-dirt-bike-17-14-kerekmeret-narancs\/","og_site_name":"quadalkatreszek.com","article_modified_time":"2025-07-28T18:44:43+00:00","og_image":[{"width":1020,"height":765,"url":"https:\/\/quadalkatreszek.com\/wp-content\/uploads\/2024\/04\/Dirt-bike-pitbike-125cc-orange.jpg","type":"image\/jpeg"}],"twitter_card":"summary_large_image","twitter_misc":{"Est. reading time":"1 minute"},"schema":{"@context":"https:\/\/schema.org","@graph":[{"@type":"WebPage","@id":"https:\/\/quadalkatreszek.com\/product\/upbeat-125cc-dirt-bike-17-14-kerekmeret-narancs\/","url":"https:\/\/quadalkatreszek.com\/product\/upbeat-125cc-dirt-bike-17-14-kerekmeret-narancs\/","name":"UPBEAT 125CC Dirt Bike 17\/14 ker\u00e9km\u00e9ret, narancs -","isPartOf":{"@id":"https:\/\/quadalkatreszek.com\/#website"},"primaryImageOfPage":{"@id":"https:\/\/quadalkatreszek.com\/product\/upbeat-125cc-dirt-bike-17-14-kerekmeret-narancs\/#primaryimage"},"image":{"@id":"https:\/\/quadalkatreszek.com\/product\/upbeat-125cc-dirt-bike-17-14-kerekmeret-narancs\/#primaryimage"},"thumbnailUrl":"https:\/\/quadalkatreszek.com\/wp-content\/uploads\/2024\/04\/Dirt-bike-pitbike-125cc-orange.jpg","datePublished":"2022-06-28T14:10:37+00:00","dateModified":"2025-07-28T18:44:43+00:00","description":"125cc Dirt Bike 4 sebess\u00e9ges, 1 hengeres l\u00e9gh\u0171t\u00e9ses, manu\u00e1lis v\u00e1lt\u00f3s Cross motor 17\/14 ker\u00e9k m\u00e9rettel. 10 \u00e9ves kort\u00f3l aj\u00e1nljuk ezt a modellt","breadcrumb":{"@id":"https:\/\/quadalkatreszek.com\/product\/upbeat-125cc-dirt-bike-17-14-kerekmeret-narancs\/#breadcrumb"},"inLanguage":"en-US","potentialAction":[{"@type":"ReadAction","target":["https:\/\/quadalkatreszek.com\/product\/upbeat-125cc-dirt-bike-17-14-kerekmeret-narancs\/"]}]},{"@type":"ImageObject","inLanguage":"en-US","@id":"https:\/\/quadalkatreszek.com\/product\/upbeat-125cc-dirt-bike-17-14-kerekmeret-narancs\/#primaryimage","url":"https:\/\/quadalkatreszek.com\/wp-content\/uploads\/2024\/04\/Dirt-bike-pitbike-125cc-orange.jpg","contentUrl":"https:\/\/quadalkatreszek.com\/wp-content\/uploads\/2024\/04\/Dirt-bike-pitbike-125cc-orange.jpg","width":1020,"height":765,"caption":"Pitbike \/ dirt bike 125cc"},{"@type":"BreadcrumbList","@id":"https:\/\/quadalkatreszek.com\/product\/upbeat-125cc-dirt-bike-17-14-kerekmeret-narancs\/#breadcrumb","itemListElement":[{"@type":"ListItem","position":1,"name":"Kezd\u0151lap","item":"https:\/\/quadalkatreszek.com\/"},{"@type":"ListItem","position":2,"name":"Shop","item":"https:\/\/quadalkatreszek.com\/shop\/"},{"@type":"ListItem","position":3,"name":"UPBEAT 125CC Dirt Bike 17\/14 ker\u00e9km\u00e9ret, narancs"}]},{"@type":"WebSite","@id":"https:\/\/quadalkatreszek.com\/#website","url":"https:\/\/quadalkatreszek.com\/","name":"quadalkatreszek.com","description":"alkatr\u00e9szek - azonnal - rakt\u00e1rr\u00f3l","publisher":{"@id":"https:\/\/quadalkatreszek.com\/#organization"},"potentialAction":[{"@type":"SearchAction","target":{"@type":"EntryPoint","urlTemplate":"https:\/\/quadalkatreszek.com\/?s={search_term_string}"},"query-input":{"@type":"PropertyValueSpecification","valueRequired":true,"valueName":"search_term_string"}}],"inLanguage":"en-US"},{"@type":"Organization","@id":"https:\/\/quadalkatreszek.com\/#organization","name":"quadalkatreszek.com","url":"https:\/\/quadalkatreszek.com\/","logo":{"@type":"ImageObject","inLanguage":"en-US","@id":"https:\/\/quadalkatreszek.com\/#\/schema\/logo\/image\/","url":"https:\/\/quadalkatreszek.com\/wp-content\/uploads\/2023\/01\/korlogo-2.png","contentUrl":"https:\/\/quadalkatreszek.com\/wp-content\/uploads\/2023\/01\/korlogo-2.png","width":866,"height":866,"caption":"quadalkatreszek.com"},"image":{"@id":"https:\/\/quadalkatreszek.com\/#\/schema\/logo\/image\/"}}]}},"_links":{"self":[{"href":"https:\/\/quadalkatreszek.com\/en\/wp-json\/wp\/v2\/product\/30131","targetHints":{"allow":["GET"]}}],"collection":[{"href":"https:\/\/quadalkatreszek.com\/en\/wp-json\/wp\/v2\/product"}],"about":[{"href":"https:\/\/quadalkatreszek.com\/en\/wp-json\/wp\/v2\/types\/product"}],"replies":[{"embeddable":true,"href":"https:\/\/quadalkatreszek.com\/en\/wp-json\/wp\/v2\/comments?post=30131"}],"wp:featuredmedia":[{"embeddable":true,"href":"https:\/\/quadalkatreszek.com\/en\/wp-json\/wp\/v2\/media\/41219"}],"wp:attachment":[{"href":"https:\/\/quadalkatreszek.com\/en\/wp-json\/wp\/v2\/media?parent=30131"}],"wp:term":[{"taxonomy":"product_brand","embeddable":true,"href":"https:\/\/quadalkatreszek.com\/en\/wp-json\/wp\/v2\/product_brand?post=30131"},{"taxonomy":"product_cat","embeddable":true,"href":"https:\/\/quadalkatreszek.com\/en\/wp-json\/wp\/v2\/product_cat?post=30131"},{"taxonomy":"product_tag","embeddable":true,"href":"https:\/\/quadalkatreszek.com\/en\/wp-json\/wp\/v2\/product_tag?post=30131"}],"curies":[{"name":"wp","href":"https:\/\/api.w.org\/{rel}","templated":true}]}}