{"id":30133,"date":"2022-06-28T15:10:38","date_gmt":"2022-06-28T14:10:38","guid":{"rendered":"https:\/\/quadalkatreszek.com\/product\/upbeat-125cc-dirt-bike-5\/"},"modified":"2025-07-28T19:44:41","modified_gmt":"2025-07-28T18:44:41","slug":"upbeat-125cc-dirt-bike-17-14-kerekmeret-fekete","status":"publish","type":"product","link":"https:\/\/quadalkatreszek.com\/en\/product\/upbeat-125cc-dirt-bike-17-14-kerekmeret-fekete\/","title":{"rendered":"UPBEAT 125CC Dirt Bike 17\/14 ker\u00e9km\u00e9ret, fekete"},"content":{"rendered":"<p>Elad\u00f3 dirt Bike 17\/14 ker\u00e9km\u00e9ret<\/p>\n<p>Ez a term\u00e9k k\u00f6z\u00fati forgalomban nem vehet r\u00e9szt!!!<\/p>\n<p>125 k\u00f6bcentis 4 sebess\u00e9ges, 1 hengeres l\u00e9gh\u0171t\u00e9ses, manu\u00e1lis v\u00e1lt\u00f3s Cross motor 17\/14 ker\u00e9k m\u00e9rettel.<\/p>\n<p>10 \u00e9ves kort\u00f3l aj\u00e1nljuk ezt a modellt, maximum terhelhet\u0151s\u00e9ge 75 kil\u00f3 nagy, 17\/14 colos kerekekkel rendelkezik, ez\u00e9rt kisebb termet\u0171 feln\u0151ttek is haszn\u00e1lhatj\u00e1k.<\/p>\n<p>Kit\u0171n\u0151 v\u00e1laszt\u00e1s hobbi motoroz\u00e1s c\u00e9lj\u00e1ra, illetve els\u0151 motornak, tanul\u00f3 motornak is megfelel.<\/p>\n<p>A term\u00e9kre garanci\u00e1t v\u00e1llalunk \u00e9s teljes alkatr\u00e9sz ut\u00e1np\u00f3tl\u00e1st biztos\u00edtunk.<\/p>\n<p>Tov\u00e1bb\u00e1 ingyenes telefonos szerviz seg\u00edts\u00e9get ny\u00fajtunk a n\u00e1lunk v\u00e1s\u00e1rolt motorok karbantart\u00e1s\u00e1hoz, szerel\u00e9s\u00e9hez.<\/p>\n<p>Az \u00e1r doboz \u00e1r!<\/p>\n<p>Motort\u00edpus: egyhengeres,4-\u00fctem\u0171,l\u00e9gh\u0171t\u00e9ses<br \/>\nHenger\u00fbrtartalom: 124 ml<br \/>\nFurat \u00d7 l\u00f6ket: 53 mm \u00d7 50,4 mm<br \/>\nInd\u00edt\u00f3rendszer: Berug\u00f3kar<br \/>\nKer\u00e9k meghajt\u00e1s: l\u00e1nc<br \/>\nEls\u00f5 f\u00e9k t\u00edpusa: t\u00e1rcsa<br \/>\nH\u00e1ts\u00f3 f\u00e9k t\u00edpusa: t\u00e1rcsa<br \/>\nSebess\u00e9gv\u00e1lt\u00f3: 4 sebess\u00e9g(manu\u00e1lis v\u00e1lt\u00f3)<br \/>\nHossz: 1600 mm<br \/>\nMagass\u00e1g: 950mm<br \/>\n\u00dcl\u00e9smagass\u00e1g: 780 mm<br \/>\nHasmagass\u00e1g: 300 mm<br \/>\nEls\u00f5 gumim\u00e9ret: 70x100x17<br \/>\nH\u00e1ts\u00f3 gumim\u00e9ret: 90x100x14<br \/>\nV\u00e9gsebess\u00e9g:60- 80 km\/h<br \/>\nNett\u00f3 t\u00f6meg: 80 kg<\/p>\n<p>A quadok \u00e9s motorok sz\u00e1ll\u00edt\u00e1sa egyedi d\u00edjaz\u00e1ssal t\u00f6rt\u00e9nik!<\/p>\n<p>Ennek \u00f6sszeg\u00e9r\u0151l k\u00e9rem telefonon vagy e-mailben \u00e9rdekl\u0151dj\u00f6n<\/p>\n<p>&nbsp;<\/p>\n<p>&#8211; &#8211; &#8211;<br \/>\n<!--kkod_start--><\/p>\n<div class=\"kkod-visible\">kkod:93<\/div>\n<p><!--kkod_end--><\/p>","protected":false},"excerpt":{"rendered":"<p>125ccm 4 sebess\u00e9ges, manu\u00e1lis v\u00e1lt\u00f3. 14\/17 ker\u00e9k<\/p>\n<p>Ez a term\u00e9k k\u00f6z\u00fati forgalomban nem vehet r\u00e9szt!!!<\/p>","protected":false},"featured_media":27720,"comment_status":"open","ping_status":"closed","template":"","meta":[],"product_brand":[],"product_cat":[136],"product_tag":[],"class_list":{"0":"post-30133","1":"product","2":"type-product","3":"status-publish","4":"has-post-thumbnail","6":"product_cat-cross-motorok-dirt-bike-ok","7":"product_shipping_class-tulmeret-1","9":"first","10":"outofstock","11":"sale","12":"shipping-taxable","13":"purchasable","14":"product-type-simple"},"yoast_head":"<!-- This site is optimized with the Yoast SEO plugin v27.5 - https:\/\/yoast.com\/product\/yoast-seo-wordpress\/ -->\n<title>Elad\u00f3 Dirt Bike 17\/14 ker\u00e9km\u00e9ret 125ccm fekete sz\u00ednben<\/title>\n<meta name=\"description\" content=\"Elad\u00f3 Dirt Bike 17\/14 ker\u00e9km\u00e9ret 125 k\u00f6bcentis 4 sebess\u00e9ges, 1 hengeres l\u00e9gh\u0171t\u00e9ses, manu\u00e1lis v\u00e1lt\u00f3s Cross motor 17\/14 ker\u00e9k m\u00e9rettel.\" \/>\n<meta name=\"robots\" content=\"index, follow, max-snippet:-1, max-image-preview:large, max-video-preview:-1\" \/>\n<link rel=\"canonical\" href=\"https:\/\/quadalkatreszek.com\/en\/product\/upbeat-125cc-dirt-bike-17-14-kerekmeret-fekete\/\" \/>\n<meta property=\"og:locale\" content=\"en_US\" \/>\n<meta property=\"og:type\" content=\"article\" \/>\n<meta property=\"og:title\" content=\"Elad\u00f3 Dirt Bike 17\/14 ker\u00e9km\u00e9ret 125ccm fekete sz\u00ednben\" \/>\n<meta property=\"og:description\" content=\"Elad\u00f3 Dirt Bike 17\/14 ker\u00e9km\u00e9ret 125 k\u00f6bcentis 4 sebess\u00e9ges, 1 hengeres l\u00e9gh\u0171t\u00e9ses, manu\u00e1lis v\u00e1lt\u00f3s Cross motor 17\/14 ker\u00e9k m\u00e9rettel.\" \/>\n<meta property=\"og:url\" content=\"https:\/\/quadalkatreszek.com\/en\/product\/upbeat-125cc-dirt-bike-17-14-kerekmeret-fekete\/\" \/>\n<meta property=\"og:site_name\" content=\"quadalkatreszek.com\" \/>\n<meta property=\"article:modified_time\" content=\"2025-07-28T18:44:41+00:00\" \/>\n<meta property=\"og:image\" content=\"https:\/\/quadalkatreszek.com\/wp-content\/uploads\/2022\/06\/a1g.jpg\" \/>\n\t<meta property=\"og:image:width\" content=\"500\" \/>\n\t<meta property=\"og:image:height\" content=\"369\" \/>\n\t<meta property=\"og:image:type\" content=\"image\/jpeg\" \/>\n<meta name=\"twitter:card\" content=\"summary_large_image\" \/>\n<meta name=\"twitter:label1\" content=\"Est. reading time\" \/>\n\t<meta name=\"twitter:data1\" content=\"1 minute\" \/>\n<script type=\"application\/ld+json\" class=\"yoast-schema-graph\">{\"@context\":\"https:\\\/\\\/schema.org\",\"@graph\":[{\"@type\":\"WebPage\",\"@id\":\"https:\\\/\\\/quadalkatreszek.com\\\/product\\\/upbeat-125cc-dirt-bike-17-14-kerekmeret-fekete\\\/\",\"url\":\"https:\\\/\\\/quadalkatreszek.com\\\/product\\\/upbeat-125cc-dirt-bike-17-14-kerekmeret-fekete\\\/\",\"name\":\"Elad\u00f3 Dirt Bike 17\\\/14 ker\u00e9km\u00e9ret 125ccm fekete sz\u00ednben\",\"isPartOf\":{\"@id\":\"https:\\\/\\\/quadalkatreszek.com\\\/#website\"},\"primaryImageOfPage\":{\"@id\":\"https:\\\/\\\/quadalkatreszek.com\\\/product\\\/upbeat-125cc-dirt-bike-17-14-kerekmeret-fekete\\\/#primaryimage\"},\"image\":{\"@id\":\"https:\\\/\\\/quadalkatreszek.com\\\/product\\\/upbeat-125cc-dirt-bike-17-14-kerekmeret-fekete\\\/#primaryimage\"},\"thumbnailUrl\":\"https:\\\/\\\/quadalkatreszek.com\\\/wp-content\\\/uploads\\\/2022\\\/06\\\/a1g.jpg\",\"datePublished\":\"2022-06-28T14:10:38+00:00\",\"dateModified\":\"2025-07-28T18:44:41+00:00\",\"description\":\"Elad\u00f3 Dirt Bike 17\\\/14 ker\u00e9km\u00e9ret 125 k\u00f6bcentis 4 sebess\u00e9ges, 1 hengeres l\u00e9gh\u0171t\u00e9ses, manu\u00e1lis v\u00e1lt\u00f3s Cross motor 17\\\/14 ker\u00e9k m\u00e9rettel.\",\"breadcrumb\":{\"@id\":\"https:\\\/\\\/quadalkatreszek.com\\\/product\\\/upbeat-125cc-dirt-bike-17-14-kerekmeret-fekete\\\/#breadcrumb\"},\"inLanguage\":\"en-US\",\"potentialAction\":[{\"@type\":\"ReadAction\",\"target\":[\"https:\\\/\\\/quadalkatreszek.com\\\/product\\\/upbeat-125cc-dirt-bike-17-14-kerekmeret-fekete\\\/\"]}]},{\"@type\":\"ImageObject\",\"inLanguage\":\"en-US\",\"@id\":\"https:\\\/\\\/quadalkatreszek.com\\\/product\\\/upbeat-125cc-dirt-bike-17-14-kerekmeret-fekete\\\/#primaryimage\",\"url\":\"https:\\\/\\\/quadalkatreszek.com\\\/wp-content\\\/uploads\\\/2022\\\/06\\\/a1g.jpg\",\"contentUrl\":\"https:\\\/\\\/quadalkatreszek.com\\\/wp-content\\\/uploads\\\/2022\\\/06\\\/a1g.jpg\",\"width\":500,\"height\":369,\"caption\":\"UPBEAT 125CC Dirt Bike\"},{\"@type\":\"BreadcrumbList\",\"@id\":\"https:\\\/\\\/quadalkatreszek.com\\\/product\\\/upbeat-125cc-dirt-bike-17-14-kerekmeret-fekete\\\/#breadcrumb\",\"itemListElement\":[{\"@type\":\"ListItem\",\"position\":1,\"name\":\"Kezd\u0151lap\",\"item\":\"https:\\\/\\\/quadalkatreszek.com\\\/\"},{\"@type\":\"ListItem\",\"position\":2,\"name\":\"Shop\",\"item\":\"https:\\\/\\\/quadalkatreszek.com\\\/shop\\\/\"},{\"@type\":\"ListItem\",\"position\":3,\"name\":\"UPBEAT 125CC Dirt Bike 17\\\/14 ker\u00e9km\u00e9ret, fekete\"}]},{\"@type\":\"WebSite\",\"@id\":\"https:\\\/\\\/quadalkatreszek.com\\\/#website\",\"url\":\"https:\\\/\\\/quadalkatreszek.com\\\/\",\"name\":\"quadalkatreszek.com\",\"description\":\"alkatr\u00e9szek - azonnal - rakt\u00e1rr\u00f3l\",\"publisher\":{\"@id\":\"https:\\\/\\\/quadalkatreszek.com\\\/#organization\"},\"potentialAction\":[{\"@type\":\"SearchAction\",\"target\":{\"@type\":\"EntryPoint\",\"urlTemplate\":\"https:\\\/\\\/quadalkatreszek.com\\\/?s={search_term_string}\"},\"query-input\":{\"@type\":\"PropertyValueSpecification\",\"valueRequired\":true,\"valueName\":\"search_term_string\"}}],\"inLanguage\":\"en-US\"},{\"@type\":\"Organization\",\"@id\":\"https:\\\/\\\/quadalkatreszek.com\\\/#organization\",\"name\":\"quadalkatreszek.com\",\"url\":\"https:\\\/\\\/quadalkatreszek.com\\\/\",\"logo\":{\"@type\":\"ImageObject\",\"inLanguage\":\"en-US\",\"@id\":\"https:\\\/\\\/quadalkatreszek.com\\\/#\\\/schema\\\/logo\\\/image\\\/\",\"url\":\"https:\\\/\\\/quadalkatreszek.com\\\/wp-content\\\/uploads\\\/2023\\\/01\\\/korlogo-2.png\",\"contentUrl\":\"https:\\\/\\\/quadalkatreszek.com\\\/wp-content\\\/uploads\\\/2023\\\/01\\\/korlogo-2.png\",\"width\":866,\"height\":866,\"caption\":\"quadalkatreszek.com\"},\"image\":{\"@id\":\"https:\\\/\\\/quadalkatreszek.com\\\/#\\\/schema\\\/logo\\\/image\\\/\"}}]}<\/script>\n<!-- \/ Yoast SEO plugin. -->","yoast_head_json":{"title":"Elad\u00f3 Dirt Bike 17\/14 ker\u00e9km\u00e9ret 125ccm fekete sz\u00ednben","description":"Elad\u00f3 Dirt Bike 17\/14 ker\u00e9km\u00e9ret 125 k\u00f6bcentis 4 sebess\u00e9ges, 1 hengeres l\u00e9gh\u0171t\u00e9ses, manu\u00e1lis v\u00e1lt\u00f3s Cross motor 17\/14 ker\u00e9k m\u00e9rettel.","robots":{"index":"index","follow":"follow","max-snippet":"max-snippet:-1","max-image-preview":"max-image-preview:large","max-video-preview":"max-video-preview:-1"},"canonical":"https:\/\/quadalkatreszek.com\/en\/product\/upbeat-125cc-dirt-bike-17-14-kerekmeret-fekete\/","og_locale":"en_US","og_type":"article","og_title":"Elad\u00f3 Dirt Bike 17\/14 ker\u00e9km\u00e9ret 125ccm fekete sz\u00ednben","og_description":"Elad\u00f3 Dirt Bike 17\/14 ker\u00e9km\u00e9ret 125 k\u00f6bcentis 4 sebess\u00e9ges, 1 hengeres l\u00e9gh\u0171t\u00e9ses, manu\u00e1lis v\u00e1lt\u00f3s Cross motor 17\/14 ker\u00e9k m\u00e9rettel.","og_url":"https:\/\/quadalkatreszek.com\/en\/product\/upbeat-125cc-dirt-bike-17-14-kerekmeret-fekete\/","og_site_name":"quadalkatreszek.com","article_modified_time":"2025-07-28T18:44:41+00:00","og_image":[{"width":500,"height":369,"url":"https:\/\/quadalkatreszek.com\/wp-content\/uploads\/2022\/06\/a1g.jpg","type":"image\/jpeg"}],"twitter_card":"summary_large_image","twitter_misc":{"Est. reading time":"1 minute"},"schema":{"@context":"https:\/\/schema.org","@graph":[{"@type":"WebPage","@id":"https:\/\/quadalkatreszek.com\/product\/upbeat-125cc-dirt-bike-17-14-kerekmeret-fekete\/","url":"https:\/\/quadalkatreszek.com\/product\/upbeat-125cc-dirt-bike-17-14-kerekmeret-fekete\/","name":"Elad\u00f3 Dirt Bike 17\/14 ker\u00e9km\u00e9ret 125ccm fekete sz\u00ednben","isPartOf":{"@id":"https:\/\/quadalkatreszek.com\/#website"},"primaryImageOfPage":{"@id":"https:\/\/quadalkatreszek.com\/product\/upbeat-125cc-dirt-bike-17-14-kerekmeret-fekete\/#primaryimage"},"image":{"@id":"https:\/\/quadalkatreszek.com\/product\/upbeat-125cc-dirt-bike-17-14-kerekmeret-fekete\/#primaryimage"},"thumbnailUrl":"https:\/\/quadalkatreszek.com\/wp-content\/uploads\/2022\/06\/a1g.jpg","datePublished":"2022-06-28T14:10:38+00:00","dateModified":"2025-07-28T18:44:41+00:00","description":"Elad\u00f3 Dirt Bike 17\/14 ker\u00e9km\u00e9ret 125 k\u00f6bcentis 4 sebess\u00e9ges, 1 hengeres l\u00e9gh\u0171t\u00e9ses, manu\u00e1lis v\u00e1lt\u00f3s Cross motor 17\/14 ker\u00e9k m\u00e9rettel.","breadcrumb":{"@id":"https:\/\/quadalkatreszek.com\/product\/upbeat-125cc-dirt-bike-17-14-kerekmeret-fekete\/#breadcrumb"},"inLanguage":"en-US","potentialAction":[{"@type":"ReadAction","target":["https:\/\/quadalkatreszek.com\/product\/upbeat-125cc-dirt-bike-17-14-kerekmeret-fekete\/"]}]},{"@type":"ImageObject","inLanguage":"en-US","@id":"https:\/\/quadalkatreszek.com\/product\/upbeat-125cc-dirt-bike-17-14-kerekmeret-fekete\/#primaryimage","url":"https:\/\/quadalkatreszek.com\/wp-content\/uploads\/2022\/06\/a1g.jpg","contentUrl":"https:\/\/quadalkatreszek.com\/wp-content\/uploads\/2022\/06\/a1g.jpg","width":500,"height":369,"caption":"UPBEAT 125CC Dirt Bike"},{"@type":"BreadcrumbList","@id":"https:\/\/quadalkatreszek.com\/product\/upbeat-125cc-dirt-bike-17-14-kerekmeret-fekete\/#breadcrumb","itemListElement":[{"@type":"ListItem","position":1,"name":"Kezd\u0151lap","item":"https:\/\/quadalkatreszek.com\/"},{"@type":"ListItem","position":2,"name":"Shop","item":"https:\/\/quadalkatreszek.com\/shop\/"},{"@type":"ListItem","position":3,"name":"UPBEAT 125CC Dirt Bike 17\/14 ker\u00e9km\u00e9ret, fekete"}]},{"@type":"WebSite","@id":"https:\/\/quadalkatreszek.com\/#website","url":"https:\/\/quadalkatreszek.com\/","name":"quadalkatreszek.com","description":"alkatr\u00e9szek - azonnal - rakt\u00e1rr\u00f3l","publisher":{"@id":"https:\/\/quadalkatreszek.com\/#organization"},"potentialAction":[{"@type":"SearchAction","target":{"@type":"EntryPoint","urlTemplate":"https:\/\/quadalkatreszek.com\/?s={search_term_string}"},"query-input":{"@type":"PropertyValueSpecification","valueRequired":true,"valueName":"search_term_string"}}],"inLanguage":"en-US"},{"@type":"Organization","@id":"https:\/\/quadalkatreszek.com\/#organization","name":"quadalkatreszek.com","url":"https:\/\/quadalkatreszek.com\/","logo":{"@type":"ImageObject","inLanguage":"en-US","@id":"https:\/\/quadalkatreszek.com\/#\/schema\/logo\/image\/","url":"https:\/\/quadalkatreszek.com\/wp-content\/uploads\/2023\/01\/korlogo-2.png","contentUrl":"https:\/\/quadalkatreszek.com\/wp-content\/uploads\/2023\/01\/korlogo-2.png","width":866,"height":866,"caption":"quadalkatreszek.com"},"image":{"@id":"https:\/\/quadalkatreszek.com\/#\/schema\/logo\/image\/"}}]}},"_links":{"self":[{"href":"https:\/\/quadalkatreszek.com\/en\/wp-json\/wp\/v2\/product\/30133","targetHints":{"allow":["GET"]}}],"collection":[{"href":"https:\/\/quadalkatreszek.com\/en\/wp-json\/wp\/v2\/product"}],"about":[{"href":"https:\/\/quadalkatreszek.com\/en\/wp-json\/wp\/v2\/types\/product"}],"replies":[{"embeddable":true,"href":"https:\/\/quadalkatreszek.com\/en\/wp-json\/wp\/v2\/comments?post=30133"}],"wp:featuredmedia":[{"embeddable":true,"href":"https:\/\/quadalkatreszek.com\/en\/wp-json\/wp\/v2\/media\/27720"}],"wp:attachment":[{"href":"https:\/\/quadalkatreszek.com\/en\/wp-json\/wp\/v2\/media?parent=30133"}],"wp:term":[{"taxonomy":"product_brand","embeddable":true,"href":"https:\/\/quadalkatreszek.com\/en\/wp-json\/wp\/v2\/product_brand?post=30133"},{"taxonomy":"product_cat","embeddable":true,"href":"https:\/\/quadalkatreszek.com\/en\/wp-json\/wp\/v2\/product_cat?post=30133"},{"taxonomy":"product_tag","embeddable":true,"href":"https:\/\/quadalkatreszek.com\/en\/wp-json\/wp\/v2\/product_tag?post=30133"}],"curies":[{"name":"wp","href":"https:\/\/api.w.org\/{rel}","templated":true}]}}