{"id":30136,"date":"2022-06-28T15:10:39","date_gmt":"2022-06-28T14:10:39","guid":{"rendered":"https:\/\/quadalkatreszek.com\/product\/szivocsonk-14\/"},"modified":"2026-04-25T16:23:46","modified_gmt":"2026-04-25T15:23:46","slug":"quad-aluminium-szivocsonk-pz30","status":"publish","type":"product","link":"https:\/\/quadalkatreszek.com\/en\/product\/quad-aluminium-szivocsonk-pz30\/","title":{"rendered":"Quad aluminium sz\u00edv\u00f3csonk PZ30"},"content":{"rendered":"<p>250cc K\u00ednai quad sz\u00edv\u00f3csonk<\/p>\n<p>PZ30 alum\u00ednium sz\u00edv\u00f3csonk. CG200-250ccm<\/p>\n<p>&#8211; &#8211; &#8211;<br \/>\n<!--kkod_start--><\/p>\n<div class=\"kkod-visible\">kkod:120<\/div>\n<p><!--kkod_end--><\/p>","protected":false},"excerpt":{"rendered":"<p>250cc K\u00ednai quad sz\u00edv\u00f3csonk<\/p>\n<p>PZ30 alum\u00ednium sz\u00edv\u00f3csonk. CG200-250ccm<\/p>","protected":false},"featured_media":26954,"comment_status":"open","ping_status":"closed","template":"","meta":[],"product_brand":[],"product_cat":[74],"product_tag":[],"class_list":{"0":"post-30136","1":"product","2":"type-product","3":"status-publish","4":"has-post-thumbnail","6":"product_cat-szivocsonk","8":"first","9":"instock","10":"shipping-taxable","11":"purchasable","12":"product-type-simple"},"yoast_head":"<!-- This site is optimized with the Yoast SEO plugin v27.5 - https:\/\/yoast.com\/product\/yoast-seo-wordpress\/ -->\n<title>250cc K\u00ednai quad sz\u00edv\u00f3csonk, PZ30 alum\u00ednium sz\u00edv\u00f3csonk.<\/title>\n<meta name=\"description\" content=\"250cc K\u00ednai quad sz\u00edv\u00f3csonk  PZ30 alum\u00ednium sz\u00edv\u00f3csonk. CG200-250ccm  - - - kkod:120 blokkokra. T\u00f6bb ezer quad dirt bike alkatr\u00e9sz Magyarorsz\u00e1g legnagyobb alkatr\u00e9sz import\u0151r\u00e9t\u0151l\" \/>\n<meta name=\"robots\" content=\"index, follow, max-snippet:-1, max-image-preview:large, max-video-preview:-1\" \/>\n<link rel=\"canonical\" href=\"https:\/\/quadalkatreszek.com\/en\/product\/quad-aluminium-szivocsonk-pz30\/\" \/>\n<meta property=\"og:locale\" content=\"en_US\" \/>\n<meta property=\"og:type\" content=\"article\" \/>\n<meta property=\"og:title\" content=\"250cc K\u00ednai quad sz\u00edv\u00f3csonk, PZ30 alum\u00ednium sz\u00edv\u00f3csonk.\" \/>\n<meta property=\"og:description\" content=\"250cc K\u00ednai quad sz\u00edv\u00f3csonk  PZ30 alum\u00ednium sz\u00edv\u00f3csonk. CG200-250ccm  - - - kkod:120 blokkokra. T\u00f6bb ezer quad dirt bike alkatr\u00e9sz Magyarorsz\u00e1g legnagyobb alkatr\u00e9sz import\u0151r\u00e9t\u0151l\" \/>\n<meta property=\"og:url\" content=\"https:\/\/quadalkatreszek.com\/en\/product\/quad-aluminium-szivocsonk-pz30\/\" \/>\n<meta property=\"og:site_name\" content=\"quadalkatreszek.com\" \/>\n<meta property=\"article:modified_time\" content=\"2026-04-25T15:23:46+00:00\" \/>\n<meta property=\"og:image\" content=\"https:\/\/quadalkatreszek.com\/wp-content\/uploads\/2022\/06\/436vocsonk.jpg\" \/>\n\t<meta property=\"og:image:width\" content=\"500\" \/>\n\t<meta property=\"og:image:height\" content=\"375\" \/>\n\t<meta property=\"og:image:type\" content=\"image\/jpeg\" \/>\n<meta name=\"twitter:card\" content=\"summary_large_image\" \/>\n<script type=\"application\/ld+json\" class=\"yoast-schema-graph\">{\"@context\":\"https:\\\/\\\/schema.org\",\"@graph\":[{\"@type\":\"WebPage\",\"@id\":\"https:\\\/\\\/quadalkatreszek.com\\\/product\\\/quad-aluminium-szivocsonk-pz30\\\/\",\"url\":\"https:\\\/\\\/quadalkatreszek.com\\\/product\\\/quad-aluminium-szivocsonk-pz30\\\/\",\"name\":\"250cc K\u00ednai quad sz\u00edv\u00f3csonk, PZ30 alum\u00ednium sz\u00edv\u00f3csonk.\",\"isPartOf\":{\"@id\":\"https:\\\/\\\/quadalkatreszek.com\\\/#website\"},\"primaryImageOfPage\":{\"@id\":\"https:\\\/\\\/quadalkatreszek.com\\\/product\\\/quad-aluminium-szivocsonk-pz30\\\/#primaryimage\"},\"image\":{\"@id\":\"https:\\\/\\\/quadalkatreszek.com\\\/product\\\/quad-aluminium-szivocsonk-pz30\\\/#primaryimage\"},\"thumbnailUrl\":\"https:\\\/\\\/quadalkatreszek.com\\\/wp-content\\\/uploads\\\/2022\\\/06\\\/436vocsonk.jpg\",\"datePublished\":\"2022-06-28T14:10:39+00:00\",\"dateModified\":\"2026-04-25T15:23:46+00:00\",\"description\":\"250cc K\u00ednai quad sz\u00edv\u00f3csonk PZ30 alum\u00ednium sz\u00edv\u00f3csonk. CG200-250ccm - - - kkod:120 blokkokra. T\u00f6bb ezer quad dirt bike alkatr\u00e9sz Magyarorsz\u00e1g legnagyobb alkatr\u00e9sz import\u0151r\u00e9t\u0151l\",\"breadcrumb\":{\"@id\":\"https:\\\/\\\/quadalkatreszek.com\\\/product\\\/quad-aluminium-szivocsonk-pz30\\\/#breadcrumb\"},\"inLanguage\":\"en-US\",\"potentialAction\":[{\"@type\":\"ReadAction\",\"target\":[\"https:\\\/\\\/quadalkatreszek.com\\\/product\\\/quad-aluminium-szivocsonk-pz30\\\/\"]}]},{\"@type\":\"ImageObject\",\"inLanguage\":\"en-US\",\"@id\":\"https:\\\/\\\/quadalkatreszek.com\\\/product\\\/quad-aluminium-szivocsonk-pz30\\\/#primaryimage\",\"url\":\"https:\\\/\\\/quadalkatreszek.com\\\/wp-content\\\/uploads\\\/2022\\\/06\\\/436vocsonk.jpg\",\"contentUrl\":\"https:\\\/\\\/quadalkatreszek.com\\\/wp-content\\\/uploads\\\/2022\\\/06\\\/436vocsonk.jpg\",\"width\":500,\"height\":375,\"caption\":\"Quad sz\u00edv\u00f3csonk\"},{\"@type\":\"BreadcrumbList\",\"@id\":\"https:\\\/\\\/quadalkatreszek.com\\\/product\\\/quad-aluminium-szivocsonk-pz30\\\/#breadcrumb\",\"itemListElement\":[{\"@type\":\"ListItem\",\"position\":1,\"name\":\"Kezd\u0151lap\",\"item\":\"https:\\\/\\\/quadalkatreszek.com\\\/\"},{\"@type\":\"ListItem\",\"position\":2,\"name\":\"Shop\",\"item\":\"https:\\\/\\\/quadalkatreszek.com\\\/shop\\\/\"},{\"@type\":\"ListItem\",\"position\":3,\"name\":\"Quad aluminium sz\u00edv\u00f3csonk PZ30\"}]},{\"@type\":\"WebSite\",\"@id\":\"https:\\\/\\\/quadalkatreszek.com\\\/#website\",\"url\":\"https:\\\/\\\/quadalkatreszek.com\\\/\",\"name\":\"quadalkatreszek.com\",\"description\":\"alkatr\u00e9szek - azonnal - rakt\u00e1rr\u00f3l\",\"publisher\":{\"@id\":\"https:\\\/\\\/quadalkatreszek.com\\\/#organization\"},\"potentialAction\":[{\"@type\":\"SearchAction\",\"target\":{\"@type\":\"EntryPoint\",\"urlTemplate\":\"https:\\\/\\\/quadalkatreszek.com\\\/?s={search_term_string}\"},\"query-input\":{\"@type\":\"PropertyValueSpecification\",\"valueRequired\":true,\"valueName\":\"search_term_string\"}}],\"inLanguage\":\"en-US\"},{\"@type\":\"Organization\",\"@id\":\"https:\\\/\\\/quadalkatreszek.com\\\/#organization\",\"name\":\"quadalkatreszek.com\",\"url\":\"https:\\\/\\\/quadalkatreszek.com\\\/\",\"logo\":{\"@type\":\"ImageObject\",\"inLanguage\":\"en-US\",\"@id\":\"https:\\\/\\\/quadalkatreszek.com\\\/#\\\/schema\\\/logo\\\/image\\\/\",\"url\":\"https:\\\/\\\/quadalkatreszek.com\\\/wp-content\\\/uploads\\\/2023\\\/01\\\/korlogo-2.png\",\"contentUrl\":\"https:\\\/\\\/quadalkatreszek.com\\\/wp-content\\\/uploads\\\/2023\\\/01\\\/korlogo-2.png\",\"width\":866,\"height\":866,\"caption\":\"quadalkatreszek.com\"},\"image\":{\"@id\":\"https:\\\/\\\/quadalkatreszek.com\\\/#\\\/schema\\\/logo\\\/image\\\/\"}}]}<\/script>\n<!-- \/ Yoast SEO plugin. -->","yoast_head_json":{"title":"250cc K\u00ednai quad sz\u00edv\u00f3csonk, PZ30 alum\u00ednium sz\u00edv\u00f3csonk.","description":"250cc K\u00ednai quad sz\u00edv\u00f3csonk  PZ30 alum\u00ednium sz\u00edv\u00f3csonk. CG200-250ccm  - - - kkod:120 blokkokra. T\u00f6bb ezer quad dirt bike alkatr\u00e9sz Magyarorsz\u00e1g legnagyobb alkatr\u00e9sz import\u0151r\u00e9t\u0151l","robots":{"index":"index","follow":"follow","max-snippet":"max-snippet:-1","max-image-preview":"max-image-preview:large","max-video-preview":"max-video-preview:-1"},"canonical":"https:\/\/quadalkatreszek.com\/en\/product\/quad-aluminium-szivocsonk-pz30\/","og_locale":"en_US","og_type":"article","og_title":"250cc K\u00ednai quad sz\u00edv\u00f3csonk, PZ30 alum\u00ednium sz\u00edv\u00f3csonk.","og_description":"250cc K\u00ednai quad sz\u00edv\u00f3csonk  PZ30 alum\u00ednium sz\u00edv\u00f3csonk. CG200-250ccm  - - - kkod:120 blokkokra. T\u00f6bb ezer quad dirt bike alkatr\u00e9sz Magyarorsz\u00e1g legnagyobb alkatr\u00e9sz import\u0151r\u00e9t\u0151l","og_url":"https:\/\/quadalkatreszek.com\/en\/product\/quad-aluminium-szivocsonk-pz30\/","og_site_name":"quadalkatreszek.com","article_modified_time":"2026-04-25T15:23:46+00:00","og_image":[{"width":500,"height":375,"url":"https:\/\/quadalkatreszek.com\/wp-content\/uploads\/2022\/06\/436vocsonk.jpg","type":"image\/jpeg"}],"twitter_card":"summary_large_image","schema":{"@context":"https:\/\/schema.org","@graph":[{"@type":"WebPage","@id":"https:\/\/quadalkatreszek.com\/product\/quad-aluminium-szivocsonk-pz30\/","url":"https:\/\/quadalkatreszek.com\/product\/quad-aluminium-szivocsonk-pz30\/","name":"250cc K\u00ednai quad sz\u00edv\u00f3csonk, PZ30 alum\u00ednium sz\u00edv\u00f3csonk.","isPartOf":{"@id":"https:\/\/quadalkatreszek.com\/#website"},"primaryImageOfPage":{"@id":"https:\/\/quadalkatreszek.com\/product\/quad-aluminium-szivocsonk-pz30\/#primaryimage"},"image":{"@id":"https:\/\/quadalkatreszek.com\/product\/quad-aluminium-szivocsonk-pz30\/#primaryimage"},"thumbnailUrl":"https:\/\/quadalkatreszek.com\/wp-content\/uploads\/2022\/06\/436vocsonk.jpg","datePublished":"2022-06-28T14:10:39+00:00","dateModified":"2026-04-25T15:23:46+00:00","description":"250cc K\u00ednai quad sz\u00edv\u00f3csonk PZ30 alum\u00ednium sz\u00edv\u00f3csonk. CG200-250ccm - - - kkod:120 blokkokra. T\u00f6bb ezer quad dirt bike alkatr\u00e9sz Magyarorsz\u00e1g legnagyobb alkatr\u00e9sz import\u0151r\u00e9t\u0151l","breadcrumb":{"@id":"https:\/\/quadalkatreszek.com\/product\/quad-aluminium-szivocsonk-pz30\/#breadcrumb"},"inLanguage":"en-US","potentialAction":[{"@type":"ReadAction","target":["https:\/\/quadalkatreszek.com\/product\/quad-aluminium-szivocsonk-pz30\/"]}]},{"@type":"ImageObject","inLanguage":"en-US","@id":"https:\/\/quadalkatreszek.com\/product\/quad-aluminium-szivocsonk-pz30\/#primaryimage","url":"https:\/\/quadalkatreszek.com\/wp-content\/uploads\/2022\/06\/436vocsonk.jpg","contentUrl":"https:\/\/quadalkatreszek.com\/wp-content\/uploads\/2022\/06\/436vocsonk.jpg","width":500,"height":375,"caption":"Quad sz\u00edv\u00f3csonk"},{"@type":"BreadcrumbList","@id":"https:\/\/quadalkatreszek.com\/product\/quad-aluminium-szivocsonk-pz30\/#breadcrumb","itemListElement":[{"@type":"ListItem","position":1,"name":"Kezd\u0151lap","item":"https:\/\/quadalkatreszek.com\/"},{"@type":"ListItem","position":2,"name":"Shop","item":"https:\/\/quadalkatreszek.com\/shop\/"},{"@type":"ListItem","position":3,"name":"Quad aluminium sz\u00edv\u00f3csonk PZ30"}]},{"@type":"WebSite","@id":"https:\/\/quadalkatreszek.com\/#website","url":"https:\/\/quadalkatreszek.com\/","name":"quadalkatreszek.com","description":"alkatr\u00e9szek - azonnal - rakt\u00e1rr\u00f3l","publisher":{"@id":"https:\/\/quadalkatreszek.com\/#organization"},"potentialAction":[{"@type":"SearchAction","target":{"@type":"EntryPoint","urlTemplate":"https:\/\/quadalkatreszek.com\/?s={search_term_string}"},"query-input":{"@type":"PropertyValueSpecification","valueRequired":true,"valueName":"search_term_string"}}],"inLanguage":"en-US"},{"@type":"Organization","@id":"https:\/\/quadalkatreszek.com\/#organization","name":"quadalkatreszek.com","url":"https:\/\/quadalkatreszek.com\/","logo":{"@type":"ImageObject","inLanguage":"en-US","@id":"https:\/\/quadalkatreszek.com\/#\/schema\/logo\/image\/","url":"https:\/\/quadalkatreszek.com\/wp-content\/uploads\/2023\/01\/korlogo-2.png","contentUrl":"https:\/\/quadalkatreszek.com\/wp-content\/uploads\/2023\/01\/korlogo-2.png","width":866,"height":866,"caption":"quadalkatreszek.com"},"image":{"@id":"https:\/\/quadalkatreszek.com\/#\/schema\/logo\/image\/"}}]}},"_links":{"self":[{"href":"https:\/\/quadalkatreszek.com\/en\/wp-json\/wp\/v2\/product\/30136","targetHints":{"allow":["GET"]}}],"collection":[{"href":"https:\/\/quadalkatreszek.com\/en\/wp-json\/wp\/v2\/product"}],"about":[{"href":"https:\/\/quadalkatreszek.com\/en\/wp-json\/wp\/v2\/types\/product"}],"replies":[{"embeddable":true,"href":"https:\/\/quadalkatreszek.com\/en\/wp-json\/wp\/v2\/comments?post=30136"}],"wp:featuredmedia":[{"embeddable":true,"href":"https:\/\/quadalkatreszek.com\/en\/wp-json\/wp\/v2\/media\/26954"}],"wp:attachment":[{"href":"https:\/\/quadalkatreszek.com\/en\/wp-json\/wp\/v2\/media?parent=30136"}],"wp:term":[{"taxonomy":"product_brand","embeddable":true,"href":"https:\/\/quadalkatreszek.com\/en\/wp-json\/wp\/v2\/product_brand?post=30136"},{"taxonomy":"product_cat","embeddable":true,"href":"https:\/\/quadalkatreszek.com\/en\/wp-json\/wp\/v2\/product_cat?post=30136"},{"taxonomy":"product_tag","embeddable":true,"href":"https:\/\/quadalkatreszek.com\/en\/wp-json\/wp\/v2\/product_tag?post=30136"}],"curies":[{"name":"wp","href":"https:\/\/api.w.org\/{rel}","templated":true}]}}