{"id":30143,"date":"2022-06-28T15:10:40","date_gmt":"2022-06-28T14:10:40","guid":{"rendered":"https:\/\/quadalkatreszek.com\/product\/kipufogo-17\/"},"modified":"2025-12-14T16:40:53","modified_gmt":"2025-12-14T15:40:53","slug":"quad-dirt-bike-kipufogo-sport-dob-110-125cc-jarmuvekre","status":"publish","type":"product","link":"https:\/\/quadalkatreszek.com\/en\/product\/quad-dirt-bike-kipufogo-sport-dob-110-125cc-jarmuvekre\/","title":{"rendered":"Quad Dirt Bike kipufog\u00f3 sport dob 110-125cc j\u00e1rm\u0171vekre"},"content":{"rendered":"<p>Quad Dirt Bike kipufog\u00f3 sport dob 110-125cc j\u00e1rm\u0171vekre<\/p>\n<p>Nagyon kellemes sportos hangot k\u00f6lcs\u00f6n\u00f6z a quadoknak motoroknak ez a sport kipufog\u00f3 dob.<\/p>\n<p>Tov\u00e1bbi kipufog\u00f3k <a href=\"https:\/\/quadalkatreszek.com\/en\/product-category\/kipufogo\/\">ide kattintva<\/a>\u00a0 \u00e9rhet\u0151k el, vagy haszn\u00e1ld a keres\u0151mez\u0151t.<\/p>","protected":false},"excerpt":{"rendered":"<p>Kipufog\u00f3 dob,Quad, Dirt Bike 110-125ccm<\/p>","protected":false},"featured_media":26968,"comment_status":"open","ping_status":"closed","template":"","meta":[],"product_brand":[],"product_cat":[107],"product_tag":[],"class_list":{"0":"post-30143","1":"product","2":"type-product","3":"status-publish","4":"has-post-thumbnail","6":"product_cat-kipufogo","8":"first","9":"instock","10":"shipping-taxable","11":"purchasable","12":"product-type-simple"},"yoast_head":"<!-- This site is optimized with the Yoast SEO plugin v27.5 - https:\/\/yoast.com\/product\/yoast-seo-wordpress\/ -->\n<title>Quad Dirt Bike kipufog\u00f3 sport dob 110-125cc j\u00e1rm\u0171vekre -<\/title>\n<meta name=\"description\" content=\"Quad Dirt Bike kipufog\u00f3 sport dob 110-125cc j\u00e1rm\u0171vekre Nagyon kellemes sportos hangot k\u00f6lcs\u00f6n\u00f6z a quadoknak motoroknak ez a sport kipufog\u00f3 dob.\" \/>\n<meta name=\"robots\" content=\"index, follow, max-snippet:-1, max-image-preview:large, max-video-preview:-1\" \/>\n<link rel=\"canonical\" href=\"https:\/\/quadalkatreszek.com\/en\/product\/quad-dirt-bike-kipufogo-sport-dob-110-125cc-jarmuvekre\/\" \/>\n<meta property=\"og:locale\" content=\"en_US\" \/>\n<meta property=\"og:type\" content=\"article\" \/>\n<meta property=\"og:title\" content=\"Quad Dirt Bike kipufog\u00f3 sport dob 110-125cc j\u00e1rm\u0171vekre -\" \/>\n<meta property=\"og:description\" content=\"Quad Dirt Bike kipufog\u00f3 sport dob 110-125cc j\u00e1rm\u0171vekre Nagyon kellemes sportos hangot k\u00f6lcs\u00f6n\u00f6z a quadoknak motoroknak ez a sport kipufog\u00f3 dob.\" \/>\n<meta property=\"og:url\" content=\"https:\/\/quadalkatreszek.com\/en\/product\/quad-dirt-bike-kipufogo-sport-dob-110-125cc-jarmuvekre\/\" \/>\n<meta property=\"og:site_name\" content=\"quadalkatreszek.com\" \/>\n<meta property=\"article:modified_time\" content=\"2025-12-14T15:40:53+00:00\" \/>\n<meta property=\"og:image\" content=\"https:\/\/quadalkatreszek.com\/wp-content\/uploads\/2022\/06\/4369-kipufogo.jpg\" \/>\n\t<meta property=\"og:image:width\" content=\"500\" \/>\n\t<meta property=\"og:image:height\" content=\"375\" \/>\n\t<meta property=\"og:image:type\" content=\"image\/jpeg\" \/>\n<meta name=\"twitter:card\" content=\"summary_large_image\" \/>\n<script type=\"application\/ld+json\" class=\"yoast-schema-graph\">{\"@context\":\"https:\\\/\\\/schema.org\",\"@graph\":[{\"@type\":\"WebPage\",\"@id\":\"https:\\\/\\\/quadalkatreszek.com\\\/product\\\/quad-dirt-bike-kipufogo-sport-dob-110-125cc-jarmuvekre\\\/\",\"url\":\"https:\\\/\\\/quadalkatreszek.com\\\/product\\\/quad-dirt-bike-kipufogo-sport-dob-110-125cc-jarmuvekre\\\/\",\"name\":\"Quad Dirt Bike kipufog\u00f3 sport dob 110-125cc j\u00e1rm\u0171vekre -\",\"isPartOf\":{\"@id\":\"https:\\\/\\\/quadalkatreszek.com\\\/#website\"},\"primaryImageOfPage\":{\"@id\":\"https:\\\/\\\/quadalkatreszek.com\\\/product\\\/quad-dirt-bike-kipufogo-sport-dob-110-125cc-jarmuvekre\\\/#primaryimage\"},\"image\":{\"@id\":\"https:\\\/\\\/quadalkatreszek.com\\\/product\\\/quad-dirt-bike-kipufogo-sport-dob-110-125cc-jarmuvekre\\\/#primaryimage\"},\"thumbnailUrl\":\"https:\\\/\\\/quadalkatreszek.com\\\/wp-content\\\/uploads\\\/2022\\\/06\\\/4369-kipufogo.jpg\",\"datePublished\":\"2022-06-28T14:10:40+00:00\",\"dateModified\":\"2025-12-14T15:40:53+00:00\",\"description\":\"Quad Dirt Bike kipufog\u00f3 sport dob 110-125cc j\u00e1rm\u0171vekre Nagyon kellemes sportos hangot k\u00f6lcs\u00f6n\u00f6z a quadoknak motoroknak ez a sport kipufog\u00f3 dob.\",\"breadcrumb\":{\"@id\":\"https:\\\/\\\/quadalkatreszek.com\\\/product\\\/quad-dirt-bike-kipufogo-sport-dob-110-125cc-jarmuvekre\\\/#breadcrumb\"},\"inLanguage\":\"en-US\",\"potentialAction\":[{\"@type\":\"ReadAction\",\"target\":[\"https:\\\/\\\/quadalkatreszek.com\\\/product\\\/quad-dirt-bike-kipufogo-sport-dob-110-125cc-jarmuvekre\\\/\"]}]},{\"@type\":\"ImageObject\",\"inLanguage\":\"en-US\",\"@id\":\"https:\\\/\\\/quadalkatreszek.com\\\/product\\\/quad-dirt-bike-kipufogo-sport-dob-110-125cc-jarmuvekre\\\/#primaryimage\",\"url\":\"https:\\\/\\\/quadalkatreszek.com\\\/wp-content\\\/uploads\\\/2022\\\/06\\\/4369-kipufogo.jpg\",\"contentUrl\":\"https:\\\/\\\/quadalkatreszek.com\\\/wp-content\\\/uploads\\\/2022\\\/06\\\/4369-kipufogo.jpg\",\"width\":500,\"height\":375,\"caption\":\"Dirt Bike kipufog\u00f3 sport dob\"},{\"@type\":\"BreadcrumbList\",\"@id\":\"https:\\\/\\\/quadalkatreszek.com\\\/product\\\/quad-dirt-bike-kipufogo-sport-dob-110-125cc-jarmuvekre\\\/#breadcrumb\",\"itemListElement\":[{\"@type\":\"ListItem\",\"position\":1,\"name\":\"Kezd\u0151lap\",\"item\":\"https:\\\/\\\/quadalkatreszek.com\\\/\"},{\"@type\":\"ListItem\",\"position\":2,\"name\":\"Shop\",\"item\":\"https:\\\/\\\/quadalkatreszek.com\\\/shop\\\/\"},{\"@type\":\"ListItem\",\"position\":3,\"name\":\"Quad Dirt Bike kipufog\u00f3 sport dob 110-125cc j\u00e1rm\u0171vekre\"}]},{\"@type\":\"WebSite\",\"@id\":\"https:\\\/\\\/quadalkatreszek.com\\\/#website\",\"url\":\"https:\\\/\\\/quadalkatreszek.com\\\/\",\"name\":\"quadalkatreszek.com\",\"description\":\"alkatr\u00e9szek - azonnal - rakt\u00e1rr\u00f3l\",\"publisher\":{\"@id\":\"https:\\\/\\\/quadalkatreszek.com\\\/#organization\"},\"potentialAction\":[{\"@type\":\"SearchAction\",\"target\":{\"@type\":\"EntryPoint\",\"urlTemplate\":\"https:\\\/\\\/quadalkatreszek.com\\\/?s={search_term_string}\"},\"query-input\":{\"@type\":\"PropertyValueSpecification\",\"valueRequired\":true,\"valueName\":\"search_term_string\"}}],\"inLanguage\":\"en-US\"},{\"@type\":\"Organization\",\"@id\":\"https:\\\/\\\/quadalkatreszek.com\\\/#organization\",\"name\":\"quadalkatreszek.com\",\"url\":\"https:\\\/\\\/quadalkatreszek.com\\\/\",\"logo\":{\"@type\":\"ImageObject\",\"inLanguage\":\"en-US\",\"@id\":\"https:\\\/\\\/quadalkatreszek.com\\\/#\\\/schema\\\/logo\\\/image\\\/\",\"url\":\"https:\\\/\\\/quadalkatreszek.com\\\/wp-content\\\/uploads\\\/2023\\\/01\\\/korlogo-2.png\",\"contentUrl\":\"https:\\\/\\\/quadalkatreszek.com\\\/wp-content\\\/uploads\\\/2023\\\/01\\\/korlogo-2.png\",\"width\":866,\"height\":866,\"caption\":\"quadalkatreszek.com\"},\"image\":{\"@id\":\"https:\\\/\\\/quadalkatreszek.com\\\/#\\\/schema\\\/logo\\\/image\\\/\"}}]}<\/script>\n<!-- \/ Yoast SEO plugin. -->","yoast_head_json":{"title":"Quad Dirt Bike kipufog\u00f3 sport dob 110-125cc j\u00e1rm\u0171vekre -","description":"Quad Dirt Bike kipufog\u00f3 sport dob 110-125cc j\u00e1rm\u0171vekre Nagyon kellemes sportos hangot k\u00f6lcs\u00f6n\u00f6z a quadoknak motoroknak ez a sport kipufog\u00f3 dob.","robots":{"index":"index","follow":"follow","max-snippet":"max-snippet:-1","max-image-preview":"max-image-preview:large","max-video-preview":"max-video-preview:-1"},"canonical":"https:\/\/quadalkatreszek.com\/en\/product\/quad-dirt-bike-kipufogo-sport-dob-110-125cc-jarmuvekre\/","og_locale":"en_US","og_type":"article","og_title":"Quad Dirt Bike kipufog\u00f3 sport dob 110-125cc j\u00e1rm\u0171vekre -","og_description":"Quad Dirt Bike kipufog\u00f3 sport dob 110-125cc j\u00e1rm\u0171vekre Nagyon kellemes sportos hangot k\u00f6lcs\u00f6n\u00f6z a quadoknak motoroknak ez a sport kipufog\u00f3 dob.","og_url":"https:\/\/quadalkatreszek.com\/en\/product\/quad-dirt-bike-kipufogo-sport-dob-110-125cc-jarmuvekre\/","og_site_name":"quadalkatreszek.com","article_modified_time":"2025-12-14T15:40:53+00:00","og_image":[{"width":500,"height":375,"url":"https:\/\/quadalkatreszek.com\/wp-content\/uploads\/2022\/06\/4369-kipufogo.jpg","type":"image\/jpeg"}],"twitter_card":"summary_large_image","schema":{"@context":"https:\/\/schema.org","@graph":[{"@type":"WebPage","@id":"https:\/\/quadalkatreszek.com\/product\/quad-dirt-bike-kipufogo-sport-dob-110-125cc-jarmuvekre\/","url":"https:\/\/quadalkatreszek.com\/product\/quad-dirt-bike-kipufogo-sport-dob-110-125cc-jarmuvekre\/","name":"Quad Dirt Bike kipufog\u00f3 sport dob 110-125cc j\u00e1rm\u0171vekre -","isPartOf":{"@id":"https:\/\/quadalkatreszek.com\/#website"},"primaryImageOfPage":{"@id":"https:\/\/quadalkatreszek.com\/product\/quad-dirt-bike-kipufogo-sport-dob-110-125cc-jarmuvekre\/#primaryimage"},"image":{"@id":"https:\/\/quadalkatreszek.com\/product\/quad-dirt-bike-kipufogo-sport-dob-110-125cc-jarmuvekre\/#primaryimage"},"thumbnailUrl":"https:\/\/quadalkatreszek.com\/wp-content\/uploads\/2022\/06\/4369-kipufogo.jpg","datePublished":"2022-06-28T14:10:40+00:00","dateModified":"2025-12-14T15:40:53+00:00","description":"Quad Dirt Bike kipufog\u00f3 sport dob 110-125cc j\u00e1rm\u0171vekre Nagyon kellemes sportos hangot k\u00f6lcs\u00f6n\u00f6z a quadoknak motoroknak ez a sport kipufog\u00f3 dob.","breadcrumb":{"@id":"https:\/\/quadalkatreszek.com\/product\/quad-dirt-bike-kipufogo-sport-dob-110-125cc-jarmuvekre\/#breadcrumb"},"inLanguage":"en-US","potentialAction":[{"@type":"ReadAction","target":["https:\/\/quadalkatreszek.com\/product\/quad-dirt-bike-kipufogo-sport-dob-110-125cc-jarmuvekre\/"]}]},{"@type":"ImageObject","inLanguage":"en-US","@id":"https:\/\/quadalkatreszek.com\/product\/quad-dirt-bike-kipufogo-sport-dob-110-125cc-jarmuvekre\/#primaryimage","url":"https:\/\/quadalkatreszek.com\/wp-content\/uploads\/2022\/06\/4369-kipufogo.jpg","contentUrl":"https:\/\/quadalkatreszek.com\/wp-content\/uploads\/2022\/06\/4369-kipufogo.jpg","width":500,"height":375,"caption":"Dirt Bike kipufog\u00f3 sport dob"},{"@type":"BreadcrumbList","@id":"https:\/\/quadalkatreszek.com\/product\/quad-dirt-bike-kipufogo-sport-dob-110-125cc-jarmuvekre\/#breadcrumb","itemListElement":[{"@type":"ListItem","position":1,"name":"Kezd\u0151lap","item":"https:\/\/quadalkatreszek.com\/"},{"@type":"ListItem","position":2,"name":"Shop","item":"https:\/\/quadalkatreszek.com\/shop\/"},{"@type":"ListItem","position":3,"name":"Quad Dirt Bike kipufog\u00f3 sport dob 110-125cc j\u00e1rm\u0171vekre"}]},{"@type":"WebSite","@id":"https:\/\/quadalkatreszek.com\/#website","url":"https:\/\/quadalkatreszek.com\/","name":"quadalkatreszek.com","description":"alkatr\u00e9szek - azonnal - rakt\u00e1rr\u00f3l","publisher":{"@id":"https:\/\/quadalkatreszek.com\/#organization"},"potentialAction":[{"@type":"SearchAction","target":{"@type":"EntryPoint","urlTemplate":"https:\/\/quadalkatreszek.com\/?s={search_term_string}"},"query-input":{"@type":"PropertyValueSpecification","valueRequired":true,"valueName":"search_term_string"}}],"inLanguage":"en-US"},{"@type":"Organization","@id":"https:\/\/quadalkatreszek.com\/#organization","name":"quadalkatreszek.com","url":"https:\/\/quadalkatreszek.com\/","logo":{"@type":"ImageObject","inLanguage":"en-US","@id":"https:\/\/quadalkatreszek.com\/#\/schema\/logo\/image\/","url":"https:\/\/quadalkatreszek.com\/wp-content\/uploads\/2023\/01\/korlogo-2.png","contentUrl":"https:\/\/quadalkatreszek.com\/wp-content\/uploads\/2023\/01\/korlogo-2.png","width":866,"height":866,"caption":"quadalkatreszek.com"},"image":{"@id":"https:\/\/quadalkatreszek.com\/#\/schema\/logo\/image\/"}}]}},"_links":{"self":[{"href":"https:\/\/quadalkatreszek.com\/en\/wp-json\/wp\/v2\/product\/30143","targetHints":{"allow":["GET"]}}],"collection":[{"href":"https:\/\/quadalkatreszek.com\/en\/wp-json\/wp\/v2\/product"}],"about":[{"href":"https:\/\/quadalkatreszek.com\/en\/wp-json\/wp\/v2\/types\/product"}],"replies":[{"embeddable":true,"href":"https:\/\/quadalkatreszek.com\/en\/wp-json\/wp\/v2\/comments?post=30143"}],"wp:featuredmedia":[{"embeddable":true,"href":"https:\/\/quadalkatreszek.com\/en\/wp-json\/wp\/v2\/media\/26968"}],"wp:attachment":[{"href":"https:\/\/quadalkatreszek.com\/en\/wp-json\/wp\/v2\/media?parent=30143"}],"wp:term":[{"taxonomy":"product_brand","embeddable":true,"href":"https:\/\/quadalkatreszek.com\/en\/wp-json\/wp\/v2\/product_brand?post=30143"},{"taxonomy":"product_cat","embeddable":true,"href":"https:\/\/quadalkatreszek.com\/en\/wp-json\/wp\/v2\/product_cat?post=30143"},{"taxonomy":"product_tag","embeddable":true,"href":"https:\/\/quadalkatreszek.com\/en\/wp-json\/wp\/v2\/product_tag?post=30143"}],"curies":[{"name":"wp","href":"https:\/\/api.w.org\/{rel}","templated":true}]}}