{"id":30253,"date":"2022-06-28T15:11:01","date_gmt":"2022-06-28T14:11:01","guid":{"rendered":"https:\/\/quadalkatreszek.com\/product\/henger-20\/"},"modified":"2024-11-28T20:03:53","modified_gmt":"2024-11-28T19:03:53","slug":"henger-20","status":"publish","type":"product","link":"https:\/\/quadalkatreszek.com\/en\/product\/henger-20\/","title":{"rendered":"175cc quad henger"},"content":{"rendered":"<p>K\u00ednai quad henger 175cc CG motorblokkhoz<\/p>\n<p>Wexxtor, Loncin, Yakimoto \u00e9s egy\u00e9b quadokba.<\/p>\n<p>A term\u00e9kle\u00edr\u00e1sokban r\u00e9szletes inform\u00e1ci\u00f3t tal\u00e1lsz a term\u00e9kekr\u0151l, illetve telefonon vagy e-mailben is sz\u00edvesen seg\u00edt\u00fcnk. Az \u00f6sszes <a href=\"https:\/\/quadalkatreszek.com\/en\/product-category\/motor-valto\/\">quad \u00e9s motor alkatr\u00e9sz megjelen\u00edt\u00e9s\u00e9hez<\/a> kattints ide vagy haszn\u00e1ld a fenti keres\u0151mez\u0151t<\/p>","protected":false},"excerpt":{"rendered":"<p>175cc L\u00e9gh\u0171t\u00e9ses. CG motorblokkhoz<\/p>","protected":false},"featured_media":27208,"comment_status":"open","ping_status":"closed","template":"","meta":[],"product_brand":[],"product_cat":[95],"product_tag":[],"class_list":{"0":"post-30253","1":"product","2":"type-product","3":"status-publish","4":"has-post-thumbnail","6":"product_cat-akcios-termekek","8":"first","9":"instock","10":"sale","11":"shipping-taxable","12":"purchasable","13":"product-type-simple"},"yoast_head":"<!-- This site is optimized with the Yoast SEO plugin v27.4 - https:\/\/yoast.com\/product\/yoast-seo-wordpress\/ -->\n<title>K\u00ednai quad henger 175cc CG motorblokkhoz -quadalkatreszek.com<\/title>\n<meta name=\"description\" content=\"K\u00ednai quad henger 175cc CG motorblokkhoz. Wexxtor, Loncin, Yakimoto \u00e9s egy\u00e9b quadokba.T\u00f6bb ezer quad alkatr\u00e9sz rakt\u00e1ron, azonnal!\" \/>\n<meta name=\"robots\" content=\"index, follow, max-snippet:-1, max-image-preview:large, max-video-preview:-1\" \/>\n<link rel=\"canonical\" href=\"https:\/\/quadalkatreszek.com\/en\/product\/henger-20\/\" \/>\n<meta property=\"og:locale\" content=\"en_US\" \/>\n<meta property=\"og:type\" content=\"article\" \/>\n<meta property=\"og:title\" content=\"K\u00ednai quad henger 175cc CG motorblokkhoz -quadalkatreszek.com\" \/>\n<meta property=\"og:description\" content=\"K\u00ednai quad henger 175cc CG motorblokkhoz. Wexxtor, Loncin, Yakimoto \u00e9s egy\u00e9b quadokba.T\u00f6bb ezer quad alkatr\u00e9sz rakt\u00e1ron, azonnal!\" \/>\n<meta property=\"og:url\" content=\"https:\/\/quadalkatreszek.com\/en\/product\/henger-20\/\" \/>\n<meta property=\"og:site_name\" content=\"quadalkatreszek.com\" \/>\n<meta property=\"article:modified_time\" content=\"2024-11-28T19:03:53+00:00\" \/>\n<meta property=\"og:image\" content=\"https:\/\/quadalkatreszek.com\/wp-content\/uploads\/2022\/06\/4609-henger.jpg\" \/>\n\t<meta property=\"og:image:width\" content=\"500\" \/>\n\t<meta property=\"og:image:height\" content=\"375\" \/>\n\t<meta property=\"og:image:type\" content=\"image\/jpeg\" \/>\n<meta name=\"twitter:card\" content=\"summary_large_image\" \/>\n<script type=\"application\/ld+json\" class=\"yoast-schema-graph\">{\"@context\":\"https:\\\/\\\/schema.org\",\"@graph\":[{\"@type\":\"WebPage\",\"@id\":\"https:\\\/\\\/quadalkatreszek.com\\\/product\\\/henger-20\\\/\",\"url\":\"https:\\\/\\\/quadalkatreszek.com\\\/product\\\/henger-20\\\/\",\"name\":\"K\u00ednai quad henger 175cc CG motorblokkhoz -quadalkatreszek.com\",\"isPartOf\":{\"@id\":\"https:\\\/\\\/quadalkatreszek.com\\\/#website\"},\"primaryImageOfPage\":{\"@id\":\"https:\\\/\\\/quadalkatreszek.com\\\/product\\\/henger-20\\\/#primaryimage\"},\"image\":{\"@id\":\"https:\\\/\\\/quadalkatreszek.com\\\/product\\\/henger-20\\\/#primaryimage\"},\"thumbnailUrl\":\"https:\\\/\\\/quadalkatreszek.com\\\/wp-content\\\/uploads\\\/2022\\\/06\\\/4609-henger.jpg\",\"datePublished\":\"2022-06-28T14:11:01+00:00\",\"dateModified\":\"2024-11-28T19:03:53+00:00\",\"description\":\"K\u00ednai quad henger 175cc CG motorblokkhoz. Wexxtor, Loncin, Yakimoto \u00e9s egy\u00e9b quadokba.T\u00f6bb ezer quad alkatr\u00e9sz rakt\u00e1ron, azonnal!\",\"breadcrumb\":{\"@id\":\"https:\\\/\\\/quadalkatreszek.com\\\/product\\\/henger-20\\\/#breadcrumb\"},\"inLanguage\":\"en-US\",\"potentialAction\":[{\"@type\":\"ReadAction\",\"target\":[\"https:\\\/\\\/quadalkatreszek.com\\\/product\\\/henger-20\\\/\"]}]},{\"@type\":\"ImageObject\",\"inLanguage\":\"en-US\",\"@id\":\"https:\\\/\\\/quadalkatreszek.com\\\/product\\\/henger-20\\\/#primaryimage\",\"url\":\"https:\\\/\\\/quadalkatreszek.com\\\/wp-content\\\/uploads\\\/2022\\\/06\\\/4609-henger.jpg\",\"contentUrl\":\"https:\\\/\\\/quadalkatreszek.com\\\/wp-content\\\/uploads\\\/2022\\\/06\\\/4609-henger.jpg\",\"width\":500,\"height\":375,\"caption\":\"175cc quad henger\"},{\"@type\":\"BreadcrumbList\",\"@id\":\"https:\\\/\\\/quadalkatreszek.com\\\/product\\\/henger-20\\\/#breadcrumb\",\"itemListElement\":[{\"@type\":\"ListItem\",\"position\":1,\"name\":\"Kezd\u0151lap\",\"item\":\"https:\\\/\\\/quadalkatreszek.com\\\/\"},{\"@type\":\"ListItem\",\"position\":2,\"name\":\"Shop\",\"item\":\"https:\\\/\\\/quadalkatreszek.com\\\/shop\\\/\"},{\"@type\":\"ListItem\",\"position\":3,\"name\":\"175cc quad henger\"}]},{\"@type\":\"WebSite\",\"@id\":\"https:\\\/\\\/quadalkatreszek.com\\\/#website\",\"url\":\"https:\\\/\\\/quadalkatreszek.com\\\/\",\"name\":\"quadalkatreszek.com\",\"description\":\"alkatr\u00e9szek - azonnal - rakt\u00e1rr\u00f3l\",\"publisher\":{\"@id\":\"https:\\\/\\\/quadalkatreszek.com\\\/#organization\"},\"potentialAction\":[{\"@type\":\"SearchAction\",\"target\":{\"@type\":\"EntryPoint\",\"urlTemplate\":\"https:\\\/\\\/quadalkatreszek.com\\\/?s={search_term_string}\"},\"query-input\":{\"@type\":\"PropertyValueSpecification\",\"valueRequired\":true,\"valueName\":\"search_term_string\"}}],\"inLanguage\":\"en-US\"},{\"@type\":\"Organization\",\"@id\":\"https:\\\/\\\/quadalkatreszek.com\\\/#organization\",\"name\":\"quadalkatreszek.com\",\"url\":\"https:\\\/\\\/quadalkatreszek.com\\\/\",\"logo\":{\"@type\":\"ImageObject\",\"inLanguage\":\"en-US\",\"@id\":\"https:\\\/\\\/quadalkatreszek.com\\\/#\\\/schema\\\/logo\\\/image\\\/\",\"url\":\"https:\\\/\\\/quadalkatreszek.com\\\/wp-content\\\/uploads\\\/2023\\\/01\\\/korlogo-2.png\",\"contentUrl\":\"https:\\\/\\\/quadalkatreszek.com\\\/wp-content\\\/uploads\\\/2023\\\/01\\\/korlogo-2.png\",\"width\":866,\"height\":866,\"caption\":\"quadalkatreszek.com\"},\"image\":{\"@id\":\"https:\\\/\\\/quadalkatreszek.com\\\/#\\\/schema\\\/logo\\\/image\\\/\"}}]}<\/script>\n<!-- \/ Yoast SEO plugin. -->","yoast_head_json":{"title":"K\u00ednai quad henger 175cc CG motorblokkhoz -quadalkatreszek.com","description":"K\u00ednai quad henger 175cc CG motorblokkhoz. Wexxtor, Loncin, Yakimoto \u00e9s egy\u00e9b quadokba.T\u00f6bb ezer quad alkatr\u00e9sz rakt\u00e1ron, azonnal!","robots":{"index":"index","follow":"follow","max-snippet":"max-snippet:-1","max-image-preview":"max-image-preview:large","max-video-preview":"max-video-preview:-1"},"canonical":"https:\/\/quadalkatreszek.com\/en\/product\/henger-20\/","og_locale":"en_US","og_type":"article","og_title":"K\u00ednai quad henger 175cc CG motorblokkhoz -quadalkatreszek.com","og_description":"K\u00ednai quad henger 175cc CG motorblokkhoz. Wexxtor, Loncin, Yakimoto \u00e9s egy\u00e9b quadokba.T\u00f6bb ezer quad alkatr\u00e9sz rakt\u00e1ron, azonnal!","og_url":"https:\/\/quadalkatreszek.com\/en\/product\/henger-20\/","og_site_name":"quadalkatreszek.com","article_modified_time":"2024-11-28T19:03:53+00:00","og_image":[{"width":500,"height":375,"url":"https:\/\/quadalkatreszek.com\/wp-content\/uploads\/2022\/06\/4609-henger.jpg","type":"image\/jpeg"}],"twitter_card":"summary_large_image","schema":{"@context":"https:\/\/schema.org","@graph":[{"@type":"WebPage","@id":"https:\/\/quadalkatreszek.com\/product\/henger-20\/","url":"https:\/\/quadalkatreszek.com\/product\/henger-20\/","name":"K\u00ednai quad henger 175cc CG motorblokkhoz -quadalkatreszek.com","isPartOf":{"@id":"https:\/\/quadalkatreszek.com\/#website"},"primaryImageOfPage":{"@id":"https:\/\/quadalkatreszek.com\/product\/henger-20\/#primaryimage"},"image":{"@id":"https:\/\/quadalkatreszek.com\/product\/henger-20\/#primaryimage"},"thumbnailUrl":"https:\/\/quadalkatreszek.com\/wp-content\/uploads\/2022\/06\/4609-henger.jpg","datePublished":"2022-06-28T14:11:01+00:00","dateModified":"2024-11-28T19:03:53+00:00","description":"K\u00ednai quad henger 175cc CG motorblokkhoz. Wexxtor, Loncin, Yakimoto \u00e9s egy\u00e9b quadokba.T\u00f6bb ezer quad alkatr\u00e9sz rakt\u00e1ron, azonnal!","breadcrumb":{"@id":"https:\/\/quadalkatreszek.com\/product\/henger-20\/#breadcrumb"},"inLanguage":"en-US","potentialAction":[{"@type":"ReadAction","target":["https:\/\/quadalkatreszek.com\/product\/henger-20\/"]}]},{"@type":"ImageObject","inLanguage":"en-US","@id":"https:\/\/quadalkatreszek.com\/product\/henger-20\/#primaryimage","url":"https:\/\/quadalkatreszek.com\/wp-content\/uploads\/2022\/06\/4609-henger.jpg","contentUrl":"https:\/\/quadalkatreszek.com\/wp-content\/uploads\/2022\/06\/4609-henger.jpg","width":500,"height":375,"caption":"175cc quad henger"},{"@type":"BreadcrumbList","@id":"https:\/\/quadalkatreszek.com\/product\/henger-20\/#breadcrumb","itemListElement":[{"@type":"ListItem","position":1,"name":"Kezd\u0151lap","item":"https:\/\/quadalkatreszek.com\/"},{"@type":"ListItem","position":2,"name":"Shop","item":"https:\/\/quadalkatreszek.com\/shop\/"},{"@type":"ListItem","position":3,"name":"175cc quad henger"}]},{"@type":"WebSite","@id":"https:\/\/quadalkatreszek.com\/#website","url":"https:\/\/quadalkatreszek.com\/","name":"quadalkatreszek.com","description":"alkatr\u00e9szek - azonnal - rakt\u00e1rr\u00f3l","publisher":{"@id":"https:\/\/quadalkatreszek.com\/#organization"},"potentialAction":[{"@type":"SearchAction","target":{"@type":"EntryPoint","urlTemplate":"https:\/\/quadalkatreszek.com\/?s={search_term_string}"},"query-input":{"@type":"PropertyValueSpecification","valueRequired":true,"valueName":"search_term_string"}}],"inLanguage":"en-US"},{"@type":"Organization","@id":"https:\/\/quadalkatreszek.com\/#organization","name":"quadalkatreszek.com","url":"https:\/\/quadalkatreszek.com\/","logo":{"@type":"ImageObject","inLanguage":"en-US","@id":"https:\/\/quadalkatreszek.com\/#\/schema\/logo\/image\/","url":"https:\/\/quadalkatreszek.com\/wp-content\/uploads\/2023\/01\/korlogo-2.png","contentUrl":"https:\/\/quadalkatreszek.com\/wp-content\/uploads\/2023\/01\/korlogo-2.png","width":866,"height":866,"caption":"quadalkatreszek.com"},"image":{"@id":"https:\/\/quadalkatreszek.com\/#\/schema\/logo\/image\/"}}]}},"_links":{"self":[{"href":"https:\/\/quadalkatreszek.com\/en\/wp-json\/wp\/v2\/product\/30253","targetHints":{"allow":["GET"]}}],"collection":[{"href":"https:\/\/quadalkatreszek.com\/en\/wp-json\/wp\/v2\/product"}],"about":[{"href":"https:\/\/quadalkatreszek.com\/en\/wp-json\/wp\/v2\/types\/product"}],"replies":[{"embeddable":true,"href":"https:\/\/quadalkatreszek.com\/en\/wp-json\/wp\/v2\/comments?post=30253"}],"wp:featuredmedia":[{"embeddable":true,"href":"https:\/\/quadalkatreszek.com\/en\/wp-json\/wp\/v2\/media\/27208"}],"wp:attachment":[{"href":"https:\/\/quadalkatreszek.com\/en\/wp-json\/wp\/v2\/media?parent=30253"}],"wp:term":[{"taxonomy":"product_brand","embeddable":true,"href":"https:\/\/quadalkatreszek.com\/en\/wp-json\/wp\/v2\/product_brand?post=30253"},{"taxonomy":"product_cat","embeddable":true,"href":"https:\/\/quadalkatreszek.com\/en\/wp-json\/wp\/v2\/product_cat?post=30253"},{"taxonomy":"product_tag","embeddable":true,"href":"https:\/\/quadalkatreszek.com\/en\/wp-json\/wp\/v2\/product_tag?post=30253"}],"curies":[{"name":"wp","href":"https:\/\/api.w.org\/{rel}","templated":true}]}}