{"id":30322,"date":"2022-06-28T15:11:16","date_gmt":"2022-06-28T14:11:16","guid":{"rendered":"https:\/\/quadalkatreszek.com\/product\/elektromos-pocket-hb-eatv-05-2\/"},"modified":"2026-02-04T11:05:21","modified_gmt":"2026-02-04T10:05:21","slug":"elektromos-pocket-hb-eatv-05-kek","status":"publish","type":"product","link":"https:\/\/quadalkatreszek.com\/en\/product\/elektromos-pocket-hb-eatv-05-kek\/","title":{"rendered":"FFK1200 Elektromos gyerek quad k\u00e9k HB-EATV 05"},"content":{"rendered":"<p>Elektromos gyerek quad<\/p>\n<p>Ez a term\u00e9k k\u00f6z\u00fati forgalomban nem vehet r\u00e9szt!!!<br \/>\nFFK1200 Elektromos gyerek quad k\u00e9k HB-EATV 05<\/p>\n<p>Teljes\u00edtm\u00e9ny 1200W<\/p>\n<p>-A j\u00e1rm\u0171 el\u0151re \u00e9s h\u00e1tra menet fokozattal is rendelkezik.<\/p>\n<p>-Teherb\u00edr\u00e1sa 40kg<\/p>\n<p>-3 fokozatban \u00e1ll\u00edthat\u00f3 a sebess\u00e9ge.<\/p>\n<p>-El\u00f6l h\u00e1tul t\u00e1rcsaf\u00e9k<\/p>\n<p>-Ledes l\u00e1mp\u00e1k<\/p>\n<p>&nbsp;<\/p>\n<p>, 93<br \/>\n&#8211; &#8211; &#8211;<br \/>\n<!--kkod_start--><\/p>\n<div class=\"kkod-visible\">kkod:93<\/div>\n<p><!--kkod_end--><\/p>","protected":false},"excerpt":{"rendered":"<p>FFK1200 Elektromos gyerek quad k\u00e9k HB-EATV 05<\/p>\n<p>Ez a term\u00e9k k\u00f6z\u00fati forgalomban nem vehet r\u00e9szt!!!<\/p>","protected":false},"featured_media":53679,"comment_status":"open","ping_status":"closed","template":"","meta":[],"product_brand":[],"product_cat":[101,103],"product_tag":[],"class_list":{"0":"post-30322","1":"product","2":"type-product","3":"status-publish","4":"has-post-thumbnail","6":"product_cat-elektromos-gyerek-quad","7":"product_cat-gyerek-quadok","8":"product_shipping_class-raklap-meret","10":"first","11":"instock","12":"shipping-taxable","13":"purchasable","14":"product-type-simple"},"yoast_head":"<!-- This site is optimized with the Yoast SEO plugin v27.4 - https:\/\/yoast.com\/product\/yoast-seo-wordpress\/ -->\n<title>FFK1200 Elektromos gyerek quad k\u00e9k HB-EATV 05 - quadalkatreszek.com<\/title>\n<meta name=\"description\" content=\"Elektromos gyerek quad Elektromos pocket HB-EATV 05 Teljes\u00edtm\u00e9ny 1000W -A j\u00e1rm\u0171 el\u0151re \u00e9s h\u00e1tra menet fokozattal is rendelkezik. -Teherb\u00edr\u00e1sa 40kg\" \/>\n<meta name=\"robots\" content=\"index, follow, max-snippet:-1, max-image-preview:large, max-video-preview:-1\" \/>\n<link rel=\"canonical\" href=\"https:\/\/quadalkatreszek.com\/en\/product\/elektromos-pocket-hb-eatv-05-kek\/\" \/>\n<meta property=\"og:locale\" content=\"en_US\" \/>\n<meta property=\"og:type\" content=\"article\" \/>\n<meta property=\"og:title\" content=\"FFK1200 Elektromos gyerek quad k\u00e9k HB-EATV 05 - quadalkatreszek.com\" \/>\n<meta property=\"og:description\" content=\"Elektromos gyerek quad Elektromos pocket HB-EATV 05 Teljes\u00edtm\u00e9ny 1000W -A j\u00e1rm\u0171 el\u0151re \u00e9s h\u00e1tra menet fokozattal is rendelkezik. -Teherb\u00edr\u00e1sa 40kg\" \/>\n<meta property=\"og:url\" content=\"https:\/\/quadalkatreszek.com\/en\/product\/elektromos-pocket-hb-eatv-05-kek\/\" \/>\n<meta property=\"og:site_name\" content=\"quadalkatreszek.com\" \/>\n<meta property=\"article:modified_time\" content=\"2026-02-04T10:05:21+00:00\" \/>\n<meta property=\"og:image\" content=\"https:\/\/quadalkatreszek.com\/wp-content\/uploads\/2022\/06\/005k1.jpg\" \/>\n\t<meta property=\"og:image:width\" content=\"1600\" \/>\n\t<meta property=\"og:image:height\" content=\"1200\" \/>\n\t<meta property=\"og:image:type\" content=\"image\/jpeg\" \/>\n<meta name=\"twitter:card\" content=\"summary_large_image\" \/>\n<script type=\"application\/ld+json\" class=\"yoast-schema-graph\">{\"@context\":\"https:\\\/\\\/schema.org\",\"@graph\":[{\"@type\":\"WebPage\",\"@id\":\"https:\\\/\\\/quadalkatreszek.com\\\/product\\\/elektromos-pocket-hb-eatv-05-kek\\\/\",\"url\":\"https:\\\/\\\/quadalkatreszek.com\\\/product\\\/elektromos-pocket-hb-eatv-05-kek\\\/\",\"name\":\"FFK1200 Elektromos gyerek quad k\u00e9k HB-EATV 05 - quadalkatreszek.com\",\"isPartOf\":{\"@id\":\"https:\\\/\\\/quadalkatreszek.com\\\/#website\"},\"primaryImageOfPage\":{\"@id\":\"https:\\\/\\\/quadalkatreszek.com\\\/product\\\/elektromos-pocket-hb-eatv-05-kek\\\/#primaryimage\"},\"image\":{\"@id\":\"https:\\\/\\\/quadalkatreszek.com\\\/product\\\/elektromos-pocket-hb-eatv-05-kek\\\/#primaryimage\"},\"thumbnailUrl\":\"https:\\\/\\\/quadalkatreszek.com\\\/wp-content\\\/uploads\\\/2022\\\/06\\\/005k1.jpg\",\"datePublished\":\"2022-06-28T14:11:16+00:00\",\"dateModified\":\"2026-02-04T10:05:21+00:00\",\"description\":\"Elektromos gyerek quad Elektromos pocket HB-EATV 05 Teljes\u00edtm\u00e9ny 1000W -A j\u00e1rm\u0171 el\u0151re \u00e9s h\u00e1tra menet fokozattal is rendelkezik. -Teherb\u00edr\u00e1sa 40kg\",\"breadcrumb\":{\"@id\":\"https:\\\/\\\/quadalkatreszek.com\\\/product\\\/elektromos-pocket-hb-eatv-05-kek\\\/#breadcrumb\"},\"inLanguage\":\"en-US\",\"potentialAction\":[{\"@type\":\"ReadAction\",\"target\":[\"https:\\\/\\\/quadalkatreszek.com\\\/product\\\/elektromos-pocket-hb-eatv-05-kek\\\/\"]}]},{\"@type\":\"ImageObject\",\"inLanguage\":\"en-US\",\"@id\":\"https:\\\/\\\/quadalkatreszek.com\\\/product\\\/elektromos-pocket-hb-eatv-05-kek\\\/#primaryimage\",\"url\":\"https:\\\/\\\/quadalkatreszek.com\\\/wp-content\\\/uploads\\\/2022\\\/06\\\/005k1.jpg\",\"contentUrl\":\"https:\\\/\\\/quadalkatreszek.com\\\/wp-content\\\/uploads\\\/2022\\\/06\\\/005k1.jpg\",\"width\":1600,\"height\":1200,\"caption\":\"FFK1200 Elektromos gyerek quad HB-EATV 05\"},{\"@type\":\"BreadcrumbList\",\"@id\":\"https:\\\/\\\/quadalkatreszek.com\\\/product\\\/elektromos-pocket-hb-eatv-05-kek\\\/#breadcrumb\",\"itemListElement\":[{\"@type\":\"ListItem\",\"position\":1,\"name\":\"Kezd\u0151lap\",\"item\":\"https:\\\/\\\/quadalkatreszek.com\\\/\"},{\"@type\":\"ListItem\",\"position\":2,\"name\":\"Shop\",\"item\":\"https:\\\/\\\/quadalkatreszek.com\\\/shop\\\/\"},{\"@type\":\"ListItem\",\"position\":3,\"name\":\"FFK1200 Elektromos gyerek quad k\u00e9k HB-EATV 05\"}]},{\"@type\":\"WebSite\",\"@id\":\"https:\\\/\\\/quadalkatreszek.com\\\/#website\",\"url\":\"https:\\\/\\\/quadalkatreszek.com\\\/\",\"name\":\"quadalkatreszek.com\",\"description\":\"alkatr\u00e9szek - azonnal - rakt\u00e1rr\u00f3l\",\"publisher\":{\"@id\":\"https:\\\/\\\/quadalkatreszek.com\\\/#organization\"},\"potentialAction\":[{\"@type\":\"SearchAction\",\"target\":{\"@type\":\"EntryPoint\",\"urlTemplate\":\"https:\\\/\\\/quadalkatreszek.com\\\/?s={search_term_string}\"},\"query-input\":{\"@type\":\"PropertyValueSpecification\",\"valueRequired\":true,\"valueName\":\"search_term_string\"}}],\"inLanguage\":\"en-US\"},{\"@type\":\"Organization\",\"@id\":\"https:\\\/\\\/quadalkatreszek.com\\\/#organization\",\"name\":\"quadalkatreszek.com\",\"url\":\"https:\\\/\\\/quadalkatreszek.com\\\/\",\"logo\":{\"@type\":\"ImageObject\",\"inLanguage\":\"en-US\",\"@id\":\"https:\\\/\\\/quadalkatreszek.com\\\/#\\\/schema\\\/logo\\\/image\\\/\",\"url\":\"https:\\\/\\\/quadalkatreszek.com\\\/wp-content\\\/uploads\\\/2023\\\/01\\\/korlogo-2.png\",\"contentUrl\":\"https:\\\/\\\/quadalkatreszek.com\\\/wp-content\\\/uploads\\\/2023\\\/01\\\/korlogo-2.png\",\"width\":866,\"height\":866,\"caption\":\"quadalkatreszek.com\"},\"image\":{\"@id\":\"https:\\\/\\\/quadalkatreszek.com\\\/#\\\/schema\\\/logo\\\/image\\\/\"}}]}<\/script>\n<!-- \/ Yoast SEO plugin. -->","yoast_head_json":{"title":"FFK1200 Elektromos gyerek quad k\u00e9k HB-EATV 05 - quadalkatreszek.com","description":"Elektromos gyerek quad Elektromos pocket HB-EATV 05 Teljes\u00edtm\u00e9ny 1000W -A j\u00e1rm\u0171 el\u0151re \u00e9s h\u00e1tra menet fokozattal is rendelkezik. -Teherb\u00edr\u00e1sa 40kg","robots":{"index":"index","follow":"follow","max-snippet":"max-snippet:-1","max-image-preview":"max-image-preview:large","max-video-preview":"max-video-preview:-1"},"canonical":"https:\/\/quadalkatreszek.com\/en\/product\/elektromos-pocket-hb-eatv-05-kek\/","og_locale":"en_US","og_type":"article","og_title":"FFK1200 Elektromos gyerek quad k\u00e9k HB-EATV 05 - quadalkatreszek.com","og_description":"Elektromos gyerek quad Elektromos pocket HB-EATV 05 Teljes\u00edtm\u00e9ny 1000W -A j\u00e1rm\u0171 el\u0151re \u00e9s h\u00e1tra menet fokozattal is rendelkezik. -Teherb\u00edr\u00e1sa 40kg","og_url":"https:\/\/quadalkatreszek.com\/en\/product\/elektromos-pocket-hb-eatv-05-kek\/","og_site_name":"quadalkatreszek.com","article_modified_time":"2026-02-04T10:05:21+00:00","og_image":[{"width":1600,"height":1200,"url":"https:\/\/quadalkatreszek.com\/wp-content\/uploads\/2022\/06\/005k1.jpg","type":"image\/jpeg"}],"twitter_card":"summary_large_image","schema":{"@context":"https:\/\/schema.org","@graph":[{"@type":"WebPage","@id":"https:\/\/quadalkatreszek.com\/product\/elektromos-pocket-hb-eatv-05-kek\/","url":"https:\/\/quadalkatreszek.com\/product\/elektromos-pocket-hb-eatv-05-kek\/","name":"FFK1200 Elektromos gyerek quad k\u00e9k HB-EATV 05 - quadalkatreszek.com","isPartOf":{"@id":"https:\/\/quadalkatreszek.com\/#website"},"primaryImageOfPage":{"@id":"https:\/\/quadalkatreszek.com\/product\/elektromos-pocket-hb-eatv-05-kek\/#primaryimage"},"image":{"@id":"https:\/\/quadalkatreszek.com\/product\/elektromos-pocket-hb-eatv-05-kek\/#primaryimage"},"thumbnailUrl":"https:\/\/quadalkatreszek.com\/wp-content\/uploads\/2022\/06\/005k1.jpg","datePublished":"2022-06-28T14:11:16+00:00","dateModified":"2026-02-04T10:05:21+00:00","description":"Elektromos gyerek quad Elektromos pocket HB-EATV 05 Teljes\u00edtm\u00e9ny 1000W -A j\u00e1rm\u0171 el\u0151re \u00e9s h\u00e1tra menet fokozattal is rendelkezik. -Teherb\u00edr\u00e1sa 40kg","breadcrumb":{"@id":"https:\/\/quadalkatreszek.com\/product\/elektromos-pocket-hb-eatv-05-kek\/#breadcrumb"},"inLanguage":"en-US","potentialAction":[{"@type":"ReadAction","target":["https:\/\/quadalkatreszek.com\/product\/elektromos-pocket-hb-eatv-05-kek\/"]}]},{"@type":"ImageObject","inLanguage":"en-US","@id":"https:\/\/quadalkatreszek.com\/product\/elektromos-pocket-hb-eatv-05-kek\/#primaryimage","url":"https:\/\/quadalkatreszek.com\/wp-content\/uploads\/2022\/06\/005k1.jpg","contentUrl":"https:\/\/quadalkatreszek.com\/wp-content\/uploads\/2022\/06\/005k1.jpg","width":1600,"height":1200,"caption":"FFK1200 Elektromos gyerek quad HB-EATV 05"},{"@type":"BreadcrumbList","@id":"https:\/\/quadalkatreszek.com\/product\/elektromos-pocket-hb-eatv-05-kek\/#breadcrumb","itemListElement":[{"@type":"ListItem","position":1,"name":"Kezd\u0151lap","item":"https:\/\/quadalkatreszek.com\/"},{"@type":"ListItem","position":2,"name":"Shop","item":"https:\/\/quadalkatreszek.com\/shop\/"},{"@type":"ListItem","position":3,"name":"FFK1200 Elektromos gyerek quad k\u00e9k HB-EATV 05"}]},{"@type":"WebSite","@id":"https:\/\/quadalkatreszek.com\/#website","url":"https:\/\/quadalkatreszek.com\/","name":"quadalkatreszek.com","description":"alkatr\u00e9szek - azonnal - rakt\u00e1rr\u00f3l","publisher":{"@id":"https:\/\/quadalkatreszek.com\/#organization"},"potentialAction":[{"@type":"SearchAction","target":{"@type":"EntryPoint","urlTemplate":"https:\/\/quadalkatreszek.com\/?s={search_term_string}"},"query-input":{"@type":"PropertyValueSpecification","valueRequired":true,"valueName":"search_term_string"}}],"inLanguage":"en-US"},{"@type":"Organization","@id":"https:\/\/quadalkatreszek.com\/#organization","name":"quadalkatreszek.com","url":"https:\/\/quadalkatreszek.com\/","logo":{"@type":"ImageObject","inLanguage":"en-US","@id":"https:\/\/quadalkatreszek.com\/#\/schema\/logo\/image\/","url":"https:\/\/quadalkatreszek.com\/wp-content\/uploads\/2023\/01\/korlogo-2.png","contentUrl":"https:\/\/quadalkatreszek.com\/wp-content\/uploads\/2023\/01\/korlogo-2.png","width":866,"height":866,"caption":"quadalkatreszek.com"},"image":{"@id":"https:\/\/quadalkatreszek.com\/#\/schema\/logo\/image\/"}}]}},"_links":{"self":[{"href":"https:\/\/quadalkatreszek.com\/en\/wp-json\/wp\/v2\/product\/30322","targetHints":{"allow":["GET"]}}],"collection":[{"href":"https:\/\/quadalkatreszek.com\/en\/wp-json\/wp\/v2\/product"}],"about":[{"href":"https:\/\/quadalkatreszek.com\/en\/wp-json\/wp\/v2\/types\/product"}],"replies":[{"embeddable":true,"href":"https:\/\/quadalkatreszek.com\/en\/wp-json\/wp\/v2\/comments?post=30322"}],"wp:featuredmedia":[{"embeddable":true,"href":"https:\/\/quadalkatreszek.com\/en\/wp-json\/wp\/v2\/media\/53679"}],"wp:attachment":[{"href":"https:\/\/quadalkatreszek.com\/en\/wp-json\/wp\/v2\/media?parent=30322"}],"wp:term":[{"taxonomy":"product_brand","embeddable":true,"href":"https:\/\/quadalkatreszek.com\/en\/wp-json\/wp\/v2\/product_brand?post=30322"},{"taxonomy":"product_cat","embeddable":true,"href":"https:\/\/quadalkatreszek.com\/en\/wp-json\/wp\/v2\/product_cat?post=30322"},{"taxonomy":"product_tag","embeddable":true,"href":"https:\/\/quadalkatreszek.com\/en\/wp-json\/wp\/v2\/product_tag?post=30322"}],"curies":[{"name":"wp","href":"https:\/\/api.w.org\/{rel}","templated":true}]}}