{"id":30458,"date":"2022-06-28T15:11:40","date_gmt":"2022-06-28T14:11:40","guid":{"rendered":"https:\/\/quadalkatreszek.com\/product\/ledes-elso-lampa-150cc-tura-quadhoz\/"},"modified":"2026-03-25T07:40:57","modified_gmt":"2026-03-25T06:40:57","slug":"ledes-elso-lampa-150cc-tura-quadhoz","status":"publish","type":"product","link":"https:\/\/quadalkatreszek.com\/en\/product\/ledes-elso-lampa-150cc-tura-quadhoz\/","title":{"rendered":"quad l\u00e1mpa Ledes  els\u0151 l\u00e1mpa 150cc t\u00fara quadhoz"},"content":{"rendered":"<p>quad l\u00e1mpa.<\/p>\n<p>Ledes els\u0151 l\u00e1mpa 150cc t\u00fara quadhoz<\/p>\n<p>&#8211; &#8211; &#8211;<br \/>\n<!--kkod_start--><\/p>\n<div class=\"kkod-visible\">kkod:98<\/div>\n<p><!--kkod_end--><\/p>","protected":false},"excerpt":{"rendered":"<p>Ledes els\u0151 l\u00e1mpa 150cc t\u00fara quadhoz<\/p>","protected":false},"featured_media":27908,"comment_status":"open","ping_status":"closed","template":"","meta":[],"product_brand":[],"product_cat":[55],"product_tag":[],"class_list":{"0":"post-30458","1":"product","2":"type-product","3":"status-publish","4":"has-post-thumbnail","6":"product_cat-lampa","8":"first","9":"instock","10":"shipping-taxable","11":"purchasable","12":"product-type-simple"},"yoast_head":"<!-- This site is optimized with the Yoast SEO plugin v27.4 - https:\/\/yoast.com\/product\/yoast-seo-wordpress\/ -->\n<title>quad l\u00e1mpa Ledes els\u0151 l\u00e1mpa 150cc t\u00fara quadhoz - quadalkatreszek.com<\/title>\n<meta name=\"description\" content=\"quad l\u00e1mpa.  Ledes els\u0151 l\u00e1mpa 150cc t\u00fara quadhoz  - - - kkod:98 T\u00f6bb ezer k\u00ednai quad \u00e9s dirt bike alkatr\u00e9sz azonnal rakt\u00e1rr\u00f3l, ak\u00e1r 24-48 \u00f3r\u00e1n bel\u00fcli kisz\u00e1ll\u00edt\u00e1ssal\" \/>\n<meta name=\"robots\" content=\"index, follow, max-snippet:-1, max-image-preview:large, max-video-preview:-1\" \/>\n<link rel=\"canonical\" href=\"https:\/\/quadalkatreszek.com\/en\/product\/ledes-elso-lampa-150cc-tura-quadhoz\/\" \/>\n<meta property=\"og:locale\" content=\"en_US\" \/>\n<meta property=\"og:type\" content=\"article\" \/>\n<meta property=\"og:title\" content=\"quad l\u00e1mpa Ledes els\u0151 l\u00e1mpa 150cc t\u00fara quadhoz - quadalkatreszek.com\" \/>\n<meta property=\"og:description\" content=\"quad l\u00e1mpa.  Ledes els\u0151 l\u00e1mpa 150cc t\u00fara quadhoz  - - - kkod:98 T\u00f6bb ezer k\u00ednai quad \u00e9s dirt bike alkatr\u00e9sz azonnal rakt\u00e1rr\u00f3l, ak\u00e1r 24-48 \u00f3r\u00e1n bel\u00fcli kisz\u00e1ll\u00edt\u00e1ssal\" \/>\n<meta property=\"og:url\" content=\"https:\/\/quadalkatreszek.com\/en\/product\/ledes-elso-lampa-150cc-tura-quadhoz\/\" \/>\n<meta property=\"og:site_name\" content=\"quadalkatreszek.com\" \/>\n<meta property=\"article:modified_time\" content=\"2026-03-25T06:40:57+00:00\" \/>\n<meta property=\"og:image\" content=\"https:\/\/quadalkatreszek.com\/wp-content\/uploads\/2022\/06\/l0523.jpg\" \/>\n\t<meta property=\"og:image:width\" content=\"500\" \/>\n\t<meta property=\"og:image:height\" content=\"375\" \/>\n\t<meta property=\"og:image:type\" content=\"image\/jpeg\" \/>\n<meta name=\"twitter:card\" content=\"summary_large_image\" \/>\n<script type=\"application\/ld+json\" class=\"yoast-schema-graph\">{\"@context\":\"https:\\\/\\\/schema.org\",\"@graph\":[{\"@type\":\"WebPage\",\"@id\":\"https:\\\/\\\/quadalkatreszek.com\\\/product\\\/ledes-elso-lampa-150cc-tura-quadhoz\\\/\",\"url\":\"https:\\\/\\\/quadalkatreszek.com\\\/product\\\/ledes-elso-lampa-150cc-tura-quadhoz\\\/\",\"name\":\"quad l\u00e1mpa Ledes els\u0151 l\u00e1mpa 150cc t\u00fara quadhoz - quadalkatreszek.com\",\"isPartOf\":{\"@id\":\"https:\\\/\\\/quadalkatreszek.com\\\/#website\"},\"primaryImageOfPage\":{\"@id\":\"https:\\\/\\\/quadalkatreszek.com\\\/product\\\/ledes-elso-lampa-150cc-tura-quadhoz\\\/#primaryimage\"},\"image\":{\"@id\":\"https:\\\/\\\/quadalkatreszek.com\\\/product\\\/ledes-elso-lampa-150cc-tura-quadhoz\\\/#primaryimage\"},\"thumbnailUrl\":\"https:\\\/\\\/quadalkatreszek.com\\\/wp-content\\\/uploads\\\/2022\\\/06\\\/l0523.jpg\",\"datePublished\":\"2022-06-28T14:11:40+00:00\",\"dateModified\":\"2026-03-25T06:40:57+00:00\",\"description\":\"quad l\u00e1mpa. Ledes els\u0151 l\u00e1mpa 150cc t\u00fara quadhoz - - - kkod:98 T\u00f6bb ezer k\u00ednai quad \u00e9s dirt bike alkatr\u00e9sz azonnal rakt\u00e1rr\u00f3l, ak\u00e1r 24-48 \u00f3r\u00e1n bel\u00fcli kisz\u00e1ll\u00edt\u00e1ssal\",\"breadcrumb\":{\"@id\":\"https:\\\/\\\/quadalkatreszek.com\\\/product\\\/ledes-elso-lampa-150cc-tura-quadhoz\\\/#breadcrumb\"},\"inLanguage\":\"en-US\",\"potentialAction\":[{\"@type\":\"ReadAction\",\"target\":[\"https:\\\/\\\/quadalkatreszek.com\\\/product\\\/ledes-elso-lampa-150cc-tura-quadhoz\\\/\"]}]},{\"@type\":\"ImageObject\",\"inLanguage\":\"en-US\",\"@id\":\"https:\\\/\\\/quadalkatreszek.com\\\/product\\\/ledes-elso-lampa-150cc-tura-quadhoz\\\/#primaryimage\",\"url\":\"https:\\\/\\\/quadalkatreszek.com\\\/wp-content\\\/uploads\\\/2022\\\/06\\\/l0523.jpg\",\"contentUrl\":\"https:\\\/\\\/quadalkatreszek.com\\\/wp-content\\\/uploads\\\/2022\\\/06\\\/l0523.jpg\",\"width\":500,\"height\":375,\"caption\":\"Ledes els\u0151 l\u00e1mpa 150cc t\u00fara quadhoz\"},{\"@type\":\"BreadcrumbList\",\"@id\":\"https:\\\/\\\/quadalkatreszek.com\\\/product\\\/ledes-elso-lampa-150cc-tura-quadhoz\\\/#breadcrumb\",\"itemListElement\":[{\"@type\":\"ListItem\",\"position\":1,\"name\":\"Kezd\u0151lap\",\"item\":\"https:\\\/\\\/quadalkatreszek.com\\\/\"},{\"@type\":\"ListItem\",\"position\":2,\"name\":\"Shop\",\"item\":\"https:\\\/\\\/quadalkatreszek.com\\\/shop\\\/\"},{\"@type\":\"ListItem\",\"position\":3,\"name\":\"quad l\u00e1mpa Ledes els\u0151 l\u00e1mpa 150cc t\u00fara quadhoz\"}]},{\"@type\":\"WebSite\",\"@id\":\"https:\\\/\\\/quadalkatreszek.com\\\/#website\",\"url\":\"https:\\\/\\\/quadalkatreszek.com\\\/\",\"name\":\"quadalkatreszek.com\",\"description\":\"alkatr\u00e9szek - azonnal - rakt\u00e1rr\u00f3l\",\"publisher\":{\"@id\":\"https:\\\/\\\/quadalkatreszek.com\\\/#organization\"},\"potentialAction\":[{\"@type\":\"SearchAction\",\"target\":{\"@type\":\"EntryPoint\",\"urlTemplate\":\"https:\\\/\\\/quadalkatreszek.com\\\/?s={search_term_string}\"},\"query-input\":{\"@type\":\"PropertyValueSpecification\",\"valueRequired\":true,\"valueName\":\"search_term_string\"}}],\"inLanguage\":\"en-US\"},{\"@type\":\"Organization\",\"@id\":\"https:\\\/\\\/quadalkatreszek.com\\\/#organization\",\"name\":\"quadalkatreszek.com\",\"url\":\"https:\\\/\\\/quadalkatreszek.com\\\/\",\"logo\":{\"@type\":\"ImageObject\",\"inLanguage\":\"en-US\",\"@id\":\"https:\\\/\\\/quadalkatreszek.com\\\/#\\\/schema\\\/logo\\\/image\\\/\",\"url\":\"https:\\\/\\\/quadalkatreszek.com\\\/wp-content\\\/uploads\\\/2023\\\/01\\\/korlogo-2.png\",\"contentUrl\":\"https:\\\/\\\/quadalkatreszek.com\\\/wp-content\\\/uploads\\\/2023\\\/01\\\/korlogo-2.png\",\"width\":866,\"height\":866,\"caption\":\"quadalkatreszek.com\"},\"image\":{\"@id\":\"https:\\\/\\\/quadalkatreszek.com\\\/#\\\/schema\\\/logo\\\/image\\\/\"}}]}<\/script>\n<!-- \/ Yoast SEO plugin. -->","yoast_head_json":{"title":"quad l\u00e1mpa Ledes els\u0151 l\u00e1mpa 150cc t\u00fara quadhoz - quadalkatreszek.com","description":"quad l\u00e1mpa.  Ledes els\u0151 l\u00e1mpa 150cc t\u00fara quadhoz  - - - kkod:98 T\u00f6bb ezer k\u00ednai quad \u00e9s dirt bike alkatr\u00e9sz azonnal rakt\u00e1rr\u00f3l, ak\u00e1r 24-48 \u00f3r\u00e1n bel\u00fcli kisz\u00e1ll\u00edt\u00e1ssal","robots":{"index":"index","follow":"follow","max-snippet":"max-snippet:-1","max-image-preview":"max-image-preview:large","max-video-preview":"max-video-preview:-1"},"canonical":"https:\/\/quadalkatreszek.com\/en\/product\/ledes-elso-lampa-150cc-tura-quadhoz\/","og_locale":"en_US","og_type":"article","og_title":"quad l\u00e1mpa Ledes els\u0151 l\u00e1mpa 150cc t\u00fara quadhoz - quadalkatreszek.com","og_description":"quad l\u00e1mpa.  Ledes els\u0151 l\u00e1mpa 150cc t\u00fara quadhoz  - - - kkod:98 T\u00f6bb ezer k\u00ednai quad \u00e9s dirt bike alkatr\u00e9sz azonnal rakt\u00e1rr\u00f3l, ak\u00e1r 24-48 \u00f3r\u00e1n bel\u00fcli kisz\u00e1ll\u00edt\u00e1ssal","og_url":"https:\/\/quadalkatreszek.com\/en\/product\/ledes-elso-lampa-150cc-tura-quadhoz\/","og_site_name":"quadalkatreszek.com","article_modified_time":"2026-03-25T06:40:57+00:00","og_image":[{"width":500,"height":375,"url":"https:\/\/quadalkatreszek.com\/wp-content\/uploads\/2022\/06\/l0523.jpg","type":"image\/jpeg"}],"twitter_card":"summary_large_image","schema":{"@context":"https:\/\/schema.org","@graph":[{"@type":"WebPage","@id":"https:\/\/quadalkatreszek.com\/product\/ledes-elso-lampa-150cc-tura-quadhoz\/","url":"https:\/\/quadalkatreszek.com\/product\/ledes-elso-lampa-150cc-tura-quadhoz\/","name":"quad l\u00e1mpa Ledes els\u0151 l\u00e1mpa 150cc t\u00fara quadhoz - quadalkatreszek.com","isPartOf":{"@id":"https:\/\/quadalkatreszek.com\/#website"},"primaryImageOfPage":{"@id":"https:\/\/quadalkatreszek.com\/product\/ledes-elso-lampa-150cc-tura-quadhoz\/#primaryimage"},"image":{"@id":"https:\/\/quadalkatreszek.com\/product\/ledes-elso-lampa-150cc-tura-quadhoz\/#primaryimage"},"thumbnailUrl":"https:\/\/quadalkatreszek.com\/wp-content\/uploads\/2022\/06\/l0523.jpg","datePublished":"2022-06-28T14:11:40+00:00","dateModified":"2026-03-25T06:40:57+00:00","description":"quad l\u00e1mpa. Ledes els\u0151 l\u00e1mpa 150cc t\u00fara quadhoz - - - kkod:98 T\u00f6bb ezer k\u00ednai quad \u00e9s dirt bike alkatr\u00e9sz azonnal rakt\u00e1rr\u00f3l, ak\u00e1r 24-48 \u00f3r\u00e1n bel\u00fcli kisz\u00e1ll\u00edt\u00e1ssal","breadcrumb":{"@id":"https:\/\/quadalkatreszek.com\/product\/ledes-elso-lampa-150cc-tura-quadhoz\/#breadcrumb"},"inLanguage":"en-US","potentialAction":[{"@type":"ReadAction","target":["https:\/\/quadalkatreszek.com\/product\/ledes-elso-lampa-150cc-tura-quadhoz\/"]}]},{"@type":"ImageObject","inLanguage":"en-US","@id":"https:\/\/quadalkatreszek.com\/product\/ledes-elso-lampa-150cc-tura-quadhoz\/#primaryimage","url":"https:\/\/quadalkatreszek.com\/wp-content\/uploads\/2022\/06\/l0523.jpg","contentUrl":"https:\/\/quadalkatreszek.com\/wp-content\/uploads\/2022\/06\/l0523.jpg","width":500,"height":375,"caption":"Ledes els\u0151 l\u00e1mpa 150cc t\u00fara quadhoz"},{"@type":"BreadcrumbList","@id":"https:\/\/quadalkatreszek.com\/product\/ledes-elso-lampa-150cc-tura-quadhoz\/#breadcrumb","itemListElement":[{"@type":"ListItem","position":1,"name":"Kezd\u0151lap","item":"https:\/\/quadalkatreszek.com\/"},{"@type":"ListItem","position":2,"name":"Shop","item":"https:\/\/quadalkatreszek.com\/shop\/"},{"@type":"ListItem","position":3,"name":"quad l\u00e1mpa Ledes els\u0151 l\u00e1mpa 150cc t\u00fara quadhoz"}]},{"@type":"WebSite","@id":"https:\/\/quadalkatreszek.com\/#website","url":"https:\/\/quadalkatreszek.com\/","name":"quadalkatreszek.com","description":"alkatr\u00e9szek - azonnal - rakt\u00e1rr\u00f3l","publisher":{"@id":"https:\/\/quadalkatreszek.com\/#organization"},"potentialAction":[{"@type":"SearchAction","target":{"@type":"EntryPoint","urlTemplate":"https:\/\/quadalkatreszek.com\/?s={search_term_string}"},"query-input":{"@type":"PropertyValueSpecification","valueRequired":true,"valueName":"search_term_string"}}],"inLanguage":"en-US"},{"@type":"Organization","@id":"https:\/\/quadalkatreszek.com\/#organization","name":"quadalkatreszek.com","url":"https:\/\/quadalkatreszek.com\/","logo":{"@type":"ImageObject","inLanguage":"en-US","@id":"https:\/\/quadalkatreszek.com\/#\/schema\/logo\/image\/","url":"https:\/\/quadalkatreszek.com\/wp-content\/uploads\/2023\/01\/korlogo-2.png","contentUrl":"https:\/\/quadalkatreszek.com\/wp-content\/uploads\/2023\/01\/korlogo-2.png","width":866,"height":866,"caption":"quadalkatreszek.com"},"image":{"@id":"https:\/\/quadalkatreszek.com\/#\/schema\/logo\/image\/"}}]}},"_links":{"self":[{"href":"https:\/\/quadalkatreszek.com\/en\/wp-json\/wp\/v2\/product\/30458","targetHints":{"allow":["GET"]}}],"collection":[{"href":"https:\/\/quadalkatreszek.com\/en\/wp-json\/wp\/v2\/product"}],"about":[{"href":"https:\/\/quadalkatreszek.com\/en\/wp-json\/wp\/v2\/types\/product"}],"replies":[{"embeddable":true,"href":"https:\/\/quadalkatreszek.com\/en\/wp-json\/wp\/v2\/comments?post=30458"}],"wp:featuredmedia":[{"embeddable":true,"href":"https:\/\/quadalkatreszek.com\/en\/wp-json\/wp\/v2\/media\/27908"}],"wp:attachment":[{"href":"https:\/\/quadalkatreszek.com\/en\/wp-json\/wp\/v2\/media?parent=30458"}],"wp:term":[{"taxonomy":"product_brand","embeddable":true,"href":"https:\/\/quadalkatreszek.com\/en\/wp-json\/wp\/v2\/product_brand?post=30458"},{"taxonomy":"product_cat","embeddable":true,"href":"https:\/\/quadalkatreszek.com\/en\/wp-json\/wp\/v2\/product_cat?post=30458"},{"taxonomy":"product_tag","embeddable":true,"href":"https:\/\/quadalkatreszek.com\/en\/wp-json\/wp\/v2\/product_tag?post=30458"}],"curies":[{"name":"wp","href":"https:\/\/api.w.org\/{rel}","templated":true}]}}