{"id":30467,"date":"2022-06-28T15:11:41","date_gmt":"2022-06-28T14:11:41","guid":{"rendered":"https:\/\/quadalkatreszek.com\/product\/gombfej-felujito-3\/"},"modified":"2024-09-09T22:39:35","modified_gmt":"2024-09-09T21:39:35","slug":"quad-lengokar-felujito-gombfej","status":"publish","type":"product","link":"https:\/\/quadalkatreszek.com\/en\/product\/quad-lengokar-felujito-gombfej\/","title":{"rendered":"Quad leng\u0151kar fel\u00faj\u00edt\u00f3 g\u00f6mbfej"},"content":{"rendered":"<p>K\u00ednai quad leng\u0151kar fel\u00faj\u00edt\u00f3 g\u00f6mbfej fel\u00faj\u00edt\u00f3<\/p>\n<p>N\u00e1lunk a rendelt quad \u00e9s dirt bike alkatr\u00e9szeket g\u00f6mbfejeket, g\u00f6mbcsukl\u00f3kat,<br \/>\ntalpas g\u00f6mbfejeket, korm\u00e1ny\u00f6sszek\u00f6t\u0151 g\u00f6mbfejeket \u00e9s <a href=\"https:\/\/quadalkatreszek.com\/en\/product-category\/futomu\/\">fut\u00f3m\u0171<\/a>\u00a0 alkatr\u00e9szeket, nagyon kedvez\u0151 \u00e1ron 24-48 \u00f3r\u00e1n bel\u00fcl eljuttatjuk a c\u00edmedre,<br \/>\nde telephellyel is rendelkez\u00fcnk \u00edgy szem\u00e9lyesen is megv\u00e1s\u00e1rolhat\u00f3k term\u00e9keink, a budapesti rakt\u00e1runkba.<\/p>\n<p>Ha v\u00e9letlen\u00fcl rossz m\u00e9ret\u0171 alkatr\u00e9szt rendelsz, n\u00e1lunk 30 napig visszak\u00fcldheted \u00e9s visszaadjuk az \u00e1r\u00e1t, vagy lev\u00e1s\u00e1rolhatod.<\/p>\n<p>Rengeteg k\u00ednai gyerek \u00e9s feln\u0151tt quadba be\u00e9p\u00edthet\u0151<\/p>\n<p>K\u00ednai quad leng\u0151kar fel\u00faj\u00edt\u00f3 g\u00f6mbfej<\/p>\n<p>&#8211; &#8211; &#8211;<br \/>\n<!--kkod_start--><\/p>\n<div class=\"kkod-visible\">kkod:146<\/div>\n<p><!--kkod_end--><\/p>","protected":false},"excerpt":{"rendered":"<p>K\u00ednai quad leng\u0151kar fel\u00faj\u00edt\u00f3 g\u00f6mbfej<\/p>","protected":false},"featured_media":27562,"comment_status":"open","ping_status":"closed","template":"","meta":[],"product_brand":[],"product_cat":[79],"product_tag":[],"class_list":{"0":"post-30467","1":"product","2":"type-product","3":"status-publish","4":"has-post-thumbnail","6":"product_cat-gombcsuklo","8":"first","9":"instock","10":"shipping-taxable","11":"purchasable","12":"product-type-simple"},"yoast_head":"<!-- This site is optimized with the Yoast SEO plugin v27.4 - https:\/\/yoast.com\/product\/yoast-seo-wordpress\/ -->\n<title>K\u00ednai quad leng\u0151kar fel\u00faj\u00edt\u00f3 g\u00f6mbfej % quadalkatreszek.com<\/title>\n<meta name=\"description\" content=\"T\u00f6bb sz\u00e1z k\u00ednai quad leng\u0151kar fel\u00faj\u00edt\u00f3 g\u00f6mbfej, korm\u00e1ny\u00f6sszek\u00f6t\u0151 \u00e9s egy\u00e9b k\u00ednai quad fut\u00f3m\u0171 alkatr\u00e9sz , azonnal rakt\u00e1rr\u00f3l a legjobb \u00e1ron!\" \/>\n<meta name=\"robots\" content=\"index, follow, max-snippet:-1, max-image-preview:large, max-video-preview:-1\" \/>\n<link rel=\"canonical\" href=\"https:\/\/quadalkatreszek.com\/en\/product\/quad-lengokar-felujito-gombfej\/\" \/>\n<meta property=\"og:locale\" content=\"en_US\" \/>\n<meta property=\"og:type\" content=\"article\" \/>\n<meta property=\"og:title\" content=\"K\u00ednai quad leng\u0151kar fel\u00faj\u00edt\u00f3 g\u00f6mbfej % quadalkatreszek.com\" \/>\n<meta property=\"og:description\" content=\"T\u00f6bb sz\u00e1z k\u00ednai quad leng\u0151kar fel\u00faj\u00edt\u00f3 g\u00f6mbfej, korm\u00e1ny\u00f6sszek\u00f6t\u0151 \u00e9s egy\u00e9b k\u00ednai quad fut\u00f3m\u0171 alkatr\u00e9sz , azonnal rakt\u00e1rr\u00f3l a legjobb \u00e1ron!\" \/>\n<meta property=\"og:url\" content=\"https:\/\/quadalkatreszek.com\/en\/product\/quad-lengokar-felujito-gombfej\/\" \/>\n<meta property=\"og:site_name\" content=\"quadalkatreszek.com\" \/>\n<meta property=\"article:modified_time\" content=\"2024-09-09T21:39:35+00:00\" \/>\n<meta property=\"og:image\" content=\"https:\/\/quadalkatreszek.com\/wp-content\/uploads\/2022\/06\/5006.jpg\" \/>\n\t<meta property=\"og:image:width\" content=\"500\" \/>\n\t<meta property=\"og:image:height\" content=\"375\" \/>\n\t<meta property=\"og:image:type\" content=\"image\/jpeg\" \/>\n<meta name=\"twitter:card\" content=\"summary_large_image\" \/>\n<meta name=\"twitter:label1\" content=\"Est. reading time\" \/>\n\t<meta name=\"twitter:data1\" content=\"1 minute\" \/>\n<script type=\"application\/ld+json\" class=\"yoast-schema-graph\">{\"@context\":\"https:\\\/\\\/schema.org\",\"@graph\":[{\"@type\":\"WebPage\",\"@id\":\"https:\\\/\\\/quadalkatreszek.com\\\/product\\\/quad-lengokar-felujito-gombfej\\\/\",\"url\":\"https:\\\/\\\/quadalkatreszek.com\\\/product\\\/quad-lengokar-felujito-gombfej\\\/\",\"name\":\"K\u00ednai quad leng\u0151kar fel\u00faj\u00edt\u00f3 g\u00f6mbfej % quadalkatreszek.com\",\"isPartOf\":{\"@id\":\"https:\\\/\\\/quadalkatreszek.com\\\/#website\"},\"primaryImageOfPage\":{\"@id\":\"https:\\\/\\\/quadalkatreszek.com\\\/product\\\/quad-lengokar-felujito-gombfej\\\/#primaryimage\"},\"image\":{\"@id\":\"https:\\\/\\\/quadalkatreszek.com\\\/product\\\/quad-lengokar-felujito-gombfej\\\/#primaryimage\"},\"thumbnailUrl\":\"https:\\\/\\\/quadalkatreszek.com\\\/wp-content\\\/uploads\\\/2022\\\/06\\\/5006.jpg\",\"datePublished\":\"2022-06-28T14:11:41+00:00\",\"dateModified\":\"2024-09-09T21:39:35+00:00\",\"description\":\"T\u00f6bb sz\u00e1z k\u00ednai quad leng\u0151kar fel\u00faj\u00edt\u00f3 g\u00f6mbfej, korm\u00e1ny\u00f6sszek\u00f6t\u0151 \u00e9s egy\u00e9b k\u00ednai quad fut\u00f3m\u0171 alkatr\u00e9sz , azonnal rakt\u00e1rr\u00f3l a legjobb \u00e1ron!\",\"breadcrumb\":{\"@id\":\"https:\\\/\\\/quadalkatreszek.com\\\/product\\\/quad-lengokar-felujito-gombfej\\\/#breadcrumb\"},\"inLanguage\":\"en-US\",\"potentialAction\":[{\"@type\":\"ReadAction\",\"target\":[\"https:\\\/\\\/quadalkatreszek.com\\\/product\\\/quad-lengokar-felujito-gombfej\\\/\"]}]},{\"@type\":\"ImageObject\",\"inLanguage\":\"en-US\",\"@id\":\"https:\\\/\\\/quadalkatreszek.com\\\/product\\\/quad-lengokar-felujito-gombfej\\\/#primaryimage\",\"url\":\"https:\\\/\\\/quadalkatreszek.com\\\/wp-content\\\/uploads\\\/2022\\\/06\\\/5006.jpg\",\"contentUrl\":\"https:\\\/\\\/quadalkatreszek.com\\\/wp-content\\\/uploads\\\/2022\\\/06\\\/5006.jpg\",\"width\":500,\"height\":375,\"caption\":\"K\u00ednai quad leng\u0151kar fel\u00faj\u00edt\u00f3 g\u00f6mbfej\"},{\"@type\":\"BreadcrumbList\",\"@id\":\"https:\\\/\\\/quadalkatreszek.com\\\/product\\\/quad-lengokar-felujito-gombfej\\\/#breadcrumb\",\"itemListElement\":[{\"@type\":\"ListItem\",\"position\":1,\"name\":\"Kezd\u0151lap\",\"item\":\"https:\\\/\\\/quadalkatreszek.com\\\/\"},{\"@type\":\"ListItem\",\"position\":2,\"name\":\"Shop\",\"item\":\"https:\\\/\\\/quadalkatreszek.com\\\/shop\\\/\"},{\"@type\":\"ListItem\",\"position\":3,\"name\":\"Quad leng\u0151kar fel\u00faj\u00edt\u00f3 g\u00f6mbfej\"}]},{\"@type\":\"WebSite\",\"@id\":\"https:\\\/\\\/quadalkatreszek.com\\\/#website\",\"url\":\"https:\\\/\\\/quadalkatreszek.com\\\/\",\"name\":\"quadalkatreszek.com\",\"description\":\"alkatr\u00e9szek - azonnal - rakt\u00e1rr\u00f3l\",\"publisher\":{\"@id\":\"https:\\\/\\\/quadalkatreszek.com\\\/#organization\"},\"potentialAction\":[{\"@type\":\"SearchAction\",\"target\":{\"@type\":\"EntryPoint\",\"urlTemplate\":\"https:\\\/\\\/quadalkatreszek.com\\\/?s={search_term_string}\"},\"query-input\":{\"@type\":\"PropertyValueSpecification\",\"valueRequired\":true,\"valueName\":\"search_term_string\"}}],\"inLanguage\":\"en-US\"},{\"@type\":\"Organization\",\"@id\":\"https:\\\/\\\/quadalkatreszek.com\\\/#organization\",\"name\":\"quadalkatreszek.com\",\"url\":\"https:\\\/\\\/quadalkatreszek.com\\\/\",\"logo\":{\"@type\":\"ImageObject\",\"inLanguage\":\"en-US\",\"@id\":\"https:\\\/\\\/quadalkatreszek.com\\\/#\\\/schema\\\/logo\\\/image\\\/\",\"url\":\"https:\\\/\\\/quadalkatreszek.com\\\/wp-content\\\/uploads\\\/2023\\\/01\\\/korlogo-2.png\",\"contentUrl\":\"https:\\\/\\\/quadalkatreszek.com\\\/wp-content\\\/uploads\\\/2023\\\/01\\\/korlogo-2.png\",\"width\":866,\"height\":866,\"caption\":\"quadalkatreszek.com\"},\"image\":{\"@id\":\"https:\\\/\\\/quadalkatreszek.com\\\/#\\\/schema\\\/logo\\\/image\\\/\"}}]}<\/script>\n<!-- \/ Yoast SEO plugin. -->","yoast_head_json":{"title":"K\u00ednai quad leng\u0151kar fel\u00faj\u00edt\u00f3 g\u00f6mbfej % quadalkatreszek.com","description":"T\u00f6bb sz\u00e1z k\u00ednai quad leng\u0151kar fel\u00faj\u00edt\u00f3 g\u00f6mbfej, korm\u00e1ny\u00f6sszek\u00f6t\u0151 \u00e9s egy\u00e9b k\u00ednai quad fut\u00f3m\u0171 alkatr\u00e9sz , azonnal rakt\u00e1rr\u00f3l a legjobb \u00e1ron!","robots":{"index":"index","follow":"follow","max-snippet":"max-snippet:-1","max-image-preview":"max-image-preview:large","max-video-preview":"max-video-preview:-1"},"canonical":"https:\/\/quadalkatreszek.com\/en\/product\/quad-lengokar-felujito-gombfej\/","og_locale":"en_US","og_type":"article","og_title":"K\u00ednai quad leng\u0151kar fel\u00faj\u00edt\u00f3 g\u00f6mbfej % quadalkatreszek.com","og_description":"T\u00f6bb sz\u00e1z k\u00ednai quad leng\u0151kar fel\u00faj\u00edt\u00f3 g\u00f6mbfej, korm\u00e1ny\u00f6sszek\u00f6t\u0151 \u00e9s egy\u00e9b k\u00ednai quad fut\u00f3m\u0171 alkatr\u00e9sz , azonnal rakt\u00e1rr\u00f3l a legjobb \u00e1ron!","og_url":"https:\/\/quadalkatreszek.com\/en\/product\/quad-lengokar-felujito-gombfej\/","og_site_name":"quadalkatreszek.com","article_modified_time":"2024-09-09T21:39:35+00:00","og_image":[{"width":500,"height":375,"url":"https:\/\/quadalkatreszek.com\/wp-content\/uploads\/2022\/06\/5006.jpg","type":"image\/jpeg"}],"twitter_card":"summary_large_image","twitter_misc":{"Est. reading time":"1 minute"},"schema":{"@context":"https:\/\/schema.org","@graph":[{"@type":"WebPage","@id":"https:\/\/quadalkatreszek.com\/product\/quad-lengokar-felujito-gombfej\/","url":"https:\/\/quadalkatreszek.com\/product\/quad-lengokar-felujito-gombfej\/","name":"K\u00ednai quad leng\u0151kar fel\u00faj\u00edt\u00f3 g\u00f6mbfej % quadalkatreszek.com","isPartOf":{"@id":"https:\/\/quadalkatreszek.com\/#website"},"primaryImageOfPage":{"@id":"https:\/\/quadalkatreszek.com\/product\/quad-lengokar-felujito-gombfej\/#primaryimage"},"image":{"@id":"https:\/\/quadalkatreszek.com\/product\/quad-lengokar-felujito-gombfej\/#primaryimage"},"thumbnailUrl":"https:\/\/quadalkatreszek.com\/wp-content\/uploads\/2022\/06\/5006.jpg","datePublished":"2022-06-28T14:11:41+00:00","dateModified":"2024-09-09T21:39:35+00:00","description":"T\u00f6bb sz\u00e1z k\u00ednai quad leng\u0151kar fel\u00faj\u00edt\u00f3 g\u00f6mbfej, korm\u00e1ny\u00f6sszek\u00f6t\u0151 \u00e9s egy\u00e9b k\u00ednai quad fut\u00f3m\u0171 alkatr\u00e9sz , azonnal rakt\u00e1rr\u00f3l a legjobb \u00e1ron!","breadcrumb":{"@id":"https:\/\/quadalkatreszek.com\/product\/quad-lengokar-felujito-gombfej\/#breadcrumb"},"inLanguage":"en-US","potentialAction":[{"@type":"ReadAction","target":["https:\/\/quadalkatreszek.com\/product\/quad-lengokar-felujito-gombfej\/"]}]},{"@type":"ImageObject","inLanguage":"en-US","@id":"https:\/\/quadalkatreszek.com\/product\/quad-lengokar-felujito-gombfej\/#primaryimage","url":"https:\/\/quadalkatreszek.com\/wp-content\/uploads\/2022\/06\/5006.jpg","contentUrl":"https:\/\/quadalkatreszek.com\/wp-content\/uploads\/2022\/06\/5006.jpg","width":500,"height":375,"caption":"K\u00ednai quad leng\u0151kar fel\u00faj\u00edt\u00f3 g\u00f6mbfej"},{"@type":"BreadcrumbList","@id":"https:\/\/quadalkatreszek.com\/product\/quad-lengokar-felujito-gombfej\/#breadcrumb","itemListElement":[{"@type":"ListItem","position":1,"name":"Kezd\u0151lap","item":"https:\/\/quadalkatreszek.com\/"},{"@type":"ListItem","position":2,"name":"Shop","item":"https:\/\/quadalkatreszek.com\/shop\/"},{"@type":"ListItem","position":3,"name":"Quad leng\u0151kar fel\u00faj\u00edt\u00f3 g\u00f6mbfej"}]},{"@type":"WebSite","@id":"https:\/\/quadalkatreszek.com\/#website","url":"https:\/\/quadalkatreszek.com\/","name":"quadalkatreszek.com","description":"alkatr\u00e9szek - azonnal - rakt\u00e1rr\u00f3l","publisher":{"@id":"https:\/\/quadalkatreszek.com\/#organization"},"potentialAction":[{"@type":"SearchAction","target":{"@type":"EntryPoint","urlTemplate":"https:\/\/quadalkatreszek.com\/?s={search_term_string}"},"query-input":{"@type":"PropertyValueSpecification","valueRequired":true,"valueName":"search_term_string"}}],"inLanguage":"en-US"},{"@type":"Organization","@id":"https:\/\/quadalkatreszek.com\/#organization","name":"quadalkatreszek.com","url":"https:\/\/quadalkatreszek.com\/","logo":{"@type":"ImageObject","inLanguage":"en-US","@id":"https:\/\/quadalkatreszek.com\/#\/schema\/logo\/image\/","url":"https:\/\/quadalkatreszek.com\/wp-content\/uploads\/2023\/01\/korlogo-2.png","contentUrl":"https:\/\/quadalkatreszek.com\/wp-content\/uploads\/2023\/01\/korlogo-2.png","width":866,"height":866,"caption":"quadalkatreszek.com"},"image":{"@id":"https:\/\/quadalkatreszek.com\/#\/schema\/logo\/image\/"}}]}},"_links":{"self":[{"href":"https:\/\/quadalkatreszek.com\/en\/wp-json\/wp\/v2\/product\/30467","targetHints":{"allow":["GET"]}}],"collection":[{"href":"https:\/\/quadalkatreszek.com\/en\/wp-json\/wp\/v2\/product"}],"about":[{"href":"https:\/\/quadalkatreszek.com\/en\/wp-json\/wp\/v2\/types\/product"}],"replies":[{"embeddable":true,"href":"https:\/\/quadalkatreszek.com\/en\/wp-json\/wp\/v2\/comments?post=30467"}],"wp:featuredmedia":[{"embeddable":true,"href":"https:\/\/quadalkatreszek.com\/en\/wp-json\/wp\/v2\/media\/27562"}],"wp:attachment":[{"href":"https:\/\/quadalkatreszek.com\/en\/wp-json\/wp\/v2\/media?parent=30467"}],"wp:term":[{"taxonomy":"product_brand","embeddable":true,"href":"https:\/\/quadalkatreszek.com\/en\/wp-json\/wp\/v2\/product_brand?post=30467"},{"taxonomy":"product_cat","embeddable":true,"href":"https:\/\/quadalkatreszek.com\/en\/wp-json\/wp\/v2\/product_cat?post=30467"},{"taxonomy":"product_tag","embeddable":true,"href":"https:\/\/quadalkatreszek.com\/en\/wp-json\/wp\/v2\/product_tag?post=30467"}],"curies":[{"name":"wp","href":"https:\/\/api.w.org\/{rel}","templated":true}]}}