{"id":30490,"date":"2022-06-28T15:11:45","date_gmt":"2022-06-28T14:11:45","guid":{"rendered":"https:\/\/quadalkatreszek.com\/product\/gyuru-szett-7\/"},"modified":"2026-04-13T08:52:07","modified_gmt":"2026-04-13T07:52:07","slug":"aeon-cobra-180ccm-quad-gyuru-szett","status":"publish","type":"product","link":"https:\/\/quadalkatreszek.com\/en\/product\/aeon-cobra-180ccm-quad-gyuru-szett\/","title":{"rendered":"Aeon Cobra 180ccm quad  gy\u0171r\u0171 szett"},"content":{"rendered":"<p>Aeon Cobra quad gy\u0171r\u0171 szett 180cc<\/p>\n<p>Gy\u0171r\u0171 szett m\u00e9rete :61mm<\/p>","protected":false},"excerpt":{"rendered":"<p>Aeon Cobra quad gy\u0171r\u0171 szett 180cc<\/p>\n<p>Gy\u0171r\u0171 szett m\u00e9rete :61mm<\/p>","protected":false},"featured_media":27610,"comment_status":"open","ping_status":"closed","template":"","meta":[],"product_brand":[],"product_cat":[95],"product_tag":[],"class_list":{"0":"post-30490","1":"product","2":"type-product","3":"status-publish","4":"has-post-thumbnail","6":"product_cat-akcios-termekek","8":"first","9":"instock","10":"sale","11":"shipping-taxable","12":"purchasable","13":"product-type-simple"},"yoast_head":"<!-- This site is optimized with the Yoast SEO plugin v27.4 - https:\/\/yoast.com\/product\/yoast-seo-wordpress\/ -->\n<title>Aeon Cobra 180ccm quad gy\u0171r\u0171 szett - quadalkatreszek.com<\/title>\n<meta name=\"description\" content=\"Aeon Cobra quad gy\u0171r\u0171 szett 180cc T\u00f6bb ezer k\u00ednai quad alkatr\u00e9sz azonnal rakt\u00e1rr\u00f3l.Ak\u00e1r 24-48 \u00f3r\u00e1n bel\u00fcli h\u00e1zhoz sz\u00e1ll\u00edt\u00e1ssal.Meglep\u0151en alacsony \u00e1rak!\" \/>\n<meta name=\"robots\" content=\"index, follow, max-snippet:-1, max-image-preview:large, max-video-preview:-1\" \/>\n<link rel=\"canonical\" href=\"https:\/\/quadalkatreszek.com\/en\/product\/aeon-cobra-180ccm-quad-gyuru-szett\/\" \/>\n<meta property=\"og:locale\" content=\"en_US\" \/>\n<meta property=\"og:type\" content=\"article\" \/>\n<meta property=\"og:title\" content=\"Aeon Cobra 180ccm quad gy\u0171r\u0171 szett - quadalkatreszek.com\" \/>\n<meta property=\"og:description\" content=\"Aeon Cobra quad gy\u0171r\u0171 szett 180cc T\u00f6bb ezer k\u00ednai quad alkatr\u00e9sz azonnal rakt\u00e1rr\u00f3l.Ak\u00e1r 24-48 \u00f3r\u00e1n bel\u00fcli h\u00e1zhoz sz\u00e1ll\u00edt\u00e1ssal.Meglep\u0151en alacsony \u00e1rak!\" \/>\n<meta property=\"og:url\" content=\"https:\/\/quadalkatreszek.com\/en\/product\/aeon-cobra-180ccm-quad-gyuru-szett\/\" \/>\n<meta property=\"og:site_name\" content=\"quadalkatreszek.com\" \/>\n<meta property=\"article:modified_time\" content=\"2026-04-13T07:52:07+00:00\" \/>\n<meta property=\"og:image\" content=\"https:\/\/quadalkatreszek.com\/wp-content\/uploads\/2022\/06\/002222.jpg\" \/>\n\t<meta property=\"og:image:width\" content=\"500\" \/>\n\t<meta property=\"og:image:height\" content=\"375\" \/>\n\t<meta property=\"og:image:type\" content=\"image\/jpeg\" \/>\n<meta name=\"twitter:card\" content=\"summary_large_image\" \/>\n<script type=\"application\/ld+json\" class=\"yoast-schema-graph\">{\"@context\":\"https:\\\/\\\/schema.org\",\"@graph\":[{\"@type\":\"WebPage\",\"@id\":\"https:\\\/\\\/quadalkatreszek.com\\\/product\\\/aeon-cobra-180ccm-quad-gyuru-szett\\\/\",\"url\":\"https:\\\/\\\/quadalkatreszek.com\\\/product\\\/aeon-cobra-180ccm-quad-gyuru-szett\\\/\",\"name\":\"Aeon Cobra 180ccm quad gy\u0171r\u0171 szett - quadalkatreszek.com\",\"isPartOf\":{\"@id\":\"https:\\\/\\\/quadalkatreszek.com\\\/#website\"},\"primaryImageOfPage\":{\"@id\":\"https:\\\/\\\/quadalkatreszek.com\\\/product\\\/aeon-cobra-180ccm-quad-gyuru-szett\\\/#primaryimage\"},\"image\":{\"@id\":\"https:\\\/\\\/quadalkatreszek.com\\\/product\\\/aeon-cobra-180ccm-quad-gyuru-szett\\\/#primaryimage\"},\"thumbnailUrl\":\"https:\\\/\\\/quadalkatreszek.com\\\/wp-content\\\/uploads\\\/2022\\\/06\\\/002222.jpg\",\"datePublished\":\"2022-06-28T14:11:45+00:00\",\"dateModified\":\"2026-04-13T07:52:07+00:00\",\"description\":\"Aeon Cobra quad gy\u0171r\u0171 szett 180cc T\u00f6bb ezer k\u00ednai quad alkatr\u00e9sz azonnal rakt\u00e1rr\u00f3l.Ak\u00e1r 24-48 \u00f3r\u00e1n bel\u00fcli h\u00e1zhoz sz\u00e1ll\u00edt\u00e1ssal.Meglep\u0151en alacsony \u00e1rak!\",\"breadcrumb\":{\"@id\":\"https:\\\/\\\/quadalkatreszek.com\\\/product\\\/aeon-cobra-180ccm-quad-gyuru-szett\\\/#breadcrumb\"},\"inLanguage\":\"en-US\",\"potentialAction\":[{\"@type\":\"ReadAction\",\"target\":[\"https:\\\/\\\/quadalkatreszek.com\\\/product\\\/aeon-cobra-180ccm-quad-gyuru-szett\\\/\"]}]},{\"@type\":\"ImageObject\",\"inLanguage\":\"en-US\",\"@id\":\"https:\\\/\\\/quadalkatreszek.com\\\/product\\\/aeon-cobra-180ccm-quad-gyuru-szett\\\/#primaryimage\",\"url\":\"https:\\\/\\\/quadalkatreszek.com\\\/wp-content\\\/uploads\\\/2022\\\/06\\\/002222.jpg\",\"contentUrl\":\"https:\\\/\\\/quadalkatreszek.com\\\/wp-content\\\/uploads\\\/2022\\\/06\\\/002222.jpg\",\"width\":500,\"height\":375,\"caption\":\"Aeon Cobra 180ccm quad gy\u0171r\u0171 szett\"},{\"@type\":\"BreadcrumbList\",\"@id\":\"https:\\\/\\\/quadalkatreszek.com\\\/product\\\/aeon-cobra-180ccm-quad-gyuru-szett\\\/#breadcrumb\",\"itemListElement\":[{\"@type\":\"ListItem\",\"position\":1,\"name\":\"Kezd\u0151lap\",\"item\":\"https:\\\/\\\/quadalkatreszek.com\\\/\"},{\"@type\":\"ListItem\",\"position\":2,\"name\":\"Shop\",\"item\":\"https:\\\/\\\/quadalkatreszek.com\\\/shop\\\/\"},{\"@type\":\"ListItem\",\"position\":3,\"name\":\"Aeon Cobra 180ccm quad gy\u0171r\u0171 szett\"}]},{\"@type\":\"WebSite\",\"@id\":\"https:\\\/\\\/quadalkatreszek.com\\\/#website\",\"url\":\"https:\\\/\\\/quadalkatreszek.com\\\/\",\"name\":\"quadalkatreszek.com\",\"description\":\"alkatr\u00e9szek - azonnal - rakt\u00e1rr\u00f3l\",\"publisher\":{\"@id\":\"https:\\\/\\\/quadalkatreszek.com\\\/#organization\"},\"potentialAction\":[{\"@type\":\"SearchAction\",\"target\":{\"@type\":\"EntryPoint\",\"urlTemplate\":\"https:\\\/\\\/quadalkatreszek.com\\\/?s={search_term_string}\"},\"query-input\":{\"@type\":\"PropertyValueSpecification\",\"valueRequired\":true,\"valueName\":\"search_term_string\"}}],\"inLanguage\":\"en-US\"},{\"@type\":\"Organization\",\"@id\":\"https:\\\/\\\/quadalkatreszek.com\\\/#organization\",\"name\":\"quadalkatreszek.com\",\"url\":\"https:\\\/\\\/quadalkatreszek.com\\\/\",\"logo\":{\"@type\":\"ImageObject\",\"inLanguage\":\"en-US\",\"@id\":\"https:\\\/\\\/quadalkatreszek.com\\\/#\\\/schema\\\/logo\\\/image\\\/\",\"url\":\"https:\\\/\\\/quadalkatreszek.com\\\/wp-content\\\/uploads\\\/2023\\\/01\\\/korlogo-2.png\",\"contentUrl\":\"https:\\\/\\\/quadalkatreszek.com\\\/wp-content\\\/uploads\\\/2023\\\/01\\\/korlogo-2.png\",\"width\":866,\"height\":866,\"caption\":\"quadalkatreszek.com\"},\"image\":{\"@id\":\"https:\\\/\\\/quadalkatreszek.com\\\/#\\\/schema\\\/logo\\\/image\\\/\"}}]}<\/script>\n<!-- \/ Yoast SEO plugin. -->","yoast_head_json":{"title":"Aeon Cobra 180ccm quad gy\u0171r\u0171 szett - quadalkatreszek.com","description":"Aeon Cobra quad gy\u0171r\u0171 szett 180cc T\u00f6bb ezer k\u00ednai quad alkatr\u00e9sz azonnal rakt\u00e1rr\u00f3l.Ak\u00e1r 24-48 \u00f3r\u00e1n bel\u00fcli h\u00e1zhoz sz\u00e1ll\u00edt\u00e1ssal.Meglep\u0151en alacsony \u00e1rak!","robots":{"index":"index","follow":"follow","max-snippet":"max-snippet:-1","max-image-preview":"max-image-preview:large","max-video-preview":"max-video-preview:-1"},"canonical":"https:\/\/quadalkatreszek.com\/en\/product\/aeon-cobra-180ccm-quad-gyuru-szett\/","og_locale":"en_US","og_type":"article","og_title":"Aeon Cobra 180ccm quad gy\u0171r\u0171 szett - quadalkatreszek.com","og_description":"Aeon Cobra quad gy\u0171r\u0171 szett 180cc T\u00f6bb ezer k\u00ednai quad alkatr\u00e9sz azonnal rakt\u00e1rr\u00f3l.Ak\u00e1r 24-48 \u00f3r\u00e1n bel\u00fcli h\u00e1zhoz sz\u00e1ll\u00edt\u00e1ssal.Meglep\u0151en alacsony \u00e1rak!","og_url":"https:\/\/quadalkatreszek.com\/en\/product\/aeon-cobra-180ccm-quad-gyuru-szett\/","og_site_name":"quadalkatreszek.com","article_modified_time":"2026-04-13T07:52:07+00:00","og_image":[{"width":500,"height":375,"url":"https:\/\/quadalkatreszek.com\/wp-content\/uploads\/2022\/06\/002222.jpg","type":"image\/jpeg"}],"twitter_card":"summary_large_image","schema":{"@context":"https:\/\/schema.org","@graph":[{"@type":"WebPage","@id":"https:\/\/quadalkatreszek.com\/product\/aeon-cobra-180ccm-quad-gyuru-szett\/","url":"https:\/\/quadalkatreszek.com\/product\/aeon-cobra-180ccm-quad-gyuru-szett\/","name":"Aeon Cobra 180ccm quad gy\u0171r\u0171 szett - quadalkatreszek.com","isPartOf":{"@id":"https:\/\/quadalkatreszek.com\/#website"},"primaryImageOfPage":{"@id":"https:\/\/quadalkatreszek.com\/product\/aeon-cobra-180ccm-quad-gyuru-szett\/#primaryimage"},"image":{"@id":"https:\/\/quadalkatreszek.com\/product\/aeon-cobra-180ccm-quad-gyuru-szett\/#primaryimage"},"thumbnailUrl":"https:\/\/quadalkatreszek.com\/wp-content\/uploads\/2022\/06\/002222.jpg","datePublished":"2022-06-28T14:11:45+00:00","dateModified":"2026-04-13T07:52:07+00:00","description":"Aeon Cobra quad gy\u0171r\u0171 szett 180cc T\u00f6bb ezer k\u00ednai quad alkatr\u00e9sz azonnal rakt\u00e1rr\u00f3l.Ak\u00e1r 24-48 \u00f3r\u00e1n bel\u00fcli h\u00e1zhoz sz\u00e1ll\u00edt\u00e1ssal.Meglep\u0151en alacsony \u00e1rak!","breadcrumb":{"@id":"https:\/\/quadalkatreszek.com\/product\/aeon-cobra-180ccm-quad-gyuru-szett\/#breadcrumb"},"inLanguage":"en-US","potentialAction":[{"@type":"ReadAction","target":["https:\/\/quadalkatreszek.com\/product\/aeon-cobra-180ccm-quad-gyuru-szett\/"]}]},{"@type":"ImageObject","inLanguage":"en-US","@id":"https:\/\/quadalkatreszek.com\/product\/aeon-cobra-180ccm-quad-gyuru-szett\/#primaryimage","url":"https:\/\/quadalkatreszek.com\/wp-content\/uploads\/2022\/06\/002222.jpg","contentUrl":"https:\/\/quadalkatreszek.com\/wp-content\/uploads\/2022\/06\/002222.jpg","width":500,"height":375,"caption":"Aeon Cobra 180ccm quad gy\u0171r\u0171 szett"},{"@type":"BreadcrumbList","@id":"https:\/\/quadalkatreszek.com\/product\/aeon-cobra-180ccm-quad-gyuru-szett\/#breadcrumb","itemListElement":[{"@type":"ListItem","position":1,"name":"Kezd\u0151lap","item":"https:\/\/quadalkatreszek.com\/"},{"@type":"ListItem","position":2,"name":"Shop","item":"https:\/\/quadalkatreszek.com\/shop\/"},{"@type":"ListItem","position":3,"name":"Aeon Cobra 180ccm quad gy\u0171r\u0171 szett"}]},{"@type":"WebSite","@id":"https:\/\/quadalkatreszek.com\/#website","url":"https:\/\/quadalkatreszek.com\/","name":"quadalkatreszek.com","description":"alkatr\u00e9szek - azonnal - rakt\u00e1rr\u00f3l","publisher":{"@id":"https:\/\/quadalkatreszek.com\/#organization"},"potentialAction":[{"@type":"SearchAction","target":{"@type":"EntryPoint","urlTemplate":"https:\/\/quadalkatreszek.com\/?s={search_term_string}"},"query-input":{"@type":"PropertyValueSpecification","valueRequired":true,"valueName":"search_term_string"}}],"inLanguage":"en-US"},{"@type":"Organization","@id":"https:\/\/quadalkatreszek.com\/#organization","name":"quadalkatreszek.com","url":"https:\/\/quadalkatreszek.com\/","logo":{"@type":"ImageObject","inLanguage":"en-US","@id":"https:\/\/quadalkatreszek.com\/#\/schema\/logo\/image\/","url":"https:\/\/quadalkatreszek.com\/wp-content\/uploads\/2023\/01\/korlogo-2.png","contentUrl":"https:\/\/quadalkatreszek.com\/wp-content\/uploads\/2023\/01\/korlogo-2.png","width":866,"height":866,"caption":"quadalkatreszek.com"},"image":{"@id":"https:\/\/quadalkatreszek.com\/#\/schema\/logo\/image\/"}}]}},"_links":{"self":[{"href":"https:\/\/quadalkatreszek.com\/en\/wp-json\/wp\/v2\/product\/30490","targetHints":{"allow":["GET"]}}],"collection":[{"href":"https:\/\/quadalkatreszek.com\/en\/wp-json\/wp\/v2\/product"}],"about":[{"href":"https:\/\/quadalkatreszek.com\/en\/wp-json\/wp\/v2\/types\/product"}],"replies":[{"embeddable":true,"href":"https:\/\/quadalkatreszek.com\/en\/wp-json\/wp\/v2\/comments?post=30490"}],"wp:featuredmedia":[{"embeddable":true,"href":"https:\/\/quadalkatreszek.com\/en\/wp-json\/wp\/v2\/media\/27610"}],"wp:attachment":[{"href":"https:\/\/quadalkatreszek.com\/en\/wp-json\/wp\/v2\/media?parent=30490"}],"wp:term":[{"taxonomy":"product_brand","embeddable":true,"href":"https:\/\/quadalkatreszek.com\/en\/wp-json\/wp\/v2\/product_brand?post=30490"},{"taxonomy":"product_cat","embeddable":true,"href":"https:\/\/quadalkatreszek.com\/en\/wp-json\/wp\/v2\/product_cat?post=30490"},{"taxonomy":"product_tag","embeddable":true,"href":"https:\/\/quadalkatreszek.com\/en\/wp-json\/wp\/v2\/product_tag?post=30490"}],"curies":[{"name":"wp","href":"https:\/\/api.w.org\/{rel}","templated":true}]}}