{"id":30528,"date":"2022-06-28T15:11:52","date_gmt":"2022-06-28T14:11:52","guid":{"rendered":"https:\/\/quadalkatreszek.com\/product\/bontott-motor-alkatresz-2\/"},"modified":"2024-11-28T20:25:42","modified_gmt":"2024-11-28T19:25:42","slug":"bontott-motor-alkatresz-es-quad-alkatresz","status":"publish","type":"product","link":"https:\/\/quadalkatreszek.com\/en\/product\/bontott-motor-alkatresz-es-quad-alkatresz\/","title":{"rendered":"Bontott motor alkatr\u00e9sz \u00e9s quad alkatr\u00e9sz"},"content":{"rendered":"<p>Sz\u00e1ll\u00edt\u00e1si s\u00e9r\u00fclt, vagy bontott quad alkatr\u00e9szek, teh\u00e1t van valami baja.<\/p>\n<p>4000 forint minden darab.<\/p>\n<p>Telefonon \u00e9rdekl\u0151dj ha valamire sz\u00fcks\u00e9ged lenne ezek k\u00f6z\u00fcl!<\/p>","protected":false},"excerpt":{"rendered":"<p>bontott quad alkatr\u00e9szek<\/p>","protected":false},"featured_media":27760,"comment_status":"open","ping_status":"closed","template":"","meta":[],"product_brand":[],"product_cat":[95],"product_tag":[],"class_list":{"0":"post-30528","1":"product","2":"type-product","3":"status-publish","4":"has-post-thumbnail","6":"product_cat-akcios-termekek","8":"first","9":"instock","10":"shipping-taxable","11":"purchasable","12":"product-type-simple"},"yoast_head":"<!-- This site is optimized with the Yoast SEO plugin v27.3 - https:\/\/yoast.com\/product\/yoast-seo-wordpress\/ -->\n<title>Bontott motor alkatr\u00e9sz \u00e9s quad alkatr\u00e9sz - quadalkatreszek.com<\/title>\n<meta name=\"description\" content=\"bontott quad alkatr\u00e9szek. T\u00f6bb ezer k\u00ednai quad alkatr\u00e9sz azonnal rakt\u00e1rr\u00f3l.Ak\u00e1r 24-48 \u00f3r\u00e1n bel\u00fcli h\u00e1zhoz sz\u00e1ll\u00edt\u00e1ssal.Meglep\u0151en alacsony \u00e1rak!\" \/>\n<meta name=\"robots\" content=\"index, follow, max-snippet:-1, max-image-preview:large, max-video-preview:-1\" \/>\n<link rel=\"canonical\" href=\"https:\/\/quadalkatreszek.com\/en\/product\/bontott-motor-alkatresz-es-quad-alkatresz\/\" \/>\n<meta property=\"og:locale\" content=\"en_US\" \/>\n<meta property=\"og:type\" content=\"article\" \/>\n<meta property=\"og:title\" content=\"Bontott motor alkatr\u00e9sz \u00e9s quad alkatr\u00e9sz - quadalkatreszek.com\" \/>\n<meta property=\"og:description\" content=\"bontott quad alkatr\u00e9szek. T\u00f6bb ezer k\u00ednai quad alkatr\u00e9sz azonnal rakt\u00e1rr\u00f3l.Ak\u00e1r 24-48 \u00f3r\u00e1n bel\u00fcli h\u00e1zhoz sz\u00e1ll\u00edt\u00e1ssal.Meglep\u0151en alacsony \u00e1rak!\" \/>\n<meta property=\"og:url\" content=\"https:\/\/quadalkatreszek.com\/en\/product\/bontott-motor-alkatresz-es-quad-alkatresz\/\" \/>\n<meta property=\"og:site_name\" content=\"quadalkatreszek.com\" \/>\n<meta property=\"article:modified_time\" content=\"2024-11-28T19:25:42+00:00\" \/>\n<meta property=\"og:image\" content=\"https:\/\/quadalkatreszek.com\/wp-content\/uploads\/2022\/06\/DSC_0047.jpg\" \/>\n\t<meta property=\"og:image:width\" content=\"500\" \/>\n\t<meta property=\"og:image:height\" content=\"281\" \/>\n\t<meta property=\"og:image:type\" content=\"image\/jpeg\" \/>\n<meta name=\"twitter:card\" content=\"summary_large_image\" \/>\n<script type=\"application\/ld+json\" class=\"yoast-schema-graph\">{\"@context\":\"https:\\\/\\\/schema.org\",\"@graph\":[{\"@type\":\"WebPage\",\"@id\":\"https:\\\/\\\/quadalkatreszek.com\\\/product\\\/bontott-motor-alkatresz-es-quad-alkatresz\\\/\",\"url\":\"https:\\\/\\\/quadalkatreszek.com\\\/product\\\/bontott-motor-alkatresz-es-quad-alkatresz\\\/\",\"name\":\"Bontott motor alkatr\u00e9sz \u00e9s quad alkatr\u00e9sz - quadalkatreszek.com\",\"isPartOf\":{\"@id\":\"https:\\\/\\\/quadalkatreszek.com\\\/#website\"},\"primaryImageOfPage\":{\"@id\":\"https:\\\/\\\/quadalkatreszek.com\\\/product\\\/bontott-motor-alkatresz-es-quad-alkatresz\\\/#primaryimage\"},\"image\":{\"@id\":\"https:\\\/\\\/quadalkatreszek.com\\\/product\\\/bontott-motor-alkatresz-es-quad-alkatresz\\\/#primaryimage\"},\"thumbnailUrl\":\"https:\\\/\\\/quadalkatreszek.com\\\/wp-content\\\/uploads\\\/2022\\\/06\\\/DSC_0047.jpg\",\"datePublished\":\"2022-06-28T14:11:52+00:00\",\"dateModified\":\"2024-11-28T19:25:42+00:00\",\"description\":\"bontott quad alkatr\u00e9szek. T\u00f6bb ezer k\u00ednai quad alkatr\u00e9sz azonnal rakt\u00e1rr\u00f3l.Ak\u00e1r 24-48 \u00f3r\u00e1n bel\u00fcli h\u00e1zhoz sz\u00e1ll\u00edt\u00e1ssal.Meglep\u0151en alacsony \u00e1rak!\",\"breadcrumb\":{\"@id\":\"https:\\\/\\\/quadalkatreszek.com\\\/product\\\/bontott-motor-alkatresz-es-quad-alkatresz\\\/#breadcrumb\"},\"inLanguage\":\"en-US\",\"potentialAction\":[{\"@type\":\"ReadAction\",\"target\":[\"https:\\\/\\\/quadalkatreszek.com\\\/product\\\/bontott-motor-alkatresz-es-quad-alkatresz\\\/\"]}]},{\"@type\":\"ImageObject\",\"inLanguage\":\"en-US\",\"@id\":\"https:\\\/\\\/quadalkatreszek.com\\\/product\\\/bontott-motor-alkatresz-es-quad-alkatresz\\\/#primaryimage\",\"url\":\"https:\\\/\\\/quadalkatreszek.com\\\/wp-content\\\/uploads\\\/2022\\\/06\\\/DSC_0047.jpg\",\"contentUrl\":\"https:\\\/\\\/quadalkatreszek.com\\\/wp-content\\\/uploads\\\/2022\\\/06\\\/DSC_0047.jpg\",\"width\":500,\"height\":281,\"caption\":\"Bontott motor alkatr\u00e9sz \u00e9s quad alkatr\u00e9sz\"},{\"@type\":\"BreadcrumbList\",\"@id\":\"https:\\\/\\\/quadalkatreszek.com\\\/product\\\/bontott-motor-alkatresz-es-quad-alkatresz\\\/#breadcrumb\",\"itemListElement\":[{\"@type\":\"ListItem\",\"position\":1,\"name\":\"Kezd\u0151lap\",\"item\":\"https:\\\/\\\/quadalkatreszek.com\\\/\"},{\"@type\":\"ListItem\",\"position\":2,\"name\":\"Shop\",\"item\":\"https:\\\/\\\/quadalkatreszek.com\\\/shop\\\/\"},{\"@type\":\"ListItem\",\"position\":3,\"name\":\"Bontott motor alkatr\u00e9sz \u00e9s quad alkatr\u00e9sz\"}]},{\"@type\":\"WebSite\",\"@id\":\"https:\\\/\\\/quadalkatreszek.com\\\/#website\",\"url\":\"https:\\\/\\\/quadalkatreszek.com\\\/\",\"name\":\"quadalkatreszek.com\",\"description\":\"alkatr\u00e9szek - azonnal - rakt\u00e1rr\u00f3l\",\"publisher\":{\"@id\":\"https:\\\/\\\/quadalkatreszek.com\\\/#organization\"},\"potentialAction\":[{\"@type\":\"SearchAction\",\"target\":{\"@type\":\"EntryPoint\",\"urlTemplate\":\"https:\\\/\\\/quadalkatreszek.com\\\/?s={search_term_string}\"},\"query-input\":{\"@type\":\"PropertyValueSpecification\",\"valueRequired\":true,\"valueName\":\"search_term_string\"}}],\"inLanguage\":\"en-US\"},{\"@type\":\"Organization\",\"@id\":\"https:\\\/\\\/quadalkatreszek.com\\\/#organization\",\"name\":\"quadalkatreszek.com\",\"url\":\"https:\\\/\\\/quadalkatreszek.com\\\/\",\"logo\":{\"@type\":\"ImageObject\",\"inLanguage\":\"en-US\",\"@id\":\"https:\\\/\\\/quadalkatreszek.com\\\/#\\\/schema\\\/logo\\\/image\\\/\",\"url\":\"https:\\\/\\\/quadalkatreszek.com\\\/wp-content\\\/uploads\\\/2023\\\/01\\\/korlogo-2.png\",\"contentUrl\":\"https:\\\/\\\/quadalkatreszek.com\\\/wp-content\\\/uploads\\\/2023\\\/01\\\/korlogo-2.png\",\"width\":866,\"height\":866,\"caption\":\"quadalkatreszek.com\"},\"image\":{\"@id\":\"https:\\\/\\\/quadalkatreszek.com\\\/#\\\/schema\\\/logo\\\/image\\\/\"}}]}<\/script>\n<!-- \/ Yoast SEO plugin. -->","yoast_head_json":{"title":"Bontott motor alkatr\u00e9sz \u00e9s quad alkatr\u00e9sz - quadalkatreszek.com","description":"bontott quad alkatr\u00e9szek. T\u00f6bb ezer k\u00ednai quad alkatr\u00e9sz azonnal rakt\u00e1rr\u00f3l.Ak\u00e1r 24-48 \u00f3r\u00e1n bel\u00fcli h\u00e1zhoz sz\u00e1ll\u00edt\u00e1ssal.Meglep\u0151en alacsony \u00e1rak!","robots":{"index":"index","follow":"follow","max-snippet":"max-snippet:-1","max-image-preview":"max-image-preview:large","max-video-preview":"max-video-preview:-1"},"canonical":"https:\/\/quadalkatreszek.com\/en\/product\/bontott-motor-alkatresz-es-quad-alkatresz\/","og_locale":"en_US","og_type":"article","og_title":"Bontott motor alkatr\u00e9sz \u00e9s quad alkatr\u00e9sz - quadalkatreszek.com","og_description":"bontott quad alkatr\u00e9szek. T\u00f6bb ezer k\u00ednai quad alkatr\u00e9sz azonnal rakt\u00e1rr\u00f3l.Ak\u00e1r 24-48 \u00f3r\u00e1n bel\u00fcli h\u00e1zhoz sz\u00e1ll\u00edt\u00e1ssal.Meglep\u0151en alacsony \u00e1rak!","og_url":"https:\/\/quadalkatreszek.com\/en\/product\/bontott-motor-alkatresz-es-quad-alkatresz\/","og_site_name":"quadalkatreszek.com","article_modified_time":"2024-11-28T19:25:42+00:00","og_image":[{"width":500,"height":281,"url":"https:\/\/quadalkatreszek.com\/wp-content\/uploads\/2022\/06\/DSC_0047.jpg","type":"image\/jpeg"}],"twitter_card":"summary_large_image","schema":{"@context":"https:\/\/schema.org","@graph":[{"@type":"WebPage","@id":"https:\/\/quadalkatreszek.com\/product\/bontott-motor-alkatresz-es-quad-alkatresz\/","url":"https:\/\/quadalkatreszek.com\/product\/bontott-motor-alkatresz-es-quad-alkatresz\/","name":"Bontott motor alkatr\u00e9sz \u00e9s quad alkatr\u00e9sz - quadalkatreszek.com","isPartOf":{"@id":"https:\/\/quadalkatreszek.com\/#website"},"primaryImageOfPage":{"@id":"https:\/\/quadalkatreszek.com\/product\/bontott-motor-alkatresz-es-quad-alkatresz\/#primaryimage"},"image":{"@id":"https:\/\/quadalkatreszek.com\/product\/bontott-motor-alkatresz-es-quad-alkatresz\/#primaryimage"},"thumbnailUrl":"https:\/\/quadalkatreszek.com\/wp-content\/uploads\/2022\/06\/DSC_0047.jpg","datePublished":"2022-06-28T14:11:52+00:00","dateModified":"2024-11-28T19:25:42+00:00","description":"bontott quad alkatr\u00e9szek. T\u00f6bb ezer k\u00ednai quad alkatr\u00e9sz azonnal rakt\u00e1rr\u00f3l.Ak\u00e1r 24-48 \u00f3r\u00e1n bel\u00fcli h\u00e1zhoz sz\u00e1ll\u00edt\u00e1ssal.Meglep\u0151en alacsony \u00e1rak!","breadcrumb":{"@id":"https:\/\/quadalkatreszek.com\/product\/bontott-motor-alkatresz-es-quad-alkatresz\/#breadcrumb"},"inLanguage":"en-US","potentialAction":[{"@type":"ReadAction","target":["https:\/\/quadalkatreszek.com\/product\/bontott-motor-alkatresz-es-quad-alkatresz\/"]}]},{"@type":"ImageObject","inLanguage":"en-US","@id":"https:\/\/quadalkatreszek.com\/product\/bontott-motor-alkatresz-es-quad-alkatresz\/#primaryimage","url":"https:\/\/quadalkatreszek.com\/wp-content\/uploads\/2022\/06\/DSC_0047.jpg","contentUrl":"https:\/\/quadalkatreszek.com\/wp-content\/uploads\/2022\/06\/DSC_0047.jpg","width":500,"height":281,"caption":"Bontott motor alkatr\u00e9sz \u00e9s quad alkatr\u00e9sz"},{"@type":"BreadcrumbList","@id":"https:\/\/quadalkatreszek.com\/product\/bontott-motor-alkatresz-es-quad-alkatresz\/#breadcrumb","itemListElement":[{"@type":"ListItem","position":1,"name":"Kezd\u0151lap","item":"https:\/\/quadalkatreszek.com\/"},{"@type":"ListItem","position":2,"name":"Shop","item":"https:\/\/quadalkatreszek.com\/shop\/"},{"@type":"ListItem","position":3,"name":"Bontott motor alkatr\u00e9sz \u00e9s quad alkatr\u00e9sz"}]},{"@type":"WebSite","@id":"https:\/\/quadalkatreszek.com\/#website","url":"https:\/\/quadalkatreszek.com\/","name":"quadalkatreszek.com","description":"alkatr\u00e9szek - azonnal - rakt\u00e1rr\u00f3l","publisher":{"@id":"https:\/\/quadalkatreszek.com\/#organization"},"potentialAction":[{"@type":"SearchAction","target":{"@type":"EntryPoint","urlTemplate":"https:\/\/quadalkatreszek.com\/?s={search_term_string}"},"query-input":{"@type":"PropertyValueSpecification","valueRequired":true,"valueName":"search_term_string"}}],"inLanguage":"en-US"},{"@type":"Organization","@id":"https:\/\/quadalkatreszek.com\/#organization","name":"quadalkatreszek.com","url":"https:\/\/quadalkatreszek.com\/","logo":{"@type":"ImageObject","inLanguage":"en-US","@id":"https:\/\/quadalkatreszek.com\/#\/schema\/logo\/image\/","url":"https:\/\/quadalkatreszek.com\/wp-content\/uploads\/2023\/01\/korlogo-2.png","contentUrl":"https:\/\/quadalkatreszek.com\/wp-content\/uploads\/2023\/01\/korlogo-2.png","width":866,"height":866,"caption":"quadalkatreszek.com"},"image":{"@id":"https:\/\/quadalkatreszek.com\/#\/schema\/logo\/image\/"}}]}},"_links":{"self":[{"href":"https:\/\/quadalkatreszek.com\/en\/wp-json\/wp\/v2\/product\/30528","targetHints":{"allow":["GET"]}}],"collection":[{"href":"https:\/\/quadalkatreszek.com\/en\/wp-json\/wp\/v2\/product"}],"about":[{"href":"https:\/\/quadalkatreszek.com\/en\/wp-json\/wp\/v2\/types\/product"}],"replies":[{"embeddable":true,"href":"https:\/\/quadalkatreszek.com\/en\/wp-json\/wp\/v2\/comments?post=30528"}],"wp:featuredmedia":[{"embeddable":true,"href":"https:\/\/quadalkatreszek.com\/en\/wp-json\/wp\/v2\/media\/27760"}],"wp:attachment":[{"href":"https:\/\/quadalkatreszek.com\/en\/wp-json\/wp\/v2\/media?parent=30528"}],"wp:term":[{"taxonomy":"product_brand","embeddable":true,"href":"https:\/\/quadalkatreszek.com\/en\/wp-json\/wp\/v2\/product_brand?post=30528"},{"taxonomy":"product_cat","embeddable":true,"href":"https:\/\/quadalkatreszek.com\/en\/wp-json\/wp\/v2\/product_cat?post=30528"},{"taxonomy":"product_tag","embeddable":true,"href":"https:\/\/quadalkatreszek.com\/en\/wp-json\/wp\/v2\/product_tag?post=30528"}],"curies":[{"name":"wp","href":"https:\/\/api.w.org\/{rel}","templated":true}]}}