{"id":30529,"date":"2022-06-28T15:11:52","date_gmt":"2022-06-28T14:11:52","guid":{"rendered":"https:\/\/quadalkatreszek.com\/product\/pocket-quad-gumi\/"},"modified":"2026-04-14T08:23:45","modified_gmt":"2026-04-14T07:23:45","slug":"pocket-quad-gumi","status":"publish","type":"product","link":"https:\/\/quadalkatreszek.com\/en\/product\/pocket-quad-gumi\/","title":{"rendered":"13&#215;5.00-6 quad gumi"},"content":{"rendered":"<p>13&#215;5.00-6 quad gumi<\/p>\n<p>Kiv\u00e1l\u00f3 min\u0151s\u00e9g\u0171 gy\u00e1ri quad gumi<\/p>\n<p>4.10-6<\/p>\n<p>&#8211; &#8211; &#8211;<br \/>\n<!--kkod_start--><\/p>\n<div class=\"kkod-visible\">kkod:96<\/div>\n<p><!--kkod_end--><\/p>","protected":false},"excerpt":{"rendered":"<p>13&#215;5.00-6 quad gumi<\/p>\n<p>Pocket quad gumi<\/p>","protected":false},"featured_media":27748,"comment_status":"open","ping_status":"closed","template":"","meta":[],"product_brand":[],"product_cat":[171,84],"product_tag":[],"class_list":{"0":"post-30529","1":"product","2":"type-product","3":"status-publish","4":"has-post-thumbnail","6":"product_cat-osszes-gumi","7":"product_cat-quad-atv-gumik","9":"first","10":"instock","11":"shipping-taxable","12":"purchasable","13":"product-type-simple"},"yoast_head":"<!-- This site is optimized with the Yoast SEO plugin v27.4 - https:\/\/yoast.com\/product\/yoast-seo-wordpress\/ -->\n<title>13x5.00-6 quad gumi - quadalkatreszek.com<\/title>\n<meta name=\"description\" content=\"13x5.00-6 quad gumi. T\u00f6bb sz\u00e1z quad \u00e9s motor gumi a legjobb \u00e1ron, egyenesen az import\u0151rt\u0151l. 24-48 \u00f3r\u00e1n bel\u00fcli kisz\u00e1ll\u00edt\u00e1ssal\" \/>\n<meta name=\"robots\" content=\"index, follow, max-snippet:-1, max-image-preview:large, max-video-preview:-1\" \/>\n<link rel=\"canonical\" href=\"https:\/\/quadalkatreszek.com\/en\/product\/pocket-quad-gumi\/\" \/>\n<meta property=\"og:locale\" content=\"en_US\" \/>\n<meta property=\"og:type\" content=\"article\" \/>\n<meta property=\"og:title\" content=\"13x5.00-6 quad gumi - quadalkatreszek.com\" \/>\n<meta property=\"og:description\" content=\"13x5.00-6 quad gumi. T\u00f6bb sz\u00e1z quad \u00e9s motor gumi a legjobb \u00e1ron, egyenesen az import\u0151rt\u0151l. 24-48 \u00f3r\u00e1n bel\u00fcli kisz\u00e1ll\u00edt\u00e1ssal\" \/>\n<meta property=\"og:url\" content=\"https:\/\/quadalkatreszek.com\/en\/product\/pocket-quad-gumi\/\" \/>\n<meta property=\"og:site_name\" content=\"quadalkatreszek.com\" \/>\n<meta property=\"article:modified_time\" content=\"2026-04-14T07:23:45+00:00\" \/>\n<meta property=\"og:image\" content=\"https:\/\/quadalkatreszek.com\/wp-content\/uploads\/2022\/06\/DSC_0033.jpg\" \/>\n\t<meta property=\"og:image:width\" content=\"500\" \/>\n\t<meta property=\"og:image:height\" content=\"281\" \/>\n\t<meta property=\"og:image:type\" content=\"image\/jpeg\" \/>\n<meta name=\"twitter:card\" content=\"summary_large_image\" \/>\n<script type=\"application\/ld+json\" class=\"yoast-schema-graph\">{\"@context\":\"https:\\\/\\\/schema.org\",\"@graph\":[{\"@type\":\"WebPage\",\"@id\":\"https:\\\/\\\/quadalkatreszek.com\\\/product\\\/pocket-quad-gumi\\\/\",\"url\":\"https:\\\/\\\/quadalkatreszek.com\\\/product\\\/pocket-quad-gumi\\\/\",\"name\":\"13x5.00-6 quad gumi - quadalkatreszek.com\",\"isPartOf\":{\"@id\":\"https:\\\/\\\/quadalkatreszek.com\\\/#website\"},\"primaryImageOfPage\":{\"@id\":\"https:\\\/\\\/quadalkatreszek.com\\\/product\\\/pocket-quad-gumi\\\/#primaryimage\"},\"image\":{\"@id\":\"https:\\\/\\\/quadalkatreszek.com\\\/product\\\/pocket-quad-gumi\\\/#primaryimage\"},\"thumbnailUrl\":\"https:\\\/\\\/quadalkatreszek.com\\\/wp-content\\\/uploads\\\/2022\\\/06\\\/DSC_0033.jpg\",\"datePublished\":\"2022-06-28T14:11:52+00:00\",\"dateModified\":\"2026-04-14T07:23:45+00:00\",\"description\":\"13x5.00-6 quad gumi. T\u00f6bb sz\u00e1z quad \u00e9s motor gumi a legjobb \u00e1ron, egyenesen az import\u0151rt\u0151l. 24-48 \u00f3r\u00e1n bel\u00fcli kisz\u00e1ll\u00edt\u00e1ssal\",\"breadcrumb\":{\"@id\":\"https:\\\/\\\/quadalkatreszek.com\\\/product\\\/pocket-quad-gumi\\\/#breadcrumb\"},\"inLanguage\":\"en-US\",\"potentialAction\":[{\"@type\":\"ReadAction\",\"target\":[\"https:\\\/\\\/quadalkatreszek.com\\\/product\\\/pocket-quad-gumi\\\/\"]}]},{\"@type\":\"ImageObject\",\"inLanguage\":\"en-US\",\"@id\":\"https:\\\/\\\/quadalkatreszek.com\\\/product\\\/pocket-quad-gumi\\\/#primaryimage\",\"url\":\"https:\\\/\\\/quadalkatreszek.com\\\/wp-content\\\/uploads\\\/2022\\\/06\\\/DSC_0033.jpg\",\"contentUrl\":\"https:\\\/\\\/quadalkatreszek.com\\\/wp-content\\\/uploads\\\/2022\\\/06\\\/DSC_0033.jpg\",\"width\":500,\"height\":281,\"caption\":\"Pocket quad gumi\"},{\"@type\":\"BreadcrumbList\",\"@id\":\"https:\\\/\\\/quadalkatreszek.com\\\/product\\\/pocket-quad-gumi\\\/#breadcrumb\",\"itemListElement\":[{\"@type\":\"ListItem\",\"position\":1,\"name\":\"Kezd\u0151lap\",\"item\":\"https:\\\/\\\/quadalkatreszek.com\\\/\"},{\"@type\":\"ListItem\",\"position\":2,\"name\":\"Shop\",\"item\":\"https:\\\/\\\/quadalkatreszek.com\\\/shop\\\/\"},{\"@type\":\"ListItem\",\"position\":3,\"name\":\"13&#215;5.00-6 quad gumi\"}]},{\"@type\":\"WebSite\",\"@id\":\"https:\\\/\\\/quadalkatreszek.com\\\/#website\",\"url\":\"https:\\\/\\\/quadalkatreszek.com\\\/\",\"name\":\"quadalkatreszek.com\",\"description\":\"alkatr\u00e9szek - azonnal - rakt\u00e1rr\u00f3l\",\"publisher\":{\"@id\":\"https:\\\/\\\/quadalkatreszek.com\\\/#organization\"},\"potentialAction\":[{\"@type\":\"SearchAction\",\"target\":{\"@type\":\"EntryPoint\",\"urlTemplate\":\"https:\\\/\\\/quadalkatreszek.com\\\/?s={search_term_string}\"},\"query-input\":{\"@type\":\"PropertyValueSpecification\",\"valueRequired\":true,\"valueName\":\"search_term_string\"}}],\"inLanguage\":\"en-US\"},{\"@type\":\"Organization\",\"@id\":\"https:\\\/\\\/quadalkatreszek.com\\\/#organization\",\"name\":\"quadalkatreszek.com\",\"url\":\"https:\\\/\\\/quadalkatreszek.com\\\/\",\"logo\":{\"@type\":\"ImageObject\",\"inLanguage\":\"en-US\",\"@id\":\"https:\\\/\\\/quadalkatreszek.com\\\/#\\\/schema\\\/logo\\\/image\\\/\",\"url\":\"https:\\\/\\\/quadalkatreszek.com\\\/wp-content\\\/uploads\\\/2023\\\/01\\\/korlogo-2.png\",\"contentUrl\":\"https:\\\/\\\/quadalkatreszek.com\\\/wp-content\\\/uploads\\\/2023\\\/01\\\/korlogo-2.png\",\"width\":866,\"height\":866,\"caption\":\"quadalkatreszek.com\"},\"image\":{\"@id\":\"https:\\\/\\\/quadalkatreszek.com\\\/#\\\/schema\\\/logo\\\/image\\\/\"}}]}<\/script>\n<!-- \/ Yoast SEO plugin. -->","yoast_head_json":{"title":"13x5.00-6 quad gumi - quadalkatreszek.com","description":"13x5.00-6 quad gumi. T\u00f6bb sz\u00e1z quad \u00e9s motor gumi a legjobb \u00e1ron, egyenesen az import\u0151rt\u0151l. 24-48 \u00f3r\u00e1n bel\u00fcli kisz\u00e1ll\u00edt\u00e1ssal","robots":{"index":"index","follow":"follow","max-snippet":"max-snippet:-1","max-image-preview":"max-image-preview:large","max-video-preview":"max-video-preview:-1"},"canonical":"https:\/\/quadalkatreszek.com\/en\/product\/pocket-quad-gumi\/","og_locale":"en_US","og_type":"article","og_title":"13x5.00-6 quad gumi - quadalkatreszek.com","og_description":"13x5.00-6 quad gumi. T\u00f6bb sz\u00e1z quad \u00e9s motor gumi a legjobb \u00e1ron, egyenesen az import\u0151rt\u0151l. 24-48 \u00f3r\u00e1n bel\u00fcli kisz\u00e1ll\u00edt\u00e1ssal","og_url":"https:\/\/quadalkatreszek.com\/en\/product\/pocket-quad-gumi\/","og_site_name":"quadalkatreszek.com","article_modified_time":"2026-04-14T07:23:45+00:00","og_image":[{"width":500,"height":281,"url":"https:\/\/quadalkatreszek.com\/wp-content\/uploads\/2022\/06\/DSC_0033.jpg","type":"image\/jpeg"}],"twitter_card":"summary_large_image","schema":{"@context":"https:\/\/schema.org","@graph":[{"@type":"WebPage","@id":"https:\/\/quadalkatreszek.com\/product\/pocket-quad-gumi\/","url":"https:\/\/quadalkatreszek.com\/product\/pocket-quad-gumi\/","name":"13x5.00-6 quad gumi - quadalkatreszek.com","isPartOf":{"@id":"https:\/\/quadalkatreszek.com\/#website"},"primaryImageOfPage":{"@id":"https:\/\/quadalkatreszek.com\/product\/pocket-quad-gumi\/#primaryimage"},"image":{"@id":"https:\/\/quadalkatreszek.com\/product\/pocket-quad-gumi\/#primaryimage"},"thumbnailUrl":"https:\/\/quadalkatreszek.com\/wp-content\/uploads\/2022\/06\/DSC_0033.jpg","datePublished":"2022-06-28T14:11:52+00:00","dateModified":"2026-04-14T07:23:45+00:00","description":"13x5.00-6 quad gumi. T\u00f6bb sz\u00e1z quad \u00e9s motor gumi a legjobb \u00e1ron, egyenesen az import\u0151rt\u0151l. 24-48 \u00f3r\u00e1n bel\u00fcli kisz\u00e1ll\u00edt\u00e1ssal","breadcrumb":{"@id":"https:\/\/quadalkatreszek.com\/product\/pocket-quad-gumi\/#breadcrumb"},"inLanguage":"en-US","potentialAction":[{"@type":"ReadAction","target":["https:\/\/quadalkatreszek.com\/product\/pocket-quad-gumi\/"]}]},{"@type":"ImageObject","inLanguage":"en-US","@id":"https:\/\/quadalkatreszek.com\/product\/pocket-quad-gumi\/#primaryimage","url":"https:\/\/quadalkatreszek.com\/wp-content\/uploads\/2022\/06\/DSC_0033.jpg","contentUrl":"https:\/\/quadalkatreszek.com\/wp-content\/uploads\/2022\/06\/DSC_0033.jpg","width":500,"height":281,"caption":"Pocket quad gumi"},{"@type":"BreadcrumbList","@id":"https:\/\/quadalkatreszek.com\/product\/pocket-quad-gumi\/#breadcrumb","itemListElement":[{"@type":"ListItem","position":1,"name":"Kezd\u0151lap","item":"https:\/\/quadalkatreszek.com\/"},{"@type":"ListItem","position":2,"name":"Shop","item":"https:\/\/quadalkatreszek.com\/shop\/"},{"@type":"ListItem","position":3,"name":"13&#215;5.00-6 quad gumi"}]},{"@type":"WebSite","@id":"https:\/\/quadalkatreszek.com\/#website","url":"https:\/\/quadalkatreszek.com\/","name":"quadalkatreszek.com","description":"alkatr\u00e9szek - azonnal - rakt\u00e1rr\u00f3l","publisher":{"@id":"https:\/\/quadalkatreszek.com\/#organization"},"potentialAction":[{"@type":"SearchAction","target":{"@type":"EntryPoint","urlTemplate":"https:\/\/quadalkatreszek.com\/?s={search_term_string}"},"query-input":{"@type":"PropertyValueSpecification","valueRequired":true,"valueName":"search_term_string"}}],"inLanguage":"en-US"},{"@type":"Organization","@id":"https:\/\/quadalkatreszek.com\/#organization","name":"quadalkatreszek.com","url":"https:\/\/quadalkatreszek.com\/","logo":{"@type":"ImageObject","inLanguage":"en-US","@id":"https:\/\/quadalkatreszek.com\/#\/schema\/logo\/image\/","url":"https:\/\/quadalkatreszek.com\/wp-content\/uploads\/2023\/01\/korlogo-2.png","contentUrl":"https:\/\/quadalkatreszek.com\/wp-content\/uploads\/2023\/01\/korlogo-2.png","width":866,"height":866,"caption":"quadalkatreszek.com"},"image":{"@id":"https:\/\/quadalkatreszek.com\/#\/schema\/logo\/image\/"}}]}},"_links":{"self":[{"href":"https:\/\/quadalkatreszek.com\/en\/wp-json\/wp\/v2\/product\/30529","targetHints":{"allow":["GET"]}}],"collection":[{"href":"https:\/\/quadalkatreszek.com\/en\/wp-json\/wp\/v2\/product"}],"about":[{"href":"https:\/\/quadalkatreszek.com\/en\/wp-json\/wp\/v2\/types\/product"}],"replies":[{"embeddable":true,"href":"https:\/\/quadalkatreszek.com\/en\/wp-json\/wp\/v2\/comments?post=30529"}],"wp:featuredmedia":[{"embeddable":true,"href":"https:\/\/quadalkatreszek.com\/en\/wp-json\/wp\/v2\/media\/27748"}],"wp:attachment":[{"href":"https:\/\/quadalkatreszek.com\/en\/wp-json\/wp\/v2\/media?parent=30529"}],"wp:term":[{"taxonomy":"product_brand","embeddable":true,"href":"https:\/\/quadalkatreszek.com\/en\/wp-json\/wp\/v2\/product_brand?post=30529"},{"taxonomy":"product_cat","embeddable":true,"href":"https:\/\/quadalkatreszek.com\/en\/wp-json\/wp\/v2\/product_cat?post=30529"},{"taxonomy":"product_tag","embeddable":true,"href":"https:\/\/quadalkatreszek.com\/en\/wp-json\/wp\/v2\/product_tag?post=30529"}],"curies":[{"name":"wp","href":"https:\/\/api.w.org\/{rel}","templated":true}]}}