{"id":30574,"date":"2022-06-28T15:12:00","date_gmt":"2022-06-28T14:12:00","guid":{"rendered":"https:\/\/quadalkatreszek.com\/product\/tao-braves-200-terep-szinu-felnott-quad\/"},"modified":"2024-11-28T20:48:14","modified_gmt":"2024-11-28T19:48:14","slug":"tao-braves-200-terep-szinu-felnott-quad","status":"publish","type":"product","link":"https:\/\/quadalkatreszek.com\/en\/product\/tao-braves-200-terep-szinu-felnott-quad\/","title":{"rendered":"Feln\u0151tt quad Tao Hunter 200 terep sz\u00edn\u0171"},"content":{"rendered":"<p>Elad\u00f3 feln\u0151tt m\u00e9ret\u0171 quad<\/p>\n<p>Ez a term\u00e9k k\u00f6z\u00fati forgalomban nem vehet r\u00e9szt!!!<\/p>\n<p>Amerikai piacra k\u00e9sz\u00fclt magas min\u0151s\u00e9g\u0171, pr\u00e9mium kateg\u00f3ri\u00e1s k\u00ednai j\u00e1rm\u0171 nagyon kedvez\u0151 \u00e1ron!<\/p>\n<p>Ez a modell m\u00e1r egy komolyabb min\u0151s\u00e9g\u0171 \u00e9s modern formatervez\u00e9s\u0171 , de m\u00e9gis megfizethet\u0151 \u00e1r\u00fa quad. Ezeket a modelleket Magyarorsz\u00e1gon csak n\u00e1lunk, vagy viszontelad\u00f3inkn\u00e1l kapod meg. P\u00e9cs, Gy\u0151r, Szombathely, Kecskem\u00e9t, Miskolc, Szeged, Kiskunhalas, stb\u2026<\/p>\n<p>Nagym\u00e9ret\u0171 10 colos kerekekkel rendelkezik, hossz\u00fat\u00e1von is nagyon k\u00e9nyelmes vele a quadoz\u00e1s. El\u0151l \u00e9s h\u00e1tul t\u00e1rcsaf\u00e9kkel rendelkezik melyek t\u00f6k\u00e9letesen biztos\u00edtj\u00e1k a j\u00e1rm\u0171 biztons\u00e1gos meg\u00e1ll\u00e1s\u00e1t. L\u00e9gh\u0171t\u00e9ses automata v\u00e1lt\u00f3s motor minden terepen kiv\u00e1l\u00f3an meg\u00e1llja a hely\u00e9t \u00e9s nagyon egyszer\u0171 a vezet\u00e9se. Aj\u00e1nljuk vad\u0151r\u00f6knek, vad\u00e1szoknak, erd\u00e9szeknek, mez\u0151\u0151r\u00f6knek is ezt a quadot, mely igen strapab\u00edr\u00f3 \u00e9s megb\u00edzhat\u00f3 modell.<\/p>\n<p>Tao Braves Hunter 200 quad ATV Pr\u00e9mium kateg\u00f3ria leg\u00fajabb modell.<\/p>\n<p>-Digit\u00e1lis m\u0171szerfal<\/p>\n<p>-Ledes f\u00e9nysz\u00f3r\u00f3k.<\/p>\n<p>-Sport kipufog\u00f3<\/p>\n<p>Gy\u00fajt\u00e1s: CDI<br \/>\nInd\u00edt\u00e1s: Elektromos ind\u00edt\u00e1s<br \/>\nl\u00e1nchajt\u00e1s<br \/>\nAlufelni<br \/>\nT\u00e1rcsaf\u00e9k el\u00f6l \u00e9s h\u00e1tul<br \/>\nKer\u00e9k \/ els\u0151: 23 \u00d7 7-10<br \/>\nGumiabroncsok \/ H\u00e1ts\u00f3: 22 \u00d7 10-10<br \/>\nMax. Sebess\u00e9g: 70 -80km \/ h<br \/>\nAkkumul\u00e1tor: 12V9Ah<\/p>\n<p>Elad\u00f3 feln\u0151tt m\u00e9ret\u0171 quad<\/p>\n<p><span style=\"color: #ff0000;\">A quadok \u00e9s motorok sz\u00e1ll\u00edt\u00e1sa egyedi d\u00edjaz\u00e1ssal t\u00f6rt\u00e9nik!<\/span><\/p>\n<p>Ennek \u00f6sszeg\u00e9r\u0151l k\u00e9rem telefonon vagy e-mailben \u00e9rdekl\u0151dj\u00f6n<\/p>\n<p>&#8211; &#8211; &#8211;<br \/>\n<!--kkod_start--><\/p>\n<div class=\"kkod-visible\">kkod:93<\/div>\n<p><!--kkod_end--><\/p>","protected":false},"excerpt":{"rendered":"<p>Tao Braves Hunter 200 quad ATV Pr\u00e9mium kateg\u00f3ria leg\u00fajabb modell.<\/p>\n<p>Ez a term\u00e9k k\u00f6z\u00fati forgalomban nem vehet r\u00e9szt!!!<\/p>","protected":false},"featured_media":27858,"comment_status":"open","ping_status":"closed","template":"","meta":[],"product_brand":[],"product_cat":[92],"product_tag":[],"class_list":{"0":"post-30574","1":"product","2":"type-product","3":"status-publish","4":"has-post-thumbnail","6":"product_cat-felnott-quadok","7":"product_shipping_class-tulmeret-1","9":"first","10":"instock","11":"shipping-taxable","12":"purchasable","13":"product-type-simple"},"yoast_head":"<!-- This site is optimized with the Yoast SEO plugin v27.5 - https:\/\/yoast.com\/product\/yoast-seo-wordpress\/ -->\n<title>Elad\u00f3 feln\u0151tt m\u00e9ret\u0171 quad TAO Hunter 200cc automata quad<\/title>\n<meta name=\"description\" content=\"Elad\u00f3 feln\u0151tt m\u00e9ret\u0171 quad TAO Hunter 200cc automata quad k\u00f6nnyen kezelhet\u0151 kiv\u00e1l\u00f3 min\u0151s\u00e9g aj\u00e1nljuk vad\u00e1szoknak, hal\u0151r\u00f6knek, mez\u0151\u0151r\u00f6knek, \u00e9s egy\u00e9b munk\u00e1kra\" \/>\n<meta name=\"robots\" content=\"index, follow, max-snippet:-1, max-image-preview:large, max-video-preview:-1\" \/>\n<link rel=\"canonical\" href=\"https:\/\/quadalkatreszek.com\/en\/product\/tao-braves-200-terep-szinu-felnott-quad\/\" \/>\n<meta property=\"og:locale\" content=\"en_US\" \/>\n<meta property=\"og:type\" content=\"article\" \/>\n<meta property=\"og:title\" content=\"Elad\u00f3 feln\u0151tt m\u00e9ret\u0171 quad TAO Hunter 200cc automata quad\" \/>\n<meta property=\"og:description\" content=\"Elad\u00f3 feln\u0151tt m\u00e9ret\u0171 quad TAO Hunter 200cc automata quad k\u00f6nnyen kezelhet\u0151 kiv\u00e1l\u00f3 min\u0151s\u00e9g aj\u00e1nljuk vad\u00e1szoknak, hal\u0151r\u00f6knek, mez\u0151\u0151r\u00f6knek, \u00e9s egy\u00e9b munk\u00e1kra\" \/>\n<meta property=\"og:url\" content=\"https:\/\/quadalkatreszek.com\/en\/product\/tao-braves-200-terep-szinu-felnott-quad\/\" \/>\n<meta property=\"og:site_name\" content=\"quadalkatreszek.com\" \/>\n<meta property=\"article:modified_time\" content=\"2024-11-28T19:48:14+00:00\" \/>\n<meta property=\"og:image\" content=\"https:\/\/quadalkatreszek.com\/wp-content\/uploads\/2022\/06\/80538155_487618005219049_3539233423350562816_n.jpg\" \/>\n\t<meta property=\"og:image:width\" content=\"500\" \/>\n\t<meta property=\"og:image:height\" content=\"375\" \/>\n\t<meta property=\"og:image:type\" content=\"image\/jpeg\" \/>\n<meta name=\"twitter:card\" content=\"summary_large_image\" \/>\n<meta name=\"twitter:label1\" content=\"Est. reading time\" \/>\n\t<meta name=\"twitter:data1\" content=\"1 minute\" \/>\n<script type=\"application\/ld+json\" class=\"yoast-schema-graph\">{\"@context\":\"https:\\\/\\\/schema.org\",\"@graph\":[{\"@type\":\"WebPage\",\"@id\":\"https:\\\/\\\/quadalkatreszek.com\\\/product\\\/tao-braves-200-terep-szinu-felnott-quad\\\/\",\"url\":\"https:\\\/\\\/quadalkatreszek.com\\\/product\\\/tao-braves-200-terep-szinu-felnott-quad\\\/\",\"name\":\"Elad\u00f3 feln\u0151tt m\u00e9ret\u0171 quad TAO Hunter 200cc automata quad\",\"isPartOf\":{\"@id\":\"https:\\\/\\\/quadalkatreszek.com\\\/#website\"},\"primaryImageOfPage\":{\"@id\":\"https:\\\/\\\/quadalkatreszek.com\\\/product\\\/tao-braves-200-terep-szinu-felnott-quad\\\/#primaryimage\"},\"image\":{\"@id\":\"https:\\\/\\\/quadalkatreszek.com\\\/product\\\/tao-braves-200-terep-szinu-felnott-quad\\\/#primaryimage\"},\"thumbnailUrl\":\"https:\\\/\\\/quadalkatreszek.com\\\/wp-content\\\/uploads\\\/2022\\\/06\\\/80538155_487618005219049_3539233423350562816_n.jpg\",\"datePublished\":\"2022-06-28T14:12:00+00:00\",\"dateModified\":\"2024-11-28T19:48:14+00:00\",\"description\":\"Elad\u00f3 feln\u0151tt m\u00e9ret\u0171 quad TAO Hunter 200cc automata quad k\u00f6nnyen kezelhet\u0151 kiv\u00e1l\u00f3 min\u0151s\u00e9g aj\u00e1nljuk vad\u00e1szoknak, hal\u0151r\u00f6knek, mez\u0151\u0151r\u00f6knek, \u00e9s egy\u00e9b munk\u00e1kra\",\"breadcrumb\":{\"@id\":\"https:\\\/\\\/quadalkatreszek.com\\\/product\\\/tao-braves-200-terep-szinu-felnott-quad\\\/#breadcrumb\"},\"inLanguage\":\"en-US\",\"potentialAction\":[{\"@type\":\"ReadAction\",\"target\":[\"https:\\\/\\\/quadalkatreszek.com\\\/product\\\/tao-braves-200-terep-szinu-felnott-quad\\\/\"]}]},{\"@type\":\"ImageObject\",\"inLanguage\":\"en-US\",\"@id\":\"https:\\\/\\\/quadalkatreszek.com\\\/product\\\/tao-braves-200-terep-szinu-felnott-quad\\\/#primaryimage\",\"url\":\"https:\\\/\\\/quadalkatreszek.com\\\/wp-content\\\/uploads\\\/2022\\\/06\\\/80538155_487618005219049_3539233423350562816_n.jpg\",\"contentUrl\":\"https:\\\/\\\/quadalkatreszek.com\\\/wp-content\\\/uploads\\\/2022\\\/06\\\/80538155_487618005219049_3539233423350562816_n.jpg\",\"width\":500,\"height\":375,\"caption\":\"Feln\u0151tt quad Tao Hunter 200\"},{\"@type\":\"BreadcrumbList\",\"@id\":\"https:\\\/\\\/quadalkatreszek.com\\\/product\\\/tao-braves-200-terep-szinu-felnott-quad\\\/#breadcrumb\",\"itemListElement\":[{\"@type\":\"ListItem\",\"position\":1,\"name\":\"Kezd\u0151lap\",\"item\":\"https:\\\/\\\/quadalkatreszek.com\\\/\"},{\"@type\":\"ListItem\",\"position\":2,\"name\":\"Shop\",\"item\":\"https:\\\/\\\/quadalkatreszek.com\\\/shop\\\/\"},{\"@type\":\"ListItem\",\"position\":3,\"name\":\"Feln\u0151tt quad Tao Hunter 200 terep sz\u00edn\u0171\"}]},{\"@type\":\"WebSite\",\"@id\":\"https:\\\/\\\/quadalkatreszek.com\\\/#website\",\"url\":\"https:\\\/\\\/quadalkatreszek.com\\\/\",\"name\":\"quadalkatreszek.com\",\"description\":\"alkatr\u00e9szek - azonnal - rakt\u00e1rr\u00f3l\",\"publisher\":{\"@id\":\"https:\\\/\\\/quadalkatreszek.com\\\/#organization\"},\"potentialAction\":[{\"@type\":\"SearchAction\",\"target\":{\"@type\":\"EntryPoint\",\"urlTemplate\":\"https:\\\/\\\/quadalkatreszek.com\\\/?s={search_term_string}\"},\"query-input\":{\"@type\":\"PropertyValueSpecification\",\"valueRequired\":true,\"valueName\":\"search_term_string\"}}],\"inLanguage\":\"en-US\"},{\"@type\":\"Organization\",\"@id\":\"https:\\\/\\\/quadalkatreszek.com\\\/#organization\",\"name\":\"quadalkatreszek.com\",\"url\":\"https:\\\/\\\/quadalkatreszek.com\\\/\",\"logo\":{\"@type\":\"ImageObject\",\"inLanguage\":\"en-US\",\"@id\":\"https:\\\/\\\/quadalkatreszek.com\\\/#\\\/schema\\\/logo\\\/image\\\/\",\"url\":\"https:\\\/\\\/quadalkatreszek.com\\\/wp-content\\\/uploads\\\/2023\\\/01\\\/korlogo-2.png\",\"contentUrl\":\"https:\\\/\\\/quadalkatreszek.com\\\/wp-content\\\/uploads\\\/2023\\\/01\\\/korlogo-2.png\",\"width\":866,\"height\":866,\"caption\":\"quadalkatreszek.com\"},\"image\":{\"@id\":\"https:\\\/\\\/quadalkatreszek.com\\\/#\\\/schema\\\/logo\\\/image\\\/\"}}]}<\/script>\n<!-- \/ Yoast SEO plugin. -->","yoast_head_json":{"title":"Elad\u00f3 feln\u0151tt m\u00e9ret\u0171 quad TAO Hunter 200cc automata quad","description":"Elad\u00f3 feln\u0151tt m\u00e9ret\u0171 quad TAO Hunter 200cc automata quad k\u00f6nnyen kezelhet\u0151 kiv\u00e1l\u00f3 min\u0151s\u00e9g aj\u00e1nljuk vad\u00e1szoknak, hal\u0151r\u00f6knek, mez\u0151\u0151r\u00f6knek, \u00e9s egy\u00e9b munk\u00e1kra","robots":{"index":"index","follow":"follow","max-snippet":"max-snippet:-1","max-image-preview":"max-image-preview:large","max-video-preview":"max-video-preview:-1"},"canonical":"https:\/\/quadalkatreszek.com\/en\/product\/tao-braves-200-terep-szinu-felnott-quad\/","og_locale":"en_US","og_type":"article","og_title":"Elad\u00f3 feln\u0151tt m\u00e9ret\u0171 quad TAO Hunter 200cc automata quad","og_description":"Elad\u00f3 feln\u0151tt m\u00e9ret\u0171 quad TAO Hunter 200cc automata quad k\u00f6nnyen kezelhet\u0151 kiv\u00e1l\u00f3 min\u0151s\u00e9g aj\u00e1nljuk vad\u00e1szoknak, hal\u0151r\u00f6knek, mez\u0151\u0151r\u00f6knek, \u00e9s egy\u00e9b munk\u00e1kra","og_url":"https:\/\/quadalkatreszek.com\/en\/product\/tao-braves-200-terep-szinu-felnott-quad\/","og_site_name":"quadalkatreszek.com","article_modified_time":"2024-11-28T19:48:14+00:00","og_image":[{"width":500,"height":375,"url":"https:\/\/quadalkatreszek.com\/wp-content\/uploads\/2022\/06\/80538155_487618005219049_3539233423350562816_n.jpg","type":"image\/jpeg"}],"twitter_card":"summary_large_image","twitter_misc":{"Est. reading time":"1 minute"},"schema":{"@context":"https:\/\/schema.org","@graph":[{"@type":"WebPage","@id":"https:\/\/quadalkatreszek.com\/product\/tao-braves-200-terep-szinu-felnott-quad\/","url":"https:\/\/quadalkatreszek.com\/product\/tao-braves-200-terep-szinu-felnott-quad\/","name":"Elad\u00f3 feln\u0151tt m\u00e9ret\u0171 quad TAO Hunter 200cc automata quad","isPartOf":{"@id":"https:\/\/quadalkatreszek.com\/#website"},"primaryImageOfPage":{"@id":"https:\/\/quadalkatreszek.com\/product\/tao-braves-200-terep-szinu-felnott-quad\/#primaryimage"},"image":{"@id":"https:\/\/quadalkatreszek.com\/product\/tao-braves-200-terep-szinu-felnott-quad\/#primaryimage"},"thumbnailUrl":"https:\/\/quadalkatreszek.com\/wp-content\/uploads\/2022\/06\/80538155_487618005219049_3539233423350562816_n.jpg","datePublished":"2022-06-28T14:12:00+00:00","dateModified":"2024-11-28T19:48:14+00:00","description":"Elad\u00f3 feln\u0151tt m\u00e9ret\u0171 quad TAO Hunter 200cc automata quad k\u00f6nnyen kezelhet\u0151 kiv\u00e1l\u00f3 min\u0151s\u00e9g aj\u00e1nljuk vad\u00e1szoknak, hal\u0151r\u00f6knek, mez\u0151\u0151r\u00f6knek, \u00e9s egy\u00e9b munk\u00e1kra","breadcrumb":{"@id":"https:\/\/quadalkatreszek.com\/product\/tao-braves-200-terep-szinu-felnott-quad\/#breadcrumb"},"inLanguage":"en-US","potentialAction":[{"@type":"ReadAction","target":["https:\/\/quadalkatreszek.com\/product\/tao-braves-200-terep-szinu-felnott-quad\/"]}]},{"@type":"ImageObject","inLanguage":"en-US","@id":"https:\/\/quadalkatreszek.com\/product\/tao-braves-200-terep-szinu-felnott-quad\/#primaryimage","url":"https:\/\/quadalkatreszek.com\/wp-content\/uploads\/2022\/06\/80538155_487618005219049_3539233423350562816_n.jpg","contentUrl":"https:\/\/quadalkatreszek.com\/wp-content\/uploads\/2022\/06\/80538155_487618005219049_3539233423350562816_n.jpg","width":500,"height":375,"caption":"Feln\u0151tt quad Tao Hunter 200"},{"@type":"BreadcrumbList","@id":"https:\/\/quadalkatreszek.com\/product\/tao-braves-200-terep-szinu-felnott-quad\/#breadcrumb","itemListElement":[{"@type":"ListItem","position":1,"name":"Kezd\u0151lap","item":"https:\/\/quadalkatreszek.com\/"},{"@type":"ListItem","position":2,"name":"Shop","item":"https:\/\/quadalkatreszek.com\/shop\/"},{"@type":"ListItem","position":3,"name":"Feln\u0151tt quad Tao Hunter 200 terep sz\u00edn\u0171"}]},{"@type":"WebSite","@id":"https:\/\/quadalkatreszek.com\/#website","url":"https:\/\/quadalkatreszek.com\/","name":"quadalkatreszek.com","description":"alkatr\u00e9szek - azonnal - rakt\u00e1rr\u00f3l","publisher":{"@id":"https:\/\/quadalkatreszek.com\/#organization"},"potentialAction":[{"@type":"SearchAction","target":{"@type":"EntryPoint","urlTemplate":"https:\/\/quadalkatreszek.com\/?s={search_term_string}"},"query-input":{"@type":"PropertyValueSpecification","valueRequired":true,"valueName":"search_term_string"}}],"inLanguage":"en-US"},{"@type":"Organization","@id":"https:\/\/quadalkatreszek.com\/#organization","name":"quadalkatreszek.com","url":"https:\/\/quadalkatreszek.com\/","logo":{"@type":"ImageObject","inLanguage":"en-US","@id":"https:\/\/quadalkatreszek.com\/#\/schema\/logo\/image\/","url":"https:\/\/quadalkatreszek.com\/wp-content\/uploads\/2023\/01\/korlogo-2.png","contentUrl":"https:\/\/quadalkatreszek.com\/wp-content\/uploads\/2023\/01\/korlogo-2.png","width":866,"height":866,"caption":"quadalkatreszek.com"},"image":{"@id":"https:\/\/quadalkatreszek.com\/#\/schema\/logo\/image\/"}}]}},"_links":{"self":[{"href":"https:\/\/quadalkatreszek.com\/en\/wp-json\/wp\/v2\/product\/30574","targetHints":{"allow":["GET"]}}],"collection":[{"href":"https:\/\/quadalkatreszek.com\/en\/wp-json\/wp\/v2\/product"}],"about":[{"href":"https:\/\/quadalkatreszek.com\/en\/wp-json\/wp\/v2\/types\/product"}],"replies":[{"embeddable":true,"href":"https:\/\/quadalkatreszek.com\/en\/wp-json\/wp\/v2\/comments?post=30574"}],"wp:featuredmedia":[{"embeddable":true,"href":"https:\/\/quadalkatreszek.com\/en\/wp-json\/wp\/v2\/media\/27858"}],"wp:attachment":[{"href":"https:\/\/quadalkatreszek.com\/en\/wp-json\/wp\/v2\/media?parent=30574"}],"wp:term":[{"taxonomy":"product_brand","embeddable":true,"href":"https:\/\/quadalkatreszek.com\/en\/wp-json\/wp\/v2\/product_brand?post=30574"},{"taxonomy":"product_cat","embeddable":true,"href":"https:\/\/quadalkatreszek.com\/en\/wp-json\/wp\/v2\/product_cat?post=30574"},{"taxonomy":"product_tag","embeddable":true,"href":"https:\/\/quadalkatreszek.com\/en\/wp-json\/wp\/v2\/product_tag?post=30574"}],"curies":[{"name":"wp","href":"https:\/\/api.w.org\/{rel}","templated":true}]}}