{"id":30595,"date":"2022-06-28T15:12:04","date_gmt":"2022-06-28T14:12:04","guid":{"rendered":"https:\/\/quadalkatreszek.com\/product\/22x10-10-quad-gumi-3\/"},"modified":"2026-04-09T10:30:00","modified_gmt":"2026-04-09T09:30:00","slug":"22x10-10-quad-hatso-gumi","status":"publish","type":"product","link":"https:\/\/quadalkatreszek.com\/en\/product\/22x10-10-quad-hatso-gumi\/","title":{"rendered":"Quad h\u00e1ts\u00f3 gumi 22&#215;10.00-10"},"content":{"rendered":"<p>Quad h\u00e1ts\u00f3 gumi 22&#215;10.00-10<\/p>\n<p>4 r\u00e9teg\u0171 t\u00f6ml\u0151 n\u00e9lk\u00fcli quad h\u00e1ts\u00f3 gumi Wanda Tyre pr\u00e9mium m\u00e1rka!<\/p>\n<p>Ha m\u00e1s m\u00e9ret\u0171 els\u0151 vagy h\u00e1ts\u00f3 quad gumit szeretn\u00e9l, akkor Kattints ide az \u00f6sszes <a href=\"https:\/\/quadalkatreszek.com\/en\/product-category\/gumi\/quad-atv-gumik\/\">quad gumi<\/a> megjelen\u00edt\u00e9s\u00e9hez vagy haszn\u00e1ld a fenti keres\u0151mez\u0151t.<\/p>\n<p>N\u00e1lunk a rendelt term\u00e9keket nagyon kedvez\u0151 \u00e1ron 24-48 \u00f3r\u00e1n bel\u00fcl eljuttatjuk a c\u00edmedre. De telephellyel is rendelkez\u00fcnk \u00edgy szem\u00e9lyesen is megv\u00e1s\u00e1rolhat\u00f3k term\u00e9keink, a budapesti rakt\u00e1runkba.<\/p>\n<p>Ha v\u00e9letlen\u00fcl rossz m\u00e9ret\u0171 quad gumit rendelsz, n\u00e1lunk 30 napig visszak\u00fcldheted \u00e9s visszaadjuk az \u00e1r\u00e1t, vagy lev\u00e1s\u00e1rolhatod.<\/p>\n<p>, 96, 96<br \/>\n&#8211; &#8211; &#8211;<br \/>\n<!--kkod_start--><\/p>\n<div class=\"kkod-visible\">kkod:96<\/div>\n<p><!--kkod_end--><\/p>","protected":false},"excerpt":{"rendered":"<p>Quad h\u00e1ts\u00f3 gumi 22&#215;10.00-10<\/p>\n<p>4 r\u00e9teg\u0171 t\u00f6ml\u0151 n\u00e9lk\u00fcli quad h\u00e1ts\u00f3 gumi Wanda Tyre pr\u00e9mium m\u00e1rka!<\/p>","protected":false},"featured_media":27934,"comment_status":"open","ping_status":"closed","template":"","meta":[],"product_brand":[],"product_cat":[95,171,84],"product_tag":[],"class_list":{"0":"post-30595","1":"product","2":"type-product","3":"status-publish","4":"has-post-thumbnail","6":"product_cat-akcios-termekek","7":"product_cat-osszes-gumi","8":"product_cat-quad-atv-gumik","10":"first","11":"instock","12":"sale","13":"shipping-taxable","14":"purchasable","15":"product-type-simple"},"yoast_head":"<!-- This site is optimized with the Yoast SEO plugin v27.4 - https:\/\/yoast.com\/product\/yoast-seo-wordpress\/ -->\n<title>Quad h\u00e1ts\u00f3 gumi 22x10.00-10 - quadalkatreszek.com<\/title>\n<meta name=\"description\" content=\"Quad h\u00e1ts\u00f3 gumi 22x10.00-10. T\u00f6ml\u0151 n\u00e9lk\u00fcli 4 r\u00e9teg\u0171 quad h\u00e1ts\u00f3 gumi Wanda Tyre pr\u00e9mium m\u00e1rka! 6,7,8,9,10 \u00e9s 12 colos quad gumik sz\u00e9les v\u00e1laszt\u00e9ka\" \/>\n<meta name=\"robots\" content=\"index, follow, max-snippet:-1, max-image-preview:large, max-video-preview:-1\" \/>\n<link rel=\"canonical\" href=\"https:\/\/quadalkatreszek.com\/en\/product\/22x10-10-quad-hatso-gumi\/\" \/>\n<meta property=\"og:locale\" content=\"en_US\" \/>\n<meta property=\"og:type\" content=\"article\" \/>\n<meta property=\"og:title\" content=\"Quad h\u00e1ts\u00f3 gumi 22x10.00-10 - quadalkatreszek.com\" \/>\n<meta property=\"og:description\" content=\"Quad h\u00e1ts\u00f3 gumi 22x10.00-10. T\u00f6ml\u0151 n\u00e9lk\u00fcli 4 r\u00e9teg\u0171 quad h\u00e1ts\u00f3 gumi Wanda Tyre pr\u00e9mium m\u00e1rka! 6,7,8,9,10 \u00e9s 12 colos quad gumik sz\u00e9les v\u00e1laszt\u00e9ka\" \/>\n<meta property=\"og:url\" content=\"https:\/\/quadalkatreszek.com\/en\/product\/22x10-10-quad-hatso-gumi\/\" \/>\n<meta property=\"og:site_name\" content=\"quadalkatreszek.com\" \/>\n<meta property=\"article:modified_time\" content=\"2026-04-09T09:30:00+00:00\" \/>\n<meta property=\"og:image\" content=\"https:\/\/quadalkatreszek.com\/wp-content\/uploads\/2022\/06\/20x10.jpg\" \/>\n\t<meta property=\"og:image:width\" content=\"500\" \/>\n\t<meta property=\"og:image:height\" content=\"375\" \/>\n\t<meta property=\"og:image:type\" content=\"image\/jpeg\" \/>\n<meta name=\"twitter:card\" content=\"summary_large_image\" \/>\n<meta name=\"twitter:label1\" content=\"Est. reading time\" \/>\n\t<meta name=\"twitter:data1\" content=\"1 minute\" \/>\n<script type=\"application\/ld+json\" class=\"yoast-schema-graph\">{\"@context\":\"https:\\\/\\\/schema.org\",\"@graph\":[{\"@type\":\"WebPage\",\"@id\":\"https:\\\/\\\/quadalkatreszek.com\\\/product\\\/22x10-10-quad-hatso-gumi\\\/\",\"url\":\"https:\\\/\\\/quadalkatreszek.com\\\/product\\\/22x10-10-quad-hatso-gumi\\\/\",\"name\":\"Quad h\u00e1ts\u00f3 gumi 22x10.00-10 - quadalkatreszek.com\",\"isPartOf\":{\"@id\":\"https:\\\/\\\/quadalkatreszek.com\\\/#website\"},\"primaryImageOfPage\":{\"@id\":\"https:\\\/\\\/quadalkatreszek.com\\\/product\\\/22x10-10-quad-hatso-gumi\\\/#primaryimage\"},\"image\":{\"@id\":\"https:\\\/\\\/quadalkatreszek.com\\\/product\\\/22x10-10-quad-hatso-gumi\\\/#primaryimage\"},\"thumbnailUrl\":\"https:\\\/\\\/quadalkatreszek.com\\\/wp-content\\\/uploads\\\/2022\\\/06\\\/20x10.jpg\",\"datePublished\":\"2022-06-28T14:12:04+00:00\",\"dateModified\":\"2026-04-09T09:30:00+00:00\",\"description\":\"Quad h\u00e1ts\u00f3 gumi 22x10.00-10. T\u00f6ml\u0151 n\u00e9lk\u00fcli 4 r\u00e9teg\u0171 quad h\u00e1ts\u00f3 gumi Wanda Tyre pr\u00e9mium m\u00e1rka! 6,7,8,9,10 \u00e9s 12 colos quad gumik sz\u00e9les v\u00e1laszt\u00e9ka\",\"breadcrumb\":{\"@id\":\"https:\\\/\\\/quadalkatreszek.com\\\/product\\\/22x10-10-quad-hatso-gumi\\\/#breadcrumb\"},\"inLanguage\":\"en-US\",\"potentialAction\":[{\"@type\":\"ReadAction\",\"target\":[\"https:\\\/\\\/quadalkatreszek.com\\\/product\\\/22x10-10-quad-hatso-gumi\\\/\"]}]},{\"@type\":\"ImageObject\",\"inLanguage\":\"en-US\",\"@id\":\"https:\\\/\\\/quadalkatreszek.com\\\/product\\\/22x10-10-quad-hatso-gumi\\\/#primaryimage\",\"url\":\"https:\\\/\\\/quadalkatreszek.com\\\/wp-content\\\/uploads\\\/2022\\\/06\\\/20x10.jpg\",\"contentUrl\":\"https:\\\/\\\/quadalkatreszek.com\\\/wp-content\\\/uploads\\\/2022\\\/06\\\/20x10.jpg\",\"width\":500,\"height\":375,\"caption\":\"Quad h\u00e1ts\u00f3 gumi 22x10-10\"},{\"@type\":\"BreadcrumbList\",\"@id\":\"https:\\\/\\\/quadalkatreszek.com\\\/product\\\/22x10-10-quad-hatso-gumi\\\/#breadcrumb\",\"itemListElement\":[{\"@type\":\"ListItem\",\"position\":1,\"name\":\"Kezd\u0151lap\",\"item\":\"https:\\\/\\\/quadalkatreszek.com\\\/\"},{\"@type\":\"ListItem\",\"position\":2,\"name\":\"Shop\",\"item\":\"https:\\\/\\\/quadalkatreszek.com\\\/shop\\\/\"},{\"@type\":\"ListItem\",\"position\":3,\"name\":\"Quad h\u00e1ts\u00f3 gumi 22&#215;10.00-10\"}]},{\"@type\":\"WebSite\",\"@id\":\"https:\\\/\\\/quadalkatreszek.com\\\/#website\",\"url\":\"https:\\\/\\\/quadalkatreszek.com\\\/\",\"name\":\"quadalkatreszek.com\",\"description\":\"alkatr\u00e9szek - azonnal - rakt\u00e1rr\u00f3l\",\"publisher\":{\"@id\":\"https:\\\/\\\/quadalkatreszek.com\\\/#organization\"},\"potentialAction\":[{\"@type\":\"SearchAction\",\"target\":{\"@type\":\"EntryPoint\",\"urlTemplate\":\"https:\\\/\\\/quadalkatreszek.com\\\/?s={search_term_string}\"},\"query-input\":{\"@type\":\"PropertyValueSpecification\",\"valueRequired\":true,\"valueName\":\"search_term_string\"}}],\"inLanguage\":\"en-US\"},{\"@type\":\"Organization\",\"@id\":\"https:\\\/\\\/quadalkatreszek.com\\\/#organization\",\"name\":\"quadalkatreszek.com\",\"url\":\"https:\\\/\\\/quadalkatreszek.com\\\/\",\"logo\":{\"@type\":\"ImageObject\",\"inLanguage\":\"en-US\",\"@id\":\"https:\\\/\\\/quadalkatreszek.com\\\/#\\\/schema\\\/logo\\\/image\\\/\",\"url\":\"https:\\\/\\\/quadalkatreszek.com\\\/wp-content\\\/uploads\\\/2023\\\/01\\\/korlogo-2.png\",\"contentUrl\":\"https:\\\/\\\/quadalkatreszek.com\\\/wp-content\\\/uploads\\\/2023\\\/01\\\/korlogo-2.png\",\"width\":866,\"height\":866,\"caption\":\"quadalkatreszek.com\"},\"image\":{\"@id\":\"https:\\\/\\\/quadalkatreszek.com\\\/#\\\/schema\\\/logo\\\/image\\\/\"}}]}<\/script>\n<!-- \/ Yoast SEO plugin. -->","yoast_head_json":{"title":"Quad h\u00e1ts\u00f3 gumi 22x10.00-10 - quadalkatreszek.com","description":"Quad h\u00e1ts\u00f3 gumi 22x10.00-10. T\u00f6ml\u0151 n\u00e9lk\u00fcli 4 r\u00e9teg\u0171 quad h\u00e1ts\u00f3 gumi Wanda Tyre pr\u00e9mium m\u00e1rka! 6,7,8,9,10 \u00e9s 12 colos quad gumik sz\u00e9les v\u00e1laszt\u00e9ka","robots":{"index":"index","follow":"follow","max-snippet":"max-snippet:-1","max-image-preview":"max-image-preview:large","max-video-preview":"max-video-preview:-1"},"canonical":"https:\/\/quadalkatreszek.com\/en\/product\/22x10-10-quad-hatso-gumi\/","og_locale":"en_US","og_type":"article","og_title":"Quad h\u00e1ts\u00f3 gumi 22x10.00-10 - quadalkatreszek.com","og_description":"Quad h\u00e1ts\u00f3 gumi 22x10.00-10. T\u00f6ml\u0151 n\u00e9lk\u00fcli 4 r\u00e9teg\u0171 quad h\u00e1ts\u00f3 gumi Wanda Tyre pr\u00e9mium m\u00e1rka! 6,7,8,9,10 \u00e9s 12 colos quad gumik sz\u00e9les v\u00e1laszt\u00e9ka","og_url":"https:\/\/quadalkatreszek.com\/en\/product\/22x10-10-quad-hatso-gumi\/","og_site_name":"quadalkatreszek.com","article_modified_time":"2026-04-09T09:30:00+00:00","og_image":[{"width":500,"height":375,"url":"https:\/\/quadalkatreszek.com\/wp-content\/uploads\/2022\/06\/20x10.jpg","type":"image\/jpeg"}],"twitter_card":"summary_large_image","twitter_misc":{"Est. reading time":"1 minute"},"schema":{"@context":"https:\/\/schema.org","@graph":[{"@type":"WebPage","@id":"https:\/\/quadalkatreszek.com\/product\/22x10-10-quad-hatso-gumi\/","url":"https:\/\/quadalkatreszek.com\/product\/22x10-10-quad-hatso-gumi\/","name":"Quad h\u00e1ts\u00f3 gumi 22x10.00-10 - quadalkatreszek.com","isPartOf":{"@id":"https:\/\/quadalkatreszek.com\/#website"},"primaryImageOfPage":{"@id":"https:\/\/quadalkatreszek.com\/product\/22x10-10-quad-hatso-gumi\/#primaryimage"},"image":{"@id":"https:\/\/quadalkatreszek.com\/product\/22x10-10-quad-hatso-gumi\/#primaryimage"},"thumbnailUrl":"https:\/\/quadalkatreszek.com\/wp-content\/uploads\/2022\/06\/20x10.jpg","datePublished":"2022-06-28T14:12:04+00:00","dateModified":"2026-04-09T09:30:00+00:00","description":"Quad h\u00e1ts\u00f3 gumi 22x10.00-10. T\u00f6ml\u0151 n\u00e9lk\u00fcli 4 r\u00e9teg\u0171 quad h\u00e1ts\u00f3 gumi Wanda Tyre pr\u00e9mium m\u00e1rka! 6,7,8,9,10 \u00e9s 12 colos quad gumik sz\u00e9les v\u00e1laszt\u00e9ka","breadcrumb":{"@id":"https:\/\/quadalkatreszek.com\/product\/22x10-10-quad-hatso-gumi\/#breadcrumb"},"inLanguage":"en-US","potentialAction":[{"@type":"ReadAction","target":["https:\/\/quadalkatreszek.com\/product\/22x10-10-quad-hatso-gumi\/"]}]},{"@type":"ImageObject","inLanguage":"en-US","@id":"https:\/\/quadalkatreszek.com\/product\/22x10-10-quad-hatso-gumi\/#primaryimage","url":"https:\/\/quadalkatreszek.com\/wp-content\/uploads\/2022\/06\/20x10.jpg","contentUrl":"https:\/\/quadalkatreszek.com\/wp-content\/uploads\/2022\/06\/20x10.jpg","width":500,"height":375,"caption":"Quad h\u00e1ts\u00f3 gumi 22x10-10"},{"@type":"BreadcrumbList","@id":"https:\/\/quadalkatreszek.com\/product\/22x10-10-quad-hatso-gumi\/#breadcrumb","itemListElement":[{"@type":"ListItem","position":1,"name":"Kezd\u0151lap","item":"https:\/\/quadalkatreszek.com\/"},{"@type":"ListItem","position":2,"name":"Shop","item":"https:\/\/quadalkatreszek.com\/shop\/"},{"@type":"ListItem","position":3,"name":"Quad h\u00e1ts\u00f3 gumi 22&#215;10.00-10"}]},{"@type":"WebSite","@id":"https:\/\/quadalkatreszek.com\/#website","url":"https:\/\/quadalkatreszek.com\/","name":"quadalkatreszek.com","description":"alkatr\u00e9szek - azonnal - rakt\u00e1rr\u00f3l","publisher":{"@id":"https:\/\/quadalkatreszek.com\/#organization"},"potentialAction":[{"@type":"SearchAction","target":{"@type":"EntryPoint","urlTemplate":"https:\/\/quadalkatreszek.com\/?s={search_term_string}"},"query-input":{"@type":"PropertyValueSpecification","valueRequired":true,"valueName":"search_term_string"}}],"inLanguage":"en-US"},{"@type":"Organization","@id":"https:\/\/quadalkatreszek.com\/#organization","name":"quadalkatreszek.com","url":"https:\/\/quadalkatreszek.com\/","logo":{"@type":"ImageObject","inLanguage":"en-US","@id":"https:\/\/quadalkatreszek.com\/#\/schema\/logo\/image\/","url":"https:\/\/quadalkatreszek.com\/wp-content\/uploads\/2023\/01\/korlogo-2.png","contentUrl":"https:\/\/quadalkatreszek.com\/wp-content\/uploads\/2023\/01\/korlogo-2.png","width":866,"height":866,"caption":"quadalkatreszek.com"},"image":{"@id":"https:\/\/quadalkatreszek.com\/#\/schema\/logo\/image\/"}}]}},"_links":{"self":[{"href":"https:\/\/quadalkatreszek.com\/en\/wp-json\/wp\/v2\/product\/30595","targetHints":{"allow":["GET"]}}],"collection":[{"href":"https:\/\/quadalkatreszek.com\/en\/wp-json\/wp\/v2\/product"}],"about":[{"href":"https:\/\/quadalkatreszek.com\/en\/wp-json\/wp\/v2\/types\/product"}],"replies":[{"embeddable":true,"href":"https:\/\/quadalkatreszek.com\/en\/wp-json\/wp\/v2\/comments?post=30595"}],"wp:featuredmedia":[{"embeddable":true,"href":"https:\/\/quadalkatreszek.com\/en\/wp-json\/wp\/v2\/media\/27934"}],"wp:attachment":[{"href":"https:\/\/quadalkatreszek.com\/en\/wp-json\/wp\/v2\/media?parent=30595"}],"wp:term":[{"taxonomy":"product_brand","embeddable":true,"href":"https:\/\/quadalkatreszek.com\/en\/wp-json\/wp\/v2\/product_brand?post=30595"},{"taxonomy":"product_cat","embeddable":true,"href":"https:\/\/quadalkatreszek.com\/en\/wp-json\/wp\/v2\/product_cat?post=30595"},{"taxonomy":"product_tag","embeddable":true,"href":"https:\/\/quadalkatreszek.com\/en\/wp-json\/wp\/v2\/product_tag?post=30595"}],"curies":[{"name":"wp","href":"https:\/\/api.w.org\/{rel}","templated":true}]}}