{"id":30597,"date":"2022-06-28T15:12:05","date_gmt":"2022-06-28T14:12:05","guid":{"rendered":"https:\/\/quadalkatreszek.com\/product\/tao-braves-hunter-200-hatso-lampa\/"},"modified":"2025-12-07T14:49:23","modified_gmt":"2025-12-07T13:49:23","slug":"quad-hatso-lampa-tao-braves-hunter-200cc-automata-quadba","status":"publish","type":"product","link":"https:\/\/quadalkatreszek.com\/en\/product\/quad-hatso-lampa-tao-braves-hunter-200cc-automata-quadba\/","title":{"rendered":"Quad h\u00e1ts\u00f3 l\u00e1mpa Tao Braves Hunter 200cc automata quadba"},"content":{"rendered":"<p>Quad h\u00e1ts\u00f3 l\u00e1mpa Tao Braves Hunter 200cc automata quadba<\/p>\n<p>Ha m\u00e1s quad h\u00e1ts\u00f3 l\u00e1mp\u00e1t szeretn\u00e9l, akkor Kattints ide az \u00f6sszes <a href=\"https:\/\/quadalkatreszek.com\/en\/product-category\/quad-esdirt-bike-elktronika\/lampa\/\">quad l\u00e1mpa<\/a> megjelen\u00edt\u00e9s\u00e9hez vagy haszn\u00e1ld a fenti keres\u0151mez\u0151t<\/p>\n<p>N\u00e1lunk a rendelt term\u00e9keket nagyon kedvez\u0151 \u00e1ron 24-48 \u00f3r\u00e1n bel\u00fcl eljuttatjuk a c\u00edmedre, de telephellyel is rendelkez\u00fcnk \u00edgy<br \/>\nszem\u00e9lyesen is megv\u00e1s\u00e1rolhat\u00f3k term\u00e9keink, a budapesti rakt\u00e1runkba.<\/p>\n<p>Ha v\u00e9letlen\u00fcl rossz m\u00e9ret\u0171 alkatr\u00e9szt rendelsz, n\u00e1lunk 30 napig visszak\u00fcldheted \u00e9s visszaadjuk az \u00e1r\u00e1t, vagy lev\u00e1s\u00e1rolhatod.<\/p>\n<p>&#8211; &#8211; &#8211;<br \/>\n<!--kkod_start--><\/p>\n<div class=\"kkod-visible\">kkod:98<\/div>\n<p><!--kkod_end--><\/p>","protected":false},"excerpt":{"rendered":"<p>Tao Braves Hunter automata quad 200 h\u00e1ts\u00f3 l\u00e1mpa<\/p>","protected":false},"featured_media":28144,"comment_status":"open","ping_status":"closed","template":"","meta":[],"product_brand":[],"product_cat":[55],"product_tag":[],"class_list":{"0":"post-30597","1":"product","2":"type-product","3":"status-publish","4":"has-post-thumbnail","6":"product_cat-lampa","8":"first","9":"instock","10":"shipping-taxable","11":"purchasable","12":"product-type-simple"},"yoast_head":"<!-- This site is optimized with the Yoast SEO plugin v27.5 - https:\/\/yoast.com\/product\/yoast-seo-wordpress\/ -->\n<title>Quad h\u00e1ts\u00f3 l\u00e1mpa Tao Braves Hunter 200cc automata quadba - quadalkatreszek.com<\/title>\n<meta name=\"description\" content=\"Tao Braves Hunter 200ccquad h\u00e1ts\u00f3 l\u00e1mpa, Tao quad \u00e9s Dirt bike kiz\u00e1r\u00f3lagos import\u0151reit\u0151l, egyenesen a k\u00f6zponti rakt\u00e1rb\u00f3l. N\u00e1lunk v\u00e1rni azonnal sz\u00e1ll\u00edtunk\" \/>\n<meta name=\"robots\" content=\"index, follow, max-snippet:-1, max-image-preview:large, max-video-preview:-1\" \/>\n<link rel=\"canonical\" href=\"https:\/\/quadalkatreszek.com\/en\/product\/quad-hatso-lampa-tao-braves-hunter-200cc-automata-quadba\/\" \/>\n<meta property=\"og:locale\" content=\"en_US\" \/>\n<meta property=\"og:type\" content=\"article\" \/>\n<meta property=\"og:title\" content=\"Quad h\u00e1ts\u00f3 l\u00e1mpa Tao Braves Hunter 200cc automata quadba - quadalkatreszek.com\" \/>\n<meta property=\"og:description\" content=\"Tao Braves Hunter 200ccquad h\u00e1ts\u00f3 l\u00e1mpa, Tao quad \u00e9s Dirt bike kiz\u00e1r\u00f3lagos import\u0151reit\u0151l, egyenesen a k\u00f6zponti rakt\u00e1rb\u00f3l. N\u00e1lunk v\u00e1rni azonnal sz\u00e1ll\u00edtunk\" \/>\n<meta property=\"og:url\" content=\"https:\/\/quadalkatreszek.com\/en\/product\/quad-hatso-lampa-tao-braves-hunter-200cc-automata-quadba\/\" \/>\n<meta property=\"og:site_name\" content=\"quadalkatreszek.com\" \/>\n<meta property=\"article:modified_time\" content=\"2025-12-07T13:49:23+00:00\" \/>\n<meta property=\"og:image\" content=\"https:\/\/quadalkatreszek.com\/wp-content\/uploads\/2022\/06\/5384.jpg\" \/>\n\t<meta property=\"og:image:width\" content=\"500\" \/>\n\t<meta property=\"og:image:height\" content=\"375\" \/>\n\t<meta property=\"og:image:type\" content=\"image\/jpeg\" \/>\n<meta name=\"twitter:card\" content=\"summary_large_image\" \/>\n<meta name=\"twitter:label1\" content=\"Est. reading time\" \/>\n\t<meta name=\"twitter:data1\" content=\"1 minute\" \/>\n<script type=\"application\/ld+json\" class=\"yoast-schema-graph\">{\"@context\":\"https:\\\/\\\/schema.org\",\"@graph\":[{\"@type\":\"WebPage\",\"@id\":\"https:\\\/\\\/quadalkatreszek.com\\\/product\\\/quad-hatso-lampa-tao-braves-hunter-200cc-automata-quadba\\\/\",\"url\":\"https:\\\/\\\/quadalkatreszek.com\\\/product\\\/quad-hatso-lampa-tao-braves-hunter-200cc-automata-quadba\\\/\",\"name\":\"Quad h\u00e1ts\u00f3 l\u00e1mpa Tao Braves Hunter 200cc automata quadba - quadalkatreszek.com\",\"isPartOf\":{\"@id\":\"https:\\\/\\\/quadalkatreszek.com\\\/#website\"},\"primaryImageOfPage\":{\"@id\":\"https:\\\/\\\/quadalkatreszek.com\\\/product\\\/quad-hatso-lampa-tao-braves-hunter-200cc-automata-quadba\\\/#primaryimage\"},\"image\":{\"@id\":\"https:\\\/\\\/quadalkatreszek.com\\\/product\\\/quad-hatso-lampa-tao-braves-hunter-200cc-automata-quadba\\\/#primaryimage\"},\"thumbnailUrl\":\"https:\\\/\\\/quadalkatreszek.com\\\/wp-content\\\/uploads\\\/2022\\\/06\\\/5384.jpg\",\"datePublished\":\"2022-06-28T14:12:05+00:00\",\"dateModified\":\"2025-12-07T13:49:23+00:00\",\"description\":\"Tao Braves Hunter 200ccquad h\u00e1ts\u00f3 l\u00e1mpa, Tao quad \u00e9s Dirt bike kiz\u00e1r\u00f3lagos import\u0151reit\u0151l, egyenesen a k\u00f6zponti rakt\u00e1rb\u00f3l. N\u00e1lunk v\u00e1rni azonnal sz\u00e1ll\u00edtunk\",\"breadcrumb\":{\"@id\":\"https:\\\/\\\/quadalkatreszek.com\\\/product\\\/quad-hatso-lampa-tao-braves-hunter-200cc-automata-quadba\\\/#breadcrumb\"},\"inLanguage\":\"en-US\",\"potentialAction\":[{\"@type\":\"ReadAction\",\"target\":[\"https:\\\/\\\/quadalkatreszek.com\\\/product\\\/quad-hatso-lampa-tao-braves-hunter-200cc-automata-quadba\\\/\"]}]},{\"@type\":\"ImageObject\",\"inLanguage\":\"en-US\",\"@id\":\"https:\\\/\\\/quadalkatreszek.com\\\/product\\\/quad-hatso-lampa-tao-braves-hunter-200cc-automata-quadba\\\/#primaryimage\",\"url\":\"https:\\\/\\\/quadalkatreszek.com\\\/wp-content\\\/uploads\\\/2022\\\/06\\\/5384.jpg\",\"contentUrl\":\"https:\\\/\\\/quadalkatreszek.com\\\/wp-content\\\/uploads\\\/2022\\\/06\\\/5384.jpg\",\"width\":500,\"height\":375,\"caption\":\"Quad h\u00e1ts\u00f3 l\u00e1mpa Tao Braves Hunter\"},{\"@type\":\"BreadcrumbList\",\"@id\":\"https:\\\/\\\/quadalkatreszek.com\\\/product\\\/quad-hatso-lampa-tao-braves-hunter-200cc-automata-quadba\\\/#breadcrumb\",\"itemListElement\":[{\"@type\":\"ListItem\",\"position\":1,\"name\":\"Kezd\u0151lap\",\"item\":\"https:\\\/\\\/quadalkatreszek.com\\\/\"},{\"@type\":\"ListItem\",\"position\":2,\"name\":\"Shop\",\"item\":\"https:\\\/\\\/quadalkatreszek.com\\\/shop\\\/\"},{\"@type\":\"ListItem\",\"position\":3,\"name\":\"Quad h\u00e1ts\u00f3 l\u00e1mpa Tao Braves Hunter 200cc automata quadba\"}]},{\"@type\":\"WebSite\",\"@id\":\"https:\\\/\\\/quadalkatreszek.com\\\/#website\",\"url\":\"https:\\\/\\\/quadalkatreszek.com\\\/\",\"name\":\"quadalkatreszek.com\",\"description\":\"alkatr\u00e9szek - azonnal - rakt\u00e1rr\u00f3l\",\"publisher\":{\"@id\":\"https:\\\/\\\/quadalkatreszek.com\\\/#organization\"},\"potentialAction\":[{\"@type\":\"SearchAction\",\"target\":{\"@type\":\"EntryPoint\",\"urlTemplate\":\"https:\\\/\\\/quadalkatreszek.com\\\/?s={search_term_string}\"},\"query-input\":{\"@type\":\"PropertyValueSpecification\",\"valueRequired\":true,\"valueName\":\"search_term_string\"}}],\"inLanguage\":\"en-US\"},{\"@type\":\"Organization\",\"@id\":\"https:\\\/\\\/quadalkatreszek.com\\\/#organization\",\"name\":\"quadalkatreszek.com\",\"url\":\"https:\\\/\\\/quadalkatreszek.com\\\/\",\"logo\":{\"@type\":\"ImageObject\",\"inLanguage\":\"en-US\",\"@id\":\"https:\\\/\\\/quadalkatreszek.com\\\/#\\\/schema\\\/logo\\\/image\\\/\",\"url\":\"https:\\\/\\\/quadalkatreszek.com\\\/wp-content\\\/uploads\\\/2023\\\/01\\\/korlogo-2.png\",\"contentUrl\":\"https:\\\/\\\/quadalkatreszek.com\\\/wp-content\\\/uploads\\\/2023\\\/01\\\/korlogo-2.png\",\"width\":866,\"height\":866,\"caption\":\"quadalkatreszek.com\"},\"image\":{\"@id\":\"https:\\\/\\\/quadalkatreszek.com\\\/#\\\/schema\\\/logo\\\/image\\\/\"}}]}<\/script>\n<!-- \/ Yoast SEO plugin. -->","yoast_head_json":{"title":"Quad h\u00e1ts\u00f3 l\u00e1mpa Tao Braves Hunter 200cc automata quadba - quadalkatreszek.com","description":"Tao Braves Hunter 200ccquad h\u00e1ts\u00f3 l\u00e1mpa, Tao quad \u00e9s Dirt bike kiz\u00e1r\u00f3lagos import\u0151reit\u0151l, egyenesen a k\u00f6zponti rakt\u00e1rb\u00f3l. N\u00e1lunk v\u00e1rni azonnal sz\u00e1ll\u00edtunk","robots":{"index":"index","follow":"follow","max-snippet":"max-snippet:-1","max-image-preview":"max-image-preview:large","max-video-preview":"max-video-preview:-1"},"canonical":"https:\/\/quadalkatreszek.com\/en\/product\/quad-hatso-lampa-tao-braves-hunter-200cc-automata-quadba\/","og_locale":"en_US","og_type":"article","og_title":"Quad h\u00e1ts\u00f3 l\u00e1mpa Tao Braves Hunter 200cc automata quadba - quadalkatreszek.com","og_description":"Tao Braves Hunter 200ccquad h\u00e1ts\u00f3 l\u00e1mpa, Tao quad \u00e9s Dirt bike kiz\u00e1r\u00f3lagos import\u0151reit\u0151l, egyenesen a k\u00f6zponti rakt\u00e1rb\u00f3l. N\u00e1lunk v\u00e1rni azonnal sz\u00e1ll\u00edtunk","og_url":"https:\/\/quadalkatreszek.com\/en\/product\/quad-hatso-lampa-tao-braves-hunter-200cc-automata-quadba\/","og_site_name":"quadalkatreszek.com","article_modified_time":"2025-12-07T13:49:23+00:00","og_image":[{"width":500,"height":375,"url":"https:\/\/quadalkatreszek.com\/wp-content\/uploads\/2022\/06\/5384.jpg","type":"image\/jpeg"}],"twitter_card":"summary_large_image","twitter_misc":{"Est. reading time":"1 minute"},"schema":{"@context":"https:\/\/schema.org","@graph":[{"@type":"WebPage","@id":"https:\/\/quadalkatreszek.com\/product\/quad-hatso-lampa-tao-braves-hunter-200cc-automata-quadba\/","url":"https:\/\/quadalkatreszek.com\/product\/quad-hatso-lampa-tao-braves-hunter-200cc-automata-quadba\/","name":"Quad h\u00e1ts\u00f3 l\u00e1mpa Tao Braves Hunter 200cc automata quadba - quadalkatreszek.com","isPartOf":{"@id":"https:\/\/quadalkatreszek.com\/#website"},"primaryImageOfPage":{"@id":"https:\/\/quadalkatreszek.com\/product\/quad-hatso-lampa-tao-braves-hunter-200cc-automata-quadba\/#primaryimage"},"image":{"@id":"https:\/\/quadalkatreszek.com\/product\/quad-hatso-lampa-tao-braves-hunter-200cc-automata-quadba\/#primaryimage"},"thumbnailUrl":"https:\/\/quadalkatreszek.com\/wp-content\/uploads\/2022\/06\/5384.jpg","datePublished":"2022-06-28T14:12:05+00:00","dateModified":"2025-12-07T13:49:23+00:00","description":"Tao Braves Hunter 200ccquad h\u00e1ts\u00f3 l\u00e1mpa, Tao quad \u00e9s Dirt bike kiz\u00e1r\u00f3lagos import\u0151reit\u0151l, egyenesen a k\u00f6zponti rakt\u00e1rb\u00f3l. N\u00e1lunk v\u00e1rni azonnal sz\u00e1ll\u00edtunk","breadcrumb":{"@id":"https:\/\/quadalkatreszek.com\/product\/quad-hatso-lampa-tao-braves-hunter-200cc-automata-quadba\/#breadcrumb"},"inLanguage":"en-US","potentialAction":[{"@type":"ReadAction","target":["https:\/\/quadalkatreszek.com\/product\/quad-hatso-lampa-tao-braves-hunter-200cc-automata-quadba\/"]}]},{"@type":"ImageObject","inLanguage":"en-US","@id":"https:\/\/quadalkatreszek.com\/product\/quad-hatso-lampa-tao-braves-hunter-200cc-automata-quadba\/#primaryimage","url":"https:\/\/quadalkatreszek.com\/wp-content\/uploads\/2022\/06\/5384.jpg","contentUrl":"https:\/\/quadalkatreszek.com\/wp-content\/uploads\/2022\/06\/5384.jpg","width":500,"height":375,"caption":"Quad h\u00e1ts\u00f3 l\u00e1mpa Tao Braves Hunter"},{"@type":"BreadcrumbList","@id":"https:\/\/quadalkatreszek.com\/product\/quad-hatso-lampa-tao-braves-hunter-200cc-automata-quadba\/#breadcrumb","itemListElement":[{"@type":"ListItem","position":1,"name":"Kezd\u0151lap","item":"https:\/\/quadalkatreszek.com\/"},{"@type":"ListItem","position":2,"name":"Shop","item":"https:\/\/quadalkatreszek.com\/shop\/"},{"@type":"ListItem","position":3,"name":"Quad h\u00e1ts\u00f3 l\u00e1mpa Tao Braves Hunter 200cc automata quadba"}]},{"@type":"WebSite","@id":"https:\/\/quadalkatreszek.com\/#website","url":"https:\/\/quadalkatreszek.com\/","name":"quadalkatreszek.com","description":"alkatr\u00e9szek - azonnal - rakt\u00e1rr\u00f3l","publisher":{"@id":"https:\/\/quadalkatreszek.com\/#organization"},"potentialAction":[{"@type":"SearchAction","target":{"@type":"EntryPoint","urlTemplate":"https:\/\/quadalkatreszek.com\/?s={search_term_string}"},"query-input":{"@type":"PropertyValueSpecification","valueRequired":true,"valueName":"search_term_string"}}],"inLanguage":"en-US"},{"@type":"Organization","@id":"https:\/\/quadalkatreszek.com\/#organization","name":"quadalkatreszek.com","url":"https:\/\/quadalkatreszek.com\/","logo":{"@type":"ImageObject","inLanguage":"en-US","@id":"https:\/\/quadalkatreszek.com\/#\/schema\/logo\/image\/","url":"https:\/\/quadalkatreszek.com\/wp-content\/uploads\/2023\/01\/korlogo-2.png","contentUrl":"https:\/\/quadalkatreszek.com\/wp-content\/uploads\/2023\/01\/korlogo-2.png","width":866,"height":866,"caption":"quadalkatreszek.com"},"image":{"@id":"https:\/\/quadalkatreszek.com\/#\/schema\/logo\/image\/"}}]}},"_links":{"self":[{"href":"https:\/\/quadalkatreszek.com\/en\/wp-json\/wp\/v2\/product\/30597","targetHints":{"allow":["GET"]}}],"collection":[{"href":"https:\/\/quadalkatreszek.com\/en\/wp-json\/wp\/v2\/product"}],"about":[{"href":"https:\/\/quadalkatreszek.com\/en\/wp-json\/wp\/v2\/types\/product"}],"replies":[{"embeddable":true,"href":"https:\/\/quadalkatreszek.com\/en\/wp-json\/wp\/v2\/comments?post=30597"}],"wp:featuredmedia":[{"embeddable":true,"href":"https:\/\/quadalkatreszek.com\/en\/wp-json\/wp\/v2\/media\/28144"}],"wp:attachment":[{"href":"https:\/\/quadalkatreszek.com\/en\/wp-json\/wp\/v2\/media?parent=30597"}],"wp:term":[{"taxonomy":"product_brand","embeddable":true,"href":"https:\/\/quadalkatreszek.com\/en\/wp-json\/wp\/v2\/product_brand?post=30597"},{"taxonomy":"product_cat","embeddable":true,"href":"https:\/\/quadalkatreszek.com\/en\/wp-json\/wp\/v2\/product_cat?post=30597"},{"taxonomy":"product_tag","embeddable":true,"href":"https:\/\/quadalkatreszek.com\/en\/wp-json\/wp\/v2\/product_tag?post=30597"}],"curies":[{"name":"wp","href":"https:\/\/api.w.org\/{rel}","templated":true}]}}