{"id":30603,"date":"2022-06-28T15:12:09","date_gmt":"2022-06-28T14:12:09","guid":{"rendered":"https:\/\/quadalkatreszek.com\/product\/dugattyu-tulmeret\/"},"modified":"2025-06-15T14:31:06","modified_gmt":"2025-06-15T13:31:06","slug":"kinai-gyerek-quad-dugattyu-110-125ccm-kinai-quadokhoz-tulmeret","status":"publish","type":"product","link":"https:\/\/quadalkatreszek.com\/en\/product\/kinai-gyerek-quad-dugattyu-110-125ccm-kinai-quadokhoz-tulmeret\/","title":{"rendered":"K\u00ednai gyerek quad dugatty\u00fa 110-125ccm k\u00ednai quadokhoz (t\u00falm\u00e9ret)"},"content":{"rendered":"<p>K\u00ednai gyerek quad dugatty\u00fa 110-125ccm k\u00ednai quadokhoz, Kxd, barton highpr, apoll\u00f3, kazuma , wecxxtor, Yakimoto \u00e9s egy\u00e9b m\u00e1rk\u00e1kba is beszerelhet\u0151.<\/p>\n<p>0,25mm els\u0151 t\u00falm\u00e9ret 110ccm. \u00c1tm\u00e9r\u0151: 52.6mm. Csapszeg: 13mm.<\/p>\n<p>Ha m\u00e1s m\u00e9ret\u0171 dugatty\u00fat szeretn\u00e9l, akkor Kattints ide az \u00f6sszes \u00a0 <a href=\"https:\/\/quadalkatreszek.com\/en\/product-category\/motor-valto\/dugattyu-szett\/\">dugatty\u00fa<\/a> megjelen\u00edt\u00e9s\u00e9hez vagy haszn\u00e1ld a fenti keres\u0151mez\u0151t<\/p>\n<p>N\u00e1lunk a rendelt term\u00e9keket nagyon kedvez\u0151 \u00e1ron 24-48 \u00f3r\u00e1n bel\u00fcl eljuttatjuk a c\u00edmedre, de telephellyel is rendelkez\u00fcnk \u00edgy<br \/>\nszem\u00e9lyesen is megv\u00e1s\u00e1rolhat\u00f3k term\u00e9keink, a budapesti rakt\u00e1runkba.<\/p>\n<p>Ha v\u00e9letlen\u00fcl rossz m\u00e9ret\u0171 alkatr\u00e9szt rendelsz, n\u00e1lunk 30 napig visszak\u00fcldheted \u00e9s visszaadjuk az \u00e1r\u00e1t, vagy lev\u00e1s\u00e1rolhatod.<\/p>\n<p>&#8211; &#8211; &#8211;<br \/>\n<!--kkod_start--><\/p>\n<div class=\"kkod-visible\">kkod:120<\/div>\n<p><!--kkod_end--><\/p>","protected":false},"excerpt":{"rendered":"<p>K\u00ednai gyerek quad dugatty\u00fa 110-125ccm k\u00ednai quadokhoz, Kxd, barton highpr, apoll\u00f3, kazuma , wecxxtor, Yakimoto \u00e9s egy\u00e9b m\u00e1rk\u00e1kba is beszerelhet\u0151.<\/p>\n<p>+0,25mm els\u0151 t\u00falm\u00e9ret 110-125ccm. \u00c1tm\u00e9r\u0151: 52.6mm. Csapszeg: 13mm.<\/p>","protected":false},"featured_media":27876,"comment_status":"open","ping_status":"closed","template":"","meta":[],"product_brand":[],"product_cat":[80],"product_tag":[],"class_list":{"0":"post-30603","1":"product","2":"type-product","3":"status-publish","4":"has-post-thumbnail","6":"product_cat-dugattyu-szett","8":"first","9":"instock","10":"shipping-taxable","11":"purchasable","12":"product-type-simple"},"yoast_head":"<!-- This site is optimized with the Yoast SEO plugin v27.5 - https:\/\/yoast.com\/product\/yoast-seo-wordpress\/ -->\n<title>K\u00ednai gyerek quad dugatty\u00fa 110-125ccm k\u00ednai quadokhoz<\/title>\n<meta name=\"description\" content=\"K\u00ednai gyerek quad dugatty\u00fa szettek 110-125cc k\u00ednai quadokhoz, Kxd kazuma, wexxtor, yakimoto \u00e9s egy\u00e9b m\u00e1rk\u00e1khoz is. Ezen k\u00edv\u00fcl t\u00f6bb ezer quadalkatr\u00e9sz egy helyen\" \/>\n<meta name=\"robots\" content=\"index, follow, max-snippet:-1, max-image-preview:large, max-video-preview:-1\" \/>\n<link rel=\"canonical\" href=\"https:\/\/quadalkatreszek.com\/en\/product\/kinai-gyerek-quad-dugattyu-110-125ccm-kinai-quadokhoz-tulmeret\/\" \/>\n<meta property=\"og:locale\" content=\"en_US\" \/>\n<meta property=\"og:type\" content=\"article\" \/>\n<meta property=\"og:title\" content=\"K\u00ednai gyerek quad dugatty\u00fa 110-125ccm k\u00ednai quadokhoz\" \/>\n<meta property=\"og:description\" content=\"K\u00ednai gyerek quad dugatty\u00fa szettek 110-125cc k\u00ednai quadokhoz, Kxd kazuma, wexxtor, yakimoto \u00e9s egy\u00e9b m\u00e1rk\u00e1khoz is. Ezen k\u00edv\u00fcl t\u00f6bb ezer quadalkatr\u00e9sz egy helyen\" \/>\n<meta property=\"og:url\" content=\"https:\/\/quadalkatreszek.com\/en\/product\/kinai-gyerek-quad-dugattyu-110-125ccm-kinai-quadokhoz-tulmeret\/\" \/>\n<meta property=\"og:site_name\" content=\"quadalkatreszek.com\" \/>\n<meta property=\"article:modified_time\" content=\"2025-06-15T13:31:06+00:00\" \/>\n<meta property=\"og:image\" content=\"https:\/\/quadalkatreszek.com\/wp-content\/uploads\/2022\/06\/162-dugvvu-szett.jpg\" \/>\n\t<meta property=\"og:image:width\" content=\"400\" \/>\n\t<meta property=\"og:image:height\" content=\"300\" \/>\n\t<meta property=\"og:image:type\" content=\"image\/jpeg\" \/>\n<meta name=\"twitter:card\" content=\"summary_large_image\" \/>\n<meta name=\"twitter:label1\" content=\"Est. reading time\" \/>\n\t<meta name=\"twitter:data1\" content=\"1 minute\" \/>\n<script type=\"application\/ld+json\" class=\"yoast-schema-graph\">{\"@context\":\"https:\\\/\\\/schema.org\",\"@graph\":[{\"@type\":\"WebPage\",\"@id\":\"https:\\\/\\\/quadalkatreszek.com\\\/product\\\/kinai-gyerek-quad-dugattyu-110-125ccm-kinai-quadokhoz-tulmeret\\\/\",\"url\":\"https:\\\/\\\/quadalkatreszek.com\\\/product\\\/kinai-gyerek-quad-dugattyu-110-125ccm-kinai-quadokhoz-tulmeret\\\/\",\"name\":\"K\u00ednai gyerek quad dugatty\u00fa 110-125ccm k\u00ednai quadokhoz\",\"isPartOf\":{\"@id\":\"https:\\\/\\\/quadalkatreszek.com\\\/#website\"},\"primaryImageOfPage\":{\"@id\":\"https:\\\/\\\/quadalkatreszek.com\\\/product\\\/kinai-gyerek-quad-dugattyu-110-125ccm-kinai-quadokhoz-tulmeret\\\/#primaryimage\"},\"image\":{\"@id\":\"https:\\\/\\\/quadalkatreszek.com\\\/product\\\/kinai-gyerek-quad-dugattyu-110-125ccm-kinai-quadokhoz-tulmeret\\\/#primaryimage\"},\"thumbnailUrl\":\"https:\\\/\\\/quadalkatreszek.com\\\/wp-content\\\/uploads\\\/2022\\\/06\\\/162-dugvvu-szett.jpg\",\"datePublished\":\"2022-06-28T14:12:09+00:00\",\"dateModified\":\"2025-06-15T13:31:06+00:00\",\"description\":\"K\u00ednai gyerek quad dugatty\u00fa szettek 110-125cc k\u00ednai quadokhoz, Kxd kazuma, wexxtor, yakimoto \u00e9s egy\u00e9b m\u00e1rk\u00e1khoz is. Ezen k\u00edv\u00fcl t\u00f6bb ezer quadalkatr\u00e9sz egy helyen\",\"breadcrumb\":{\"@id\":\"https:\\\/\\\/quadalkatreszek.com\\\/product\\\/kinai-gyerek-quad-dugattyu-110-125ccm-kinai-quadokhoz-tulmeret\\\/#breadcrumb\"},\"inLanguage\":\"en-US\",\"potentialAction\":[{\"@type\":\"ReadAction\",\"target\":[\"https:\\\/\\\/quadalkatreszek.com\\\/product\\\/kinai-gyerek-quad-dugattyu-110-125ccm-kinai-quadokhoz-tulmeret\\\/\"]}]},{\"@type\":\"ImageObject\",\"inLanguage\":\"en-US\",\"@id\":\"https:\\\/\\\/quadalkatreszek.com\\\/product\\\/kinai-gyerek-quad-dugattyu-110-125ccm-kinai-quadokhoz-tulmeret\\\/#primaryimage\",\"url\":\"https:\\\/\\\/quadalkatreszek.com\\\/wp-content\\\/uploads\\\/2022\\\/06\\\/162-dugvvu-szett.jpg\",\"contentUrl\":\"https:\\\/\\\/quadalkatreszek.com\\\/wp-content\\\/uploads\\\/2022\\\/06\\\/162-dugvvu-szett.jpg\",\"width\":400,\"height\":300,\"caption\":\"K\u00ednai gyerek quad dugatty\u00fa 110-125ccm\"},{\"@type\":\"BreadcrumbList\",\"@id\":\"https:\\\/\\\/quadalkatreszek.com\\\/product\\\/kinai-gyerek-quad-dugattyu-110-125ccm-kinai-quadokhoz-tulmeret\\\/#breadcrumb\",\"itemListElement\":[{\"@type\":\"ListItem\",\"position\":1,\"name\":\"Kezd\u0151lap\",\"item\":\"https:\\\/\\\/quadalkatreszek.com\\\/\"},{\"@type\":\"ListItem\",\"position\":2,\"name\":\"Shop\",\"item\":\"https:\\\/\\\/quadalkatreszek.com\\\/shop\\\/\"},{\"@type\":\"ListItem\",\"position\":3,\"name\":\"K\u00ednai gyerek quad dugatty\u00fa 110-125ccm k\u00ednai quadokhoz (t\u00falm\u00e9ret)\"}]},{\"@type\":\"WebSite\",\"@id\":\"https:\\\/\\\/quadalkatreszek.com\\\/#website\",\"url\":\"https:\\\/\\\/quadalkatreszek.com\\\/\",\"name\":\"quadalkatreszek.com\",\"description\":\"alkatr\u00e9szek - azonnal - rakt\u00e1rr\u00f3l\",\"publisher\":{\"@id\":\"https:\\\/\\\/quadalkatreszek.com\\\/#organization\"},\"potentialAction\":[{\"@type\":\"SearchAction\",\"target\":{\"@type\":\"EntryPoint\",\"urlTemplate\":\"https:\\\/\\\/quadalkatreszek.com\\\/?s={search_term_string}\"},\"query-input\":{\"@type\":\"PropertyValueSpecification\",\"valueRequired\":true,\"valueName\":\"search_term_string\"}}],\"inLanguage\":\"en-US\"},{\"@type\":\"Organization\",\"@id\":\"https:\\\/\\\/quadalkatreszek.com\\\/#organization\",\"name\":\"quadalkatreszek.com\",\"url\":\"https:\\\/\\\/quadalkatreszek.com\\\/\",\"logo\":{\"@type\":\"ImageObject\",\"inLanguage\":\"en-US\",\"@id\":\"https:\\\/\\\/quadalkatreszek.com\\\/#\\\/schema\\\/logo\\\/image\\\/\",\"url\":\"https:\\\/\\\/quadalkatreszek.com\\\/wp-content\\\/uploads\\\/2023\\\/01\\\/korlogo-2.png\",\"contentUrl\":\"https:\\\/\\\/quadalkatreszek.com\\\/wp-content\\\/uploads\\\/2023\\\/01\\\/korlogo-2.png\",\"width\":866,\"height\":866,\"caption\":\"quadalkatreszek.com\"},\"image\":{\"@id\":\"https:\\\/\\\/quadalkatreszek.com\\\/#\\\/schema\\\/logo\\\/image\\\/\"}}]}<\/script>\n<!-- \/ Yoast SEO plugin. -->","yoast_head_json":{"title":"K\u00ednai gyerek quad dugatty\u00fa 110-125ccm k\u00ednai quadokhoz","description":"K\u00ednai gyerek quad dugatty\u00fa szettek 110-125cc k\u00ednai quadokhoz, Kxd kazuma, wexxtor, yakimoto \u00e9s egy\u00e9b m\u00e1rk\u00e1khoz is. Ezen k\u00edv\u00fcl t\u00f6bb ezer quadalkatr\u00e9sz egy helyen","robots":{"index":"index","follow":"follow","max-snippet":"max-snippet:-1","max-image-preview":"max-image-preview:large","max-video-preview":"max-video-preview:-1"},"canonical":"https:\/\/quadalkatreszek.com\/en\/product\/kinai-gyerek-quad-dugattyu-110-125ccm-kinai-quadokhoz-tulmeret\/","og_locale":"en_US","og_type":"article","og_title":"K\u00ednai gyerek quad dugatty\u00fa 110-125ccm k\u00ednai quadokhoz","og_description":"K\u00ednai gyerek quad dugatty\u00fa szettek 110-125cc k\u00ednai quadokhoz, Kxd kazuma, wexxtor, yakimoto \u00e9s egy\u00e9b m\u00e1rk\u00e1khoz is. Ezen k\u00edv\u00fcl t\u00f6bb ezer quadalkatr\u00e9sz egy helyen","og_url":"https:\/\/quadalkatreszek.com\/en\/product\/kinai-gyerek-quad-dugattyu-110-125ccm-kinai-quadokhoz-tulmeret\/","og_site_name":"quadalkatreszek.com","article_modified_time":"2025-06-15T13:31:06+00:00","og_image":[{"width":400,"height":300,"url":"https:\/\/quadalkatreszek.com\/wp-content\/uploads\/2022\/06\/162-dugvvu-szett.jpg","type":"image\/jpeg"}],"twitter_card":"summary_large_image","twitter_misc":{"Est. reading time":"1 minute"},"schema":{"@context":"https:\/\/schema.org","@graph":[{"@type":"WebPage","@id":"https:\/\/quadalkatreszek.com\/product\/kinai-gyerek-quad-dugattyu-110-125ccm-kinai-quadokhoz-tulmeret\/","url":"https:\/\/quadalkatreszek.com\/product\/kinai-gyerek-quad-dugattyu-110-125ccm-kinai-quadokhoz-tulmeret\/","name":"K\u00ednai gyerek quad dugatty\u00fa 110-125ccm k\u00ednai quadokhoz","isPartOf":{"@id":"https:\/\/quadalkatreszek.com\/#website"},"primaryImageOfPage":{"@id":"https:\/\/quadalkatreszek.com\/product\/kinai-gyerek-quad-dugattyu-110-125ccm-kinai-quadokhoz-tulmeret\/#primaryimage"},"image":{"@id":"https:\/\/quadalkatreszek.com\/product\/kinai-gyerek-quad-dugattyu-110-125ccm-kinai-quadokhoz-tulmeret\/#primaryimage"},"thumbnailUrl":"https:\/\/quadalkatreszek.com\/wp-content\/uploads\/2022\/06\/162-dugvvu-szett.jpg","datePublished":"2022-06-28T14:12:09+00:00","dateModified":"2025-06-15T13:31:06+00:00","description":"K\u00ednai gyerek quad dugatty\u00fa szettek 110-125cc k\u00ednai quadokhoz, Kxd kazuma, wexxtor, yakimoto \u00e9s egy\u00e9b m\u00e1rk\u00e1khoz is. Ezen k\u00edv\u00fcl t\u00f6bb ezer quadalkatr\u00e9sz egy helyen","breadcrumb":{"@id":"https:\/\/quadalkatreszek.com\/product\/kinai-gyerek-quad-dugattyu-110-125ccm-kinai-quadokhoz-tulmeret\/#breadcrumb"},"inLanguage":"en-US","potentialAction":[{"@type":"ReadAction","target":["https:\/\/quadalkatreszek.com\/product\/kinai-gyerek-quad-dugattyu-110-125ccm-kinai-quadokhoz-tulmeret\/"]}]},{"@type":"ImageObject","inLanguage":"en-US","@id":"https:\/\/quadalkatreszek.com\/product\/kinai-gyerek-quad-dugattyu-110-125ccm-kinai-quadokhoz-tulmeret\/#primaryimage","url":"https:\/\/quadalkatreszek.com\/wp-content\/uploads\/2022\/06\/162-dugvvu-szett.jpg","contentUrl":"https:\/\/quadalkatreszek.com\/wp-content\/uploads\/2022\/06\/162-dugvvu-szett.jpg","width":400,"height":300,"caption":"K\u00ednai gyerek quad dugatty\u00fa 110-125ccm"},{"@type":"BreadcrumbList","@id":"https:\/\/quadalkatreszek.com\/product\/kinai-gyerek-quad-dugattyu-110-125ccm-kinai-quadokhoz-tulmeret\/#breadcrumb","itemListElement":[{"@type":"ListItem","position":1,"name":"Kezd\u0151lap","item":"https:\/\/quadalkatreszek.com\/"},{"@type":"ListItem","position":2,"name":"Shop","item":"https:\/\/quadalkatreszek.com\/shop\/"},{"@type":"ListItem","position":3,"name":"K\u00ednai gyerek quad dugatty\u00fa 110-125ccm k\u00ednai quadokhoz (t\u00falm\u00e9ret)"}]},{"@type":"WebSite","@id":"https:\/\/quadalkatreszek.com\/#website","url":"https:\/\/quadalkatreszek.com\/","name":"quadalkatreszek.com","description":"alkatr\u00e9szek - azonnal - rakt\u00e1rr\u00f3l","publisher":{"@id":"https:\/\/quadalkatreszek.com\/#organization"},"potentialAction":[{"@type":"SearchAction","target":{"@type":"EntryPoint","urlTemplate":"https:\/\/quadalkatreszek.com\/?s={search_term_string}"},"query-input":{"@type":"PropertyValueSpecification","valueRequired":true,"valueName":"search_term_string"}}],"inLanguage":"en-US"},{"@type":"Organization","@id":"https:\/\/quadalkatreszek.com\/#organization","name":"quadalkatreszek.com","url":"https:\/\/quadalkatreszek.com\/","logo":{"@type":"ImageObject","inLanguage":"en-US","@id":"https:\/\/quadalkatreszek.com\/#\/schema\/logo\/image\/","url":"https:\/\/quadalkatreszek.com\/wp-content\/uploads\/2023\/01\/korlogo-2.png","contentUrl":"https:\/\/quadalkatreszek.com\/wp-content\/uploads\/2023\/01\/korlogo-2.png","width":866,"height":866,"caption":"quadalkatreszek.com"},"image":{"@id":"https:\/\/quadalkatreszek.com\/#\/schema\/logo\/image\/"}}]}},"_links":{"self":[{"href":"https:\/\/quadalkatreszek.com\/en\/wp-json\/wp\/v2\/product\/30603","targetHints":{"allow":["GET"]}}],"collection":[{"href":"https:\/\/quadalkatreszek.com\/en\/wp-json\/wp\/v2\/product"}],"about":[{"href":"https:\/\/quadalkatreszek.com\/en\/wp-json\/wp\/v2\/types\/product"}],"replies":[{"embeddable":true,"href":"https:\/\/quadalkatreszek.com\/en\/wp-json\/wp\/v2\/comments?post=30603"}],"wp:featuredmedia":[{"embeddable":true,"href":"https:\/\/quadalkatreszek.com\/en\/wp-json\/wp\/v2\/media\/27876"}],"wp:attachment":[{"href":"https:\/\/quadalkatreszek.com\/en\/wp-json\/wp\/v2\/media?parent=30603"}],"wp:term":[{"taxonomy":"product_brand","embeddable":true,"href":"https:\/\/quadalkatreszek.com\/en\/wp-json\/wp\/v2\/product_brand?post=30603"},{"taxonomy":"product_cat","embeddable":true,"href":"https:\/\/quadalkatreszek.com\/en\/wp-json\/wp\/v2\/product_cat?post=30603"},{"taxonomy":"product_tag","embeddable":true,"href":"https:\/\/quadalkatreszek.com\/en\/wp-json\/wp\/v2\/product_tag?post=30603"}],"curies":[{"name":"wp","href":"https:\/\/api.w.org\/{rel}","templated":true}]}}