{"id":30604,"date":"2022-06-28T15:12:09","date_gmt":"2022-06-28T14:12:09","guid":{"rendered":"https:\/\/quadalkatreszek.com\/product\/sarokvedo-3\/"},"modified":"2024-12-12T13:18:51","modified_gmt":"2024-12-12T12:18:51","slug":"kxd-004-es-008-as-gyerek-quad-sarokvedo-labtarto","status":"publish","type":"product","link":"https:\/\/quadalkatreszek.com\/en\/product\/kxd-004-es-008-as-gyerek-quad-sarokvedo-labtarto\/","title":{"rendered":"Kxd 004 \u00e9s 008-as gyerek quad sarokv\u00e9d\u0151 l\u00e1btart\u00f3"},"content":{"rendered":"<p>Kxd 004 \u00e9s 008-as gyerek quad sarokv\u00e9d\u0151 l\u00e1btart\u00f3<\/p>\n<p>Gy\u00e1ri k\u00ednai quad alkatr\u00e9sz\u00a0 Bal oldali gyerek quad sarokv\u00e9d\u0151<\/p>\n<p>&#8211; &#8211; &#8211;<br \/>\n<!--kkod_start--><\/p>\n<div class=\"kkod-visible\">kkod:106<\/div>\n<p><!--kkod_end--><\/p>","protected":false},"excerpt":{"rendered":"<p>Bal oldali sarokv\u00e9d\u0151<br \/>\nKXD 004, 008 quadokhoz<\/p>","protected":false},"featured_media":27940,"comment_status":"open","ping_status":"closed","template":"","meta":[],"product_brand":[],"product_cat":[58],"product_tag":[168],"class_list":{"0":"post-30604","1":"product","2":"type-product","3":"status-publish","4":"has-post-thumbnail","6":"product_cat-sport-quad-egyeb-burkolatok","7":"product_tag-kxd-004-es-008-as-gyerek-quad-sarokvedo","9":"first","10":"instock","11":"shipping-taxable","12":"purchasable","13":"product-type-simple"},"yoast_head":"<!-- This site is optimized with the Yoast SEO plugin v27.4 - https:\/\/yoast.com\/product\/yoast-seo-wordpress\/ -->\n<title>Kxd 004 \u00e9s 008-as gyerek quad sarokv\u00e9d\u0151 l\u00e1btart\u00f3 -<\/title>\n<meta name=\"description\" content=\"Kxd 004 \u00e9s 008-as gyerek quad sarokv\u00e9d\u0151 l\u00e1btart\u00f3 Gy\u00e1ri k\u00ednai quad alkatr\u00e9sz Bal oldali gyerek quad sarokv\u00e9d\u0151\" \/>\n<meta name=\"robots\" content=\"index, follow, max-snippet:-1, max-image-preview:large, max-video-preview:-1\" \/>\n<link rel=\"canonical\" href=\"https:\/\/quadalkatreszek.com\/en\/product\/kxd-004-es-008-as-gyerek-quad-sarokvedo-labtarto\/\" \/>\n<meta property=\"og:locale\" content=\"en_US\" \/>\n<meta property=\"og:type\" content=\"article\" \/>\n<meta property=\"og:title\" content=\"Kxd 004 \u00e9s 008-as gyerek quad sarokv\u00e9d\u0151 l\u00e1btart\u00f3 -\" \/>\n<meta property=\"og:description\" content=\"Kxd 004 \u00e9s 008-as gyerek quad sarokv\u00e9d\u0151 l\u00e1btart\u00f3 Gy\u00e1ri k\u00ednai quad alkatr\u00e9sz Bal oldali gyerek quad sarokv\u00e9d\u0151\" \/>\n<meta property=\"og:url\" content=\"https:\/\/quadalkatreszek.com\/en\/product\/kxd-004-es-008-as-gyerek-quad-sarokvedo-labtarto\/\" \/>\n<meta property=\"og:site_name\" content=\"quadalkatreszek.com\" \/>\n<meta property=\"article:modified_time\" content=\"2024-12-12T12:18:51+00:00\" \/>\n<meta property=\"og:image\" content=\"https:\/\/quadalkatreszek.com\/wp-content\/uploads\/2022\/06\/bal.jpg\" \/>\n\t<meta property=\"og:image:width\" content=\"500\" \/>\n\t<meta property=\"og:image:height\" content=\"375\" \/>\n\t<meta property=\"og:image:type\" content=\"image\/jpeg\" \/>\n<meta name=\"twitter:card\" content=\"summary_large_image\" \/>\n<script type=\"application\/ld+json\" class=\"yoast-schema-graph\">{\"@context\":\"https:\\\/\\\/schema.org\",\"@graph\":[{\"@type\":\"WebPage\",\"@id\":\"https:\\\/\\\/quadalkatreszek.com\\\/product\\\/kxd-004-es-008-as-gyerek-quad-sarokvedo-labtarto\\\/\",\"url\":\"https:\\\/\\\/quadalkatreszek.com\\\/product\\\/kxd-004-es-008-as-gyerek-quad-sarokvedo-labtarto\\\/\",\"name\":\"Kxd 004 \u00e9s 008-as gyerek quad sarokv\u00e9d\u0151 l\u00e1btart\u00f3 -\",\"isPartOf\":{\"@id\":\"https:\\\/\\\/quadalkatreszek.com\\\/#website\"},\"primaryImageOfPage\":{\"@id\":\"https:\\\/\\\/quadalkatreszek.com\\\/product\\\/kxd-004-es-008-as-gyerek-quad-sarokvedo-labtarto\\\/#primaryimage\"},\"image\":{\"@id\":\"https:\\\/\\\/quadalkatreszek.com\\\/product\\\/kxd-004-es-008-as-gyerek-quad-sarokvedo-labtarto\\\/#primaryimage\"},\"thumbnailUrl\":\"https:\\\/\\\/quadalkatreszek.com\\\/wp-content\\\/uploads\\\/2022\\\/06\\\/bal.jpg\",\"datePublished\":\"2022-06-28T14:12:09+00:00\",\"dateModified\":\"2024-12-12T12:18:51+00:00\",\"description\":\"Kxd 004 \u00e9s 008-as gyerek quad sarokv\u00e9d\u0151 l\u00e1btart\u00f3 Gy\u00e1ri k\u00ednai quad alkatr\u00e9sz Bal oldali gyerek quad sarokv\u00e9d\u0151\",\"breadcrumb\":{\"@id\":\"https:\\\/\\\/quadalkatreszek.com\\\/product\\\/kxd-004-es-008-as-gyerek-quad-sarokvedo-labtarto\\\/#breadcrumb\"},\"inLanguage\":\"en-US\",\"potentialAction\":[{\"@type\":\"ReadAction\",\"target\":[\"https:\\\/\\\/quadalkatreszek.com\\\/product\\\/kxd-004-es-008-as-gyerek-quad-sarokvedo-labtarto\\\/\"]}]},{\"@type\":\"ImageObject\",\"inLanguage\":\"en-US\",\"@id\":\"https:\\\/\\\/quadalkatreszek.com\\\/product\\\/kxd-004-es-008-as-gyerek-quad-sarokvedo-labtarto\\\/#primaryimage\",\"url\":\"https:\\\/\\\/quadalkatreszek.com\\\/wp-content\\\/uploads\\\/2022\\\/06\\\/bal.jpg\",\"contentUrl\":\"https:\\\/\\\/quadalkatreszek.com\\\/wp-content\\\/uploads\\\/2022\\\/06\\\/bal.jpg\",\"width\":500,\"height\":375,\"caption\":\"Kxd 004 \u00e9s 008-as gyerek quad sarokv\u00e9d\u0151 l\u00e1btart\u00f3\"},{\"@type\":\"BreadcrumbList\",\"@id\":\"https:\\\/\\\/quadalkatreszek.com\\\/product\\\/kxd-004-es-008-as-gyerek-quad-sarokvedo-labtarto\\\/#breadcrumb\",\"itemListElement\":[{\"@type\":\"ListItem\",\"position\":1,\"name\":\"Kezd\u0151lap\",\"item\":\"https:\\\/\\\/quadalkatreszek.com\\\/\"},{\"@type\":\"ListItem\",\"position\":2,\"name\":\"Shop\",\"item\":\"https:\\\/\\\/quadalkatreszek.com\\\/shop\\\/\"},{\"@type\":\"ListItem\",\"position\":3,\"name\":\"Kxd 004 \u00e9s 008-as gyerek quad sarokv\u00e9d\u0151 l\u00e1btart\u00f3\"}]},{\"@type\":\"WebSite\",\"@id\":\"https:\\\/\\\/quadalkatreszek.com\\\/#website\",\"url\":\"https:\\\/\\\/quadalkatreszek.com\\\/\",\"name\":\"quadalkatreszek.com\",\"description\":\"alkatr\u00e9szek - azonnal - rakt\u00e1rr\u00f3l\",\"publisher\":{\"@id\":\"https:\\\/\\\/quadalkatreszek.com\\\/#organization\"},\"potentialAction\":[{\"@type\":\"SearchAction\",\"target\":{\"@type\":\"EntryPoint\",\"urlTemplate\":\"https:\\\/\\\/quadalkatreszek.com\\\/?s={search_term_string}\"},\"query-input\":{\"@type\":\"PropertyValueSpecification\",\"valueRequired\":true,\"valueName\":\"search_term_string\"}}],\"inLanguage\":\"en-US\"},{\"@type\":\"Organization\",\"@id\":\"https:\\\/\\\/quadalkatreszek.com\\\/#organization\",\"name\":\"quadalkatreszek.com\",\"url\":\"https:\\\/\\\/quadalkatreszek.com\\\/\",\"logo\":{\"@type\":\"ImageObject\",\"inLanguage\":\"en-US\",\"@id\":\"https:\\\/\\\/quadalkatreszek.com\\\/#\\\/schema\\\/logo\\\/image\\\/\",\"url\":\"https:\\\/\\\/quadalkatreszek.com\\\/wp-content\\\/uploads\\\/2023\\\/01\\\/korlogo-2.png\",\"contentUrl\":\"https:\\\/\\\/quadalkatreszek.com\\\/wp-content\\\/uploads\\\/2023\\\/01\\\/korlogo-2.png\",\"width\":866,\"height\":866,\"caption\":\"quadalkatreszek.com\"},\"image\":{\"@id\":\"https:\\\/\\\/quadalkatreszek.com\\\/#\\\/schema\\\/logo\\\/image\\\/\"}}]}<\/script>\n<!-- \/ Yoast SEO plugin. -->","yoast_head_json":{"title":"Kxd 004 \u00e9s 008-as gyerek quad sarokv\u00e9d\u0151 l\u00e1btart\u00f3 -","description":"Kxd 004 \u00e9s 008-as gyerek quad sarokv\u00e9d\u0151 l\u00e1btart\u00f3 Gy\u00e1ri k\u00ednai quad alkatr\u00e9sz Bal oldali gyerek quad sarokv\u00e9d\u0151","robots":{"index":"index","follow":"follow","max-snippet":"max-snippet:-1","max-image-preview":"max-image-preview:large","max-video-preview":"max-video-preview:-1"},"canonical":"https:\/\/quadalkatreszek.com\/en\/product\/kxd-004-es-008-as-gyerek-quad-sarokvedo-labtarto\/","og_locale":"en_US","og_type":"article","og_title":"Kxd 004 \u00e9s 008-as gyerek quad sarokv\u00e9d\u0151 l\u00e1btart\u00f3 -","og_description":"Kxd 004 \u00e9s 008-as gyerek quad sarokv\u00e9d\u0151 l\u00e1btart\u00f3 Gy\u00e1ri k\u00ednai quad alkatr\u00e9sz Bal oldali gyerek quad sarokv\u00e9d\u0151","og_url":"https:\/\/quadalkatreszek.com\/en\/product\/kxd-004-es-008-as-gyerek-quad-sarokvedo-labtarto\/","og_site_name":"quadalkatreszek.com","article_modified_time":"2024-12-12T12:18:51+00:00","og_image":[{"width":500,"height":375,"url":"https:\/\/quadalkatreszek.com\/wp-content\/uploads\/2022\/06\/bal.jpg","type":"image\/jpeg"}],"twitter_card":"summary_large_image","schema":{"@context":"https:\/\/schema.org","@graph":[{"@type":"WebPage","@id":"https:\/\/quadalkatreszek.com\/product\/kxd-004-es-008-as-gyerek-quad-sarokvedo-labtarto\/","url":"https:\/\/quadalkatreszek.com\/product\/kxd-004-es-008-as-gyerek-quad-sarokvedo-labtarto\/","name":"Kxd 004 \u00e9s 008-as gyerek quad sarokv\u00e9d\u0151 l\u00e1btart\u00f3 -","isPartOf":{"@id":"https:\/\/quadalkatreszek.com\/#website"},"primaryImageOfPage":{"@id":"https:\/\/quadalkatreszek.com\/product\/kxd-004-es-008-as-gyerek-quad-sarokvedo-labtarto\/#primaryimage"},"image":{"@id":"https:\/\/quadalkatreszek.com\/product\/kxd-004-es-008-as-gyerek-quad-sarokvedo-labtarto\/#primaryimage"},"thumbnailUrl":"https:\/\/quadalkatreszek.com\/wp-content\/uploads\/2022\/06\/bal.jpg","datePublished":"2022-06-28T14:12:09+00:00","dateModified":"2024-12-12T12:18:51+00:00","description":"Kxd 004 \u00e9s 008-as gyerek quad sarokv\u00e9d\u0151 l\u00e1btart\u00f3 Gy\u00e1ri k\u00ednai quad alkatr\u00e9sz Bal oldali gyerek quad sarokv\u00e9d\u0151","breadcrumb":{"@id":"https:\/\/quadalkatreszek.com\/product\/kxd-004-es-008-as-gyerek-quad-sarokvedo-labtarto\/#breadcrumb"},"inLanguage":"en-US","potentialAction":[{"@type":"ReadAction","target":["https:\/\/quadalkatreszek.com\/product\/kxd-004-es-008-as-gyerek-quad-sarokvedo-labtarto\/"]}]},{"@type":"ImageObject","inLanguage":"en-US","@id":"https:\/\/quadalkatreszek.com\/product\/kxd-004-es-008-as-gyerek-quad-sarokvedo-labtarto\/#primaryimage","url":"https:\/\/quadalkatreszek.com\/wp-content\/uploads\/2022\/06\/bal.jpg","contentUrl":"https:\/\/quadalkatreszek.com\/wp-content\/uploads\/2022\/06\/bal.jpg","width":500,"height":375,"caption":"Kxd 004 \u00e9s 008-as gyerek quad sarokv\u00e9d\u0151 l\u00e1btart\u00f3"},{"@type":"BreadcrumbList","@id":"https:\/\/quadalkatreszek.com\/product\/kxd-004-es-008-as-gyerek-quad-sarokvedo-labtarto\/#breadcrumb","itemListElement":[{"@type":"ListItem","position":1,"name":"Kezd\u0151lap","item":"https:\/\/quadalkatreszek.com\/"},{"@type":"ListItem","position":2,"name":"Shop","item":"https:\/\/quadalkatreszek.com\/shop\/"},{"@type":"ListItem","position":3,"name":"Kxd 004 \u00e9s 008-as gyerek quad sarokv\u00e9d\u0151 l\u00e1btart\u00f3"}]},{"@type":"WebSite","@id":"https:\/\/quadalkatreszek.com\/#website","url":"https:\/\/quadalkatreszek.com\/","name":"quadalkatreszek.com","description":"alkatr\u00e9szek - azonnal - rakt\u00e1rr\u00f3l","publisher":{"@id":"https:\/\/quadalkatreszek.com\/#organization"},"potentialAction":[{"@type":"SearchAction","target":{"@type":"EntryPoint","urlTemplate":"https:\/\/quadalkatreszek.com\/?s={search_term_string}"},"query-input":{"@type":"PropertyValueSpecification","valueRequired":true,"valueName":"search_term_string"}}],"inLanguage":"en-US"},{"@type":"Organization","@id":"https:\/\/quadalkatreszek.com\/#organization","name":"quadalkatreszek.com","url":"https:\/\/quadalkatreszek.com\/","logo":{"@type":"ImageObject","inLanguage":"en-US","@id":"https:\/\/quadalkatreszek.com\/#\/schema\/logo\/image\/","url":"https:\/\/quadalkatreszek.com\/wp-content\/uploads\/2023\/01\/korlogo-2.png","contentUrl":"https:\/\/quadalkatreszek.com\/wp-content\/uploads\/2023\/01\/korlogo-2.png","width":866,"height":866,"caption":"quadalkatreszek.com"},"image":{"@id":"https:\/\/quadalkatreszek.com\/#\/schema\/logo\/image\/"}}]}},"_links":{"self":[{"href":"https:\/\/quadalkatreszek.com\/en\/wp-json\/wp\/v2\/product\/30604","targetHints":{"allow":["GET"]}}],"collection":[{"href":"https:\/\/quadalkatreszek.com\/en\/wp-json\/wp\/v2\/product"}],"about":[{"href":"https:\/\/quadalkatreszek.com\/en\/wp-json\/wp\/v2\/types\/product"}],"replies":[{"embeddable":true,"href":"https:\/\/quadalkatreszek.com\/en\/wp-json\/wp\/v2\/comments?post=30604"}],"wp:featuredmedia":[{"embeddable":true,"href":"https:\/\/quadalkatreszek.com\/en\/wp-json\/wp\/v2\/media\/27940"}],"wp:attachment":[{"href":"https:\/\/quadalkatreszek.com\/en\/wp-json\/wp\/v2\/media?parent=30604"}],"wp:term":[{"taxonomy":"product_brand","embeddable":true,"href":"https:\/\/quadalkatreszek.com\/en\/wp-json\/wp\/v2\/product_brand?post=30604"},{"taxonomy":"product_cat","embeddable":true,"href":"https:\/\/quadalkatreszek.com\/en\/wp-json\/wp\/v2\/product_cat?post=30604"},{"taxonomy":"product_tag","embeddable":true,"href":"https:\/\/quadalkatreszek.com\/en\/wp-json\/wp\/v2\/product_tag?post=30604"}],"curies":[{"name":"wp","href":"https:\/\/api.w.org\/{rel}","templated":true}]}}