{"id":31282,"date":"2022-10-14T09:45:44","date_gmt":"2022-10-14T08:45:44","guid":{"rendered":"https:\/\/quadalkatreszek.com\/?post_type=product&#038;p=31282#"},"modified":"2026-01-22T14:47:55","modified_gmt":"2026-01-22T13:47:55","slug":"kxd-m7-gyerek-quad-narancs-szinben","status":"publish","type":"product","link":"https:\/\/quadalkatreszek.com\/en\/product\/kxd-m7-gyerek-quad-narancs-szinben\/","title":{"rendered":"KXD M7 gyerek quad narancs sz\u00ednben"},"content":{"rendered":"<p>50\u00a0 k\u00f6bcentis automata KXD M7 pocket\u00a0 gyerek quad.<\/p>\n<p>Ez a term\u00e9k k\u00f6z\u00fati forgalomban nem vehet r\u00e9szt!!!<br \/>\nCsak el\u0151re menet van az M7 pocket\u00a0 gyerek quadban, melyet egy l\u00e1bv\u00e1lt\u00f3 seg\u00edts\u00e9g\u00e9vel, lehet kapcsolni.<br \/>\nA pocket quad vezet\u00e9s\u00e9t nagyon k\u00f6nnyen p\u00e1r perc alatt el lehet saj\u00e1t\u00edtani.<\/p>\n<p>Tov\u00e1bb\u00e1 a sebess\u00e9g\u00fck a g\u00e1zkar \u00e1ll\u00edt\u00e1s\u00e1val szab\u00e1lyozhat\u00f3, \u00edgy a gyermek kezdetben nem tud t\u00fal gyorsan menni a j\u00e1rm\u0171vel.<br \/>\n4-5 \u00e9ves kort\u00f3l aj\u00e1nljuk ezt a KXD M7 pocket\u00a0 gyerek quadot, max. terhelhet\u0151s\u00e9ge 35 kil\u00f3.<br \/>\nAz M7 pocket gyerek quadra term\u00e9szetesen garanci\u00e1t v\u00e1llalunk \u00e9s teljes alkatr\u00e9sz ut\u00e1np\u00f3tl\u00e1st biztos\u00edtunk.<br \/>\nTov\u00e1bb\u00e1 ingyenes telefonos szerviz seg\u00edts\u00e9get ny\u00fajtunk a n\u00e1lunk v\u00e1s\u00e1rolt quadok karbantart\u00e1s\u00e1hoz, szerel\u00e9s\u00e9hez.<br \/>\nKisz\u00e1ll\u00edt\u00e1st v\u00e1llalunk az orsz\u00e1g teljes ter\u00fclet\u00e9re.<\/p>\n<p><strong>A j\u00e1rm\u0171 k\u00f6z\u00fati forgalomban nem, vehet r\u00e9szt!<\/strong><\/p>\n<p>&nbsp;<\/p>\n<p>KXD M7 K\u00e9k, fekete \u00e9s narancs sz\u00ednekben<\/p>\n<p>Motor: 49cm3, 2 \u00fctem, 1 henger, l\u00e9gh\u0171t\u00e9s<\/p>\n<p>Hajt\u00e1s: L\u00e1nc<\/p>\n<p>V\u00e1lt\u00f3: Automata<\/p>\n<p>Ind\u00edt\u00e1s: K\u00e9zi ber\u00e1nt\u00f3s<\/p>\n<p>\u00dczemanyag: Benzin 1:25 kever\u00e9k<\/p>\n<p>\u00dczemanyag tank: 1.5 Liter<\/p>\n<p>Els\u0151 f\u00e9k: Mechanikus t\u00e1rcsaf\u00e9k<\/p>\n<p>H\u00e1ts\u00f3 f\u00e9k: Mechanikus t\u00e1rcsaf\u00e9k<\/p>\n<p>Max. Sebess\u00e9g: 30km\/\u00f3ra<\/p>\n<p>Max. Terhelhet\u0151s\u00e9g: 45kg<\/p>\n<p>T\u00f6meg: 37kg<\/p>\n<p>&nbsp;<\/p>\n<p>\u00dcl\u00e9smagass\u00e1g a l\u00e1btart\u00f3t\u00f3l: 350 mm<\/p>\n<p>M\u00e9retek (HxMxSZ): 1130*720*600 mm<\/p>\n<p>Tengelyt\u00e1v: 705 mm<\/p>\n<p>Ker\u00e9km\u00e9ret: 6 coll!<\/p>\n<p>&#8211; &#8211; &#8211;<br \/>\n<!--kkod_start--><\/p>\n<div class=\"kkod-visible\">kkod:93<\/div>\n<p><!--kkod_end--><\/p>","protected":false},"excerpt":{"rendered":"<p>KXD M7 50ccm k\u00e9t\u00fctem\u0171 gyerek quad, narancs sz\u00ednben.<\/p>\n<p>Ez a term\u00e9k k\u00f6z\u00fati forgalomban nem vehet r\u00e9szt!!!<\/p>","protected":false},"featured_media":31285,"comment_status":"open","ping_status":"closed","template":"","meta":[],"product_brand":[],"product_cat":[103],"product_tag":[],"class_list":{"0":"post-31282","1":"product","2":"type-product","3":"status-publish","4":"has-post-thumbnail","6":"product_cat-gyerek-quadok","7":"product_shipping_class-raklap-meret","9":"first","10":"outofstock","11":"shipping-taxable","12":"purchasable","13":"product-type-simple"},"yoast_head":"<!-- This site is optimized with the Yoast SEO plugin v27.4 - https:\/\/yoast.com\/product\/yoast-seo-wordpress\/ -->\n<title>KXD M7 gyerek quad narancs sz\u00ednben - quadalkatreszek.com<\/title>\n<meta name=\"description\" content=\"50 k\u00f6bcentis automata KXD M7 pocket gyerek quad. Csak el\u0151re menet van az M7 pocket gyerek quadban, melyet egy l\u00e1bv\u00e1lt\u00f3 seg\u00edts\u00e9g\u00e9vel, lehet kapcsolni.\" \/>\n<meta name=\"robots\" content=\"index, follow, max-snippet:-1, max-image-preview:large, max-video-preview:-1\" \/>\n<link rel=\"canonical\" href=\"https:\/\/quadalkatreszek.com\/en\/product\/kxd-m7-gyerek-quad-narancs-szinben\/\" \/>\n<meta property=\"og:locale\" content=\"en_US\" \/>\n<meta property=\"og:type\" content=\"article\" \/>\n<meta property=\"og:title\" content=\"KXD M7 gyerek quad narancs sz\u00ednben - quadalkatreszek.com\" \/>\n<meta property=\"og:description\" content=\"50 k\u00f6bcentis automata KXD M7 pocket gyerek quad. Csak el\u0151re menet van az M7 pocket gyerek quadban, melyet egy l\u00e1bv\u00e1lt\u00f3 seg\u00edts\u00e9g\u00e9vel, lehet kapcsolni.\" \/>\n<meta property=\"og:url\" content=\"https:\/\/quadalkatreszek.com\/en\/product\/kxd-m7-gyerek-quad-narancs-szinben\/\" \/>\n<meta property=\"og:site_name\" content=\"quadalkatreszek.com\" \/>\n<meta property=\"article:modified_time\" content=\"2026-01-22T13:47:55+00:00\" \/>\n<meta property=\"og:image\" content=\"https:\/\/quadalkatreszek.com\/wp-content\/uploads\/2022\/10\/IMG-25ac1ca0a5f68b56d54b1e8acbe619ec-V.jpg\" \/>\n\t<meta property=\"og:image:width\" content=\"1600\" \/>\n\t<meta property=\"og:image:height\" content=\"1200\" \/>\n\t<meta property=\"og:image:type\" content=\"image\/jpeg\" \/>\n<meta name=\"twitter:card\" content=\"summary_large_image\" \/>\n<meta name=\"twitter:label1\" content=\"Est. reading time\" \/>\n\t<meta name=\"twitter:data1\" content=\"1 minute\" \/>\n<script type=\"application\/ld+json\" class=\"yoast-schema-graph\">{\"@context\":\"https:\\\/\\\/schema.org\",\"@graph\":[{\"@type\":\"WebPage\",\"@id\":\"https:\\\/\\\/quadalkatreszek.com\\\/product\\\/kxd-m7-gyerek-quad-narancs-szinben\\\/\",\"url\":\"https:\\\/\\\/quadalkatreszek.com\\\/product\\\/kxd-m7-gyerek-quad-narancs-szinben\\\/\",\"name\":\"KXD M7 gyerek quad narancs sz\u00ednben - quadalkatreszek.com\",\"isPartOf\":{\"@id\":\"https:\\\/\\\/quadalkatreszek.com\\\/#website\"},\"primaryImageOfPage\":{\"@id\":\"https:\\\/\\\/quadalkatreszek.com\\\/product\\\/kxd-m7-gyerek-quad-narancs-szinben\\\/#primaryimage\"},\"image\":{\"@id\":\"https:\\\/\\\/quadalkatreszek.com\\\/product\\\/kxd-m7-gyerek-quad-narancs-szinben\\\/#primaryimage\"},\"thumbnailUrl\":\"https:\\\/\\\/quadalkatreszek.com\\\/wp-content\\\/uploads\\\/2022\\\/10\\\/IMG-25ac1ca0a5f68b56d54b1e8acbe619ec-V.jpg\",\"datePublished\":\"2022-10-14T08:45:44+00:00\",\"dateModified\":\"2026-01-22T13:47:55+00:00\",\"description\":\"50 k\u00f6bcentis automata KXD M7 pocket gyerek quad. Csak el\u0151re menet van az M7 pocket gyerek quadban, melyet egy l\u00e1bv\u00e1lt\u00f3 seg\u00edts\u00e9g\u00e9vel, lehet kapcsolni.\",\"breadcrumb\":{\"@id\":\"https:\\\/\\\/quadalkatreszek.com\\\/product\\\/kxd-m7-gyerek-quad-narancs-szinben\\\/#breadcrumb\"},\"inLanguage\":\"en-US\",\"potentialAction\":[{\"@type\":\"ReadAction\",\"target\":[\"https:\\\/\\\/quadalkatreszek.com\\\/product\\\/kxd-m7-gyerek-quad-narancs-szinben\\\/\"]}]},{\"@type\":\"ImageObject\",\"inLanguage\":\"en-US\",\"@id\":\"https:\\\/\\\/quadalkatreszek.com\\\/product\\\/kxd-m7-gyerek-quad-narancs-szinben\\\/#primaryimage\",\"url\":\"https:\\\/\\\/quadalkatreszek.com\\\/wp-content\\\/uploads\\\/2022\\\/10\\\/IMG-25ac1ca0a5f68b56d54b1e8acbe619ec-V.jpg\",\"contentUrl\":\"https:\\\/\\\/quadalkatreszek.com\\\/wp-content\\\/uploads\\\/2022\\\/10\\\/IMG-25ac1ca0a5f68b56d54b1e8acbe619ec-V.jpg\",\"width\":1600,\"height\":1200,\"caption\":\"KXD M7 gyerek quad\"},{\"@type\":\"BreadcrumbList\",\"@id\":\"https:\\\/\\\/quadalkatreszek.com\\\/product\\\/kxd-m7-gyerek-quad-narancs-szinben\\\/#breadcrumb\",\"itemListElement\":[{\"@type\":\"ListItem\",\"position\":1,\"name\":\"Kezd\u0151lap\",\"item\":\"https:\\\/\\\/quadalkatreszek.com\\\/\"},{\"@type\":\"ListItem\",\"position\":2,\"name\":\"Shop\",\"item\":\"https:\\\/\\\/quadalkatreszek.com\\\/shop\\\/\"},{\"@type\":\"ListItem\",\"position\":3,\"name\":\"KXD M7 gyerek quad narancs sz\u00ednben\"}]},{\"@type\":\"WebSite\",\"@id\":\"https:\\\/\\\/quadalkatreszek.com\\\/#website\",\"url\":\"https:\\\/\\\/quadalkatreszek.com\\\/\",\"name\":\"quadalkatreszek.com\",\"description\":\"alkatr\u00e9szek - azonnal - rakt\u00e1rr\u00f3l\",\"publisher\":{\"@id\":\"https:\\\/\\\/quadalkatreszek.com\\\/#organization\"},\"potentialAction\":[{\"@type\":\"SearchAction\",\"target\":{\"@type\":\"EntryPoint\",\"urlTemplate\":\"https:\\\/\\\/quadalkatreszek.com\\\/?s={search_term_string}\"},\"query-input\":{\"@type\":\"PropertyValueSpecification\",\"valueRequired\":true,\"valueName\":\"search_term_string\"}}],\"inLanguage\":\"en-US\"},{\"@type\":\"Organization\",\"@id\":\"https:\\\/\\\/quadalkatreszek.com\\\/#organization\",\"name\":\"quadalkatreszek.com\",\"url\":\"https:\\\/\\\/quadalkatreszek.com\\\/\",\"logo\":{\"@type\":\"ImageObject\",\"inLanguage\":\"en-US\",\"@id\":\"https:\\\/\\\/quadalkatreszek.com\\\/#\\\/schema\\\/logo\\\/image\\\/\",\"url\":\"https:\\\/\\\/quadalkatreszek.com\\\/wp-content\\\/uploads\\\/2023\\\/01\\\/korlogo-2.png\",\"contentUrl\":\"https:\\\/\\\/quadalkatreszek.com\\\/wp-content\\\/uploads\\\/2023\\\/01\\\/korlogo-2.png\",\"width\":866,\"height\":866,\"caption\":\"quadalkatreszek.com\"},\"image\":{\"@id\":\"https:\\\/\\\/quadalkatreszek.com\\\/#\\\/schema\\\/logo\\\/image\\\/\"}}]}<\/script>\n<!-- \/ Yoast SEO plugin. -->","yoast_head_json":{"title":"KXD M7 gyerek quad narancs sz\u00ednben - quadalkatreszek.com","description":"50 k\u00f6bcentis automata KXD M7 pocket gyerek quad. Csak el\u0151re menet van az M7 pocket gyerek quadban, melyet egy l\u00e1bv\u00e1lt\u00f3 seg\u00edts\u00e9g\u00e9vel, lehet kapcsolni.","robots":{"index":"index","follow":"follow","max-snippet":"max-snippet:-1","max-image-preview":"max-image-preview:large","max-video-preview":"max-video-preview:-1"},"canonical":"https:\/\/quadalkatreszek.com\/en\/product\/kxd-m7-gyerek-quad-narancs-szinben\/","og_locale":"en_US","og_type":"article","og_title":"KXD M7 gyerek quad narancs sz\u00ednben - quadalkatreszek.com","og_description":"50 k\u00f6bcentis automata KXD M7 pocket gyerek quad. Csak el\u0151re menet van az M7 pocket gyerek quadban, melyet egy l\u00e1bv\u00e1lt\u00f3 seg\u00edts\u00e9g\u00e9vel, lehet kapcsolni.","og_url":"https:\/\/quadalkatreszek.com\/en\/product\/kxd-m7-gyerek-quad-narancs-szinben\/","og_site_name":"quadalkatreszek.com","article_modified_time":"2026-01-22T13:47:55+00:00","og_image":[{"width":1600,"height":1200,"url":"https:\/\/quadalkatreszek.com\/wp-content\/uploads\/2022\/10\/IMG-25ac1ca0a5f68b56d54b1e8acbe619ec-V.jpg","type":"image\/jpeg"}],"twitter_card":"summary_large_image","twitter_misc":{"Est. reading time":"1 minute"},"schema":{"@context":"https:\/\/schema.org","@graph":[{"@type":"WebPage","@id":"https:\/\/quadalkatreszek.com\/product\/kxd-m7-gyerek-quad-narancs-szinben\/","url":"https:\/\/quadalkatreszek.com\/product\/kxd-m7-gyerek-quad-narancs-szinben\/","name":"KXD M7 gyerek quad narancs sz\u00ednben - quadalkatreszek.com","isPartOf":{"@id":"https:\/\/quadalkatreszek.com\/#website"},"primaryImageOfPage":{"@id":"https:\/\/quadalkatreszek.com\/product\/kxd-m7-gyerek-quad-narancs-szinben\/#primaryimage"},"image":{"@id":"https:\/\/quadalkatreszek.com\/product\/kxd-m7-gyerek-quad-narancs-szinben\/#primaryimage"},"thumbnailUrl":"https:\/\/quadalkatreszek.com\/wp-content\/uploads\/2022\/10\/IMG-25ac1ca0a5f68b56d54b1e8acbe619ec-V.jpg","datePublished":"2022-10-14T08:45:44+00:00","dateModified":"2026-01-22T13:47:55+00:00","description":"50 k\u00f6bcentis automata KXD M7 pocket gyerek quad. Csak el\u0151re menet van az M7 pocket gyerek quadban, melyet egy l\u00e1bv\u00e1lt\u00f3 seg\u00edts\u00e9g\u00e9vel, lehet kapcsolni.","breadcrumb":{"@id":"https:\/\/quadalkatreszek.com\/product\/kxd-m7-gyerek-quad-narancs-szinben\/#breadcrumb"},"inLanguage":"en-US","potentialAction":[{"@type":"ReadAction","target":["https:\/\/quadalkatreszek.com\/product\/kxd-m7-gyerek-quad-narancs-szinben\/"]}]},{"@type":"ImageObject","inLanguage":"en-US","@id":"https:\/\/quadalkatreszek.com\/product\/kxd-m7-gyerek-quad-narancs-szinben\/#primaryimage","url":"https:\/\/quadalkatreszek.com\/wp-content\/uploads\/2022\/10\/IMG-25ac1ca0a5f68b56d54b1e8acbe619ec-V.jpg","contentUrl":"https:\/\/quadalkatreszek.com\/wp-content\/uploads\/2022\/10\/IMG-25ac1ca0a5f68b56d54b1e8acbe619ec-V.jpg","width":1600,"height":1200,"caption":"KXD M7 gyerek quad"},{"@type":"BreadcrumbList","@id":"https:\/\/quadalkatreszek.com\/product\/kxd-m7-gyerek-quad-narancs-szinben\/#breadcrumb","itemListElement":[{"@type":"ListItem","position":1,"name":"Kezd\u0151lap","item":"https:\/\/quadalkatreszek.com\/"},{"@type":"ListItem","position":2,"name":"Shop","item":"https:\/\/quadalkatreszek.com\/shop\/"},{"@type":"ListItem","position":3,"name":"KXD M7 gyerek quad narancs sz\u00ednben"}]},{"@type":"WebSite","@id":"https:\/\/quadalkatreszek.com\/#website","url":"https:\/\/quadalkatreszek.com\/","name":"quadalkatreszek.com","description":"alkatr\u00e9szek - azonnal - rakt\u00e1rr\u00f3l","publisher":{"@id":"https:\/\/quadalkatreszek.com\/#organization"},"potentialAction":[{"@type":"SearchAction","target":{"@type":"EntryPoint","urlTemplate":"https:\/\/quadalkatreszek.com\/?s={search_term_string}"},"query-input":{"@type":"PropertyValueSpecification","valueRequired":true,"valueName":"search_term_string"}}],"inLanguage":"en-US"},{"@type":"Organization","@id":"https:\/\/quadalkatreszek.com\/#organization","name":"quadalkatreszek.com","url":"https:\/\/quadalkatreszek.com\/","logo":{"@type":"ImageObject","inLanguage":"en-US","@id":"https:\/\/quadalkatreszek.com\/#\/schema\/logo\/image\/","url":"https:\/\/quadalkatreszek.com\/wp-content\/uploads\/2023\/01\/korlogo-2.png","contentUrl":"https:\/\/quadalkatreszek.com\/wp-content\/uploads\/2023\/01\/korlogo-2.png","width":866,"height":866,"caption":"quadalkatreszek.com"},"image":{"@id":"https:\/\/quadalkatreszek.com\/#\/schema\/logo\/image\/"}}]}},"_links":{"self":[{"href":"https:\/\/quadalkatreszek.com\/en\/wp-json\/wp\/v2\/product\/31282","targetHints":{"allow":["GET"]}}],"collection":[{"href":"https:\/\/quadalkatreszek.com\/en\/wp-json\/wp\/v2\/product"}],"about":[{"href":"https:\/\/quadalkatreszek.com\/en\/wp-json\/wp\/v2\/types\/product"}],"replies":[{"embeddable":true,"href":"https:\/\/quadalkatreszek.com\/en\/wp-json\/wp\/v2\/comments?post=31282"}],"wp:featuredmedia":[{"embeddable":true,"href":"https:\/\/quadalkatreszek.com\/en\/wp-json\/wp\/v2\/media\/31285"}],"wp:attachment":[{"href":"https:\/\/quadalkatreszek.com\/en\/wp-json\/wp\/v2\/media?parent=31282"}],"wp:term":[{"taxonomy":"product_brand","embeddable":true,"href":"https:\/\/quadalkatreszek.com\/en\/wp-json\/wp\/v2\/product_brand?post=31282"},{"taxonomy":"product_cat","embeddable":true,"href":"https:\/\/quadalkatreszek.com\/en\/wp-json\/wp\/v2\/product_cat?post=31282"},{"taxonomy":"product_tag","embeddable":true,"href":"https:\/\/quadalkatreszek.com\/en\/wp-json\/wp\/v2\/product_tag?post=31282"}],"curies":[{"name":"wp","href":"https:\/\/api.w.org\/{rel}","templated":true}]}}