{"id":31287,"date":"2022-10-14T09:49:34","date_gmt":"2022-10-14T08:49:34","guid":{"rendered":"https:\/\/quadalkatreszek.com\/?post_type=product&#038;p=31287#"},"modified":"2025-05-09T09:13:52","modified_gmt":"2025-05-09T08:13:52","slug":"hb-eatv-07-elektromos-gyerek-quad-kek-szinben","status":"publish","type":"product","link":"https:\/\/quadalkatreszek.com\/en\/product\/hb-eatv-07-elektromos-gyerek-quad-kek-szinben\/","title":{"rendered":"HB-EATV 07 Elektromos gyerek quad, k\u00e9k sz\u00ednben"},"content":{"rendered":"<p>HB-EATV 07 Elektromos gyerek quad<\/p>\n<p>Ez a term\u00e9k k\u00f6z\u00fati forgalomban nem vehet r\u00e9szt!!!<\/p>\n<p>Teljes\u00edtm\u00e9ny 1000W<\/p>\n<p>-A j\u00e1rm\u0171 el\u0151re \u00e9s h\u00e1tra menet fokozattal is rendelkezik.<\/p>\n<p>-Teherb\u00edr\u00e1sa 40kg<\/p>\n<p>-3 fokozatban \u00e1ll\u00edthat\u00f3 a sebess\u00e9ge.<\/p>\n<p>-El\u00f6l h\u00e1tul t\u00e1rcsaf\u00e9k<\/p>\n<p>-Ledes l\u00e1mp\u00e1k<\/p>\n<p>&#8211; El\u00f6l h\u00e1tul teleszk\u00f3p<\/p>\n<p>A gyerek quad\u00a0 vezet\u00e9s\u00e9t nagyon k\u00f6nnyen p\u00e1r perc alatt el lehet saj\u00e1t\u00edtani.<\/p>\n<p>Ez a t\u00edpus\u00fa gyerek quad\u00a0 remek v\u00e1laszt\u00e1s kezd\u0151 gyermek quadnak, 4-6 \u00e9ves koroszt\u00e1lynak aj\u00e1nlott.<\/p>\n<p><strong>A j\u00e1rm\u0171 k\u00f6z\u00fati forgalomban nem, vehet r\u00e9szt!<\/strong><\/p>\n<p>, 93<br \/>\n&#8211; &#8211; &#8211;<br \/>\n<!--kkod_start--><\/p>\n<div class=\"kkod-visible\">kkod:93<\/div>\n<p><!--kkod_end--><\/p>","protected":false},"excerpt":{"rendered":"<p>HB-EATV 07 Elektromos gyerek quad, k\u00e9k sz\u00ednben 1000W extra er\u0151s motorral!<\/p>\n<p>Ez a term\u00e9k k\u00f6z\u00fati forgalomban nem vehet r\u00e9szt!!!<\/p>","protected":false},"featured_media":31289,"comment_status":"open","ping_status":"closed","template":"","meta":[],"product_brand":[],"product_cat":[101,103],"product_tag":[],"class_list":{"0":"post-31287","1":"product","2":"type-product","3":"status-publish","4":"has-post-thumbnail","6":"product_cat-elektromos-gyerek-quad","7":"product_cat-gyerek-quadok","8":"product_shipping_class-raklap-meret","10":"first","11":"instock","12":"shipping-taxable","13":"purchasable","14":"product-type-simple"},"yoast_head":"<!-- This site is optimized with the Yoast SEO plugin v27.5 - https:\/\/yoast.com\/product\/yoast-seo-wordpress\/ -->\n<title>HB-EATV 07 Elektromos gyerek quad, k\u00e9k sz\u00ednben -<\/title>\n<meta name=\"description\" content=\"HB-EATV 07 Elektromos gyerek quad Teljes\u00edtm\u00e9ny 1000W -A j\u00e1rm\u0171 el\u0151re \u00e9s h\u00e1tra menet fokozattal is rendelkezik. -Teherb\u00edr\u00e1sa 40kg -3 fokozatban \u00e1ll\u00edthat\u00f3 sebess\u00e9g\" \/>\n<meta name=\"robots\" content=\"index, follow, max-snippet:-1, max-image-preview:large, max-video-preview:-1\" \/>\n<link rel=\"canonical\" href=\"https:\/\/quadalkatreszek.com\/en\/product\/hb-eatv-07-elektromos-gyerek-quad-kek-szinben\/\" \/>\n<meta property=\"og:locale\" content=\"en_US\" \/>\n<meta property=\"og:type\" content=\"article\" \/>\n<meta property=\"og:title\" content=\"HB-EATV 07 Elektromos gyerek quad, k\u00e9k sz\u00ednben -\" \/>\n<meta property=\"og:description\" content=\"HB-EATV 07 Elektromos gyerek quad Teljes\u00edtm\u00e9ny 1000W -A j\u00e1rm\u0171 el\u0151re \u00e9s h\u00e1tra menet fokozattal is rendelkezik. -Teherb\u00edr\u00e1sa 40kg -3 fokozatban \u00e1ll\u00edthat\u00f3 sebess\u00e9g\" \/>\n<meta property=\"og:url\" content=\"https:\/\/quadalkatreszek.com\/en\/product\/hb-eatv-07-elektromos-gyerek-quad-kek-szinben\/\" \/>\n<meta property=\"og:site_name\" content=\"quadalkatreszek.com\" \/>\n<meta property=\"article:modified_time\" content=\"2025-05-09T08:13:52+00:00\" \/>\n<meta property=\"og:image\" content=\"https:\/\/quadalkatreszek.com\/wp-content\/uploads\/2022\/10\/310413729_470986828297598_9198396044017417092_n.jpg\" \/>\n\t<meta property=\"og:image:width\" content=\"1734\" \/>\n\t<meta property=\"og:image:height\" content=\"977\" \/>\n\t<meta property=\"og:image:type\" content=\"image\/jpeg\" \/>\n<meta name=\"twitter:card\" content=\"summary_large_image\" \/>\n<meta name=\"twitter:label1\" content=\"Est. reading time\" \/>\n\t<meta name=\"twitter:data1\" content=\"1 minute\" \/>\n<script type=\"application\/ld+json\" class=\"yoast-schema-graph\">{\"@context\":\"https:\\\/\\\/schema.org\",\"@graph\":[{\"@type\":\"WebPage\",\"@id\":\"https:\\\/\\\/quadalkatreszek.com\\\/product\\\/hb-eatv-07-elektromos-gyerek-quad-kek-szinben\\\/\",\"url\":\"https:\\\/\\\/quadalkatreszek.com\\\/product\\\/hb-eatv-07-elektromos-gyerek-quad-kek-szinben\\\/\",\"name\":\"HB-EATV 07 Elektromos gyerek quad, k\u00e9k sz\u00ednben -\",\"isPartOf\":{\"@id\":\"https:\\\/\\\/quadalkatreszek.com\\\/#website\"},\"primaryImageOfPage\":{\"@id\":\"https:\\\/\\\/quadalkatreszek.com\\\/product\\\/hb-eatv-07-elektromos-gyerek-quad-kek-szinben\\\/#primaryimage\"},\"image\":{\"@id\":\"https:\\\/\\\/quadalkatreszek.com\\\/product\\\/hb-eatv-07-elektromos-gyerek-quad-kek-szinben\\\/#primaryimage\"},\"thumbnailUrl\":\"https:\\\/\\\/quadalkatreszek.com\\\/wp-content\\\/uploads\\\/2022\\\/10\\\/310413729_470986828297598_9198396044017417092_n.jpg\",\"datePublished\":\"2022-10-14T08:49:34+00:00\",\"dateModified\":\"2025-05-09T08:13:52+00:00\",\"description\":\"HB-EATV 07 Elektromos gyerek quad Teljes\u00edtm\u00e9ny 1000W -A j\u00e1rm\u0171 el\u0151re \u00e9s h\u00e1tra menet fokozattal is rendelkezik. -Teherb\u00edr\u00e1sa 40kg -3 fokozatban \u00e1ll\u00edthat\u00f3 sebess\u00e9g\",\"breadcrumb\":{\"@id\":\"https:\\\/\\\/quadalkatreszek.com\\\/product\\\/hb-eatv-07-elektromos-gyerek-quad-kek-szinben\\\/#breadcrumb\"},\"inLanguage\":\"en-US\",\"potentialAction\":[{\"@type\":\"ReadAction\",\"target\":[\"https:\\\/\\\/quadalkatreszek.com\\\/product\\\/hb-eatv-07-elektromos-gyerek-quad-kek-szinben\\\/\"]}]},{\"@type\":\"ImageObject\",\"inLanguage\":\"en-US\",\"@id\":\"https:\\\/\\\/quadalkatreszek.com\\\/product\\\/hb-eatv-07-elektromos-gyerek-quad-kek-szinben\\\/#primaryimage\",\"url\":\"https:\\\/\\\/quadalkatreszek.com\\\/wp-content\\\/uploads\\\/2022\\\/10\\\/310413729_470986828297598_9198396044017417092_n.jpg\",\"contentUrl\":\"https:\\\/\\\/quadalkatreszek.com\\\/wp-content\\\/uploads\\\/2022\\\/10\\\/310413729_470986828297598_9198396044017417092_n.jpg\",\"width\":1734,\"height\":977,\"caption\":\"Elektromos gyerek quad\"},{\"@type\":\"BreadcrumbList\",\"@id\":\"https:\\\/\\\/quadalkatreszek.com\\\/product\\\/hb-eatv-07-elektromos-gyerek-quad-kek-szinben\\\/#breadcrumb\",\"itemListElement\":[{\"@type\":\"ListItem\",\"position\":1,\"name\":\"Kezd\u0151lap\",\"item\":\"https:\\\/\\\/quadalkatreszek.com\\\/\"},{\"@type\":\"ListItem\",\"position\":2,\"name\":\"Shop\",\"item\":\"https:\\\/\\\/quadalkatreszek.com\\\/shop\\\/\"},{\"@type\":\"ListItem\",\"position\":3,\"name\":\"HB-EATV 07 Elektromos gyerek quad, k\u00e9k sz\u00ednben\"}]},{\"@type\":\"WebSite\",\"@id\":\"https:\\\/\\\/quadalkatreszek.com\\\/#website\",\"url\":\"https:\\\/\\\/quadalkatreszek.com\\\/\",\"name\":\"quadalkatreszek.com\",\"description\":\"alkatr\u00e9szek - azonnal - rakt\u00e1rr\u00f3l\",\"publisher\":{\"@id\":\"https:\\\/\\\/quadalkatreszek.com\\\/#organization\"},\"potentialAction\":[{\"@type\":\"SearchAction\",\"target\":{\"@type\":\"EntryPoint\",\"urlTemplate\":\"https:\\\/\\\/quadalkatreszek.com\\\/?s={search_term_string}\"},\"query-input\":{\"@type\":\"PropertyValueSpecification\",\"valueRequired\":true,\"valueName\":\"search_term_string\"}}],\"inLanguage\":\"en-US\"},{\"@type\":\"Organization\",\"@id\":\"https:\\\/\\\/quadalkatreszek.com\\\/#organization\",\"name\":\"quadalkatreszek.com\",\"url\":\"https:\\\/\\\/quadalkatreszek.com\\\/\",\"logo\":{\"@type\":\"ImageObject\",\"inLanguage\":\"en-US\",\"@id\":\"https:\\\/\\\/quadalkatreszek.com\\\/#\\\/schema\\\/logo\\\/image\\\/\",\"url\":\"https:\\\/\\\/quadalkatreszek.com\\\/wp-content\\\/uploads\\\/2023\\\/01\\\/korlogo-2.png\",\"contentUrl\":\"https:\\\/\\\/quadalkatreszek.com\\\/wp-content\\\/uploads\\\/2023\\\/01\\\/korlogo-2.png\",\"width\":866,\"height\":866,\"caption\":\"quadalkatreszek.com\"},\"image\":{\"@id\":\"https:\\\/\\\/quadalkatreszek.com\\\/#\\\/schema\\\/logo\\\/image\\\/\"}}]}<\/script>\n<!-- \/ Yoast SEO plugin. -->","yoast_head_json":{"title":"HB-EATV 07 Elektromos gyerek quad, k\u00e9k sz\u00ednben -","description":"HB-EATV 07 Elektromos gyerek quad Teljes\u00edtm\u00e9ny 1000W -A j\u00e1rm\u0171 el\u0151re \u00e9s h\u00e1tra menet fokozattal is rendelkezik. -Teherb\u00edr\u00e1sa 40kg -3 fokozatban \u00e1ll\u00edthat\u00f3 sebess\u00e9g","robots":{"index":"index","follow":"follow","max-snippet":"max-snippet:-1","max-image-preview":"max-image-preview:large","max-video-preview":"max-video-preview:-1"},"canonical":"https:\/\/quadalkatreszek.com\/en\/product\/hb-eatv-07-elektromos-gyerek-quad-kek-szinben\/","og_locale":"en_US","og_type":"article","og_title":"HB-EATV 07 Elektromos gyerek quad, k\u00e9k sz\u00ednben -","og_description":"HB-EATV 07 Elektromos gyerek quad Teljes\u00edtm\u00e9ny 1000W -A j\u00e1rm\u0171 el\u0151re \u00e9s h\u00e1tra menet fokozattal is rendelkezik. -Teherb\u00edr\u00e1sa 40kg -3 fokozatban \u00e1ll\u00edthat\u00f3 sebess\u00e9g","og_url":"https:\/\/quadalkatreszek.com\/en\/product\/hb-eatv-07-elektromos-gyerek-quad-kek-szinben\/","og_site_name":"quadalkatreszek.com","article_modified_time":"2025-05-09T08:13:52+00:00","og_image":[{"width":1734,"height":977,"url":"https:\/\/quadalkatreszek.com\/wp-content\/uploads\/2022\/10\/310413729_470986828297598_9198396044017417092_n.jpg","type":"image\/jpeg"}],"twitter_card":"summary_large_image","twitter_misc":{"Est. reading time":"1 minute"},"schema":{"@context":"https:\/\/schema.org","@graph":[{"@type":"WebPage","@id":"https:\/\/quadalkatreszek.com\/product\/hb-eatv-07-elektromos-gyerek-quad-kek-szinben\/","url":"https:\/\/quadalkatreszek.com\/product\/hb-eatv-07-elektromos-gyerek-quad-kek-szinben\/","name":"HB-EATV 07 Elektromos gyerek quad, k\u00e9k sz\u00ednben -","isPartOf":{"@id":"https:\/\/quadalkatreszek.com\/#website"},"primaryImageOfPage":{"@id":"https:\/\/quadalkatreszek.com\/product\/hb-eatv-07-elektromos-gyerek-quad-kek-szinben\/#primaryimage"},"image":{"@id":"https:\/\/quadalkatreszek.com\/product\/hb-eatv-07-elektromos-gyerek-quad-kek-szinben\/#primaryimage"},"thumbnailUrl":"https:\/\/quadalkatreszek.com\/wp-content\/uploads\/2022\/10\/310413729_470986828297598_9198396044017417092_n.jpg","datePublished":"2022-10-14T08:49:34+00:00","dateModified":"2025-05-09T08:13:52+00:00","description":"HB-EATV 07 Elektromos gyerek quad Teljes\u00edtm\u00e9ny 1000W -A j\u00e1rm\u0171 el\u0151re \u00e9s h\u00e1tra menet fokozattal is rendelkezik. -Teherb\u00edr\u00e1sa 40kg -3 fokozatban \u00e1ll\u00edthat\u00f3 sebess\u00e9g","breadcrumb":{"@id":"https:\/\/quadalkatreszek.com\/product\/hb-eatv-07-elektromos-gyerek-quad-kek-szinben\/#breadcrumb"},"inLanguage":"en-US","potentialAction":[{"@type":"ReadAction","target":["https:\/\/quadalkatreszek.com\/product\/hb-eatv-07-elektromos-gyerek-quad-kek-szinben\/"]}]},{"@type":"ImageObject","inLanguage":"en-US","@id":"https:\/\/quadalkatreszek.com\/product\/hb-eatv-07-elektromos-gyerek-quad-kek-szinben\/#primaryimage","url":"https:\/\/quadalkatreszek.com\/wp-content\/uploads\/2022\/10\/310413729_470986828297598_9198396044017417092_n.jpg","contentUrl":"https:\/\/quadalkatreszek.com\/wp-content\/uploads\/2022\/10\/310413729_470986828297598_9198396044017417092_n.jpg","width":1734,"height":977,"caption":"Elektromos gyerek quad"},{"@type":"BreadcrumbList","@id":"https:\/\/quadalkatreszek.com\/product\/hb-eatv-07-elektromos-gyerek-quad-kek-szinben\/#breadcrumb","itemListElement":[{"@type":"ListItem","position":1,"name":"Kezd\u0151lap","item":"https:\/\/quadalkatreszek.com\/"},{"@type":"ListItem","position":2,"name":"Shop","item":"https:\/\/quadalkatreszek.com\/shop\/"},{"@type":"ListItem","position":3,"name":"HB-EATV 07 Elektromos gyerek quad, k\u00e9k sz\u00ednben"}]},{"@type":"WebSite","@id":"https:\/\/quadalkatreszek.com\/#website","url":"https:\/\/quadalkatreszek.com\/","name":"quadalkatreszek.com","description":"alkatr\u00e9szek - azonnal - rakt\u00e1rr\u00f3l","publisher":{"@id":"https:\/\/quadalkatreszek.com\/#organization"},"potentialAction":[{"@type":"SearchAction","target":{"@type":"EntryPoint","urlTemplate":"https:\/\/quadalkatreszek.com\/?s={search_term_string}"},"query-input":{"@type":"PropertyValueSpecification","valueRequired":true,"valueName":"search_term_string"}}],"inLanguage":"en-US"},{"@type":"Organization","@id":"https:\/\/quadalkatreszek.com\/#organization","name":"quadalkatreszek.com","url":"https:\/\/quadalkatreszek.com\/","logo":{"@type":"ImageObject","inLanguage":"en-US","@id":"https:\/\/quadalkatreszek.com\/#\/schema\/logo\/image\/","url":"https:\/\/quadalkatreszek.com\/wp-content\/uploads\/2023\/01\/korlogo-2.png","contentUrl":"https:\/\/quadalkatreszek.com\/wp-content\/uploads\/2023\/01\/korlogo-2.png","width":866,"height":866,"caption":"quadalkatreszek.com"},"image":{"@id":"https:\/\/quadalkatreszek.com\/#\/schema\/logo\/image\/"}}]}},"_links":{"self":[{"href":"https:\/\/quadalkatreszek.com\/en\/wp-json\/wp\/v2\/product\/31287","targetHints":{"allow":["GET"]}}],"collection":[{"href":"https:\/\/quadalkatreszek.com\/en\/wp-json\/wp\/v2\/product"}],"about":[{"href":"https:\/\/quadalkatreszek.com\/en\/wp-json\/wp\/v2\/types\/product"}],"replies":[{"embeddable":true,"href":"https:\/\/quadalkatreszek.com\/en\/wp-json\/wp\/v2\/comments?post=31287"}],"wp:featuredmedia":[{"embeddable":true,"href":"https:\/\/quadalkatreszek.com\/en\/wp-json\/wp\/v2\/media\/31289"}],"wp:attachment":[{"href":"https:\/\/quadalkatreszek.com\/en\/wp-json\/wp\/v2\/media?parent=31287"}],"wp:term":[{"taxonomy":"product_brand","embeddable":true,"href":"https:\/\/quadalkatreszek.com\/en\/wp-json\/wp\/v2\/product_brand?post=31287"},{"taxonomy":"product_cat","embeddable":true,"href":"https:\/\/quadalkatreszek.com\/en\/wp-json\/wp\/v2\/product_cat?post=31287"},{"taxonomy":"product_tag","embeddable":true,"href":"https:\/\/quadalkatreszek.com\/en\/wp-json\/wp\/v2\/product_tag?post=31287"}],"curies":[{"name":"wp","href":"https:\/\/api.w.org\/{rel}","templated":true}]}}