{"id":31302,"date":"2022-10-14T10:05:34","date_gmt":"2022-10-14T09:05:34","guid":{"rendered":"https:\/\/quadalkatreszek.com\/?post_type=product&#038;p=31302#"},"modified":"2026-02-04T10:40:34","modified_gmt":"2026-02-04T09:40:34","slug":"elektromos-gyerek-quad-eatv-05-1000watt-bordo-szinben","status":"publish","type":"product","link":"https:\/\/quadalkatreszek.com\/en\/product\/elektromos-gyerek-quad-eatv-05-1000watt-bordo-szinben\/","title":{"rendered":"Elektromos gyerek quad EATV-05 \/ 1200W FFK1200"},"content":{"rendered":"<p>Ez a term\u00e9k k\u00f6z\u00fati forgalomban nem vehet r\u00e9szt!!!<\/p>\n<p>Elektromos gyerek quad EATV-05 \/ 1200W FFK1200 bord\u00f3 sz\u00ednben.<br \/>\nElektromos pocket HB-EATV 05.<br \/>\nTeljes\u00edtm\u00e9ny 1200W.<br \/>\nA j\u00e1rm\u0171 el\u0151re \u00e9s h\u00e1tra menet fokozattal is rendelkezik.<br \/>\nTeherb\u00edr\u00e1sa 40kg.<br \/>\n3 fokozatban \u00e1ll\u00edthat\u00f3 a sebess\u00e9ge.<br \/>\nEl\u00f6l h\u00e1tul t\u00e1rcsaf\u00e9k.<br \/>\nLedes l\u00e1mp\u00e1k.<br \/>\nEl\u00f6l h\u00e1tul teleszk\u00f3p.<br \/>\nA gyerek quad vezet\u00e9s\u00e9t nagyon k\u00f6nnyen p\u00e1r perc alatt el lehet saj\u00e1t\u00edtani. \u00cdgy ez\u00a0 a t\u00edpus\u00fa <a href=\"https:\/\/quaddepo.com\/product-category\/elektromos-jarmuvek-quadok\/\">elektromos gyerek quad<\/a> remek v\u00e1laszt\u00e1s kezd\u0151 gyermek quadnak, 4-6 \u00e9ves koroszt\u00e1lynak aj\u00e1nlott.<\/p>\n<p><strong>Amennyiben minket v\u00e1lasztasz biztos lehetsz benne, hogy ezeket\u00a0 az\u00a0 <a href=\"https:\/\/quadalkatreszek.com\/en\/product-category\/jarmuvek-quadok-motorok\/elektromos-jarmuvek\/\">elektromos j\u00e1rm\u0171veket<\/a> itt kapod meg a legjobb \u00e1ron! 20-40 ezer, bizonyos esetekben ak\u00e1r 40-50\u00a0 ezer forintot is megtakar\u00edthatsz!<\/strong><\/p>\n<p>&nbsp;<\/p>\n<p>, 93<br \/>\n&#8211; &#8211; &#8211;<br \/>\n<!--kkod_start--><\/p>\n<div class=\"kkod-visible\">kkod:93<\/div>\n<p><!--kkod_end--><\/p>","protected":false},"excerpt":{"rendered":"<p>Ez a term\u00e9k k\u00f6z\u00fati forgalomban nem vehet r\u00e9szt!!!<\/p>\n<p>Elektromos gyerek quad EATV-05 \/ 1200W FFK1200 bord\u00f3 sz\u00ednben Extra er\u0151s 1200W motorral<\/p>\n<p>A gyerek quad vezet\u00e9s\u00e9t nagyon k\u00f6nnyen p\u00e1r perc alatt el lehet saj\u00e1t\u00edtani.<\/p>\n<p>Szab\u00e1lyozhat\u00f3 sebess\u00e9g \u00e1ll\u00edt\u00e1s!<\/p>","protected":false},"featured_media":53669,"comment_status":"open","ping_status":"closed","template":"","meta":[],"product_brand":[],"product_cat":[101,103],"product_tag":[],"class_list":{"0":"post-31302","1":"product","2":"type-product","3":"status-publish","4":"has-post-thumbnail","6":"product_cat-elektromos-gyerek-quad","7":"product_cat-gyerek-quadok","8":"product_shipping_class-raklap-meret","10":"first","11":"instock","12":"shipping-taxable","13":"purchasable","14":"product-type-simple"},"yoast_head":"<!-- This site is optimized with the Yoast SEO plugin v27.4 - https:\/\/yoast.com\/product\/yoast-seo-wordpress\/ -->\n<title>Elektromos gyerek quad EATV- 1000W - quadalkatreszek.com<\/title>\n<meta name=\"description\" content=\"Elektromos gyerek quad EATV 05 bord\u00f3 sz\u00ednben Extra er\u0151s 1000W motorral, garanci\u00e1val \u00e9s teljes alkatr\u00e9sz ut\u00e1np\u00f3tl\u00e1ssal. Az orsz\u00e1gos kisz\u00e1ll\u00edt\u00e1s nagyon kedvez\u0151 \u00e1r\" \/>\n<meta name=\"robots\" content=\"index, follow, max-snippet:-1, max-image-preview:large, max-video-preview:-1\" \/>\n<link rel=\"canonical\" href=\"https:\/\/quadalkatreszek.com\/en\/product\/elektromos-gyerek-quad-eatv-05-1000watt-bordo-szinben\/\" \/>\n<meta property=\"og:locale\" content=\"en_US\" \/>\n<meta property=\"og:type\" content=\"article\" \/>\n<meta property=\"og:title\" content=\"Elektromos gyerek quad EATV- 1000W - quadalkatreszek.com\" \/>\n<meta property=\"og:description\" content=\"Elektromos gyerek quad EATV 05 bord\u00f3 sz\u00ednben Extra er\u0151s 1000W motorral, garanci\u00e1val \u00e9s teljes alkatr\u00e9sz ut\u00e1np\u00f3tl\u00e1ssal. Az orsz\u00e1gos kisz\u00e1ll\u00edt\u00e1s nagyon kedvez\u0151 \u00e1r\" \/>\n<meta property=\"og:url\" content=\"https:\/\/quadalkatreszek.com\/en\/product\/elektromos-gyerek-quad-eatv-05-1000watt-bordo-szinben\/\" \/>\n<meta property=\"og:site_name\" content=\"quadalkatreszek.com\" \/>\n<meta property=\"article:modified_time\" content=\"2026-02-04T09:40:34+00:00\" \/>\n<meta property=\"og:image\" content=\"https:\/\/quadalkatreszek.com\/wp-content\/uploads\/2022\/10\/PP8PPxBE3.jpg\" \/>\n\t<meta property=\"og:image:width\" content=\"2048\" \/>\n\t<meta property=\"og:image:height\" content=\"1536\" \/>\n\t<meta property=\"og:image:type\" content=\"image\/jpeg\" \/>\n<meta name=\"twitter:card\" content=\"summary_large_image\" \/>\n<meta name=\"twitter:label1\" content=\"Est. reading time\" \/>\n\t<meta name=\"twitter:data1\" content=\"1 minute\" \/>\n<script type=\"application\/ld+json\" class=\"yoast-schema-graph\">{\"@context\":\"https:\\\/\\\/schema.org\",\"@graph\":[{\"@type\":\"WebPage\",\"@id\":\"https:\\\/\\\/quadalkatreszek.com\\\/product\\\/elektromos-gyerek-quad-eatv-05-1000watt-bordo-szinben\\\/\",\"url\":\"https:\\\/\\\/quadalkatreszek.com\\\/product\\\/elektromos-gyerek-quad-eatv-05-1000watt-bordo-szinben\\\/\",\"name\":\"Elektromos gyerek quad EATV- 1000W - quadalkatreszek.com\",\"isPartOf\":{\"@id\":\"https:\\\/\\\/quadalkatreszek.com\\\/#website\"},\"primaryImageOfPage\":{\"@id\":\"https:\\\/\\\/quadalkatreszek.com\\\/product\\\/elektromos-gyerek-quad-eatv-05-1000watt-bordo-szinben\\\/#primaryimage\"},\"image\":{\"@id\":\"https:\\\/\\\/quadalkatreszek.com\\\/product\\\/elektromos-gyerek-quad-eatv-05-1000watt-bordo-szinben\\\/#primaryimage\"},\"thumbnailUrl\":\"https:\\\/\\\/quadalkatreszek.com\\\/wp-content\\\/uploads\\\/2022\\\/10\\\/PP8PPxBE3.jpg\",\"datePublished\":\"2022-10-14T09:05:34+00:00\",\"dateModified\":\"2026-02-04T09:40:34+00:00\",\"description\":\"Elektromos gyerek quad EATV 05 bord\u00f3 sz\u00ednben Extra er\u0151s 1000W motorral, garanci\u00e1val \u00e9s teljes alkatr\u00e9sz ut\u00e1np\u00f3tl\u00e1ssal. Az orsz\u00e1gos kisz\u00e1ll\u00edt\u00e1s nagyon kedvez\u0151 \u00e1r\",\"breadcrumb\":{\"@id\":\"https:\\\/\\\/quadalkatreszek.com\\\/product\\\/elektromos-gyerek-quad-eatv-05-1000watt-bordo-szinben\\\/#breadcrumb\"},\"inLanguage\":\"en-US\",\"potentialAction\":[{\"@type\":\"ReadAction\",\"target\":[\"https:\\\/\\\/quadalkatreszek.com\\\/product\\\/elektromos-gyerek-quad-eatv-05-1000watt-bordo-szinben\\\/\"]}]},{\"@type\":\"ImageObject\",\"inLanguage\":\"en-US\",\"@id\":\"https:\\\/\\\/quadalkatreszek.com\\\/product\\\/elektromos-gyerek-quad-eatv-05-1000watt-bordo-szinben\\\/#primaryimage\",\"url\":\"https:\\\/\\\/quadalkatreszek.com\\\/wp-content\\\/uploads\\\/2022\\\/10\\\/PP8PPxBE3.jpg\",\"contentUrl\":\"https:\\\/\\\/quadalkatreszek.com\\\/wp-content\\\/uploads\\\/2022\\\/10\\\/PP8PPxBE3.jpg\",\"width\":2048,\"height\":1536,\"caption\":\"Elektromos gyerek quad EATV-05 \\\/ 1200W FFK1200\"},{\"@type\":\"BreadcrumbList\",\"@id\":\"https:\\\/\\\/quadalkatreszek.com\\\/product\\\/elektromos-gyerek-quad-eatv-05-1000watt-bordo-szinben\\\/#breadcrumb\",\"itemListElement\":[{\"@type\":\"ListItem\",\"position\":1,\"name\":\"Kezd\u0151lap\",\"item\":\"https:\\\/\\\/quadalkatreszek.com\\\/\"},{\"@type\":\"ListItem\",\"position\":2,\"name\":\"Shop\",\"item\":\"https:\\\/\\\/quadalkatreszek.com\\\/shop\\\/\"},{\"@type\":\"ListItem\",\"position\":3,\"name\":\"Elektromos gyerek quad EATV-05 \\\/ 1200W FFK1200\"}]},{\"@type\":\"WebSite\",\"@id\":\"https:\\\/\\\/quadalkatreszek.com\\\/#website\",\"url\":\"https:\\\/\\\/quadalkatreszek.com\\\/\",\"name\":\"quadalkatreszek.com\",\"description\":\"alkatr\u00e9szek - azonnal - rakt\u00e1rr\u00f3l\",\"publisher\":{\"@id\":\"https:\\\/\\\/quadalkatreszek.com\\\/#organization\"},\"potentialAction\":[{\"@type\":\"SearchAction\",\"target\":{\"@type\":\"EntryPoint\",\"urlTemplate\":\"https:\\\/\\\/quadalkatreszek.com\\\/?s={search_term_string}\"},\"query-input\":{\"@type\":\"PropertyValueSpecification\",\"valueRequired\":true,\"valueName\":\"search_term_string\"}}],\"inLanguage\":\"en-US\"},{\"@type\":\"Organization\",\"@id\":\"https:\\\/\\\/quadalkatreszek.com\\\/#organization\",\"name\":\"quadalkatreszek.com\",\"url\":\"https:\\\/\\\/quadalkatreszek.com\\\/\",\"logo\":{\"@type\":\"ImageObject\",\"inLanguage\":\"en-US\",\"@id\":\"https:\\\/\\\/quadalkatreszek.com\\\/#\\\/schema\\\/logo\\\/image\\\/\",\"url\":\"https:\\\/\\\/quadalkatreszek.com\\\/wp-content\\\/uploads\\\/2023\\\/01\\\/korlogo-2.png\",\"contentUrl\":\"https:\\\/\\\/quadalkatreszek.com\\\/wp-content\\\/uploads\\\/2023\\\/01\\\/korlogo-2.png\",\"width\":866,\"height\":866,\"caption\":\"quadalkatreszek.com\"},\"image\":{\"@id\":\"https:\\\/\\\/quadalkatreszek.com\\\/#\\\/schema\\\/logo\\\/image\\\/\"}}]}<\/script>\n<!-- \/ Yoast SEO plugin. -->","yoast_head_json":{"title":"Elektromos gyerek quad EATV- 1000W - quadalkatreszek.com","description":"Elektromos gyerek quad EATV 05 bord\u00f3 sz\u00ednben Extra er\u0151s 1000W motorral, garanci\u00e1val \u00e9s teljes alkatr\u00e9sz ut\u00e1np\u00f3tl\u00e1ssal. Az orsz\u00e1gos kisz\u00e1ll\u00edt\u00e1s nagyon kedvez\u0151 \u00e1r","robots":{"index":"index","follow":"follow","max-snippet":"max-snippet:-1","max-image-preview":"max-image-preview:large","max-video-preview":"max-video-preview:-1"},"canonical":"https:\/\/quadalkatreszek.com\/en\/product\/elektromos-gyerek-quad-eatv-05-1000watt-bordo-szinben\/","og_locale":"en_US","og_type":"article","og_title":"Elektromos gyerek quad EATV- 1000W - quadalkatreszek.com","og_description":"Elektromos gyerek quad EATV 05 bord\u00f3 sz\u00ednben Extra er\u0151s 1000W motorral, garanci\u00e1val \u00e9s teljes alkatr\u00e9sz ut\u00e1np\u00f3tl\u00e1ssal. Az orsz\u00e1gos kisz\u00e1ll\u00edt\u00e1s nagyon kedvez\u0151 \u00e1r","og_url":"https:\/\/quadalkatreszek.com\/en\/product\/elektromos-gyerek-quad-eatv-05-1000watt-bordo-szinben\/","og_site_name":"quadalkatreszek.com","article_modified_time":"2026-02-04T09:40:34+00:00","og_image":[{"width":2048,"height":1536,"url":"https:\/\/quadalkatreszek.com\/wp-content\/uploads\/2022\/10\/PP8PPxBE3.jpg","type":"image\/jpeg"}],"twitter_card":"summary_large_image","twitter_misc":{"Est. reading time":"1 minute"},"schema":{"@context":"https:\/\/schema.org","@graph":[{"@type":"WebPage","@id":"https:\/\/quadalkatreszek.com\/product\/elektromos-gyerek-quad-eatv-05-1000watt-bordo-szinben\/","url":"https:\/\/quadalkatreszek.com\/product\/elektromos-gyerek-quad-eatv-05-1000watt-bordo-szinben\/","name":"Elektromos gyerek quad EATV- 1000W - quadalkatreszek.com","isPartOf":{"@id":"https:\/\/quadalkatreszek.com\/#website"},"primaryImageOfPage":{"@id":"https:\/\/quadalkatreszek.com\/product\/elektromos-gyerek-quad-eatv-05-1000watt-bordo-szinben\/#primaryimage"},"image":{"@id":"https:\/\/quadalkatreszek.com\/product\/elektromos-gyerek-quad-eatv-05-1000watt-bordo-szinben\/#primaryimage"},"thumbnailUrl":"https:\/\/quadalkatreszek.com\/wp-content\/uploads\/2022\/10\/PP8PPxBE3.jpg","datePublished":"2022-10-14T09:05:34+00:00","dateModified":"2026-02-04T09:40:34+00:00","description":"Elektromos gyerek quad EATV 05 bord\u00f3 sz\u00ednben Extra er\u0151s 1000W motorral, garanci\u00e1val \u00e9s teljes alkatr\u00e9sz ut\u00e1np\u00f3tl\u00e1ssal. Az orsz\u00e1gos kisz\u00e1ll\u00edt\u00e1s nagyon kedvez\u0151 \u00e1r","breadcrumb":{"@id":"https:\/\/quadalkatreszek.com\/product\/elektromos-gyerek-quad-eatv-05-1000watt-bordo-szinben\/#breadcrumb"},"inLanguage":"en-US","potentialAction":[{"@type":"ReadAction","target":["https:\/\/quadalkatreszek.com\/product\/elektromos-gyerek-quad-eatv-05-1000watt-bordo-szinben\/"]}]},{"@type":"ImageObject","inLanguage":"en-US","@id":"https:\/\/quadalkatreszek.com\/product\/elektromos-gyerek-quad-eatv-05-1000watt-bordo-szinben\/#primaryimage","url":"https:\/\/quadalkatreszek.com\/wp-content\/uploads\/2022\/10\/PP8PPxBE3.jpg","contentUrl":"https:\/\/quadalkatreszek.com\/wp-content\/uploads\/2022\/10\/PP8PPxBE3.jpg","width":2048,"height":1536,"caption":"Elektromos gyerek quad EATV-05 \/ 1200W FFK1200"},{"@type":"BreadcrumbList","@id":"https:\/\/quadalkatreszek.com\/product\/elektromos-gyerek-quad-eatv-05-1000watt-bordo-szinben\/#breadcrumb","itemListElement":[{"@type":"ListItem","position":1,"name":"Kezd\u0151lap","item":"https:\/\/quadalkatreszek.com\/"},{"@type":"ListItem","position":2,"name":"Shop","item":"https:\/\/quadalkatreszek.com\/shop\/"},{"@type":"ListItem","position":3,"name":"Elektromos gyerek quad EATV-05 \/ 1200W FFK1200"}]},{"@type":"WebSite","@id":"https:\/\/quadalkatreszek.com\/#website","url":"https:\/\/quadalkatreszek.com\/","name":"quadalkatreszek.com","description":"alkatr\u00e9szek - azonnal - rakt\u00e1rr\u00f3l","publisher":{"@id":"https:\/\/quadalkatreszek.com\/#organization"},"potentialAction":[{"@type":"SearchAction","target":{"@type":"EntryPoint","urlTemplate":"https:\/\/quadalkatreszek.com\/?s={search_term_string}"},"query-input":{"@type":"PropertyValueSpecification","valueRequired":true,"valueName":"search_term_string"}}],"inLanguage":"en-US"},{"@type":"Organization","@id":"https:\/\/quadalkatreszek.com\/#organization","name":"quadalkatreszek.com","url":"https:\/\/quadalkatreszek.com\/","logo":{"@type":"ImageObject","inLanguage":"en-US","@id":"https:\/\/quadalkatreszek.com\/#\/schema\/logo\/image\/","url":"https:\/\/quadalkatreszek.com\/wp-content\/uploads\/2023\/01\/korlogo-2.png","contentUrl":"https:\/\/quadalkatreszek.com\/wp-content\/uploads\/2023\/01\/korlogo-2.png","width":866,"height":866,"caption":"quadalkatreszek.com"},"image":{"@id":"https:\/\/quadalkatreszek.com\/#\/schema\/logo\/image\/"}}]}},"_links":{"self":[{"href":"https:\/\/quadalkatreszek.com\/en\/wp-json\/wp\/v2\/product\/31302","targetHints":{"allow":["GET"]}}],"collection":[{"href":"https:\/\/quadalkatreszek.com\/en\/wp-json\/wp\/v2\/product"}],"about":[{"href":"https:\/\/quadalkatreszek.com\/en\/wp-json\/wp\/v2\/types\/product"}],"replies":[{"embeddable":true,"href":"https:\/\/quadalkatreszek.com\/en\/wp-json\/wp\/v2\/comments?post=31302"}],"wp:featuredmedia":[{"embeddable":true,"href":"https:\/\/quadalkatreszek.com\/en\/wp-json\/wp\/v2\/media\/53669"}],"wp:attachment":[{"href":"https:\/\/quadalkatreszek.com\/en\/wp-json\/wp\/v2\/media?parent=31302"}],"wp:term":[{"taxonomy":"product_brand","embeddable":true,"href":"https:\/\/quadalkatreszek.com\/en\/wp-json\/wp\/v2\/product_brand?post=31302"},{"taxonomy":"product_cat","embeddable":true,"href":"https:\/\/quadalkatreszek.com\/en\/wp-json\/wp\/v2\/product_cat?post=31302"},{"taxonomy":"product_tag","embeddable":true,"href":"https:\/\/quadalkatreszek.com\/en\/wp-json\/wp\/v2\/product_tag?post=31302"}],"curies":[{"name":"wp","href":"https:\/\/api.w.org\/{rel}","templated":true}]}}