{"id":31385,"date":"2022-11-09T11:24:44","date_gmt":"2022-11-09T10:24:44","guid":{"rendered":"https:\/\/quadalkatreszek.com\/?post_type=product&#038;p=31385#"},"modified":"2026-05-03T18:32:27","modified_gmt":"2026-05-03T17:32:27","slug":"bull-200-quad-fekcso-75cm-hosszu","status":"publish","type":"product","link":"https:\/\/quadalkatreszek.com\/en\/product\/bull-200-quad-fekcso-75cm-hosszu\/","title":{"rendered":"Bull 200 quad f\u00e9kcs\u0151 75cm hossz\u00fa"},"content":{"rendered":"<p>Bull 200 quad f\u00e9kcs\u0151 75cm hossz\u00fa<\/p>\n<p>&#8211; &#8211; &#8211;<br \/>\n<!--kkod_start--><\/p>\n<div class=\"kkod-visible\">kkod:129<\/div>\n<p><!--kkod_end--><\/p>","protected":false},"excerpt":{"rendered":"<p>Bull 200 quad f\u00e9kcs\u0151 75cm hossz\u00fa<\/p>","protected":false},"featured_media":31377,"comment_status":"open","ping_status":"closed","template":"","meta":[],"product_brand":[],"product_cat":[71],"product_tag":[],"class_list":{"0":"post-31385","1":"product","2":"type-product","3":"status-publish","4":"has-post-thumbnail","6":"product_cat-egyeb-fek-alkatresz","8":"first","9":"instock","10":"shipping-taxable","11":"purchasable","12":"product-type-simple"},"yoast_head":"<!-- This site is optimized with the Yoast SEO plugin v27.5 - https:\/\/yoast.com\/product\/yoast-seo-wordpress\/ -->\n<title>Bull 200 quad f\u00e9kcs\u0151 75cm hossz\u00fa - quadalkatreszek.com<\/title>\n<meta name=\"description\" content=\"Bull 200 quad f\u00e9kcs\u0151 75cm hossz\u00fa   - - - kkod:129\" \/>\n<meta name=\"robots\" content=\"index, follow, max-snippet:-1, max-image-preview:large, max-video-preview:-1\" \/>\n<link rel=\"canonical\" href=\"https:\/\/quadalkatreszek.com\/en\/product\/bull-200-quad-fekcso-75cm-hosszu\/\" \/>\n<meta property=\"og:locale\" content=\"en_US\" \/>\n<meta property=\"og:type\" content=\"article\" \/>\n<meta property=\"og:title\" content=\"Bull 200 quad f\u00e9kcs\u0151 75cm hossz\u00fa - quadalkatreszek.com\" \/>\n<meta property=\"og:description\" content=\"Bull 200 quad f\u00e9kcs\u0151 75cm hossz\u00fa   - - - kkod:129\" \/>\n<meta property=\"og:url\" content=\"https:\/\/quadalkatreszek.com\/en\/product\/bull-200-quad-fekcso-75cm-hosszu\/\" \/>\n<meta property=\"og:site_name\" content=\"quadalkatreszek.com\" \/>\n<meta property=\"article:modified_time\" content=\"2026-05-03T17:32:27+00:00\" \/>\n<meta property=\"og:image\" content=\"https:\/\/quadalkatreszek.com\/wp-content\/uploads\/2022\/11\/5457.jpg\" \/>\n\t<meta property=\"og:image:width\" content=\"749\" \/>\n\t<meta property=\"og:image:height\" content=\"639\" \/>\n\t<meta property=\"og:image:type\" content=\"image\/jpeg\" \/>\n<meta name=\"twitter:card\" content=\"summary_large_image\" \/>\n<script type=\"application\/ld+json\" class=\"yoast-schema-graph\">{\"@context\":\"https:\\\/\\\/schema.org\",\"@graph\":[{\"@type\":\"WebPage\",\"@id\":\"https:\\\/\\\/quadalkatreszek.com\\\/product\\\/bull-200-quad-fekcso-75cm-hosszu\\\/\",\"url\":\"https:\\\/\\\/quadalkatreszek.com\\\/product\\\/bull-200-quad-fekcso-75cm-hosszu\\\/\",\"name\":\"Bull 200 quad f\u00e9kcs\u0151 75cm hossz\u00fa - quadalkatreszek.com\",\"isPartOf\":{\"@id\":\"https:\\\/\\\/quadalkatreszek.com\\\/#website\"},\"primaryImageOfPage\":{\"@id\":\"https:\\\/\\\/quadalkatreszek.com\\\/product\\\/bull-200-quad-fekcso-75cm-hosszu\\\/#primaryimage\"},\"image\":{\"@id\":\"https:\\\/\\\/quadalkatreszek.com\\\/product\\\/bull-200-quad-fekcso-75cm-hosszu\\\/#primaryimage\"},\"thumbnailUrl\":\"https:\\\/\\\/quadalkatreszek.com\\\/wp-content\\\/uploads\\\/2022\\\/11\\\/5457.jpg\",\"datePublished\":\"2022-11-09T10:24:44+00:00\",\"dateModified\":\"2026-05-03T17:32:27+00:00\",\"description\":\"Bull 200 quad f\u00e9kcs\u0151 75cm hossz\u00fa - - - kkod:129\",\"breadcrumb\":{\"@id\":\"https:\\\/\\\/quadalkatreszek.com\\\/product\\\/bull-200-quad-fekcso-75cm-hosszu\\\/#breadcrumb\"},\"inLanguage\":\"en-US\",\"potentialAction\":[{\"@type\":\"ReadAction\",\"target\":[\"https:\\\/\\\/quadalkatreszek.com\\\/product\\\/bull-200-quad-fekcso-75cm-hosszu\\\/\"]}]},{\"@type\":\"ImageObject\",\"inLanguage\":\"en-US\",\"@id\":\"https:\\\/\\\/quadalkatreszek.com\\\/product\\\/bull-200-quad-fekcso-75cm-hosszu\\\/#primaryimage\",\"url\":\"https:\\\/\\\/quadalkatreszek.com\\\/wp-content\\\/uploads\\\/2022\\\/11\\\/5457.jpg\",\"contentUrl\":\"https:\\\/\\\/quadalkatreszek.com\\\/wp-content\\\/uploads\\\/2022\\\/11\\\/5457.jpg\",\"width\":749,\"height\":639,\"caption\":\"Bull 200 quad f\u00e9kcs\u0151 75cm hossz\u00fa\"},{\"@type\":\"BreadcrumbList\",\"@id\":\"https:\\\/\\\/quadalkatreszek.com\\\/product\\\/bull-200-quad-fekcso-75cm-hosszu\\\/#breadcrumb\",\"itemListElement\":[{\"@type\":\"ListItem\",\"position\":1,\"name\":\"Kezd\u0151lap\",\"item\":\"https:\\\/\\\/quadalkatreszek.com\\\/\"},{\"@type\":\"ListItem\",\"position\":2,\"name\":\"Shop\",\"item\":\"https:\\\/\\\/quadalkatreszek.com\\\/shop\\\/\"},{\"@type\":\"ListItem\",\"position\":3,\"name\":\"Bull 200 quad f\u00e9kcs\u0151 75cm hossz\u00fa\"}]},{\"@type\":\"WebSite\",\"@id\":\"https:\\\/\\\/quadalkatreszek.com\\\/#website\",\"url\":\"https:\\\/\\\/quadalkatreszek.com\\\/\",\"name\":\"quadalkatreszek.com\",\"description\":\"alkatr\u00e9szek - azonnal - rakt\u00e1rr\u00f3l\",\"publisher\":{\"@id\":\"https:\\\/\\\/quadalkatreszek.com\\\/#organization\"},\"potentialAction\":[{\"@type\":\"SearchAction\",\"target\":{\"@type\":\"EntryPoint\",\"urlTemplate\":\"https:\\\/\\\/quadalkatreszek.com\\\/?s={search_term_string}\"},\"query-input\":{\"@type\":\"PropertyValueSpecification\",\"valueRequired\":true,\"valueName\":\"search_term_string\"}}],\"inLanguage\":\"en-US\"},{\"@type\":\"Organization\",\"@id\":\"https:\\\/\\\/quadalkatreszek.com\\\/#organization\",\"name\":\"quadalkatreszek.com\",\"url\":\"https:\\\/\\\/quadalkatreszek.com\\\/\",\"logo\":{\"@type\":\"ImageObject\",\"inLanguage\":\"en-US\",\"@id\":\"https:\\\/\\\/quadalkatreszek.com\\\/#\\\/schema\\\/logo\\\/image\\\/\",\"url\":\"https:\\\/\\\/quadalkatreszek.com\\\/wp-content\\\/uploads\\\/2023\\\/01\\\/korlogo-2.png\",\"contentUrl\":\"https:\\\/\\\/quadalkatreszek.com\\\/wp-content\\\/uploads\\\/2023\\\/01\\\/korlogo-2.png\",\"width\":866,\"height\":866,\"caption\":\"quadalkatreszek.com\"},\"image\":{\"@id\":\"https:\\\/\\\/quadalkatreszek.com\\\/#\\\/schema\\\/logo\\\/image\\\/\"}}]}<\/script>\n<!-- \/ Yoast SEO plugin. -->","yoast_head_json":{"title":"Bull 200 quad f\u00e9kcs\u0151 75cm hossz\u00fa - quadalkatreszek.com","description":"Bull 200 quad f\u00e9kcs\u0151 75cm hossz\u00fa   - - - kkod:129","robots":{"index":"index","follow":"follow","max-snippet":"max-snippet:-1","max-image-preview":"max-image-preview:large","max-video-preview":"max-video-preview:-1"},"canonical":"https:\/\/quadalkatreszek.com\/en\/product\/bull-200-quad-fekcso-75cm-hosszu\/","og_locale":"en_US","og_type":"article","og_title":"Bull 200 quad f\u00e9kcs\u0151 75cm hossz\u00fa - quadalkatreszek.com","og_description":"Bull 200 quad f\u00e9kcs\u0151 75cm hossz\u00fa   - - - kkod:129","og_url":"https:\/\/quadalkatreszek.com\/en\/product\/bull-200-quad-fekcso-75cm-hosszu\/","og_site_name":"quadalkatreszek.com","article_modified_time":"2026-05-03T17:32:27+00:00","og_image":[{"width":749,"height":639,"url":"https:\/\/quadalkatreszek.com\/wp-content\/uploads\/2022\/11\/5457.jpg","type":"image\/jpeg"}],"twitter_card":"summary_large_image","schema":{"@context":"https:\/\/schema.org","@graph":[{"@type":"WebPage","@id":"https:\/\/quadalkatreszek.com\/product\/bull-200-quad-fekcso-75cm-hosszu\/","url":"https:\/\/quadalkatreszek.com\/product\/bull-200-quad-fekcso-75cm-hosszu\/","name":"Bull 200 quad f\u00e9kcs\u0151 75cm hossz\u00fa - quadalkatreszek.com","isPartOf":{"@id":"https:\/\/quadalkatreszek.com\/#website"},"primaryImageOfPage":{"@id":"https:\/\/quadalkatreszek.com\/product\/bull-200-quad-fekcso-75cm-hosszu\/#primaryimage"},"image":{"@id":"https:\/\/quadalkatreszek.com\/product\/bull-200-quad-fekcso-75cm-hosszu\/#primaryimage"},"thumbnailUrl":"https:\/\/quadalkatreszek.com\/wp-content\/uploads\/2022\/11\/5457.jpg","datePublished":"2022-11-09T10:24:44+00:00","dateModified":"2026-05-03T17:32:27+00:00","description":"Bull 200 quad f\u00e9kcs\u0151 75cm hossz\u00fa - - - kkod:129","breadcrumb":{"@id":"https:\/\/quadalkatreszek.com\/product\/bull-200-quad-fekcso-75cm-hosszu\/#breadcrumb"},"inLanguage":"en-US","potentialAction":[{"@type":"ReadAction","target":["https:\/\/quadalkatreszek.com\/product\/bull-200-quad-fekcso-75cm-hosszu\/"]}]},{"@type":"ImageObject","inLanguage":"en-US","@id":"https:\/\/quadalkatreszek.com\/product\/bull-200-quad-fekcso-75cm-hosszu\/#primaryimage","url":"https:\/\/quadalkatreszek.com\/wp-content\/uploads\/2022\/11\/5457.jpg","contentUrl":"https:\/\/quadalkatreszek.com\/wp-content\/uploads\/2022\/11\/5457.jpg","width":749,"height":639,"caption":"Bull 200 quad f\u00e9kcs\u0151 75cm hossz\u00fa"},{"@type":"BreadcrumbList","@id":"https:\/\/quadalkatreszek.com\/product\/bull-200-quad-fekcso-75cm-hosszu\/#breadcrumb","itemListElement":[{"@type":"ListItem","position":1,"name":"Kezd\u0151lap","item":"https:\/\/quadalkatreszek.com\/"},{"@type":"ListItem","position":2,"name":"Shop","item":"https:\/\/quadalkatreszek.com\/shop\/"},{"@type":"ListItem","position":3,"name":"Bull 200 quad f\u00e9kcs\u0151 75cm hossz\u00fa"}]},{"@type":"WebSite","@id":"https:\/\/quadalkatreszek.com\/#website","url":"https:\/\/quadalkatreszek.com\/","name":"quadalkatreszek.com","description":"alkatr\u00e9szek - azonnal - rakt\u00e1rr\u00f3l","publisher":{"@id":"https:\/\/quadalkatreszek.com\/#organization"},"potentialAction":[{"@type":"SearchAction","target":{"@type":"EntryPoint","urlTemplate":"https:\/\/quadalkatreszek.com\/?s={search_term_string}"},"query-input":{"@type":"PropertyValueSpecification","valueRequired":true,"valueName":"search_term_string"}}],"inLanguage":"en-US"},{"@type":"Organization","@id":"https:\/\/quadalkatreszek.com\/#organization","name":"quadalkatreszek.com","url":"https:\/\/quadalkatreszek.com\/","logo":{"@type":"ImageObject","inLanguage":"en-US","@id":"https:\/\/quadalkatreszek.com\/#\/schema\/logo\/image\/","url":"https:\/\/quadalkatreszek.com\/wp-content\/uploads\/2023\/01\/korlogo-2.png","contentUrl":"https:\/\/quadalkatreszek.com\/wp-content\/uploads\/2023\/01\/korlogo-2.png","width":866,"height":866,"caption":"quadalkatreszek.com"},"image":{"@id":"https:\/\/quadalkatreszek.com\/#\/schema\/logo\/image\/"}}]}},"_links":{"self":[{"href":"https:\/\/quadalkatreszek.com\/en\/wp-json\/wp\/v2\/product\/31385","targetHints":{"allow":["GET"]}}],"collection":[{"href":"https:\/\/quadalkatreszek.com\/en\/wp-json\/wp\/v2\/product"}],"about":[{"href":"https:\/\/quadalkatreszek.com\/en\/wp-json\/wp\/v2\/types\/product"}],"replies":[{"embeddable":true,"href":"https:\/\/quadalkatreszek.com\/en\/wp-json\/wp\/v2\/comments?post=31385"}],"wp:featuredmedia":[{"embeddable":true,"href":"https:\/\/quadalkatreszek.com\/en\/wp-json\/wp\/v2\/media\/31377"}],"wp:attachment":[{"href":"https:\/\/quadalkatreszek.com\/en\/wp-json\/wp\/v2\/media?parent=31385"}],"wp:term":[{"taxonomy":"product_brand","embeddable":true,"href":"https:\/\/quadalkatreszek.com\/en\/wp-json\/wp\/v2\/product_brand?post=31385"},{"taxonomy":"product_cat","embeddable":true,"href":"https:\/\/quadalkatreszek.com\/en\/wp-json\/wp\/v2\/product_cat?post=31385"},{"taxonomy":"product_tag","embeddable":true,"href":"https:\/\/quadalkatreszek.com\/en\/wp-json\/wp\/v2\/product_tag?post=31385"}],"curies":[{"name":"wp","href":"https:\/\/api.w.org\/{rel}","templated":true}]}}