{"id":31554,"date":"2023-01-03T12:12:52","date_gmt":"2023-01-03T11:12:52","guid":{"rendered":"https:\/\/quadalkatreszek.com\/?post_type=product&#038;p=31554"},"modified":"2026-04-27T20:26:27","modified_gmt":"2026-04-27T19:26:27","slug":"quad-feszultsegszabalyzo-110-125ccm-barton-highper-gyerek-quadba","status":"publish","type":"product","link":"https:\/\/quadalkatreszek.com\/en\/product\/quad-feszultsegszabalyzo-110-125ccm-barton-highper-gyerek-quadba\/","title":{"rendered":"Quad fesz\u00fclts\u00e9gszab\u00e1lyz\u00f3 110-125cc kxd Ranger \/Barton \/Highper  quadokba kompatibilis"},"content":{"rendered":"<p>4 csatlakoz\u00f3s, p\u00f3lus\u00fa 125 gyerek quad alkatr\u00e9sz<\/p>\n<p>Tao, Apollo, Ranger Kxd 001, Kxd 004, Kxd 006, Kxd 008, barton \u00e9s Highper\u00a0\u00e9s egy\u00e9b k\u00ednai<br \/>\nm\u00e1rk\u00e1khoz is KOMPATIBILIS ezekbe is be\u00e9p\u00edthet\u0151, beszerelhet\u0151 k\u00ednai alkatr\u00e9sz!<\/p>\n<p>Univerz\u00e1lis , teh\u00e1t rengeteg m\u00e1s k\u00ednai modellre is felszerelhet\u0151.<\/p>\n<p>Ha m\u00e1s fesz\u00fclts\u00e9gszab\u00e1lyz\u00f3t szeretn\u00e9l, akkor <a href=\"https:\/\/quadalkatreszek.com\/en\/product-category\/quad-esdirt-bike-elktronika\/feszultsegszabalyzo\/\">kattints ide az \u00f6sszes fesz\u00fclts\u00e9gszab\u00e1lyz\u00f3 megjelen\u00edt\u00e9s\u00e9hez<\/a> vagy haszn\u00e1ld a fenti keres\u0151mez\u0151t<\/p>\n<p>&nbsp;<\/p>\n<p>&#8211; &#8211; &#8211;<br \/>\n<!--kkod_start--><\/p>\n<div class=\"kkod-visible\">kkod:98<\/div>\n<p><!--kkod_end--><\/p>","protected":false},"excerpt":{"rendered":"<p>125cc gyerek quad fesz\u00fclts\u00e9gszab\u00e1lyz\u00f3<\/p>","protected":false},"featured_media":31549,"comment_status":"open","ping_status":"closed","template":"","meta":[],"product_brand":[],"product_cat":[52],"product_tag":[],"class_list":{"0":"post-31554","1":"product","2":"type-product","3":"status-publish","4":"has-post-thumbnail","6":"product_cat-feszultsegszabalyzo","8":"first","9":"instock","10":"sale","11":"shipping-taxable","12":"purchasable","13":"product-type-simple"},"yoast_head":"<!-- This site is optimized with the Yoast SEO plugin v27.5 - https:\/\/yoast.com\/product\/yoast-seo-wordpress\/ -->\n<title>125 quad alkatr\u00e9sz fesz\u00fclts\u00e9gszab\u00e1lyz\u00f3 125ccm gyerek quadokba<\/title>\n<meta name=\"description\" content=\"125cc quad alkatr\u00e9sz fesz\u00fclts\u00e9gszab\u00e1lyz\u00f3 110- 125ccm gyerek quadokba T\u00f6bb ezer k\u00ednai quad alkatr\u00e9sz egy helyen, 24-48 \u00f3r\u00e1n bel\u00fcl sz\u00e1ll\u00edtjuk\" \/>\n<meta name=\"robots\" content=\"index, follow, max-snippet:-1, max-image-preview:large, max-video-preview:-1\" \/>\n<link rel=\"canonical\" href=\"https:\/\/quadalkatreszek.com\/en\/product\/quad-feszultsegszabalyzo-110-125ccm-barton-highper-gyerek-quadba\/\" \/>\n<meta property=\"og:locale\" content=\"en_US\" \/>\n<meta property=\"og:type\" content=\"article\" \/>\n<meta property=\"og:title\" content=\"125 quad alkatr\u00e9sz fesz\u00fclts\u00e9gszab\u00e1lyz\u00f3 125ccm gyerek quadokba\" \/>\n<meta property=\"og:description\" content=\"125cc quad alkatr\u00e9sz fesz\u00fclts\u00e9gszab\u00e1lyz\u00f3 110- 125ccm gyerek quadokba T\u00f6bb ezer k\u00ednai quad alkatr\u00e9sz egy helyen, 24-48 \u00f3r\u00e1n bel\u00fcl sz\u00e1ll\u00edtjuk\" \/>\n<meta property=\"og:url\" content=\"https:\/\/quadalkatreszek.com\/en\/product\/quad-feszultsegszabalyzo-110-125ccm-barton-highper-gyerek-quadba\/\" \/>\n<meta property=\"og:site_name\" content=\"quadalkatreszek.com\" \/>\n<meta property=\"article:modified_time\" content=\"2026-04-27T19:26:27+00:00\" \/>\n<meta property=\"og:image\" content=\"https:\/\/quadalkatreszek.com\/wp-content\/uploads\/2023\/01\/f05.jpg\" \/>\n\t<meta property=\"og:image:width\" content=\"605\" \/>\n\t<meta property=\"og:image:height\" content=\"500\" \/>\n\t<meta property=\"og:image:type\" content=\"image\/jpeg\" \/>\n<meta name=\"twitter:card\" content=\"summary_large_image\" \/>\n<script type=\"application\/ld+json\" class=\"yoast-schema-graph\">{\"@context\":\"https:\\\/\\\/schema.org\",\"@graph\":[{\"@type\":\"WebPage\",\"@id\":\"https:\\\/\\\/quadalkatreszek.com\\\/product\\\/quad-feszultsegszabalyzo-110-125ccm-barton-highper-gyerek-quadba\\\/\",\"url\":\"https:\\\/\\\/quadalkatreszek.com\\\/product\\\/quad-feszultsegszabalyzo-110-125ccm-barton-highper-gyerek-quadba\\\/\",\"name\":\"125 quad alkatr\u00e9sz fesz\u00fclts\u00e9gszab\u00e1lyz\u00f3 125ccm gyerek quadokba\",\"isPartOf\":{\"@id\":\"https:\\\/\\\/quadalkatreszek.com\\\/#website\"},\"primaryImageOfPage\":{\"@id\":\"https:\\\/\\\/quadalkatreszek.com\\\/product\\\/quad-feszultsegszabalyzo-110-125ccm-barton-highper-gyerek-quadba\\\/#primaryimage\"},\"image\":{\"@id\":\"https:\\\/\\\/quadalkatreszek.com\\\/product\\\/quad-feszultsegszabalyzo-110-125ccm-barton-highper-gyerek-quadba\\\/#primaryimage\"},\"thumbnailUrl\":\"https:\\\/\\\/quadalkatreszek.com\\\/wp-content\\\/uploads\\\/2023\\\/01\\\/f05.jpg\",\"datePublished\":\"2023-01-03T11:12:52+00:00\",\"dateModified\":\"2026-04-27T19:26:27+00:00\",\"description\":\"125cc quad alkatr\u00e9sz fesz\u00fclts\u00e9gszab\u00e1lyz\u00f3 110- 125ccm gyerek quadokba T\u00f6bb ezer k\u00ednai quad alkatr\u00e9sz egy helyen, 24-48 \u00f3r\u00e1n bel\u00fcl sz\u00e1ll\u00edtjuk\",\"breadcrumb\":{\"@id\":\"https:\\\/\\\/quadalkatreszek.com\\\/product\\\/quad-feszultsegszabalyzo-110-125ccm-barton-highper-gyerek-quadba\\\/#breadcrumb\"},\"inLanguage\":\"en-US\",\"potentialAction\":[{\"@type\":\"ReadAction\",\"target\":[\"https:\\\/\\\/quadalkatreszek.com\\\/product\\\/quad-feszultsegszabalyzo-110-125ccm-barton-highper-gyerek-quadba\\\/\"]}]},{\"@type\":\"ImageObject\",\"inLanguage\":\"en-US\",\"@id\":\"https:\\\/\\\/quadalkatreszek.com\\\/product\\\/quad-feszultsegszabalyzo-110-125ccm-barton-highper-gyerek-quadba\\\/#primaryimage\",\"url\":\"https:\\\/\\\/quadalkatreszek.com\\\/wp-content\\\/uploads\\\/2023\\\/01\\\/f05.jpg\",\"contentUrl\":\"https:\\\/\\\/quadalkatreszek.com\\\/wp-content\\\/uploads\\\/2023\\\/01\\\/f05.jpg\",\"width\":605,\"height\":500,\"caption\":\"K\u00ednai kxd gyerek quad fesz\u00fclts\u00e9gszab\u00e1lyz\u00f3\"},{\"@type\":\"BreadcrumbList\",\"@id\":\"https:\\\/\\\/quadalkatreszek.com\\\/product\\\/quad-feszultsegszabalyzo-110-125ccm-barton-highper-gyerek-quadba\\\/#breadcrumb\",\"itemListElement\":[{\"@type\":\"ListItem\",\"position\":1,\"name\":\"Kezd\u0151lap\",\"item\":\"https:\\\/\\\/quadalkatreszek.com\\\/\"},{\"@type\":\"ListItem\",\"position\":2,\"name\":\"Shop\",\"item\":\"https:\\\/\\\/quadalkatreszek.com\\\/shop\\\/\"},{\"@type\":\"ListItem\",\"position\":3,\"name\":\"Quad fesz\u00fclts\u00e9gszab\u00e1lyz\u00f3 110-125cc kxd Ranger \\\/Barton \\\/Highper quadokba kompatibilis\"}]},{\"@type\":\"WebSite\",\"@id\":\"https:\\\/\\\/quadalkatreszek.com\\\/#website\",\"url\":\"https:\\\/\\\/quadalkatreszek.com\\\/\",\"name\":\"quadalkatreszek.com\",\"description\":\"alkatr\u00e9szek - azonnal - rakt\u00e1rr\u00f3l\",\"publisher\":{\"@id\":\"https:\\\/\\\/quadalkatreszek.com\\\/#organization\"},\"potentialAction\":[{\"@type\":\"SearchAction\",\"target\":{\"@type\":\"EntryPoint\",\"urlTemplate\":\"https:\\\/\\\/quadalkatreszek.com\\\/?s={search_term_string}\"},\"query-input\":{\"@type\":\"PropertyValueSpecification\",\"valueRequired\":true,\"valueName\":\"search_term_string\"}}],\"inLanguage\":\"en-US\"},{\"@type\":\"Organization\",\"@id\":\"https:\\\/\\\/quadalkatreszek.com\\\/#organization\",\"name\":\"quadalkatreszek.com\",\"url\":\"https:\\\/\\\/quadalkatreszek.com\\\/\",\"logo\":{\"@type\":\"ImageObject\",\"inLanguage\":\"en-US\",\"@id\":\"https:\\\/\\\/quadalkatreszek.com\\\/#\\\/schema\\\/logo\\\/image\\\/\",\"url\":\"https:\\\/\\\/quadalkatreszek.com\\\/wp-content\\\/uploads\\\/2023\\\/01\\\/korlogo-2.png\",\"contentUrl\":\"https:\\\/\\\/quadalkatreszek.com\\\/wp-content\\\/uploads\\\/2023\\\/01\\\/korlogo-2.png\",\"width\":866,\"height\":866,\"caption\":\"quadalkatreszek.com\"},\"image\":{\"@id\":\"https:\\\/\\\/quadalkatreszek.com\\\/#\\\/schema\\\/logo\\\/image\\\/\"}}]}<\/script>\n<!-- \/ Yoast SEO plugin. -->","yoast_head_json":{"title":"125 quad alkatr\u00e9sz fesz\u00fclts\u00e9gszab\u00e1lyz\u00f3 125ccm gyerek quadokba","description":"125cc quad alkatr\u00e9sz fesz\u00fclts\u00e9gszab\u00e1lyz\u00f3 110- 125ccm gyerek quadokba T\u00f6bb ezer k\u00ednai quad alkatr\u00e9sz egy helyen, 24-48 \u00f3r\u00e1n bel\u00fcl sz\u00e1ll\u00edtjuk","robots":{"index":"index","follow":"follow","max-snippet":"max-snippet:-1","max-image-preview":"max-image-preview:large","max-video-preview":"max-video-preview:-1"},"canonical":"https:\/\/quadalkatreszek.com\/en\/product\/quad-feszultsegszabalyzo-110-125ccm-barton-highper-gyerek-quadba\/","og_locale":"en_US","og_type":"article","og_title":"125 quad alkatr\u00e9sz fesz\u00fclts\u00e9gszab\u00e1lyz\u00f3 125ccm gyerek quadokba","og_description":"125cc quad alkatr\u00e9sz fesz\u00fclts\u00e9gszab\u00e1lyz\u00f3 110- 125ccm gyerek quadokba T\u00f6bb ezer k\u00ednai quad alkatr\u00e9sz egy helyen, 24-48 \u00f3r\u00e1n bel\u00fcl sz\u00e1ll\u00edtjuk","og_url":"https:\/\/quadalkatreszek.com\/en\/product\/quad-feszultsegszabalyzo-110-125ccm-barton-highper-gyerek-quadba\/","og_site_name":"quadalkatreszek.com","article_modified_time":"2026-04-27T19:26:27+00:00","og_image":[{"width":605,"height":500,"url":"https:\/\/quadalkatreszek.com\/wp-content\/uploads\/2023\/01\/f05.jpg","type":"image\/jpeg"}],"twitter_card":"summary_large_image","schema":{"@context":"https:\/\/schema.org","@graph":[{"@type":"WebPage","@id":"https:\/\/quadalkatreszek.com\/product\/quad-feszultsegszabalyzo-110-125ccm-barton-highper-gyerek-quadba\/","url":"https:\/\/quadalkatreszek.com\/product\/quad-feszultsegszabalyzo-110-125ccm-barton-highper-gyerek-quadba\/","name":"125 quad alkatr\u00e9sz fesz\u00fclts\u00e9gszab\u00e1lyz\u00f3 125ccm gyerek quadokba","isPartOf":{"@id":"https:\/\/quadalkatreszek.com\/#website"},"primaryImageOfPage":{"@id":"https:\/\/quadalkatreszek.com\/product\/quad-feszultsegszabalyzo-110-125ccm-barton-highper-gyerek-quadba\/#primaryimage"},"image":{"@id":"https:\/\/quadalkatreszek.com\/product\/quad-feszultsegszabalyzo-110-125ccm-barton-highper-gyerek-quadba\/#primaryimage"},"thumbnailUrl":"https:\/\/quadalkatreszek.com\/wp-content\/uploads\/2023\/01\/f05.jpg","datePublished":"2023-01-03T11:12:52+00:00","dateModified":"2026-04-27T19:26:27+00:00","description":"125cc quad alkatr\u00e9sz fesz\u00fclts\u00e9gszab\u00e1lyz\u00f3 110- 125ccm gyerek quadokba T\u00f6bb ezer k\u00ednai quad alkatr\u00e9sz egy helyen, 24-48 \u00f3r\u00e1n bel\u00fcl sz\u00e1ll\u00edtjuk","breadcrumb":{"@id":"https:\/\/quadalkatreszek.com\/product\/quad-feszultsegszabalyzo-110-125ccm-barton-highper-gyerek-quadba\/#breadcrumb"},"inLanguage":"en-US","potentialAction":[{"@type":"ReadAction","target":["https:\/\/quadalkatreszek.com\/product\/quad-feszultsegszabalyzo-110-125ccm-barton-highper-gyerek-quadba\/"]}]},{"@type":"ImageObject","inLanguage":"en-US","@id":"https:\/\/quadalkatreszek.com\/product\/quad-feszultsegszabalyzo-110-125ccm-barton-highper-gyerek-quadba\/#primaryimage","url":"https:\/\/quadalkatreszek.com\/wp-content\/uploads\/2023\/01\/f05.jpg","contentUrl":"https:\/\/quadalkatreszek.com\/wp-content\/uploads\/2023\/01\/f05.jpg","width":605,"height":500,"caption":"K\u00ednai kxd gyerek quad fesz\u00fclts\u00e9gszab\u00e1lyz\u00f3"},{"@type":"BreadcrumbList","@id":"https:\/\/quadalkatreszek.com\/product\/quad-feszultsegszabalyzo-110-125ccm-barton-highper-gyerek-quadba\/#breadcrumb","itemListElement":[{"@type":"ListItem","position":1,"name":"Kezd\u0151lap","item":"https:\/\/quadalkatreszek.com\/"},{"@type":"ListItem","position":2,"name":"Shop","item":"https:\/\/quadalkatreszek.com\/shop\/"},{"@type":"ListItem","position":3,"name":"Quad fesz\u00fclts\u00e9gszab\u00e1lyz\u00f3 110-125cc kxd Ranger \/Barton \/Highper quadokba kompatibilis"}]},{"@type":"WebSite","@id":"https:\/\/quadalkatreszek.com\/#website","url":"https:\/\/quadalkatreszek.com\/","name":"quadalkatreszek.com","description":"alkatr\u00e9szek - azonnal - rakt\u00e1rr\u00f3l","publisher":{"@id":"https:\/\/quadalkatreszek.com\/#organization"},"potentialAction":[{"@type":"SearchAction","target":{"@type":"EntryPoint","urlTemplate":"https:\/\/quadalkatreszek.com\/?s={search_term_string}"},"query-input":{"@type":"PropertyValueSpecification","valueRequired":true,"valueName":"search_term_string"}}],"inLanguage":"en-US"},{"@type":"Organization","@id":"https:\/\/quadalkatreszek.com\/#organization","name":"quadalkatreszek.com","url":"https:\/\/quadalkatreszek.com\/","logo":{"@type":"ImageObject","inLanguage":"en-US","@id":"https:\/\/quadalkatreszek.com\/#\/schema\/logo\/image\/","url":"https:\/\/quadalkatreszek.com\/wp-content\/uploads\/2023\/01\/korlogo-2.png","contentUrl":"https:\/\/quadalkatreszek.com\/wp-content\/uploads\/2023\/01\/korlogo-2.png","width":866,"height":866,"caption":"quadalkatreszek.com"},"image":{"@id":"https:\/\/quadalkatreszek.com\/#\/schema\/logo\/image\/"}}]}},"_links":{"self":[{"href":"https:\/\/quadalkatreszek.com\/en\/wp-json\/wp\/v2\/product\/31554","targetHints":{"allow":["GET"]}}],"collection":[{"href":"https:\/\/quadalkatreszek.com\/en\/wp-json\/wp\/v2\/product"}],"about":[{"href":"https:\/\/quadalkatreszek.com\/en\/wp-json\/wp\/v2\/types\/product"}],"replies":[{"embeddable":true,"href":"https:\/\/quadalkatreszek.com\/en\/wp-json\/wp\/v2\/comments?post=31554"}],"wp:featuredmedia":[{"embeddable":true,"href":"https:\/\/quadalkatreszek.com\/en\/wp-json\/wp\/v2\/media\/31549"}],"wp:attachment":[{"href":"https:\/\/quadalkatreszek.com\/en\/wp-json\/wp\/v2\/media?parent=31554"}],"wp:term":[{"taxonomy":"product_brand","embeddable":true,"href":"https:\/\/quadalkatreszek.com\/en\/wp-json\/wp\/v2\/product_brand?post=31554"},{"taxonomy":"product_cat","embeddable":true,"href":"https:\/\/quadalkatreszek.com\/en\/wp-json\/wp\/v2\/product_cat?post=31554"},{"taxonomy":"product_tag","embeddable":true,"href":"https:\/\/quadalkatreszek.com\/en\/wp-json\/wp\/v2\/product_tag?post=31554"}],"curies":[{"name":"wp","href":"https:\/\/api.w.org\/{rel}","templated":true}]}}