{"id":31654,"date":"2023-01-10T11:37:10","date_gmt":"2023-01-10T10:37:10","guid":{"rendered":"https:\/\/quadalkatreszek.com\/?post_type=product&#038;p=31654"},"modified":"2026-03-30T17:50:57","modified_gmt":"2026-03-30T16:50:57","slug":"gyerek-quad-cdi-kxd-008-125ccm-gyujtaselektronika-gyari","status":"publish","type":"product","link":"https:\/\/quadalkatreszek.com\/en\/product\/gyerek-quad-cdi-kxd-008-125ccm-gyujtaselektronika-gyari\/","title":{"rendered":"Gyerek quad cdi Kxd 008 125ccm  gy\u00fajt\u00e1selektronika (gy\u00e1ri)"},"content":{"rendered":"<p>Gyerek quad cdi\u00a0 50-110-125ccm gy\u00fajt\u00e1selektronika (CDI) 5 vill\u00e1s.<\/p>\n<p>Tao, Apollo, Ranger Kxd 001, Kxd 004, Kxd 006, Kxd 008, barton \u00e9s Highper\u00a0\u00e9s egy\u00e9b k\u00ednai<br \/>\nm\u00e1rk\u00e1khoz is KOMPATIBILIS ezekbe is be\u00e9p\u00edthet\u0151, beszerelhet\u0151 k\u00ednai alkatr\u00e9sz!<\/p>\n<p>k\u00ednai gyerek quad alkatr\u00e9sz.<\/p>\n<p><a href=\"https:\/\/quadalkatreszek.com\/en\/product-category\/quad-esdirt-bike-elktronika\/\">Tov\u00e1bbi quad cdi gy\u00fajt\u00e1s elektronik\u00e1k a linken<\/a><\/p>\n<p>A n\u00e1lunk a rendelt alkatr\u00e9szeket nagyon kedvez\u0151 \u00e1ron 24-48 \u00f3r\u00e1n bel\u00fcl eljuttatjuk a c\u00edmedre,<br \/>\nde telephellyel is rendelkez\u00fcnk \u00edgy szem\u00e9lyesen is megv\u00e1s\u00e1rolhat\u00f3k term\u00e9keink, a budapesti rakt\u00e1runkba.<br \/>\nHa v\u00e9letlen\u00fcl rossz m\u00e9ret\u0171 alkatr\u00e9szt rendelsz, n\u00e1lunk 30 napig visszak\u00fcldheted \u00e9s visszaadjuk az \u00e1r\u00e1t, vagy lev\u00e1s\u00e1rolhatod.<\/p>\n<p>c62c<\/p>\n<p>, 0<br \/>\n&#8211; &#8211; &#8211;<br \/>\n<!--kkod_start--><\/p>\n<div class=\"kkod-visible\">kkod:98<\/div>\n<p><!--kkod_end--><\/p>","protected":false},"excerpt":{"rendered":"<p>50-110-125ccm gy\u00fajt\u00e1selektronika (CDI) 5 vill\u00e1s.<\/p>\n<p>Kxd 008 gyerek quad cdi gy\u00fajt\u00e1selektronika (gy\u00e1ri alkatr\u00e9sz)<br \/>\n\/quad alkatr\u00e9sz<\/p>","protected":false},"featured_media":31655,"comment_status":"open","ping_status":"closed","template":"","meta":[],"product_brand":[],"product_cat":[95,57],"product_tag":[],"class_list":{"0":"post-31654","1":"product","2":"type-product","3":"status-publish","4":"has-post-thumbnail","6":"product_cat-akcios-termekek","7":"product_cat-gyujtaselektronika","9":"first","10":"instock","11":"sale","12":"shipping-taxable","13":"purchasable","14":"product-type-simple"},"yoast_head":"<!-- This site is optimized with the Yoast SEO plugin v27.5 - https:\/\/yoast.com\/product\/yoast-seo-wordpress\/ -->\n<title>Gyerek quad cdi Kxd 008 125ccm gy\u00fajt\u00e1selektronika (gy\u00e1ri) -<\/title>\n<meta name=\"description\" content=\"Gyerek quad cdi 50-110-125ccm Kxd 001, Kxd 004, Kxd 006, Kxd 008, highper , barton quadokhoz \u00e9s dirt bike -ok hoz is! A legjobb 1890 Ft \u00e1ron azonnali sz\u00e1ll\u00edt\u00e1s!\" \/>\n<meta name=\"robots\" content=\"index, follow, max-snippet:-1, max-image-preview:large, max-video-preview:-1\" \/>\n<link rel=\"canonical\" href=\"https:\/\/quadalkatreszek.com\/en\/product\/gyerek-quad-cdi-kxd-008-125ccm-gyujtaselektronika-gyari\/\" \/>\n<meta property=\"og:locale\" content=\"en_US\" \/>\n<meta property=\"og:type\" content=\"article\" \/>\n<meta property=\"og:title\" content=\"Gyerek quad cdi Kxd 008 125ccm gy\u00fajt\u00e1selektronika (gy\u00e1ri) -\" \/>\n<meta property=\"og:description\" content=\"Gyerek quad cdi 50-110-125ccm Kxd 001, Kxd 004, Kxd 006, Kxd 008, highper , barton quadokhoz \u00e9s dirt bike -ok hoz is! A legjobb 1890 Ft \u00e1ron azonnali sz\u00e1ll\u00edt\u00e1s!\" \/>\n<meta property=\"og:url\" content=\"https:\/\/quadalkatreszek.com\/en\/product\/gyerek-quad-cdi-kxd-008-125ccm-gyujtaselektronika-gyari\/\" \/>\n<meta property=\"og:site_name\" content=\"quadalkatreszek.com\" \/>\n<meta property=\"article:modified_time\" content=\"2026-03-30T16:50:57+00:00\" \/>\n<meta property=\"og:image\" content=\"https:\/\/quadalkatreszek.com\/wp-content\/uploads\/2023\/01\/cq1510.jpg\" \/>\n\t<meta property=\"og:image:width\" content=\"595\" \/>\n\t<meta property=\"og:image:height\" content=\"503\" \/>\n\t<meta property=\"og:image:type\" content=\"image\/jpeg\" \/>\n<meta name=\"twitter:card\" content=\"summary_large_image\" \/>\n<meta name=\"twitter:label1\" content=\"Est. reading time\" \/>\n\t<meta name=\"twitter:data1\" content=\"1 minute\" \/>\n<script type=\"application\/ld+json\" class=\"yoast-schema-graph\">{\"@context\":\"https:\\\/\\\/schema.org\",\"@graph\":[{\"@type\":\"WebPage\",\"@id\":\"https:\\\/\\\/quadalkatreszek.com\\\/product\\\/gyerek-quad-cdi-kxd-008-125ccm-gyujtaselektronika-gyari\\\/\",\"url\":\"https:\\\/\\\/quadalkatreszek.com\\\/product\\\/gyerek-quad-cdi-kxd-008-125ccm-gyujtaselektronika-gyari\\\/\",\"name\":\"Gyerek quad cdi Kxd 008 125ccm gy\u00fajt\u00e1selektronika (gy\u00e1ri) -\",\"isPartOf\":{\"@id\":\"https:\\\/\\\/quadalkatreszek.com\\\/#website\"},\"primaryImageOfPage\":{\"@id\":\"https:\\\/\\\/quadalkatreszek.com\\\/product\\\/gyerek-quad-cdi-kxd-008-125ccm-gyujtaselektronika-gyari\\\/#primaryimage\"},\"image\":{\"@id\":\"https:\\\/\\\/quadalkatreszek.com\\\/product\\\/gyerek-quad-cdi-kxd-008-125ccm-gyujtaselektronika-gyari\\\/#primaryimage\"},\"thumbnailUrl\":\"https:\\\/\\\/quadalkatreszek.com\\\/wp-content\\\/uploads\\\/2023\\\/01\\\/cq1510.jpg\",\"datePublished\":\"2023-01-10T10:37:10+00:00\",\"dateModified\":\"2026-03-30T16:50:57+00:00\",\"description\":\"Gyerek quad cdi 50-110-125ccm Kxd 001, Kxd 004, Kxd 006, Kxd 008, highper , barton quadokhoz \u00e9s dirt bike -ok hoz is! A legjobb 1890 Ft \u00e1ron azonnali sz\u00e1ll\u00edt\u00e1s!\",\"breadcrumb\":{\"@id\":\"https:\\\/\\\/quadalkatreszek.com\\\/product\\\/gyerek-quad-cdi-kxd-008-125ccm-gyujtaselektronika-gyari\\\/#breadcrumb\"},\"inLanguage\":\"en-US\",\"potentialAction\":[{\"@type\":\"ReadAction\",\"target\":[\"https:\\\/\\\/quadalkatreszek.com\\\/product\\\/gyerek-quad-cdi-kxd-008-125ccm-gyujtaselektronika-gyari\\\/\"]}]},{\"@type\":\"ImageObject\",\"inLanguage\":\"en-US\",\"@id\":\"https:\\\/\\\/quadalkatreszek.com\\\/product\\\/gyerek-quad-cdi-kxd-008-125ccm-gyujtaselektronika-gyari\\\/#primaryimage\",\"url\":\"https:\\\/\\\/quadalkatreszek.com\\\/wp-content\\\/uploads\\\/2023\\\/01\\\/cq1510.jpg\",\"contentUrl\":\"https:\\\/\\\/quadalkatreszek.com\\\/wp-content\\\/uploads\\\/2023\\\/01\\\/cq1510.jpg\",\"width\":595,\"height\":503,\"caption\":\"Kxd 008 125ccm gyerek quad cdi gy\u00fajt\u00e1selektronika (gy\u00e1ri)\"},{\"@type\":\"BreadcrumbList\",\"@id\":\"https:\\\/\\\/quadalkatreszek.com\\\/product\\\/gyerek-quad-cdi-kxd-008-125ccm-gyujtaselektronika-gyari\\\/#breadcrumb\",\"itemListElement\":[{\"@type\":\"ListItem\",\"position\":1,\"name\":\"Kezd\u0151lap\",\"item\":\"https:\\\/\\\/quadalkatreszek.com\\\/\"},{\"@type\":\"ListItem\",\"position\":2,\"name\":\"Shop\",\"item\":\"https:\\\/\\\/quadalkatreszek.com\\\/shop\\\/\"},{\"@type\":\"ListItem\",\"position\":3,\"name\":\"Gyerek quad cdi Kxd 008 125ccm gy\u00fajt\u00e1selektronika (gy\u00e1ri)\"}]},{\"@type\":\"WebSite\",\"@id\":\"https:\\\/\\\/quadalkatreszek.com\\\/#website\",\"url\":\"https:\\\/\\\/quadalkatreszek.com\\\/\",\"name\":\"quadalkatreszek.com\",\"description\":\"alkatr\u00e9szek - azonnal - rakt\u00e1rr\u00f3l\",\"publisher\":{\"@id\":\"https:\\\/\\\/quadalkatreszek.com\\\/#organization\"},\"potentialAction\":[{\"@type\":\"SearchAction\",\"target\":{\"@type\":\"EntryPoint\",\"urlTemplate\":\"https:\\\/\\\/quadalkatreszek.com\\\/?s={search_term_string}\"},\"query-input\":{\"@type\":\"PropertyValueSpecification\",\"valueRequired\":true,\"valueName\":\"search_term_string\"}}],\"inLanguage\":\"en-US\"},{\"@type\":\"Organization\",\"@id\":\"https:\\\/\\\/quadalkatreszek.com\\\/#organization\",\"name\":\"quadalkatreszek.com\",\"url\":\"https:\\\/\\\/quadalkatreszek.com\\\/\",\"logo\":{\"@type\":\"ImageObject\",\"inLanguage\":\"en-US\",\"@id\":\"https:\\\/\\\/quadalkatreszek.com\\\/#\\\/schema\\\/logo\\\/image\\\/\",\"url\":\"https:\\\/\\\/quadalkatreszek.com\\\/wp-content\\\/uploads\\\/2023\\\/01\\\/korlogo-2.png\",\"contentUrl\":\"https:\\\/\\\/quadalkatreszek.com\\\/wp-content\\\/uploads\\\/2023\\\/01\\\/korlogo-2.png\",\"width\":866,\"height\":866,\"caption\":\"quadalkatreszek.com\"},\"image\":{\"@id\":\"https:\\\/\\\/quadalkatreszek.com\\\/#\\\/schema\\\/logo\\\/image\\\/\"}}]}<\/script>\n<!-- \/ Yoast SEO plugin. -->","yoast_head_json":{"title":"Gyerek quad cdi Kxd 008 125ccm gy\u00fajt\u00e1selektronika (gy\u00e1ri) -","description":"Gyerek quad cdi 50-110-125ccm Kxd 001, Kxd 004, Kxd 006, Kxd 008, highper , barton quadokhoz \u00e9s dirt bike -ok hoz is! A legjobb 1890 Ft \u00e1ron azonnali sz\u00e1ll\u00edt\u00e1s!","robots":{"index":"index","follow":"follow","max-snippet":"max-snippet:-1","max-image-preview":"max-image-preview:large","max-video-preview":"max-video-preview:-1"},"canonical":"https:\/\/quadalkatreszek.com\/en\/product\/gyerek-quad-cdi-kxd-008-125ccm-gyujtaselektronika-gyari\/","og_locale":"en_US","og_type":"article","og_title":"Gyerek quad cdi Kxd 008 125ccm gy\u00fajt\u00e1selektronika (gy\u00e1ri) -","og_description":"Gyerek quad cdi 50-110-125ccm Kxd 001, Kxd 004, Kxd 006, Kxd 008, highper , barton quadokhoz \u00e9s dirt bike -ok hoz is! A legjobb 1890 Ft \u00e1ron azonnali sz\u00e1ll\u00edt\u00e1s!","og_url":"https:\/\/quadalkatreszek.com\/en\/product\/gyerek-quad-cdi-kxd-008-125ccm-gyujtaselektronika-gyari\/","og_site_name":"quadalkatreszek.com","article_modified_time":"2026-03-30T16:50:57+00:00","og_image":[{"width":595,"height":503,"url":"https:\/\/quadalkatreszek.com\/wp-content\/uploads\/2023\/01\/cq1510.jpg","type":"image\/jpeg"}],"twitter_card":"summary_large_image","twitter_misc":{"Est. reading time":"1 minute"},"schema":{"@context":"https:\/\/schema.org","@graph":[{"@type":"WebPage","@id":"https:\/\/quadalkatreszek.com\/product\/gyerek-quad-cdi-kxd-008-125ccm-gyujtaselektronika-gyari\/","url":"https:\/\/quadalkatreszek.com\/product\/gyerek-quad-cdi-kxd-008-125ccm-gyujtaselektronika-gyari\/","name":"Gyerek quad cdi Kxd 008 125ccm gy\u00fajt\u00e1selektronika (gy\u00e1ri) -","isPartOf":{"@id":"https:\/\/quadalkatreszek.com\/#website"},"primaryImageOfPage":{"@id":"https:\/\/quadalkatreszek.com\/product\/gyerek-quad-cdi-kxd-008-125ccm-gyujtaselektronika-gyari\/#primaryimage"},"image":{"@id":"https:\/\/quadalkatreszek.com\/product\/gyerek-quad-cdi-kxd-008-125ccm-gyujtaselektronika-gyari\/#primaryimage"},"thumbnailUrl":"https:\/\/quadalkatreszek.com\/wp-content\/uploads\/2023\/01\/cq1510.jpg","datePublished":"2023-01-10T10:37:10+00:00","dateModified":"2026-03-30T16:50:57+00:00","description":"Gyerek quad cdi 50-110-125ccm Kxd 001, Kxd 004, Kxd 006, Kxd 008, highper , barton quadokhoz \u00e9s dirt bike -ok hoz is! A legjobb 1890 Ft \u00e1ron azonnali sz\u00e1ll\u00edt\u00e1s!","breadcrumb":{"@id":"https:\/\/quadalkatreszek.com\/product\/gyerek-quad-cdi-kxd-008-125ccm-gyujtaselektronika-gyari\/#breadcrumb"},"inLanguage":"en-US","potentialAction":[{"@type":"ReadAction","target":["https:\/\/quadalkatreszek.com\/product\/gyerek-quad-cdi-kxd-008-125ccm-gyujtaselektronika-gyari\/"]}]},{"@type":"ImageObject","inLanguage":"en-US","@id":"https:\/\/quadalkatreszek.com\/product\/gyerek-quad-cdi-kxd-008-125ccm-gyujtaselektronika-gyari\/#primaryimage","url":"https:\/\/quadalkatreszek.com\/wp-content\/uploads\/2023\/01\/cq1510.jpg","contentUrl":"https:\/\/quadalkatreszek.com\/wp-content\/uploads\/2023\/01\/cq1510.jpg","width":595,"height":503,"caption":"Kxd 008 125ccm gyerek quad cdi gy\u00fajt\u00e1selektronika (gy\u00e1ri)"},{"@type":"BreadcrumbList","@id":"https:\/\/quadalkatreszek.com\/product\/gyerek-quad-cdi-kxd-008-125ccm-gyujtaselektronika-gyari\/#breadcrumb","itemListElement":[{"@type":"ListItem","position":1,"name":"Kezd\u0151lap","item":"https:\/\/quadalkatreszek.com\/"},{"@type":"ListItem","position":2,"name":"Shop","item":"https:\/\/quadalkatreszek.com\/shop\/"},{"@type":"ListItem","position":3,"name":"Gyerek quad cdi Kxd 008 125ccm gy\u00fajt\u00e1selektronika (gy\u00e1ri)"}]},{"@type":"WebSite","@id":"https:\/\/quadalkatreszek.com\/#website","url":"https:\/\/quadalkatreszek.com\/","name":"quadalkatreszek.com","description":"alkatr\u00e9szek - azonnal - rakt\u00e1rr\u00f3l","publisher":{"@id":"https:\/\/quadalkatreszek.com\/#organization"},"potentialAction":[{"@type":"SearchAction","target":{"@type":"EntryPoint","urlTemplate":"https:\/\/quadalkatreszek.com\/?s={search_term_string}"},"query-input":{"@type":"PropertyValueSpecification","valueRequired":true,"valueName":"search_term_string"}}],"inLanguage":"en-US"},{"@type":"Organization","@id":"https:\/\/quadalkatreszek.com\/#organization","name":"quadalkatreszek.com","url":"https:\/\/quadalkatreszek.com\/","logo":{"@type":"ImageObject","inLanguage":"en-US","@id":"https:\/\/quadalkatreszek.com\/#\/schema\/logo\/image\/","url":"https:\/\/quadalkatreszek.com\/wp-content\/uploads\/2023\/01\/korlogo-2.png","contentUrl":"https:\/\/quadalkatreszek.com\/wp-content\/uploads\/2023\/01\/korlogo-2.png","width":866,"height":866,"caption":"quadalkatreszek.com"},"image":{"@id":"https:\/\/quadalkatreszek.com\/#\/schema\/logo\/image\/"}}]}},"_links":{"self":[{"href":"https:\/\/quadalkatreszek.com\/en\/wp-json\/wp\/v2\/product\/31654","targetHints":{"allow":["GET"]}}],"collection":[{"href":"https:\/\/quadalkatreszek.com\/en\/wp-json\/wp\/v2\/product"}],"about":[{"href":"https:\/\/quadalkatreszek.com\/en\/wp-json\/wp\/v2\/types\/product"}],"replies":[{"embeddable":true,"href":"https:\/\/quadalkatreszek.com\/en\/wp-json\/wp\/v2\/comments?post=31654"}],"wp:featuredmedia":[{"embeddable":true,"href":"https:\/\/quadalkatreszek.com\/en\/wp-json\/wp\/v2\/media\/31655"}],"wp:attachment":[{"href":"https:\/\/quadalkatreszek.com\/en\/wp-json\/wp\/v2\/media?parent=31654"}],"wp:term":[{"taxonomy":"product_brand","embeddable":true,"href":"https:\/\/quadalkatreszek.com\/en\/wp-json\/wp\/v2\/product_brand?post=31654"},{"taxonomy":"product_cat","embeddable":true,"href":"https:\/\/quadalkatreszek.com\/en\/wp-json\/wp\/v2\/product_cat?post=31654"},{"taxonomy":"product_tag","embeddable":true,"href":"https:\/\/quadalkatreszek.com\/en\/wp-json\/wp\/v2\/product_tag?post=31654"}],"curies":[{"name":"wp","href":"https:\/\/api.w.org\/{rel}","templated":true}]}}